{"id":1268,"date":"2025-05-28T06:33:12","date_gmt":"2025-05-28T06:33:12","guid":{"rendered":"https:\/\/lekarzeopole.pl\/wordpress\/?post_type=product&#038;p=1268"},"modified":"2025-05-28T06:33:13","modified_gmt":"2025-05-28T06:33:13","slug":"cellufini-cream","status":"publish","type":"product","link":"https:\/\/lekarzeopole.pl\/wordpress\/product\/cellufini-cream\/","title":{"rendered":"Cellufini cream"},"content":{"rendered":"<p data-start=\"226\" data-end=\"800\">Cellulit to problem, kt\u00f3ry dotyka coraz wi\u0119cej os\u00f3b, niezale\u017cnie od wieku czy sylwetki. Wsp\u00f3\u0142czesny tryb \u017cycia, stres, z\u0142a dieta oraz brak aktywno\u015bci fizycznej sprzyjaj\u0105 powstawaniu tzw. \u201esk\u00f3rki pomara\u0144czowej\u201d. Rozwi\u0105zaniem, po kt\u00f3re warto si\u0119gn\u0105\u0107, jest <strong data-start=\"480\" data-end=\"493\">Cellufini<\/strong> \u2013 krem antycellulitowy oparty na sile naturalnych sk\u0142adnik\u00f3w. Dzi\u0119ki innowacyjnej formule i kompleksowemu dzia\u0142aniu, Cellufini pomaga odzyska\u0107 g\u0142adk\u0105, j\u0119drn\u0105 i elastyczn\u0105 sk\u00f3r\u0119. Sprawd\u017a, dlaczego Cellufini to niezawodna pomoc w walce z cellulitem i jak dzia\u0142aj\u0105 jego starannie dobrane, naturalne sk\u0142adniki.<\/p>\n<hr data-start=\"802\" data-end=\"805\" \/>\n<h2 data-start=\"807\" data-end=\"844\">Wskazania do stosowania Cellufini<\/h2>\n<p data-start=\"846\" data-end=\"1022\">Krem Cellufini przeznaczony jest dla wszystkich os\u00f3b, kt\u00f3re zauwa\u017cy\u0142y na swojej sk\u00f3rze nieestetyczne zmiany charakterystyczne dla cellulitu. Preparat polecany jest szczeg\u00f3lnie:<\/p>\n<ul data-start=\"1024\" data-end=\"1384\">\n<li data-start=\"1024\" data-end=\"1116\">\n<p data-start=\"1026\" data-end=\"1116\">Osobom z widocznymi grudkami i nier\u00f3wno\u015bciami na udach, po\u015bladkach, brzuchu czy ramionach,<\/p>\n<\/li>\n<li data-start=\"1117\" data-end=\"1187\">\n<p data-start=\"1119\" data-end=\"1187\">Kobietom po ci\u0105\u017cy, u kt\u00f3rych sk\u00f3ra wymaga regeneracji i uj\u0119drnienia,<\/p>\n<\/li>\n<li data-start=\"1188\" data-end=\"1259\">\n<p data-start=\"1190\" data-end=\"1259\">Osobom prowadz\u0105cym siedz\u0105cy tryb \u017cycia, z zaburzeniami mikrokr\u0105\u017cenia,<\/p>\n<\/li>\n<li data-start=\"1260\" data-end=\"1326\">\n<p data-start=\"1262\" data-end=\"1326\">Tym, kt\u00f3rzy chc\u0105 profilaktycznie dba\u0107 o kondycj\u0119 i wygl\u0105d sk\u00f3ry,<\/p>\n<\/li>\n<li data-start=\"1327\" data-end=\"1384\">\n<p data-start=\"1329\" data-end=\"1384\">Ka\u017cdemu, kto ceni skuteczn\u0105, ale naturaln\u0105 piel\u0119gnacj\u0119.<\/p>\n<\/li>\n<\/ul>\n<p data-start=\"1386\" data-end=\"1526\">Cellufini mo\u017cna stosowa\u0107 na ka\u017cdym etapie zaawansowania cellulitu \u2013 zar\u00f3wno wtedy, gdy zmiany s\u0105 niewielkie, jak i przy widocznych objawach.<\/p>\n<hr data-start=\"1528\" data-end=\"1531\" \/>\n<h2 data-start=\"1533\" data-end=\"1575\">Sk\u0142ad i dzia\u0142anie sk\u0142adnik\u00f3w Cellufini<\/h2>\n<p data-start=\"1577\" data-end=\"1653\">Najwi\u0119ksz\u0105 si\u0142\u0105 Cellufini s\u0105 naturalne komponenty o potwierdzonym dzia\u0142aniu:<\/p>\n<ol>\n<li data-start=\"1655\" data-end=\"1891\"><strong data-start=\"1655\" data-end=\"1676\">Ekstrakt z je\u017cyny<\/strong> \u2013 Ten bogaty w antyoksydanty sk\u0142adnik wspomaga regeneracj\u0119 sk\u00f3ry, chroni przed dzia\u0142aniem wolnych rodnik\u00f3w i poprawia mikrokr\u0105\u017cenie. Dzi\u0119ki temu sk\u00f3ra staje si\u0119 bardziej od\u017cywiona, napi\u0119ta i zyskuje zdrowy koloryt.<\/li>\n<li data-start=\"1893\" data-end=\"2156\"><strong data-start=\"1893\" data-end=\"1928\">Hydrolizowane proteiny ro\u015blinne<\/strong> \u2013 Ich zadaniem jest odbudowa i wzmocnienie struktury sk\u00f3ry. Dzia\u0142aj\u0105 od wewn\u0105trz, uelastyczniaj\u0105 i wyg\u0142adzaj\u0105 powierzchni\u0119 cia\u0142a. Regularne stosowanie kremu z proteinami ro\u015blinnymi sprawia, \u017ce cellulit staje si\u0119 mniej widoczny.<\/li>\n<li data-start=\"2158\" data-end=\"2371\"><strong data-start=\"2158\" data-end=\"2185\">Gliceryna i propanediol<\/strong> \u2013 Te substancje intensywnie nawil\u017caj\u0105, zabezpieczaj\u0105c sk\u00f3r\u0119 przed przesuszeniem i utrat\u0105 wody. Sprawiaj\u0105, \u017ce jest ona bardziej mi\u0119kka, g\u0142adka i odporna na negatywne czynniki zewn\u0119trzne.<\/li>\n<li data-start=\"2373\" data-end=\"2602\"><strong data-start=\"2373\" data-end=\"2396\">Naturalne emolienty<\/strong> \u2013 Odpowiadaj\u0105 za tworzenie delikatnej bariery ochronnej. Sk\u00f3ra po zastosowaniu kremu jest aksamitna w dotyku, wyg\u0142adzona i mi\u0119kka. Emolienty wspomagaj\u0105 tak\u017ce lepsze wch\u0142anianie innych sk\u0142adnik\u00f3w aktywnych.<\/li>\n<\/ol>\n<p style=\"text-align: center;\"><a href=\"https:\/\/tl-track.com\/tracker\/v2cy\"><button>www.cellufini.pl<\/button><\/a><\/p>\n<hr data-start=\"2604\" data-end=\"2607\" \/>\n<h2 data-start=\"2609\" data-end=\"2651\">Efekty Cellufini i ich charakterystyka<\/h2>\n<p data-start=\"2653\" data-end=\"2849\">Stosowanie kremu Cellufini daje szybkie i zauwa\u017calne rezultaty. Ju\u017c po kilku dniach sk\u00f3ra staje si\u0119 wyra\u017anie g\u0142adsza i bardziej napi\u0119ta. Regularne masowanie miejsc obj\u0119tych cellulitem prowadzi do:<\/p>\n<ul data-start=\"2851\" data-end=\"3142\">\n<li data-start=\"2851\" data-end=\"2901\">\n<p data-start=\"2853\" data-end=\"2901\">Zmniejszenia widoczno\u015bci \u201esk\u00f3rki pomara\u0144czowej\u201d,<\/p>\n<\/li>\n<li data-start=\"2902\" data-end=\"2944\">\n<p data-start=\"2904\" data-end=\"2944\">Poprawy j\u0119drno\u015bci i elastyczno\u015bci sk\u00f3ry,<\/p>\n<\/li>\n<li data-start=\"2945\" data-end=\"2971\">\n<p data-start=\"2947\" data-end=\"2971\">Wyg\u0142adzenia nier\u00f3wno\u015bci,<\/p>\n<\/li>\n<li data-start=\"2972\" data-end=\"3012\">\n<p data-start=\"2974\" data-end=\"3012\">Intensywnego nawil\u017cenia i zmi\u0119kczenia,<\/p>\n<\/li>\n<li data-start=\"3013\" data-end=\"3083\">\n<p data-start=\"3015\" data-end=\"3083\">Poprawy mikrokr\u0105\u017cenia, co wp\u0142ywa na lepsze od\u017cywienie kom\u00f3rek sk\u00f3ry,<\/p>\n<\/li>\n<li data-start=\"3084\" data-end=\"3142\">\n<p data-start=\"3086\" data-end=\"3142\">D\u0142ugotrwa\u0142ego uczucia komfortu i luksusowego nawil\u017cenia.<\/p>\n<\/li>\n<\/ul>\n<p data-start=\"3144\" data-end=\"3258\">Aplikacja kremu to tylko kilka minut dziennie, kt\u00f3re mog\u0105 prze\u0142o\u017cy\u0107 si\u0119 na efekt, kt\u00f3ry pozostanie z Tob\u0105 na lata.<\/p>\n<hr data-start=\"3260\" data-end=\"3263\" \/>\n<h2 data-start=\"3265\" data-end=\"3292\">Jak stosowa\u0107 Cellufini?<\/h2>\n<p data-start=\"3294\" data-end=\"3362\">Aby uzyska\u0107 najlepsze rezultaty, stosuj si\u0119 do kilku prostych zasad:<\/p>\n<ol data-start=\"3364\" data-end=\"3819\">\n<li data-start=\"3364\" data-end=\"3517\">\n<p data-start=\"3367\" data-end=\"3517\"><strong data-start=\"3367\" data-end=\"3386\">Przygotuj sk\u00f3r\u0119<\/strong> \u2013 Nak\u0142adaj krem na czyst\u0105, such\u0105 sk\u00f3r\u0119, najlepiej zaraz po k\u0105pieli, gdy pory s\u0105 otwarte i sk\u0142adniki aktywne lepiej si\u0119 wch\u0142aniaj\u0105.<\/p>\n<\/li>\n<li data-start=\"3518\" data-end=\"3696\">\n<p data-start=\"3521\" data-end=\"3696\"><strong data-start=\"3521\" data-end=\"3542\">Masuj odpowiednio<\/strong> \u2013 Wmasowuj krem kolistymi ruchami, koncentruj\u0105c si\u0119 na miejscach dotkni\u0119tych cellulitem. Masa\u017c pobudza kr\u0105\u017cenie i wspiera dzia\u0142anie sk\u0142adnik\u00f3w aktywnych.<\/p>\n<\/li>\n<li data-start=\"3697\" data-end=\"3819\">\n<p data-start=\"3700\" data-end=\"3819\"><strong data-start=\"3700\" data-end=\"3722\">Ciesz si\u0119 efektami<\/strong> \u2013 Ciesz si\u0119 jedwabi\u015bcie g\u0142adk\u0105, spr\u0119\u017cyst\u0105 sk\u00f3r\u0105 i poczuciem luksusowego nawil\u017cenia ka\u017cdego dnia.<\/p>\n<\/li>\n<\/ol>\n<hr data-start=\"3821\" data-end=\"3824\" \/>\n<h2 data-start=\"3826\" data-end=\"3854\">Ryzyko skutk\u00f3w ubocznych<\/h2>\n<p data-start=\"3856\" data-end=\"4270\">Cellufini to krem oparty wy\u0142\u0105cznie na naturalnych, starannie dobranych sk\u0142adnikach. Dzi\u0119ki temu ryzyko wyst\u0105pienia skutk\u00f3w ubocznych jest minimalne. Preparat nie zawiera sztucznych barwnik\u00f3w, paraben\u00f3w ani substancji dra\u017cni\u0105cych. Jest odpowiedni nawet dla os\u00f3b z wra\u017cliw\u0105 sk\u00f3r\u0105. Przed pierwszym u\u017cyciem warto jednak wykona\u0107 test uczuleniowy na niewielkim fragmencie sk\u00f3ry, aby wykluczy\u0107 indywidualn\u0105 nadwra\u017cliwo\u015b\u0107.<\/p>\n<p data-start=\"4295\" data-end=\"4533\">Cellufini to niezawodna pomoc w walce z cellulitem, \u0142\u0105cz\u0105ca skuteczno\u015b\u0107 naturalnych sk\u0142adnik\u00f3w i komfort codziennego stosowania. Wypr\u00f3buj ju\u017c dzi\u015b i przekonaj si\u0119, jak wiele mo\u017cesz zyska\u0107, wybieraj\u0105c \u015bwiadom\u0105, naturaln\u0105 piel\u0119gnacj\u0119 sk\u00f3ry!<\/p>\n<h2 data-start=\"115\" data-end=\"171\">Opinie klient\u00f3w o Cellufini: fora po\u015bwi\u0119cone zdrowiu<\/h2>\n<p data-start=\"173\" data-end=\"773\">W ostatnich miesi\u0105cach na polskich forach internetowych po\u015bwi\u0119conych zdrowiu i urodzie coraz cz\u0119\u015bciej pojawiaj\u0105 si\u0119 w\u0105tki dotycz\u0105ce kremu Cellufini. Popularno\u015b\u0107 tego produktu ro\u015bnie w\u015br\u00f3d os\u00f3b walcz\u0105cych z cellulitem, co przek\u0142ada si\u0119 na liczne recenzje i dzielenie si\u0119 do\u015bwiadczeniami na forach tematycznych, takich jak Vitalia, ForumZdrowia czy Wiza\u017c. Wi\u0119kszo\u015b\u0107 u\u017cytkownik\u00f3w podkre\u015bla skuteczno\u015b\u0107 kremu oraz jego przyst\u0119pn\u0105 cen\u0119. Internauci ceni\u0105 tak\u017ce fakt, \u017ce Cellufini opiera si\u0119 na naturalnych sk\u0142adnikach i jest \u0142atwo dost\u0119pny bez recepty. Poni\u017cej prezentujemy przyk\u0142adowe opinie u\u017cytkownik\u00f3w:<\/p>\n<ol>\n<li data-start=\"775\" data-end=\"1069\"><strong data-start=\"775\" data-end=\"803\">Monika, 34 lata, Krak\u00f3w:<\/strong><br data-start=\"803\" data-end=\"806\" \/>\u201eOd lat szuka\u0142am skutecznego kremu na cellulit, ale wi\u0119kszo\u015b\u0107 produkt\u00f3w nie spe\u0142nia\u0142a moich oczekiwa\u0144. Cellufini zaskoczy\u0142 mnie bardzo pozytywnie \u2013 sk\u00f3ra jest g\u0142adsza, bardziej j\u0119drna, a efekty zauwa\u017cy\u0142am ju\u017c po kilku tygodniach. Ogromny plus za naturalny sk\u0142ad!\u201d<\/li>\n<li data-start=\"1071\" data-end=\"1405\"><strong data-start=\"1071\" data-end=\"1099\">Kasia, 28 lat, Warszawa:<\/strong><br data-start=\"1099\" data-end=\"1102\" \/>\u201eCellufini poleci\u0142a mi kole\u017canka z pracy. Krem \u0142atwo si\u0119 rozprowadza, szybko wch\u0142ania i pozostawia uczucie nawil\u017cenia na ca\u0142y dzie\u0144. Dla mnie du\u017c\u0105 zalet\u0105 jest mo\u017cliwo\u015b\u0107 zam\u00f3wienia przez internet i p\u0142atno\u015bci przy odbiorze. Polecam ka\u017cdemu, kto szuka skutecznego, a jednocze\u015bnie bezpiecznego rozwi\u0105zania.\u201d<\/li>\n<\/ol>\n<hr data-start=\"1407\" data-end=\"1410\" \/>\n<h2 data-start=\"1412\" data-end=\"1445\">Spos\u00f3b podawania i dawkowanie<\/h2>\n<p data-start=\"1447\" data-end=\"1984\">Aby uzyska\u0107 optymalne rezultaty, krem Cellufini nale\u017cy stosowa\u0107 codziennie, najlepiej po k\u0105pieli, kiedy sk\u00f3ra jest czysta i sucha. Niewielk\u0105 ilo\u015b\u0107 produktu rozprowad\u017a r\u00f3wnomiernie na problematycznych partiach cia\u0142a (uda, po\u015bladki, brzuch) i wykonaj energiczny masa\u017c kolistymi ruchami przez kilka minut, a\u017c do ca\u0142kowitego wch\u0142oni\u0119cia kremu. Stosowanie Cellufini raz lub dwa razy dziennie (rano i wieczorem) pozwala na szybsze osi\u0105gni\u0119cie widocznych efekt\u00f3w. Regularno\u015b\u0107 i dok\u0142adno\u015b\u0107 aplikacji maj\u0105 kluczowe znaczenie w walce z cellulitem.<\/p>\n<hr data-start=\"1986\" data-end=\"1989\" \/>\n<h2 data-start=\"1991\" data-end=\"2024\">Kup teraz Cellufini z dostaw\u0105<\/h2>\n<p data-start=\"2026\" data-end=\"2436\">Zakup kremu Cellufini jest wyj\u0105tkowo prosty i wygodny \u2013 ca\u0142y proces odbywa si\u0119 online, bez konieczno\u015bci wychodzenia z domu. Nie trzeba op\u0142aca\u0107 zam\u00f3wienia z g\u00f3ry, co gwarantuje bezpiecze\u0144stwo transakcji \u2013 p\u0142atno\u015b\u0107 nast\u0119puje dopiero przy odbiorze przesy\u0142ki. Dzi\u0119ki temu klient otrzymuje oryginalny produkt, bez ryzyka oszustwa czy podr\u00f3bek. Dostawa zazwyczaj trwa od 3 do 4 dni roboczych na terenie ca\u0142ej Polski.<\/p>\n<p data-start=\"2438\" data-end=\"2764\">Po z\u0142o\u017ceniu zam\u00f3wienia kontaktuje si\u0119 z Tob\u0105 telefonicznie specjalista, kt\u00f3ry potwierdzi dane do wysy\u0142ki oraz doradzi w kwestii ilo\u015bci opakowa\u0144 czy aktualnych promocji. Konsultant odpowie r\u00f3wnie\u017c na pytania dotycz\u0105ce stosowania preparatu oraz dost\u0119pnych rabat\u00f3w. To wygodne i bezpieczne rozwi\u0105zanie, kt\u00f3re ceni\u0105 sobie klienci.<\/p>\n<p style=\"text-align: center;\" data-start=\"2438\" data-end=\"2764\"><a href=\"https:\/\/tl-track.com\/tracker\/v2cy\"><button>Zakup na stronie producenta (-50%)<\/button><\/a><\/p>\n<hr data-start=\"2766\" data-end=\"2769\" \/>\n<h2 data-start=\"2771\" data-end=\"2820\">Por\u00f3wnanie ofert: ceny i dost\u0119pno\u015b\u0107 Cellufini<\/h2>\n<p data-start=\"2822\" data-end=\"3214\">Producent Cellufini stawia na przejrzysto\u015b\u0107 i dost\u0119pno\u015b\u0107 \u2013 dlatego krem mo\u017cna kupi\u0107 wy\u0142\u0105cznie na oficjalnej stronie internetowej. Eliminuje to po\u015brednik\u00f3w oraz dodatkowe mar\u017ce, gwarantuj\u0105c uczciw\u0105, atrakcyjn\u0105 cen\u0119 i pewno\u015b\u0107 zakupu oryginalnego produktu. Producent regularnie organizuje promocje oraz akcje rabatowe, dlatego warto \u015bledzi\u0107 oficjaln\u0105 stron\u0119, aby nie przegapi\u0107 korzystnych ofert.<\/p>\n<p data-start=\"3216\" data-end=\"3439\">Cellufini nie jest dost\u0119pny w stacjonarnych aptekach ani sklepach, co minimalizuje ryzyko zakupu podrabianych produkt\u00f3w. Bezpo\u015brednia sprzeda\u017c umo\u017cliwia tak\u017ce uzyskanie fachowej porady i skorzystanie z najnowszych promocji.<\/p>\n<p data-start=\"3446\" data-end=\"3845\" data-is-last-node=\"\" data-is-only-node=\"\"><strong data-start=\"3460\" data-end=\"3473\">Cellufini<\/strong> to skuteczny krem antycellulitowy, kt\u00f3ry zyska\u0142 uznanie zar\u00f3wno ekspert\u00f3w, jak i u\u017cytkownik\u00f3w na polskich forach internetowych. Naturalny sk\u0142ad, bezpiecze\u0144stwo stosowania, wygodny spos\u00f3b zamawiania i atrakcyjna cena sprawiaj\u0105, \u017ce produkt cieszy si\u0119 coraz wi\u0119ksz\u0105 popularno\u015bci\u0105. Je\u015bli marzysz o g\u0142adkiej, j\u0119drnej i zdrowo wygl\u0105daj\u0105cej sk\u00f3rze \u2013 wypr\u00f3buj Cellufini ju\u017c dzi\u015b!<\/p>\n","protected":false},"excerpt":{"rendered":"<p style=\"text-align: center;\"><a href=\"https:\/\/tl-track.com\/tracker\/v2cy\"><button>Kup teraz<\/button><\/a><\/p>\n<p>SKU: 000<span class=\"sku\">.105.139<\/span><\/p>\n<hr \/>\n<p><small>Produkt sprzedawany jest wy\u0142\u0105cznie za po\u015brednictwem oficjalnej strony producenta, id\u017a i kupuj bezpiecznie!<\/small><\/p>\n","protected":false},"featured_media":1269,"comment_status":"open","ping_status":"closed","template":"","meta":[],"product_brand":[],"product_cat":[15],"product_tag":[],"class_list":{"0":"post-1268","1":"product","2":"type-product","3":"status-publish","4":"has-post-thumbnail","6":"product_cat-supl","7":"thunk-woo-product-list","8":"opn-qv-enable","9":"top-store-woo-hover-","10":"top-store-single-product-tab-horizontal","11":"top-store-shadow-","12":"top-store-shadow-hover-","14":"first","15":"instock","16":"sale","17":"shipping-taxable","18":"purchasable","19":"product-type-simple"},"yoast_head":"<!-- This site is optimized with the Yoast SEO plugin v27.4 - https:\/\/yoast.com\/product\/yoast-seo-wordpress\/ -->\n<title>Cellufini cream - kup suplement, cena w aptece, sk\u0142ad, dzia\u0142anie<\/title>\n<meta name=\"robots\" content=\"index, follow, max-snippet:-1, max-image-preview:large, max-video-preview:-1\" \/>\n<link rel=\"canonical\" href=\"https:\/\/lekarzeopole.pl\/wordpress\/product\/cellufini-cream\/\" \/>\n<meta property=\"og:locale\" content=\"pl_PL\" \/>\n<meta property=\"og:type\" content=\"article\" \/>\n<meta property=\"og:title\" content=\"Cellufini cream - kup suplement, cena w aptece, sk\u0142ad, dzia\u0142anie\" \/>\n<meta property=\"og:description\" content=\"Kup teraz SKU: 000.105.139    Produkt sprzedawany jest wy\u0142\u0105cznie za po\u015brednictwem oficjalnej strony producenta, id\u017a i kupuj bezpiecznie!\" \/>\n<meta property=\"og:url\" content=\"https:\/\/lekarzeopole.pl\/wordpress\/product\/cellufini-cream\/\" \/>\n<meta property=\"og:site_name\" content=\"Lekarze Opole\" \/>\n<meta property=\"article:modified_time\" content=\"2025-05-28T06:33:13+00:00\" \/>\n<meta property=\"og:image\" content=\"https:\/\/lekarzeopole.pl\/wordpress\/wp-content\/uploads\/2025\/05\/cellufini-cream.jpg\" \/>\n\t<meta property=\"og:image:width\" content=\"2560\" \/>\n\t<meta property=\"og:image:height\" content=\"2048\" \/>\n\t<meta property=\"og:image:type\" content=\"image\/jpeg\" \/>\n<meta name=\"twitter:card\" content=\"summary_large_image\" \/>\n<meta name=\"twitter:label1\" content=\"Szacowany czas czytania\" \/>\n\t<meta name=\"twitter:data1\" content=\"7 minut\" \/>\n<script type=\"application\/ld+json\" class=\"yoast-schema-graph\">{\"@context\":\"https:\\\/\\\/schema.org\",\"@graph\":[{\"@type\":\"WebPage\",\"@id\":\"https:\\\/\\\/lekarzeopole.pl\\\/wordpress\\\/product\\\/cellufini-cream\\\/\",\"url\":\"https:\\\/\\\/lekarzeopole.pl\\\/wordpress\\\/product\\\/cellufini-cream\\\/\",\"name\":\"Cellufini cream - kup suplement, cena w aptece, sk\u0142ad, dzia\u0142anie\",\"isPartOf\":{\"@id\":\"https:\\\/\\\/lekarzeopole.pl\\\/wordpress\\\/#website\"},\"primaryImageOfPage\":{\"@id\":\"https:\\\/\\\/lekarzeopole.pl\\\/wordpress\\\/product\\\/cellufini-cream\\\/#primaryimage\"},\"image\":{\"@id\":\"https:\\\/\\\/lekarzeopole.pl\\\/wordpress\\\/product\\\/cellufini-cream\\\/#primaryimage\"},\"thumbnailUrl\":\"https:\\\/\\\/lekarzeopole.pl\\\/wordpress\\\/wp-content\\\/uploads\\\/2025\\\/05\\\/cellufini-cream.jpg\",\"datePublished\":\"2025-05-28T06:33:12+00:00\",\"dateModified\":\"2025-05-28T06:33:13+00:00\",\"breadcrumb\":{\"@id\":\"https:\\\/\\\/lekarzeopole.pl\\\/wordpress\\\/product\\\/cellufini-cream\\\/#breadcrumb\"},\"inLanguage\":\"pl-PL\",\"potentialAction\":[{\"@type\":\"ReadAction\",\"target\":[\"https:\\\/\\\/lekarzeopole.pl\\\/wordpress\\\/product\\\/cellufini-cream\\\/\"]}]},{\"@type\":\"ImageObject\",\"inLanguage\":\"pl-PL\",\"@id\":\"https:\\\/\\\/lekarzeopole.pl\\\/wordpress\\\/product\\\/cellufini-cream\\\/#primaryimage\",\"url\":\"https:\\\/\\\/lekarzeopole.pl\\\/wordpress\\\/wp-content\\\/uploads\\\/2025\\\/05\\\/cellufini-cream.jpg\",\"contentUrl\":\"https:\\\/\\\/lekarzeopole.pl\\\/wordpress\\\/wp-content\\\/uploads\\\/2025\\\/05\\\/cellufini-cream.jpg\",\"width\":2560,\"height\":2048,\"caption\":\"Cellufini cream\"},{\"@type\":\"BreadcrumbList\",\"@id\":\"https:\\\/\\\/lekarzeopole.pl\\\/wordpress\\\/product\\\/cellufini-cream\\\/#breadcrumb\",\"itemListElement\":[{\"@type\":\"ListItem\",\"position\":1,\"name\":\"\u0413\u043b\u0430\u0432\u043d\u0430\u044f \u0441\u0442\u0440\u0430\u043d\u0438\u0446\u0430\",\"item\":\"https:\\\/\\\/lekarzeopole.pl\\\/wordpress\\\/\"},{\"@type\":\"ListItem\",\"position\":2,\"name\":\"Zakup\",\"item\":\"https:\\\/\\\/lekarzeopole.pl\\\/wordpress\\\/\"},{\"@type\":\"ListItem\",\"position\":3,\"name\":\"Cellufini cream\"}]},{\"@type\":\"WebSite\",\"@id\":\"https:\\\/\\\/lekarzeopole.pl\\\/wordpress\\\/#website\",\"url\":\"https:\\\/\\\/lekarzeopole.pl\\\/wordpress\\\/\",\"name\":\"Lekarze Opole\",\"description\":\"\",\"potentialAction\":[{\"@type\":\"SearchAction\",\"target\":{\"@type\":\"EntryPoint\",\"urlTemplate\":\"https:\\\/\\\/lekarzeopole.pl\\\/wordpress\\\/?s={search_term_string}\"},\"query-input\":{\"@type\":\"PropertyValueSpecification\",\"valueRequired\":true,\"valueName\":\"search_term_string\"}}],\"inLanguage\":\"pl-PL\"}]}<\/script>\n<!-- \/ Yoast SEO plugin. -->","yoast_head_json":{"title":"Cellufini cream - kup suplement, cena w aptece, sk\u0142ad, dzia\u0142anie","robots":{"index":"index","follow":"follow","max-snippet":"max-snippet:-1","max-image-preview":"max-image-preview:large","max-video-preview":"max-video-preview:-1"},"canonical":"https:\/\/lekarzeopole.pl\/wordpress\/product\/cellufini-cream\/","og_locale":"pl_PL","og_type":"article","og_title":"Cellufini cream - kup suplement, cena w aptece, sk\u0142ad, dzia\u0142anie","og_description":"Kup teraz SKU: 000.105.139    Produkt sprzedawany jest wy\u0142\u0105cznie za po\u015brednictwem oficjalnej strony producenta, id\u017a i kupuj bezpiecznie!","og_url":"https:\/\/lekarzeopole.pl\/wordpress\/product\/cellufini-cream\/","og_site_name":"Lekarze Opole","article_modified_time":"2025-05-28T06:33:13+00:00","og_image":[{"width":2560,"height":2048,"url":"https:\/\/lekarzeopole.pl\/wordpress\/wp-content\/uploads\/2025\/05\/cellufini-cream.jpg","type":"image\/jpeg"}],"twitter_card":"summary_large_image","twitter_misc":{"Szacowany czas czytania":"7 minut"},"schema":{"@context":"https:\/\/schema.org","@graph":[{"@type":"WebPage","@id":"https:\/\/lekarzeopole.pl\/wordpress\/product\/cellufini-cream\/","url":"https:\/\/lekarzeopole.pl\/wordpress\/product\/cellufini-cream\/","name":"Cellufini cream - kup suplement, cena w aptece, sk\u0142ad, dzia\u0142anie","isPartOf":{"@id":"https:\/\/lekarzeopole.pl\/wordpress\/#website"},"primaryImageOfPage":{"@id":"https:\/\/lekarzeopole.pl\/wordpress\/product\/cellufini-cream\/#primaryimage"},"image":{"@id":"https:\/\/lekarzeopole.pl\/wordpress\/product\/cellufini-cream\/#primaryimage"},"thumbnailUrl":"https:\/\/lekarzeopole.pl\/wordpress\/wp-content\/uploads\/2025\/05\/cellufini-cream.jpg","datePublished":"2025-05-28T06:33:12+00:00","dateModified":"2025-05-28T06:33:13+00:00","breadcrumb":{"@id":"https:\/\/lekarzeopole.pl\/wordpress\/product\/cellufini-cream\/#breadcrumb"},"inLanguage":"pl-PL","potentialAction":[{"@type":"ReadAction","target":["https:\/\/lekarzeopole.pl\/wordpress\/product\/cellufini-cream\/"]}]},{"@type":"ImageObject","inLanguage":"pl-PL","@id":"https:\/\/lekarzeopole.pl\/wordpress\/product\/cellufini-cream\/#primaryimage","url":"https:\/\/lekarzeopole.pl\/wordpress\/wp-content\/uploads\/2025\/05\/cellufini-cream.jpg","contentUrl":"https:\/\/lekarzeopole.pl\/wordpress\/wp-content\/uploads\/2025\/05\/cellufini-cream.jpg","width":2560,"height":2048,"caption":"Cellufini cream"},{"@type":"BreadcrumbList","@id":"https:\/\/lekarzeopole.pl\/wordpress\/product\/cellufini-cream\/#breadcrumb","itemListElement":[{"@type":"ListItem","position":1,"name":"\u0413\u043b\u0430\u0432\u043d\u0430\u044f \u0441\u0442\u0440\u0430\u043d\u0438\u0446\u0430","item":"https:\/\/lekarzeopole.pl\/wordpress\/"},{"@type":"ListItem","position":2,"name":"Zakup","item":"https:\/\/lekarzeopole.pl\/wordpress\/"},{"@type":"ListItem","position":3,"name":"Cellufini cream"}]},{"@type":"WebSite","@id":"https:\/\/lekarzeopole.pl\/wordpress\/#website","url":"https:\/\/lekarzeopole.pl\/wordpress\/","name":"Lekarze Opole","description":"","potentialAction":[{"@type":"SearchAction","target":{"@type":"EntryPoint","urlTemplate":"https:\/\/lekarzeopole.pl\/wordpress\/?s={search_term_string}"},"query-input":{"@type":"PropertyValueSpecification","valueRequired":true,"valueName":"search_term_string"}}],"inLanguage":"pl-PL"}]}},"_links":{"self":[{"href":"https:\/\/lekarzeopole.pl\/wordpress\/wp-json\/wp\/v2\/product\/1268","targetHints":{"allow":["GET"]}}],"collection":[{"href":"https:\/\/lekarzeopole.pl\/wordpress\/wp-json\/wp\/v2\/product"}],"about":[{"href":"https:\/\/lekarzeopole.pl\/wordpress\/wp-json\/wp\/v2\/types\/product"}],"replies":[{"embeddable":true,"href":"https:\/\/lekarzeopole.pl\/wordpress\/wp-json\/wp\/v2\/comments?post=1268"}],"wp:featuredmedia":[{"embeddable":true,"href":"https:\/\/lekarzeopole.pl\/wordpress\/wp-json\/wp\/v2\/media\/1269"}],"wp:attachment":[{"href":"https:\/\/lekarzeopole.pl\/wordpress\/wp-json\/wp\/v2\/media?parent=1268"}],"wp:term":[{"taxonomy":"product_brand","embeddable":true,"href":"https:\/\/lekarzeopole.pl\/wordpress\/wp-json\/wp\/v2\/product_brand?post=1268"},{"taxonomy":"product_cat","embeddable":true,"href":"https:\/\/lekarzeopole.pl\/wordpress\/wp-json\/wp\/v2\/product_cat?post=1268"},{"taxonomy":"product_tag","embeddable":true,"href":"https:\/\/lekarzeopole.pl\/wordpress\/wp-json\/wp\/v2\/product_tag?post=1268"}],"curies":[{"name":"wp","href":"https:\/\/api.w.org\/{rel}","templated":true}]}}