{"id":1244,"date":"2025-04-17T14:24:44","date_gmt":"2025-04-17T14:24:44","guid":{"rendered":"https:\/\/lekarzeopole.pl\/wordpress\/?post_type=product&#038;p=1244"},"modified":"2025-09-24T10:34:20","modified_gmt":"2025-09-24T10:34:20","slug":"mensimax","status":"publish","type":"product","link":"https:\/\/lekarzeopole.pl\/wordpress\/product\/mensimax\/","title":{"rendered":"MensiMax"},"content":{"rendered":"<p class=\"\" data-start=\"251\" data-end=\"716\">W dzisiejszym \u015bwiecie coraz wi\u0119cej m\u0119\u017cczyzn poszukuje naturalnych metod wspomagania swojej potencji oraz zwi\u0119kszenia rozmiaru penisa. W odpowiedzi na te potrzeby powsta\u0142 <strong data-start=\"421\" data-end=\"433\">MensiMax<\/strong> \u2013 nowoczesny suplement diety w formie kapsu\u0142ek, kt\u00f3ry \u0142\u0105czy moc starannie dobranych sk\u0142adnik\u00f3w ro\u015blinnych z innowacyjn\u0105 formu\u0142\u0105 dzia\u0142ania. Dzi\u0119ki temu jest on skuteczn\u0105, a zarazem bezpieczn\u0105 alternatyw\u0105 dla inwazyjnych metod, takich jak operacje czy chemiczne \u015brodki farmaceutyczne.<\/p>\n<hr class=\"\" data-start=\"718\" data-end=\"721\" \/>\n<h2 class=\"\" data-start=\"723\" data-end=\"762\"><strong data-start=\"726\" data-end=\"762\">Wskazania do stosowania MensiMax<\/strong><\/h2>\n<p class=\"\" data-start=\"764\" data-end=\"831\"><strong data-start=\"764\" data-end=\"776\">MensiMax<\/strong> to preparat stworzony specjalnie dla m\u0119\u017cczyzn, kt\u00f3rzy:<\/p>\n<ul data-start=\"833\" data-end=\"1190\">\n<li class=\"\" data-start=\"833\" data-end=\"870\">\n<p class=\"\" data-start=\"835\" data-end=\"870\">Zmagaj\u0105 si\u0119 z problemami z erekcj\u0105,<\/p>\n<\/li>\n<li class=\"\" data-start=\"871\" data-end=\"925\">\n<p class=\"\" data-start=\"873\" data-end=\"925\">Do\u015bwiadczaj\u0105 spadku libido i zainteresowania seksem,<\/p>\n<\/li>\n<li class=\"\" data-start=\"926\" data-end=\"1002\">\n<p class=\"\" data-start=\"928\" data-end=\"1002\">Chc\u0105 poprawi\u0107 swoj\u0105 wydolno\u015b\u0107 seksualn\u0105 i zwi\u0119kszy\u0107 czas trwania stosunku,<\/p>\n<\/li>\n<li class=\"\" data-start=\"1003\" data-end=\"1077\">\n<p class=\"\" data-start=\"1005\" data-end=\"1077\">Pragn\u0105 zwi\u0119kszy\u0107 rozmiar swojego penisa w spos\u00f3b naturalny i bezpieczny,<\/p>\n<\/li>\n<li class=\"\" data-start=\"1078\" data-end=\"1139\">\n<p class=\"\" data-start=\"1080\" data-end=\"1139\">Odczuwaj\u0105 zm\u0119czenie, stres, obni\u017cenie poziomu testosteronu,<\/p>\n<\/li>\n<li class=\"\" data-start=\"1140\" data-end=\"1190\">\n<p class=\"\" data-start=\"1142\" data-end=\"1190\">Pragn\u0105 poprawi\u0107 pewno\u015b\u0107 siebie w \u017cyciu intymnym.<\/p>\n<\/li>\n<\/ul>\n<p class=\"\" data-start=\"1192\" data-end=\"1374\">Dzi\u0119ki naturalnemu sk\u0142adowi i kompleksowemu dzia\u0142aniu kapsu\u0142ki MensiMax dzia\u0142aj\u0105 zar\u00f3wno profilaktycznie, jak i interwencyjnie \u2013 wspieraj\u0105 zdrowie seksualne m\u0119\u017cczyzny w ka\u017cdym wieku.<\/p>\n<hr class=\"\" data-start=\"1376\" data-end=\"1379\" \/>\n<h2 class=\"\" data-start=\"1381\" data-end=\"1425\"><strong data-start=\"1384\" data-end=\"1425\">Sk\u0142ad i dzia\u0142anie sk\u0142adnik\u00f3w MensiMax<\/strong><\/h2>\n<p class=\"\" data-start=\"1427\" data-end=\"1619\">Unikalna formu\u0142a <strong data-start=\"1444\" data-end=\"1456\">MensiMax<\/strong> opiera si\u0119 na synergii sprawdzonych sk\u0142adnik\u00f3w ro\u015blinnych i substancji aktywnych, kt\u00f3re razem tworz\u0105 silne wsparcie dla m\u0119skiej potencji i rozwoju tkanki cz\u0142onka.<\/p>\n<ol>\n<li data-start=\"1621\" data-end=\"1780\"><strong data-start=\"1621\" data-end=\"1652\">Ekstrakt z korzenia Maca<\/strong><br data-start=\"1652\" data-end=\"1655\" \/>Znany adaptogen wspomagaj\u0105cy r\u00f3wnowag\u0119 hormonaln\u0105 i zwi\u0119kszaj\u0105cy libido. Dzia\u0142a na popraw\u0119 wydolno\u015bci fizycznej i seksualnej.<\/li>\n<li data-start=\"1782\" data-end=\"1992\"><strong data-start=\"1782\" data-end=\"1799\">L-arginina<\/strong><br data-start=\"1799\" data-end=\"1802\" \/>Aminokwas kluczowy w procesie produkcji tlenku azotu, kt\u00f3ry rozszerza naczynia krwiono\u015bne, poprawiaj\u0105c kr\u0105\u017cenie w cia\u0142ach jamistych penisa \u2013 co przek\u0142ada si\u0119 na mocniejsz\u0105 i d\u0142u\u017csz\u0105 erekcj\u0119.<\/li>\n<li data-start=\"1994\" data-end=\"2178\"><strong data-start=\"1994\" data-end=\"2055\">Ekstrakt z buzdyganka naziemnego (Tribulus Terrestris)<\/strong><br data-start=\"2055\" data-end=\"2058\" \/>Naturalny booster testosteronu. Poprawia libido, wspiera produkcj\u0119 plemnik\u00f3w i zwi\u0119ksza intensywno\u015b\u0107 dozna\u0144 seksualnych.<\/li>\n<li data-start=\"2180\" data-end=\"2369\"><strong data-start=\"2180\" data-end=\"2222\">Ekstrakt z \u017ce\u0144-szenia syberyjskiego<\/strong><br data-start=\"2222\" data-end=\"2225\" \/>Ro\u015blina ceniona za swoje w\u0142a\u015bciwo\u015bci energetyzuj\u0105ce i wzmacniaj\u0105ce organizm. Zmniejsza zm\u0119czenie i stres \u2013 g\u0142\u00f3wne czynniki os\u0142abiaj\u0105ce potencj\u0119.<\/li>\n<li data-start=\"2371\" data-end=\"2537\"><strong data-start=\"2371\" data-end=\"2390\">Cynk i selen<\/strong><br data-start=\"2390\" data-end=\"2393\" \/>Pierwiastki kluczowe dla zdrowia prostaty, jako\u015bci nasienia i r\u00f3wnowagi hormonalnej. Dzia\u0142aj\u0105 wspomagaj\u0105co na funkcjonowanie uk\u0142adu rozrodczego.<\/li>\n<\/ol>\n<p class=\"\" data-start=\"2539\" data-end=\"2694\">Wszystkie sk\u0142adniki <strong data-start=\"2559\" data-end=\"2571\">MensiMax<\/strong> zosta\u0142y dobrane tak, by wzajemnie si\u0119 uzupe\u0142nia\u0142y i zapewnia\u0142y maksymalne efekty przy minimalnym ryzyku skutk\u00f3w ubocznych.<\/p>\n<p style=\"text-align: center;\" data-start=\"2539\" data-end=\"2694\"><a href=\"https:\/\/tl-track.com\/tracker\/vQSz\"><button>www.mensimax.pl<\/button><\/a><\/p>\n<hr class=\"\" data-start=\"2696\" data-end=\"2699\" \/>\n<h2 class=\"\" data-start=\"2701\" data-end=\"2745\"><strong data-start=\"2704\" data-end=\"2745\">Efekty MensiMax i ich charakterystyka<\/strong><\/h2>\n<p class=\"\" data-start=\"2747\" data-end=\"2925\">Regularne stosowanie kapsu\u0142ek <strong data-start=\"2777\" data-end=\"2789\">MensiMax<\/strong> przynosi szereg korzy\u015bci dla zdrowia seksualnego i og\u00f3lnego samopoczucia m\u0119\u017cczyzny. W\u015br\u00f3d najcz\u0119\u015bciej zg\u0142aszanych efekt\u00f3w znajduj\u0105 si\u0119:<\/p>\n<ul data-start=\"2927\" data-end=\"3509\">\n<li class=\"\" data-start=\"2927\" data-end=\"3024\">\n<p class=\"\" data-start=\"2929\" data-end=\"3024\"><strong data-start=\"2929\" data-end=\"2960\">Zwi\u0119kszenie rozmiaru penisa<\/strong> \u2013 poprzez popraw\u0119 kr\u0105\u017cenia krwi oraz stymulacj\u0119 wzrostu tkanek,<\/p>\n<\/li>\n<li class=\"\" data-start=\"3025\" data-end=\"3117\">\n<p class=\"\" data-start=\"3027\" data-end=\"3117\"><strong data-start=\"3027\" data-end=\"3059\">Silniejsze i d\u0142u\u017csze erekcje<\/strong> \u2013 dzi\u0119ki dzia\u0142aniu L-argininy i naturalnych afrodyzjak\u00f3w,<\/p>\n<\/li>\n<li class=\"\" data-start=\"3118\" data-end=\"3226\">\n<p class=\"\" data-start=\"3120\" data-end=\"3226\"><strong data-start=\"3120\" data-end=\"3158\">Wzrost libido i pop\u0119du seksualnego<\/strong> \u2013 za spraw\u0105 ekstrakt\u00f3w ro\u015blinnych podnosz\u0105cych poziom testosteronu,<\/p>\n<\/li>\n<li class=\"\" data-start=\"3227\" data-end=\"3374\">\n<p class=\"\" data-start=\"3229\" data-end=\"3374\"><strong data-start=\"3229\" data-end=\"3265\">Poprawa wytrzyma\u0142o\u015bci seksualnej<\/strong> \u2013 m\u0119\u017cczy\u017ani stosuj\u0105cy MensiMax zg\u0142aszaj\u0105 d\u0142u\u017cszy czas trwania stosunku oraz wi\u0119ksz\u0105 kontrol\u0119 nad wytryskiem,<\/p>\n<\/li>\n<li class=\"\" data-start=\"3375\" data-end=\"3509\">\n<p class=\"\" data-start=\"3377\" data-end=\"3509\"><strong data-start=\"3377\" data-end=\"3425\">Lepsze samopoczucie i wi\u0119ksza pewno\u015b\u0107 siebie<\/strong> \u2013 naturalne sk\u0142adniki wp\u0142ywaj\u0105 pozytywnie na og\u00f3ln\u0105 kondycj\u0119 psychiczn\u0105 i fizyczn\u0105.<\/p>\n<\/li>\n<\/ul>\n<p class=\"\" data-start=\"3511\" data-end=\"3686\">Pierwsze efekty dzia\u0142ania kapsu\u0142ek mog\u0105 by\u0107 zauwa\u017calne ju\u017c po kilku dniach stosowania, jednak pe\u0142na kuracja (oko\u0142o 1-2 miesi\u0105ce) zapewnia trwa\u0142e i satysfakcjonuj\u0105ce rezultaty.<\/p>\n<hr class=\"\" data-start=\"3688\" data-end=\"3691\" \/>\n<h2 class=\"\" data-start=\"3693\" data-end=\"3724\"><strong data-start=\"3696\" data-end=\"3724\">Ryzyko skutk\u00f3w ubocznych<\/strong><\/h2>\n<p class=\"\" data-start=\"3726\" data-end=\"4042\">Jednym z najwi\u0119kszych atut\u00f3w <strong data-start=\"3755\" data-end=\"3767\">MensiMax<\/strong> jest jego <strong data-start=\"3778\" data-end=\"3797\">naturalny sk\u0142ad<\/strong>, kt\u00f3ry czyni go bezpiecznym rozwi\u0105zaniem dla wi\u0119kszo\u015bci m\u0119\u017cczyzn. W przeciwie\u0144stwie do chemicznych \u015brodk\u00f3w na potencj\u0119, takich jak Viagra czy inne leki PDE-5, <strong data-start=\"3957\" data-end=\"4041\">MensiMax nie powoduje uzale\u017cnienia, b\u00f3lu g\u0142owy czy zaburze\u0144 sercowo-naczyniowych<\/strong>.<\/p>\n<p class=\"\" data-start=\"4044\" data-end=\"4294\">Ryzyko wyst\u0105pienia skutk\u00f3w ubocznych jest <strong data-start=\"4086\" data-end=\"4099\">minimalne<\/strong>, a przypadki ich pojawienia si\u0119 s\u0105 niezwykle rzadkie. Niemniej jednak, osoby z nadwra\u017cliwo\u015bci\u0105 na kt\u00f3rykolwiek sk\u0142adnik suplementu powinny skonsultowa\u0107 si\u0119 z lekarzem przed rozpocz\u0119ciem kuracji.<\/p>\n<p class=\"\" data-start=\"4296\" data-end=\"4486\">Dzi\u0119ki zastosowaniu sk\u0142adnik\u00f3w najwy\u017cszej jako\u015bci, produkt ten jest dobrze tolerowany przez organizm i mo\u017ce by\u0107 stosowany nawet d\u0142ugoterminowo, jako element zdrowego stylu \u017cycia seksualnego.<\/p>\n<h2 class=\"\" data-start=\"97\" data-end=\"155\"><strong data-start=\"100\" data-end=\"155\">Opinie klient\u00f3w o MensiMax: fora po\u015bwi\u0119cone zdrowiu<\/strong><\/h2>\n<p class=\"\" data-start=\"157\" data-end=\"512\">W Polsce coraz wi\u0119cej m\u0119\u017cczyzn poszukuje sprawdzonych rozwi\u0105za\u0144 wspieraj\u0105cych potencj\u0119 oraz powi\u0119kszenie penisa. Dlatego naturalne suplementy, takie jak <strong data-start=\"310\" data-end=\"322\">MensiMax<\/strong>, staj\u0105 si\u0119 popularnym tematem dyskusji na forach internetowych po\u015bwi\u0119conych zdrowiu m\u0119\u017cczyzn, takich jak Kafeteria, Forum Zdrowie, Medonet, czy popularne grupy w mediach spo\u0142eczno\u015bciowych.<\/p>\n<p class=\"\" data-start=\"514\" data-end=\"823\">Wielu u\u017cytkownik\u00f3w dzieli si\u0119 swoimi do\u015bwiadczeniami, podkre\u015blaj\u0105c przede wszystkim <strong data-start=\"598\" data-end=\"659\">skuteczno\u015b\u0107 dzia\u0142ania, naturalny sk\u0142ad i \u0142atw\u0105 dost\u0119pno\u015b\u0107<\/strong> produktu. Pojawiaj\u0105 si\u0119 tak\u017ce liczne pochwa\u0142y za to, \u017ce kapsu\u0142ki nie powoduj\u0105 skutk\u00f3w ubocznych i pozwalaj\u0105 odzyska\u0107 pewno\u015b\u0107 siebie w \u0142\u00f3\u017cku bez ryzyka dla zdrowia.<\/p>\n<p class=\"\" data-start=\"825\" data-end=\"867\"><strong data-start=\"825\" data-end=\"867\">Wybrane opinie u\u017cytkownik\u00f3w:<\/strong><\/p>\n<ol>\n<li data-start=\"869\" data-end=\"1144\">\ufe0f <strong data-start=\"873\" data-end=\"903\">Krzysztof, 41 lat (Pozna\u0144)<\/strong><br data-start=\"903\" data-end=\"906\" \/>\u201eMia\u0142em pewne obawy, zanim zam\u00f3wi\u0142em MensiMax, ale ju\u017c po dw\u00f3ch tygodniach zauwa\u017cy\u0142em r\u00f3\u017cnic\u0119. Erekcja jest mocniejsza, a samopoczucie lepsze. Moja partnerka te\u017c jest zachwycona zmian\u0105. Co wa\u017cne \u2013 zero skutk\u00f3w ubocznych i szybka dostawa.\u201d<\/li>\n<li data-start=\"1146\" data-end=\"1405\">\ufe0f <strong data-start=\"1150\" data-end=\"1180\">Tomasz, 34 lata (Warszawa)<\/strong><br data-start=\"1180\" data-end=\"1183\" \/>\u201ePrzetestowa\u0142em wiele suplement\u00f3w, ale dopiero MensiMax spe\u0142ni\u0142 moje oczekiwania. Nie tylko poprawi\u0142 moj\u0105 wydolno\u015b\u0107 w \u0142\u00f3\u017cku, ale te\u017c zauwa\u017cy\u0142em niewielki, ale widoczny wzrost rozmiaru. Na pewno zam\u00f3wi\u0119 kolejne opakowanie!\u201d<\/li>\n<\/ol>\n<hr class=\"\" data-start=\"1407\" data-end=\"1410\" \/>\n<h2 class=\"\" data-start=\"1412\" data-end=\"1448\"><strong data-start=\"1415\" data-end=\"1448\">Spos\u00f3b podawania i dawkowanie<\/strong><\/h2>\n<p class=\"\" data-start=\"1450\" data-end=\"1566\">Aby osi\u0105gn\u0105\u0107 optymalne efekty dzia\u0142ania MensiMax, wa\u017cne jest <strong data-start=\"1511\" data-end=\"1547\">prawid\u0142owe stosowanie suplementu<\/strong>. Producent zaleca:<\/p>\n<ul data-start=\"1568\" data-end=\"1881\">\n<li class=\"\" data-start=\"1568\" data-end=\"1665\">\n<p class=\"\" data-start=\"1570\" data-end=\"1665\"><strong data-start=\"1570\" data-end=\"1604\">Przyjmowa\u0107 2 kapsu\u0142ki dziennie<\/strong> \u2013 najlepiej rano i wieczorem, popijaj\u0105c du\u017c\u0105 ilo\u015bci\u0105 wody.<\/p>\n<\/li>\n<li class=\"\" data-start=\"1666\" data-end=\"1726\">\n<p class=\"\" data-start=\"1668\" data-end=\"1726\">Kapsu\u0142ki mo\u017cna za\u017cywa\u0107 zar\u00f3wno na czczo, jak i po posi\u0142ku.<\/p>\n<\/li>\n<li class=\"\" data-start=\"1727\" data-end=\"1881\">\n<p class=\"\" data-start=\"1729\" data-end=\"1881\">Rekomendowany czas kuracji to <strong data-start=\"1759\" data-end=\"1777\">minimum 30 dni<\/strong>, cho\u0107 wielu u\u017cytkownik\u00f3w kontynuuje stosowanie przez 2-3 miesi\u0105ce dla utrzymania d\u0142ugofalowych efekt\u00f3w.<\/p>\n<\/li>\n<\/ul>\n<p class=\"\" data-start=\"1883\" data-end=\"2041\">MensiMax dzia\u0142a stopniowo, dlatego regularno\u015b\u0107 jest kluczem do sukcesu. Nie nale\u017cy przekracza\u0107 zalecanej dawki, poniewa\u017c wy\u017csza ilo\u015b\u0107 nie przyspieszy efekt\u00f3w.<\/p>\n<hr class=\"\" data-start=\"2043\" data-end=\"2046\" \/>\n<h2 class=\"\" data-start=\"2048\" data-end=\"2083\"><strong data-start=\"2051\" data-end=\"2083\">Kup teraz MensiMax z dostaw\u0105<\/strong><\/h2>\n<p class=\"\" data-start=\"2085\" data-end=\"2307\">Zakup MensiMax jest <strong data-start=\"2105\" data-end=\"2146\">prostym i bezpiecznym procesem online<\/strong>. Co istotne \u2013 <strong data-start=\"2161\" data-end=\"2189\">nie trzeba p\u0142aci\u0107 z g\u00f3ry<\/strong>. Ca\u0142o\u015b\u0107 jest realizowana za pobraniem, czyli p\u0142atno\u015bci\u0105 przy odbiorze przesy\u0142ki. Dzi\u0119ki temu kupuj\u0105cy ma pewno\u015b\u0107, \u017ce:<\/p>\n<ul data-start=\"2309\" data-end=\"2477\">\n<li class=\"\" data-start=\"2309\" data-end=\"2374\">\n<p class=\"\" data-start=\"2311\" data-end=\"2374\">Otrzymuje oryginalny produkt bez po\u015brednik\u00f3w i ryzyka oszustwa,<\/p>\n<\/li>\n<li class=\"\" data-start=\"2375\" data-end=\"2426\">\n<p class=\"\" data-start=\"2377\" data-end=\"2426\">Mo\u017ce dok\u0142adnie sprawdzi\u0107 przesy\u0142k\u0119 przed zap\u0142at\u0105,<\/p>\n<\/li>\n<li class=\"\" data-start=\"2427\" data-end=\"2477\">\n<p class=\"\" data-start=\"2429\" data-end=\"2477\">Zakup nie wi\u0105\u017ce si\u0119 z \u017cadnymi ukrytymi kosztami.<\/p>\n<\/li>\n<\/ul>\n<p class=\"\" data-start=\"2479\" data-end=\"2756\"><strong data-start=\"2482\" data-end=\"2531\">Czas dostawy wynosi zazwyczaj 3-4 dni robocze<\/strong> na terenie Polski. Po z\u0142o\u017ceniu zam\u00f3wienia, klient otrzymuje telefon od konsultanta, kt\u00f3ry potwierdza szczeg\u00f3\u0142y przesy\u0142ki oraz mo\u017ce odpowiedzie\u0107 na pytania dotycz\u0105ce dawkowania, dost\u0119pnych promocji lub indywidualnych potrzeb.<\/p>\n<p style=\"text-align: center;\" data-start=\"2479\" data-end=\"2756\"><a href=\"https:\/\/tl-track.com\/tracker\/vQSz\"><button>Zakup na stronie producenta (-50%)<\/button><\/a><\/p>\n<hr class=\"\" data-start=\"2758\" data-end=\"2761\" \/>\n<h2 class=\"\" data-start=\"2763\" data-end=\"2814\"><strong data-start=\"2766\" data-end=\"2814\">Por\u00f3wnanie ofert: ceny i dost\u0119pno\u015b\u0107 MensiMax<\/strong><\/h2>\n<p class=\"\" data-start=\"2816\" data-end=\"3057\">Jedn\u0105 z g\u0142\u00f3wnych zalet <strong data-start=\"2839\" data-end=\"2851\">MensiMax<\/strong> jest jego <strong data-start=\"2862\" data-end=\"2894\">dost\u0119pno\u015b\u0107 w rozs\u0105dnej cenie<\/strong>, co sprawia, \u017ce preparat jest dost\u0119pny dla szerokiego grona m\u0119\u017cczyzn. Producent postawi\u0142 na <strong data-start=\"2987\" data-end=\"3015\">dystrybucj\u0119 bezpo\u015bredni\u0105<\/strong>, dlatego suplement mo\u017cna kupi\u0107 wy\u0142\u0105cznie:<\/p>\n<ul data-start=\"3059\" data-end=\"3207\">\n<li class=\"\" data-start=\"3059\" data-end=\"3156\">\n<p class=\"\" data-start=\"3061\" data-end=\"3156\">Na <strong data-start=\"3064\" data-end=\"3110\">oficjalnej stronie internetowej producenta<\/strong> \u2013 bez mar\u017cy aptecznej i prowizji po\u015brednik\u00f3w,<\/p>\n<\/li>\n<li class=\"\" data-start=\"3157\" data-end=\"3207\">\n<p class=\"\" data-start=\"3159\" data-end=\"3207\">Z gwarancj\u0105 oryginalno\u015bci i aktualnych promocji.<\/p>\n<\/li>\n<\/ul>\n<p class=\"\" data-start=\"3209\" data-end=\"3482\">Dzi\u0119ki temu cena jest <strong data-start=\"3231\" data-end=\"3248\">konkurencyjna<\/strong>, a cz\u0119sto na stronie dost\u0119pne s\u0105 <strong data-start=\"3282\" data-end=\"3302\">czasowe promocje<\/strong> \u2013 np. rabaty przy zakupie kilku opakowa\u0144, darmowa dostawa czy gratisowe pr\u00f3bki. Dlatego warto <strong data-start=\"3397\" data-end=\"3439\">regularnie odwiedza\u0107 stron\u0119 producenta<\/strong>, by by\u0107 na bie\u017c\u0105co z najnowszymi ofertami.<\/p>\n","protected":false},"excerpt":{"rendered":"<p style=\"text-align: center;\"><a href=\"https:\/\/tl-track.com\/tracker\/vQSz\"><button>Kup teraz<\/button><\/a><\/p>\n<p>SKU: 22<span class=\"sku\">9.115.641<\/span><\/p>\n<hr \/>\n<p><small>Produkt sprzedawany jest wy\u0142\u0105cznie za po\u015brednictwem oficjalnej strony producenta, id\u017a i kupuj bezpiecznie!<\/small><\/p>\n","protected":false},"featured_media":1363,"comment_status":"open","ping_status":"closed","template":"","meta":[],"product_brand":[],"product_cat":[15],"product_tag":[],"class_list":{"0":"post-1244","1":"product","2":"type-product","3":"status-publish","4":"has-post-thumbnail","6":"product_cat-supl","7":"thunk-woo-product-list","8":"opn-qv-enable","9":"top-store-woo-hover-","10":"top-store-single-product-tab-horizontal","11":"top-store-shadow-","12":"top-store-shadow-hover-","14":"first","15":"instock","16":"sale","17":"shipping-taxable","18":"purchasable","19":"product-type-simple"},"yoast_head":"<!-- This site is optimized with the Yoast SEO plugin v27.4 - https:\/\/yoast.com\/product\/yoast-seo-wordpress\/ -->\n<title>MensiMax - kup suplement, cena w aptece, sk\u0142ad, dzia\u0142anie<\/title>\n<meta name=\"robots\" content=\"index, follow, max-snippet:-1, max-image-preview:large, max-video-preview:-1\" \/>\n<link rel=\"canonical\" href=\"https:\/\/lekarzeopole.pl\/wordpress\/product\/mensimax\/\" \/>\n<meta property=\"og:locale\" content=\"pl_PL\" \/>\n<meta property=\"og:type\" content=\"article\" \/>\n<meta property=\"og:title\" content=\"MensiMax - kup suplement, cena w aptece, sk\u0142ad, dzia\u0142anie\" \/>\n<meta property=\"og:description\" content=\"Kup teraz SKU: 229.115.641    Produkt sprzedawany jest wy\u0142\u0105cznie za po\u015brednictwem oficjalnej strony producenta, id\u017a i kupuj bezpiecznie!\" \/>\n<meta property=\"og:url\" content=\"https:\/\/lekarzeopole.pl\/wordpress\/product\/mensimax\/\" \/>\n<meta property=\"og:site_name\" content=\"Lekarze Opole\" \/>\n<meta property=\"article:modified_time\" content=\"2025-09-24T10:34:20+00:00\" \/>\n<meta property=\"og:image\" content=\"https:\/\/lekarzeopole.pl\/wordpress\/wp-content\/uploads\/2025\/04\/mensimax-2nov.png\" \/>\n\t<meta property=\"og:image:width\" content=\"500\" \/>\n\t<meta property=\"og:image:height\" content=\"511\" \/>\n\t<meta property=\"og:image:type\" content=\"image\/png\" \/>\n<meta name=\"twitter:card\" content=\"summary_large_image\" \/>\n<meta name=\"twitter:label1\" content=\"Szacowany czas czytania\" \/>\n\t<meta name=\"twitter:data1\" content=\"6 minut\" \/>\n<script type=\"application\/ld+json\" class=\"yoast-schema-graph\">{\"@context\":\"https:\\\/\\\/schema.org\",\"@graph\":[{\"@type\":\"WebPage\",\"@id\":\"https:\\\/\\\/lekarzeopole.pl\\\/wordpress\\\/product\\\/mensimax\\\/\",\"url\":\"https:\\\/\\\/lekarzeopole.pl\\\/wordpress\\\/product\\\/mensimax\\\/\",\"name\":\"MensiMax - kup suplement, cena w aptece, sk\u0142ad, dzia\u0142anie\",\"isPartOf\":{\"@id\":\"https:\\\/\\\/lekarzeopole.pl\\\/wordpress\\\/#website\"},\"primaryImageOfPage\":{\"@id\":\"https:\\\/\\\/lekarzeopole.pl\\\/wordpress\\\/product\\\/mensimax\\\/#primaryimage\"},\"image\":{\"@id\":\"https:\\\/\\\/lekarzeopole.pl\\\/wordpress\\\/product\\\/mensimax\\\/#primaryimage\"},\"thumbnailUrl\":\"https:\\\/\\\/lekarzeopole.pl\\\/wordpress\\\/wp-content\\\/uploads\\\/2025\\\/04\\\/mensimax-2nov.png\",\"datePublished\":\"2025-04-17T14:24:44+00:00\",\"dateModified\":\"2025-09-24T10:34:20+00:00\",\"breadcrumb\":{\"@id\":\"https:\\\/\\\/lekarzeopole.pl\\\/wordpress\\\/product\\\/mensimax\\\/#breadcrumb\"},\"inLanguage\":\"pl-PL\",\"potentialAction\":[{\"@type\":\"ReadAction\",\"target\":[\"https:\\\/\\\/lekarzeopole.pl\\\/wordpress\\\/product\\\/mensimax\\\/\"]}]},{\"@type\":\"ImageObject\",\"inLanguage\":\"pl-PL\",\"@id\":\"https:\\\/\\\/lekarzeopole.pl\\\/wordpress\\\/product\\\/mensimax\\\/#primaryimage\",\"url\":\"https:\\\/\\\/lekarzeopole.pl\\\/wordpress\\\/wp-content\\\/uploads\\\/2025\\\/04\\\/mensimax-2nov.png\",\"contentUrl\":\"https:\\\/\\\/lekarzeopole.pl\\\/wordpress\\\/wp-content\\\/uploads\\\/2025\\\/04\\\/mensimax-2nov.png\",\"width\":500,\"height\":511,\"caption\":\"MensiMax\"},{\"@type\":\"BreadcrumbList\",\"@id\":\"https:\\\/\\\/lekarzeopole.pl\\\/wordpress\\\/product\\\/mensimax\\\/#breadcrumb\",\"itemListElement\":[{\"@type\":\"ListItem\",\"position\":1,\"name\":\"\u0413\u043b\u0430\u0432\u043d\u0430\u044f \u0441\u0442\u0440\u0430\u043d\u0438\u0446\u0430\",\"item\":\"https:\\\/\\\/lekarzeopole.pl\\\/wordpress\\\/\"},{\"@type\":\"ListItem\",\"position\":2,\"name\":\"Zakup\",\"item\":\"https:\\\/\\\/lekarzeopole.pl\\\/wordpress\\\/\"},{\"@type\":\"ListItem\",\"position\":3,\"name\":\"MensiMax\"}]},{\"@type\":\"WebSite\",\"@id\":\"https:\\\/\\\/lekarzeopole.pl\\\/wordpress\\\/#website\",\"url\":\"https:\\\/\\\/lekarzeopole.pl\\\/wordpress\\\/\",\"name\":\"Lekarze Opole\",\"description\":\"\",\"potentialAction\":[{\"@type\":\"SearchAction\",\"target\":{\"@type\":\"EntryPoint\",\"urlTemplate\":\"https:\\\/\\\/lekarzeopole.pl\\\/wordpress\\\/?s={search_term_string}\"},\"query-input\":{\"@type\":\"PropertyValueSpecification\",\"valueRequired\":true,\"valueName\":\"search_term_string\"}}],\"inLanguage\":\"pl-PL\"}]}<\/script>\n<!-- \/ Yoast SEO plugin. -->","yoast_head_json":{"title":"MensiMax - kup suplement, cena w aptece, sk\u0142ad, dzia\u0142anie","robots":{"index":"index","follow":"follow","max-snippet":"max-snippet:-1","max-image-preview":"max-image-preview:large","max-video-preview":"max-video-preview:-1"},"canonical":"https:\/\/lekarzeopole.pl\/wordpress\/product\/mensimax\/","og_locale":"pl_PL","og_type":"article","og_title":"MensiMax - kup suplement, cena w aptece, sk\u0142ad, dzia\u0142anie","og_description":"Kup teraz SKU: 229.115.641    Produkt sprzedawany jest wy\u0142\u0105cznie za po\u015brednictwem oficjalnej strony producenta, id\u017a i kupuj bezpiecznie!","og_url":"https:\/\/lekarzeopole.pl\/wordpress\/product\/mensimax\/","og_site_name":"Lekarze Opole","article_modified_time":"2025-09-24T10:34:20+00:00","og_image":[{"width":500,"height":511,"url":"https:\/\/lekarzeopole.pl\/wordpress\/wp-content\/uploads\/2025\/04\/mensimax-2nov.png","type":"image\/png"}],"twitter_card":"summary_large_image","twitter_misc":{"Szacowany czas czytania":"6 minut"},"schema":{"@context":"https:\/\/schema.org","@graph":[{"@type":"WebPage","@id":"https:\/\/lekarzeopole.pl\/wordpress\/product\/mensimax\/","url":"https:\/\/lekarzeopole.pl\/wordpress\/product\/mensimax\/","name":"MensiMax - kup suplement, cena w aptece, sk\u0142ad, dzia\u0142anie","isPartOf":{"@id":"https:\/\/lekarzeopole.pl\/wordpress\/#website"},"primaryImageOfPage":{"@id":"https:\/\/lekarzeopole.pl\/wordpress\/product\/mensimax\/#primaryimage"},"image":{"@id":"https:\/\/lekarzeopole.pl\/wordpress\/product\/mensimax\/#primaryimage"},"thumbnailUrl":"https:\/\/lekarzeopole.pl\/wordpress\/wp-content\/uploads\/2025\/04\/mensimax-2nov.png","datePublished":"2025-04-17T14:24:44+00:00","dateModified":"2025-09-24T10:34:20+00:00","breadcrumb":{"@id":"https:\/\/lekarzeopole.pl\/wordpress\/product\/mensimax\/#breadcrumb"},"inLanguage":"pl-PL","potentialAction":[{"@type":"ReadAction","target":["https:\/\/lekarzeopole.pl\/wordpress\/product\/mensimax\/"]}]},{"@type":"ImageObject","inLanguage":"pl-PL","@id":"https:\/\/lekarzeopole.pl\/wordpress\/product\/mensimax\/#primaryimage","url":"https:\/\/lekarzeopole.pl\/wordpress\/wp-content\/uploads\/2025\/04\/mensimax-2nov.png","contentUrl":"https:\/\/lekarzeopole.pl\/wordpress\/wp-content\/uploads\/2025\/04\/mensimax-2nov.png","width":500,"height":511,"caption":"MensiMax"},{"@type":"BreadcrumbList","@id":"https:\/\/lekarzeopole.pl\/wordpress\/product\/mensimax\/#breadcrumb","itemListElement":[{"@type":"ListItem","position":1,"name":"\u0413\u043b\u0430\u0432\u043d\u0430\u044f \u0441\u0442\u0440\u0430\u043d\u0438\u0446\u0430","item":"https:\/\/lekarzeopole.pl\/wordpress\/"},{"@type":"ListItem","position":2,"name":"Zakup","item":"https:\/\/lekarzeopole.pl\/wordpress\/"},{"@type":"ListItem","position":3,"name":"MensiMax"}]},{"@type":"WebSite","@id":"https:\/\/lekarzeopole.pl\/wordpress\/#website","url":"https:\/\/lekarzeopole.pl\/wordpress\/","name":"Lekarze Opole","description":"","potentialAction":[{"@type":"SearchAction","target":{"@type":"EntryPoint","urlTemplate":"https:\/\/lekarzeopole.pl\/wordpress\/?s={search_term_string}"},"query-input":{"@type":"PropertyValueSpecification","valueRequired":true,"valueName":"search_term_string"}}],"inLanguage":"pl-PL"}]}},"_links":{"self":[{"href":"https:\/\/lekarzeopole.pl\/wordpress\/wp-json\/wp\/v2\/product\/1244","targetHints":{"allow":["GET"]}}],"collection":[{"href":"https:\/\/lekarzeopole.pl\/wordpress\/wp-json\/wp\/v2\/product"}],"about":[{"href":"https:\/\/lekarzeopole.pl\/wordpress\/wp-json\/wp\/v2\/types\/product"}],"replies":[{"embeddable":true,"href":"https:\/\/lekarzeopole.pl\/wordpress\/wp-json\/wp\/v2\/comments?post=1244"}],"wp:featuredmedia":[{"embeddable":true,"href":"https:\/\/lekarzeopole.pl\/wordpress\/wp-json\/wp\/v2\/media\/1363"}],"wp:attachment":[{"href":"https:\/\/lekarzeopole.pl\/wordpress\/wp-json\/wp\/v2\/media?parent=1244"}],"wp:term":[{"taxonomy":"product_brand","embeddable":true,"href":"https:\/\/lekarzeopole.pl\/wordpress\/wp-json\/wp\/v2\/product_brand?post=1244"},{"taxonomy":"product_cat","embeddable":true,"href":"https:\/\/lekarzeopole.pl\/wordpress\/wp-json\/wp\/v2\/product_cat?post=1244"},{"taxonomy":"product_tag","embeddable":true,"href":"https:\/\/lekarzeopole.pl\/wordpress\/wp-json\/wp\/v2\/product_tag?post=1244"}],"curies":[{"name":"wp","href":"https:\/\/api.w.org\/{rel}","templated":true}]}}