{"id":1213,"date":"2025-03-18T14:26:28","date_gmt":"2025-03-18T14:26:28","guid":{"rendered":"https:\/\/lekarzeopole.pl\/wordpress\/?post_type=product&#038;p=1213"},"modified":"2025-04-17T15:32:13","modified_gmt":"2025-04-17T15:32:13","slug":"nanoflex","status":"publish","type":"product","link":"https:\/\/lekarzeopole.pl\/wordpress\/product\/nanoflex\/","title":{"rendered":"NanoFlex"},"content":{"rendered":"<p data-start=\"56\" data-end=\"699\">W dzisiejszych czasach, gdy b\u00f3l staw\u00f3w, sztywno\u015b\u0107 oraz problemy z poruszaniem si\u0119 dotykaj\u0105 coraz wi\u0119kszej liczby os\u00f3b, szukamy skutecznych rozwi\u0105za\u0144. NanoFlex to preparat, kt\u00f3ry zdobywa popularno\u015b\u0107 w\u015br\u00f3d os\u00f3b zmagaj\u0105cych si\u0119 z problemami stawowymi. Dzi\u0119ki zawarto\u015bci naturalnych sk\u0142adnik\u00f3w, takich jak kadzid\u0142owiec, kwas hialuronowy, cynk oraz hydrolizat kolagenu, NanoFlex jest w stanie znacz\u0105co poprawi\u0107 jako\u015b\u0107 \u017cycia, \u0142agodz\u0105c dolegliwo\u015bci zwi\u0105zane z chorobami reumatycznymi i degeneracyjnymi staw\u00f3w. W poni\u017cszym artykule om\u00f3wimy wskazania do stosowania, sk\u0142adniki oraz efekty dzia\u0142ania preparatu, a tak\u017ce minimalne ryzyko skutk\u00f3w ubocznych.<\/p>\n<h2 data-start=\"701\" data-end=\"737\">Wskazania do stosowania NanoFlex<\/h2>\n<p data-start=\"739\" data-end=\"1195\">NanoFlex jest szczeg\u00f3lnie polecany osobom borykaj\u0105cym si\u0119 z problemami stawowymi, takimi jak reumatyzm, zapalenie staw\u00f3w czy choroby zwyrodnieniowe staw\u00f3w. Preparat jest tak\u017ce doskona\u0142ym rozwi\u0105zaniem dla os\u00f3b starszych, kt\u00f3re odczuwaj\u0105 b\u00f3l, sztywno\u015b\u0107 oraz ograniczon\u0105 ruchomo\u015b\u0107 staw\u00f3w. NanoFlex mo\u017ce r\u00f3wnie\u017c pom\u00f3c osobom aktywnym fizycznie, kt\u00f3re chc\u0105 utrzyma\u0107 swoje stawy w dobrej kondycji i zapobiega\u0107 ich uszkodzeniom. G\u0142\u00f3wne wskazania do stosowania to:<\/p>\n<ul data-start=\"1197\" data-end=\"1429\">\n<li data-start=\"1197\" data-end=\"1221\">B\u00f3l i sztywno\u015b\u0107 staw\u00f3w<\/li>\n<li data-start=\"1222\" data-end=\"1267\">Choroby reumatyczne i zwyrodnieniowe staw\u00f3w<\/li>\n<li data-start=\"1268\" data-end=\"1299\">Problemy z ruchomo\u015bci\u0105 staw\u00f3w<\/li>\n<li data-start=\"1300\" data-end=\"1372\">Utrzymanie zdrowia staw\u00f3w w przypadku intensywnej aktywno\u015bci fizycznej<\/li>\n<li data-start=\"1373\" data-end=\"1429\">Profilaktyka problem\u00f3w ze stawami w\u015br\u00f3d os\u00f3b starszych<\/li>\n<\/ul>\n<h2 data-start=\"1431\" data-end=\"1472\">Sk\u0142ad i dzia\u0142anie sk\u0142adnik\u00f3w NanoFlex<\/h2>\n<p data-start=\"1474\" data-end=\"1741\">NanoFlex to produkt oparty na naturalnych sk\u0142adnikach, kt\u00f3re wspieraj\u0105 zdrowie staw\u00f3w na r\u00f3\u017cnych poziomach. Ka\u017cdy z element\u00f3w preparatu odgrywa istotn\u0105 rol\u0119 w poprawie kondycji staw\u00f3w i \u0142agodzeniu dolegliwo\u015bci b\u00f3lowych. Oto sk\u0142adniki aktywne NanoFlex i ich dzia\u0142anie:<\/p>\n<h4 data-start=\"1743\" data-end=\"1780\">Kadzid\u0142owiec (Boswellia serrata)<\/h4>\n<p data-start=\"1781\" data-end=\"2209\">Kadzid\u0142owiec to ro\u015blina o silnych w\u0142a\u015bciwo\u015bciach przeciwzapalnych, kt\u00f3ra od wiek\u00f3w jest wykorzystywana w medycynie ajurwedyjskiej. Jest szczeg\u00f3lnie skutecznym \u015brodkiem przeciwreumatycznym. Dzia\u0142a na stawy w spos\u00f3b wielostronny, \u0142agodz\u0105c b\u00f3l, poprawiaj\u0105c ich ruchomo\u015b\u0107, zmniejszaj\u0105c obrz\u0119k oraz chroni\u0105c przed utrat\u0105 tkanki chrz\u0119stnej. Kadzid\u0142owiec wp\u0142ywa tak\u017ce korzystnie na poziom cholesterolu we krwi i wspomaga funkcje serca.<\/p>\n<h4 data-start=\"2211\" data-end=\"2232\">Kwas hialuronowy<\/h4>\n<p data-start=\"2233\" data-end=\"2666\">Kwas hialuronowy to naturalna substancja wyst\u0119puj\u0105ca w organizmach ludzkich, kt\u00f3ra odgrywa kluczow\u0105 rol\u0119 w utrzymaniu odpowiedniego poziomu nawil\u017cenia staw\u00f3w. Jego g\u0142\u00f3wnym zadaniem jest nawil\u017cenie, amortyzowanie staw\u00f3w, zwi\u0119kszanie ich wytrzyma\u0142o\u015bci oraz elastyczno\u015bci. Kwas hialuronowy poprawia konsystencj\u0119 mazi stawowej, co zapobiega tarciu mi\u0119dzy powierzchniami staw\u00f3w, a tym samym redukuje b\u00f3l i poprawia komfort poruszania si\u0119.<\/p>\n<h4 data-start=\"2668\" data-end=\"2677\">Cynk<\/h4>\n<p data-start=\"2678\" data-end=\"3058\">Cynk to minera\u0142 o wielu w\u0142a\u015bciwo\u015bciach prozdrowotnych, w tym przeciwzapalnych. Pomaga w leczeniu reumatyzmu, redukuj\u0105c wytwarzanie cytokin zapalnych oraz hamuj\u0105c stany zapalne. Cynk zmniejsza obrz\u0119k staw\u00f3w, \u0142agodzi b\u00f3l i wspomaga regeneracj\u0119 uszkodzonej tkanki. Dzi\u0119ki swoim dzia\u0142aniom przeciwzapalnym cynk wspomaga tak\u017ce utrzymanie zdrowia staw\u00f3w i przyspiesza procesy naprawcze.<\/p>\n<h4 data-start=\"3060\" data-end=\"3084\">Hydrolizat kolagenu<\/h4>\n<p data-start=\"3085\" data-end=\"3440\">Kolagen to bia\u0142ko, kt\u00f3re stanowi podstawowy element tkanki \u0142\u0105cznej, w tym chrz\u0105stki stawowej. Hydrolizat kolagenu odpowiada za regeneracj\u0119 staw\u00f3w, przyspiesza proces gojenia si\u0119 ran oraz wspomaga odbudow\u0119 tkanki \u0142\u0105cznej. Kolagen jest r\u00f3wnie\u017c niezb\u0119dny do utrzymania elastyczno\u015bci sk\u00f3ry oraz jej nawil\u017cenia, co wp\u0142ywa na popraw\u0119 og\u00f3lnej kondycji organizmu.<\/p>\n<p style=\"text-align: center;\" data-start=\"3085\" data-end=\"3440\"><a href=\"https:\/\/price-low.eu\/a\/5LxJHW7jKtOj9X\"><button>www.nanoflex.pl<\/button><\/a><\/p>\n<h2 data-start=\"3442\" data-end=\"3483\">Efekty NanoFlex i ich charakterystyka<\/h2>\n<p data-start=\"3485\" data-end=\"3679\">Dzi\u0119ki po\u0142\u0105czeniu tych cennych sk\u0142adnik\u00f3w, NanoFlex przynosi szereg pozytywnych efekt\u00f3w dla zdrowia staw\u00f3w i ca\u0142ego organizmu. Regularne stosowanie preparatu mo\u017ce przynie\u015b\u0107 nast\u0119puj\u0105ce korzy\u015bci:<\/p>\n<ul data-start=\"3681\" data-end=\"4617\">\n<li data-start=\"3681\" data-end=\"3870\"><strong data-start=\"3683\" data-end=\"3711\">Zmniejszenie b\u00f3lu staw\u00f3w<\/strong>: Kadzid\u0142owiec i cynk dzia\u0142aj\u0105 przeciwzapalnie, co skutkuje redukcj\u0105 b\u00f3lu i sztywno\u015bci staw\u00f3w, szczeg\u00f3lnie w przypadku chor\u00f3b reumatycznych i zwyrodnieniowych.<\/li>\n<li data-start=\"3871\" data-end=\"4045\"><strong data-start=\"3873\" data-end=\"3902\">Poprawa ruchomo\u015bci staw\u00f3w<\/strong>: Dzi\u0119ki kwasowi hialuronowemu, kt\u00f3ry nawil\u017ca stawy i poprawia ich elastyczno\u015b\u0107, NanoFlex u\u0142atwia poruszanie si\u0119 i redukuje uczucie sztywno\u015bci.<\/li>\n<li data-start=\"4046\" data-end=\"4221\"><strong data-start=\"4048\" data-end=\"4084\">Zwi\u0119kszenie wytrzyma\u0142o\u015bci staw\u00f3w<\/strong>: Hydrolizat kolagenu wspiera procesy regeneracji tkanki chrz\u0119stnej, poprawiaj\u0105c struktur\u0119 staw\u00f3w i zapobiegaj\u0105c ich dalszej degeneracji.<\/li>\n<li data-start=\"4222\" data-end=\"4387\"><strong data-start=\"4224\" data-end=\"4255\">Zwalczanie stan\u00f3w zapalnych<\/strong>: Cynk i kadzid\u0142owiec wspomagaj\u0105 walk\u0119 ze stanami zapalnymi, co prowadzi do zmniejszenia obrz\u0119k\u00f3w i poprawy og\u00f3lnej kondycji staw\u00f3w.<\/li>\n<li data-start=\"4388\" data-end=\"4617\"><strong data-start=\"4390\" data-end=\"4432\">Ochrona przed utrat\u0105 tkanki chrz\u0119stnej<\/strong>: Regularne stosowanie NanoFlex mo\u017ce pom\u00f3c w utrzymaniu integralno\u015bci tkanki chrz\u0119stnej i zapobiega\u0107 jej uszkodzeniom, co jest szczeg\u00f3lnie wa\u017cne w przypadku os\u00f3b starszych i sportowc\u00f3w.<\/li>\n<\/ul>\n<h2 data-start=\"4619\" data-end=\"4647\">Ryzyko skutk\u00f3w ubocznych<\/h2>\n<p data-start=\"4649\" data-end=\"5118\">Jednym z g\u0142\u00f3wnych atut\u00f3w NanoFlex jest to, \u017ce jest to preparat oparty na naturalnych sk\u0142adnikach, co znacz\u0105co minimalizuje ryzyko wyst\u0105pienia skutk\u00f3w ubocznych. Kadzid\u0142owiec, kwas hialuronowy, cynk i hydrolizat kolagenu to substancje powszechnie uznawane za bezpieczne w stosowaniu. W rzadkich przypadkach mog\u0105 wyst\u0105pi\u0107 reakcje alergiczne na jeden z komponent\u00f3w, zw\u0142aszcza w przypadku os\u00f3b o wra\u017cliwej sk\u00f3rze. Niemniej jednak, ryzyko takich reakcji jest bardzo niskie.<\/p>\n<p data-start=\"5120\" data-end=\"5502\">Preparat jest tak\u017ce wolny od sztucznych dodatk\u00f3w, konserwant\u00f3w i chemikali\u00f3w, co sprawia, \u017ce jest bezpieczny dla os\u00f3b poszukuj\u0105cych naturalnych metod leczenia. Warto jednak pami\u0119ta\u0107, \u017ce osoby z przewlek\u0142ymi schorzeniami, takimi jak choroby autoimmunologiczne czy problemy z uk\u0142adem pokarmowym, przed zastosowaniem jakiegokolwiek suplementu diety powinny skonsultowa\u0107 si\u0119 z lekarzem.<\/p>\n<h2 data-start=\"0\" data-end=\"55\">Opinie klient\u00f3w o NanoFlex: fora po\u015bwi\u0119cone zdrowiu<\/h2>\n<p data-start=\"57\" data-end=\"571\">W Polsce fora internetowe sta\u0142y si\u0119 popularnym miejscem wymiany opinii o r\u00f3\u017cnych produktach zdrowotnych. Wiele os\u00f3b, kt\u00f3re stosuj\u0105 suplementy diety i preparaty na problemy ze stawami, dzieli si\u0119 swoimi do\u015bwiadczeniami, co pomaga innym w podj\u0119ciu decyzji o zakupie. NanoFlex zyskuje coraz wi\u0119ksz\u0105 popularno\u015b\u0107 w\u015br\u00f3d u\u017cytkownik\u00f3w for\u00f3w po\u015bwi\u0119conych zdrowiu, kt\u00f3rzy szukaj\u0105 naturalnych sposob\u00f3w na popraw\u0119 stanu swoich staw\u00f3w. Dzi\u0119ki swojej skuteczno\u015bci i dost\u0119pno\u015bci, preparat jest cz\u0119sto polecany przez u\u017cytkownik\u00f3w.<\/p>\n<p data-start=\"573\" data-end=\"919\">Wielu z nich podkre\u015bla, \u017ce NanoFlex jest bezpiecznym, a jednocze\u015bnie skutecznym rozwi\u0105zaniem na b\u00f3l staw\u00f3w. Cz\u0119sto chwalona jest r\u00f3wnie\u017c jego naturalna formu\u0142a, kt\u00f3ra minimalizuje ryzyko wyst\u0105pienia skutk\u00f3w ubocznych. Wi\u0119kszo\u015b\u0107 recenzji zwraca uwag\u0119 na szybkie efekty stosowania, popraw\u0119 elastyczno\u015bci staw\u00f3w oraz redukcj\u0119 dolegliwo\u015bci b\u00f3lowych.<\/p>\n<p data-start=\"921\" data-end=\"944\"><strong data-start=\"921\" data-end=\"944\">Przyk\u0142adowe opinie:<\/strong><\/p>\n<ol data-start=\"946\" data-end=\"1646\">\n<li data-start=\"946\" data-end=\"1302\">\n<p data-start=\"949\" data-end=\"1302\"><strong data-start=\"949\" data-end=\"966\">Marta, 45 lat<\/strong> \u2013 &#8222;Od kilku miesi\u0119cy mam problemy z b\u00f3lem staw\u00f3w, szczeg\u00f3lnie w okolicach kolan. Po kilku tygodniach stosowania NanoFlex zauwa\u017cy\u0142am znaczn\u0105 popraw\u0119 \u2013 b\u00f3l ust\u0105pi\u0142, a stawy sta\u0142y si\u0119 bardziej elastyczne. Preparat jest naprawd\u0119 skuteczny, a do tego naturalny, wi\u0119c nie musz\u0119 si\u0119 martwi\u0107 o skutki uboczne. Na pewno b\u0119d\u0119 go stosowa\u0107 dalej!&#8221;<\/p>\n<\/li>\n<li data-start=\"1304\" data-end=\"1646\">\n<p data-start=\"1307\" data-end=\"1646\"><strong data-start=\"1307\" data-end=\"1324\">Piotr, 56 lat<\/strong> \u2013 &#8222;Zdecydowa\u0142em si\u0119 na NanoFlex, poniewa\u017c nie chcia\u0142em korzysta\u0107 z lek\u00f3w przeciwb\u00f3lowych, kt\u00f3re maj\u0105 wiele skutk\u00f3w ubocznych. Po kilku tygodniach stosowania poczu\u0142em wyra\u017an\u0105 ulg\u0119, a moje stawy sta\u0142y si\u0119 mniej sztywne. Produkt jest \u0142atwy do kupienia online i ma rozs\u0105dne ceny. Polecam ka\u017cdemu, kto ma problemy ze stawami!&#8221;<\/p>\n<\/li>\n<\/ol>\n<h2 data-start=\"1648\" data-end=\"1681\">Spos\u00f3b podawania i dawkowanie<\/h2>\n<p data-start=\"1683\" data-end=\"2220\">NanoFlex to suplement diety w postaci kapsu\u0142ek, kt\u00f3re nale\u017cy przyjmowa\u0107 zgodnie z zaleceniami producenta, aby uzyska\u0107 najlepsze rezultaty. Zalecane dawkowanie to <strong data-start=\"1845\" data-end=\"1868\">2 kapsu\u0142ki dziennie<\/strong> \u2013 najlepiej jedna rano, a druga wieczorem, popijaj\u0105c je du\u017c\u0105 ilo\u015bci\u0105 wody. Preparat dzia\u0142a stopniowo, a pierwsze efekty mo\u017cna zauwa\u017cy\u0107 po kilku tygodniach regularnego stosowania. Wa\u017cne jest, aby nie przekracza\u0107 zalecanej dawki, aby unikn\u0105\u0107 potencjalnych reakcji niepo\u017c\u0105danych, chocia\u017c ryzyko takich reakcji jest minimalne, dzi\u0119ki naturalnemu sk\u0142adowi.<\/p>\n<p data-start=\"2222\" data-end=\"2517\">Warto r\u00f3wnie\u017c pami\u0119ta\u0107, \u017ce suplement powinien by\u0107 cz\u0119\u015bci\u0105 zdrowej diety oraz aktywnego stylu \u017cycia, aby wspomaga\u0107 naturalne procesy regeneracyjne organizmu. NanoFlex nie zast\u0119puje zr\u00f3wnowa\u017conego od\u017cywiania ani aktywno\u015bci fizycznej, ale stanowi skuteczne wsparcie w walce z problemami ze stawami.<\/p>\n<p style=\"text-align: center;\" data-start=\"2222\" data-end=\"2517\"><a href=\"https:\/\/price-low.eu\/a\/5LxJHW7jKtOj9X\"><button>Zakup na stronie producenta (-50%)<\/button><\/a><\/p>\n<h2 data-start=\"2519\" data-end=\"2551\">Kup teraz NanoFlex z dostaw\u0105<\/h2>\n<p data-start=\"2553\" data-end=\"2917\">Zakup NanoFlex jest prosty i wygodny. Preparat dost\u0119pny jest w sprzeda\u017cy online, co oznacza, \u017ce mo\u017cna go zam\u00f3wi\u0107 bez wychodzenia z domu. Co wa\u017cne, zakup na oficjalnej stronie producenta nie wymaga wcze\u015bniejszej p\u0142atno\u015bci \u2013 zap\u0142at\u0119 dokonuje si\u0119 dopiero przy odbiorze przesy\u0142ki. Dzi\u0119ki temu, masz pewno\u015b\u0107, \u017ce otrzymasz oryginalny produkt, bez ryzyka zakupu podr\u00f3bek.<\/p>\n<p data-start=\"2919\" data-end=\"3382\">Dostawa zam\u00f3wionego NanoFlex w Polsce wynosi zazwyczaj od <strong data-start=\"2977\" data-end=\"3001\">3 do 4 dni roboczych<\/strong>, co sprawia, \u017ce proces zakupu jest szybki i wygodny. Co wi\u0119cej, zam\u00f3wienie jest zawsze potwierdzane telefonicznie przez konsultanta, kt\u00f3ry odpowie na wszystkie pytania dotycz\u0105ce preparatu oraz doradzi, jakie opakowanie wybra\u0107 w zale\u017cno\u015bci od indywidualnych potrzeb. Specjalista mo\u017ce r\u00f3wnie\u017c poinformowa\u0107 o aktualnych promocjach i ofertach, co pozwala na oszcz\u0119dno\u015bci przy zakupie.<\/p>\n<h2 data-start=\"3384\" data-end=\"3432\">Por\u00f3wnanie ofert: ceny i dost\u0119pno\u015b\u0107 NanoFlex<\/h2>\n<p data-start=\"3434\" data-end=\"3862\">Producent NanoFlex k\u0142adzie du\u017cy nacisk na dost\u0119pno\u015b\u0107 swojego produktu dla szerokiego grona odbiorc\u00f3w, dlatego zdecydowa\u0142 si\u0119 na sprzeda\u017c suplementu bezpo\u015brednio poprzez swoj\u0105 oficjaln\u0105 stron\u0119 internetow\u0105. Dzi\u0119ki temu mo\u017cna unikn\u0105\u0107 po\u015brednik\u00f3w, kt\u00f3rzy zazwyczaj podnosz\u0105 ceny produktu, oraz na\u0142o\u017cy\u0107 dodatkowe mar\u017ce. Kupuj\u0105c NanoFlex bezpo\u015brednio od producenta, masz pewno\u015b\u0107, \u017ce otrzymujesz oryginalny produkt w atrakcyjnej cenie.<\/p>\n<p data-start=\"3864\" data-end=\"4320\">Na stronie producenta cz\u0119sto pojawiaj\u0105 si\u0119 <strong data-start=\"3907\" data-end=\"3928\">promocje i zni\u017cki<\/strong>, kt\u00f3re pozwalaj\u0105 na zakup suplementu w korzystniejszych cenach. Warto regularnie sprawdza\u0107 dost\u0119pno\u015b\u0107 takich ofert, poniewa\u017c rabaty mog\u0105 by\u0107 dost\u0119pne tylko przez ograniczony czas. Warto r\u00f3wnie\u017c zaznaczy\u0107, \u017ce NanoFlex nie jest dost\u0119pny w stacjonarnych aptekach, co pozwala unikn\u0105\u0107 dodatkowych koszt\u00f3w zwi\u0105zanych z po\u015brednikami i zapewnia, \u017ce cena na oficjalnej stronie jest najkorzystniejsza.<\/p>\n<p data-start=\"4322\" data-end=\"4694\">Kupuj\u0105c na stronie producenta, nie tylko oszcz\u0119dzasz, ale tak\u017ce masz pewno\u015b\u0107, \u017ce otrzymujesz oryginalny produkt. Cz\u0119sto w przypadku popularnych suplement\u00f3w diety, takich jak NanoFlex, pojawiaj\u0105 si\u0119 podr\u00f3bki, kt\u00f3re mog\u0105 nie tylko nie przynie\u015b\u0107 oczekiwanych efekt\u00f3w, ale r\u00f3wnie\u017c stanowi\u0107 zagro\u017cenie dla zdrowia. Kupuj\u0105c bezpo\u015brednio z oficjalnej strony, unikasz tego ryzyka.<\/p>\n<p data-start=\"4714\" data-end=\"5181\" data-is-last-node=\"\" data-is-only-node=\"\">NanoFlex to naturalny preparat, kt\u00f3ry zyskuje coraz wi\u0119ksz\u0105 popularno\u015b\u0107 dzi\u0119ki swojej skuteczno\u015bci w \u0142agodzeniu b\u00f3l\u00f3w staw\u00f3w oraz poprawie ich elastyczno\u015bci. Opinie klient\u00f3w potwierdzaj\u0105 jego pozytywne dzia\u0142anie i dost\u0119pno\u015b\u0107 w korzystnych cenach. Zakup NanoFlex jest prosty i bezpieczny \u2013 dzi\u0119ki opcji p\u0142atno\u015bci przy odbiorze oraz dostawie do 4 dni roboczych. Dodatkowo, oferowane promocje sprawiaj\u0105, \u017ce jest to produkt dost\u0119pny w atrakcyjnych cenach bez po\u015brednik\u00f3w.<\/p>\n","protected":false},"excerpt":{"rendered":"<p style=\"text-align: center;\"><a href=\"https:\/\/price-low.eu\/a\/5LxJHW7jKtOj9X\"><button>Kup teraz<\/button><\/a><\/p>\n<p>SKU:\u00a0<span class=\"sku\">789.321.877<\/span><\/p>\n<hr \/>\n<p><small>Produkt sprzedawany jest wy\u0142\u0105cznie za po\u015brednictwem oficjalnej strony producenta, id\u017a i kupuj bezpiecznie!<\/small><\/p>\n","protected":false},"featured_media":1215,"comment_status":"open","ping_status":"closed","template":"","meta":[],"product_brand":[],"product_cat":[15],"product_tag":[],"class_list":{"0":"post-1213","1":"product","2":"type-product","3":"status-publish","4":"has-post-thumbnail","6":"product_cat-supl","7":"thunk-woo-product-list","8":"opn-qv-enable","9":"top-store-woo-hover-","10":"top-store-single-product-tab-horizontal","11":"top-store-shadow-","12":"top-store-shadow-hover-","14":"first","15":"instock","16":"sale","17":"shipping-taxable","18":"purchasable","19":"product-type-simple"},"yoast_head":"<!-- This site is optimized with the Yoast SEO plugin v27.4 - https:\/\/yoast.com\/product\/yoast-seo-wordpress\/ -->\n<title>NanoFlex - kup suplement, cena w aptece, sk\u0142ad, dzia\u0142anie<\/title>\n<meta name=\"robots\" content=\"index, follow, max-snippet:-1, max-image-preview:large, max-video-preview:-1\" \/>\n<link rel=\"canonical\" href=\"https:\/\/lekarzeopole.pl\/wordpress\/product\/nanoflex\/\" \/>\n<meta property=\"og:locale\" content=\"pl_PL\" \/>\n<meta property=\"og:type\" content=\"article\" \/>\n<meta property=\"og:title\" content=\"NanoFlex - kup suplement, cena w aptece, sk\u0142ad, dzia\u0142anie\" \/>\n<meta property=\"og:description\" content=\"Kup teraz SKU:\u00a0789.321.877    Produkt sprzedawany jest wy\u0142\u0105cznie za po\u015brednictwem oficjalnej strony producenta, id\u017a i kupuj bezpiecznie!\" \/>\n<meta property=\"og:url\" content=\"https:\/\/lekarzeopole.pl\/wordpress\/product\/nanoflex\/\" \/>\n<meta property=\"og:site_name\" content=\"Lekarze Opole\" \/>\n<meta property=\"article:modified_time\" content=\"2025-04-17T15:32:13+00:00\" \/>\n<meta property=\"og:image\" content=\"https:\/\/lekarzeopole.pl\/wordpress\/wp-content\/uploads\/2025\/03\/nano-flex-k.png\" \/>\n\t<meta property=\"og:image:width\" content=\"421\" \/>\n\t<meta property=\"og:image:height\" content=\"460\" \/>\n\t<meta property=\"og:image:type\" content=\"image\/png\" \/>\n<meta name=\"twitter:card\" content=\"summary_large_image\" \/>\n<meta name=\"twitter:label1\" content=\"Szacowany czas czytania\" \/>\n\t<meta name=\"twitter:data1\" content=\"9 minut\" \/>\n<script type=\"application\/ld+json\" class=\"yoast-schema-graph\">{\"@context\":\"https:\\\/\\\/schema.org\",\"@graph\":[{\"@type\":\"WebPage\",\"@id\":\"https:\\\/\\\/lekarzeopole.pl\\\/wordpress\\\/product\\\/nanoflex\\\/\",\"url\":\"https:\\\/\\\/lekarzeopole.pl\\\/wordpress\\\/product\\\/nanoflex\\\/\",\"name\":\"NanoFlex - kup suplement, cena w aptece, sk\u0142ad, dzia\u0142anie\",\"isPartOf\":{\"@id\":\"https:\\\/\\\/lekarzeopole.pl\\\/wordpress\\\/#website\"},\"primaryImageOfPage\":{\"@id\":\"https:\\\/\\\/lekarzeopole.pl\\\/wordpress\\\/product\\\/nanoflex\\\/#primaryimage\"},\"image\":{\"@id\":\"https:\\\/\\\/lekarzeopole.pl\\\/wordpress\\\/product\\\/nanoflex\\\/#primaryimage\"},\"thumbnailUrl\":\"https:\\\/\\\/lekarzeopole.pl\\\/wordpress\\\/wp-content\\\/uploads\\\/2025\\\/03\\\/nano-flex-k.png\",\"datePublished\":\"2025-03-18T14:26:28+00:00\",\"dateModified\":\"2025-04-17T15:32:13+00:00\",\"breadcrumb\":{\"@id\":\"https:\\\/\\\/lekarzeopole.pl\\\/wordpress\\\/product\\\/nanoflex\\\/#breadcrumb\"},\"inLanguage\":\"pl-PL\",\"potentialAction\":[{\"@type\":\"ReadAction\",\"target\":[\"https:\\\/\\\/lekarzeopole.pl\\\/wordpress\\\/product\\\/nanoflex\\\/\"]}]},{\"@type\":\"ImageObject\",\"inLanguage\":\"pl-PL\",\"@id\":\"https:\\\/\\\/lekarzeopole.pl\\\/wordpress\\\/product\\\/nanoflex\\\/#primaryimage\",\"url\":\"https:\\\/\\\/lekarzeopole.pl\\\/wordpress\\\/wp-content\\\/uploads\\\/2025\\\/03\\\/nano-flex-k.png\",\"contentUrl\":\"https:\\\/\\\/lekarzeopole.pl\\\/wordpress\\\/wp-content\\\/uploads\\\/2025\\\/03\\\/nano-flex-k.png\",\"width\":421,\"height\":460,\"caption\":\"NanoFlex\"},{\"@type\":\"BreadcrumbList\",\"@id\":\"https:\\\/\\\/lekarzeopole.pl\\\/wordpress\\\/product\\\/nanoflex\\\/#breadcrumb\",\"itemListElement\":[{\"@type\":\"ListItem\",\"position\":1,\"name\":\"\u0413\u043b\u0430\u0432\u043d\u0430\u044f \u0441\u0442\u0440\u0430\u043d\u0438\u0446\u0430\",\"item\":\"https:\\\/\\\/lekarzeopole.pl\\\/wordpress\\\/\"},{\"@type\":\"ListItem\",\"position\":2,\"name\":\"Zakup\",\"item\":\"https:\\\/\\\/lekarzeopole.pl\\\/wordpress\\\/\"},{\"@type\":\"ListItem\",\"position\":3,\"name\":\"NanoFlex\"}]},{\"@type\":\"WebSite\",\"@id\":\"https:\\\/\\\/lekarzeopole.pl\\\/wordpress\\\/#website\",\"url\":\"https:\\\/\\\/lekarzeopole.pl\\\/wordpress\\\/\",\"name\":\"Lekarze Opole\",\"description\":\"\",\"potentialAction\":[{\"@type\":\"SearchAction\",\"target\":{\"@type\":\"EntryPoint\",\"urlTemplate\":\"https:\\\/\\\/lekarzeopole.pl\\\/wordpress\\\/?s={search_term_string}\"},\"query-input\":{\"@type\":\"PropertyValueSpecification\",\"valueRequired\":true,\"valueName\":\"search_term_string\"}}],\"inLanguage\":\"pl-PL\"}]}<\/script>\n<!-- \/ Yoast SEO plugin. -->","yoast_head_json":{"title":"NanoFlex - kup suplement, cena w aptece, sk\u0142ad, dzia\u0142anie","robots":{"index":"index","follow":"follow","max-snippet":"max-snippet:-1","max-image-preview":"max-image-preview:large","max-video-preview":"max-video-preview:-1"},"canonical":"https:\/\/lekarzeopole.pl\/wordpress\/product\/nanoflex\/","og_locale":"pl_PL","og_type":"article","og_title":"NanoFlex - kup suplement, cena w aptece, sk\u0142ad, dzia\u0142anie","og_description":"Kup teraz SKU:\u00a0789.321.877    Produkt sprzedawany jest wy\u0142\u0105cznie za po\u015brednictwem oficjalnej strony producenta, id\u017a i kupuj bezpiecznie!","og_url":"https:\/\/lekarzeopole.pl\/wordpress\/product\/nanoflex\/","og_site_name":"Lekarze Opole","article_modified_time":"2025-04-17T15:32:13+00:00","og_image":[{"width":421,"height":460,"url":"https:\/\/lekarzeopole.pl\/wordpress\/wp-content\/uploads\/2025\/03\/nano-flex-k.png","type":"image\/png"}],"twitter_card":"summary_large_image","twitter_misc":{"Szacowany czas czytania":"9 minut"},"schema":{"@context":"https:\/\/schema.org","@graph":[{"@type":"WebPage","@id":"https:\/\/lekarzeopole.pl\/wordpress\/product\/nanoflex\/","url":"https:\/\/lekarzeopole.pl\/wordpress\/product\/nanoflex\/","name":"NanoFlex - kup suplement, cena w aptece, sk\u0142ad, dzia\u0142anie","isPartOf":{"@id":"https:\/\/lekarzeopole.pl\/wordpress\/#website"},"primaryImageOfPage":{"@id":"https:\/\/lekarzeopole.pl\/wordpress\/product\/nanoflex\/#primaryimage"},"image":{"@id":"https:\/\/lekarzeopole.pl\/wordpress\/product\/nanoflex\/#primaryimage"},"thumbnailUrl":"https:\/\/lekarzeopole.pl\/wordpress\/wp-content\/uploads\/2025\/03\/nano-flex-k.png","datePublished":"2025-03-18T14:26:28+00:00","dateModified":"2025-04-17T15:32:13+00:00","breadcrumb":{"@id":"https:\/\/lekarzeopole.pl\/wordpress\/product\/nanoflex\/#breadcrumb"},"inLanguage":"pl-PL","potentialAction":[{"@type":"ReadAction","target":["https:\/\/lekarzeopole.pl\/wordpress\/product\/nanoflex\/"]}]},{"@type":"ImageObject","inLanguage":"pl-PL","@id":"https:\/\/lekarzeopole.pl\/wordpress\/product\/nanoflex\/#primaryimage","url":"https:\/\/lekarzeopole.pl\/wordpress\/wp-content\/uploads\/2025\/03\/nano-flex-k.png","contentUrl":"https:\/\/lekarzeopole.pl\/wordpress\/wp-content\/uploads\/2025\/03\/nano-flex-k.png","width":421,"height":460,"caption":"NanoFlex"},{"@type":"BreadcrumbList","@id":"https:\/\/lekarzeopole.pl\/wordpress\/product\/nanoflex\/#breadcrumb","itemListElement":[{"@type":"ListItem","position":1,"name":"\u0413\u043b\u0430\u0432\u043d\u0430\u044f \u0441\u0442\u0440\u0430\u043d\u0438\u0446\u0430","item":"https:\/\/lekarzeopole.pl\/wordpress\/"},{"@type":"ListItem","position":2,"name":"Zakup","item":"https:\/\/lekarzeopole.pl\/wordpress\/"},{"@type":"ListItem","position":3,"name":"NanoFlex"}]},{"@type":"WebSite","@id":"https:\/\/lekarzeopole.pl\/wordpress\/#website","url":"https:\/\/lekarzeopole.pl\/wordpress\/","name":"Lekarze Opole","description":"","potentialAction":[{"@type":"SearchAction","target":{"@type":"EntryPoint","urlTemplate":"https:\/\/lekarzeopole.pl\/wordpress\/?s={search_term_string}"},"query-input":{"@type":"PropertyValueSpecification","valueRequired":true,"valueName":"search_term_string"}}],"inLanguage":"pl-PL"}]}},"_links":{"self":[{"href":"https:\/\/lekarzeopole.pl\/wordpress\/wp-json\/wp\/v2\/product\/1213","targetHints":{"allow":["GET"]}}],"collection":[{"href":"https:\/\/lekarzeopole.pl\/wordpress\/wp-json\/wp\/v2\/product"}],"about":[{"href":"https:\/\/lekarzeopole.pl\/wordpress\/wp-json\/wp\/v2\/types\/product"}],"replies":[{"embeddable":true,"href":"https:\/\/lekarzeopole.pl\/wordpress\/wp-json\/wp\/v2\/comments?post=1213"}],"wp:featuredmedia":[{"embeddable":true,"href":"https:\/\/lekarzeopole.pl\/wordpress\/wp-json\/wp\/v2\/media\/1215"}],"wp:attachment":[{"href":"https:\/\/lekarzeopole.pl\/wordpress\/wp-json\/wp\/v2\/media?parent=1213"}],"wp:term":[{"taxonomy":"product_brand","embeddable":true,"href":"https:\/\/lekarzeopole.pl\/wordpress\/wp-json\/wp\/v2\/product_brand?post=1213"},{"taxonomy":"product_cat","embeddable":true,"href":"https:\/\/lekarzeopole.pl\/wordpress\/wp-json\/wp\/v2\/product_cat?post=1213"},{"taxonomy":"product_tag","embeddable":true,"href":"https:\/\/lekarzeopole.pl\/wordpress\/wp-json\/wp\/v2\/product_tag?post=1213"}],"curies":[{"name":"wp","href":"https:\/\/api.w.org\/{rel}","templated":true}]}}