{"id":1211,"date":"2025-03-18T14:18:16","date_gmt":"2025-03-18T14:18:16","guid":{"rendered":"https:\/\/lekarzeopole.pl\/wordpress\/?post_type=product&#038;p=1211"},"modified":"2025-06-13T12:43:43","modified_gmt":"2025-06-13T12:43:43","slug":"alvarix","status":"publish","type":"product","link":"https:\/\/lekarzeopole.pl\/wordpress\/product\/alvarix\/","title":{"rendered":"Alvarix"},"content":{"rendered":"<p data-start=\"91\" data-end=\"547\">W dzisiejszych czasach coraz wi\u0119cej os\u00f3b zwraca uwag\u0119 na zdrowie swojego serca i uk\u0142adu kr\u0105\u017cenia. Zanieczyszczone powietrze, stres, niew\u0142a\u015bciwa dieta i brak aktywno\u015bci fizycznej wp\u0142ywaj\u0105 negatywnie na kondycj\u0119 tego kluczowego uk\u0142adu w naszym organizmie. Dlatego istotne jest, aby\u015bmy dbali o nasze serce i uk\u0142ad kr\u0105\u017cenia. Jednym ze skuteczniejszych i bardziej naturalnych sposob\u00f3w wspomagania zdrowia serca jest stosowanie preparat\u00f3w takich jak <strong data-start=\"535\" data-end=\"546\">Alvarix<\/strong>.<\/p>\n<p data-start=\"549\" data-end=\"945\">Alvarix to innowacyjny suplement diety, kt\u00f3ry pomaga w utrzymaniu prawid\u0142owego funkcjonowania serca i uk\u0142adu kr\u0105\u017cenia. Dzi\u0119ki swojej naturalnej formule jest bezpieczny i skuteczny, a jednocze\u015bnie nie obci\u0105\u017ca organizmu niepotrzebnymi substancjami chemicznymi. W poni\u017cszej artykule om\u00f3wimy wskazania do stosowania Alvarix, sk\u0142ad jego sk\u0142adnik\u00f3w, efekty jego dzia\u0142ania oraz ryzyko skutk\u00f3w ubocznych.<\/p>\n<h2 data-start=\"947\" data-end=\"982\">Wskazania do stosowania Alvarix<\/h2>\n<p data-start=\"984\" data-end=\"1123\">Alvarix jest preparatem dedykowanym osobom, kt\u00f3re chc\u0105 zadba\u0107 o zdrowie swojego serca i uk\u0142adu kr\u0105\u017cenia. Produkt jest zalecany w przypadku:<\/p>\n<ol data-start=\"1125\" data-end=\"2096\">\n<li data-start=\"1125\" data-end=\"1323\"><strong data-start=\"1128\" data-end=\"1157\">Wspomagania zdrowia serca<\/strong> \u2013 Alvarix pomaga utrzyma\u0107 prawid\u0142owe funkcjonowanie serca, zapobiega jego nadmiernemu obci\u0105\u017ceniu, a tak\u017ce wspiera w leczeniu istniej\u0105cych problem\u00f3w kardiologicznych.<\/li>\n<li data-start=\"1324\" data-end=\"1525\"><strong data-start=\"1327\" data-end=\"1361\">Regulacja poziomu cholesterolu<\/strong> \u2013 Alvarix mo\u017ce wspiera\u0107 obni\u017cenie poziomu z\u0142ego cholesterolu (LDL) i podwy\u017cszenie poziomu dobrego cholesterolu (HDL), co jest kluczowe dla zdrowia uk\u0142adu kr\u0105\u017cenia.<\/li>\n<li data-start=\"1526\" data-end=\"1683\"><strong data-start=\"1529\" data-end=\"1560\">Podwy\u017cszenie ci\u015bnienia krwi<\/strong> \u2013 preparat mo\u017ce pom\u00f3c w stabilizacji ci\u015bnienia krwi, zapobiegaj\u0105c zar\u00f3wno jego zbyt wysokim, jak i zbyt niskim warto\u015bciom.<\/li>\n<li data-start=\"1684\" data-end=\"1861\"><strong data-start=\"1687\" data-end=\"1729\">Utrzymanie prawid\u0142owego przep\u0142ywu krwi<\/strong> \u2013 Alvarix poprawia mikrokr\u0105\u017cenie, co ma kluczowe znaczenie w zapobieganiu zakrzepom, zatorom czy innym zaburzeniom uk\u0142adu kr\u0105\u017cenia.<\/li>\n<li data-start=\"1862\" data-end=\"2096\"><strong data-start=\"1865\" data-end=\"1912\">Profilaktyka chor\u00f3b serca i uk\u0142adu kr\u0105\u017cenia<\/strong> \u2013 Alvarix jest idealnym \u015brodkiem profilaktycznym dla os\u00f3b nara\u017conych na choroby serca, w tym mia\u017cd\u017cyc\u0119 czy zawa\u0142 serca, a tak\u017ce dla os\u00f3b z grupy ryzyka (np. palacze, osoby z nadwag\u0105).<\/li>\n<\/ol>\n<h2 data-start=\"2098\" data-end=\"2138\">Sk\u0142ad i dzia\u0142anie sk\u0142adnik\u00f3w Alvarix<\/h2>\n<p data-start=\"2140\" data-end=\"2335\">Sk\u0142ad Alvarix oparty jest wy\u0142\u0105cznie na naturalnych sk\u0142adnikach, kt\u00f3re maj\u0105 udowodnione dzia\u0142anie prozdrowotne, zw\u0142aszcza w kontek\u015bcie zdrowia serca i uk\u0142adu kr\u0105\u017cenia. G\u0142\u00f3wne sk\u0142adniki Alvarix to:<\/p>\n<ol data-start=\"2337\" data-end=\"3480\">\n<li data-start=\"2337\" data-end=\"2603\"><strong data-start=\"2340\" data-end=\"2362\">Ekstrakt z czosnku<\/strong> \u2013 Czosnek od wiek\u00f3w jest stosowany jako naturalny \u015brodek wspomagaj\u0105cy zdrowie uk\u0142adu kr\u0105\u017cenia. Zawarte w nim substancje czynne (np. allicyna) maj\u0105 w\u0142a\u015bciwo\u015bci obni\u017caj\u0105ce poziom cholesterolu, zmniejszaj\u0105 ci\u015bnienie krwi i poprawiaj\u0105 kr\u0105\u017cenie.<\/li>\n<li data-start=\"2604\" data-end=\"2803\"><strong data-start=\"2607\" data-end=\"2631\">Ekstrakt z hibiskusa<\/strong> \u2013 Hibiskus jest znany z w\u0142a\u015bciwo\u015bci obni\u017caj\u0105cych ci\u015bnienie krwi i wspomagaj\u0105cych zdrowie serca. Dzia\u0142a r\u00f3wnie\u017c przeciwzapalnie i poprawia elastyczno\u015b\u0107 naczy\u0144 krwiono\u015bnych.<\/li>\n<li data-start=\"2804\" data-end=\"3059\"><strong data-start=\"2807\" data-end=\"2822\">Koenzym Q10<\/strong> \u2013 Jest to substancja, kt\u00f3ra wspiera produkcj\u0119 energii w kom\u00f3rkach i ma istotne znaczenie dla prawid\u0142owego funkcjonowania serca. Koenzym Q10 ma tak\u017ce dzia\u0142anie przeciwutleniaj\u0105ce, co chroni kom\u00f3rki przed uszkodzeniem przez wolne rodniki.<\/li>\n<li data-start=\"3060\" data-end=\"3246\"><strong data-start=\"3063\" data-end=\"3073\">Magnez<\/strong> \u2013 Magnez jest niezb\u0119dny do prawid\u0142owego funkcjonowania uk\u0142adu kr\u0105\u017cenia, pomaga w regulacji rytmu serca, zapobiega skurczom naczy\u0144 krwiono\u015bnych i stabilizuje ci\u015bnienie krwi.<\/li>\n<li data-start=\"3247\" data-end=\"3480\"><strong data-start=\"3250\" data-end=\"3271\">Witamina B6 i B12<\/strong> \u2013 Witamina B6 i B12 wp\u0142ywaj\u0105 na obni\u017cenie poziomu homocysteiny we krwi, co zmniejsza ryzyko chor\u00f3b serca. Ponadto, wspomagaj\u0105 one produkcj\u0119 czerwonych krwinek i wspieraj\u0105 prawid\u0142ow\u0105 prac\u0119 uk\u0142adu krwiono\u015bnego.<\/li>\n<\/ol>\n<p data-start=\"3482\" data-end=\"3663\">Ka\u017cdy z tych sk\u0142adnik\u00f3w pe\u0142ni kluczow\u0105 rol\u0119 w utrzymaniu zdrowego uk\u0142adu kr\u0105\u017cenia, a ich po\u0142\u0105czenie w Alvarix zapewnia kompleksow\u0105 pomoc w walce z chorobami serca i uk\u0142adu kr\u0105\u017cenia.<\/p>\n<p style=\"text-align: center;\" data-start=\"3482\" data-end=\"3663\"><a href=\"https:\/\/lyyeyfeo.worldkate.com\"><button>www.alvarix.pl<\/button><\/a><\/p>\n<h2 data-start=\"3665\" data-end=\"3705\">Efekty Alvarix i ich charakterystyka<\/h2>\n<p data-start=\"3707\" data-end=\"3905\">Stosowanie Alvarix mo\u017ce przynie\u015b\u0107 szereg pozytywnych efekt\u00f3w zdrowotnych, zw\u0142aszcza dla os\u00f3b borykaj\u0105cych si\u0119 z problemami sercowo-naczyniowymi. Do najwa\u017cniejszych efekt\u00f3w stosowania Alvarix nale\u017cy:<\/p>\n<ol data-start=\"3907\" data-end=\"4973\">\n<li data-start=\"3907\" data-end=\"4133\"><strong data-start=\"3910\" data-end=\"3930\">Poprawa kr\u0105\u017cenia<\/strong> \u2013 Dzi\u0119ki w\u0142a\u015bciwo\u015bciom rozszerzaj\u0105cym naczynia krwiono\u015bne, Alvarix poprawia przep\u0142yw krwi, co wspomaga dostarczanie tlenu i sk\u0142adnik\u00f3w od\u017cywczych do wszystkich kom\u00f3rek cia\u0142a, w tym do mi\u0119\u015bnia sercowego.<\/li>\n<li data-start=\"4134\" data-end=\"4340\"><strong data-start=\"4137\" data-end=\"4168\">Normalizacja ci\u015bnienia krwi<\/strong> \u2013 Alvarix pomaga w utrzymaniu ci\u015bnienia krwi w normie, zmniejszaj\u0105c ryzyko wyst\u0105pienia nadci\u015bnienia t\u0119tniczego, kt\u00f3re jest jednym z g\u0142\u00f3wnych czynnik\u00f3w ryzyka chor\u00f3b serca.<\/li>\n<li data-start=\"4341\" data-end=\"4579\"><strong data-start=\"4344\" data-end=\"4378\">Obni\u017cenie poziomu cholesterolu<\/strong> \u2013 Regularne stosowanie Alvarix mo\u017ce przyczyni\u0107 si\u0119 do obni\u017cenia poziomu z\u0142ego cholesterolu (LDL) i podwy\u017cszenia poziomu dobrego cholesterolu (HDL), co pozytywnie wp\u0142ywa na zdrowie naczy\u0144 krwiono\u015bnych.<\/li>\n<li data-start=\"4580\" data-end=\"4788\"><strong data-start=\"4583\" data-end=\"4610\">Ochrona przed mia\u017cd\u017cyc\u0105<\/strong> \u2013 Dzia\u0142anie przeciwzapalne sk\u0142adnik\u00f3w Alvarix wspomaga zapobieganie odk\u0142adaniu si\u0119 t\u0142uszczu na \u015bcianach naczy\u0144 krwiono\u015bnych, co zmniejsza ryzyko powstania mia\u017cd\u017cycy i zakrzep\u00f3w.<\/li>\n<li data-start=\"4789\" data-end=\"4973\"><strong data-start=\"4792\" data-end=\"4821\">Wspomaganie funkcji serca<\/strong> \u2013 Koenzym Q10 i magnez w sk\u0142adzie Alvarix wspomagaj\u0105 prac\u0119 serca, poprawiaj\u0105c jego wydolno\u015b\u0107 i zapobiegaj\u0105c zmniejszeniu si\u0119 energii w kom\u00f3rkach serca.<\/li>\n<\/ol>\n<h2 data-start=\"4975\" data-end=\"5003\">Ryzyko skutk\u00f3w ubocznych<\/h2>\n<p data-start=\"5005\" data-end=\"5337\">Alvarix jest preparatem naturalnym, kt\u00f3ry dzi\u0119ki swojej formule opiera si\u0119 na sk\u0142adnikach pochodzenia ro\u015blinnego i mineralnego. Dzi\u0119ki temu ryzyko wyst\u0105pienia skutk\u00f3w ubocznych jest minimalne. Naturalne sk\u0142adniki Alvarix nie obci\u0105\u017caj\u0105 organizmu chemicznymi substancjami, co sprawia, \u017ce preparat jest bezpieczny dla wi\u0119kszo\u015bci os\u00f3b.<\/p>\n<p data-start=\"5339\" data-end=\"5709\">Mimo to, jak w przypadku ka\u017cdego suplementu diety, osoby z alergi\u0105 na kt\u00f3rekolwiek z jego sk\u0142adnik\u00f3w powinny skonsultowa\u0107 si\u0119 z lekarzem przed rozpocz\u0119ciem stosowania. Ponadto, osoby przyjmuj\u0105ce leki na sta\u0142e, zw\u0142aszcza na choroby serca lub ci\u015bnienie krwi, powinny skonsultowa\u0107 si\u0119 z lekarzem przed u\u017cywaniem Alvarix, aby unikn\u0105\u0107 ewentualnych interakcji z innymi lekami.<\/p>\n<p data-start=\"5711\" data-end=\"5850\">Alvarix nie zawiera substancji chemicznych, kt\u00f3re mog\u0142yby powodowa\u0107 skutki uboczne, a jego stosowanie jest bezpieczne w zalecanych dawkach.<\/p>\n<h2 data-start=\"0\" data-end=\"54\">Opinie klient\u00f3w o Alvarix: fora po\u015bwi\u0119cone zdrowiu<\/h2>\n<p data-start=\"56\" data-end=\"657\">W Polsce, podobnie jak w innych krajach, fora internetowe staj\u0105 si\u0119 jednym z g\u0142\u00f3wnych \u017ar\u00f3de\u0142 informacji o produktach zdrowotnych. W sieci mo\u017cna znale\u017a\u0107 liczne dyskusje na temat suplement\u00f3w diety, w tym Alvarix, kt\u00f3ry zyskuje na popularno\u015bci. Coraz wi\u0119cej u\u017cytkownik\u00f3w dzieli si\u0119 swoimi do\u015bwiadczeniami z tego preparatu, a opinie s\u0105 bardzo pozytywne. Warto podkre\u015bli\u0107, \u017ce Alvarix zyska\u0142 uznanie w\u015br\u00f3d os\u00f3b dbaj\u0105cych o zdrowie serca i uk\u0142adu kr\u0105\u017cenia. Dzi\u0119ki swojej naturalnej formule, produkt zdoby\u0142 zaufanie u\u017cytkownik\u00f3w, kt\u00f3rzy zauwa\u017cyli popraw\u0119 w zakresie funkcjonowania uk\u0142adu sercowo-naczyniowego.<\/p>\n<p data-start=\"659\" data-end=\"880\">Wi\u0119kszo\u015b\u0107 u\u017cytkownik\u00f3w chwali Alvarix za jego skuteczno\u015b\u0107, przyst\u0119pno\u015b\u0107 i brak skutk\u00f3w ubocznych. Cz\u0119sto podkre\u015bla si\u0119 r\u00f3wnie\u017c \u0142atwo\u015b\u0107 zakupu i dost\u0119pno\u015b\u0107 produktu, co czyni go atrakcyjn\u0105 opcj\u0105 na rynku suplement\u00f3w diety.<\/p>\n<ol>\n<li data-start=\"919\" data-end=\"1260\"><strong data-start=\"919\" data-end=\"944\">Anna, 45 lat, Gda\u0144sk:<\/strong><br data-start=\"944\" data-end=\"947\" \/>\u201eZdecydowa\u0142am si\u0119 na Alvarix po tym, jak zacz\u0119\u0142am mie\u0107 problemy z wysokim ci\u015bnieniem. Ju\u017c po kilku tygodniach stosowania zauwa\u017cy\u0142am popraw\u0119, ci\u015bnienie zacz\u0119\u0142o wraca\u0107 do normy, a samopoczucie si\u0119 poprawi\u0142o. Jestem zadowolona z efekt\u00f3w i polecam ten suplement wszystkim, kt\u00f3rzy szukaj\u0105 naturalnej pomocy dla serca.\u201d<\/li>\n<li data-start=\"1262\" data-end=\"1626\"><strong data-start=\"1262\" data-end=\"1288\">Marek, 56 lat, Krak\u00f3w:<\/strong><br data-start=\"1288\" data-end=\"1291\" \/>\u201eAlvarix stosuj\u0119 od kilku miesi\u0119cy. Po jego zastosowaniu zauwa\u017cy\u0142em znaczn\u0105 popraw\u0119 kr\u0105\u017cenia i zmniejszenie problem\u00f3w z cholesterolami. Co wa\u017cne, nie mam \u017cadnych skutk\u00f3w ubocznych, a suplementacja jest prosta i bezpieczna. Dodatkowo, cena jest bardzo przyst\u0119pna, co sprawia, \u017ce produkt jest \u0142atwy do wprowadzenia do codziennej rutyny.\u201d<\/li>\n<\/ol>\n<h2 data-start=\"1628\" data-end=\"1661\">Spos\u00f3b podawania i dawkowanie<\/h2>\n<p data-start=\"1663\" data-end=\"1933\">Alvarix jest dost\u0119pny w postaci \u0142atwych do po\u0142kni\u0119cia kapsu\u0142ek, kt\u00f3re zapewniaj\u0105 wygodn\u0105 i skuteczn\u0105 suplementacj\u0119. Optymalna dawka zale\u017cy od indywidualnych potrzeb organizmu i stanu zdrowia u\u017cytkownika, jednak zazwyczaj zaleca si\u0119 przyjmowanie <strong data-start=\"1908\" data-end=\"1931\">1 kapsu\u0142ki dziennie<\/strong>.<\/p>\n<p data-start=\"1935\" data-end=\"2265\">Kapsu\u0142k\u0119 najlepiej jest przyjmowa\u0107 podczas posi\u0142ku, popijaj\u0105c j\u0105 szklank\u0105 wody. Dzi\u0119ki temu sk\u0142adniki aktywne preparatu b\u0119d\u0105 lepiej wch\u0142aniane przez organizm, a ich dzia\u0142anie b\u0119dzie bardziej efektywne. Wa\u017cne jest, aby nie przekracza\u0107 zalecanej dziennej dawki, poniewa\u017c nadmierna ilo\u015b\u0107 suplementu nie przynosi dodatkowych korzy\u015bci.<\/p>\n<p data-start=\"2267\" data-end=\"2575\">D\u0142ugotrwa\u0142e stosowanie Alvarix pomaga utrzyma\u0107 zdrowie serca i uk\u0142adu kr\u0105\u017cenia w dobrym stanie, a tak\u017ce wspiera naturalne mechanizmy obronne organizmu. Warto skonsultowa\u0107 si\u0119 z lekarzem lub farmaceut\u0105 przed rozpocz\u0119ciem kuracji, szczeg\u00f3lnie je\u015bli przyjmujesz inne leki lub masz istniej\u0105ce problemy zdrowotne.<\/p>\n<p style=\"text-align: center;\" data-start=\"2267\" data-end=\"2575\"><a href=\"https:\/\/lyyeyfeo.worldkate.com\"><button>Zakup na stronie producenta (-50%)<\/button><\/a><\/p>\n<h2 data-start=\"2577\" data-end=\"2608\">Kup teraz Alvarix z dostaw\u0105<\/h2>\n<p data-start=\"2610\" data-end=\"3078\">Zakup Alvarix jest niezwykle prosty i wygodny, a sama procedura zam\u00f3wienia jest w pe\u0142ni online. Wystarczy odwiedzi\u0107 stron\u0119 internetow\u0105 producenta i z\u0142o\u017cy\u0107 zam\u00f3wienie, wybieraj\u0105c odpowiedni\u0105 ilo\u015b\u0107 preparatu. Co wa\u017cne, p\u0142atno\u015b\u0107 za produkt realizowana jest <strong data-start=\"2864\" data-end=\"2891\">po otrzymaniu przesy\u0142ki<\/strong>, co oznacza brak ryzyka zwi\u0105zane z op\u0142at\u0105 z g\u00f3ry. To wygodne rozwi\u0105zanie dla os\u00f3b, kt\u00f3re chc\u0105 unikn\u0105\u0107 p\u0142atno\u015bci przed wysy\u0142k\u0105, a jednocze\u015bnie otrzyma\u0107 oryginalny produkt w niskiej cenie.<\/p>\n<p data-start=\"3080\" data-end=\"3426\"><strong data-start=\"3080\" data-end=\"3096\">Czas dostawy<\/strong> to zazwyczaj 3-4 dni robocze na terenie Polski, co sprawia, \u017ce Alvarix jest dost\u0119pny w szybkim czasie, bez zb\u0119dnego oczekiwania. Co wi\u0119cej, ka\u017cdy zakup jest potwierdzany przez specjalist\u0119 telefonicznie, kt\u00f3ry mo\u017ce udzieli\u0107 dodatkowych informacji na temat preparatu, jego dawkowania oraz dost\u0119pno\u015bci aktualnych promocji i rabat\u00f3w.<\/p>\n<p data-start=\"3428\" data-end=\"3592\">Zakup przez internet to r\u00f3wnie\u017c gwarancja, \u017ce otrzymasz <strong data-start=\"3484\" data-end=\"3522\">oryginalny produkt bez po\u015brednik\u00f3w<\/strong>, co zmniejsza ryzyko zakupu podr\u00f3bek lub produkt\u00f3w o ni\u017cszej jako\u015bci.<\/p>\n<h2 data-start=\"3594\" data-end=\"3641\">Por\u00f3wnanie ofert: ceny i dost\u0119pno\u015b\u0107 Alvarix<\/h2>\n<p data-start=\"3643\" data-end=\"3966\">Producent Alvarix k\u0142adzie du\u017cy nacisk na <strong data-start=\"3684\" data-end=\"3698\">dost\u0119pno\u015b\u0107<\/strong> swojego produktu, oferuj\u0105c go bezpo\u015brednio na swojej stronie internetowej. Dzi\u0119ki temu u\u017cytkownicy mog\u0105 zakupi\u0107 suplement w atrakcyjnej cenie, bez dodatkowych koszt\u00f3w zwi\u0105zanych z po\u015brednikami czy na\u0142o\u017conymi mar\u017cami, jak ma to miejsce w przypadku aptek stacjonarnych.<\/p>\n<p data-start=\"3968\" data-end=\"4375\">Alvarix nie jest dost\u0119pny w tradycyjnych aptekach, poniewa\u017c producent zdecydowa\u0142 si\u0119 na sprzeda\u017c wy\u0142\u0105cznie poprzez w\u0142asn\u0105 stron\u0119 internetow\u0105. Dzi\u0119ki temu mo\u017ce kontrolowa\u0107 jako\u015b\u0107, cen\u0119 i dost\u0119pno\u015b\u0107 produktu, oferuj\u0105c <strong data-start=\"4184\" data-end=\"4204\">korzystne rabaty<\/strong>. <strong data-start=\"4206\" data-end=\"4214\">Ceny<\/strong> suplementu s\u0105 konkurencyjne, a regularnie organizowane promocje i zni\u017cki sprawiaj\u0105, \u017ce Alvarix jest jeszcze bardziej dost\u0119pny dla szerokiego kr\u0119gu konsument\u00f3w.<\/p>\n<p data-start=\"4377\" data-end=\"4681\">Warto regularnie sprawdza\u0107 ofert\u0119, poniewa\u017c czasami dost\u0119pne s\u0105 dodatkowe akcje promocyjne, kt\u00f3re pozwalaj\u0105 na zakup Alvarix w jeszcze korzystniejszej cenie. Odpowiednia polityka sprzeda\u017cy umo\u017cliwia r\u00f3wnie\u017c zakup w bardzo przyst\u0119pnych warunkach, co z pewno\u015bci\u0105 wp\u0142ywa na wysok\u0105 popularno\u015b\u0107 tego produktu.<\/p>\n<p data-start=\"4701\" data-end=\"5160\" data-is-last-node=\"\" data-is-only-node=\"\">Alvarix to skuteczny, naturalny suplement diety, kt\u00f3ry cieszy si\u0119 coraz wi\u0119ksz\u0105 popularno\u015bci\u0105 w\u015br\u00f3d os\u00f3b dbaj\u0105cych o zdrowie serca i uk\u0142adu kr\u0105\u017cenia. Dzi\u0119ki pozytywnym opiniom u\u017cytkownik\u00f3w, \u0142atwo\u015bci zakupu online i korzystnym warunkom sprzeda\u017cy, Alvarix staje si\u0119 wyborem numer jeden dla os\u00f3b poszukuj\u0105cych skutecznej i bezpiecznej pomocy w utrzymaniu zdrowia serca. Kupno suplementu jest szybkie, proste i bezpieczne, a sama dostawa odbywa si\u0119 b\u0142yskawicznie.<\/p>\n","protected":false},"excerpt":{"rendered":"<p style=\"text-align: center;\"><a href=\"https:\/\/lyyeyfeo.worldkate.com\"><button>Kup teraz<\/button><\/a><\/p>\n<p>SKU:\u00a0<span class=\"sku\">789.321.876<\/span><\/p>\n<hr \/>\n<p><small>Produkt sprzedawany jest wy\u0142\u0105cznie za po\u015brednictwem oficjalnej strony producenta, id\u017a i kupuj bezpiecznie!<\/small><\/p>\n","protected":false},"featured_media":1212,"comment_status":"open","ping_status":"closed","template":"","meta":[],"product_brand":[],"product_cat":[15],"product_tag":[],"class_list":{"0":"post-1211","1":"product","2":"type-product","3":"status-publish","4":"has-post-thumbnail","6":"product_cat-supl","7":"thunk-woo-product-list","8":"opn-qv-enable","9":"top-store-woo-hover-","10":"top-store-single-product-tab-horizontal","11":"top-store-shadow-","12":"top-store-shadow-hover-","14":"first","15":"instock","16":"sale","17":"shipping-taxable","18":"purchasable","19":"product-type-simple"},"yoast_head":"<!-- This site is optimized with the Yoast SEO plugin v27.4 - https:\/\/yoast.com\/product\/yoast-seo-wordpress\/ -->\n<title>Alvarix - kup suplement, cena w aptece, sk\u0142ad, dzia\u0142anie<\/title>\n<meta name=\"robots\" content=\"index, follow, max-snippet:-1, max-image-preview:large, max-video-preview:-1\" \/>\n<link rel=\"canonical\" href=\"https:\/\/lekarzeopole.pl\/wordpress\/product\/alvarix\/\" \/>\n<meta property=\"og:locale\" content=\"pl_PL\" \/>\n<meta property=\"og:type\" content=\"article\" \/>\n<meta property=\"og:title\" content=\"Alvarix - kup suplement, cena w aptece, sk\u0142ad, dzia\u0142anie\" \/>\n<meta property=\"og:description\" content=\"Kup teraz SKU:\u00a0789.321.876    Produkt sprzedawany jest wy\u0142\u0105cznie za po\u015brednictwem oficjalnej strony producenta, id\u017a i kupuj bezpiecznie!\" \/>\n<meta property=\"og:url\" content=\"https:\/\/lekarzeopole.pl\/wordpress\/product\/alvarix\/\" \/>\n<meta property=\"og:site_name\" content=\"Lekarze Opole\" \/>\n<meta property=\"article:modified_time\" content=\"2025-06-13T12:43:43+00:00\" \/>\n<meta property=\"og:image\" content=\"https:\/\/lekarzeopole.pl\/wordpress\/wp-content\/uploads\/2025\/03\/alvarix.png\" \/>\n\t<meta property=\"og:image:width\" content=\"400\" \/>\n\t<meta property=\"og:image:height\" content=\"400\" \/>\n\t<meta property=\"og:image:type\" content=\"image\/png\" \/>\n<meta name=\"twitter:card\" content=\"summary_large_image\" \/>\n<meta name=\"twitter:label1\" content=\"Szacowany czas czytania\" \/>\n\t<meta name=\"twitter:data1\" content=\"9 minut\" \/>\n<script type=\"application\/ld+json\" class=\"yoast-schema-graph\">{\"@context\":\"https:\\\/\\\/schema.org\",\"@graph\":[{\"@type\":\"WebPage\",\"@id\":\"https:\\\/\\\/lekarzeopole.pl\\\/wordpress\\\/product\\\/alvarix\\\/\",\"url\":\"https:\\\/\\\/lekarzeopole.pl\\\/wordpress\\\/product\\\/alvarix\\\/\",\"name\":\"Alvarix - kup suplement, cena w aptece, sk\u0142ad, dzia\u0142anie\",\"isPartOf\":{\"@id\":\"https:\\\/\\\/lekarzeopole.pl\\\/wordpress\\\/#website\"},\"primaryImageOfPage\":{\"@id\":\"https:\\\/\\\/lekarzeopole.pl\\\/wordpress\\\/product\\\/alvarix\\\/#primaryimage\"},\"image\":{\"@id\":\"https:\\\/\\\/lekarzeopole.pl\\\/wordpress\\\/product\\\/alvarix\\\/#primaryimage\"},\"thumbnailUrl\":\"https:\\\/\\\/lekarzeopole.pl\\\/wordpress\\\/wp-content\\\/uploads\\\/2025\\\/03\\\/alvarix.png\",\"datePublished\":\"2025-03-18T14:18:16+00:00\",\"dateModified\":\"2025-06-13T12:43:43+00:00\",\"breadcrumb\":{\"@id\":\"https:\\\/\\\/lekarzeopole.pl\\\/wordpress\\\/product\\\/alvarix\\\/#breadcrumb\"},\"inLanguage\":\"pl-PL\",\"potentialAction\":[{\"@type\":\"ReadAction\",\"target\":[\"https:\\\/\\\/lekarzeopole.pl\\\/wordpress\\\/product\\\/alvarix\\\/\"]}]},{\"@type\":\"ImageObject\",\"inLanguage\":\"pl-PL\",\"@id\":\"https:\\\/\\\/lekarzeopole.pl\\\/wordpress\\\/product\\\/alvarix\\\/#primaryimage\",\"url\":\"https:\\\/\\\/lekarzeopole.pl\\\/wordpress\\\/wp-content\\\/uploads\\\/2025\\\/03\\\/alvarix.png\",\"contentUrl\":\"https:\\\/\\\/lekarzeopole.pl\\\/wordpress\\\/wp-content\\\/uploads\\\/2025\\\/03\\\/alvarix.png\",\"width\":400,\"height\":400,\"caption\":\"Alvarix\"},{\"@type\":\"BreadcrumbList\",\"@id\":\"https:\\\/\\\/lekarzeopole.pl\\\/wordpress\\\/product\\\/alvarix\\\/#breadcrumb\",\"itemListElement\":[{\"@type\":\"ListItem\",\"position\":1,\"name\":\"\u0413\u043b\u0430\u0432\u043d\u0430\u044f \u0441\u0442\u0440\u0430\u043d\u0438\u0446\u0430\",\"item\":\"https:\\\/\\\/lekarzeopole.pl\\\/wordpress\\\/\"},{\"@type\":\"ListItem\",\"position\":2,\"name\":\"Zakup\",\"item\":\"https:\\\/\\\/lekarzeopole.pl\\\/wordpress\\\/\"},{\"@type\":\"ListItem\",\"position\":3,\"name\":\"Alvarix\"}]},{\"@type\":\"WebSite\",\"@id\":\"https:\\\/\\\/lekarzeopole.pl\\\/wordpress\\\/#website\",\"url\":\"https:\\\/\\\/lekarzeopole.pl\\\/wordpress\\\/\",\"name\":\"Lekarze Opole\",\"description\":\"\",\"potentialAction\":[{\"@type\":\"SearchAction\",\"target\":{\"@type\":\"EntryPoint\",\"urlTemplate\":\"https:\\\/\\\/lekarzeopole.pl\\\/wordpress\\\/?s={search_term_string}\"},\"query-input\":{\"@type\":\"PropertyValueSpecification\",\"valueRequired\":true,\"valueName\":\"search_term_string\"}}],\"inLanguage\":\"pl-PL\"}]}<\/script>\n<!-- \/ Yoast SEO plugin. -->","yoast_head_json":{"title":"Alvarix - kup suplement, cena w aptece, sk\u0142ad, dzia\u0142anie","robots":{"index":"index","follow":"follow","max-snippet":"max-snippet:-1","max-image-preview":"max-image-preview:large","max-video-preview":"max-video-preview:-1"},"canonical":"https:\/\/lekarzeopole.pl\/wordpress\/product\/alvarix\/","og_locale":"pl_PL","og_type":"article","og_title":"Alvarix - kup suplement, cena w aptece, sk\u0142ad, dzia\u0142anie","og_description":"Kup teraz SKU:\u00a0789.321.876    Produkt sprzedawany jest wy\u0142\u0105cznie za po\u015brednictwem oficjalnej strony producenta, id\u017a i kupuj bezpiecznie!","og_url":"https:\/\/lekarzeopole.pl\/wordpress\/product\/alvarix\/","og_site_name":"Lekarze Opole","article_modified_time":"2025-06-13T12:43:43+00:00","og_image":[{"width":400,"height":400,"url":"https:\/\/lekarzeopole.pl\/wordpress\/wp-content\/uploads\/2025\/03\/alvarix.png","type":"image\/png"}],"twitter_card":"summary_large_image","twitter_misc":{"Szacowany czas czytania":"9 minut"},"schema":{"@context":"https:\/\/schema.org","@graph":[{"@type":"WebPage","@id":"https:\/\/lekarzeopole.pl\/wordpress\/product\/alvarix\/","url":"https:\/\/lekarzeopole.pl\/wordpress\/product\/alvarix\/","name":"Alvarix - kup suplement, cena w aptece, sk\u0142ad, dzia\u0142anie","isPartOf":{"@id":"https:\/\/lekarzeopole.pl\/wordpress\/#website"},"primaryImageOfPage":{"@id":"https:\/\/lekarzeopole.pl\/wordpress\/product\/alvarix\/#primaryimage"},"image":{"@id":"https:\/\/lekarzeopole.pl\/wordpress\/product\/alvarix\/#primaryimage"},"thumbnailUrl":"https:\/\/lekarzeopole.pl\/wordpress\/wp-content\/uploads\/2025\/03\/alvarix.png","datePublished":"2025-03-18T14:18:16+00:00","dateModified":"2025-06-13T12:43:43+00:00","breadcrumb":{"@id":"https:\/\/lekarzeopole.pl\/wordpress\/product\/alvarix\/#breadcrumb"},"inLanguage":"pl-PL","potentialAction":[{"@type":"ReadAction","target":["https:\/\/lekarzeopole.pl\/wordpress\/product\/alvarix\/"]}]},{"@type":"ImageObject","inLanguage":"pl-PL","@id":"https:\/\/lekarzeopole.pl\/wordpress\/product\/alvarix\/#primaryimage","url":"https:\/\/lekarzeopole.pl\/wordpress\/wp-content\/uploads\/2025\/03\/alvarix.png","contentUrl":"https:\/\/lekarzeopole.pl\/wordpress\/wp-content\/uploads\/2025\/03\/alvarix.png","width":400,"height":400,"caption":"Alvarix"},{"@type":"BreadcrumbList","@id":"https:\/\/lekarzeopole.pl\/wordpress\/product\/alvarix\/#breadcrumb","itemListElement":[{"@type":"ListItem","position":1,"name":"\u0413\u043b\u0430\u0432\u043d\u0430\u044f \u0441\u0442\u0440\u0430\u043d\u0438\u0446\u0430","item":"https:\/\/lekarzeopole.pl\/wordpress\/"},{"@type":"ListItem","position":2,"name":"Zakup","item":"https:\/\/lekarzeopole.pl\/wordpress\/"},{"@type":"ListItem","position":3,"name":"Alvarix"}]},{"@type":"WebSite","@id":"https:\/\/lekarzeopole.pl\/wordpress\/#website","url":"https:\/\/lekarzeopole.pl\/wordpress\/","name":"Lekarze Opole","description":"","potentialAction":[{"@type":"SearchAction","target":{"@type":"EntryPoint","urlTemplate":"https:\/\/lekarzeopole.pl\/wordpress\/?s={search_term_string}"},"query-input":{"@type":"PropertyValueSpecification","valueRequired":true,"valueName":"search_term_string"}}],"inLanguage":"pl-PL"}]}},"_links":{"self":[{"href":"https:\/\/lekarzeopole.pl\/wordpress\/wp-json\/wp\/v2\/product\/1211","targetHints":{"allow":["GET"]}}],"collection":[{"href":"https:\/\/lekarzeopole.pl\/wordpress\/wp-json\/wp\/v2\/product"}],"about":[{"href":"https:\/\/lekarzeopole.pl\/wordpress\/wp-json\/wp\/v2\/types\/product"}],"replies":[{"embeddable":true,"href":"https:\/\/lekarzeopole.pl\/wordpress\/wp-json\/wp\/v2\/comments?post=1211"}],"wp:featuredmedia":[{"embeddable":true,"href":"https:\/\/lekarzeopole.pl\/wordpress\/wp-json\/wp\/v2\/media\/1212"}],"wp:attachment":[{"href":"https:\/\/lekarzeopole.pl\/wordpress\/wp-json\/wp\/v2\/media?parent=1211"}],"wp:term":[{"taxonomy":"product_brand","embeddable":true,"href":"https:\/\/lekarzeopole.pl\/wordpress\/wp-json\/wp\/v2\/product_brand?post=1211"},{"taxonomy":"product_cat","embeddable":true,"href":"https:\/\/lekarzeopole.pl\/wordpress\/wp-json\/wp\/v2\/product_cat?post=1211"},{"taxonomy":"product_tag","embeddable":true,"href":"https:\/\/lekarzeopole.pl\/wordpress\/wp-json\/wp\/v2\/product_tag?post=1211"}],"curies":[{"name":"wp","href":"https:\/\/api.w.org\/{rel}","templated":true}]}}