{"id":1188,"date":"2025-02-21T14:49:54","date_gmt":"2025-02-21T14:49:54","guid":{"rendered":"https:\/\/lekarzeopole.pl\/wordpress\/?post_type=product&#038;p=1188"},"modified":"2025-02-21T14:49:55","modified_gmt":"2025-02-21T14:49:55","slug":"alpha-gigante","status":"publish","type":"product","link":"https:\/\/lekarzeopole.pl\/wordpress\/product\/alpha-gigante\/","title":{"rendered":"Alpha Gigante"},"content":{"rendered":"<p data-start=\"614\" data-end=\"862\"><strong data-start=\"614\" data-end=\"631\">Alpha Gigante<\/strong> to suplement diety, kt\u00f3ry dedykowany jest m\u0119\u017cczyznom, kt\u00f3rzy borykaj\u0105 si\u0119 z problemami zwi\u0105zanymi z potencj\u0105 oraz potrzebuj\u0105 wsparcia w poprawie og\u00f3lnej energii i witalno\u015bci. G\u0142\u00f3wne wskazania do stosowania tego preparatu obejmuj\u0105:<\/p>\n<ul data-start=\"864\" data-end=\"1203\">\n<li data-start=\"864\" data-end=\"920\">Problemy z erekcj\u0105, w tym trudno\u015bci z jej utrzymaniem.<\/li>\n<li data-start=\"921\" data-end=\"959\">Spadek poziomu energii i witalno\u015bci.<\/li>\n<li data-start=\"960\" data-end=\"1015\">Obni\u017cona aktywno\u015b\u0107 seksualna oraz zmniejszone libido.<\/li>\n<li data-start=\"1016\" data-end=\"1117\">Przem\u0119czenie, stres oraz zmniejszona zdolno\u015b\u0107 do koncentracji i wykonywania codziennych obowi\u0105zk\u00f3w.<\/li>\n<li data-start=\"1118\" data-end=\"1203\">Wspomaganie organizmu w okresach zwi\u0119kszonego wysi\u0142ku fizycznego oraz psychicznego.<\/li>\n<\/ul>\n<p data-start=\"1205\" data-end=\"1457\">Dzi\u0119ki regularnemu stosowaniu Alpha Gigante, m\u0119\u017cczy\u017ani mog\u0105 cieszy\u0107 si\u0119 popraw\u0105 jako\u015bci swojego \u017cycia seksualnego oraz og\u00f3lnego samopoczucia. Suplement ten jest szczeg\u00f3lnie polecany w sytuacjach, gdy potrzebna jest szybka poprawa kondycji oraz energii.<\/p>\n<h2 data-start=\"1459\" data-end=\"1504\">Sk\u0142ad i dzia\u0142anie sk\u0142adnik\u00f3w Alpha Gigante<\/h2>\n<p data-start=\"1506\" data-end=\"1826\"><strong data-start=\"1506\" data-end=\"1523\">Alpha Gigante<\/strong> wyr\u00f3\u017cnia si\u0119 tym, \u017ce jego sk\u0142adniki s\u0105 w 100% naturalne, co minimalizuje ryzyko skutk\u00f3w ubocznych i zapewnia bezpiecze\u0144stwo stosowania. Ka\u017cdy z komponent\u00f3w zosta\u0142 starannie dobrany, aby wspiera\u0107 m\u0119ski organizm w najbardziej skuteczny spos\u00f3b. Poni\u017cej przedstawiamy kluczowe sk\u0142adniki oraz ich dzia\u0142anie:<\/p>\n<ol data-start=\"1828\" data-end=\"3575\">\n<li data-start=\"1828\" data-end=\"2181\">\n<p data-start=\"1831\" data-end=\"2181\"><strong data-start=\"1831\" data-end=\"1856\">L-arginina (Arginina)<\/strong><br data-start=\"1856\" data-end=\"1859\" \/>L-arginina jest aminokwasem, kt\u00f3ry odgrywa kluczow\u0105 rol\u0119 w produkcji tlenku azotu, substancji niezb\u0119dnej do rozszerzania naczy\u0144 krwiono\u015bnych. Dzi\u0119ki temu poprawia przep\u0142yw krwi, co ma bezpo\u015bredni wp\u0142yw na popraw\u0119 erekcji oraz wzrost poziomu energii. Arginina mo\u017ce tak\u017ce wspiera\u0107 regeneracj\u0119 organizmu po wysi\u0142ku fizycznym.<\/p>\n<\/li>\n<li data-start=\"2183\" data-end=\"2573\">\n<p data-start=\"2186\" data-end=\"2573\"><strong data-start=\"2186\" data-end=\"2230\">Korze\u0144 ro\u015bliny Smilax officinalis Kunth.<\/strong><br data-start=\"2230\" data-end=\"2233\" \/>Smilax officinalis, znana r\u00f3wnie\u017c jako ro\u015blina kolcza, jest ro\u015blin\u0105 wykorzystywan\u0105 od wiek\u00f3w w tradycyjnej medycynie. Dzia\u0142a tonizuj\u0105co na organizm, wspomaga popraw\u0119 kondycji seksualnej, a tak\u017ce przyczynia si\u0119 do zwi\u0119kszenia libido oraz poprawy witalno\u015bci. Ponadto, wspiera funkcjonowanie uk\u0142adu odporno\u015bciowego i pomaga walczy\u0107 ze stresem.<\/p>\n<\/li>\n<li data-start=\"2575\" data-end=\"2903\">\n<p data-start=\"2578\" data-end=\"2903\"><strong data-start=\"2578\" data-end=\"2646\">Ekstrakt z cz\u0119\u015bci nadziemnych owsa zwyczajnego (Avena sativa L.)<\/strong><br data-start=\"2646\" data-end=\"2649\" \/>Owsiany ekstrakt jest znany ze swoich w\u0142a\u015bciwo\u015bci wzmacniaj\u0105cych organizm. Owsik wspiera funkcje seksualne, poprawia libido i og\u00f3ln\u0105 odporno\u015b\u0107. Dzia\u0142a tak\u017ce jako naturalny \u015brodek wspomagaj\u0105cy popraw\u0119 nastroju oraz zmniejszenie objaw\u00f3w stresu i zm\u0119czenia.<\/p>\n<\/li>\n<li data-start=\"2905\" data-end=\"3213\">\n<p data-start=\"2908\" data-end=\"3213\"><strong data-start=\"2908\" data-end=\"2916\">Cynk<\/strong><br data-start=\"2916\" data-end=\"2919\" \/>Cynk jest jednym z najwa\u017cniejszych minera\u0142\u00f3w dla m\u0119\u017cczyzn, szczeg\u00f3lnie w kontek\u015bcie zdrowia seksualnego. Jest niezb\u0119dny do produkcji testosteronu, a tak\u017ce poprawia funkcje rozrodcze. Regularne spo\u017cywanie cynku wspiera r\u00f3wnie\u017c zdrowie sk\u00f3ry, wzmacnia uk\u0142ad odporno\u015bciowy i poprawia koncentracj\u0119.<\/p>\n<\/li>\n<li data-start=\"3215\" data-end=\"3575\">\n<p data-start=\"3218\" data-end=\"3575\"><strong data-start=\"3218\" data-end=\"3227\">Selen<\/strong><br data-start=\"3227\" data-end=\"3230\" \/>Selen to silny antyoksydant, kt\u00f3ry pomaga w ochronie kom\u00f3rek organizmu przed dzia\u0142aniem wolnych rodnik\u00f3w. Wspomaga r\u00f3wnie\u017c produkcj\u0119 testosteronu, co jest kluczowe dla zachowania prawid\u0142owej funkcji seksualnej m\u0119\u017cczyzn. Selen ma r\u00f3wnie\u017c korzystny wp\u0142yw na kondycj\u0119 psychiczn\u0105 i fizyczn\u0105, zmniejszaj\u0105c zm\u0119czenie i poprawiaj\u0105c odporno\u015b\u0107 organizmu.<\/p>\n<\/li>\n<\/ol>\n<p style=\"text-align: center;\"><a href=\"https:\/\/tl-track.com\/tracker\/vudE\"><button>www.alpha-gigante.pl<\/button><\/a><\/p>\n<h2 data-start=\"3577\" data-end=\"3622\">Efekty Alpha Gigante i ich charakterystyka<\/h2>\n<p data-start=\"3624\" data-end=\"3862\">Stosowanie <strong data-start=\"3635\" data-end=\"3652\">Alpha Gigante<\/strong> przynosi szereg korzy\u015bci, kt\u00f3re maj\u0105 na celu popraw\u0119 zar\u00f3wno zdrowia seksualnego, jak i og\u00f3lnego samopoczucia. Do najwa\u017cniejszych efekt\u00f3w, kt\u00f3re mo\u017cna zauwa\u017cy\u0107 po regularnym stosowaniu tego suplementu, nale\u017c\u0105:<\/p>\n<ul data-start=\"3864\" data-end=\"4863\">\n<li data-start=\"3864\" data-end=\"4064\"><strong data-start=\"3866\" data-end=\"3893\">Poprawa jako\u015bci erekcji<\/strong>: Dzi\u0119ki L-argininie i Smilax officinalis, Alpha Gigante wspomaga przep\u0142yw krwi, co prowadzi do poprawy jako\u015bci erekcji oraz lepszej reakcji organizmu na bod\u017ace seksualne.<\/li>\n<li data-start=\"4065\" data-end=\"4254\"><strong data-start=\"4067\" data-end=\"4103\">Zwi\u0119kszenie energii i witalno\u015bci<\/strong>: Ekstrakt z owsa zwyczajnego oraz cynk w sk\u0142adzie kapsu\u0142ek wspieraj\u0105 og\u00f3ln\u0105 energi\u0119 organizmu, poprawiaj\u0105 koncentracj\u0119, zmniejszaj\u0105 zm\u0119czenie i stres.<\/li>\n<li data-start=\"4255\" data-end=\"4445\"><strong data-start=\"4257\" data-end=\"4279\">Zwi\u0119kszenie libido<\/strong>: Korze\u0144 Smilax officinalis oraz L-arginina maj\u0105 korzystny wp\u0142yw na zwi\u0119kszenie po\u017c\u0105dania seksualnego, co pozwala na powr\u00f3t do pe\u0142nej satysfakcji z \u017cycia seksualnego.<\/li>\n<li data-start=\"4446\" data-end=\"4668\"><strong data-start=\"4448\" data-end=\"4486\">Wzmocnienie uk\u0142adu odporno\u015bciowego<\/strong>: Dzi\u0119ki dzia\u0142aniu cynku i selenu, Alpha Gigante pomaga w utrzymaniu zdrowego uk\u0142adu odporno\u015bciowego, co jest szczeg\u00f3lnie wa\u017cne w okresach wzmo\u017conego stresu lub os\u0142abienia organizmu.<\/li>\n<li data-start=\"4669\" data-end=\"4863\"><strong data-start=\"4671\" data-end=\"4704\">Poprawa og\u00f3lnego samopoczucia<\/strong>: Alpha Gigante dzia\u0142a holistycznie na organizm, poprawiaj\u0105c nastr\u00f3j, redukuj\u0105c stres oraz wspieraj\u0105c regeneracj\u0119 organizmu po wysi\u0142ku fizycznym i psychicznym.<\/li>\n<\/ul>\n<p data-start=\"4865\" data-end=\"5016\">Efekty stosowania <strong data-start=\"4883\" data-end=\"4900\">Alpha Gigante<\/strong> mog\u0105 by\u0107 zauwa\u017calne ju\u017c po kilku dniach regularnego stosowania, a pe\u0142ne rezultaty mo\u017cna odczu\u0107 po kilku tygodniach.<\/p>\n<h2 data-start=\"5018\" data-end=\"5045\">Ryzyko skutk\u00f3w ubocznych<\/h2>\n<p data-start=\"5047\" data-end=\"5555\">Jedn\u0105 z g\u0142\u00f3wnych zalet <strong data-start=\"5070\" data-end=\"5087\">Alpha Gigante<\/strong> jest to, \u017ce produkt jest w pe\u0142ni naturalny. Zawarte w kapsu\u0142kach sk\u0142adniki pochodz\u0105 wy\u0142\u0105cznie z ro\u015blinnych \u017ar\u00f3de\u0142 oraz minera\u0142\u00f3w, kt\u00f3re s\u0105 dobrze tolerowane przez organizm. Dzi\u0119ki temu ryzyko wyst\u0105pienia skutk\u00f3w ubocznych jest minimalne. Warto jednak pami\u0119ta\u0107, \u017ce jak w przypadku ka\u017cdego suplementu diety, istnieje mo\u017cliwo\u015b\u0107 indywidualnej nietolerancji na kt\u00f3ry\u015b ze sk\u0142adnik\u00f3w, co mo\u017ce objawi\u0107 si\u0119 w postaci drobnych dolegliwo\u015bci \u017co\u0142\u0105dkowych lub reakcji alergicznych.<\/p>\n<p data-start=\"5557\" data-end=\"5773\">Aby unikn\u0105\u0107 jakichkolwiek komplikacji, zaleca si\u0119 konsultacj\u0119 z lekarzem przed rozpocz\u0119ciem stosowania <strong data-start=\"5660\" data-end=\"5677\">Alpha Gigante<\/strong>, szczeg\u00f3lnie w przypadku os\u00f3b cierpi\u0105cych na przewlek\u0142e schorzenia lub przyjmuj\u0105cych inne leki.<\/p>\n<h2 data-start=\"0\" data-end=\"59\">Opinie klient\u00f3w o Alpha Gigante: fora po\u015bwi\u0119cone zdrowiu<\/h2>\n<p data-start=\"61\" data-end=\"510\">W Polsce fora internetowe sta\u0142y si\u0119 jednym z g\u0142\u00f3wnych \u017ar\u00f3de\u0142 opinii na temat r\u00f3\u017cnych produkt\u00f3w, w tym suplement\u00f3w diety. Wiele os\u00f3b, kt\u00f3re korzystaj\u0105 z takich preparat\u00f3w jak <strong data-start=\"235\" data-end=\"252\">Alpha Gigante<\/strong>, dzieli si\u0119 swoimi do\u015bwiadczeniami i opiniami, co pomaga innym podj\u0105\u0107 decyzj\u0119 o ich stosowaniu. Warto doda\u0107, \u017ce <strong data-start=\"365\" data-end=\"382\">Alpha Gigante<\/strong> zyskuje coraz wi\u0119ksz\u0105 popularno\u015b\u0107 w\u015br\u00f3d u\u017cytkownik\u00f3w, co wida\u0107 na licznych forach i grupach internetowych po\u015bwi\u0119conych zdrowiu.<\/p>\n<p data-start=\"512\" data-end=\"859\">Przyczyn\u0105 tej rosn\u0105cej popularno\u015bci jest nie tylko skuteczno\u015b\u0107 preparatu, ale tak\u017ce jego dost\u0119pno\u015b\u0107, \u0142atwo\u015b\u0107 zakupu oraz pozytywne efekty, jakie dostrzegaj\u0105 jego u\u017cytkownicy. Wi\u0119kszo\u015b\u0107 os\u00f3b, kt\u00f3re wypr\u00f3bowa\u0142y <strong data-start=\"721\" data-end=\"738\">Alpha Gigante<\/strong>, opisuje jego pozytywne dzia\u0142anie, wskazuj\u0105c na popraw\u0119 jako\u015bci \u017cycia seksualnego, wi\u0119ksz\u0105 energi\u0119 i popraw\u0119 witalno\u015bci.<\/p>\n<h3 data-start=\"861\" data-end=\"897\">Przyk\u0142adowe opinie u\u017cytkownik\u00f3w:<\/h3>\n<ul data-start=\"899\" data-end=\"1554\">\n<li data-start=\"899\" data-end=\"1218\">\n<p data-start=\"901\" data-end=\"1218\"><strong data-start=\"901\" data-end=\"919\">Marek, 42 lata<\/strong>: \u201eZdecydowa\u0142em si\u0119 na <strong data-start=\"942\" data-end=\"959\">Alpha Gigante<\/strong>, poniewa\u017c od d\u0142u\u017cszego czasu mia\u0142em problemy z utrzymaniem energii i libido. Po kilku dniach stosowania zauwa\u017cy\u0142em, \u017ce moje samopoczucie znacz\u0105co si\u0119 poprawi\u0142o. Erekcja sta\u0142a si\u0119 silniejsza, a moje og\u00f3lne zdrowie seksualne poprawi\u0142o si\u0119. To naprawd\u0119 dzia\u0142a!\u201d<\/p>\n<\/li>\n<li data-start=\"1220\" data-end=\"1554\">\n<p data-start=\"1222\" data-end=\"1554\"><strong data-start=\"1222\" data-end=\"1239\">Piotr, 38 lat<\/strong>: \u201eKupi\u0142em <strong data-start=\"1250\" data-end=\"1267\">Alpha Gigante<\/strong>, poniewa\u017c szuka\u0142em czego\u015b, co pomo\u017ce mi przywr\u00f3ci\u0107 energi\u0119 i poprawi\u0107 kondycj\u0119 seksualn\u0105. Po kilku tygodniach stosowania zauwa\u017cy\u0142em wyra\u017an\u0105 popraw\u0119. Nie tylko moje \u017cycie seksualne sta\u0142o si\u0119 lepsze, ale tak\u017ce poczu\u0142em si\u0119 bardziej zmotywowany do codziennych obowi\u0105zk\u00f3w. Polecam ka\u017cdemu!\u201d<\/p>\n<\/li>\n<\/ul>\n<p data-start=\"1556\" data-end=\"1688\">Opinie te potwierdzaj\u0105 wysok\u0105 skuteczno\u015b\u0107 i pozytywny wp\u0142yw, jaki <strong data-start=\"1622\" data-end=\"1639\">Alpha Gigante<\/strong> ma na m\u0119\u017cczyzn w r\u00f3\u017cnych przedzia\u0142ach wiekowych.<\/p>\n<h2 data-start=\"1690\" data-end=\"1722\">Spos\u00f3b podawania i dawkowanie<\/h2>\n<p data-start=\"1724\" data-end=\"2195\">Aby <strong data-start=\"1728\" data-end=\"1745\">Alpha Gigante<\/strong> przynosi\u0142o oczekiwane efekty, wa\u017cne jest, aby stosowa\u0107 go zgodnie z zaleceniami producenta. W przypadku tego suplementu diety dawkowanie jest proste i wygodne. Producent zaleca stosowanie jednej kapsu\u0142ki dziennie, najlepiej po posi\u0142ku. Kapsu\u0142k\u0119 nale\u017cy popi\u0107 szklank\u0105 wody. Nale\u017cy pami\u0119ta\u0107, \u017ce skuteczno\u015b\u0107 preparatu zale\u017cy od regularno\u015bci stosowania, dlatego warto przyj\u0105\u0107 <strong data-start=\"2118\" data-end=\"2135\">Alpha Gigante<\/strong> codziennie przez d\u0142u\u017cszy czas, aby dostrzec pe\u0142ne korzy\u015bci.<\/p>\n<p data-start=\"2197\" data-end=\"2569\">W przypadku w\u0105tpliwo\u015bci dotycz\u0105cych dawkowania, zawsze warto skonsultowa\u0107 si\u0119 z lekarzem lub specjalist\u0105, szczeg\u00f3lnie je\u015bli ma si\u0119 jakiekolwiek przewlek\u0142e schorzenia lub przyjmuje si\u0119 inne suplementy lub leki. Dobr\u0105 praktyk\u0105 jest r\u00f3wnie\u017c dostosowanie dawkowania do w\u0142asnych potrzeb oraz stopniowe wprowadzanie suplementu do diety, je\u015bli wyst\u0119puj\u0105 jakiekolwiek w\u0105tpliwo\u015bci.<\/p>\n<p style=\"text-align: center;\"><a href=\"https:\/\/tl-track.com\/tracker\/vudE\"><button>Zakup na stronie producenta (-50%)<\/button><\/a><\/p>\n<h2 data-start=\"2571\" data-end=\"2607\">Kup teraz Alpha Gigante z dostaw\u0105<\/h2>\n<p data-start=\"2609\" data-end=\"2967\">Zakup <strong data-start=\"2615\" data-end=\"2632\">Alpha Gigante<\/strong> jest prosty i wygodny. Produkt mo\u017cna naby\u0107 bezpo\u015brednio online, co pozwala na zaoszcz\u0119dzenie czasu oraz pieni\u0119dzy, unikaj\u0105c konieczno\u015bci odwiedzania aptek. Co wi\u0119cej, p\u0142atno\u015b\u0107 za suplement nie jest wymagana z g\u00f3ry \u2013 u\u017cytkownicy p\u0142ac\u0105 dopiero po otrzymaniu produktu, co daje im pewno\u015b\u0107, \u017ce zakupiony towar jest oryginalny i bezpieczny.<\/p>\n<p data-start=\"2969\" data-end=\"3291\">Dostawa <strong data-start=\"2977\" data-end=\"2994\">Alpha Gigante<\/strong> na terenie Polski odbywa si\u0119 w ci\u0105gu 3-4 dni roboczych, co zapewnia szybki dost\u0119p do produktu. Wa\u017cn\u0105 cech\u0105 tej us\u0142ugi jest r\u00f3wnie\u017c telefoniczne potwierdzenie zam\u00f3wienia przez specjalist\u0119, kt\u00f3ry dodatkowo mo\u017ce udzieli\u0107 porady dotycz\u0105cej ilo\u015bci opakowa\u0144 oraz dost\u0119pnych promocji i akcji rabatowych.<\/p>\n<p data-start=\"3293\" data-end=\"3469\">Wygodne metody zakupu i dostawy sprawiaj\u0105, \u017ce <strong data-start=\"3339\" data-end=\"3356\">Alpha Gigante<\/strong> jest dost\u0119pne dla ka\u017cdego m\u0119\u017cczyzny, kt\u00f3ry chce poprawi\u0107 jako\u015b\u0107 swojego \u017cycia seksualnego oraz zdrowia og\u00f3lnego.<\/p>\n<h2 data-start=\"3471\" data-end=\"3523\">Por\u00f3wnanie ofert: ceny i dost\u0119pno\u015b\u0107 Alpha Gigante<\/h2>\n<p data-start=\"3525\" data-end=\"3925\">Producent <strong data-start=\"3535\" data-end=\"3552\">Alpha Gigante<\/strong> stawia na dost\u0119pno\u015b\u0107 swojego produktu dla szerokiego grona odbiorc\u00f3w. Dlatego suplement diety mo\u017cna kupi\u0107 bezpo\u015brednio na oficjalnej stronie producenta, co pozwala unikn\u0105\u0107 dodatkowych koszt\u00f3w zwi\u0105zanych z po\u015brednikami i mar\u017cami. Dzi\u0119ki temu cena preparatu jest bardzo atrakcyjna, a klienci mog\u0105 liczy\u0107 na korzystne oferty i rabaty, kt\u00f3re s\u0105 regularnie dost\u0119pne na stronie.<\/p>\n<p data-start=\"3927\" data-end=\"4229\">Regularne promocje i oferty specjalne sprawiaj\u0105, \u017ce cena <strong data-start=\"3984\" data-end=\"4001\">Alpha Gigante<\/strong> jest konkurencyjna na rynku suplement\u00f3w diety. Z tego powodu produkt nie jest dost\u0119pny w stacjonarnych aptekach, poniewa\u017c producent chce oferowa\u0107 go bezpo\u015brednio konsumentowi, bez dodatkowych koszt\u00f3w wynikaj\u0105cych z po\u015brednik\u00f3w.<\/p>\n<p data-start=\"5792\" data-end=\"6389\" data-is-last-node=\"\" data-is-only-node=\"\"><strong data-start=\"5792\" data-end=\"5809\">Alpha Gigante<\/strong> to naturalny suplement diety, kt\u00f3ry mo\u017ce pom\u00f3c m\u0119\u017cczyznom w poprawie jako\u015bci ich \u017cycia seksualnego, witalno\u015bci oraz og\u00f3lnego samopoczucia. Dzi\u0119ki starannie dobranym sk\u0142adnikom, takim jak L-arginina, Smilax officinalis, ekstrakt z owsa zwyczajnego, cynk i selen, suplement oferuje skuteczn\u0105 pomoc w walce z problemami z erekcj\u0105, niskim libido, zm\u0119czeniem oraz stresem. Dzia\u0142anie tych sk\u0142adnik\u00f3w wspiera m\u0119ski organizm, poprawiaj\u0105c jego funkcjonowanie na wielu poziomach. Alpha Gigante to produkt, po kt\u00f3ry warto si\u0119gn\u0105\u0107, by cieszy\u0107 si\u0119 lepszym zdrowiem i pe\u0142nym \u017cyciem seksualnym.<\/p>\n","protected":false},"excerpt":{"rendered":"<p style=\"text-align: center;\"><a href=\"https:\/\/tl-track.com\/tracker\/vudE\"><button>Kup teraz<\/button><\/a><\/p>\n<p>SKU:\u00a0<span class=\"sku\">789.321.874<\/span><\/p>\n<hr \/>\n<p><small>Produkt sprzedawany jest wy\u0142\u0105cznie za po\u015brednictwem oficjalnej strony producenta, id\u017a i kupuj bezpiecznie!<\/small><\/p>\n","protected":false},"featured_media":1189,"comment_status":"open","ping_status":"closed","template":"","meta":[],"product_brand":[],"product_cat":[15],"product_tag":[],"class_list":{"0":"post-1188","1":"product","2":"type-product","3":"status-publish","4":"has-post-thumbnail","6":"product_cat-supl","7":"thunk-woo-product-list","8":"opn-qv-enable","9":"top-store-woo-hover-","10":"top-store-single-product-tab-horizontal","11":"top-store-shadow-","12":"top-store-shadow-hover-","14":"first","15":"instock","16":"sale","17":"shipping-taxable","18":"purchasable","19":"product-type-simple"},"yoast_head":"<!-- This site is optimized with the Yoast SEO plugin v27.4 - https:\/\/yoast.com\/product\/yoast-seo-wordpress\/ -->\n<title>Alpha Gigante - kup suplement, cena w aptece, sk\u0142ad, dzia\u0142anie<\/title>\n<meta name=\"robots\" content=\"index, follow, max-snippet:-1, max-image-preview:large, max-video-preview:-1\" \/>\n<link rel=\"canonical\" href=\"https:\/\/lekarzeopole.pl\/wordpress\/product\/alpha-gigante\/\" \/>\n<meta property=\"og:locale\" content=\"pl_PL\" \/>\n<meta property=\"og:type\" content=\"article\" \/>\n<meta property=\"og:title\" content=\"Alpha Gigante - kup suplement, cena w aptece, sk\u0142ad, dzia\u0142anie\" \/>\n<meta property=\"og:description\" content=\"Kup teraz SKU:\u00a0789.321.874    Produkt sprzedawany jest wy\u0142\u0105cznie za po\u015brednictwem oficjalnej strony producenta, id\u017a i kupuj bezpiecznie!\" \/>\n<meta property=\"og:url\" content=\"https:\/\/lekarzeopole.pl\/wordpress\/product\/alpha-gigante\/\" \/>\n<meta property=\"og:site_name\" content=\"Lekarze Opole\" \/>\n<meta property=\"article:modified_time\" content=\"2025-02-21T14:49:55+00:00\" \/>\n<meta property=\"og:image\" content=\"https:\/\/lekarzeopole.pl\/wordpress\/wp-content\/uploads\/2025\/02\/alpha-gigante1.jpg\" \/>\n\t<meta property=\"og:image:width\" content=\"1000\" \/>\n\t<meta property=\"og:image:height\" content=\"1163\" \/>\n\t<meta property=\"og:image:type\" content=\"image\/jpeg\" \/>\n<meta name=\"twitter:card\" content=\"summary_large_image\" \/>\n<meta name=\"twitter:label1\" content=\"Szacowany czas czytania\" \/>\n\t<meta name=\"twitter:data1\" content=\"8 minut\" \/>\n<script type=\"application\/ld+json\" class=\"yoast-schema-graph\">{\"@context\":\"https:\\\/\\\/schema.org\",\"@graph\":[{\"@type\":\"WebPage\",\"@id\":\"https:\\\/\\\/lekarzeopole.pl\\\/wordpress\\\/product\\\/alpha-gigante\\\/\",\"url\":\"https:\\\/\\\/lekarzeopole.pl\\\/wordpress\\\/product\\\/alpha-gigante\\\/\",\"name\":\"Alpha Gigante - kup suplement, cena w aptece, sk\u0142ad, dzia\u0142anie\",\"isPartOf\":{\"@id\":\"https:\\\/\\\/lekarzeopole.pl\\\/wordpress\\\/#website\"},\"primaryImageOfPage\":{\"@id\":\"https:\\\/\\\/lekarzeopole.pl\\\/wordpress\\\/product\\\/alpha-gigante\\\/#primaryimage\"},\"image\":{\"@id\":\"https:\\\/\\\/lekarzeopole.pl\\\/wordpress\\\/product\\\/alpha-gigante\\\/#primaryimage\"},\"thumbnailUrl\":\"https:\\\/\\\/lekarzeopole.pl\\\/wordpress\\\/wp-content\\\/uploads\\\/2025\\\/02\\\/alpha-gigante1.jpg\",\"datePublished\":\"2025-02-21T14:49:54+00:00\",\"dateModified\":\"2025-02-21T14:49:55+00:00\",\"breadcrumb\":{\"@id\":\"https:\\\/\\\/lekarzeopole.pl\\\/wordpress\\\/product\\\/alpha-gigante\\\/#breadcrumb\"},\"inLanguage\":\"pl-PL\",\"potentialAction\":[{\"@type\":\"ReadAction\",\"target\":[\"https:\\\/\\\/lekarzeopole.pl\\\/wordpress\\\/product\\\/alpha-gigante\\\/\"]}]},{\"@type\":\"ImageObject\",\"inLanguage\":\"pl-PL\",\"@id\":\"https:\\\/\\\/lekarzeopole.pl\\\/wordpress\\\/product\\\/alpha-gigante\\\/#primaryimage\",\"url\":\"https:\\\/\\\/lekarzeopole.pl\\\/wordpress\\\/wp-content\\\/uploads\\\/2025\\\/02\\\/alpha-gigante1.jpg\",\"contentUrl\":\"https:\\\/\\\/lekarzeopole.pl\\\/wordpress\\\/wp-content\\\/uploads\\\/2025\\\/02\\\/alpha-gigante1.jpg\",\"width\":1000,\"height\":1163,\"caption\":\"Alpha Gigante\"},{\"@type\":\"BreadcrumbList\",\"@id\":\"https:\\\/\\\/lekarzeopole.pl\\\/wordpress\\\/product\\\/alpha-gigante\\\/#breadcrumb\",\"itemListElement\":[{\"@type\":\"ListItem\",\"position\":1,\"name\":\"\u0413\u043b\u0430\u0432\u043d\u0430\u044f \u0441\u0442\u0440\u0430\u043d\u0438\u0446\u0430\",\"item\":\"https:\\\/\\\/lekarzeopole.pl\\\/wordpress\\\/\"},{\"@type\":\"ListItem\",\"position\":2,\"name\":\"Zakup\",\"item\":\"https:\\\/\\\/lekarzeopole.pl\\\/wordpress\\\/\"},{\"@type\":\"ListItem\",\"position\":3,\"name\":\"Alpha Gigante\"}]},{\"@type\":\"WebSite\",\"@id\":\"https:\\\/\\\/lekarzeopole.pl\\\/wordpress\\\/#website\",\"url\":\"https:\\\/\\\/lekarzeopole.pl\\\/wordpress\\\/\",\"name\":\"Lekarze Opole\",\"description\":\"\",\"potentialAction\":[{\"@type\":\"SearchAction\",\"target\":{\"@type\":\"EntryPoint\",\"urlTemplate\":\"https:\\\/\\\/lekarzeopole.pl\\\/wordpress\\\/?s={search_term_string}\"},\"query-input\":{\"@type\":\"PropertyValueSpecification\",\"valueRequired\":true,\"valueName\":\"search_term_string\"}}],\"inLanguage\":\"pl-PL\"}]}<\/script>\n<!-- \/ Yoast SEO plugin. -->","yoast_head_json":{"title":"Alpha Gigante - kup suplement, cena w aptece, sk\u0142ad, dzia\u0142anie","robots":{"index":"index","follow":"follow","max-snippet":"max-snippet:-1","max-image-preview":"max-image-preview:large","max-video-preview":"max-video-preview:-1"},"canonical":"https:\/\/lekarzeopole.pl\/wordpress\/product\/alpha-gigante\/","og_locale":"pl_PL","og_type":"article","og_title":"Alpha Gigante - kup suplement, cena w aptece, sk\u0142ad, dzia\u0142anie","og_description":"Kup teraz SKU:\u00a0789.321.874    Produkt sprzedawany jest wy\u0142\u0105cznie za po\u015brednictwem oficjalnej strony producenta, id\u017a i kupuj bezpiecznie!","og_url":"https:\/\/lekarzeopole.pl\/wordpress\/product\/alpha-gigante\/","og_site_name":"Lekarze Opole","article_modified_time":"2025-02-21T14:49:55+00:00","og_image":[{"width":1000,"height":1163,"url":"https:\/\/lekarzeopole.pl\/wordpress\/wp-content\/uploads\/2025\/02\/alpha-gigante1.jpg","type":"image\/jpeg"}],"twitter_card":"summary_large_image","twitter_misc":{"Szacowany czas czytania":"8 minut"},"schema":{"@context":"https:\/\/schema.org","@graph":[{"@type":"WebPage","@id":"https:\/\/lekarzeopole.pl\/wordpress\/product\/alpha-gigante\/","url":"https:\/\/lekarzeopole.pl\/wordpress\/product\/alpha-gigante\/","name":"Alpha Gigante - kup suplement, cena w aptece, sk\u0142ad, dzia\u0142anie","isPartOf":{"@id":"https:\/\/lekarzeopole.pl\/wordpress\/#website"},"primaryImageOfPage":{"@id":"https:\/\/lekarzeopole.pl\/wordpress\/product\/alpha-gigante\/#primaryimage"},"image":{"@id":"https:\/\/lekarzeopole.pl\/wordpress\/product\/alpha-gigante\/#primaryimage"},"thumbnailUrl":"https:\/\/lekarzeopole.pl\/wordpress\/wp-content\/uploads\/2025\/02\/alpha-gigante1.jpg","datePublished":"2025-02-21T14:49:54+00:00","dateModified":"2025-02-21T14:49:55+00:00","breadcrumb":{"@id":"https:\/\/lekarzeopole.pl\/wordpress\/product\/alpha-gigante\/#breadcrumb"},"inLanguage":"pl-PL","potentialAction":[{"@type":"ReadAction","target":["https:\/\/lekarzeopole.pl\/wordpress\/product\/alpha-gigante\/"]}]},{"@type":"ImageObject","inLanguage":"pl-PL","@id":"https:\/\/lekarzeopole.pl\/wordpress\/product\/alpha-gigante\/#primaryimage","url":"https:\/\/lekarzeopole.pl\/wordpress\/wp-content\/uploads\/2025\/02\/alpha-gigante1.jpg","contentUrl":"https:\/\/lekarzeopole.pl\/wordpress\/wp-content\/uploads\/2025\/02\/alpha-gigante1.jpg","width":1000,"height":1163,"caption":"Alpha Gigante"},{"@type":"BreadcrumbList","@id":"https:\/\/lekarzeopole.pl\/wordpress\/product\/alpha-gigante\/#breadcrumb","itemListElement":[{"@type":"ListItem","position":1,"name":"\u0413\u043b\u0430\u0432\u043d\u0430\u044f \u0441\u0442\u0440\u0430\u043d\u0438\u0446\u0430","item":"https:\/\/lekarzeopole.pl\/wordpress\/"},{"@type":"ListItem","position":2,"name":"Zakup","item":"https:\/\/lekarzeopole.pl\/wordpress\/"},{"@type":"ListItem","position":3,"name":"Alpha Gigante"}]},{"@type":"WebSite","@id":"https:\/\/lekarzeopole.pl\/wordpress\/#website","url":"https:\/\/lekarzeopole.pl\/wordpress\/","name":"Lekarze Opole","description":"","potentialAction":[{"@type":"SearchAction","target":{"@type":"EntryPoint","urlTemplate":"https:\/\/lekarzeopole.pl\/wordpress\/?s={search_term_string}"},"query-input":{"@type":"PropertyValueSpecification","valueRequired":true,"valueName":"search_term_string"}}],"inLanguage":"pl-PL"}]}},"_links":{"self":[{"href":"https:\/\/lekarzeopole.pl\/wordpress\/wp-json\/wp\/v2\/product\/1188","targetHints":{"allow":["GET"]}}],"collection":[{"href":"https:\/\/lekarzeopole.pl\/wordpress\/wp-json\/wp\/v2\/product"}],"about":[{"href":"https:\/\/lekarzeopole.pl\/wordpress\/wp-json\/wp\/v2\/types\/product"}],"replies":[{"embeddable":true,"href":"https:\/\/lekarzeopole.pl\/wordpress\/wp-json\/wp\/v2\/comments?post=1188"}],"wp:featuredmedia":[{"embeddable":true,"href":"https:\/\/lekarzeopole.pl\/wordpress\/wp-json\/wp\/v2\/media\/1189"}],"wp:attachment":[{"href":"https:\/\/lekarzeopole.pl\/wordpress\/wp-json\/wp\/v2\/media?parent=1188"}],"wp:term":[{"taxonomy":"product_brand","embeddable":true,"href":"https:\/\/lekarzeopole.pl\/wordpress\/wp-json\/wp\/v2\/product_brand?post=1188"},{"taxonomy":"product_cat","embeddable":true,"href":"https:\/\/lekarzeopole.pl\/wordpress\/wp-json\/wp\/v2\/product_cat?post=1188"},{"taxonomy":"product_tag","embeddable":true,"href":"https:\/\/lekarzeopole.pl\/wordpress\/wp-json\/wp\/v2\/product_tag?post=1188"}],"curies":[{"name":"wp","href":"https:\/\/api.w.org\/{rel}","templated":true}]}}