{"id":1184,"date":"2025-02-21T14:40:26","date_gmt":"2025-02-21T14:40:26","guid":{"rendered":"https:\/\/lekarzeopole.pl\/wordpress\/?post_type=product&#038;p=1184"},"modified":"2025-02-21T14:40:26","modified_gmt":"2025-02-21T14:40:26","slug":"verafit","status":"publish","type":"product","link":"https:\/\/lekarzeopole.pl\/wordpress\/product\/verafit\/","title":{"rendered":"VeraFit"},"content":{"rendered":"<p data-start=\"61\" data-end=\"711\">VeraFit to preparat, kt\u00f3ry dzi\u0119ki swojej naturalnej formule wspiera procesy odchudzania oraz pomaga w utrzymaniu zdrowej masy cia\u0142a. Dzi\u0119ki zastosowaniu specjalistycznych sk\u0142adnik\u00f3w, takich jak wyci\u0105g z herbaty chi\u0144skiej, gorzkiej pomara\u0144czy oraz kapsaicyny, VeraFit mo\u017ce stanowi\u0107 doskona\u0142\u0105 pomoc w d\u0105\u017ceniu do osi\u0105gni\u0119cia wymarzonej sylwetki.<\/p>\n<h2 data-start=\"713\" data-end=\"747\">Wskazania do stosowania VeraFit<\/h2>\n<p data-start=\"749\" data-end=\"911\">VeraFit jest suplementem diety przeznaczonym dla os\u00f3b, kt\u00f3re pragn\u0105 schudn\u0105\u0107 lub utrzyma\u0107 odpowiedni\u0105 wag\u0119 cia\u0142a. G\u0142\u00f3wne wskazania do stosowania VeraFit obejmuj\u0105:<\/p>\n<ul data-start=\"913\" data-end=\"1542\">\n<li data-start=\"913\" data-end=\"1080\"><strong data-start=\"915\" data-end=\"950\">Wsparcie w procesie odchudzania<\/strong>: Regularne stosowanie VeraFit pomaga w redukcji masy cia\u0142a poprzez przyspieszenie metabolizmu oraz zwi\u0119kszenie spalania t\u0142uszczu.<\/li>\n<li data-start=\"1081\" data-end=\"1206\"><strong data-start=\"1083\" data-end=\"1103\">Poprawa sylwetki<\/strong>: Suplement wspomaga utrzymanie prawid\u0142owej kompozycji cia\u0142a, pomagaj\u0105c w osi\u0105gni\u0119ciu smuk\u0142ej sylwetki.<\/li>\n<li data-start=\"1207\" data-end=\"1392\"><strong data-start=\"1209\" data-end=\"1232\">Zwi\u0119kszenie energii<\/strong>: Sk\u0142adniki aktywne w VeraFit dzia\u0142aj\u0105 pobudzaj\u0105co, co mo\u017ce poprawi\u0107 wydolno\u015b\u0107 organizmu i zmniejszy\u0107 uczucie zm\u0119czenia, zw\u0142aszcza podczas aktywno\u015bci fizycznej.<\/li>\n<li data-start=\"1393\" data-end=\"1542\"><strong data-start=\"1395\" data-end=\"1415\">Redukcja apetytu<\/strong>: VeraFit mo\u017ce pom\u00f3c w kontrolowaniu \u0142aknienia, co jest istotnym czynnikiem w utrzymaniu odpowiedniej diety i kontroli kalorii.<\/li>\n<\/ul>\n<p data-start=\"1544\" data-end=\"1691\">Suplement VeraFit jest idealnym rozwi\u0105zaniem dla os\u00f3b, kt\u00f3re zmagaj\u0105 si\u0119 z nadwag\u0105 lub chc\u0105 wesprze\u0107 efektywno\u015b\u0107 swojej diety i \u0107wicze\u0144 fizycznych.<\/p>\n<p style=\"text-align: center;\" data-start=\"1544\" data-end=\"1691\"><a href=\"https:\/\/tl-track.com\/tracker\/vudW\"><button>www.verafit.pl<\/button><\/a><\/p>\n<h2 data-start=\"1693\" data-end=\"1732\">Sk\u0142ad i dzia\u0142anie sk\u0142adnik\u00f3w VeraFit<\/h2>\n<p data-start=\"1734\" data-end=\"1963\">VeraFit wyr\u00f3\u017cnia si\u0119 bogatym sk\u0142adem, kt\u00f3ry oparty jest na naturalnych sk\u0142adnikach. Ka\u017cdy z nich ma swoje unikalne w\u0142a\u015bciwo\u015bci, kt\u00f3re wspieraj\u0105 procesy odchudzania oraz poprawiaj\u0105 og\u00f3ln\u0105 kondycj\u0119 organizmu. Kluczowe sk\u0142adniki to:<\/p>\n<ol data-start=\"1965\" data-end=\"3407\">\n<li data-start=\"1965\" data-end=\"2250\">\n<p data-start=\"1968\" data-end=\"2250\"><strong data-start=\"1968\" data-end=\"1982\">L-tyrozyna<\/strong>: Jest to aminokwas, kt\u00f3ry odgrywa istotn\u0105 rol\u0119 w produkcji neurotransmiter\u00f3w, takich jak dopamina i noradrenalina. Tyrozyna wspomaga popraw\u0119 nastroju, co jest pomocne w trakcie procesu odchudzania. Ponadto przyczynia si\u0119 do poprawy wydolno\u015bci psychicznej i fizycznej.<\/p>\n<\/li>\n<li data-start=\"2252\" data-end=\"2559\">\n<p data-start=\"2255\" data-end=\"2559\"><strong data-start=\"2255\" data-end=\"2311\">Wyci\u0105g z li\u015bci herbaty chi\u0144skiej (Camellia sinensis)<\/strong>: Herbata chi\u0144ska jest \u017ar\u00f3d\u0142em polifenoli, kt\u00f3re wykazuj\u0105 silne w\u0142a\u015bciwo\u015bci przeciwutleniaj\u0105ce. Regularne picie herbaty chi\u0144skiej wspiera metabolizm i pomaga w spalaniu t\u0142uszczu, co czyni j\u0105 kluczowym sk\u0142adnikiem w wielu preparatach odchudzaj\u0105cych.<\/p>\n<\/li>\n<li data-start=\"2561\" data-end=\"2796\">\n<p data-start=\"2564\" data-end=\"2796\"><strong data-start=\"2564\" data-end=\"2615\">Wyci\u0105g z gorzkiej pomara\u0144czy (Citrus aurantium)<\/strong>: Gorzka pomara\u0144cza zawiera synefryn\u0119, kt\u00f3ra dzia\u0142a podobnie jak efedryna, przyspieszaj\u0105c metabolizm i zwi\u0119kszaj\u0105c tempo spalania t\u0142uszczu. Dodatkowo pomaga w kontrolowaniu apetytu.<\/p>\n<\/li>\n<li data-start=\"2798\" data-end=\"3052\">\n<p data-start=\"2801\" data-end=\"3052\"><strong data-start=\"2801\" data-end=\"2846\">Wyci\u0105g z owoc\u00f3w papryki (Capsicum annuum)<\/strong>: Capsaicyna, substancja zawarta w papryce, znana jest z tego, \u017ce stymuluje termogenez\u0119, czyli proces wytwarzania ciep\u0142a w organizmie. Dzi\u0119ki temu zwi\u0119ksza si\u0119 spalanie kalorii, co wspomaga utrat\u0119 t\u0142uszczu.<\/p>\n<\/li>\n<li data-start=\"3054\" data-end=\"3240\">\n<p data-start=\"3057\" data-end=\"3240\"><strong data-start=\"3057\" data-end=\"3070\">Synefryna<\/strong>: Jest to naturalny alkaloid, kt\u00f3ry zwi\u0119ksza termogenez\u0119 i przyspiesza metabolizm. Synefryna tak\u017ce redukuje apetyt, co pozwala na \u0142atwiejsze utrzymanie diety redukcyjnej.<\/p>\n<\/li>\n<li data-start=\"3242\" data-end=\"3407\">\n<p data-start=\"3245\" data-end=\"3407\"><strong data-start=\"3245\" data-end=\"3254\">Chrom<\/strong>: Pierwiastek, kt\u00f3ry odgrywa wa\u017cn\u0105 rol\u0119 w regulacji poziomu cukru we krwi, co zapobiega nag\u0142ym napadom g\u0142odu i poprawia wra\u017cliwo\u015b\u0107 organizmu na insulin\u0119.<\/p>\n<\/li>\n<\/ol>\n<p data-start=\"3409\" data-end=\"3625\">Ka\u017cdy z tych sk\u0142adnik\u00f3w zosta\u0142 starannie dobrany, by wsp\u00f3lnie dzia\u0142a\u0142y na organizm w spos\u00f3b synergiczny, poprawiaj\u0105c efektywno\u015b\u0107 procesu odchudzania, zwi\u0119kszaj\u0105c energi\u0119 oraz wspieraj\u0105c utrzymanie zdrowej masy cia\u0142a.<\/p>\n<h2 data-start=\"3627\" data-end=\"3666\">Efekty VeraFit i ich charakterystyka<\/h2>\n<p data-start=\"3668\" data-end=\"3841\">Stosowanie VeraFit daje liczne korzy\u015bci, zar\u00f3wno w kr\u00f3tkim, jak i d\u0142ugim okresie. Do g\u0142\u00f3wnych efekt\u00f3w, kt\u00f3re mog\u0105 by\u0107 zauwa\u017calne po regularnym stosowaniu suplementu, nale\u017c\u0105:<\/p>\n<ul data-start=\"3843\" data-end=\"4754\">\n<li data-start=\"3843\" data-end=\"4112\"><strong data-start=\"3845\" data-end=\"3876\">Redukcja tkanki t\u0142uszczowej<\/strong>: G\u0142\u00f3wnym celem VeraFit jest wspomaganie procesu spalania t\u0142uszczu. Dzi\u0119ki w\u0142a\u015bciwo\u015bciom termogenicznym sk\u0142adnik\u00f3w takich jak kapsaicyna i synefryna, organizm spala wi\u0119cej kalorii, co przyczynia si\u0119 do utraty zb\u0119dnej tkanki t\u0142uszczowej.<\/li>\n<li data-start=\"4113\" data-end=\"4389\"><strong data-start=\"4115\" data-end=\"4159\">Zwi\u0119kszenie energii i poprawa wydolno\u015bci<\/strong>: VeraFit poprawia wydolno\u015b\u0107 organizmu, co mo\u017ce by\u0107 szczeg\u00f3lnie pomocne podczas \u0107wicze\u0144 fizycznych. Regularne przyjmowanie suplementu mo\u017ce sprawi\u0107, \u017ce poczujesz si\u0119 mniej zm\u0119czony, co pozwoli na d\u0142u\u017csze i intensywniejsze treningi.<\/li>\n<li data-start=\"4390\" data-end=\"4555\"><strong data-start=\"4392\" data-end=\"4412\">Kontrola apetytu<\/strong>: Synefryna i inne sk\u0142adniki w VeraFit pomagaj\u0105 w kontrolowaniu \u0142aknienia, dzi\u0119ki czemu \u0142atwiej jest utrzyma\u0107 zdrow\u0105 diet\u0119 i unika\u0107 podjadania.<\/li>\n<li data-start=\"4556\" data-end=\"4754\"><strong data-start=\"4558\" data-end=\"4585\">Lepsza kompozycja cia\u0142a<\/strong>: Dzi\u0119ki po\u0142\u0105czeniu sk\u0142adnik\u00f3w przyspieszaj\u0105cych metabolizm i spalaj\u0105cych t\u0142uszcz, VeraFit wp\u0142ywa na popraw\u0119 kompozycji cia\u0142a, przyczyniaj\u0105c si\u0119 do smuklejszej sylwetki.<\/li>\n<\/ul>\n<p data-start=\"4756\" data-end=\"4928\">Efekty stosowania VeraFit mog\u0105 by\u0107 widoczne ju\u017c po kilku tygodniach regularnego stosowania, zw\u0142aszcza gdy suplement jest wspierany odpowiedni\u0105 diet\u0105 i aktywno\u015bci\u0105 fizyczn\u0105.<\/p>\n<h2 data-start=\"4930\" data-end=\"4957\">Ryzyko skutk\u00f3w ubocznych<\/h2>\n<p data-start=\"4959\" data-end=\"5396\">VeraFit jest suplementem opartym na naturalnych sk\u0142adnikach, co sprawia, \u017ce ryzyko wyst\u0105pienia skutk\u00f3w ubocznych jest minimalne. Wi\u0119kszo\u015b\u0107 sk\u0142adnik\u00f3w, takich jak wyci\u0105g z herbaty chi\u0144skiej czy papryki, jest powszechnie stosowana w suplementach diety i wykazuje bardzo dobre tolerancj\u0119 przez organizm. Jednak jak w przypadku ka\u017cdego suplementu, istnieje mo\u017cliwo\u015b\u0107 wyst\u0105pienia reakcji alergicznych u os\u00f3b wra\u017cliwych na konkretne sk\u0142adniki.<\/p>\n<p data-start=\"5398\" data-end=\"5861\">Naturalne pochodzenie sk\u0142adnik\u00f3w oznacza, \u017ce produkt jest bezpieczniejszy w por\u00f3wnaniu z syntetycznymi substancjami wspomagaj\u0105cymi odchudzanie. Warto jednak pami\u0119ta\u0107, \u017ce przed rozpocz\u0119ciem kuracji suplementem VeraFit, szczeg\u00f3lnie w przypadku os\u00f3b z istniej\u0105cymi problemami zdrowotnymi, zaleca si\u0119 konsultacj\u0119 z lekarzem lub dietetykiem. W ten spos\u00f3b mo\u017cna mie\u0107 pewno\u015b\u0107, \u017ce produkt b\u0119dzie odpowiedni do indywidualnych potrzeb i nie spowoduje niepo\u017c\u0105danych reakcji.<\/p>\n<h2 data-start=\"0\" data-end=\"54\"><strong data-start=\"0\" data-end=\"54\">Opinie klient\u00f3w o VeraFit: fora po\u015bwi\u0119cone zdrowiu<\/strong><\/h2>\n<p data-start=\"56\" data-end=\"640\">W Polsce suplementy diety staj\u0105 si\u0119 coraz bardziej popularne, a u\u017cytkownicy ch\u0119tnie dziel\u0105 si\u0119 swoimi do\u015bwiadczeniami na forach internetowych. VeraFit, dzi\u0119ki swojej skuteczno\u015bci oraz naturalnym sk\u0142adnikom, zyskuje na popularno\u015bci i budzi pozytywne opinie w\u015br\u00f3d os\u00f3b, kt\u00f3re zdecydowa\u0142y si\u0119 na jego stosowanie. Fora internetowe po\u015bwi\u0119cone zdrowiu to doskona\u0142e miejsce, w kt\u00f3rym konsumenci wymieniaj\u0105 si\u0119 swoimi do\u015bwiadczeniami, a VeraFit nie jest wyj\u0105tkiem. Produkt sta\u0142 si\u0119 tematem wielu dyskusji, a wi\u0119kszo\u015b\u0107 u\u017cytkownik\u00f3w wskazuje na jego skuteczno\u015b\u0107, dost\u0119pno\u015b\u0107 oraz korzystn\u0105 cen\u0119.<\/p>\n<ul>\n<li data-start=\"642\" data-end=\"939\"><strong data-start=\"642\" data-end=\"939\">\u201eStosuj\u0119 VeraFit od kilku tygodni i naprawd\u0119 widz\u0119 efekty! Moja sylwetka sta\u0142a si\u0119 smuklejsza, a dodatkowo mam wi\u0119cej energii. Zacz\u0119\u0142am \u0107wiczy\u0107 regularnie, a suplement pomaga mi w utrzymaniu motywacji. Jestem bardzo zadowolona z wynik\u00f3w i na pewno b\u0119d\u0119 kontynuowa\u0107 kuracj\u0119.\u201d \u2013 Monika, 32 lata.<\/strong><\/li>\n<li data-start=\"941\" data-end=\"1248\"><strong data-start=\"941\" data-end=\"1248\">\u201eVeraFit to \u015bwietny wyb\u00f3r dla os\u00f3b, kt\u00f3re szukaj\u0105 naturalnego wsparcia w odchudzaniu. Efekty s\u0105 zauwa\u017calne ju\u017c po kilku dniach stosowania, a tabletki s\u0105 \u0142atwe do przyj\u0119cia. Na pewno nie b\u0119d\u0119 szuka\u0107 innych suplement\u00f3w, bo ten naprawd\u0119 dzia\u0142a. Ciesz\u0119 si\u0119, \u017ce trafi\u0142em na ten produkt!\u201d \u2013 Krzysztof, 45 lat.<\/strong><\/li>\n<\/ul>\n<p data-start=\"1250\" data-end=\"1414\">Opinie te potwierdzaj\u0105 rosn\u0105c\u0105 popularno\u015b\u0107 VeraFit na rynku, a tak\u017ce fakt, \u017ce produkt jest ch\u0119tnie wybierany przez osoby pragn\u0105ce poprawi\u0107 swoj\u0105 sylwetk\u0119 i zdrowie.<\/p>\n<h2 data-start=\"1416\" data-end=\"1449\"><strong data-start=\"1416\" data-end=\"1449\">Spos\u00f3b podawania i dawkowanie<\/strong><\/h2>\n<p data-start=\"1451\" data-end=\"1867\">VeraFit jest dost\u0119pny w formie \u0142atwych do po\u0142kni\u0119cia kapsu\u0142ek, kt\u00f3re nale\u017cy przyjmowa\u0107 zgodnie z zaleceniami producenta, by uzyska\u0107 najlepsze efekty. Optymalna dawka to zazwyczaj jedna kapsu\u0142ka dwa razy dziennie \u2013 rano i wieczorem. Suplement nale\u017cy popi\u0107 du\u017c\u0105 ilo\u015bci\u0105 wody. Wa\u017cne jest, by regularnie stosowa\u0107 produkt i po\u0142\u0105czy\u0107 go z odpowiedni\u0105 diet\u0105 oraz aktywno\u015bci\u0105 fizyczn\u0105, by w pe\u0142ni wykorzysta\u0107 jego potencja\u0142.<\/p>\n<p data-start=\"1869\" data-end=\"2204\">Zaleca si\u0119 nie przekracza\u0107 dziennej dawki suplementu. Przed rozpocz\u0119ciem kuracji warto skonsultowa\u0107 si\u0119 z lekarzem, zw\u0142aszcza je\u015bli u\u017cytkownik cierpi na jakiekolwiek schorzenia lub stosuje inne suplementy diety. Stosowanie VeraFit w po\u0142\u0105czeniu z odpowiedni\u0105 diet\u0105 i \u0107wiczeniami mo\u017ce przyczyni\u0107 si\u0119 do szybszych i trwalszych rezultat\u00f3w.<\/p>\n<p style=\"text-align: center;\"><a href=\"https:\/\/tl-track.com\/tracker\/vudW\"><button>Zakup na stronie producenta (-50%)<\/button><\/a><\/p>\n<h2 data-start=\"2206\" data-end=\"2237\"><strong data-start=\"2206\" data-end=\"2237\">Kup teraz VeraFit z dostaw\u0105<\/strong><\/h2>\n<p data-start=\"2239\" data-end=\"2664\">Zakup VeraFit jest prosty i wygodny, szczeg\u00f3lnie je\u015bli zdecydujesz si\u0119 na zakup online. Produkt jest dost\u0119pny na oficjalnej stronie producenta, co gwarantuje, \u017ce otrzymasz oryginalny suplement bez ryzyka zakupu podr\u00f3bki. Co istotne, nie musisz p\u0142aci\u0107 z g\u00f3ry \u2013 p\u0142atno\u015b\u0107 odbywa si\u0119 dopiero przy dostawie, co zwi\u0119ksza komfort zakup\u00f3w. Oznacza to, \u017ce masz pewno\u015b\u0107, \u017ce otrzymasz oryginalny produkt, kt\u00f3ry spe\u0142ni Twoje oczekiwania.<\/p>\n<p data-start=\"2666\" data-end=\"3118\">Dostawa w Polsce zajmuje zazwyczaj od 3 do 4 dni roboczych. Zam\u00f3wienie potwierdzane jest telefonicznie przez specjalist\u0119, kt\u00f3ry nie tylko potwierdza dane dotycz\u0105ce zam\u00f3wienia, ale r\u00f3wnie\u017c udziela dodatkowych informacji, takich jak dost\u0119pno\u015b\u0107 akcyjnych ofert, promocji oraz odpowiada na wszelkie pytania dotycz\u0105ce produktu i dawkowania. Dzi\u0119ki temu masz pe\u0142n\u0105 pewno\u015b\u0107, \u017ce otrzymasz produkt najwy\u017cszej jako\u015bci, bez obaw o dodatkowe koszty czy op\u00f3\u017anienia.<\/p>\n<h2 data-start=\"3120\" data-end=\"3167\"><strong data-start=\"3120\" data-end=\"3167\">Por\u00f3wnanie ofert: ceny i dost\u0119pno\u015b\u0107 VeraFit<\/strong><\/h2>\n<p data-start=\"3169\" data-end=\"3617\">VeraFit jest dost\u0119pny bezpo\u015brednio na stronie producenta, co pozwala unikn\u0105\u0107 po\u015brednik\u00f3w i nawi\u0105za\u0107 bezpo\u015bredni kontakt z firm\u0105. Taka forma sprzeda\u017cy pozwala utrzyma\u0107 cen\u0119 na rozs\u0105dnym poziomie, eliminuj\u0105c dodatkowe koszty zwi\u0105zane z dystrybucj\u0105 przez sklepy czy apteki. Dzi\u0119ki temu suplement jest bardziej dost\u0119pny dla szerokiego grona odbiorc\u00f3w, kt\u00f3rzy szukaj\u0105 skutecznych, a jednocze\u015bnie przyst\u0119pnych cenowo produkt\u00f3w wspomagaj\u0105cych odchudzanie.<\/p>\n<p data-start=\"3619\" data-end=\"4123\">Co wi\u0119cej, producent cz\u0119sto organizuje promocje i oferuje zni\u017cki, kt\u00f3re mo\u017cna sprawdzi\u0107 na stronie internetowej. Regularne aktualizowanie informacji o dost\u0119pnych rabatach pozwala zaoszcz\u0119dzi\u0107 na zakupie, dlatego warto \u015bledzi\u0107 stron\u0119, by nie przegapi\u0107 korzystnych ofert. Z tego powodu VeraFit nie jest dost\u0119pny w stacjonarnych aptekach, gdzie ceny s\u0105 cz\u0119sto wy\u017csze z powodu dodatkowych koszt\u00f3w zwi\u0105zanych z dystrybucj\u0105. Zakup bezpo\u015brednio u producenta to gwarancja najlepszej ceny i oryginalnego produktu.<\/p>\n<p data-start=\"5880\" data-end=\"6519\" data-is-last-node=\"\" data-is-only-node=\"\">VeraFit to naturalny suplement diety, kt\u00f3ry mo\u017ce stanowi\u0107 skuteczn\u0105 pomoc w procesie odchudzania. Dzi\u0119ki starannie dobranym sk\u0142adnikom, takim jak L-tyrozyna, wyci\u0105g z herbaty chi\u0144skiej, gorzka pomara\u0144cza, kapsaicyna, synefryna i chrom, VeraFit wspomaga spalanie t\u0142uszczu, kontrolowanie apetytu oraz poprawia energi\u0119 i wydolno\u015b\u0107 organizmu. Suplement jest bezpieczny i dobrze tolerowany przez wi\u0119kszo\u015b\u0107 os\u00f3b, a jego naturalna formu\u0142a minimalizuje ryzyko skutk\u00f3w ubocznych. Regularne stosowanie VeraFit w po\u0142\u0105czeniu z odpowiedni\u0105 diet\u0105 i aktywno\u015bci\u0105 fizyczn\u0105 mo\u017ce przynie\u015b\u0107 wymierne efekty w postaci smuk\u0142ej sylwetki i poprawy kondycji cia\u0142a.<\/p>\n","protected":false},"excerpt":{"rendered":"<p style=\"text-align: center;\"><a href=\"https:\/\/tl-track.com\/tracker\/vudW\"><button>Kup teraz<\/button><\/a><\/p>\n<p>SKU:\u00a0<span class=\"sku\">789.321.873<\/span><\/p>\n<hr \/>\n<p><small>Produkt sprzedawany jest wy\u0142\u0105cznie za po\u015brednictwem oficjalnej strony producenta, id\u017a i kupuj bezpiecznie!<\/small><\/p>\n","protected":false},"featured_media":1185,"comment_status":"open","ping_status":"closed","template":"","meta":[],"product_brand":[],"product_cat":[15],"product_tag":[],"class_list":{"0":"post-1184","1":"product","2":"type-product","3":"status-publish","4":"has-post-thumbnail","6":"product_cat-supl","7":"thunk-woo-product-list","8":"opn-qv-enable","9":"top-store-woo-hover-","10":"top-store-single-product-tab-horizontal","11":"top-store-shadow-","12":"top-store-shadow-hover-","14":"first","15":"instock","16":"sale","17":"shipping-taxable","18":"purchasable","19":"product-type-simple"},"yoast_head":"<!-- This site is optimized with the Yoast SEO plugin v27.4 - https:\/\/yoast.com\/product\/yoast-seo-wordpress\/ -->\n<title>VeraFit - kup suplement, cena w aptece, sk\u0142ad, dzia\u0142anie<\/title>\n<meta name=\"robots\" content=\"index, follow, max-snippet:-1, max-image-preview:large, max-video-preview:-1\" \/>\n<link rel=\"canonical\" href=\"https:\/\/lekarzeopole.pl\/wordpress\/product\/verafit\/\" \/>\n<meta property=\"og:locale\" content=\"pl_PL\" \/>\n<meta property=\"og:type\" content=\"article\" \/>\n<meta property=\"og:title\" content=\"VeraFit - kup suplement, cena w aptece, sk\u0142ad, dzia\u0142anie\" \/>\n<meta property=\"og:description\" content=\"Kup teraz SKU:\u00a0789.321.873    Produkt sprzedawany jest wy\u0142\u0105cznie za po\u015brednictwem oficjalnej strony producenta, id\u017a i kupuj bezpiecznie!\" \/>\n<meta property=\"og:url\" content=\"https:\/\/lekarzeopole.pl\/wordpress\/product\/verafit\/\" \/>\n<meta property=\"og:site_name\" content=\"Lekarze Opole\" \/>\n<meta property=\"og:image\" content=\"https:\/\/lekarzeopole.pl\/wordpress\/wp-content\/uploads\/2025\/02\/verafit1.jpg\" \/>\n\t<meta property=\"og:image:width\" content=\"568\" \/>\n\t<meta property=\"og:image:height\" content=\"542\" \/>\n\t<meta property=\"og:image:type\" content=\"image\/jpeg\" \/>\n<meta name=\"twitter:card\" content=\"summary_large_image\" \/>\n<meta name=\"twitter:label1\" content=\"Szacowany czas czytania\" \/>\n\t<meta name=\"twitter:data1\" content=\"9 minut\" \/>\n<script type=\"application\/ld+json\" class=\"yoast-schema-graph\">{\"@context\":\"https:\\\/\\\/schema.org\",\"@graph\":[{\"@type\":\"WebPage\",\"@id\":\"https:\\\/\\\/lekarzeopole.pl\\\/wordpress\\\/product\\\/verafit\\\/\",\"url\":\"https:\\\/\\\/lekarzeopole.pl\\\/wordpress\\\/product\\\/verafit\\\/\",\"name\":\"VeraFit - kup suplement, cena w aptece, sk\u0142ad, dzia\u0142anie\",\"isPartOf\":{\"@id\":\"https:\\\/\\\/lekarzeopole.pl\\\/wordpress\\\/#website\"},\"primaryImageOfPage\":{\"@id\":\"https:\\\/\\\/lekarzeopole.pl\\\/wordpress\\\/product\\\/verafit\\\/#primaryimage\"},\"image\":{\"@id\":\"https:\\\/\\\/lekarzeopole.pl\\\/wordpress\\\/product\\\/verafit\\\/#primaryimage\"},\"thumbnailUrl\":\"https:\\\/\\\/lekarzeopole.pl\\\/wordpress\\\/wp-content\\\/uploads\\\/2025\\\/02\\\/verafit1.jpg\",\"datePublished\":\"2025-02-21T14:40:26+00:00\",\"breadcrumb\":{\"@id\":\"https:\\\/\\\/lekarzeopole.pl\\\/wordpress\\\/product\\\/verafit\\\/#breadcrumb\"},\"inLanguage\":\"pl-PL\",\"potentialAction\":[{\"@type\":\"ReadAction\",\"target\":[\"https:\\\/\\\/lekarzeopole.pl\\\/wordpress\\\/product\\\/verafit\\\/\"]}]},{\"@type\":\"ImageObject\",\"inLanguage\":\"pl-PL\",\"@id\":\"https:\\\/\\\/lekarzeopole.pl\\\/wordpress\\\/product\\\/verafit\\\/#primaryimage\",\"url\":\"https:\\\/\\\/lekarzeopole.pl\\\/wordpress\\\/wp-content\\\/uploads\\\/2025\\\/02\\\/verafit1.jpg\",\"contentUrl\":\"https:\\\/\\\/lekarzeopole.pl\\\/wordpress\\\/wp-content\\\/uploads\\\/2025\\\/02\\\/verafit1.jpg\",\"width\":568,\"height\":542,\"caption\":\"VeraFit\"},{\"@type\":\"BreadcrumbList\",\"@id\":\"https:\\\/\\\/lekarzeopole.pl\\\/wordpress\\\/product\\\/verafit\\\/#breadcrumb\",\"itemListElement\":[{\"@type\":\"ListItem\",\"position\":1,\"name\":\"\u0413\u043b\u0430\u0432\u043d\u0430\u044f \u0441\u0442\u0440\u0430\u043d\u0438\u0446\u0430\",\"item\":\"https:\\\/\\\/lekarzeopole.pl\\\/wordpress\\\/\"},{\"@type\":\"ListItem\",\"position\":2,\"name\":\"Zakup\",\"item\":\"https:\\\/\\\/lekarzeopole.pl\\\/wordpress\\\/\"},{\"@type\":\"ListItem\",\"position\":3,\"name\":\"VeraFit\"}]},{\"@type\":\"WebSite\",\"@id\":\"https:\\\/\\\/lekarzeopole.pl\\\/wordpress\\\/#website\",\"url\":\"https:\\\/\\\/lekarzeopole.pl\\\/wordpress\\\/\",\"name\":\"Lekarze Opole\",\"description\":\"\",\"potentialAction\":[{\"@type\":\"SearchAction\",\"target\":{\"@type\":\"EntryPoint\",\"urlTemplate\":\"https:\\\/\\\/lekarzeopole.pl\\\/wordpress\\\/?s={search_term_string}\"},\"query-input\":{\"@type\":\"PropertyValueSpecification\",\"valueRequired\":true,\"valueName\":\"search_term_string\"}}],\"inLanguage\":\"pl-PL\"}]}<\/script>\n<!-- \/ Yoast SEO plugin. -->","yoast_head_json":{"title":"VeraFit - kup suplement, cena w aptece, sk\u0142ad, dzia\u0142anie","robots":{"index":"index","follow":"follow","max-snippet":"max-snippet:-1","max-image-preview":"max-image-preview:large","max-video-preview":"max-video-preview:-1"},"canonical":"https:\/\/lekarzeopole.pl\/wordpress\/product\/verafit\/","og_locale":"pl_PL","og_type":"article","og_title":"VeraFit - kup suplement, cena w aptece, sk\u0142ad, dzia\u0142anie","og_description":"Kup teraz SKU:\u00a0789.321.873    Produkt sprzedawany jest wy\u0142\u0105cznie za po\u015brednictwem oficjalnej strony producenta, id\u017a i kupuj bezpiecznie!","og_url":"https:\/\/lekarzeopole.pl\/wordpress\/product\/verafit\/","og_site_name":"Lekarze Opole","og_image":[{"width":568,"height":542,"url":"https:\/\/lekarzeopole.pl\/wordpress\/wp-content\/uploads\/2025\/02\/verafit1.jpg","type":"image\/jpeg"}],"twitter_card":"summary_large_image","twitter_misc":{"Szacowany czas czytania":"9 minut"},"schema":{"@context":"https:\/\/schema.org","@graph":[{"@type":"WebPage","@id":"https:\/\/lekarzeopole.pl\/wordpress\/product\/verafit\/","url":"https:\/\/lekarzeopole.pl\/wordpress\/product\/verafit\/","name":"VeraFit - kup suplement, cena w aptece, sk\u0142ad, dzia\u0142anie","isPartOf":{"@id":"https:\/\/lekarzeopole.pl\/wordpress\/#website"},"primaryImageOfPage":{"@id":"https:\/\/lekarzeopole.pl\/wordpress\/product\/verafit\/#primaryimage"},"image":{"@id":"https:\/\/lekarzeopole.pl\/wordpress\/product\/verafit\/#primaryimage"},"thumbnailUrl":"https:\/\/lekarzeopole.pl\/wordpress\/wp-content\/uploads\/2025\/02\/verafit1.jpg","datePublished":"2025-02-21T14:40:26+00:00","breadcrumb":{"@id":"https:\/\/lekarzeopole.pl\/wordpress\/product\/verafit\/#breadcrumb"},"inLanguage":"pl-PL","potentialAction":[{"@type":"ReadAction","target":["https:\/\/lekarzeopole.pl\/wordpress\/product\/verafit\/"]}]},{"@type":"ImageObject","inLanguage":"pl-PL","@id":"https:\/\/lekarzeopole.pl\/wordpress\/product\/verafit\/#primaryimage","url":"https:\/\/lekarzeopole.pl\/wordpress\/wp-content\/uploads\/2025\/02\/verafit1.jpg","contentUrl":"https:\/\/lekarzeopole.pl\/wordpress\/wp-content\/uploads\/2025\/02\/verafit1.jpg","width":568,"height":542,"caption":"VeraFit"},{"@type":"BreadcrumbList","@id":"https:\/\/lekarzeopole.pl\/wordpress\/product\/verafit\/#breadcrumb","itemListElement":[{"@type":"ListItem","position":1,"name":"\u0413\u043b\u0430\u0432\u043d\u0430\u044f \u0441\u0442\u0440\u0430\u043d\u0438\u0446\u0430","item":"https:\/\/lekarzeopole.pl\/wordpress\/"},{"@type":"ListItem","position":2,"name":"Zakup","item":"https:\/\/lekarzeopole.pl\/wordpress\/"},{"@type":"ListItem","position":3,"name":"VeraFit"}]},{"@type":"WebSite","@id":"https:\/\/lekarzeopole.pl\/wordpress\/#website","url":"https:\/\/lekarzeopole.pl\/wordpress\/","name":"Lekarze Opole","description":"","potentialAction":[{"@type":"SearchAction","target":{"@type":"EntryPoint","urlTemplate":"https:\/\/lekarzeopole.pl\/wordpress\/?s={search_term_string}"},"query-input":{"@type":"PropertyValueSpecification","valueRequired":true,"valueName":"search_term_string"}}],"inLanguage":"pl-PL"}]}},"_links":{"self":[{"href":"https:\/\/lekarzeopole.pl\/wordpress\/wp-json\/wp\/v2\/product\/1184","targetHints":{"allow":["GET"]}}],"collection":[{"href":"https:\/\/lekarzeopole.pl\/wordpress\/wp-json\/wp\/v2\/product"}],"about":[{"href":"https:\/\/lekarzeopole.pl\/wordpress\/wp-json\/wp\/v2\/types\/product"}],"replies":[{"embeddable":true,"href":"https:\/\/lekarzeopole.pl\/wordpress\/wp-json\/wp\/v2\/comments?post=1184"}],"wp:featuredmedia":[{"embeddable":true,"href":"https:\/\/lekarzeopole.pl\/wordpress\/wp-json\/wp\/v2\/media\/1185"}],"wp:attachment":[{"href":"https:\/\/lekarzeopole.pl\/wordpress\/wp-json\/wp\/v2\/media?parent=1184"}],"wp:term":[{"taxonomy":"product_brand","embeddable":true,"href":"https:\/\/lekarzeopole.pl\/wordpress\/wp-json\/wp\/v2\/product_brand?post=1184"},{"taxonomy":"product_cat","embeddable":true,"href":"https:\/\/lekarzeopole.pl\/wordpress\/wp-json\/wp\/v2\/product_cat?post=1184"},{"taxonomy":"product_tag","embeddable":true,"href":"https:\/\/lekarzeopole.pl\/wordpress\/wp-json\/wp\/v2\/product_tag?post=1184"}],"curies":[{"name":"wp","href":"https:\/\/api.w.org\/{rel}","templated":true}]}}