{"id":1171,"date":"2025-02-06T17:38:34","date_gmt":"2025-02-06T17:38:34","guid":{"rendered":"https:\/\/lekarzeopole.pl\/wordpress\/?post_type=product&#038;p=1171"},"modified":"2025-05-28T08:10:17","modified_gmt":"2025-05-28T08:10:17","slug":"nicode","status":"publish","type":"product","link":"https:\/\/lekarzeopole.pl\/wordpress\/product\/nicode\/","title":{"rendered":"Nicode"},"content":{"rendered":"<p>Palenie papieros\u00f3w to jeden z najpowa\u017cniejszych problem\u00f3w zdrowotnych na ca\u0142ym \u015bwiecie. Mimo \u017ce jest to na\u0142\u00f3g, kt\u00f3ry z ka\u017cd\u0105 chwil\u0105 mo\u017ce prowadzi\u0107 do powa\u017cnych chor\u00f3b, wielu palaczy ma trudno\u015bci z jego rzuceniem. Na szcz\u0119\u015bcie istniej\u0105 r\u00f3\u017cne metody wspieraj\u0105ce walk\u0119 z tym na\u0142ogiem, a jednym z najnowszych rozwi\u0105za\u0144 jest spray Nicode. Ten preparat, oparty na naturalnych sk\u0142adnikach, zyskuje coraz wi\u0119ksz\u0105 popularno\u015b\u0107 jako skuteczne narz\u0119dzie w walce z paleniem. W niniejszym artykule om\u00f3wimy, czym jest Nicode, jak dzia\u0142a oraz jakie ma zalety i ewentualne ryzyko.<\/p>\n<h2>Wskazania do stosowania Nicode<\/h2>\n<p>Spray Nicode przeznaczony jest dla os\u00f3b, kt\u00f3re chc\u0105 rzuci\u0107 palenie i szukaj\u0105 skutecznego wsparcia w tej trudnej drodze. Stosowanie tego preparatu jest wskazane w przypadkach, gdy:<\/p>\n<ul>\n<li>Chcesz pozby\u0107 si\u0119 na\u0142ogu palenia,<\/li>\n<li>Masz trudno\u015bci w kontrolowaniu potrzeby si\u0119gania po papierosa,<\/li>\n<li>Pr\u00f3bujesz rzuci\u0107 palenie, ale tradycyjne metody, takie jak plastry czy gumy nikotynowe, nie daj\u0105 oczekiwanych rezultat\u00f3w,<\/li>\n<li>Chcesz poprawi\u0107 swoje zdrowie i poczu\u0107 si\u0119 lepiej zar\u00f3wno fizycznie, jak i psychicznie.<\/li>\n<\/ul>\n<p>Spray Nicode dzia\u0142a jako wsparcie w procesie odstawienia nikotyny. Dzi\u0119ki naturalnym sk\u0142adnikom, kt\u00f3re zmniejszaj\u0105 \u0142aknienie na papierosy, pomaga u\u017cytkownikom skutecznie kontrolowa\u0107 swoje impulsy i zwi\u0119ksza szanse na ostateczne zerwanie z na\u0142ogiem.<\/p>\n<h2>Sk\u0142ad i dzia\u0142anie sk\u0142adnik\u00f3w Nicode<\/h2>\n<p>Nicode wyr\u00f3\u017cnia si\u0119 na tle innych produkt\u00f3w do rzucania palenia dzi\u0119ki swojej formule opartej wy\u0142\u0105cznie na naturalnych sk\u0142adnikach. Ka\u017cdy z nich ma na celu wspomaganie organizmu w procesie detoksykacji i zmniejszania ch\u0119ci si\u0119gania po papierosa.<\/p>\n<h3>G\u0142\u00f3wne sk\u0142adniki Nicode:<\/h3>\n<ol>\n<li><strong>Ekstrakt z korzenia lukrecji<\/strong> \u2013 Lukrecja jest znana ze swoich w\u0142a\u015bciwo\u015bci \u0142agodz\u0105cych objawy zwi\u0105zane z odstawieniem nikotyny. Dzia\u0142a uspokajaj\u0105co na uk\u0142ad nerwowy i zmniejsza stres, kt\u00f3ry cz\u0119sto towarzyszy pr\u00f3bom rzucenia palenia.<\/li>\n<li><strong>Ekstrakt z mi\u0119ty pieprzowej<\/strong> \u2013 Mi\u0119ta ma dzia\u0142anie orze\u017awiaj\u0105ce i przeciwzapalne, a tak\u017ce \u0142agodzi podra\u017cnienia w jamie ustnej, kt\u00f3re mog\u0105 pojawi\u0107 si\u0119 podczas procesu odstawiania nikotyny. Dzia\u0142a r\u00f3wnie\u017c na uk\u0142ad trawienny, co ma du\u017ce znaczenie podczas detoksykacji organizmu.<\/li>\n<li><strong>Ekstrakt z zielonej herbaty<\/strong> \u2013 Zielona herbata jest jednym z najsilniejszych naturalnych antyoksydant\u00f3w, kt\u00f3ry wspomaga usuwanie toksyn z organizmu. Dzi\u0119ki temu organizm szybciej odzyskuje r\u00f3wnowag\u0119 po d\u0142ugotrwa\u0142ym nara\u017ceniu na toksyny zawarte w dymie papierosowym.<\/li>\n<li><strong>Wyci\u0105g z owoc\u00f3w cytrusowych<\/strong> \u2013 Cytrusy s\u0105 bogate w witamin\u0119 C, kt\u00f3ra pomaga wzmocni\u0107 uk\u0142ad odporno\u015bciowy, kt\u00f3ry mo\u017ce os\u0142abn\u0105\u0107 podczas palenia. Dodatkowo maj\u0105 dzia\u0142anie oczyszczaj\u0105ce, co przyspiesza procesy regeneracyjne w organizmie po zako\u0144czeniu palenia.<\/li>\n<\/ol>\n<p>Dzi\u0119ki tym naturalnym sk\u0142adnikom Nicode skutecznie wspomaga organizm w walce z uzale\u017cnieniem od nikotyny, jednocze\u015bnie poprawiaj\u0105c og\u00f3lne samopoczucie u\u017cytkownika.<\/p>\n<h2>Efekty Nicode i ich charakterystyka<\/h2>\n<p>Spray Nicode przynosi u\u017cytkownikowi szereg korzy\u015bci, zar\u00f3wno w kr\u00f3tkim, jak i d\u0142ugim okresie stosowania. G\u0142\u00f3wne efekty, kt\u00f3re mo\u017cna zauwa\u017cy\u0107 po zastosowaniu preparatu, to:<\/p>\n<ol>\n<li><strong>Zmniejszenie \u0142aknienia na papierosa<\/strong> \u2013 Jednym z g\u0142\u00f3wnych efekt\u00f3w dzia\u0142ania Nicode jest zmniejszenie ch\u0119ci si\u0119gania po papierosa. Naturalne sk\u0142adniki preparatu skutecznie t\u0142umi\u0105 g\u0142\u00f3d nikotynowy, co pozwala na \u0142atwiejsze przej\u015bcie przez okres odstawienia.<\/li>\n<li><strong>Redukcja stresu i niepokoju<\/strong> \u2013 Proces rzucania palenia wi\u0105\u017ce si\u0119 z napi\u0119ciem nerwowym, l\u0119kami i stresem. Ekstrakt z lukrecji oraz mi\u0119ta zawarte w sprayu maj\u0105 dzia\u0142anie uspokajaj\u0105ce, co znacz\u0105co zmniejsza poziom niepokoju u os\u00f3b staraj\u0105cych si\u0119 zerwa\u0107 z na\u0142ogiem.<\/li>\n<li><strong>Oczyszczenie organizmu<\/strong> \u2013 Dzia\u0142anie detoksykacyjne, jakie oferuje Nicode, pozwala na skuteczne oczyszczenie organizmu z toksyn nagromadzonych w wyniku palenia. Wyci\u0105gi z zielonej herbaty i cytrus\u00f3w pomagaj\u0105 w usuwaniu szkodliwych substancji, poprawiaj\u0105c kondycj\u0119 sk\u00f3ry i og\u00f3lne zdrowie.<\/li>\n<li><strong>Wsparcie regeneracji organizmu<\/strong> \u2013 Dzi\u0119ki naturalnym sk\u0142adnikom Nicode wspomaga procesy regeneracyjne, kt\u00f3re zachodz\u0105 po zaprzestaniu palenia. Sk\u00f3rze, p\u0142ucam oraz uk\u0142adowi pokarmowemu \u0142atwiej jest powr\u00f3ci\u0107 do normalno\u015bci, a u\u017cytkownik czuje si\u0119 lepiej, zar\u00f3wno fizycznie, jak i psychicznie.<\/li>\n<\/ol>\n<p style=\"text-align: center;\"><a href=\"https:\/\/keonv.com\/qfMS?sub1=sub1&amp;sub2=sub2&amp;sub3=sub3&amp;sub4=sub4&amp;sub5=sub5\"><button>www.nicode.pl<\/button><\/a><\/p>\n<h2>Ryzyko skutk\u00f3w ubocznych<\/h2>\n<p>Spray Nicode wyr\u00f3\u017cnia si\u0119 tym, \u017ce jest preparatem w pe\u0142ni naturalnym, co znacz\u0105co zmniejsza ryzyko wyst\u0105pienia skutk\u00f3w ubocznych. Wi\u0119kszo\u015b\u0107 os\u00f3b stosuj\u0105cych Nicode nie do\u015bwiadcza \u017cadnych negatywnych reakcji. Jednak, jak w przypadku ka\u017cdego produktu, mog\u0105 wyst\u0105pi\u0107 pewne indywidualne reakcje.<\/p>\n<h3>Minimalne ryzyko skutk\u00f3w ubocznych:<\/h3>\n<ul>\n<li><strong>Alergie<\/strong> \u2013 Cho\u0107 wszystkie sk\u0142adniki Nicode s\u0105 naturalne, istnieje mo\u017cliwo\u015b\u0107 wyst\u0105pienia reakcji alergicznych na kt\u00f3ry\u015b z ekstrakt\u00f3w ro\u015blinnych. Dlatego przed rozpocz\u0119ciem stosowania nale\u017cy zapozna\u0107 si\u0119 ze sk\u0142adem produktu i upewni\u0107 si\u0119, \u017ce nie jeste\u015bmy uczuleni na \u017cadn\u0105 z jego substancji.<\/li>\n<li><strong>Podra\u017cnienie jamy ustnej<\/strong> \u2013 Rzadko, ale mog\u0105 wyst\u0105pi\u0107 podra\u017cnienia w obr\u0119bie jamy ustnej, szczeg\u00f3lnie je\u015bli stosujemy spray w nadmiarze. W takich przypadkach nale\u017cy przerwa\u0107 stosowanie preparatu i skonsultowa\u0107 si\u0119 z lekarzem.<\/li>\n<\/ul>\n<p>Og\u00f3lnie rzecz bior\u0105c, spray Nicode jest bezpiecznym i skutecznym preparatem, kt\u00f3ry przy minimalnym ryzyku skutk\u00f3w ubocznych pomaga w walce z na\u0142ogiem palenia.<\/p>\n<h2>Opinie klient\u00f3w o Nicode: fora po\u015bwi\u0119cone zdrowiu<\/h2>\n<p>W Polsce, podobnie jak w innych krajach, internet sta\u0142 si\u0119 miejscem, gdzie ludzie dziel\u0105 si\u0119 swoimi do\u015bwiadczeniami dotycz\u0105cymi zdrowia i r\u00f3\u017cnych preparat\u00f3w wspomagaj\u0105cych leczenie uzale\u017cnie\u0144. W ostatnich latach spray Nicode zdoby\u0142 du\u017c\u0105 popularno\u015b\u0107 na forach po\u015bwi\u0119conych zdrowiu, co zreszt\u0105 potwierdza rosn\u0105ca liczba pozytywnych opinii u\u017cytkownik\u00f3w. Dzi\u0119ki prostocie stosowania oraz naturalnym sk\u0142adnikom, kt\u00f3re skutecznie wspomagaj\u0105 proces rzucania palenia, Nicode sta\u0142 si\u0119 jednym z najbardziej polecanych produkt\u00f3w.<\/p>\n<p>Wi\u0119kszo\u015b\u0107 u\u017cytkownik\u00f3w zauwa\u017ca pozytywne dzia\u0142anie preparatu ju\u017c po kilku dniach stosowania, co przyczynia si\u0119 do jego rosn\u0105cej popularno\u015bci. Co wi\u0119cej, spray jest \u0142atwo dost\u0119pny, co sprawia, \u017ce wiele os\u00f3b docenia jego wygod\u0119 i efektywno\u015b\u0107.<\/p>\n<p><strong>Opinia u\u017cytkownika Anny W. z Warszawy:<\/strong> \u201eOd kiedy zacz\u0119\u0142am stosowa\u0107 Nicode, moja ch\u0119\u0107 si\u0119gania po papierosa znacznie zmniejszy\u0142a si\u0119. Na pocz\u0105tku by\u0142am sceptyczna, ale po tygodniu zauwa\u017cy\u0142am wyra\u017an\u0105 popraw\u0119. Dodatkowo ceni\u0119 to, \u017ce produkt jest naturalny i nie ma skutk\u00f3w ubocznych. Polecam ka\u017cdemu, kto chce pozby\u0107 si\u0119 na\u0142ogu!\u201d<\/p>\n<p><strong>Opinia u\u017cytkownika Tomasza K. z Krakowa:<\/strong> \u201eSpr\u00f3bowa\u0142em ju\u017c r\u00f3\u017cnych metod rzucania palenia, ale Nicode okaza\u0142 si\u0119 najlepszym rozwi\u0105zaniem. Wida\u0107 efekty w ci\u0105gu kilku dni, a stosowanie sprayu jest szybkie i \u0142atwe. Jestem zadowolony, \u017ce znalaz\u0142em tak\u0105 pomoc. W ko\u0144cu uda\u0142o mi si\u0119 wytrwa\u0107 bez papieros\u00f3w przez ca\u0142y tydzie\u0144!\u201d<\/p>\n<h2>Spos\u00f3b podawania i dawkowanie<\/h2>\n<p>Nicode jest sprayem, co sprawia, \u017ce jego stosowanie jest bardzo proste i wygodne. Produkt wystarczy spryska\u0107 bezpo\u015brednio do jamy ustnej, co pozwala na szybkie wch\u0142anianie sk\u0142adnik\u00f3w aktywnych.<\/p>\n<h3>Dawkowanie:<\/h3>\n<ul>\n<li>Nale\u017cy stosowa\u0107 2-3 spraye na dzie\u0144, najlepiej w chwilach, gdy odczuwamy ch\u0119\u0107 si\u0119gni\u0119cia po papierosa.<\/li>\n<li>Zaleca si\u0119, aby nie przekracza\u0107 maksymalnej dawki 6 spray\u00f3w dziennie, aby nie nadmiernie obci\u0105\u017ca\u0107 organizmu.<\/li>\n<li>Spray nale\u017cy aplikowa\u0107 wprost do jamy ustnej, w okolicach podniebienia, co zapewnia szybkie wch\u0142anianie.<\/li>\n<\/ul>\n<h3>Czas stosowania:<\/h3>\n<p>Nicode jest skuteczny w walce z uzale\u017cnieniem od nikotyny, jednak dla uzyskania d\u0142ugotrwa\u0142ych efekt\u00f3w zaleca si\u0119 stosowanie preparatu przez co najmniej kilka tygodni. Oczywi\u015bcie czas ten mo\u017ce si\u0119 r\u00f3\u017cni\u0107 w zale\u017cno\u015bci od indywidualnych potrzeb u\u017cytkownika.<\/p>\n<h2>Kup teraz Nicode z dostaw\u0105<\/h2>\n<p>Kupno sprayu Nicode jest wyj\u0105tkowo proste i wygodne dzi\u0119ki sprzeda\u017cy internetowej. Produkt dost\u0119pny jest do zam\u00f3wienia online na oficjalnej stronie producenta, co zapewnia \u0142atwy dost\u0119p do oryginalnego produktu bez ryzyka zakupu podr\u00f3bek.<\/p>\n<p>Co wa\u017cne, <strong>op\u0142ata za produkt odbywa si\u0119 dopiero po jego dostarczeniu<\/strong>, co stanowi dodatkowy atut i daje pewno\u015b\u0107, \u017ce nie p\u0142acisz za co\u015b, co nie dotar\u0142o do Ciebie w odpowiednim stanie. Ca\u0142y proces zakupu jest przejrzysty i bezpieczny.<\/p>\n<h3>Dodatkowe informacje:<\/h3>\n<ul>\n<li><strong>Dostawa w Polsce<\/strong>: Czas oczekiwania na przesy\u0142k\u0119 to zaledwie 3-4 dni robocze. Jest to czas, w kt\u00f3rym preparat dociera do u\u017cytkownika, a on mo\u017ce rozpocz\u0105\u0107 walk\u0119 z na\u0142ogiem.<\/li>\n<li><strong>Potwierdzenie zam\u00f3wienia<\/strong>: Po z\u0142o\u017ceniu zam\u00f3wienia, klient otrzymuje telefoniczne potwierdzenie od specjalisty, kt\u00f3ry nie tylko informuje o statusie zam\u00f3wienia, ale tak\u017ce mo\u017ce doradzi\u0107 w kwestii stosowania preparatu i dost\u0119pnych promocji.<\/li>\n<li><strong>Bez ryzyka<\/strong>: Ca\u0142a transakcja jest bezpieczna, a produkt dociera do klienta bezpo\u015brednio od producenta.<\/li>\n<\/ul>\n<p style=\"text-align: center;\"><a href=\"https:\/\/keonv.com\/qfMS?sub1=sub1&amp;sub2=sub2&amp;sub3=sub3&amp;sub4=sub4&amp;sub5=sub5\"><button>Zakup na stronie producenta (-50%)<\/button><\/a><\/p>\n<h2>Por\u00f3wnanie ofert: ceny i dost\u0119pno\u015b\u0107 Nicode<\/h2>\n<p>Producent sprayu Nicode szczeg\u00f3lnie stawia na <strong>dost\u0119pno\u015b\u0107<\/strong> swojego produktu dla jak najszerszego kr\u0119gu klient\u00f3w. Dlatego preparat mo\u017cna zam\u00f3wi\u0107 bezpo\u015brednio ze strony internetowej producenta, co pozwala unikn\u0105\u0107 po\u015brednik\u00f3w i dodatkowych koszt\u00f3w zwi\u0105zanych z mar\u017cami i prowizjami.<\/p>\n<p>Zakupy online na oficjalnej stronie producenta maj\u0105 szereg zalet:<\/p>\n<ul>\n<li><strong>Brak po\u015brednik\u00f3w<\/strong>: Nicode jest dost\u0119pny bezpo\u015brednio od producenta, co pozwala na kupno preparatu w najbardziej korzystnej cenie.<\/li>\n<li><strong>Brak ukrytych koszt\u00f3w<\/strong>: Nie ma ukrytych op\u0142at ani wysokich mar\u017c, co oznacza, \u017ce cena, kt\u00f3r\u0105 zap\u0142acisz, jest cen\u0105 uczciw\u0105 i konkurencyjn\u0105.<\/li>\n<li><strong>Promocje i zni\u017cki<\/strong>: Producent cz\u0119sto oferuje zni\u017cki na zakupy, kt\u00f3re zmieniaj\u0105 si\u0119 w zale\u017cno\u015bci od dost\u0119pnych akcji. Dlatego warto \u015bledzi\u0107 oficjaln\u0105 stron\u0119, aby nie przegapi\u0107 atrakcyjnych promocji. Dodatkowo, kupuj\u0105c bezpo\u015brednio od producenta, masz pewno\u015b\u0107, \u017ce otrzymujesz oryginalny produkt, a nie podr\u00f3bk\u0119.<\/li>\n<\/ul>\n<p>Spray Nicode <strong>nie jest dost\u0119pny w stacjonarnych aptekach<\/strong>, poniewa\u017c producent zdecydowa\u0142 si\u0119 na sprzeda\u017c bez po\u015brednik\u00f3w, aby utrzyma\u0107 przyst\u0119pn\u0105 cen\u0119 dla konsument\u00f3w. Ponadto, dzi\u0119ki takiemu modelowi sprzeda\u017cy, produkt jest dost\u0119pny w pe\u0142nej \u015bwie\u017co\u015bci, co zapewnia jego wysok\u0105 jako\u015b\u0107.<\/p>\n<p>Spray Nicode to nowoczesne, naturalne rozwi\u0105zanie dla os\u00f3b, kt\u00f3re chc\u0105 rzuci\u0107 palenie. Dzi\u0119ki zastosowaniu sk\u0142adnik\u00f3w ro\u015blinnych, takich jak lukrecja, mi\u0119ta, zielona herbata i cytrusy, Nicode skutecznie zmniejsza \u0142aknienie nikotynowe, redukuje stres zwi\u0105zany z odstawieniem nikotyny, a tak\u017ce oczyszcza organizm z toksyn. Cho\u0107 ryzyko skutk\u00f3w ubocznych jest minimalne, zawsze warto skonsultowa\u0107 si\u0119 z lekarzem przed rozpocz\u0119ciem stosowania preparatu. Je\u015bli chcesz pozby\u0107 si\u0119 na\u0142ogu palenia i poprawi\u0107 swoje zdrowie, Nicode mo\u017ce okaza\u0107 si\u0119 niezawodnym wsparciem w tym procesie.<\/p>\n","protected":false},"excerpt":{"rendered":"<p style=\"text-align: center;\"><a href=\"https:\/\/keonv.com\/qfMS?sub1=sub1&amp;sub2=sub2&amp;sub3=sub3&amp;sub4=sub4&amp;sub5=sub5\"><button>Kup teraz<\/button><\/a><\/p>\n<p>SKU:\u00a0<span class=\"sku\">789.005.617<\/span><\/p>\n<hr \/>\n<p><small>Produkt sprzedawany jest wy\u0142\u0105cznie za po\u015brednictwem oficjalnej strony producenta, id\u017a i kupuj bezpiecznie!<\/small><\/p>\n","protected":false},"featured_media":1172,"comment_status":"open","ping_status":"closed","template":"","meta":[],"product_brand":[],"product_cat":[15],"product_tag":[],"class_list":{"0":"post-1171","1":"product","2":"type-product","3":"status-publish","4":"has-post-thumbnail","6":"product_cat-supl","7":"thunk-woo-product-list","8":"opn-qv-enable","9":"top-store-woo-hover-","10":"top-store-single-product-tab-horizontal","11":"top-store-shadow-","12":"top-store-shadow-hover-","14":"first","15":"instock","16":"shipping-taxable","17":"purchasable","18":"product-type-simple"},"yoast_head":"<!-- This site is optimized with the Yoast SEO plugin v27.4 - https:\/\/yoast.com\/product\/yoast-seo-wordpress\/ -->\n<title>Nicode - kup suplement, cena w aptece, sk\u0142ad, dzia\u0142anie<\/title>\n<meta name=\"robots\" content=\"index, follow, max-snippet:-1, max-image-preview:large, max-video-preview:-1\" \/>\n<link rel=\"canonical\" href=\"https:\/\/lekarzeopole.pl\/wordpress\/product\/nicode\/\" \/>\n<meta property=\"og:locale\" content=\"pl_PL\" \/>\n<meta property=\"og:type\" content=\"article\" \/>\n<meta property=\"og:title\" content=\"Nicode - kup suplement, cena w aptece, sk\u0142ad, dzia\u0142anie\" \/>\n<meta property=\"og:description\" content=\"Kup teraz SKU:\u00a0789.005.617    Produkt sprzedawany jest wy\u0142\u0105cznie za po\u015brednictwem oficjalnej strony producenta, id\u017a i kupuj bezpiecznie!\" \/>\n<meta property=\"og:url\" content=\"https:\/\/lekarzeopole.pl\/wordpress\/product\/nicode\/\" \/>\n<meta property=\"og:site_name\" content=\"Lekarze Opole\" \/>\n<meta property=\"article:modified_time\" content=\"2025-05-28T08:10:17+00:00\" \/>\n<meta property=\"og:image\" content=\"https:\/\/lekarzeopole.pl\/wordpress\/wp-content\/uploads\/2025\/02\/nicode.png\" \/>\n\t<meta property=\"og:image:width\" content=\"302\" \/>\n\t<meta property=\"og:image:height\" content=\"294\" \/>\n\t<meta property=\"og:image:type\" content=\"image\/png\" \/>\n<meta name=\"twitter:card\" content=\"summary_large_image\" \/>\n<meta name=\"twitter:label1\" content=\"Szacowany czas czytania\" \/>\n\t<meta name=\"twitter:data1\" content=\"9 minut\" \/>\n<script type=\"application\/ld+json\" class=\"yoast-schema-graph\">{\"@context\":\"https:\\\/\\\/schema.org\",\"@graph\":[{\"@type\":\"WebPage\",\"@id\":\"https:\\\/\\\/lekarzeopole.pl\\\/wordpress\\\/product\\\/nicode\\\/\",\"url\":\"https:\\\/\\\/lekarzeopole.pl\\\/wordpress\\\/product\\\/nicode\\\/\",\"name\":\"Nicode - kup suplement, cena w aptece, sk\u0142ad, dzia\u0142anie\",\"isPartOf\":{\"@id\":\"https:\\\/\\\/lekarzeopole.pl\\\/wordpress\\\/#website\"},\"primaryImageOfPage\":{\"@id\":\"https:\\\/\\\/lekarzeopole.pl\\\/wordpress\\\/product\\\/nicode\\\/#primaryimage\"},\"image\":{\"@id\":\"https:\\\/\\\/lekarzeopole.pl\\\/wordpress\\\/product\\\/nicode\\\/#primaryimage\"},\"thumbnailUrl\":\"https:\\\/\\\/lekarzeopole.pl\\\/wordpress\\\/wp-content\\\/uploads\\\/2025\\\/02\\\/nicode.png\",\"datePublished\":\"2025-02-06T17:38:34+00:00\",\"dateModified\":\"2025-05-28T08:10:17+00:00\",\"breadcrumb\":{\"@id\":\"https:\\\/\\\/lekarzeopole.pl\\\/wordpress\\\/product\\\/nicode\\\/#breadcrumb\"},\"inLanguage\":\"pl-PL\",\"potentialAction\":[{\"@type\":\"ReadAction\",\"target\":[\"https:\\\/\\\/lekarzeopole.pl\\\/wordpress\\\/product\\\/nicode\\\/\"]}]},{\"@type\":\"ImageObject\",\"inLanguage\":\"pl-PL\",\"@id\":\"https:\\\/\\\/lekarzeopole.pl\\\/wordpress\\\/product\\\/nicode\\\/#primaryimage\",\"url\":\"https:\\\/\\\/lekarzeopole.pl\\\/wordpress\\\/wp-content\\\/uploads\\\/2025\\\/02\\\/nicode.png\",\"contentUrl\":\"https:\\\/\\\/lekarzeopole.pl\\\/wordpress\\\/wp-content\\\/uploads\\\/2025\\\/02\\\/nicode.png\",\"width\":302,\"height\":294,\"caption\":\"Nicode\"},{\"@type\":\"BreadcrumbList\",\"@id\":\"https:\\\/\\\/lekarzeopole.pl\\\/wordpress\\\/product\\\/nicode\\\/#breadcrumb\",\"itemListElement\":[{\"@type\":\"ListItem\",\"position\":1,\"name\":\"\u0413\u043b\u0430\u0432\u043d\u0430\u044f \u0441\u0442\u0440\u0430\u043d\u0438\u0446\u0430\",\"item\":\"https:\\\/\\\/lekarzeopole.pl\\\/wordpress\\\/\"},{\"@type\":\"ListItem\",\"position\":2,\"name\":\"Zakup\",\"item\":\"https:\\\/\\\/lekarzeopole.pl\\\/wordpress\\\/\"},{\"@type\":\"ListItem\",\"position\":3,\"name\":\"Nicode\"}]},{\"@type\":\"WebSite\",\"@id\":\"https:\\\/\\\/lekarzeopole.pl\\\/wordpress\\\/#website\",\"url\":\"https:\\\/\\\/lekarzeopole.pl\\\/wordpress\\\/\",\"name\":\"Lekarze Opole\",\"description\":\"\",\"potentialAction\":[{\"@type\":\"SearchAction\",\"target\":{\"@type\":\"EntryPoint\",\"urlTemplate\":\"https:\\\/\\\/lekarzeopole.pl\\\/wordpress\\\/?s={search_term_string}\"},\"query-input\":{\"@type\":\"PropertyValueSpecification\",\"valueRequired\":true,\"valueName\":\"search_term_string\"}}],\"inLanguage\":\"pl-PL\"}]}<\/script>\n<!-- \/ Yoast SEO plugin. -->","yoast_head_json":{"title":"Nicode - kup suplement, cena w aptece, sk\u0142ad, dzia\u0142anie","robots":{"index":"index","follow":"follow","max-snippet":"max-snippet:-1","max-image-preview":"max-image-preview:large","max-video-preview":"max-video-preview:-1"},"canonical":"https:\/\/lekarzeopole.pl\/wordpress\/product\/nicode\/","og_locale":"pl_PL","og_type":"article","og_title":"Nicode - kup suplement, cena w aptece, sk\u0142ad, dzia\u0142anie","og_description":"Kup teraz SKU:\u00a0789.005.617    Produkt sprzedawany jest wy\u0142\u0105cznie za po\u015brednictwem oficjalnej strony producenta, id\u017a i kupuj bezpiecznie!","og_url":"https:\/\/lekarzeopole.pl\/wordpress\/product\/nicode\/","og_site_name":"Lekarze Opole","article_modified_time":"2025-05-28T08:10:17+00:00","og_image":[{"width":302,"height":294,"url":"https:\/\/lekarzeopole.pl\/wordpress\/wp-content\/uploads\/2025\/02\/nicode.png","type":"image\/png"}],"twitter_card":"summary_large_image","twitter_misc":{"Szacowany czas czytania":"9 minut"},"schema":{"@context":"https:\/\/schema.org","@graph":[{"@type":"WebPage","@id":"https:\/\/lekarzeopole.pl\/wordpress\/product\/nicode\/","url":"https:\/\/lekarzeopole.pl\/wordpress\/product\/nicode\/","name":"Nicode - kup suplement, cena w aptece, sk\u0142ad, dzia\u0142anie","isPartOf":{"@id":"https:\/\/lekarzeopole.pl\/wordpress\/#website"},"primaryImageOfPage":{"@id":"https:\/\/lekarzeopole.pl\/wordpress\/product\/nicode\/#primaryimage"},"image":{"@id":"https:\/\/lekarzeopole.pl\/wordpress\/product\/nicode\/#primaryimage"},"thumbnailUrl":"https:\/\/lekarzeopole.pl\/wordpress\/wp-content\/uploads\/2025\/02\/nicode.png","datePublished":"2025-02-06T17:38:34+00:00","dateModified":"2025-05-28T08:10:17+00:00","breadcrumb":{"@id":"https:\/\/lekarzeopole.pl\/wordpress\/product\/nicode\/#breadcrumb"},"inLanguage":"pl-PL","potentialAction":[{"@type":"ReadAction","target":["https:\/\/lekarzeopole.pl\/wordpress\/product\/nicode\/"]}]},{"@type":"ImageObject","inLanguage":"pl-PL","@id":"https:\/\/lekarzeopole.pl\/wordpress\/product\/nicode\/#primaryimage","url":"https:\/\/lekarzeopole.pl\/wordpress\/wp-content\/uploads\/2025\/02\/nicode.png","contentUrl":"https:\/\/lekarzeopole.pl\/wordpress\/wp-content\/uploads\/2025\/02\/nicode.png","width":302,"height":294,"caption":"Nicode"},{"@type":"BreadcrumbList","@id":"https:\/\/lekarzeopole.pl\/wordpress\/product\/nicode\/#breadcrumb","itemListElement":[{"@type":"ListItem","position":1,"name":"\u0413\u043b\u0430\u0432\u043d\u0430\u044f \u0441\u0442\u0440\u0430\u043d\u0438\u0446\u0430","item":"https:\/\/lekarzeopole.pl\/wordpress\/"},{"@type":"ListItem","position":2,"name":"Zakup","item":"https:\/\/lekarzeopole.pl\/wordpress\/"},{"@type":"ListItem","position":3,"name":"Nicode"}]},{"@type":"WebSite","@id":"https:\/\/lekarzeopole.pl\/wordpress\/#website","url":"https:\/\/lekarzeopole.pl\/wordpress\/","name":"Lekarze Opole","description":"","potentialAction":[{"@type":"SearchAction","target":{"@type":"EntryPoint","urlTemplate":"https:\/\/lekarzeopole.pl\/wordpress\/?s={search_term_string}"},"query-input":{"@type":"PropertyValueSpecification","valueRequired":true,"valueName":"search_term_string"}}],"inLanguage":"pl-PL"}]}},"_links":{"self":[{"href":"https:\/\/lekarzeopole.pl\/wordpress\/wp-json\/wp\/v2\/product\/1171","targetHints":{"allow":["GET"]}}],"collection":[{"href":"https:\/\/lekarzeopole.pl\/wordpress\/wp-json\/wp\/v2\/product"}],"about":[{"href":"https:\/\/lekarzeopole.pl\/wordpress\/wp-json\/wp\/v2\/types\/product"}],"replies":[{"embeddable":true,"href":"https:\/\/lekarzeopole.pl\/wordpress\/wp-json\/wp\/v2\/comments?post=1171"}],"wp:featuredmedia":[{"embeddable":true,"href":"https:\/\/lekarzeopole.pl\/wordpress\/wp-json\/wp\/v2\/media\/1172"}],"wp:attachment":[{"href":"https:\/\/lekarzeopole.pl\/wordpress\/wp-json\/wp\/v2\/media?parent=1171"}],"wp:term":[{"taxonomy":"product_brand","embeddable":true,"href":"https:\/\/lekarzeopole.pl\/wordpress\/wp-json\/wp\/v2\/product_brand?post=1171"},{"taxonomy":"product_cat","embeddable":true,"href":"https:\/\/lekarzeopole.pl\/wordpress\/wp-json\/wp\/v2\/product_cat?post=1171"},{"taxonomy":"product_tag","embeddable":true,"href":"https:\/\/lekarzeopole.pl\/wordpress\/wp-json\/wp\/v2\/product_tag?post=1171"}],"curies":[{"name":"wp","href":"https:\/\/api.w.org\/{rel}","templated":true}]}}