{"id":1165,"date":"2025-02-06T17:12:20","date_gmt":"2025-02-06T17:12:20","guid":{"rendered":"https:\/\/lekarzeopole.pl\/wordpress\/?post_type=product&#038;p=1165"},"modified":"2025-02-06T17:12:21","modified_gmt":"2025-02-06T17:12:21","slug":"pulsero-gel","status":"publish","type":"product","link":"https:\/\/lekarzeopole.pl\/wordpress\/product\/pulsero-gel\/","title":{"rendered":"Pulsero gel"},"content":{"rendered":"<p>Pulsero Gel to innowacyjny preparat, kt\u00f3ry zyska\u0142 du\u017c\u0105 popularno\u015b\u0107 w\u015br\u00f3d os\u00f3b szukaj\u0105cych skutecznych rozwi\u0105za\u0144 poprawiaj\u0105cych jako\u015b\u0107 \u017cycia seksualnego. Dzi\u0119ki swojej unikalnej formule, opieraj\u0105cej si\u0119 na naturalnych sk\u0142adnikach, oferuje szerok\u0105 gam\u0119 korzy\u015bci, takich jak zwi\u0119kszenie rozmiaru penisa, poprawa erekcji, a tak\u017ce wzrost libido i po\u017c\u0105dania seksualnego. W tej artykule przyjrzymy si\u0119 dok\u0142adniej, czym jest Pulsero Gel, jak dzia\u0142a oraz jakie korzy\u015bci mo\u017ce przynie\u015b\u0107 jego stosowanie.<\/p>\n<h2>Wskazania do stosowania Pulsero Gel<\/h2>\n<p>Pulsero Gel jest preparatem, kt\u00f3ry jest zalecany osobom, kt\u00f3re pragn\u0105 poprawi\u0107 jako\u015b\u0107 swojego \u017cycia seksualnego. Wskazania do stosowania tego produktu obejmuj\u0105:<\/p>\n<ol>\n<li><strong>Zwi\u0119kszenie rozmiaru penisa<\/strong> \u2013 Pulsero Gel mo\u017ce pom\u00f3c w zwi\u0119kszeniu rozmiaru penisa, co jest cz\u0119sto po\u017c\u0105dane przez m\u0119\u017cczyzn, kt\u00f3rzy pragn\u0105 poprawi\u0107 swoje poczucie pewno\u015bci siebie oraz zadowolenie seksualne swoich partnerek.<\/li>\n<li><strong>Wzmacnianie erekcji<\/strong> \u2013 Preparat dzia\u0142a wspomagaj\u0105co na si\u0142\u0119 i jako\u015b\u0107 erekcji, pomagaj\u0105c m\u0119\u017cczyznom osi\u0105ga\u0107 twardsze i d\u0142u\u017cej utrzymuj\u0105ce si\u0119 erekcje, co pozytywnie wp\u0142ywa na satysfakcj\u0119 z \u017cycia intymnego.<\/li>\n<li><strong>Zwi\u0119kszenie po\u017c\u0105dania seksualnego<\/strong> \u2013 Pulsero Gel poprawia libido, co przek\u0142ada si\u0119 na wy\u017cszy poziom po\u017c\u0105dania u m\u0119\u017cczyzn, a tak\u017ce ich partnerek. Dzi\u0119ki temu \u017cycie seksualne staje si\u0119 bardziej intensywne i satysfakcjonuj\u0105ce.<\/li>\n<li><strong>Mo\u017cliwo\u015b\u0107 eksperymentowania<\/strong> \u2013 Zwi\u0119kszona czu\u0142o\u015b\u0107 i energi\u0119 pozwalaj\u0105 na swobodne eksperymentowanie w sferze intymnej, co mo\u017ce prowadzi\u0107 do bardziej ekscytuj\u0105cych do\u015bwiadcze\u0144.<\/li>\n<li><strong>Zwi\u0119kszenie czu\u0142o\u015bci i przyspieszenie osi\u0105gania orgazmu<\/strong> \u2013 Preparat pomaga zwi\u0119kszy\u0107 wra\u017cliwo\u015b\u0107 stref erogennych, co przyczynia si\u0119 do \u0142atwiejszego osi\u0105gania orgazm\u00f3w zar\u00f3wno przez m\u0119\u017cczyzn, jak i kobiety.<\/li>\n<li><strong>Zwi\u0119kszenie czasu trwania i liczby orgazm\u00f3w<\/strong> \u2013 Regularne stosowanie Pulsero Gel mo\u017ce przyczyni\u0107 si\u0119 do d\u0142u\u017cszej aktywno\u015bci seksualnej oraz cz\u0119stszego do\u015bwiadczania orgazm\u00f3w.<\/li>\n<li><strong>Dostarczenie energii i wytrwa\u0142o\u015bci<\/strong> \u2013 Produkt dzia\u0142a r\u00f3wnie\u017c jako naturalny wzmacniacz energii, poprawiaj\u0105c wytrzyma\u0142o\u015b\u0107 fizyczn\u0105 i zwi\u0119kszaj\u0105c tempo aktywno\u015bci seksualnej.<\/li>\n<li><strong>Kobieco\u015b\u0107<\/strong> \u2013 Pulsero Gel mo\u017ce przyczyni\u0107 si\u0119 do poprawy wra\u017cliwo\u015bci i pewno\u015bci siebie kobiet, sprawiaj\u0105c, \u017ce staj\u0105 si\u0119 one bardziej zmys\u0142owe i atrakcyjne w oczach swoich partner\u00f3w.<\/li>\n<\/ol>\n<h2>Sk\u0142ad i dzia\u0142anie sk\u0142adnik\u00f3w Pulsero Gel<\/h2>\n<p>Pulsero Gel zawiera sk\u0142adniki pochodzenia naturalnego, kt\u00f3re wsp\u00f3\u0142dzia\u0142aj\u0105 w celu uzyskania jak najlepszych efekt\u00f3w w sferze intymnej. Oto niekt\u00f3re z najwa\u017cniejszych sk\u0142adnik\u00f3w:<\/p>\n<ol>\n<li><strong>Ekstrakt z \u017ce\u0144-szenia<\/strong> \u2013 Znany ze swoich w\u0142a\u015bciwo\u015bci energetyzuj\u0105cych, \u017ce\u0144-sze\u0144 poprawia kr\u0105\u017cenie krwi, co prowadzi do wzmocnienia erekcji i poprawy og\u00f3lnej wydolno\u015bci organizmu.<\/li>\n<li><strong>L-arginina<\/strong> \u2013 Jest to aminokwas, kt\u00f3ry wspomaga produkcj\u0119 tlenku azotu, co przyczynia si\u0119 do rozszerzenia naczy\u0144 krwiono\u015bnych i poprawy ukrwienia tkanek penisa, co z kolei umo\u017cliwia uzyskanie twardszych erekcji.<\/li>\n<li><strong>Ekstrakt z maca<\/strong> \u2013 Ro\u015blina ta jest znana ze swojego dzia\u0142ania na popraw\u0119 libido oraz wytrzyma\u0142o\u015bci seksualnej. Zwi\u0119ksza poziom energii i witalno\u015bci, a tak\u017ce wspomaga regulacj\u0119 hormon\u00f3w p\u0142ciowych.<\/li>\n<li><strong>Ekstrakt z korzenia imbiru<\/strong> \u2013 Imbir jest naturalnym afrodyzjakiem, kt\u00f3ry stymuluje kr\u0105\u017cenie i poprawia czu\u0142o\u015b\u0107 stref erogennych, co wp\u0142ywa na intensywno\u015b\u0107 dozna\u0144 seksualnych.<\/li>\n<li><strong>Ekstrakt z owoc\u00f3w palmy saba\u0142owej<\/strong> \u2013 Palm\u0119 saba\u0142ow\u0105 stosuje si\u0119 w celu poprawy jako\u015bci erekcji oraz zwi\u0119kszenia libido. Jest r\u00f3wnie\u017c znana z dzia\u0142ania na popraw\u0119 zdrowia prostaty.<\/li>\n<li><strong>Mentol<\/strong> \u2013 Mentol zapewnia przyjemne uczucie ch\u0142odzenia i orze\u017awienia, co zwi\u0119ksza komfort podczas stosowania preparatu.<\/li>\n<\/ol>\n<p>Ka\u017cdy z tych sk\u0142adnik\u00f3w dzia\u0142a synergicznie, wzmacniaj\u0105c dzia\u0142anie pozosta\u0142ych, co sprawia, \u017ce Pulsero Gel jest skutecznym i bezpiecznym rozwi\u0105zaniem dla os\u00f3b, kt\u00f3re chc\u0105 poprawi\u0107 jako\u015b\u0107 swojego \u017cycia seksualnego.<\/p>\n<p style=\"text-align: center;\"><a href=\"https:\/\/keonv.com\/wUuS?sub1=sub1&amp;sub2=sub2&amp;sub3=sub3&amp;sub4=sub4&amp;sub5=sub5\"><button>www.pulsero-gel.pl<\/button><\/a><\/p>\n<h2>Efekty Pulsero Gel i ich charakterystyka<\/h2>\n<p>Pulsero Gel daje wiele korzy\u015bci, kt\u00f3re wp\u0142ywaj\u0105 na jako\u015b\u0107 \u017cycia seksualnego. Oto niekt\u00f3re z efekt\u00f3w, kt\u00f3re mo\u017cna zaobserwowa\u0107 po regularnym stosowaniu preparatu:<\/p>\n<ol>\n<li><strong>Zwi\u0119kszenie rozmiaru penisa<\/strong> \u2013 Chocia\u017c efekt ten jest indywidualny i zale\u017cy od organizmu, wielu u\u017cytkownik\u00f3w zauwa\u017ca popraw\u0119 rozmiaru penisa, co ma pozytywny wp\u0142yw na ich pewno\u015b\u0107 siebie oraz komfort w relacjach intymnych.<\/li>\n<li><strong>Wzmocnienie erekcji<\/strong> \u2013 Zwi\u0119kszona twardo\u015b\u0107 erekcji pozwala na d\u0142ugotrwa\u0142y stosunek seksualny, co z kolei przek\u0142ada si\u0119 na satysfakcj\u0119 obojga partner\u00f3w.<\/li>\n<li><strong>Wzrost po\u017c\u0105dania seksualnego<\/strong> \u2013 Dzi\u0119ki zawarto\u015bci naturalnych afrodyzjak\u00f3w, takich jak maca i imbir, Pulsero Gel mo\u017ce znacz\u0105co zwi\u0119kszy\u0107 po\u017c\u0105danie seksualne i zainteresowanie partnerem.<\/li>\n<li><strong>Lepsza czu\u0142o\u015b\u0107 i intensyfikacja dozna\u0144<\/strong> \u2013 Poprawiona wra\u017cliwo\u015b\u0107 cia\u0142a sprawia, \u017ce stosunek seksualny staje si\u0119 bardziej intensywny i satysfakcjonuj\u0105cy dla obu stron.<\/li>\n<li><strong>\u0141atwiejsze osi\u0105ganie orgazmu<\/strong> \u2013 Dzi\u0119ki zwi\u0119kszonej czu\u0142o\u015bci i poprawie ukrwienia, osi\u0105ganie orgazmu staje si\u0119 \u0142atwiejsze i bardziej intensywne.<\/li>\n<li><strong>D\u0142ugotrwa\u0142a wytrzyma\u0142o\u015b\u0107<\/strong> \u2013 Pulsero Gel pomaga zwi\u0119kszy\u0107 wytrzyma\u0142o\u015b\u0107 seksualn\u0105, co pozwala na d\u0142u\u017cszy i bardziej satysfakcjonuj\u0105cy stosunek.<\/li>\n<\/ol>\n<h2>Ryzyko skutk\u00f3w ubocznych<\/h2>\n<p>Pulsero Gel jest preparatem opartym na naturalnych sk\u0142adnikach, co sprawia, \u017ce ryzyko wyst\u0105pienia skutk\u00f3w ubocznych jest minimalne. Wi\u0119kszo\u015b\u0107 sk\u0142adnik\u00f3w, takich jak \u017ce\u0144-sze\u0144, maca czy imbir, s\u0105 powszechnie stosowane w suplementach diety i kosmetykach, a ich dzia\u0142anie jest dobrze znane.<\/p>\n<p>Zaleca si\u0119 jednak, aby osoby z alergi\u0105 na kt\u00f3rykolwiek z sk\u0142adnik\u00f3w preparatu skonsultowa\u0142y si\u0119 z lekarzem przed jego zastosowaniem. Podobnie osoby, kt\u00f3re cierpi\u0105 na powa\u017cne schorzenia uk\u0142adu sercowo-naczyniowego lub hormonalnego, powinny skonsultowa\u0107 si\u0119 z lekarzem przed rozpocz\u0119ciem stosowania Pulsero Gel.<\/p>\n<p>W przypadku jakichkolwiek niepo\u017c\u0105danych reakcji, takich jak podra\u017cnienia sk\u00f3ry, nale\u017cy zaprzesta\u0107 stosowania produktu i skonsultowa\u0107 si\u0119 z lekarzem.<\/p>\n<h2>Opinie klient\u00f3w o Pulsero Gel: fora po\u015bwi\u0119cone zdrowiu<\/h2>\n<p>W Polsce istnieje wiele for\u00f3w internetowych, na kt\u00f3rych u\u017cytkownicy dziel\u0105 si\u0119 swoimi do\u015bwiadczeniami zwi\u0105zanych z produktami wspomagaj\u0105cymi zdrowie i popraw\u0119 jako\u015bci \u017cycia seksualnego. Pulsero Gel sta\u0142 si\u0119 jednym z temat\u00f3w, kt\u00f3ry zyska\u0142 du\u017c\u0105 popularno\u015b\u0107 w\u015br\u00f3d os\u00f3b poszukuj\u0105cych skutecznych rozwi\u0105za\u0144 poprawiaj\u0105cych ich \u017cycie intymne. Preparat zdoby\u0142 uznanie dzi\u0119ki swojej skuteczno\u015bci oraz naturalnym sk\u0142adnikom, kt\u00f3re wp\u0142ywaj\u0105 na zwi\u0119kszenie libido, popraw\u0119 erekcji i inne aspekty \u017cycia seksualnego.<\/p>\n<p>Wielu u\u017cytkownik\u00f3w podkre\u015bla pozytywne dzia\u0142anie Pulsero Gel, a tak\u017ce jego \u0142atw\u0105 dost\u0119pno\u015b\u0107 oraz atrakcyjn\u0105 cen\u0119.<\/p>\n<ul>\n<li><strong>Marek, 38 lat:<\/strong> &#8222;Zdecydowa\u0142em si\u0119 wypr\u00f3bowa\u0107 Pulsero Gel po przeczytaniu kilku opinii w internecie. Musz\u0119 przyzna\u0107, \u017ce nie zawiod\u0142em si\u0119. Preparat rzeczywi\u015bcie poprawi\u0142 jako\u015b\u0107 moich erekcji i sprawi\u0142, \u017ce czu\u0142em si\u0119 pewniej w \u0142\u00f3\u017cku. Co wa\u017cne, \u017cona r\u00f3wnie\u017c zauwa\u017cy\u0142a popraw\u0119 w naszej intymno\u015bci. Dodatkowo produkt jest \u0142atwo dost\u0119pny i niedrogi, co sprawia, \u017ce polecam go ka\u017cdemu.&#8221;<\/li>\n<li><strong>Anna, 32 lata:<\/strong> &#8222;Jako kobieta, nie spodziewa\u0142am si\u0119, \u017ce preparat dla m\u0119\u017cczyzn b\u0119dzie mia\u0142 tak pozytywny wp\u0142yw na moj\u0105 seksualno\u015b\u0107. Z Pulsero Gel m\u00f3j partner osi\u0105gn\u0105\u0142 lepsz\u0105 erekcj\u0119, a nasze \u017cycie seksualne sta\u0142o si\u0119 bardziej intensywne. Ciesz\u0119 si\u0119, \u017ce znalaz\u0142am ten produkt i z pewno\u015bci\u0105 polec\u0119 go znajomym. Jest to doskona\u0142a opcja, gdy chce si\u0119 poprawi\u0107 jako\u015b\u0107 \u017cycia intymnego.&#8221;<\/li>\n<\/ul>\n<p>Opinie takie jak te s\u0105 cz\u0119ste na forach internetowych, gdzie u\u017cytkownicy podkre\u015blaj\u0105 skuteczno\u015b\u0107 i dost\u0119pno\u015b\u0107 produktu. Wiele os\u00f3b zauwa\u017ca pozytywne zmiany ju\u017c po kilku dniach stosowania Pulsero Gel, co czyni go jednym z bardziej popularnych wybor\u00f3w na rynku.<\/p>\n<h2>Spos\u00f3b podawania i dawkowanie<\/h2>\n<p>Pulsero Gel to preparat, kt\u00f3ry nale\u017cy stosowa\u0107 zgodnie z instrukcjami podanymi przez producenta, aby osi\u0105gn\u0105\u0107 optymalne efekty. Produkt jest \u0142atwy w u\u017cyciu \u2013 wystarczy na\u0142o\u017cy\u0107 odpowiedni\u0105 ilo\u015b\u0107 \u017celu na sk\u00f3r\u0119 w okolicy genitali\u00f3w i delikatnie wmasowa\u0107, aby sk\u0142adniki aktywne mog\u0142y szybko si\u0119 wch\u0142on\u0105\u0107 i rozpocz\u0105\u0107 swoje dzia\u0142anie.<\/p>\n<p><strong>Zalecane dawkowanie:<\/strong><\/p>\n<ul>\n<li><strong>U\u017cycie:<\/strong> Na\u0142o\u017cy\u0107 niewielk\u0105 ilo\u015b\u0107 \u017celu na oczyszczon\u0105 sk\u00f3r\u0119 i wmasowa\u0107 do ca\u0142kowitego wch\u0142oni\u0119cia.<\/li>\n<li><strong>Cz\u0119stotliwo\u015b\u0107 stosowania:<\/strong> W zale\u017cno\u015bci od indywidualnych potrzeb, produkt mo\u017cna stosowa\u0107 1-2 razy dziennie.<\/li>\n<\/ul>\n<p>Zaleca si\u0119 regularne stosowanie, aby uzyska\u0107 zauwa\u017calne efekty, kt\u00f3re mog\u0105 pojawi\u0107 si\u0119 po kilku dniach stosowania. Wa\u017cne jest, aby nie przekracza\u0107 zalecanej dawki, poniewa\u017c wi\u0119ksza ilo\u015b\u0107 produktu nie zwi\u0119kszy jego skuteczno\u015bci.<\/p>\n<h2>Kup teraz Pulsero Gel z dostaw\u0105<\/h2>\n<p>Zakup Pulsero Gel jest prosty i wygodny, poniewa\u017c produkt dost\u0119pny jest online, bez potrzeby odwiedzania stacjonarnych punkt\u00f3w sprzeda\u017cy. Mo\u017cna go zam\u00f3wi\u0107 bezpo\u015brednio na stronie internetowej producenta, co zapewnia bezpiecze\u0144stwo transakcji oraz gwarancj\u0119 oryginalno\u015bci produktu. Co wi\u0119cej, nie musisz p\u0142aci\u0107 za produkt z g\u00f3ry \u2013 p\u0142atno\u015b\u0107 odbywa si\u0119 dopiero po otrzymaniu zam\u00f3wienia, co pozwala unikn\u0105\u0107 ryzyka zakupu podr\u00f3bek.<\/p>\n<p><strong>Zalety zakupu online:<\/strong><\/p>\n<ul>\n<li><strong>Brak p\u0142atno\u015bci z g\u00f3ry:<\/strong> Klient p\u0142aci za produkt dopiero po dostarczeniu go do domu, co daje poczucie bezpiecze\u0144stwa.<\/li>\n<li><strong>Bez ryzyka:<\/strong> Zakup bezpo\u015brednio od producenta zapewnia pewno\u015b\u0107, \u017ce otrzymasz oryginalny produkt.<\/li>\n<li><strong>Dostawa w 3-4 dni robocze:<\/strong> Zam\u00f3wienie realizowane jest szybko, a czas oczekiwania na paczk\u0119 wynosi zazwyczaj od 3 do 4 dni roboczych na terenie Polski.<\/li>\n<li><strong>Telefoniczna konsultacja:<\/strong> Po z\u0142o\u017ceniu zam\u00f3wienia, klient otrzymuje potwierdzenie telefoniczne od specjalisty, kt\u00f3ry mo\u017ce doradzi\u0107 w kwestii stosowania preparatu oraz informowa\u0107 o bie\u017c\u0105cych promocjach i ofertach.<\/li>\n<\/ul>\n<p>Taki system zakup\u00f3w sprawia, \u017ce Pulsero Gel jest wygodnym i bezpiecznym rozwi\u0105zaniem dla os\u00f3b poszukuj\u0105cych skutecznego wsparcia w poprawie swojego \u017cycia seksualnego.<\/p>\n<p style=\"text-align: center;\"><a href=\"https:\/\/keonv.com\/wUuS?sub1=sub1&amp;sub2=sub2&amp;sub3=sub3&amp;sub4=sub4&amp;sub5=sub5\"><button>Zakup na stronie producenta (-50%)<\/button><\/a><\/p>\n<h2>Por\u00f3wnanie ofert: ceny i dost\u0119pno\u015b\u0107 Pulsero Gel<\/h2>\n<p>Pulsero Gel dost\u0119pny jest g\u0142\u00f3wnie na oficjalnej stronie producenta, co pozwala unikn\u0105\u0107 dodatkowych op\u0142at zwi\u0105zanych z po\u015brednikami i mar\u017cami, kt\u00f3re mog\u0105 wyst\u0119powa\u0107 w sklepach stacjonarnych czy aptekach. Dzi\u0119ki temu cena produktu jest bardziej atrakcyjna, a klient ma pewno\u015b\u0107, \u017ce kupuje oryginalny preparat.<\/p>\n<p><strong>Korzy\u015bci zakupu bezpo\u015brednio od producenta:<\/strong><\/p>\n<ul>\n<li><strong>Brak po\u015brednik\u00f3w i nawi\u0105zk\u00f3w:<\/strong> Kupuj\u0105c bezpo\u015brednio na stronie internetowej producenta, omijasz po\u015brednik\u00f3w, co oznacza ni\u017csz\u0105 cen\u0119 produktu.<\/li>\n<li><strong>Atrakcyjne promocje:<\/strong> Na stronie producenta regularnie pojawiaj\u0105 si\u0119 promocje, zni\u017cki oraz oferty specjalne. Warto \u015bledzi\u0107 stron\u0119, aby by\u0107 na bie\u017c\u0105co z aktualnymi ofertami.<\/li>\n<li><strong>Brak dost\u0119pno\u015bci w aptekach:<\/strong> Pulsero Gel nie jest dost\u0119pny w stacjonarnych aptekach, co dodatkowo chroni klient\u00f3w przed ryzykiem zakupu podr\u00f3bek lub przestarza\u0142ych produkt\u00f3w.<\/li>\n<\/ul>\n<p>Warto regularnie sprawdza\u0107 stron\u0119 internetow\u0105 producenta, aby skorzysta\u0107 z aktualnych promocji i ofert rabatowych. Dzi\u0119ki takiemu podej\u015bciu, Pulsero Gel pozostaje jednym z najbardziej dost\u0119pnych i skutecznych produkt\u00f3w wspomagaj\u0105cych popraw\u0119 jako\u015bci \u017cycia seksualnego w Polsce.<\/p>\n","protected":false},"excerpt":{"rendered":"<p style=\"text-align: center;\"><a href=\"https:\/\/keonv.com\/wUuS?sub1=sub1&amp;sub2=sub2&amp;sub3=sub3&amp;sub4=sub4&amp;sub5=sub5\"><button>Kup teraz<\/button><\/a><\/p>\n<p>SKU:\u00a0<span class=\"sku\">789.005.677<\/span><\/p>\n<hr \/>\n<p><small>Produkt sprzedawany jest wy\u0142\u0105cznie za po\u015brednictwem oficjalnej strony producenta, id\u017a i kupuj bezpiecznie!<\/small><\/p>\n","protected":false},"featured_media":1166,"comment_status":"open","ping_status":"closed","template":"","meta":[],"product_brand":[],"product_cat":[15],"product_tag":[],"class_list":{"0":"post-1165","1":"product","2":"type-product","3":"status-publish","4":"has-post-thumbnail","6":"product_cat-supl","7":"thunk-woo-product-list","8":"opn-qv-enable","9":"top-store-woo-hover-","10":"top-store-single-product-tab-horizontal","11":"top-store-shadow-","12":"top-store-shadow-hover-","14":"first","15":"instock","16":"sale","17":"shipping-taxable","18":"purchasable","19":"product-type-simple"},"yoast_head":"<!-- This site is optimized with the Yoast SEO plugin v27.4 - https:\/\/yoast.com\/product\/yoast-seo-wordpress\/ -->\n<title>Pulsero gel - kup suplement, cena w aptece, sk\u0142ad, dzia\u0142anie<\/title>\n<meta name=\"robots\" content=\"index, follow, max-snippet:-1, max-image-preview:large, max-video-preview:-1\" \/>\n<link rel=\"canonical\" href=\"https:\/\/lekarzeopole.pl\/wordpress\/product\/pulsero-gel\/\" \/>\n<meta property=\"og:locale\" content=\"pl_PL\" \/>\n<meta property=\"og:type\" content=\"article\" \/>\n<meta property=\"og:title\" content=\"Pulsero gel - kup suplement, cena w aptece, sk\u0142ad, dzia\u0142anie\" \/>\n<meta property=\"og:description\" content=\"Kup teraz SKU:\u00a0789.005.677    Produkt sprzedawany jest wy\u0142\u0105cznie za po\u015brednictwem oficjalnej strony producenta, id\u017a i kupuj bezpiecznie!\" \/>\n<meta property=\"og:url\" content=\"https:\/\/lekarzeopole.pl\/wordpress\/product\/pulsero-gel\/\" \/>\n<meta property=\"og:site_name\" content=\"Lekarze Opole\" \/>\n<meta property=\"article:modified_time\" content=\"2025-02-06T17:12:21+00:00\" \/>\n<meta property=\"og:image\" content=\"https:\/\/lekarzeopole.pl\/wordpress\/wp-content\/uploads\/2025\/02\/pulsero-gel.png\" \/>\n\t<meta property=\"og:image:width\" content=\"269\" \/>\n\t<meta property=\"og:image:height\" content=\"444\" \/>\n\t<meta property=\"og:image:type\" content=\"image\/png\" \/>\n<meta name=\"twitter:card\" content=\"summary_large_image\" \/>\n<meta name=\"twitter:label1\" content=\"Szacowany czas czytania\" \/>\n\t<meta name=\"twitter:data1\" content=\"9 minut\" \/>\n<script type=\"application\/ld+json\" class=\"yoast-schema-graph\">{\"@context\":\"https:\\\/\\\/schema.org\",\"@graph\":[{\"@type\":\"WebPage\",\"@id\":\"https:\\\/\\\/lekarzeopole.pl\\\/wordpress\\\/product\\\/pulsero-gel\\\/\",\"url\":\"https:\\\/\\\/lekarzeopole.pl\\\/wordpress\\\/product\\\/pulsero-gel\\\/\",\"name\":\"Pulsero gel - kup suplement, cena w aptece, sk\u0142ad, dzia\u0142anie\",\"isPartOf\":{\"@id\":\"https:\\\/\\\/lekarzeopole.pl\\\/wordpress\\\/#website\"},\"primaryImageOfPage\":{\"@id\":\"https:\\\/\\\/lekarzeopole.pl\\\/wordpress\\\/product\\\/pulsero-gel\\\/#primaryimage\"},\"image\":{\"@id\":\"https:\\\/\\\/lekarzeopole.pl\\\/wordpress\\\/product\\\/pulsero-gel\\\/#primaryimage\"},\"thumbnailUrl\":\"https:\\\/\\\/lekarzeopole.pl\\\/wordpress\\\/wp-content\\\/uploads\\\/2025\\\/02\\\/pulsero-gel.png\",\"datePublished\":\"2025-02-06T17:12:20+00:00\",\"dateModified\":\"2025-02-06T17:12:21+00:00\",\"breadcrumb\":{\"@id\":\"https:\\\/\\\/lekarzeopole.pl\\\/wordpress\\\/product\\\/pulsero-gel\\\/#breadcrumb\"},\"inLanguage\":\"pl-PL\",\"potentialAction\":[{\"@type\":\"ReadAction\",\"target\":[\"https:\\\/\\\/lekarzeopole.pl\\\/wordpress\\\/product\\\/pulsero-gel\\\/\"]}]},{\"@type\":\"ImageObject\",\"inLanguage\":\"pl-PL\",\"@id\":\"https:\\\/\\\/lekarzeopole.pl\\\/wordpress\\\/product\\\/pulsero-gel\\\/#primaryimage\",\"url\":\"https:\\\/\\\/lekarzeopole.pl\\\/wordpress\\\/wp-content\\\/uploads\\\/2025\\\/02\\\/pulsero-gel.png\",\"contentUrl\":\"https:\\\/\\\/lekarzeopole.pl\\\/wordpress\\\/wp-content\\\/uploads\\\/2025\\\/02\\\/pulsero-gel.png\",\"width\":269,\"height\":444,\"caption\":\"Pulsero gel\"},{\"@type\":\"BreadcrumbList\",\"@id\":\"https:\\\/\\\/lekarzeopole.pl\\\/wordpress\\\/product\\\/pulsero-gel\\\/#breadcrumb\",\"itemListElement\":[{\"@type\":\"ListItem\",\"position\":1,\"name\":\"\u0413\u043b\u0430\u0432\u043d\u0430\u044f \u0441\u0442\u0440\u0430\u043d\u0438\u0446\u0430\",\"item\":\"https:\\\/\\\/lekarzeopole.pl\\\/wordpress\\\/\"},{\"@type\":\"ListItem\",\"position\":2,\"name\":\"Zakup\",\"item\":\"https:\\\/\\\/lekarzeopole.pl\\\/wordpress\\\/\"},{\"@type\":\"ListItem\",\"position\":3,\"name\":\"Pulsero gel\"}]},{\"@type\":\"WebSite\",\"@id\":\"https:\\\/\\\/lekarzeopole.pl\\\/wordpress\\\/#website\",\"url\":\"https:\\\/\\\/lekarzeopole.pl\\\/wordpress\\\/\",\"name\":\"Lekarze Opole\",\"description\":\"\",\"potentialAction\":[{\"@type\":\"SearchAction\",\"target\":{\"@type\":\"EntryPoint\",\"urlTemplate\":\"https:\\\/\\\/lekarzeopole.pl\\\/wordpress\\\/?s={search_term_string}\"},\"query-input\":{\"@type\":\"PropertyValueSpecification\",\"valueRequired\":true,\"valueName\":\"search_term_string\"}}],\"inLanguage\":\"pl-PL\"}]}<\/script>\n<!-- \/ Yoast SEO plugin. -->","yoast_head_json":{"title":"Pulsero gel - kup suplement, cena w aptece, sk\u0142ad, dzia\u0142anie","robots":{"index":"index","follow":"follow","max-snippet":"max-snippet:-1","max-image-preview":"max-image-preview:large","max-video-preview":"max-video-preview:-1"},"canonical":"https:\/\/lekarzeopole.pl\/wordpress\/product\/pulsero-gel\/","og_locale":"pl_PL","og_type":"article","og_title":"Pulsero gel - kup suplement, cena w aptece, sk\u0142ad, dzia\u0142anie","og_description":"Kup teraz SKU:\u00a0789.005.677    Produkt sprzedawany jest wy\u0142\u0105cznie za po\u015brednictwem oficjalnej strony producenta, id\u017a i kupuj bezpiecznie!","og_url":"https:\/\/lekarzeopole.pl\/wordpress\/product\/pulsero-gel\/","og_site_name":"Lekarze Opole","article_modified_time":"2025-02-06T17:12:21+00:00","og_image":[{"width":269,"height":444,"url":"https:\/\/lekarzeopole.pl\/wordpress\/wp-content\/uploads\/2025\/02\/pulsero-gel.png","type":"image\/png"}],"twitter_card":"summary_large_image","twitter_misc":{"Szacowany czas czytania":"9 minut"},"schema":{"@context":"https:\/\/schema.org","@graph":[{"@type":"WebPage","@id":"https:\/\/lekarzeopole.pl\/wordpress\/product\/pulsero-gel\/","url":"https:\/\/lekarzeopole.pl\/wordpress\/product\/pulsero-gel\/","name":"Pulsero gel - kup suplement, cena w aptece, sk\u0142ad, dzia\u0142anie","isPartOf":{"@id":"https:\/\/lekarzeopole.pl\/wordpress\/#website"},"primaryImageOfPage":{"@id":"https:\/\/lekarzeopole.pl\/wordpress\/product\/pulsero-gel\/#primaryimage"},"image":{"@id":"https:\/\/lekarzeopole.pl\/wordpress\/product\/pulsero-gel\/#primaryimage"},"thumbnailUrl":"https:\/\/lekarzeopole.pl\/wordpress\/wp-content\/uploads\/2025\/02\/pulsero-gel.png","datePublished":"2025-02-06T17:12:20+00:00","dateModified":"2025-02-06T17:12:21+00:00","breadcrumb":{"@id":"https:\/\/lekarzeopole.pl\/wordpress\/product\/pulsero-gel\/#breadcrumb"},"inLanguage":"pl-PL","potentialAction":[{"@type":"ReadAction","target":["https:\/\/lekarzeopole.pl\/wordpress\/product\/pulsero-gel\/"]}]},{"@type":"ImageObject","inLanguage":"pl-PL","@id":"https:\/\/lekarzeopole.pl\/wordpress\/product\/pulsero-gel\/#primaryimage","url":"https:\/\/lekarzeopole.pl\/wordpress\/wp-content\/uploads\/2025\/02\/pulsero-gel.png","contentUrl":"https:\/\/lekarzeopole.pl\/wordpress\/wp-content\/uploads\/2025\/02\/pulsero-gel.png","width":269,"height":444,"caption":"Pulsero gel"},{"@type":"BreadcrumbList","@id":"https:\/\/lekarzeopole.pl\/wordpress\/product\/pulsero-gel\/#breadcrumb","itemListElement":[{"@type":"ListItem","position":1,"name":"\u0413\u043b\u0430\u0432\u043d\u0430\u044f \u0441\u0442\u0440\u0430\u043d\u0438\u0446\u0430","item":"https:\/\/lekarzeopole.pl\/wordpress\/"},{"@type":"ListItem","position":2,"name":"Zakup","item":"https:\/\/lekarzeopole.pl\/wordpress\/"},{"@type":"ListItem","position":3,"name":"Pulsero gel"}]},{"@type":"WebSite","@id":"https:\/\/lekarzeopole.pl\/wordpress\/#website","url":"https:\/\/lekarzeopole.pl\/wordpress\/","name":"Lekarze Opole","description":"","potentialAction":[{"@type":"SearchAction","target":{"@type":"EntryPoint","urlTemplate":"https:\/\/lekarzeopole.pl\/wordpress\/?s={search_term_string}"},"query-input":{"@type":"PropertyValueSpecification","valueRequired":true,"valueName":"search_term_string"}}],"inLanguage":"pl-PL"}]}},"_links":{"self":[{"href":"https:\/\/lekarzeopole.pl\/wordpress\/wp-json\/wp\/v2\/product\/1165","targetHints":{"allow":["GET"]}}],"collection":[{"href":"https:\/\/lekarzeopole.pl\/wordpress\/wp-json\/wp\/v2\/product"}],"about":[{"href":"https:\/\/lekarzeopole.pl\/wordpress\/wp-json\/wp\/v2\/types\/product"}],"replies":[{"embeddable":true,"href":"https:\/\/lekarzeopole.pl\/wordpress\/wp-json\/wp\/v2\/comments?post=1165"}],"wp:featuredmedia":[{"embeddable":true,"href":"https:\/\/lekarzeopole.pl\/wordpress\/wp-json\/wp\/v2\/media\/1166"}],"wp:attachment":[{"href":"https:\/\/lekarzeopole.pl\/wordpress\/wp-json\/wp\/v2\/media?parent=1165"}],"wp:term":[{"taxonomy":"product_brand","embeddable":true,"href":"https:\/\/lekarzeopole.pl\/wordpress\/wp-json\/wp\/v2\/product_brand?post=1165"},{"taxonomy":"product_cat","embeddable":true,"href":"https:\/\/lekarzeopole.pl\/wordpress\/wp-json\/wp\/v2\/product_cat?post=1165"},{"taxonomy":"product_tag","embeddable":true,"href":"https:\/\/lekarzeopole.pl\/wordpress\/wp-json\/wp\/v2\/product_tag?post=1165"}],"curies":[{"name":"wp","href":"https:\/\/api.w.org\/{rel}","templated":true}]}}