{"id":1160,"date":"2025-02-06T15:40:10","date_gmt":"2025-02-06T15:40:10","guid":{"rendered":"https:\/\/lekarzeopole.pl\/wordpress\/?post_type=product&#038;p=1160"},"modified":"2025-10-03T20:17:05","modified_gmt":"2025-10-03T20:17:05","slug":"cardiotonus","status":"publish","type":"product","link":"https:\/\/lekarzeopole.pl\/wordpress\/product\/cardiotonus\/","title":{"rendered":"Cardiotonus"},"content":{"rendered":"<p><strong>Cardiotonus<\/strong> \u2013 suplement diety oparty na naturalnych sk\u0142adnikach, kt\u00f3ry pomaga w naturalny spos\u00f3b kontrolowa\u0107 poziom ci\u015bnienia krwi i wspiera zdrowie serca. W tym artykule przyjrzymy si\u0119 bli\u017cej temu preparatowi, jego sk\u0142adnikom, dzia\u0142aniu oraz zaletom, jakie oferuje.<\/p>\n<h2>Wskazania do stosowania Cardiotonus<\/h2>\n<p>Kapsu\u0142ki Cardiotonus polecane s\u0105 przede wszystkim osobom, kt\u00f3re zmagaj\u0105 si\u0119 z nadci\u015bnieniem t\u0119tniczym. Regularne stosowanie tego suplementu mo\u017ce pom\u00f3c w obni\u017ceniu ci\u015bnienia krwi, co zmniejsza ryzyko powik\u0142a\u0144 sercowo-naczyniowych, takich jak zawa\u0142 serca czy udar m\u00f3zgu. Produkt jest r\u00f3wnie\u017c polecany osobom, kt\u00f3re chc\u0105 utrzyma\u0107 zdrowie serca i naczy\u0144 krwiono\u015bnych w dobrej kondycji, zapobiega\u0107 rozwojowi mia\u017cd\u017cycy oraz poprawi\u0107 og\u00f3ln\u0105 wydolno\u015b\u0107 organizmu.<\/p>\n<p>Dodatkowo, Cardiotonus mo\u017ce by\u0107 stosowany w przypadku os\u00f3b nara\u017conych na stres, kt\u00f3re borykaj\u0105 si\u0119 z problemami ze snem, oraz w sytuacjach, gdy potrzebne jest wsparcie uk\u0142adu odporno\u015bciowego.<\/p>\n<h2>Sk\u0142ad i dzia\u0142anie sk\u0142adnik\u00f3w Cardiotonus<\/h2>\n<p>Cardiotonus to suplement diety, kt\u00f3ry zawiera wy\u0142\u0105cznie naturalne sk\u0142adniki, co czyni go bezpiecznym wyborem dla os\u00f3b szukaj\u0105cych alternatywy dla lek\u00f3w chemicznych. G\u0142\u00f3wne sk\u0142adniki preparatu to:<\/p>\n<h3><strong>Witamina B2 (Ryboflawina)<\/strong><\/h3>\n<p>Witamina B2 jest niezb\u0119dna dla prawid\u0142owego funkcjonowania organizmu. Ma silne dzia\u0142anie wzmacniaj\u0105ce oraz immunostymuluj\u0105ce. Pomaga w utrzymaniu zdrowych naczy\u0144 krwiono\u015bnych i serca. Ryboflawina wspomaga r\u00f3wnie\u017c metabolizm i pomaga w walce z os\u0142abieniem organizmu, kt\u00f3re mo\u017ce by\u0107 efektem d\u0142ugotrwa\u0142ego stresu czy chor\u00f3b przewlek\u0142ych. Witamina B2 odgrywa kluczow\u0105 rol\u0119 w produkcji energii oraz utrzymaniu zdrowia sk\u00f3ry i b\u0142on \u015bluzowych.<\/p>\n<h3><strong>Ekstrakt z li\u015bci oliwnych<\/strong><\/h3>\n<p>Li\u015bcie oliwne znane s\u0105 z w\u0142a\u015bciwo\u015bci wspomagaj\u0105cych uk\u0142ad sercowo-naczyniowy. Ekstrakt z li\u015bci oliwnych normalizuje poziom cholesterolu we krwi, zapobiega rozwojowi mia\u017cd\u017cycy, a tak\u017ce pomaga w redukcji ryzyka zawa\u0142u serca i udaru m\u00f3zgu. Dzi\u0119ki swoim w\u0142a\u015bciwo\u015bciom przeciwwirusowym, antybakteryjnym i przeciwzapalnym, ekstrakt ten dzia\u0142a ochronnie na serce, a tak\u017ce wspomaga usuwanie toksyn z organizmu.<\/p>\n<h3><strong>Wyci\u0105g z korzenia koz\u0142ka<\/strong><\/h3>\n<p>Korze\u0144 koz\u0142ka (Valeriana officinalis) jest ro\u015blin\u0105 o szerokim dzia\u0142aniu, kt\u00f3rej w\u0142a\u015bciwo\u015bci uspokajaj\u0105ce s\u0105 znane od wiek\u00f3w. W Cardiotonus wyci\u0105g z koz\u0142ka pomaga w regulacji ci\u015bnienia krwi, poprawia rytm serca i wspomaga zdrowe kr\u0105\u017cenie. Ponadto, zapobiega tworzeniu si\u0119 zakrzep\u00f3w i z\u0142og\u00f3w wapnia na \u015bciankach naczy\u0144 krwiono\u015bnych, co zmniejsza ryzyko powstawania chor\u00f3b uk\u0142adu kr\u0105\u017cenia.<\/p>\n<h3><strong>Wyci\u0105g z cebulki czosnku<\/strong><\/h3>\n<p>Czosnek to jedna z najbardziej cenionych ro\u015blin w medycynie naturalnej. Jego w\u0142a\u015bciwo\u015bci prozdrowotne s\u0105 nieocenione, szczeg\u00f3lnie w kontek\u015bcie ochrony uk\u0142adu sercowo-naczyniowego. Wyci\u0105g z cebulki czosnku obni\u017ca poziom cholesterolu, hamuje rozw\u00f3j mia\u017cd\u017cycy i przy\u015bpiesza regeneracj\u0119 uszkodzonych tkanek. Dodatkowo, dzia\u0142a przeciwzapalnie, przeciwbakteryjnie i wspomaga utrzymanie prawid\u0142owego poziomu cukru we krwi.<\/p>\n<p style=\"text-align: center;\"><a href=\"https:\/\/keonv.com\/Z48S?sub1=sub1&amp;sub2=sub2&amp;sub3=sub3&amp;sub4=sub4&amp;sub5=sub5\"><button>www.cardiotonus.pl<\/button><\/a><\/p>\n<h2>Efekty Cardiotonus i ich charakterystyka<\/h2>\n<p>Regularne stosowanie kapsu\u0142ek Cardiotonus przynosi szereg korzy\u015bci zdrowotnych, kt\u00f3re przyczyniaj\u0105 si\u0119 do poprawy jako\u015bci \u017cycia:<\/p>\n<ul>\n<li><strong>Regulacja ci\u015bnienia krwi<\/strong>: Dzi\u0119ki naturalnym sk\u0142adnikom, takim jak wyci\u0105g z koz\u0142ka i li\u015bcie oliwne, Cardiotonus skutecznie reguluje poziom ci\u015bnienia krwi, co pomaga w walce z nadci\u015bnieniem t\u0119tniczym.<\/li>\n<li><strong>Ochrona serca i naczy\u0144 krwiono\u015bnych<\/strong>: Ekstrakt z li\u015bci oliwnych, czosnek oraz witamina B2 wspomagaj\u0105 zdrowie serca, redukuj\u0105c ryzyko mia\u017cd\u017cycy i innych chor\u00f3b uk\u0142adu kr\u0105\u017cenia.<\/li>\n<li><strong>Wzmocnienie uk\u0142adu odporno\u015bciowego<\/strong>: Witamina B2 oraz czosnek maj\u0105 dzia\u0142anie wzmacniaj\u0105ce na uk\u0142ad odporno\u015bciowy, co pomaga organizmowi lepiej radzi\u0107 sobie z infekcjami i stresem.<\/li>\n<li><strong>Poprawa og\u00f3lnego samopoczucia<\/strong>: Zio\u0142owe sk\u0142adniki Cardiotonus wspomagaj\u0105 funkcje organizmu, poprawiaj\u0105c energi\u0119, wydolno\u015b\u0107 oraz og\u00f3ln\u0105 kondycj\u0119.<\/li>\n<\/ul>\n<h2>Ryzyko skutk\u00f3w ubocznych<\/h2>\n<p>Cardiotonus jest preparatem opartym wy\u0142\u0105cznie na naturalnych sk\u0142adnikach, co minimalizuje ryzyko wyst\u0105pienia skutk\u00f3w ubocznych. Ro\u015bliny u\u017cyte w preparacie, takie jak ekstrakt z li\u015bci oliwnych, koz\u0142ek i czosnek, s\u0105 bezpieczne w codziennym stosowaniu, pod warunkiem przestrzegania zalece\u0144 producenta.<\/p>\n<p>Oczywi\u015bcie, jak w przypadku ka\u017cdego suplementu diety, istnieje ryzyko indywidualnej reakcji organizmu, zw\u0142aszcza w przypadku os\u00f3b uczulonych na niekt\u00f3re sk\u0142adniki. Osoby przyjmuj\u0105ce leki na nadci\u015bnienie lub inne choroby serca powinny skonsultowa\u0107 si\u0119 z lekarzem przed rozpocz\u0119ciem suplementacji, aby unikn\u0105\u0107 potencjalnych interakcji z lekami.<\/p>\n<h2>Opinie klient\u00f3w o Cardiotonus: fora po\u015bwi\u0119cone zdrowiu<\/h2>\n<p>W Polsce fora internetowe po\u015bwi\u0119cone zdrowiu staj\u0105 si\u0119 coraz popularniejsze, a osoby poszukuj\u0105ce sprawdzonych metod na popraw\u0119 zdrowia cz\u0119sto dziel\u0105 si\u0119 swoimi do\u015bwiadczeniami zwi\u0105zanymi z suplementami diety. Cardiotonus zdobywa coraz wi\u0119ksze zainteresowanie w\u015br\u00f3d u\u017cytkownik\u00f3w, kt\u00f3rzy poszukuj\u0105 naturalnych sposob\u00f3w na obni\u017cenie ci\u015bnienia krwi i wsparcie uk\u0142adu sercowo-naczyniowego. Na wielu forach internetowych mo\u017cna znale\u017a\u0107 liczne pozytywne opinie na temat tego preparatu, co tylko \u015bwiadczy o jego skuteczno\u015bci i rosn\u0105cej popularno\u015bci.<\/p>\n<p>Wi\u0119kszo\u015b\u0107 u\u017cytkownik\u00f3w zauwa\u017ca pozytywne efekty ju\u017c po kilku tygodniach stosowania Cardiotonus. U\u017cytkownicy podkre\u015blaj\u0105 tak\u017ce jego \u0142atw\u0105 dost\u0119pno\u015b\u0107 oraz komfort u\u017cytkowania. Wielu u\u017cytkownik\u00f3w ceni sobie fakt, \u017ce produkt jest w pe\u0142ni naturalny i nie wywo\u0142uje skutk\u00f3w ubocznych.<\/p>\n<p><strong>Przyk\u0142ady opinii:<\/strong><\/p>\n<ol>\n<li><strong>Anna, 45 lat<\/strong>: <em>&#8222;Z Cardiotonus walcz\u0119 z nadci\u015bnieniem od kilku miesi\u0119cy i jestem bardzo zadowolona. Zauwa\u017cy\u0142am popraw\u0119 ju\u017c po tygodniu stosowania. Ci\u015bnienie krwi jest teraz stabilniejsze, a samopoczucie o wiele lepsze. Ciesz\u0119 si\u0119, \u017ce zdecydowa\u0142am si\u0119 na naturalny suplement, kt\u00f3ry nie ma \u017cadnych skutk\u00f3w ubocznych. Polecam ka\u017cdemu!&#8221;<\/em><\/li>\n<li><strong>Marek, 60 lat<\/strong>: <em>&#8222;Przez wiele lat zmaga\u0142em si\u0119 z wysokim ci\u015bnieniem i nigdy nie uda\u0142o mi si\u0119 znale\u017a\u0107 skutecznej metody. Dopiero Cardiotonus okaza\u0142 si\u0119 dla mnie zbawieniem. Po kilku tygodniach stosowania moje ci\u015bnienie wr\u00f3ci\u0142o do normy. Dodatkowo zauwa\u017cy\u0142em, \u017ce mam wi\u0119cej energii i lepiej si\u0119 czuj\u0119 na co dzie\u0144. To naprawd\u0119 dzia\u0142a!&#8221;<\/em><\/li>\n<\/ol>\n<h2>Spos\u00f3b podawania i dawkowanie<\/h2>\n<p>Cardiotonus jest bardzo prosty w stosowaniu. Zaleca si\u0119 przyjmowanie jednej kapsu\u0142ki dziennie, najlepiej rano, po posi\u0142ku. Kapsu\u0142k\u0119 nale\u017cy popi\u0107 du\u017c\u0105 ilo\u015bci\u0105 wody. Regularne stosowanie preparatu pozwala osi\u0105gn\u0105\u0107 najlepsze efekty, dlatego wa\u017cne jest, aby nie pomija\u0107 dawek i przyjmowa\u0107 suplement codziennie.<\/p>\n<p>Ze wzgl\u0119du na naturalne sk\u0142adniki w sk\u0142adzie, Cardiotonus jest bezpieczny i odpowiedni do d\u0142ugoterminowego stosowania. Nale\u017cy jednak pami\u0119ta\u0107, aby nie przekracza\u0107 zalecanej dawki dziennej, poniewa\u017c nadmiar sk\u0142adnik\u00f3w aktywnych mo\u017ce niekorzystnie wp\u0142yn\u0105\u0107 na organizm. Je\u015bli masz jakiekolwiek w\u0105tpliwo\u015bci dotycz\u0105ce dawkowania lub przeciwwskaza\u0144, warto skonsultowa\u0107 si\u0119 z lekarzem lub specjalist\u0105.<\/p>\n<h2>Kup teraz Cardiotonus z dostaw\u0105<\/h2>\n<p>Zakup Cardiotonus jest prosty i wygodny. Produkt mo\u017cna zam\u00f3wi\u0107 online, co pozwala na szybk\u0105 i \u0142atw\u0105 dostaw\u0119 bez konieczno\u015bci wychodzenia z domu. Co wa\u017cne, p\u0142atno\u015b\u0107 za produkt dokonuje si\u0119 dopiero po otrzymaniu paczki, wi\u0119c nie ma potrzeby op\u0142acania zam\u00f3wienia z g\u00f3ry. Dzi\u0119ki temu masz pewno\u015b\u0107, \u017ce otrzymasz oryginalny produkt, a ca\u0142a transakcja odbywa si\u0119 bez ryzyka.<\/p>\n<p>Dostawa jest szybka \u2013 zazwyczaj trwa od 3 do 4 dni roboczych w obr\u0119bie ca\u0142ej Polski. Po z\u0142o\u017ceniu zam\u00f3wienia, klient otrzymuje telefoniczne potwierdzenie od przedstawiciela firmy, kt\u00f3ry jednocze\u015bnie mo\u017ce udzieli\u0107 dodatkowych informacji na temat produktu, dost\u0119pnych promocji czy ilo\u015bci dost\u0119pnych opakowa\u0144. Tego rodzaju obs\u0142uga gwarantuje pe\u0142n\u0105 pewno\u015b\u0107, \u017ce klient otrzyma dok\u0142adnie to, czego potrzebuje.<\/p>\n<p style=\"text-align: center;\"><a href=\"https:\/\/keonv.com\/Z48S?sub1=sub1&amp;sub2=sub2&amp;sub3=sub3&amp;sub4=sub4&amp;sub5=sub5\"><button>Zakup na stronie producenta (-50%)<\/button><\/a><\/p>\n<h2>Por\u00f3wnanie ofert: ceny i dost\u0119pno\u015b\u0107 Cardiotonus<\/h2>\n<p>Producent Cardiotonus stawia na dost\u0119pno\u015b\u0107 swojego suplementu bez po\u015brednik\u00f3w, co pozwala na oferowanie go po atrakcyjnych cenach. Produkt jest dost\u0119pny wy\u0142\u0105cznie na oficjalnej stronie producenta, co eliminuje dodatkowe koszty zwi\u0105zane z po\u015brednikami i sprzeda\u017c\u0105 przez sklepy internetowe czy stacjonarne apteki. Taka forma sprzeda\u017cy gwarantuje, \u017ce cena suplementu pozostaje konkurencyjna, a klient ma pewno\u015b\u0107, \u017ce otrzymuje oryginalny produkt.<\/p>\n<p>Warto r\u00f3wnie\u017c zaznaczy\u0107, \u017ce producent oferuje r\u00f3\u017cne promocje i rabaty, kt\u00f3rych aktualno\u015b\u0107 warto regularnie sprawdza\u0107 na stronie internetowej. Dzi\u0119ki tym promocjom, Cardiotonus jest dost\u0119pny w jeszcze korzystniejszej cenie, co czyni go atrakcyjn\u0105 opcj\u0105 dla os\u00f3b szukaj\u0105cych skutecznych i przyst\u0119pnych cenowo rozwi\u0105za\u0144 na obni\u017cenie ci\u015bnienia krwi.<\/p>\n","protected":false},"excerpt":{"rendered":"<p style=\"text-align: center;\"><a href=\"https:\/\/keonv.com\/Z48S?sub1=sub1&amp;sub2=sub2&amp;sub3=sub3&amp;sub4=sub4&amp;sub5=sub5\"><button>Kup teraz<\/button><\/a><\/p>\n<p>SKU:\u00a0<span class=\"sku\">789.005.675<\/span><\/p>\n<hr \/>\n<p><small>Produkt sprzedawany jest wy\u0142\u0105cznie za po\u015brednictwem oficjalnej strony producenta, id\u017a i kupuj bezpiecznie!<\/small><\/p>\n","protected":false},"featured_media":1162,"comment_status":"open","ping_status":"closed","template":"","meta":[],"product_brand":[],"product_cat":[15],"product_tag":[],"class_list":{"0":"post-1160","1":"product","2":"type-product","3":"status-publish","4":"has-post-thumbnail","6":"product_cat-supl","7":"thunk-woo-product-list","8":"opn-qv-enable","9":"top-store-woo-hover-","10":"top-store-single-product-tab-horizontal","11":"top-store-shadow-","12":"top-store-shadow-hover-","14":"first","15":"instock","16":"sale","17":"shipping-taxable","18":"purchasable","19":"product-type-simple"},"yoast_head":"<!-- This site is optimized with the Yoast SEO plugin v27.4 - https:\/\/yoast.com\/product\/yoast-seo-wordpress\/ -->\n<title>Cardiotonus - kup suplement, cena w aptece, sk\u0142ad, dzia\u0142anie<\/title>\n<meta name=\"robots\" content=\"index, follow, max-snippet:-1, max-image-preview:large, max-video-preview:-1\" \/>\n<link rel=\"canonical\" href=\"https:\/\/lekarzeopole.pl\/wordpress\/product\/cardiotonus\/\" \/>\n<meta property=\"og:locale\" content=\"pl_PL\" \/>\n<meta property=\"og:type\" content=\"article\" \/>\n<meta property=\"og:title\" content=\"Cardiotonus - kup suplement, cena w aptece, sk\u0142ad, dzia\u0142anie\" \/>\n<meta property=\"og:description\" content=\"Kup teraz SKU:\u00a0789.005.675    Produkt sprzedawany jest wy\u0142\u0105cznie za po\u015brednictwem oficjalnej strony producenta, id\u017a i kupuj bezpiecznie!\" \/>\n<meta property=\"og:url\" content=\"https:\/\/lekarzeopole.pl\/wordpress\/product\/cardiotonus\/\" \/>\n<meta property=\"og:site_name\" content=\"Lekarze Opole\" \/>\n<meta property=\"article:modified_time\" content=\"2025-10-03T20:17:05+00:00\" \/>\n<meta property=\"og:image\" content=\"https:\/\/lekarzeopole.pl\/wordpress\/wp-content\/uploads\/2025\/02\/cardiotonus1.png\" \/>\n\t<meta property=\"og:image:width\" content=\"550\" \/>\n\t<meta property=\"og:image:height\" content=\"550\" \/>\n\t<meta property=\"og:image:type\" content=\"image\/png\" \/>\n<meta name=\"twitter:card\" content=\"summary_large_image\" \/>\n<meta name=\"twitter:label1\" content=\"Szacowany czas czytania\" \/>\n\t<meta name=\"twitter:data1\" content=\"7 minut\" \/>\n<script type=\"application\/ld+json\" class=\"yoast-schema-graph\">{\"@context\":\"https:\\\/\\\/schema.org\",\"@graph\":[{\"@type\":\"WebPage\",\"@id\":\"https:\\\/\\\/lekarzeopole.pl\\\/wordpress\\\/product\\\/cardiotonus\\\/\",\"url\":\"https:\\\/\\\/lekarzeopole.pl\\\/wordpress\\\/product\\\/cardiotonus\\\/\",\"name\":\"Cardiotonus - kup suplement, cena w aptece, sk\u0142ad, dzia\u0142anie\",\"isPartOf\":{\"@id\":\"https:\\\/\\\/lekarzeopole.pl\\\/wordpress\\\/#website\"},\"primaryImageOfPage\":{\"@id\":\"https:\\\/\\\/lekarzeopole.pl\\\/wordpress\\\/product\\\/cardiotonus\\\/#primaryimage\"},\"image\":{\"@id\":\"https:\\\/\\\/lekarzeopole.pl\\\/wordpress\\\/product\\\/cardiotonus\\\/#primaryimage\"},\"thumbnailUrl\":\"https:\\\/\\\/lekarzeopole.pl\\\/wordpress\\\/wp-content\\\/uploads\\\/2025\\\/02\\\/cardiotonus1.png\",\"datePublished\":\"2025-02-06T15:40:10+00:00\",\"dateModified\":\"2025-10-03T20:17:05+00:00\",\"breadcrumb\":{\"@id\":\"https:\\\/\\\/lekarzeopole.pl\\\/wordpress\\\/product\\\/cardiotonus\\\/#breadcrumb\"},\"inLanguage\":\"pl-PL\",\"potentialAction\":[{\"@type\":\"ReadAction\",\"target\":[\"https:\\\/\\\/lekarzeopole.pl\\\/wordpress\\\/product\\\/cardiotonus\\\/\"]}]},{\"@type\":\"ImageObject\",\"inLanguage\":\"pl-PL\",\"@id\":\"https:\\\/\\\/lekarzeopole.pl\\\/wordpress\\\/product\\\/cardiotonus\\\/#primaryimage\",\"url\":\"https:\\\/\\\/lekarzeopole.pl\\\/wordpress\\\/wp-content\\\/uploads\\\/2025\\\/02\\\/cardiotonus1.png\",\"contentUrl\":\"https:\\\/\\\/lekarzeopole.pl\\\/wordpress\\\/wp-content\\\/uploads\\\/2025\\\/02\\\/cardiotonus1.png\",\"width\":550,\"height\":550,\"caption\":\"Cardiotonus\"},{\"@type\":\"BreadcrumbList\",\"@id\":\"https:\\\/\\\/lekarzeopole.pl\\\/wordpress\\\/product\\\/cardiotonus\\\/#breadcrumb\",\"itemListElement\":[{\"@type\":\"ListItem\",\"position\":1,\"name\":\"\u0413\u043b\u0430\u0432\u043d\u0430\u044f \u0441\u0442\u0440\u0430\u043d\u0438\u0446\u0430\",\"item\":\"https:\\\/\\\/lekarzeopole.pl\\\/wordpress\\\/\"},{\"@type\":\"ListItem\",\"position\":2,\"name\":\"Zakup\",\"item\":\"https:\\\/\\\/lekarzeopole.pl\\\/wordpress\\\/\"},{\"@type\":\"ListItem\",\"position\":3,\"name\":\"Cardiotonus\"}]},{\"@type\":\"WebSite\",\"@id\":\"https:\\\/\\\/lekarzeopole.pl\\\/wordpress\\\/#website\",\"url\":\"https:\\\/\\\/lekarzeopole.pl\\\/wordpress\\\/\",\"name\":\"Lekarze Opole\",\"description\":\"\",\"potentialAction\":[{\"@type\":\"SearchAction\",\"target\":{\"@type\":\"EntryPoint\",\"urlTemplate\":\"https:\\\/\\\/lekarzeopole.pl\\\/wordpress\\\/?s={search_term_string}\"},\"query-input\":{\"@type\":\"PropertyValueSpecification\",\"valueRequired\":true,\"valueName\":\"search_term_string\"}}],\"inLanguage\":\"pl-PL\"}]}<\/script>\n<!-- \/ Yoast SEO plugin. -->","yoast_head_json":{"title":"Cardiotonus - kup suplement, cena w aptece, sk\u0142ad, dzia\u0142anie","robots":{"index":"index","follow":"follow","max-snippet":"max-snippet:-1","max-image-preview":"max-image-preview:large","max-video-preview":"max-video-preview:-1"},"canonical":"https:\/\/lekarzeopole.pl\/wordpress\/product\/cardiotonus\/","og_locale":"pl_PL","og_type":"article","og_title":"Cardiotonus - kup suplement, cena w aptece, sk\u0142ad, dzia\u0142anie","og_description":"Kup teraz SKU:\u00a0789.005.675    Produkt sprzedawany jest wy\u0142\u0105cznie za po\u015brednictwem oficjalnej strony producenta, id\u017a i kupuj bezpiecznie!","og_url":"https:\/\/lekarzeopole.pl\/wordpress\/product\/cardiotonus\/","og_site_name":"Lekarze Opole","article_modified_time":"2025-10-03T20:17:05+00:00","og_image":[{"width":550,"height":550,"url":"https:\/\/lekarzeopole.pl\/wordpress\/wp-content\/uploads\/2025\/02\/cardiotonus1.png","type":"image\/png"}],"twitter_card":"summary_large_image","twitter_misc":{"Szacowany czas czytania":"7 minut"},"schema":{"@context":"https:\/\/schema.org","@graph":[{"@type":"WebPage","@id":"https:\/\/lekarzeopole.pl\/wordpress\/product\/cardiotonus\/","url":"https:\/\/lekarzeopole.pl\/wordpress\/product\/cardiotonus\/","name":"Cardiotonus - kup suplement, cena w aptece, sk\u0142ad, dzia\u0142anie","isPartOf":{"@id":"https:\/\/lekarzeopole.pl\/wordpress\/#website"},"primaryImageOfPage":{"@id":"https:\/\/lekarzeopole.pl\/wordpress\/product\/cardiotonus\/#primaryimage"},"image":{"@id":"https:\/\/lekarzeopole.pl\/wordpress\/product\/cardiotonus\/#primaryimage"},"thumbnailUrl":"https:\/\/lekarzeopole.pl\/wordpress\/wp-content\/uploads\/2025\/02\/cardiotonus1.png","datePublished":"2025-02-06T15:40:10+00:00","dateModified":"2025-10-03T20:17:05+00:00","breadcrumb":{"@id":"https:\/\/lekarzeopole.pl\/wordpress\/product\/cardiotonus\/#breadcrumb"},"inLanguage":"pl-PL","potentialAction":[{"@type":"ReadAction","target":["https:\/\/lekarzeopole.pl\/wordpress\/product\/cardiotonus\/"]}]},{"@type":"ImageObject","inLanguage":"pl-PL","@id":"https:\/\/lekarzeopole.pl\/wordpress\/product\/cardiotonus\/#primaryimage","url":"https:\/\/lekarzeopole.pl\/wordpress\/wp-content\/uploads\/2025\/02\/cardiotonus1.png","contentUrl":"https:\/\/lekarzeopole.pl\/wordpress\/wp-content\/uploads\/2025\/02\/cardiotonus1.png","width":550,"height":550,"caption":"Cardiotonus"},{"@type":"BreadcrumbList","@id":"https:\/\/lekarzeopole.pl\/wordpress\/product\/cardiotonus\/#breadcrumb","itemListElement":[{"@type":"ListItem","position":1,"name":"\u0413\u043b\u0430\u0432\u043d\u0430\u044f \u0441\u0442\u0440\u0430\u043d\u0438\u0446\u0430","item":"https:\/\/lekarzeopole.pl\/wordpress\/"},{"@type":"ListItem","position":2,"name":"Zakup","item":"https:\/\/lekarzeopole.pl\/wordpress\/"},{"@type":"ListItem","position":3,"name":"Cardiotonus"}]},{"@type":"WebSite","@id":"https:\/\/lekarzeopole.pl\/wordpress\/#website","url":"https:\/\/lekarzeopole.pl\/wordpress\/","name":"Lekarze Opole","description":"","potentialAction":[{"@type":"SearchAction","target":{"@type":"EntryPoint","urlTemplate":"https:\/\/lekarzeopole.pl\/wordpress\/?s={search_term_string}"},"query-input":{"@type":"PropertyValueSpecification","valueRequired":true,"valueName":"search_term_string"}}],"inLanguage":"pl-PL"}]}},"_links":{"self":[{"href":"https:\/\/lekarzeopole.pl\/wordpress\/wp-json\/wp\/v2\/product\/1160","targetHints":{"allow":["GET"]}}],"collection":[{"href":"https:\/\/lekarzeopole.pl\/wordpress\/wp-json\/wp\/v2\/product"}],"about":[{"href":"https:\/\/lekarzeopole.pl\/wordpress\/wp-json\/wp\/v2\/types\/product"}],"replies":[{"embeddable":true,"href":"https:\/\/lekarzeopole.pl\/wordpress\/wp-json\/wp\/v2\/comments?post=1160"}],"wp:featuredmedia":[{"embeddable":true,"href":"https:\/\/lekarzeopole.pl\/wordpress\/wp-json\/wp\/v2\/media\/1162"}],"wp:attachment":[{"href":"https:\/\/lekarzeopole.pl\/wordpress\/wp-json\/wp\/v2\/media?parent=1160"}],"wp:term":[{"taxonomy":"product_brand","embeddable":true,"href":"https:\/\/lekarzeopole.pl\/wordpress\/wp-json\/wp\/v2\/product_brand?post=1160"},{"taxonomy":"product_cat","embeddable":true,"href":"https:\/\/lekarzeopole.pl\/wordpress\/wp-json\/wp\/v2\/product_cat?post=1160"},{"taxonomy":"product_tag","embeddable":true,"href":"https:\/\/lekarzeopole.pl\/wordpress\/wp-json\/wp\/v2\/product_tag?post=1160"}],"curies":[{"name":"wp","href":"https:\/\/api.w.org\/{rel}","templated":true}]}}