{"id":1158,"date":"2025-02-06T15:36:05","date_gmt":"2025-02-06T15:36:05","guid":{"rendered":"https:\/\/lekarzeopole.pl\/wordpress\/?post_type=product&#038;p=1158"},"modified":"2025-02-06T15:36:05","modified_gmt":"2025-02-06T15:36:05","slug":"insuliguard","status":"publish","type":"product","link":"https:\/\/lekarzeopole.pl\/wordpress\/product\/insuliguard\/","title":{"rendered":"Insuliguard"},"content":{"rendered":"<p>Wsp\u00f3\u0142czesny styl \u017cycia, stres, nieodpowiednia dieta oraz brak aktywno\u015bci fizycznej sprawiaj\u0105, \u017ce coraz wi\u0119cej os\u00f3b boryka si\u0119 z problemami zwi\u0105zanymi z poziomem cukru we krwi i os\u0142abieniem odporno\u015bci organizmu. W takich przypadkach warto si\u0119gn\u0105\u0107 po produkty, kt\u00f3re wspomog\u0105 nasz organizm w naturalny spos\u00f3b. Jednym z takich suplement\u00f3w diety s\u0105 kapsu\u0142ki Insuliguard \u2013 preparat, kt\u00f3ry \u0142\u0105czy w sobie moc ro\u015blinnych ekstrakt\u00f3w, witamin i minera\u0142\u00f3w. W niniejszym artykule przedstawimy szczeg\u00f3\u0142owe informacje na temat tego innowacyjnego produktu, jego sk\u0142adnik\u00f3w, dzia\u0142ania oraz wskaza\u0144 do stosowania.<\/p>\n<h2>Wskazania do stosowania Insuliguard<\/h2>\n<p>Kapsu\u0142ki Insuliguard zosta\u0142y stworzone z my\u015bl\u0105 o osobach, kt\u00f3re pragn\u0105 wspiera\u0107 swoje zdrowie, zw\u0142aszcza w kontek\u015bcie utrzymania prawid\u0142owego poziomu cukru we krwi. Preparat ten mo\u017ce by\u0107 szczeg\u00f3lnie pomocny dla os\u00f3b zmagaj\u0105cych si\u0119 z cukrzyc\u0105 typu 2, a tak\u017ce dla tych, kt\u00f3rzy chc\u0105 kontrolowa\u0107 swoje parametry metaboliczne. Dzi\u0119ki swoim w\u0142a\u015bciwo\u015bciom Insuliguard mo\u017ce wspomaga\u0107 organizm w procesach zwi\u0105zanych z metabolizowaniem glukozy, a tak\u017ce w utrzymaniu prawid\u0142owej pracy uk\u0142adu odporno\u015bciowego.<\/p>\n<p>Insuliguard to tak\u017ce doskona\u0142a pomoc dla os\u00f3b, kt\u00f3re chc\u0105 zadba\u0107 o swoj\u0105 kondycj\u0119 metaboliczn\u0105, poprawi\u0107 og\u00f3ln\u0105 odporno\u015b\u0107 organizmu, a tak\u017ce u\u0142atwi\u0107 procesy trawienne. Jest to suplement, kt\u00f3ry mo\u017ce wspom\u00f3c nie tylko osoby z problemami zdrowotnymi, ale tak\u017ce ka\u017cdego, kto pragnie prowadzi\u0107 zdrowy tryb \u017cycia.<\/p>\n<h2>Sk\u0142ad i dzia\u0142anie sk\u0142adnik\u00f3w Insuliguard<\/h2>\n<p>Kapsu\u0142ki Insuliguard wyr\u00f3\u017cniaj\u0105 si\u0119 starannie dobranym sk\u0142adem, kt\u00f3ry opiera si\u0119 na naturalnych ekstraktach ro\u015blinnych, witaminach oraz minera\u0142ach. Ka\u017cdy sk\u0142adnik zosta\u0142 wybrany ze wzgl\u0119du na swoje w\u0142a\u015bciwo\u015bci zdrowotne, kt\u00f3re wspieraj\u0105 organizm w walce z zaburzeniami metabolicznymi oraz poprawiaj\u0105 odporno\u015b\u0107.<\/p>\n<ul>\n<li><strong>Kwas askorbinowy (witamina C)<\/strong><br \/>\nWitamina C to jeden z najpot\u0119\u017cniejszych przeciwutleniaczy, kt\u00f3ry wspomaga organizm w walce ze stresem oksydacyjnym, wspiera uk\u0142ad odporno\u015bciowy i pomaga w regeneracji tkanek. Witamina C jest r\u00f3wnie\u017c kluczowa w procesach wch\u0142aniania \u017celaza oraz wp\u0142ywa na prawid\u0142ow\u0105 produkcj\u0119 kolagenu, co ma znaczenie dla zdrowia sk\u00f3ry i staw\u00f3w.<\/li>\n<li><strong>Ekstrakt z drzewa karobowego<\/strong><br \/>\nDrzewo karobowe, znane r\u00f3wnie\u017c jako chleba \u015bwi\u0119toja\u0144skiego, jest bogatym \u017ar\u00f3d\u0142em b\u0142onnika, minera\u0142\u00f3w oraz antyoksydant\u00f3w. Ekstrakt z karoba wspomaga procesy trawienne, a tak\u017ce pomaga w regulacji poziomu cukru we krwi. Jest to ro\u015blina, kt\u00f3ra mo\u017ce wspiera\u0107 metabolizm w\u0119glowodan\u00f3w, co ma istotne znaczenie w zapobieganiu insulinooporno\u015bci.<\/li>\n<li><strong>Ekstrakt z cynamonu<\/strong><br \/>\nCynamon jest jednym z najstarszych przypraw wykorzystywanych w medycynie naturalnej. Badania wykaza\u0142y, \u017ce cynamon mo\u017ce wspomaga\u0107 obni\u017canie poziomu cukru we krwi, poprawia wra\u017cliwo\u015b\u0107 na insulin\u0119 oraz wspiera metabolizm glukozy. Cynamon ma tak\u017ce w\u0142a\u015bciwo\u015bci przeciwzapalne i przeciwbakteryjne, co wp\u0142ywa korzystnie na og\u00f3lne zdrowie organizmu.<\/li>\n<li><strong>Ekstrakt z morwy bia\u0142ej<\/strong><br \/>\nMorwa bia\u0142a jest ro\u015blin\u0105, kt\u00f3ra od wiek\u00f3w wykorzystywana jest w tradycyjnej medycynie do obni\u017cania poziomu cukru we krwi. Zawiera substancje, kt\u00f3re mog\u0105 pom\u00f3c w regulacji poziomu glukozy, poprawiaj\u0105c wra\u017cliwo\u015b\u0107 na insulin\u0119. Ponadto morwa bia\u0142a wspomaga metabolizm t\u0142uszczy, co jest wa\u017cne w profilaktyce oty\u0142o\u015bci.<\/li>\n<li><strong>Ekstrakt z lukrecji<\/strong><br \/>\nLukrecja to ro\u015blina, kt\u00f3ra wykazuje dzia\u0142anie przeciwzapalne, przeciwwirusowe i wspomaga uk\u0142ad odporno\u015bciowy. Wspiera tak\u017ce r\u00f3wnowag\u0119 hormonaln\u0105, co jest szczeg\u00f3lnie wa\u017cne w przypadku os\u00f3b z problemami metabolicznymi. Ekstrakt z lukrecji mo\u017ce wspomaga\u0107 obni\u017canie poziomu glukozy oraz poprawia\u0107 funkcjonowanie w\u0105troby.<\/li>\n<li><strong>B\u0142onnik jab\u0142kowy<\/strong><br \/>\nB\u0142onnik jab\u0142kowy jest doskona\u0142ym \u015brodkiem wspomagaj\u0105cym trawienie. Pomaga w utrzymaniu prawid\u0142owej perystaltyki jelit, wp\u0142ywa na obni\u017cenie poziomu cholesterolu we krwi, a tak\u017ce wspomaga kontrolowanie poziomu cukru. Dzi\u0119ki b\u0142onnikowi jab\u0142kowemu Insuliguard przyczynia si\u0119 do poprawy funkcjonowania uk\u0142adu pokarmowego.<\/li>\n<li><strong>Wap\u0144 w postaci w\u0119glanu wapnia<\/strong><br \/>\nWap\u0144 jest niezb\u0119dnym minera\u0142em do utrzymania zdrowych ko\u015bci i z\u0119b\u00f3w, ale tak\u017ce wspomaga funkcjonowanie uk\u0142adu nerwowego oraz krwiono\u015bnego. Wspiera tak\u017ce metabolizm i wp\u0142ywa na redukcj\u0119 stresu.<\/li>\n<li><strong>Kwas foliowy<\/strong><br \/>\nKwas foliowy pe\u0142ni istotn\u0105 rol\u0119 w syntezowaniu DNA i wspomaga procesy podzia\u0142u kom\u00f3rek. Ma r\u00f3wnie\u017c znaczenie w profilaktyce chor\u00f3b serca oraz wspiera uk\u0142ad odporno\u015bciowy.<\/li>\n<li><strong>Pikolinian chromu<\/strong><br \/>\nChrom jest minera\u0142em, kt\u00f3ry wp\u0142ywa na prawid\u0142ow\u0105 gospodark\u0119 w\u0119glowodanow\u0105, wspomagaj\u0105c metabolizm glukozy. Jest to istotny sk\u0142adnik w walce z insulinooporno\u015bci\u0105, poniewa\u017c poprawia wra\u017cliwo\u015b\u0107 organizmu na insulin\u0119.<\/li>\n<\/ul>\n<h2>Efekty Insuliguard i ich charakterystyka<\/h2>\n<p>Stosowanie kapsu\u0142ek Insuliguard mo\u017ce przynie\u015b\u0107 szereg korzy\u015bci zdrowotnych, szczeg\u00f3lnie dla os\u00f3b borykaj\u0105cych si\u0119 z problemami zwi\u0105zanymi z poziomem cukru we krwi i odporno\u015bci\u0105 organizmu. Oto niekt\u00f3re z efekt\u00f3w, kt\u00f3re mo\u017cna osi\u0105gn\u0105\u0107 dzi\u0119ki regularnemu stosowaniu tego suplementu:<\/p>\n<ol>\n<li><strong>Regulacja poziomu cukru we krwi<\/strong><br \/>\nDzi\u0119ki obecno\u015bci sk\u0142adnik\u00f3w takich jak cynamon, morwa bia\u0142a i ekstrakt z karoba, Insuliguard wspomaga obni\u017canie poziomu cukru we krwi oraz poprawia wra\u017cliwo\u015b\u0107 organizmu na insulin\u0119. To mo\u017ce przyczyni\u0107 si\u0119 do lepszej kontroli poziomu glukozy, co jest istotne w zapobieganiu cukrzycy typu 2.<\/li>\n<li><strong>Wzmocnienie odporno\u015bci organizmu<\/strong><br \/>\nKapsu\u0142ki Insuliguard wspieraj\u0105 uk\u0142ad odporno\u015bciowy dzi\u0119ki zawarto\u015bci witaminy C, ekstraktu z lukrecji oraz innych sk\u0142adnik\u00f3w o dzia\u0142aniu przeciwzapalnym i przeciwbakteryjnym. Regularne stosowanie suplementu mo\u017ce pom\u00f3c w zwi\u0119kszeniu odporno\u015bci na infekcje i stres.<\/li>\n<li><strong>Poprawa trawienia<\/strong><br \/>\nB\u0142onnik jab\u0142kowy oraz ekstrakt z karoba wp\u0142ywaj\u0105 korzystnie na trawienie, poprawiaj\u0105c perystaltyk\u0119 jelit i wspomagaj\u0105c procesy metaboliczne. Dzi\u0119ki temu, Insuliguard mo\u017ce przyczyni\u0107 si\u0119 do poprawy komfortu trawiennego oraz zapobiega\u0107 problemom z uk\u0142adem pokarmowym.<\/li>\n<li><strong>Ochrona przed stresem oksydacyjnym<\/strong><br \/>\nWitamina C i inne antyoksydanty zawarte w Insuliguard pomagaj\u0105 w walce ze stresem oksydacyjnym, kt\u00f3ry jest czynnikiem prowadz\u0105cym do uszkodze\u0144 kom\u00f3rek i tkanek organizmu. Dzi\u0119ki temu suplement mo\u017ce wspom\u00f3c d\u0142ugotrwa\u0142e zdrowie organizmu.<\/li>\n<\/ol>\n<h2>Ryzyko skutk\u00f3w ubocznych<\/h2>\n<p>Insuliguard to suplement diety oparty na naturalnych sk\u0142adnikach, dlatego ryzyko wyst\u0105pienia skutk\u00f3w ubocznych jest minimalne. Sk\u0142adniki ro\u015blinne, takie jak ekstrakty z cynamonu, morwy bia\u0142ej czy lukrecji, s\u0105 powszechnie stosowane w medycynie naturalnej i wykazuj\u0105 wysok\u0105 tolerancj\u0119 w organizmach ludzi. Niemniej jednak, w przypadku os\u00f3b z alergi\u0105 na kt\u00f3rykolwiek ze sk\u0142adnik\u00f3w preparatu, przed jego zastosowaniem zaleca si\u0119 konsultacj\u0119 z lekarzem. Osoby z chorobami w\u0105troby, nerek lub cukrzyc\u0105 typu 1 powinny skonsultowa\u0107 si\u0119 ze specjalist\u0105 przed rozpocz\u0119ciem stosowania Insuliguard.<\/p>\n<p style=\"text-align: center;\"><a href=\"https:\/\/tl-track.com\/tracker\/useE\"><button>www.insuliguard.pl<\/button><\/a><\/p>\n<h2>Opinie klient\u00f3w o Insuliguard: fora po\u015bwi\u0119cone zdrowiu<\/h2>\n<p>W Polsce tematyka zdrowia i suplement\u00f3w diety jest jednym z najcz\u0119\u015bciej poruszanych zagadnie\u0144 na internetowych forach. Istnieje wiele stron i grup, gdzie u\u017cytkownicy wymieniaj\u0105 si\u0119 do\u015bwiadczeniami zwi\u0105zanymi z r\u00f3\u017cnymi produktami, w tym preparatami wspieraj\u0105cymi kontrolowanie poziomu cukru we krwi. Insuliguard zyskuje coraz wi\u0119ksz\u0105 popularno\u015b\u0107 w\u015br\u00f3d polskich u\u017cytkownik\u00f3w, kt\u00f3rzy doceniaj\u0105 jego naturalny sk\u0142ad, skuteczno\u015b\u0107 i \u0142atwo\u015b\u0107 stosowania.<\/p>\n<p>Wi\u0119kszo\u015b\u0107 u\u017cytkownik\u00f3w zauwa\u017ca pozytywne efekty stosowania Insuliguard. Na wielu forach zdrowotnych mo\u017cna znale\u017a\u0107 liczne opinie, kt\u00f3re chwal\u0105 ten suplement za jego wp\u0142yw na popraw\u0119 poziomu cukru we krwi oraz wspieranie uk\u0142adu odporno\u015bciowego. Co wa\u017cne, preparat cieszy si\u0119 r\u00f3wnie\u017c dobr\u0105 dost\u0119pno\u015bci\u0105, co sprawia, \u017ce jest \u0142atwy do nabycia dla szerokiego kr\u0119gu os\u00f3b.<\/p>\n<ul>\n<li><strong>Anna, 39 lat, Warszawa<\/strong>:<br \/>\n\u201eZacz\u0119\u0142am stosowa\u0107 Insuliguard, poniewa\u017c od d\u0142u\u017cszego czasu mia\u0142am problem z poziomem cukru. Regularne badania wykaza\u0142y, \u017ce m\u00f3j poziom glukozy w ko\u0144cu zacz\u0105\u0142 si\u0119 stabilizowa\u0107, a do tego czuj\u0119 si\u0119 znacznie lepiej. Mam wi\u0119cej energii, a moja odporno\u015b\u0107 r\u00f3wnie\u017c poprawi\u0142a si\u0119. Jestem bardzo zadowolona z efekt\u00f3w!\u201d<\/li>\n<li><strong>Marek, 45 lat, Krak\u00f3w<\/strong>:<br \/>\n\u201ePo kilku miesi\u0105cach stosowania Insuliguard zauwa\u017cy\u0142em, \u017ce moje parametry cukru we krwi zacz\u0119\u0142y si\u0119 normalizowa\u0107. Przedtem mia\u0142em problemy z nadwag\u0105 i cukrem, ale teraz czuj\u0119 si\u0119 o wiele lepiej. Produkt jest \u0142atwy w u\u017cyciu, a dostawa zawsze jest szybka. Polecam ka\u017cdemu, kto ma podobne problemy zdrowotne.\u201d<\/li>\n<\/ul>\n<h2>Spos\u00f3b podawania i dawkowanie<\/h2>\n<p>Insuliguard jest suplementem diety w formie kapsu\u0142ek, co sprawia, \u017ce jest \u0142atwy w stosowaniu. Zaleca si\u0119 przyjmowanie dw\u00f3ch kapsu\u0142ek dziennie, najlepiej podczas posi\u0142k\u00f3w, popijaj\u0105c je du\u017c\u0105 ilo\u015bci\u0105 wody. Regularne stosowanie preparatu pozwala na uzyskanie optymalnych rezultat\u00f3w w zakresie regulacji poziomu cukru we krwi i wspomagania og\u00f3lnego zdrowia organizmu.<\/p>\n<p>Warto pami\u0119ta\u0107, \u017ce jak ka\u017cdy suplement, Insuliguard nale\u017cy stosowa\u0107 zgodnie z zaleceniami producenta. Przekroczenie zalecanej dawki nie zwi\u0119kszy efektywno\u015bci produktu, a mo\u017ce prowadzi\u0107 do niepo\u017c\u0105danych skutk\u00f3w. Zawsze warto skonsultowa\u0107 si\u0119 z lekarzem lub specjalist\u0105 przed rozpocz\u0119ciem stosowania, zw\u0142aszcza w przypadku os\u00f3b cierpi\u0105cych na schorzenia przewlek\u0142e.<\/p>\n<h2>Kup teraz Insuliguard z dostaw\u0105<\/h2>\n<p>Zakup Insuliguard jest prosty i wygodny dzi\u0119ki dost\u0119pno\u015bci produktu w sprzeda\u017cy online. Dzi\u0119ki sklepowi internetowemu, Insuliguard jest dost\u0119pny dla ka\u017cdego, kto chce zadba\u0107 o swoje zdrowie w wygodny spos\u00f3b. Co wa\u017cne, nie trzeba p\u0142aci\u0107 z g\u00f3ry za zam\u00f3wienie \u2013 op\u0142at\u0119 za produkt mo\u017cna ui\u015bci\u0107 dopiero po otrzymaniu przesy\u0142ki, co zapewnia wi\u0119ksze poczucie bezpiecze\u0144stwa i pewno\u015bci zakupu.<\/p>\n<p>Dostawa trwa zazwyczaj od 3 do 4 dni roboczych na terenie Polski, a zam\u00f3wienie jest zawsze potwierdzane telefonicznie przez specjalist\u0119. Przed wysy\u0142k\u0105, pracownik firmy mo\u017ce tak\u017ce udzieli\u0107 porady dotycz\u0105cej stosowania produktu, a tak\u017ce poinformowa\u0107 o dost\u0119pnych promocjach lub aktualnych ofertach rabatowych.<\/p>\n<p>Zam\u00f3wienie Insuliguard online to wygodna opcja, kt\u00f3ra daje gwarancj\u0119 oryginalno\u015bci produktu bez ryzyka zakupu podr\u00f3bek. Kupuj\u0105c bezpo\u015brednio ze strony producenta, masz pewno\u015b\u0107, \u017ce otrzymujesz produkt najwy\u017cszej jako\u015bci, spe\u0142niaj\u0105cy wszelkie normy bezpiecze\u0144stwa.<\/p>\n<p style=\"text-align: center;\"><a href=\"https:\/\/tl-track.com\/tracker\/useE\"><button>Zakup na stronie producenta (-50%)<\/button><\/a><\/p>\n<h2>Por\u00f3wnanie ofert: ceny i dost\u0119pno\u015b\u0107 Insuliguard<\/h2>\n<p>Producent Insuliguard stawia na bezpo\u015bredni\u0105 sprzeda\u017c swojego produktu, co eliminuje po\u015brednik\u00f3w i dodatkowe mar\u017ce. Dzi\u0119ki temu cena suplementu jest atrakcyjna, a klienci mog\u0105 cieszy\u0107 si\u0119 ni\u017cszymi kosztami zakupu. Produkty dost\u0119pne na oficjalnej stronie producenta to gwarancja oryginalno\u015bci, a tak\u017ce mo\u017cliwo\u015b\u0107 skorzystania z r\u00f3\u017cnorodnych promocji.<\/p>\n<p>Insuliguard nie jest dost\u0119pny w tradycyjnych aptekach stacjonarnych, poniewa\u017c producent zale\u017cy na zapewnieniu jak najlepszej dost\u0119pno\u015bci bez konieczno\u015bci po\u015brednik\u00f3w, kt\u00f3rzy podnosiliby cen\u0119. Co wi\u0119cej, na stronie producenta regularnie organizowane s\u0105 akcje rabatowe, kt\u00f3re umo\u017cliwiaj\u0105 zakup produktu w jeszcze korzystniejszych cenach. Warto regularnie sprawdza\u0107 aktualne promocje, aby nie przegapi\u0107 najlepszych ofert.<\/p>\n","protected":false},"excerpt":{"rendered":"<p style=\"text-align: center;\"><a href=\"https:\/\/tl-track.com\/tracker\/useE\"><button>Kup teraz<\/button><\/a><\/p>\n<p>SKU:\u00a0<span class=\"sku\">789.005.674<\/span><\/p>\n<hr \/>\n<p><small>Produkt sprzedawany jest wy\u0142\u0105cznie za po\u015brednictwem oficjalnej strony producenta, id\u017a i kupuj bezpiecznie!<\/small><\/p>\n","protected":false},"featured_media":1159,"comment_status":"open","ping_status":"closed","template":"","meta":[],"product_brand":[],"product_cat":[15],"product_tag":[],"class_list":{"0":"post-1158","1":"product","2":"type-product","3":"status-publish","4":"has-post-thumbnail","6":"product_cat-supl","7":"thunk-woo-product-list","8":"opn-qv-enable","9":"top-store-woo-hover-","10":"top-store-single-product-tab-horizontal","11":"top-store-shadow-","12":"top-store-shadow-hover-","14":"first","15":"instock","16":"shipping-taxable","17":"purchasable","18":"product-type-simple"},"yoast_head":"<!-- This site is optimized with the Yoast SEO plugin v27.4 - https:\/\/yoast.com\/product\/yoast-seo-wordpress\/ -->\n<title>Insuliguard - kup suplement, cena w aptece, sk\u0142ad, dzia\u0142anie<\/title>\n<meta name=\"robots\" content=\"index, follow, max-snippet:-1, max-image-preview:large, max-video-preview:-1\" \/>\n<link rel=\"canonical\" href=\"https:\/\/lekarzeopole.pl\/wordpress\/product\/insuliguard\/\" \/>\n<meta property=\"og:locale\" content=\"pl_PL\" \/>\n<meta property=\"og:type\" content=\"article\" \/>\n<meta property=\"og:title\" content=\"Insuliguard - kup suplement, cena w aptece, sk\u0142ad, dzia\u0142anie\" \/>\n<meta property=\"og:description\" content=\"Kup teraz SKU:\u00a0789.005.674    Produkt sprzedawany jest wy\u0142\u0105cznie za po\u015brednictwem oficjalnej strony producenta, id\u017a i kupuj bezpiecznie!\" \/>\n<meta property=\"og:url\" content=\"https:\/\/lekarzeopole.pl\/wordpress\/product\/insuliguard\/\" \/>\n<meta property=\"og:site_name\" content=\"Lekarze Opole\" \/>\n<meta property=\"og:image\" content=\"https:\/\/lekarzeopole.pl\/wordpress\/wp-content\/uploads\/2025\/02\/insuliguard.png\" \/>\n\t<meta property=\"og:image:width\" content=\"419\" \/>\n\t<meta property=\"og:image:height\" content=\"419\" \/>\n\t<meta property=\"og:image:type\" content=\"image\/png\" \/>\n<meta name=\"twitter:card\" content=\"summary_large_image\" \/>\n<meta name=\"twitter:label1\" content=\"Szacowany czas czytania\" \/>\n\t<meta name=\"twitter:data1\" content=\"9 minut\" \/>\n<script type=\"application\/ld+json\" class=\"yoast-schema-graph\">{\"@context\":\"https:\\\/\\\/schema.org\",\"@graph\":[{\"@type\":\"WebPage\",\"@id\":\"https:\\\/\\\/lekarzeopole.pl\\\/wordpress\\\/product\\\/insuliguard\\\/\",\"url\":\"https:\\\/\\\/lekarzeopole.pl\\\/wordpress\\\/product\\\/insuliguard\\\/\",\"name\":\"Insuliguard - kup suplement, cena w aptece, sk\u0142ad, dzia\u0142anie\",\"isPartOf\":{\"@id\":\"https:\\\/\\\/lekarzeopole.pl\\\/wordpress\\\/#website\"},\"primaryImageOfPage\":{\"@id\":\"https:\\\/\\\/lekarzeopole.pl\\\/wordpress\\\/product\\\/insuliguard\\\/#primaryimage\"},\"image\":{\"@id\":\"https:\\\/\\\/lekarzeopole.pl\\\/wordpress\\\/product\\\/insuliguard\\\/#primaryimage\"},\"thumbnailUrl\":\"https:\\\/\\\/lekarzeopole.pl\\\/wordpress\\\/wp-content\\\/uploads\\\/2025\\\/02\\\/insuliguard.png\",\"datePublished\":\"2025-02-06T15:36:05+00:00\",\"breadcrumb\":{\"@id\":\"https:\\\/\\\/lekarzeopole.pl\\\/wordpress\\\/product\\\/insuliguard\\\/#breadcrumb\"},\"inLanguage\":\"pl-PL\",\"potentialAction\":[{\"@type\":\"ReadAction\",\"target\":[\"https:\\\/\\\/lekarzeopole.pl\\\/wordpress\\\/product\\\/insuliguard\\\/\"]}]},{\"@type\":\"ImageObject\",\"inLanguage\":\"pl-PL\",\"@id\":\"https:\\\/\\\/lekarzeopole.pl\\\/wordpress\\\/product\\\/insuliguard\\\/#primaryimage\",\"url\":\"https:\\\/\\\/lekarzeopole.pl\\\/wordpress\\\/wp-content\\\/uploads\\\/2025\\\/02\\\/insuliguard.png\",\"contentUrl\":\"https:\\\/\\\/lekarzeopole.pl\\\/wordpress\\\/wp-content\\\/uploads\\\/2025\\\/02\\\/insuliguard.png\",\"width\":419,\"height\":419,\"caption\":\"Insuliguard\"},{\"@type\":\"BreadcrumbList\",\"@id\":\"https:\\\/\\\/lekarzeopole.pl\\\/wordpress\\\/product\\\/insuliguard\\\/#breadcrumb\",\"itemListElement\":[{\"@type\":\"ListItem\",\"position\":1,\"name\":\"\u0413\u043b\u0430\u0432\u043d\u0430\u044f \u0441\u0442\u0440\u0430\u043d\u0438\u0446\u0430\",\"item\":\"https:\\\/\\\/lekarzeopole.pl\\\/wordpress\\\/\"},{\"@type\":\"ListItem\",\"position\":2,\"name\":\"Zakup\",\"item\":\"https:\\\/\\\/lekarzeopole.pl\\\/wordpress\\\/\"},{\"@type\":\"ListItem\",\"position\":3,\"name\":\"Insuliguard\"}]},{\"@type\":\"WebSite\",\"@id\":\"https:\\\/\\\/lekarzeopole.pl\\\/wordpress\\\/#website\",\"url\":\"https:\\\/\\\/lekarzeopole.pl\\\/wordpress\\\/\",\"name\":\"Lekarze Opole\",\"description\":\"\",\"potentialAction\":[{\"@type\":\"SearchAction\",\"target\":{\"@type\":\"EntryPoint\",\"urlTemplate\":\"https:\\\/\\\/lekarzeopole.pl\\\/wordpress\\\/?s={search_term_string}\"},\"query-input\":{\"@type\":\"PropertyValueSpecification\",\"valueRequired\":true,\"valueName\":\"search_term_string\"}}],\"inLanguage\":\"pl-PL\"}]}<\/script>\n<!-- \/ Yoast SEO plugin. -->","yoast_head_json":{"title":"Insuliguard - kup suplement, cena w aptece, sk\u0142ad, dzia\u0142anie","robots":{"index":"index","follow":"follow","max-snippet":"max-snippet:-1","max-image-preview":"max-image-preview:large","max-video-preview":"max-video-preview:-1"},"canonical":"https:\/\/lekarzeopole.pl\/wordpress\/product\/insuliguard\/","og_locale":"pl_PL","og_type":"article","og_title":"Insuliguard - kup suplement, cena w aptece, sk\u0142ad, dzia\u0142anie","og_description":"Kup teraz SKU:\u00a0789.005.674    Produkt sprzedawany jest wy\u0142\u0105cznie za po\u015brednictwem oficjalnej strony producenta, id\u017a i kupuj bezpiecznie!","og_url":"https:\/\/lekarzeopole.pl\/wordpress\/product\/insuliguard\/","og_site_name":"Lekarze Opole","og_image":[{"width":419,"height":419,"url":"https:\/\/lekarzeopole.pl\/wordpress\/wp-content\/uploads\/2025\/02\/insuliguard.png","type":"image\/png"}],"twitter_card":"summary_large_image","twitter_misc":{"Szacowany czas czytania":"9 minut"},"schema":{"@context":"https:\/\/schema.org","@graph":[{"@type":"WebPage","@id":"https:\/\/lekarzeopole.pl\/wordpress\/product\/insuliguard\/","url":"https:\/\/lekarzeopole.pl\/wordpress\/product\/insuliguard\/","name":"Insuliguard - kup suplement, cena w aptece, sk\u0142ad, dzia\u0142anie","isPartOf":{"@id":"https:\/\/lekarzeopole.pl\/wordpress\/#website"},"primaryImageOfPage":{"@id":"https:\/\/lekarzeopole.pl\/wordpress\/product\/insuliguard\/#primaryimage"},"image":{"@id":"https:\/\/lekarzeopole.pl\/wordpress\/product\/insuliguard\/#primaryimage"},"thumbnailUrl":"https:\/\/lekarzeopole.pl\/wordpress\/wp-content\/uploads\/2025\/02\/insuliguard.png","datePublished":"2025-02-06T15:36:05+00:00","breadcrumb":{"@id":"https:\/\/lekarzeopole.pl\/wordpress\/product\/insuliguard\/#breadcrumb"},"inLanguage":"pl-PL","potentialAction":[{"@type":"ReadAction","target":["https:\/\/lekarzeopole.pl\/wordpress\/product\/insuliguard\/"]}]},{"@type":"ImageObject","inLanguage":"pl-PL","@id":"https:\/\/lekarzeopole.pl\/wordpress\/product\/insuliguard\/#primaryimage","url":"https:\/\/lekarzeopole.pl\/wordpress\/wp-content\/uploads\/2025\/02\/insuliguard.png","contentUrl":"https:\/\/lekarzeopole.pl\/wordpress\/wp-content\/uploads\/2025\/02\/insuliguard.png","width":419,"height":419,"caption":"Insuliguard"},{"@type":"BreadcrumbList","@id":"https:\/\/lekarzeopole.pl\/wordpress\/product\/insuliguard\/#breadcrumb","itemListElement":[{"@type":"ListItem","position":1,"name":"\u0413\u043b\u0430\u0432\u043d\u0430\u044f \u0441\u0442\u0440\u0430\u043d\u0438\u0446\u0430","item":"https:\/\/lekarzeopole.pl\/wordpress\/"},{"@type":"ListItem","position":2,"name":"Zakup","item":"https:\/\/lekarzeopole.pl\/wordpress\/"},{"@type":"ListItem","position":3,"name":"Insuliguard"}]},{"@type":"WebSite","@id":"https:\/\/lekarzeopole.pl\/wordpress\/#website","url":"https:\/\/lekarzeopole.pl\/wordpress\/","name":"Lekarze Opole","description":"","potentialAction":[{"@type":"SearchAction","target":{"@type":"EntryPoint","urlTemplate":"https:\/\/lekarzeopole.pl\/wordpress\/?s={search_term_string}"},"query-input":{"@type":"PropertyValueSpecification","valueRequired":true,"valueName":"search_term_string"}}],"inLanguage":"pl-PL"}]}},"_links":{"self":[{"href":"https:\/\/lekarzeopole.pl\/wordpress\/wp-json\/wp\/v2\/product\/1158","targetHints":{"allow":["GET"]}}],"collection":[{"href":"https:\/\/lekarzeopole.pl\/wordpress\/wp-json\/wp\/v2\/product"}],"about":[{"href":"https:\/\/lekarzeopole.pl\/wordpress\/wp-json\/wp\/v2\/types\/product"}],"replies":[{"embeddable":true,"href":"https:\/\/lekarzeopole.pl\/wordpress\/wp-json\/wp\/v2\/comments?post=1158"}],"wp:featuredmedia":[{"embeddable":true,"href":"https:\/\/lekarzeopole.pl\/wordpress\/wp-json\/wp\/v2\/media\/1159"}],"wp:attachment":[{"href":"https:\/\/lekarzeopole.pl\/wordpress\/wp-json\/wp\/v2\/media?parent=1158"}],"wp:term":[{"taxonomy":"product_brand","embeddable":true,"href":"https:\/\/lekarzeopole.pl\/wordpress\/wp-json\/wp\/v2\/product_brand?post=1158"},{"taxonomy":"product_cat","embeddable":true,"href":"https:\/\/lekarzeopole.pl\/wordpress\/wp-json\/wp\/v2\/product_cat?post=1158"},{"taxonomy":"product_tag","embeddable":true,"href":"https:\/\/lekarzeopole.pl\/wordpress\/wp-json\/wp\/v2\/product_tag?post=1158"}],"curies":[{"name":"wp","href":"https:\/\/api.w.org\/{rel}","templated":true}]}}