{"id":1113,"date":"2024-12-06T13:53:15","date_gmt":"2024-12-06T13:53:15","guid":{"rendered":"https:\/\/lekarzeopole.pl\/wordpress\/?post_type=product&#038;p=1113"},"modified":"2025-03-04T11:00:18","modified_gmt":"2025-03-04T11:00:18","slug":"vigaman-caps","status":"publish","type":"product","link":"https:\/\/lekarzeopole.pl\/wordpress\/product\/vigaman-caps\/","title":{"rendered":"Vigaman caps"},"content":{"rendered":"<p>Vigaman to jeden z najnowszych preparat\u00f3w na rynku, kt\u00f3ry zyskuje popularno\u015b\u0107 dzi\u0119ki swojej skuteczno\u015bci w walce z problemami z potencj\u0105. Dzia\u0142aj\u0105c w spos\u00f3b naturalny, przy pomocy starannie dobranych sk\u0142adnik\u00f3w, mo\u017ce sta\u0107 si\u0119 niezast\u0105pionym wsparciem dla m\u0119\u017cczyzn borykaj\u0105cych si\u0119 z problemami erekcyjnymi. W tym artykule szczeg\u00f3\u0142owo om\u00f3wimy, czym s\u0105 kapsu\u0142ki Vigaman, jak dzia\u0142aj\u0105 oraz jakie maj\u0105 w\u0142a\u015bciwo\u015bci i potencjalne korzy\u015bci.<\/p>\n<hr \/>\n<h2><strong>Wskazania do stosowania Vigaman<\/strong><\/h2>\n<p>Vigaman jest preparatem stworzonym z my\u015bl\u0105 o m\u0119\u017cczyznach, kt\u00f3rzy do\u015bwiadczaj\u0105 problem\u00f3w z erekcj\u0105, a tak\u017ce tych, kt\u00f3rzy chc\u0105 poprawi\u0107 swoj\u0105 og\u00f3ln\u0105 sprawno\u015b\u0107 seksualn\u0105. Kapsu\u0142ki mog\u0105 by\u0107 stosowane przez osoby, kt\u00f3re zauwa\u017caj\u0105 u siebie spadek libido, trudno\u015bci z utrzymaniem wzwodu, przedwczesny wytrysk, czy te\u017c og\u00f3lne os\u0142abienie energii i witalno\u015bci.<\/p>\n<p><strong>Wskazania do stosowania Vigaman to:<\/strong><\/p>\n<ol>\n<li><strong>Problemy z erekcj\u0105<\/strong> \u2013 m\u0119\u017cczy\u017ani, kt\u00f3rzy maj\u0105 trudno\u015bci z osi\u0105gni\u0119ciem lub utrzymaniem wzwodu, mog\u0105 skorzysta\u0107 z regularnego stosowania kapsu\u0142ek Vigaman.<\/li>\n<li><strong>Spadek libido<\/strong> \u2013 dla os\u00f3b, kt\u00f3re zauwa\u017cy\u0142y obni\u017cenie po\u017c\u0105dania seksualnego, Vigaman mo\u017ce stanowi\u0107 wsparcie w przywracaniu naturalnej ch\u0119ci do aktywno\u015bci seksualnej.<\/li>\n<li><strong>Problemy z wydolno\u015bci\u0105 seksualn\u0105<\/strong> \u2013 m\u0119\u017cczy\u017ani, kt\u00f3rzy odczuwaj\u0105 zmniejszenie wytrzyma\u0142o\u015bci podczas stosunk\u00f3w, r\u00f3wnie\u017c mog\u0105 znale\u017a\u0107 ulg\u0119 dzi\u0119ki Vigaman.<\/li>\n<li><strong>Wspomaganie zdrowia seksualnego<\/strong> \u2013 preparat jest tak\u017ce odpowiedni dla os\u00f3b, kt\u00f3re chc\u0105 w naturalny spos\u00f3b poprawi\u0107 swoje funkcje seksualne oraz zachowa\u0107 witalno\u015b\u0107 na d\u0142u\u017cej.<\/li>\n<\/ol>\n<p>Vigaman dzia\u0142a na kilku p\u0142aszczyznach, co sprawia, \u017ce jest skuteczny nie tylko w leczeniu problem\u00f3w z erekcj\u0105, ale tak\u017ce w og\u00f3lnym wspomaganiu zdrowia seksualnego.<\/p>\n<hr \/>\n<h2><strong>Sk\u0142ad i dzia\u0142anie sk\u0142adnik\u00f3w Vigaman<\/strong><\/h2>\n<p>Sk\u0142ad Vigaman to starannie dobrana kombinacja naturalnych sk\u0142adnik\u00f3w, kt\u00f3re razem wspieraj\u0105 funkcje seksualne m\u0119\u017cczyzn. Ka\u017cdy z komponent\u00f3w ma swoje specyficzne w\u0142a\u015bciwo\u015bci, kt\u00f3re wzajemnie si\u0119 uzupe\u0142niaj\u0105, zapewniaj\u0105c skuteczno\u015b\u0107 preparatu.<\/p>\n<p><strong>G\u0142\u00f3wne sk\u0142adniki Vigaman:<\/strong><\/p>\n<ol>\n<li><strong>Maca (Lepidium meyenii)<\/strong> \u2013 ro\u015blina znana ze swoich w\u0142a\u015bciwo\u015bci afrodyzjakalnych. Maca poprawia libido, a tak\u017ce pomaga w walce z problemami z erekcj\u0105, poprawiaj\u0105c og\u00f3ln\u0105 kondycj\u0119 organizmu i witalno\u015b\u0107. Jest r\u00f3wnie\u017c bogata w minera\u0142y i witaminy, kt\u00f3re wspomagaj\u0105 produkcj\u0119 testosteronu.<\/li>\n<li><strong>Tribulus terrestris<\/strong> \u2013 ro\u015blina, kt\u00f3ra w tradycyjnej medycynie jest u\u017cywana do poprawy funkcji seksualnych. Zawiera saponiny, kt\u00f3re wspieraj\u0105 produkcj\u0119 testosteronu i poprawiaj\u0105 kr\u0105\u017cenie, co jest kluczowe dla osi\u0105gania i utrzymywania erekcji.<\/li>\n<li><strong>Panax ginseng (\u017ce\u0144-sze\u0144)<\/strong> \u2013 jeden z najsilniejszych naturalnych afrodyzjak\u00f3w, kt\u00f3ry poprawia przep\u0142yw krwi do narz\u0105d\u00f3w p\u0142ciowych, zwi\u0119ksza energi\u0119 i wytrzyma\u0142o\u015b\u0107. \u017be\u0144-sze\u0144 pomaga r\u00f3wnie\u017c w redukcji stresu, co mo\u017ce by\u0107 pomocne w przypadku problem\u00f3w z erekcj\u0105 zwi\u0105zanych z napi\u0119ciem i zm\u0119czeniem.<\/li>\n<li><strong>L-arginina<\/strong> \u2013 aminokwas, kt\u00f3ry odgrywa kluczow\u0105 rol\u0119 w procesie produkcji tlenku azotu. Tlenek azotu rozszerza naczynia krwiono\u015bne, poprawiaj\u0105c ukrwienie narz\u0105d\u00f3w p\u0142ciowych, co u\u0142atwia osi\u0105ganie erekcji i poprawia jako\u015b\u0107 wzwodu.<\/li>\n<li><strong>Cynk<\/strong> \u2013 minera\u0142, kt\u00f3ry jest niezb\u0119dny do prawid\u0142owego funkcjonowania uk\u0142adu hormonalnego. Cynk wspomaga produkcj\u0119 testosteronu, a tak\u017ce poprawia jako\u015b\u0107 nasienia i wspiera zdrowie prostaty.<\/li>\n<li><strong>Piperina<\/strong> \u2013 sk\u0142adnik pozyskiwany z czarnego pieprzu, kt\u00f3ry zwi\u0119ksza biodost\u0119pno\u015b\u0107 pozosta\u0142ych sk\u0142adnik\u00f3w, umo\u017cliwiaj\u0105c ich szybsze i pe\u0142niejsze wch\u0142anianie w organizmie.<\/li>\n<\/ol>\n<p>Dzi\u0119ki takim sk\u0142adnikom, Vigaman nie tylko poprawia libido i jako\u015b\u0107 erekcji, ale tak\u017ce wspomaga og\u00f3ln\u0105 kondycj\u0119 organizmu i wp\u0142ywa na popraw\u0119 energii oraz witalno\u015bci.<\/p>\n<p style=\"text-align: center;\"><a href=\"https:\/\/tl-track.com\/tracker\/vvuK\"><button>www.vigaman.pl<\/button><\/a><\/p>\n<hr \/>\n<h2><strong>Efekty Vigaman i ich charakterystyka<\/strong><\/h2>\n<p>Stosowanie Vigaman mo\u017ce przynie\u015b\u0107 szereg pozytywnych efekt\u00f3w, kt\u00f3re maj\u0105 znacz\u0105cy wp\u0142yw na jako\u015b\u0107 \u017cycia seksualnego. W wyniku regularnego przyjmowania kapsu\u0142ek, m\u0119\u017cczy\u017ani mog\u0105 zaobserwowa\u0107 nast\u0119puj\u0105ce korzy\u015bci:<\/p>\n<ol>\n<li><strong>Zwi\u0119kszenie libido<\/strong> \u2013 dzi\u0119ki zawarto\u015bci naturalnych afrodyzjak\u00f3w, takich jak maca i \u017ce\u0144-sze\u0144, Vigaman pomaga przywr\u00f3ci\u0107 naturalne po\u017c\u0105danie seksualne.<\/li>\n<li><strong>Poprawa jako\u015bci erekcji<\/strong> \u2013 dzi\u0119ki sk\u0142adnikom takim jak L-arginina i Tribulus terrestris, preparat wspomaga ukrwienie narz\u0105d\u00f3w p\u0142ciowych, co prowadzi do silniejszych i d\u0142u\u017cej utrzymuj\u0105cych si\u0119 erekcji.<\/li>\n<li><strong>Zwi\u0119kszenie energii i witalno\u015bci<\/strong> \u2013 sk\u0142adniki takie jak maca i \u017ce\u0144-sze\u0144 poprawiaj\u0105 og\u00f3ln\u0105 kondycj\u0119 organizmu, co przek\u0142ada si\u0119 na wi\u0119ksz\u0105 energi\u0119 i lepsze samopoczucie. Dzi\u0119ki temu m\u0119\u017cczy\u017ani czuj\u0105 si\u0119 bardziej aktywni i pe\u0142ni \u017cycia.<\/li>\n<li><strong>Redukcja stresu<\/strong> \u2013 niekt\u00f3re sk\u0142adniki Vigaman, takie jak \u017ce\u0144-sze\u0144, pomagaj\u0105 w obni\u017ceniu poziomu stresu i niepokoju, co mo\u017ce by\u0107 kluczowe dla poprawy funkcji seksualnych, zw\u0142aszcza u m\u0119\u017cczyzn, kt\u00f3rzy borykaj\u0105 si\u0119 z problemami wynikaj\u0105cymi z psychicznych przyczyn zaburze\u0144 erekcji.<\/li>\n<li><strong>Poprawa jako\u015bci nasienia<\/strong> \u2013 dzi\u0119ki zawarto\u015bci cynku, kt\u00f3ry wspomaga produkcj\u0119 nasienia i poprawia jego jako\u015b\u0107, Vigaman mo\u017ce by\u0107 r\u00f3wnie\u017c pomocny dla m\u0119\u017cczyzn, kt\u00f3rzy planuj\u0105 powi\u0119kszenie rodziny.<\/li>\n<\/ol>\n<hr \/>\n<h2><strong>Ryzyko skutk\u00f3w ubocznych<\/strong><\/h2>\n<p>Vigaman jest preparatem opartym wy\u0142\u0105cznie na naturalnych sk\u0142adnikach, co sprawia, \u017ce ryzyko wyst\u0105pienia powa\u017cnych skutk\u00f3w ubocznych jest minimalne. Naturalne sk\u0142adniki, takie jak maca, tribulus czy \u017ce\u0144-sze\u0144, s\u0105 powszechnie uznawane za bezpieczne i dobrze tolerowane przez organizm. W przypadku jakichkolwiek dzia\u0142a\u0144 niepo\u017c\u0105danych, zazwyczaj s\u0105 one \u0142agodne i ust\u0119puj\u0105 po zaprzestaniu stosowania preparatu.<\/p>\n<p>Nale\u017cy jednak pami\u0119ta\u0107, \u017ce ka\u017cdy organizm reaguje inaczej, wi\u0119c osoby z nadwra\u017cliwo\u015bci\u0105 na kt\u00f3rykolwiek ze sk\u0142adnik\u00f3w powinny skonsultowa\u0107 si\u0119 z lekarzem przed rozpocz\u0119ciem stosowania Vigaman. Ponadto, nie zaleca si\u0119 stosowania preparatu u os\u00f3b, kt\u00f3re maj\u0105 problemy z sercem, nadci\u015bnieniem lub cierpi\u0105 na inne powa\u017cne schorzenia uk\u0142adu kr\u0105\u017cenia, chyba \u017ce po konsultacji z lekarzem.<\/p>\n<h2><strong>Opinie klient\u00f3w o Vigaman: fora po\u015bwi\u0119cone zdrowiu<\/strong><\/h2>\n<p>W Polsce coraz wi\u0119cej m\u0119\u017cczyzn szuka skutecznych rozwi\u0105za\u0144 na problemy z potencj\u0105, a Vigaman staje si\u0119 coraz popularniejszym wyborem. Na licznych forach internetowych po\u015bwi\u0119conych zdrowiu i poprawie jako\u015bci \u017cycia seksualnego, u\u017cytkownicy dziel\u0105 si\u0119 swoimi do\u015bwiadczeniami z tym suplementem diety. Opinie o Vigaman s\u0105 zdecydowanie pozytywne \u2013 zar\u00f3wno pod wzgl\u0119dem skuteczno\u015bci, jak i dost\u0119pno\u015bci. M\u0119\u017cczy\u017ani doceniaj\u0105 przede wszystkim naturalny sk\u0142ad preparatu, kt\u00f3ry nie wywo\u0142uje skutk\u00f3w ubocznych, a tak\u017ce jego szybko\u015b\u0107 dzia\u0142ania.<\/p>\n<p>Wielu u\u017cytkownik\u00f3w zauwa\u017ca popraw\u0119 jako\u015bci erekcji ju\u017c po kilku dniach stosowania, a tak\u017ce zwi\u0119kszenie libido i energii. Forumowicze zwracaj\u0105 r\u00f3wnie\u017c uwag\u0119 na fakt, \u017ce preparat jest \u0142atwy w u\u017cyciu i nie wymaga recepty, co sprawia, \u017ce jest wygodnym rozwi\u0105zaniem w codziennym \u017cyciu.<\/p>\n<ul>\n<li><strong>Kamil, 34 lata, Warszawa<\/strong><br \/>\n\u201eZaczyna\u0142em mie\u0107 problemy z erekcj\u0105 po 30. roku \u017cycia, co wp\u0142yn\u0119\u0142o na moj\u0105 pewno\u015b\u0107 siebie. Szuka\u0142em czego\u015b naturalnego, bo nie chcia\u0142em \u0142yka\u0107 chemicznych lek\u00f3w. Vigaman okaza\u0142 si\u0119 strza\u0142em w dziesi\u0105tk\u0119. Po kilku dniach stosowania zauwa\u017cy\u0142em znaczn\u0105 popraw\u0119 \u2013 zar\u00f3wno w jako\u015bci erekcji, jak i w moim libido. Produkt w pe\u0142ni naturalny, bez skutk\u00f3w ubocznych. Polecam ka\u017cdemu, kto ma podobny problem.\u201d<\/li>\n<li><strong>Tomasz, 47 lat, Krak\u00f3w<\/strong><br \/>\n\u201eVigaman to jedyny suplement, kt\u00f3ry naprawd\u0119 mi pom\u00f3g\u0142. Zmagam si\u0119 z problemami z erekcj\u0105 od d\u0142u\u017cszego czasu, pr\u00f3bowa\u0142em r\u00f3\u017cnych produkt\u00f3w, ale dopiero Vigaman da\u0142 mi zauwa\u017caln\u0105 popraw\u0119. Co wa\u017cne, nie mia\u0142em \u017cadnych efekt\u00f3w ubocznych, jak w przypadku innych preparat\u00f3w. Dodatkowo, cena jest bardzo przyst\u0119pna, a dostawa by\u0142a szybka. Jestem bardzo zadowolony.\u201d<\/li>\n<\/ul>\n<p style=\"text-align: center;\"><a href=\"https:\/\/tl-track.com\/tracker\/vvuK\"><button>Zakup na stronie producenta (-50%)<\/button><\/a><\/p>\n<hr \/>\n<h2><strong>Spos\u00f3b podawania i dawkowanie<\/strong><\/h2>\n<p>Vigaman to suplement diety w formie kapsu\u0142ek, co sprawia, \u017ce jego stosowanie jest bardzo proste i wygodne. Zaleca si\u0119 przyjmowanie jednej kapsu\u0142ki dziennie, najlepiej przed posi\u0142kiem, popijaj\u0105c du\u017c\u0105 ilo\u015bci\u0105 wody. W zale\u017cno\u015bci od indywidualnych potrzeb, dawk\u0119 mo\u017cna zwi\u0119kszy\u0107, ale zawsze warto skonsultowa\u0107 si\u0119 z lekarzem lub specjalist\u0105 przed dokonaniem jakiejkolwiek zmiany w dawkowaniu.<\/p>\n<p>Vigaman dzia\u0142a najlepiej, gdy jest stosowany regularnie, dlatego warto pami\u0119ta\u0107 o codziennej suplementacji, aby uzyska\u0107 maksymalne efekty. Dzia\u0142anie preparatu zaczyna by\u0107 zauwa\u017calne po kilku dniach stosowania, a jego pe\u0142na skuteczno\u015b\u0107 pojawia si\u0119 zwykle po 2-3 tygodniach.<\/p>\n<hr \/>\n<h2><strong>Kup teraz Vigaman z dostaw\u0105<\/strong><\/h2>\n<p>Zakup Vigaman jest szybki i wygodny, a ca\u0142y proces mo\u017cna przeprowadzi\u0107 online. Aby kupi\u0107 preparat, wystarczy odwiedzi\u0107 oficjaln\u0105 stron\u0119 producenta, gdzie mo\u017cna \u0142atwo z\u0142o\u017cy\u0107 zam\u00f3wienie. Co istotne, nie trzeba p\u0142aci\u0107 z g\u00f3ry \u2013 p\u0142atno\u015b\u0107 odbywa si\u0119 dopiero po otrzymaniu przesy\u0142ki. Dzi\u0119ki temu masz pewno\u015b\u0107, \u017ce otrzymasz oryginalny produkt, bez \u017cadnych ryzyk zwi\u0105zanych z oszustwami czy podr\u00f3bkami.<\/p>\n<p>Zam\u00f3wiony produkt dostarczany jest w ci\u0105gu 3-4 dni roboczych w Polsce, a firma oferuje r\u00f3wnie\u017c mo\u017cliwo\u015b\u0107 konsultacji telefonicznych, w trakcie kt\u00f3rych mo\u017cesz uzyska\u0107 informacje na temat dost\u0119pnych promocji, ilo\u015bci dost\u0119pnych opakowa\u0144 oraz szczeg\u00f3\u0142owych zasad u\u017cytkowania preparatu. Warto skontaktowa\u0107 si\u0119 z konsultantem, kt\u00f3ry pomo\u017ce dobra\u0107 odpowiedni\u0105 ilo\u015b\u0107 kapsu\u0142ek i udzieli wskaz\u00f3wek dotycz\u0105cych suplementacji.<\/p>\n<hr \/>\n<h2><strong>Por\u00f3wnanie ofert: ceny i dost\u0119pno\u015b\u0107 Vigaman<\/strong><\/h2>\n<p>Vigaman jest dost\u0119pny przede wszystkim na oficjalnej stronie producenta, co pozwala na zakup bez po\u015brednik\u00f3w i dodatkowych mar\u017cy. Dzi\u0119ki temu cena preparatu jest bardziej atrakcyjna ni\u017c w przypadku produkt\u00f3w sprzedawanych w stacjonarnych aptekach. Producenci tego suplementu stawiaj\u0105 na bezpo\u015bredni\u0105 sprzeda\u017c, co eliminuje dodatkowe koszty zwi\u0105zane z dystrybucj\u0105 przez po\u015brednik\u00f3w.<\/p>\n<p>Na stronie producenta regularnie pojawiaj\u0105 si\u0119 promocje i oferty rabatowe, kt\u00f3re czyni\u0105 zakup jeszcze bardziej op\u0142acalnym. Dlatego warto sprawdza\u0107 aktualno\u015b\u0107 tych ofert, aby skorzysta\u0107 z najlepszej ceny. Ponadto, dost\u0119pno\u015b\u0107 Vigaman w aptekach stacjonarnych jest ograniczona, poniewa\u017c firma stawia na sprzeda\u017c bezpo\u015bredni\u0105, co zapewnia kontrol\u0119 nad jako\u015bci\u0105 produktu oraz jego cen\u0105.<\/p>\n<p>Kupuj\u0105c na oficjalnej stronie, masz pewno\u015b\u0107, \u017ce otrzymasz oryginalny produkt w odpowiedniej jako\u015bci. Ceny mog\u0105 si\u0119 r\u00f3\u017cni\u0107 w zale\u017cno\u015bci od promocji, ale dzi\u0119ki regularnym ofertom rabatowym, zawsze mo\u017cesz liczy\u0107 na korzystn\u0105 cen\u0119.<\/p>\n<hr \/>\n<p>Vigaman to skuteczny i bezpieczny preparat, kt\u00f3ry zyska\u0142 ogromn\u0105 popularno\u015b\u0107 w Polsce dzi\u0119ki swoim naturalnym sk\u0142adnikom i udokumentowanej skuteczno\u015bci w poprawie zdrowia seksualnego. Opinie u\u017cytkownik\u00f3w s\u0105 zdecydowanie pozytywne, a \u0142atwo\u015b\u0107 zakupu online, wygodne opcje p\u0142atno\u015bci i szybka dostawa sprawiaj\u0105, \u017ce jest to rozwi\u0105zanie bez ryzyka i wygodne. Kupuj\u0105c Vigaman bezpo\u015brednio od producenta, otrzymujesz pewno\u015b\u0107, \u017ce produkt jest oryginalny i w najlepszej cenie, a dodatkowe promocje czyni\u0105 go jeszcze bardziej dost\u0119pnym.<\/p>\n","protected":false},"excerpt":{"rendered":"<p style=\"text-align: center;\"><a href=\"https:\/\/tl-track.com\/tracker\/vvuK\"><button>Kup teraz<\/button><\/a><\/p>\n<p>SKU:\u00a0<span class=\"sku\">789.005.443<\/span><\/p>\n<hr \/>\n<p><small>Produkt sprzedawany jest wy\u0142\u0105cznie za po\u015brednictwem oficjalnej strony producenta, id\u017a i kupuj bezpiecznie!<\/small><\/p>\n","protected":false},"featured_media":1203,"comment_status":"open","ping_status":"closed","template":"","meta":[],"product_brand":[],"product_cat":[15],"product_tag":[],"class_list":{"0":"post-1113","1":"product","2":"type-product","3":"status-publish","4":"has-post-thumbnail","6":"product_cat-supl","7":"thunk-woo-product-list","8":"opn-qv-enable","9":"top-store-woo-hover-","10":"top-store-single-product-tab-horizontal","11":"top-store-shadow-","12":"top-store-shadow-hover-","14":"first","15":"instock","16":"sale","17":"shipping-taxable","18":"purchasable","19":"product-type-simple"},"yoast_head":"<!-- This site is optimized with the Yoast SEO plugin v27.4 - https:\/\/yoast.com\/product\/yoast-seo-wordpress\/ -->\n<title>Vigaman - kup suplement, cena w aptece, sk\u0142ad, dzia\u0142anie<\/title>\n<meta name=\"robots\" content=\"index, follow, max-snippet:-1, max-image-preview:large, max-video-preview:-1\" \/>\n<link rel=\"canonical\" href=\"https:\/\/lekarzeopole.pl\/wordpress\/product\/vigaman-caps\/\" \/>\n<meta property=\"og:locale\" content=\"pl_PL\" \/>\n<meta property=\"og:type\" content=\"article\" \/>\n<meta property=\"og:title\" content=\"Vigaman - kup suplement, cena w aptece, sk\u0142ad, dzia\u0142anie\" \/>\n<meta property=\"og:description\" content=\"Kup teraz SKU:\u00a0789.005.443    Produkt sprzedawany jest wy\u0142\u0105cznie za po\u015brednictwem oficjalnej strony producenta, id\u017a i kupuj bezpiecznie!\" \/>\n<meta property=\"og:url\" content=\"https:\/\/lekarzeopole.pl\/wordpress\/product\/vigaman-caps\/\" \/>\n<meta property=\"og:site_name\" content=\"Lekarze Opole\" \/>\n<meta property=\"article:modified_time\" content=\"2025-03-04T11:00:18+00:00\" \/>\n<meta property=\"og:image\" content=\"https:\/\/lekarzeopole.pl\/wordpress\/wp-content\/uploads\/2024\/12\/vigaman-caps.jpg\" \/>\n\t<meta property=\"og:image:width\" content=\"1000\" \/>\n\t<meta property=\"og:image:height\" content=\"1000\" \/>\n\t<meta property=\"og:image:type\" content=\"image\/jpeg\" \/>\n<meta name=\"twitter:card\" content=\"summary_large_image\" \/>\n<meta name=\"twitter:label1\" content=\"Szacowany czas czytania\" \/>\n\t<meta name=\"twitter:data1\" content=\"9 minut\" \/>\n<script type=\"application\/ld+json\" class=\"yoast-schema-graph\">{\"@context\":\"https:\\\/\\\/schema.org\",\"@graph\":[{\"@type\":\"WebPage\",\"@id\":\"https:\\\/\\\/lekarzeopole.pl\\\/wordpress\\\/product\\\/vigaman-caps\\\/\",\"url\":\"https:\\\/\\\/lekarzeopole.pl\\\/wordpress\\\/product\\\/vigaman-caps\\\/\",\"name\":\"Vigaman - kup suplement, cena w aptece, sk\u0142ad, dzia\u0142anie\",\"isPartOf\":{\"@id\":\"https:\\\/\\\/lekarzeopole.pl\\\/wordpress\\\/#website\"},\"primaryImageOfPage\":{\"@id\":\"https:\\\/\\\/lekarzeopole.pl\\\/wordpress\\\/product\\\/vigaman-caps\\\/#primaryimage\"},\"image\":{\"@id\":\"https:\\\/\\\/lekarzeopole.pl\\\/wordpress\\\/product\\\/vigaman-caps\\\/#primaryimage\"},\"thumbnailUrl\":\"https:\\\/\\\/lekarzeopole.pl\\\/wordpress\\\/wp-content\\\/uploads\\\/2024\\\/12\\\/vigaman-caps.jpg\",\"datePublished\":\"2024-12-06T13:53:15+00:00\",\"dateModified\":\"2025-03-04T11:00:18+00:00\",\"breadcrumb\":{\"@id\":\"https:\\\/\\\/lekarzeopole.pl\\\/wordpress\\\/product\\\/vigaman-caps\\\/#breadcrumb\"},\"inLanguage\":\"pl-PL\",\"potentialAction\":[{\"@type\":\"ReadAction\",\"target\":[\"https:\\\/\\\/lekarzeopole.pl\\\/wordpress\\\/product\\\/vigaman-caps\\\/\"]}]},{\"@type\":\"ImageObject\",\"inLanguage\":\"pl-PL\",\"@id\":\"https:\\\/\\\/lekarzeopole.pl\\\/wordpress\\\/product\\\/vigaman-caps\\\/#primaryimage\",\"url\":\"https:\\\/\\\/lekarzeopole.pl\\\/wordpress\\\/wp-content\\\/uploads\\\/2024\\\/12\\\/vigaman-caps.jpg\",\"contentUrl\":\"https:\\\/\\\/lekarzeopole.pl\\\/wordpress\\\/wp-content\\\/uploads\\\/2024\\\/12\\\/vigaman-caps.jpg\",\"width\":1000,\"height\":1000,\"caption\":\"Vigaman caps\"},{\"@type\":\"BreadcrumbList\",\"@id\":\"https:\\\/\\\/lekarzeopole.pl\\\/wordpress\\\/product\\\/vigaman-caps\\\/#breadcrumb\",\"itemListElement\":[{\"@type\":\"ListItem\",\"position\":1,\"name\":\"\u0413\u043b\u0430\u0432\u043d\u0430\u044f \u0441\u0442\u0440\u0430\u043d\u0438\u0446\u0430\",\"item\":\"https:\\\/\\\/lekarzeopole.pl\\\/wordpress\\\/\"},{\"@type\":\"ListItem\",\"position\":2,\"name\":\"Zakup\",\"item\":\"https:\\\/\\\/lekarzeopole.pl\\\/wordpress\\\/\"},{\"@type\":\"ListItem\",\"position\":3,\"name\":\"Vigaman caps\"}]},{\"@type\":\"WebSite\",\"@id\":\"https:\\\/\\\/lekarzeopole.pl\\\/wordpress\\\/#website\",\"url\":\"https:\\\/\\\/lekarzeopole.pl\\\/wordpress\\\/\",\"name\":\"Lekarze Opole\",\"description\":\"\",\"potentialAction\":[{\"@type\":\"SearchAction\",\"target\":{\"@type\":\"EntryPoint\",\"urlTemplate\":\"https:\\\/\\\/lekarzeopole.pl\\\/wordpress\\\/?s={search_term_string}\"},\"query-input\":{\"@type\":\"PropertyValueSpecification\",\"valueRequired\":true,\"valueName\":\"search_term_string\"}}],\"inLanguage\":\"pl-PL\"}]}<\/script>\n<!-- \/ Yoast SEO plugin. -->","yoast_head_json":{"title":"Vigaman - kup suplement, cena w aptece, sk\u0142ad, dzia\u0142anie","robots":{"index":"index","follow":"follow","max-snippet":"max-snippet:-1","max-image-preview":"max-image-preview:large","max-video-preview":"max-video-preview:-1"},"canonical":"https:\/\/lekarzeopole.pl\/wordpress\/product\/vigaman-caps\/","og_locale":"pl_PL","og_type":"article","og_title":"Vigaman - kup suplement, cena w aptece, sk\u0142ad, dzia\u0142anie","og_description":"Kup teraz SKU:\u00a0789.005.443    Produkt sprzedawany jest wy\u0142\u0105cznie za po\u015brednictwem oficjalnej strony producenta, id\u017a i kupuj bezpiecznie!","og_url":"https:\/\/lekarzeopole.pl\/wordpress\/product\/vigaman-caps\/","og_site_name":"Lekarze Opole","article_modified_time":"2025-03-04T11:00:18+00:00","og_image":[{"width":1000,"height":1000,"url":"https:\/\/lekarzeopole.pl\/wordpress\/wp-content\/uploads\/2024\/12\/vigaman-caps.jpg","type":"image\/jpeg"}],"twitter_card":"summary_large_image","twitter_misc":{"Szacowany czas czytania":"9 minut"},"schema":{"@context":"https:\/\/schema.org","@graph":[{"@type":"WebPage","@id":"https:\/\/lekarzeopole.pl\/wordpress\/product\/vigaman-caps\/","url":"https:\/\/lekarzeopole.pl\/wordpress\/product\/vigaman-caps\/","name":"Vigaman - kup suplement, cena w aptece, sk\u0142ad, dzia\u0142anie","isPartOf":{"@id":"https:\/\/lekarzeopole.pl\/wordpress\/#website"},"primaryImageOfPage":{"@id":"https:\/\/lekarzeopole.pl\/wordpress\/product\/vigaman-caps\/#primaryimage"},"image":{"@id":"https:\/\/lekarzeopole.pl\/wordpress\/product\/vigaman-caps\/#primaryimage"},"thumbnailUrl":"https:\/\/lekarzeopole.pl\/wordpress\/wp-content\/uploads\/2024\/12\/vigaman-caps.jpg","datePublished":"2024-12-06T13:53:15+00:00","dateModified":"2025-03-04T11:00:18+00:00","breadcrumb":{"@id":"https:\/\/lekarzeopole.pl\/wordpress\/product\/vigaman-caps\/#breadcrumb"},"inLanguage":"pl-PL","potentialAction":[{"@type":"ReadAction","target":["https:\/\/lekarzeopole.pl\/wordpress\/product\/vigaman-caps\/"]}]},{"@type":"ImageObject","inLanguage":"pl-PL","@id":"https:\/\/lekarzeopole.pl\/wordpress\/product\/vigaman-caps\/#primaryimage","url":"https:\/\/lekarzeopole.pl\/wordpress\/wp-content\/uploads\/2024\/12\/vigaman-caps.jpg","contentUrl":"https:\/\/lekarzeopole.pl\/wordpress\/wp-content\/uploads\/2024\/12\/vigaman-caps.jpg","width":1000,"height":1000,"caption":"Vigaman caps"},{"@type":"BreadcrumbList","@id":"https:\/\/lekarzeopole.pl\/wordpress\/product\/vigaman-caps\/#breadcrumb","itemListElement":[{"@type":"ListItem","position":1,"name":"\u0413\u043b\u0430\u0432\u043d\u0430\u044f \u0441\u0442\u0440\u0430\u043d\u0438\u0446\u0430","item":"https:\/\/lekarzeopole.pl\/wordpress\/"},{"@type":"ListItem","position":2,"name":"Zakup","item":"https:\/\/lekarzeopole.pl\/wordpress\/"},{"@type":"ListItem","position":3,"name":"Vigaman caps"}]},{"@type":"WebSite","@id":"https:\/\/lekarzeopole.pl\/wordpress\/#website","url":"https:\/\/lekarzeopole.pl\/wordpress\/","name":"Lekarze Opole","description":"","potentialAction":[{"@type":"SearchAction","target":{"@type":"EntryPoint","urlTemplate":"https:\/\/lekarzeopole.pl\/wordpress\/?s={search_term_string}"},"query-input":{"@type":"PropertyValueSpecification","valueRequired":true,"valueName":"search_term_string"}}],"inLanguage":"pl-PL"}]}},"_links":{"self":[{"href":"https:\/\/lekarzeopole.pl\/wordpress\/wp-json\/wp\/v2\/product\/1113","targetHints":{"allow":["GET"]}}],"collection":[{"href":"https:\/\/lekarzeopole.pl\/wordpress\/wp-json\/wp\/v2\/product"}],"about":[{"href":"https:\/\/lekarzeopole.pl\/wordpress\/wp-json\/wp\/v2\/types\/product"}],"replies":[{"embeddable":true,"href":"https:\/\/lekarzeopole.pl\/wordpress\/wp-json\/wp\/v2\/comments?post=1113"}],"wp:featuredmedia":[{"embeddable":true,"href":"https:\/\/lekarzeopole.pl\/wordpress\/wp-json\/wp\/v2\/media\/1203"}],"wp:attachment":[{"href":"https:\/\/lekarzeopole.pl\/wordpress\/wp-json\/wp\/v2\/media?parent=1113"}],"wp:term":[{"taxonomy":"product_brand","embeddable":true,"href":"https:\/\/lekarzeopole.pl\/wordpress\/wp-json\/wp\/v2\/product_brand?post=1113"},{"taxonomy":"product_cat","embeddable":true,"href":"https:\/\/lekarzeopole.pl\/wordpress\/wp-json\/wp\/v2\/product_cat?post=1113"},{"taxonomy":"product_tag","embeddable":true,"href":"https:\/\/lekarzeopole.pl\/wordpress\/wp-json\/wp\/v2\/product_tag?post=1113"}],"curies":[{"name":"wp","href":"https:\/\/api.w.org\/{rel}","templated":true}]}}