{"id":1092,"date":"2024-11-01T18:48:43","date_gmt":"2024-11-01T18:48:43","guid":{"rendered":"https:\/\/lekarzeopole.pl\/wordpress\/?post_type=product&#038;p=1092"},"modified":"2024-11-01T18:48:44","modified_gmt":"2024-11-01T18:48:44","slug":"glucoren","status":"publish","type":"product","link":"https:\/\/lekarzeopole.pl\/wordpress\/product\/glucoren\/","title":{"rendered":"Glucoren"},"content":{"rendered":"<p>Kontrola poziomu cukru we krwi jest jednym z kluczowych element\u00f3w dbania o zdrowie, zw\u0142aszcza dla os\u00f3b zmagaj\u0105cych si\u0119 z cukrzyc\u0105 lub ryzykiem jej wyst\u0105pienia. Produkty na bazie naturalnych sk\u0142adnik\u00f3w, takie jak Glucoren, zdobywaj\u0105 popularno\u015b\u0107 dzi\u0119ki skuteczno\u015bci i bezpiecze\u0144stwu stosowania. Dzi\u0119ki wyj\u0105tkowej formule opartej na starannie dobranych sk\u0142adnikach ro\u015blinnych, Glucoren mo\u017ce wspom\u00f3c kontrol\u0119 glikemii, a tym samym poprawi\u0107 og\u00f3lne samopoczucie i jako\u015b\u0107 \u017cycia. W tej artykule przybli\u017cymy dzia\u0142anie kapsu\u0142ek Glucoren, ich sk\u0142ad oraz korzy\u015bci p\u0142yn\u0105ce z regularnego stosowania.<\/p>\n<h2>Wskazania do stosowania Glucoren<\/h2>\n<p>Kapsu\u0142ki Glucoren zosta\u0142y zaprojektowane, aby wspiera\u0107 osoby, kt\u00f3re zmagaj\u0105 si\u0119 z podwy\u017cszonym poziomem cukru we krwi lub s\u0105 zagro\u017cone rozwini\u0119ciem cukrzycy typu 2. Produkt ten jest szczeg\u00f3lnie polecany w przypadku:<\/p>\n<ul>\n<li>Os\u00f3b z predyspozycjami genetycznymi do cukrzycy;<\/li>\n<li>Os\u00f3b, u kt\u00f3rych zdiagnozowano stan przedcukrzycowy;<\/li>\n<li>Os\u00f3b, kt\u00f3re prowadz\u0105 siedz\u0105cy tryb \u017cycia i maj\u0105 problem z utrzymaniem zdrowej diety;<\/li>\n<li>Os\u00f3b cierpi\u0105cych na nadwag\u0119 lub oty\u0142o\u015b\u0107, co zwi\u0119ksza ryzyko zachorowania na cukrzyc\u0119;<\/li>\n<li>Senior\u00f3w, u kt\u00f3rych z wiekiem wzrasta ryzyko problem\u00f3w metabolicznych;<\/li>\n<li>Os\u00f3b nara\u017conych na stres, kt\u00f3ry mo\u017ce wp\u0142ywa\u0107 na zaburzenia poziomu cukru we krwi.<\/li>\n<\/ul>\n<p>Regularne stosowanie Glucoren wspomaga organizm w utrzymaniu stabilnego poziomu cukru, co mo\u017ce by\u0107 korzystne nie tylko dla os\u00f3b z cukrzyc\u0105, ale tak\u017ce dla tych, kt\u00f3rzy chc\u0105 zadba\u0107 o profilaktyk\u0119 zdrowotn\u0105. Glucoren mo\u017ce by\u0107 stosowany jako uzupe\u0142nienie zdrowego trybu \u017cycia i diety, kt\u00f3re razem przyczyniaj\u0105 si\u0119 do utrzymania zdrowego metabolizmu.<\/p>\n<h2>Sk\u0142ad i dzia\u0142anie sk\u0142adnik\u00f3w Glucoren<\/h2>\n<p>G\u0142\u00f3wn\u0105 zalet\u0105 Glucoren jest jego naturalny sk\u0142ad, kt\u00f3ry minimalizuje ryzyko skutk\u00f3w ubocznych. Sk\u0142adniki w kapsu\u0142kach Glucoren zosta\u0142y starannie dobrane, aby wzajemnie wspiera\u0107 swoje dzia\u0142anie i dostarcza\u0107 organizmowi niezb\u0119dnych substancji do regulacji poziomu cukru we krwi. Oto g\u0142\u00f3wne sk\u0142adniki Glucoren oraz ich dzia\u0142anie:<\/p>\n<ol>\n<li><strong>Ekstrakt z morwy bia\u0142ej<\/strong><br \/>\nMorwa bia\u0142a jest ro\u015blin\u0105 szeroko stosowan\u0105 w tradycyjnej medycynie azjatyckiej w celu wspierania zdrowia metabolicznego. Zawiera substancje, kt\u00f3re pomagaj\u0105 regulowa\u0107 poziom cukru we krwi, hamuj\u0105c enzymy odpowiedzialne za rozk\u0142ad w\u0119glowodan\u00f3w na cukry proste. Dzi\u0119ki temu po spo\u017cyciu posi\u0142k\u00f3w poziom cukru we krwi nie wzrasta gwa\u0142townie.<\/li>\n<li><strong>Ekstrakt z cynamonu<\/strong><br \/>\nCynamon jest powszechnie znany z w\u0142a\u015bciwo\u015bci przeciwutleniaj\u0105cych oraz zdolno\u015bci do zwi\u0119kszania wra\u017cliwo\u015bci kom\u00f3rek na insulin\u0119. Zawiera substancje takie jak polifenole, kt\u00f3re mog\u0105 pom\u00f3c w stabilizacji poziomu cukru, a tak\u017ce dzia\u0142aj\u0105 przeciwzapalnie.<\/li>\n<li><strong>Kwas alfa-liponowy<\/strong><br \/>\nKwas alfa-liponowy (ALA) to silny antyoksydant, kt\u00f3ry odgrywa kluczow\u0105 rol\u0119 w metabolizmie glukozy. ALA pomaga kom\u00f3rkom lepiej wykorzysta\u0107 glukoz\u0119, co mo\u017ce obni\u017cy\u0107 jej poziom we krwi. Dzia\u0142a r\u00f3wnie\u017c ochronnie na nerwy, kt\u00f3re mog\u0105 by\u0107 nara\u017cone na uszkodzenie w przypadku d\u0142ugotrwa\u0142ego wysokiego poziomu cukru.<\/li>\n<li><strong>Chrom<\/strong><br \/>\nChrom to pierwiastek, kt\u00f3ry jest niezb\u0119dny do prawid\u0142owego funkcjonowania organizmu, zw\u0142aszcza dla proces\u00f3w metabolicznych. Badania wykazuj\u0105, \u017ce chrom wspiera dzia\u0142anie insuliny i pomaga w utrzymaniu zdrowego poziomu cukru we krwi, wspomagaj\u0105c metabolizm w\u0119glowodan\u00f3w, bia\u0142ek i t\u0142uszcz\u00f3w.<\/li>\n<li><strong>Ekstrakt z li\u015bci banaba<\/strong><br \/>\nBanaba to ro\u015blina stosowana w medycynie naturalnej, kt\u00f3ra jest bogata w kwas korosolowy. Ten sk\u0142adnik pomaga zmniejszy\u0107 poziom cukru we krwi poprzez wp\u0142yw na transport glukozy do kom\u00f3rek, co zapobiega jej nagromadzeniu w krwiobiegu.<\/li>\n<li><strong>Ekstrakt z gymnemy<\/strong><br \/>\nGymnema sylvestre to ro\u015blina znana ze swojego dzia\u0142ania hipoglikemizuj\u0105cego. Ekstrakt z gymnemy wspomaga organizm w naturalnej regulacji poziomu cukru i mo\u017ce zmniejsza\u0107 ochot\u0119 na s\u0142odycze, co jest szczeg\u00f3lnie przydatne dla os\u00f3b dbaj\u0105cych o lini\u0119 i kontrol\u0119 glikemii.<\/li>\n<\/ol>\n<p style=\"text-align: center;\"><a href=\"https:\/\/keonv.com\/kXfS?sub1=sub1&amp;sub2=sub2&amp;sub3=sub3&amp;sub4=sub4&amp;sub5=sub5\"><button>www.glucoren.pl<\/button><\/a><\/p>\n<h2>Efekty Glucoren i ich charakterystyka<\/h2>\n<p>Stosowanie Glucoren niesie za sob\u0105 szereg korzy\u015bci, kt\u00f3re przyczyniaj\u0105 si\u0119 do poprawy zdrowia i samopoczucia. Regularne przyjmowanie kapsu\u0142ek pozwala na osi\u0105gni\u0119cie nast\u0119puj\u0105cych efekt\u00f3w:<\/p>\n<ul>\n<li><strong>Regulacja poziomu cukru we krwi<\/strong><br \/>\nDzi\u0119ki sk\u0142adnikom dzia\u0142aj\u0105cym synergistycznie, Glucoren wspiera utrzymanie stabilnego poziomu glukozy. Efekt ten jest szczeg\u00f3lnie wa\u017cny dla os\u00f3b z ryzykiem cukrzycy lub z zaburzeniami glikemii.<\/li>\n<li><strong>Poprawa wra\u017cliwo\u015bci na insulin\u0119<\/strong><br \/>\nGlucoren pomaga zwi\u0119kszy\u0107 wra\u017cliwo\u015b\u0107 kom\u00f3rek na insulin\u0119, co jest kluczowe dla utrzymania zdrowego poziomu cukru. Poprawa wra\u017cliwo\u015bci na insulin\u0119 mo\u017ce wp\u0142yn\u0105\u0107 na lepsze wykorzystanie glukozy i zapobieganie insulinooporno\u015bci.<\/li>\n<li><strong>Wspomaganie metabolizmu<\/strong><br \/>\nKapsu\u0142ki Glucoren przyczyniaj\u0105 si\u0119 do poprawy metabolizmu w\u0119glowodan\u00f3w, bia\u0142ek i t\u0142uszcz\u00f3w, co ma pozytywny wp\u0142yw na kontrol\u0119 masy cia\u0142a i zdrowie og\u00f3lne. Poprawiony metabolizm przek\u0142ada si\u0119 tak\u017ce na wi\u0119ksz\u0105 energi\u0119 i wytrzyma\u0142o\u015b\u0107.<\/li>\n<li><strong>Redukcja ochoty na s\u0142odycze<\/strong><br \/>\nDzi\u0119ki zawarto\u015bci gymnemy, Glucoren mo\u017ce pom\u00f3c ograniczy\u0107 ochot\u0119 na s\u0142odycze. Jest to istotny aspekt dla os\u00f3b, kt\u00f3re zmagaj\u0105 si\u0119 z nadmiernym spo\u017cyciem cukru, co mo\u017ce prowadzi\u0107 do problem\u00f3w z wag\u0105 i glikemi\u0105.<\/li>\n<li><strong>Ochrona przed stresem oksydacyjnym<\/strong><br \/>\nObecno\u015b\u0107 silnych antyoksydant\u00f3w, takich jak kwas alfa-liponowy, wspiera organizm w walce ze stresem oksydacyjnym, kt\u00f3ry mo\u017ce wp\u0142ywa\u0107 na zdrowie uk\u0142adu krwiono\u015bnego i odporno\u015bciowego.<\/li>\n<\/ul>\n<h2>Ryzyko skutk\u00f3w ubocznych<\/h2>\n<p>Kapsu\u0142ki Glucoren to produkt o wysokiej jako\u015bci, oparty na naturalnych sk\u0142adnikach, co minimalizuje ryzyko wyst\u0105pienia skutk\u00f3w ubocznych. W przeciwie\u0144stwie do wielu syntetycznych preparat\u00f3w, sk\u0142adniki Glucoren s\u0105 dobrze tolerowane przez organizm, a ich naturalne pochodzenie sprawia, \u017ce ryzyko reakcji alergicznych jest niskie. Mimo to, jak przy ka\u017cdym suplemencie, zaleca si\u0119 zachowanie ostro\u017cno\u015bci i stosowanie Glucoren zgodnie z zaleceniami producenta.<\/p>\n<p>Osoby z chorobami przewlek\u0142ymi, kobiety w ci\u0105\u017cy oraz osoby przyjmuj\u0105ce leki na recept\u0119 powinny skonsultowa\u0107 si\u0119 z lekarzem przed rozpocz\u0119ciem suplementacji Glucoren. Jednak w przypadku wi\u0119kszo\u015bci u\u017cytkownik\u00f3w, Glucoren mo\u017ce by\u0107 bezpiecznie stosowany jako wsparcie w codziennej kontroli poziomu cukru we krwi.<\/p>\n<p><em>Glucoren to innowacyjny produkt o naturalnym sk\u0142adzie, kt\u00f3ry mo\u017ce wspom\u00f3c organizm w kontrolowaniu poziomu cukru we krwi i wspiera\u0107 zdrowy metabolizm. Dzi\u0119ki starannie wyselekcjonowanym sk\u0142adnikom, takim jak morwa bia\u0142a, cynamon, kwas alfa-liponowy, chrom, li\u015bcie banaba i gymnema, kapsu\u0142ki Glucoren mog\u0105 przynie\u015b\u0107 szereg korzy\u015bci zdrowotnych. Naturalno\u015b\u0107 i bezpiecze\u0144stwo stosowania czyni\u0105 ten produkt wyj\u0105tkowym na tle innych suplement\u00f3w.<\/em><\/p>\n<h2>Opinie klient\u00f3w \u043e Glucoren: fora po\u015bwi\u0119cone zdrowiu<\/h2>\n<p>W Polsce fora internetowe po\u015bwi\u0119cone zdrowiu zyskuj\u0105 na popularno\u015bci jako miejsca, gdzie u\u017cytkownicy dziel\u0105 si\u0119 swoimi do\u015bwiadczeniami dotycz\u0105cymi r\u00f3\u017cnych produkt\u00f3w wspomagaj\u0105cych zdrowie. Glucoren zdobywa coraz wi\u0119ksze uznanie w\u015br\u00f3d os\u00f3b dbaj\u0105cych o kontrol\u0119 poziomu cukru we krwi, a jego dost\u0119pno\u015b\u0107 i efektywno\u015b\u0107 s\u0105 cz\u0119sto chwalone przez u\u017cytkownik\u00f3w na takich forach. Wielu klient\u00f3w podkre\u015bla pozytywny wp\u0142yw suplementu na ich samopoczucie oraz to, \u017ce jego zakup jest prosty i wygodny.<\/p>\n<p><strong>Opinie u\u017cytkownik\u00f3w:<\/strong><\/p>\n<ul>\n<li><em>Marta, 52 lata<\/em>: &#8222;Glucoren poleci\u0142a mi znajoma i musz\u0119 przyzna\u0107, \u017ce ten suplement mnie pozytywnie zaskoczy\u0142. Po miesi\u0105cu stosowania czuj\u0119 si\u0119 stabilniej, a poziom cukru utrzymuje si\u0119 na dobrym poziomie. Fajnie, \u017ce produkt jest dost\u0119pny online i nie trzeba biega\u0107 po aptekach!&#8221;<\/li>\n<li><em>Tomasz, 60 lat<\/em>: &#8222;U\u017cywam Glucoren od dw\u00f3ch miesi\u0119cy i ju\u017c widz\u0119 znaczn\u0105 r\u00f3\u017cnic\u0119 w wynikach bada\u0144 cukru. Lubi\u0119, \u017ce nie trzeba p\u0142aci\u0107 z g\u00f3ry, a zam\u00f3wienie zawsze przychodzi szybko. Polecam wszystkim, kt\u00f3rzy szukaj\u0105 naturalnego wsparcia dla zdrowia.&#8221;<\/li>\n<\/ul>\n<h2>Spos\u00f3b podawania i dawkowanie<\/h2>\n<p>Dawkowanie Glucoren jest proste i wygodne, co czyni go idealnym wyborem dla os\u00f3b o r\u00f3\u017cnym trybie \u017cycia. Zaleca si\u0119 przyjmowanie jednej kapsu\u0142ki dwa razy dziennie, najlepiej podczas posi\u0142k\u00f3w. Regularne stosowanie pozwala na osi\u0105gni\u0119cie optymalnych wynik\u00f3w w kontroli poziomu cukru we krwi, dlatego warto stosowa\u0107 Glucoren systematycznie, zgodnie z zaleceniami producenta. W przypadku jakichkolwiek pyta\u0144 dotycz\u0105cych dawkowania, warto skonsultowa\u0107 si\u0119 z lekarzem lub farmaceut\u0105.<\/p>\n<p style=\"text-align: center;\"><a href=\"https:\/\/keonv.com\/kXfS?sub1=sub1&amp;sub2=sub2&amp;sub3=sub3&amp;sub4=sub4&amp;sub5=sub5\"><button>Zakup na stronie producenta (-50%)<\/button><\/a><\/p>\n<h2>Kup teraz Glucoren z dostaw\u0105<\/h2>\n<p>Zakup Glucoren jest niezwykle prosty i wygodny dzi\u0119ki mo\u017cliwo\u015bci zam\u00f3wienia online. Co istotne, zakup tego suplementu nie wymaga wcze\u015bniejszej p\u0142atno\u015bci \u2013 op\u0142at\u0119 mo\u017cna ui\u015bci\u0107 dopiero przy odbiorze paczki, co minimalizuje ryzyko i zapewnia bezpiecze\u0144stwo transakcji. Zam\u00f3wienie realizowane jest szybko, a czas dostawy wynosi zazwyczaj od 3 do 4 dni na terenie Polski.<\/p>\n<p>Dodatkowo, po z\u0142o\u017ceniu zam\u00f3wienia, konsultant kontaktuje si\u0119 telefonicznie z klientem w celu potwierdzenia zam\u00f3wienia i om\u00f3wienia szczeg\u00f3\u0142\u00f3w. Specjalista mo\u017ce doradzi\u0107 odpowiedni\u0105 ilo\u015b\u0107 produktu oraz poinformowa\u0107 o dost\u0119pnych ofertach promocyjnych, co czyni zakupy jeszcze bardziej korzystnymi.<\/p>\n<h2>Por\u00f3wnanie ofert: ceny i dost\u0119pno\u015b\u0107 Glucoren<\/h2>\n<p>Producent Glucoren k\u0142adzie du\u017cy nacisk na przyst\u0119pno\u015b\u0107 cenow\u0105, aby suplement by\u0142 dost\u0119pny dla szerokiego grona odbiorc\u00f3w. Aby zapewni\u0107 najni\u017csz\u0105 mo\u017cliw\u0105 cen\u0119 i wyeliminowa\u0107 dodatkowe koszty po\u015brednik\u00f3w, Glucoren dost\u0119pny jest wy\u0142\u0105cznie na oficjalnej stronie producenta. Brak sprzeda\u017cy w stacjonarnych aptekach pozwala unikn\u0105\u0107 dodatkowych mar\u017c, co sprawia, \u017ce produkt jest dost\u0119pny w atrakcyjnej cenie.<\/p>\n<p>Producent regularnie oferuje promocje i zni\u017cki, kt\u00f3rych aktualno\u015b\u0107 warto sprawdza\u0107 na stronie internetowej. Kupuj\u0105c bezpo\u015brednio od producenta, klienci maj\u0105 pewno\u015b\u0107, \u017ce otrzymuj\u0105 oryginalny produkt w najlepszej mo\u017cliwej cenie.<\/p>\n","protected":false},"excerpt":{"rendered":"<p style=\"text-align: center;\"><a href=\"https:\/\/keonv.com\/kXfS?sub1=sub1&amp;sub2=sub2&amp;sub3=sub3&amp;sub4=sub4&amp;sub5=sub5\"><button>Kup teraz<\/button><\/a><\/p>\n<p>SKU:\u00a0<span class=\"sku\">789.455.376<\/span><\/p>\n<hr \/>\n<p><small>Produkt sprzedawany jest wy\u0142\u0105cznie za po\u015brednictwem oficjalnej strony producenta, id\u017a i kupuj bezpiecznie!<\/small><\/p>\n","protected":false},"featured_media":1093,"comment_status":"open","ping_status":"closed","template":"","meta":[],"product_brand":[],"product_cat":[15],"product_tag":[],"class_list":{"0":"post-1092","1":"product","2":"type-product","3":"status-publish","4":"has-post-thumbnail","6":"product_cat-supl","7":"thunk-woo-product-list","8":"opn-qv-enable","9":"top-store-woo-hover-","10":"top-store-single-product-tab-horizontal","11":"top-store-shadow-","12":"top-store-shadow-hover-","14":"first","15":"instock","16":"sale","17":"shipping-taxable","18":"purchasable","19":"product-type-simple"},"yoast_head":"<!-- This site is optimized with the Yoast SEO plugin v27.5 - https:\/\/yoast.com\/product\/yoast-seo-wordpress\/ -->\n<title>Glucoren - kup suplement, cena w aptece, sk\u0142ad, dzia\u0142anie<\/title>\n<meta name=\"robots\" content=\"index, follow, max-snippet:-1, max-image-preview:large, max-video-preview:-1\" \/>\n<link rel=\"canonical\" href=\"https:\/\/lekarzeopole.pl\/wordpress\/product\/glucoren\/\" \/>\n<meta property=\"og:locale\" content=\"pl_PL\" \/>\n<meta property=\"og:type\" content=\"article\" \/>\n<meta property=\"og:title\" content=\"Glucoren - kup suplement, cena w aptece, sk\u0142ad, dzia\u0142anie\" \/>\n<meta property=\"og:description\" content=\"Kup teraz SKU:\u00a0789.455.376    Produkt sprzedawany jest wy\u0142\u0105cznie za po\u015brednictwem oficjalnej strony producenta, id\u017a i kupuj bezpiecznie!\" \/>\n<meta property=\"og:url\" content=\"https:\/\/lekarzeopole.pl\/wordpress\/product\/glucoren\/\" \/>\n<meta property=\"og:site_name\" content=\"Lekarze Opole\" \/>\n<meta property=\"article:modified_time\" content=\"2024-11-01T18:48:44+00:00\" \/>\n<meta property=\"og:image\" content=\"https:\/\/lekarzeopole.pl\/wordpress\/wp-content\/uploads\/2024\/11\/glucoren.png\" \/>\n\t<meta property=\"og:image:width\" content=\"429\" \/>\n\t<meta property=\"og:image:height\" content=\"351\" \/>\n\t<meta property=\"og:image:type\" content=\"image\/png\" \/>\n<meta name=\"twitter:card\" content=\"summary_large_image\" \/>\n<meta name=\"twitter:label1\" content=\"Szacowany czas czytania\" \/>\n\t<meta name=\"twitter:data1\" content=\"8 minut\" \/>\n<script type=\"application\/ld+json\" class=\"yoast-schema-graph\">{\"@context\":\"https:\\\/\\\/schema.org\",\"@graph\":[{\"@type\":\"WebPage\",\"@id\":\"https:\\\/\\\/lekarzeopole.pl\\\/wordpress\\\/product\\\/glucoren\\\/\",\"url\":\"https:\\\/\\\/lekarzeopole.pl\\\/wordpress\\\/product\\\/glucoren\\\/\",\"name\":\"Glucoren - kup suplement, cena w aptece, sk\u0142ad, dzia\u0142anie\",\"isPartOf\":{\"@id\":\"https:\\\/\\\/lekarzeopole.pl\\\/wordpress\\\/#website\"},\"primaryImageOfPage\":{\"@id\":\"https:\\\/\\\/lekarzeopole.pl\\\/wordpress\\\/product\\\/glucoren\\\/#primaryimage\"},\"image\":{\"@id\":\"https:\\\/\\\/lekarzeopole.pl\\\/wordpress\\\/product\\\/glucoren\\\/#primaryimage\"},\"thumbnailUrl\":\"https:\\\/\\\/lekarzeopole.pl\\\/wordpress\\\/wp-content\\\/uploads\\\/2024\\\/11\\\/glucoren.png\",\"datePublished\":\"2024-11-01T18:48:43+00:00\",\"dateModified\":\"2024-11-01T18:48:44+00:00\",\"breadcrumb\":{\"@id\":\"https:\\\/\\\/lekarzeopole.pl\\\/wordpress\\\/product\\\/glucoren\\\/#breadcrumb\"},\"inLanguage\":\"pl-PL\",\"potentialAction\":[{\"@type\":\"ReadAction\",\"target\":[\"https:\\\/\\\/lekarzeopole.pl\\\/wordpress\\\/product\\\/glucoren\\\/\"]}]},{\"@type\":\"ImageObject\",\"inLanguage\":\"pl-PL\",\"@id\":\"https:\\\/\\\/lekarzeopole.pl\\\/wordpress\\\/product\\\/glucoren\\\/#primaryimage\",\"url\":\"https:\\\/\\\/lekarzeopole.pl\\\/wordpress\\\/wp-content\\\/uploads\\\/2024\\\/11\\\/glucoren.png\",\"contentUrl\":\"https:\\\/\\\/lekarzeopole.pl\\\/wordpress\\\/wp-content\\\/uploads\\\/2024\\\/11\\\/glucoren.png\",\"width\":429,\"height\":351,\"caption\":\"Glucoren\"},{\"@type\":\"BreadcrumbList\",\"@id\":\"https:\\\/\\\/lekarzeopole.pl\\\/wordpress\\\/product\\\/glucoren\\\/#breadcrumb\",\"itemListElement\":[{\"@type\":\"ListItem\",\"position\":1,\"name\":\"\u0413\u043b\u0430\u0432\u043d\u0430\u044f \u0441\u0442\u0440\u0430\u043d\u0438\u0446\u0430\",\"item\":\"https:\\\/\\\/lekarzeopole.pl\\\/wordpress\\\/\"},{\"@type\":\"ListItem\",\"position\":2,\"name\":\"Zakup\",\"item\":\"https:\\\/\\\/lekarzeopole.pl\\\/wordpress\\\/\"},{\"@type\":\"ListItem\",\"position\":3,\"name\":\"Glucoren\"}]},{\"@type\":\"WebSite\",\"@id\":\"https:\\\/\\\/lekarzeopole.pl\\\/wordpress\\\/#website\",\"url\":\"https:\\\/\\\/lekarzeopole.pl\\\/wordpress\\\/\",\"name\":\"Lekarze Opole\",\"description\":\"\",\"potentialAction\":[{\"@type\":\"SearchAction\",\"target\":{\"@type\":\"EntryPoint\",\"urlTemplate\":\"https:\\\/\\\/lekarzeopole.pl\\\/wordpress\\\/?s={search_term_string}\"},\"query-input\":{\"@type\":\"PropertyValueSpecification\",\"valueRequired\":true,\"valueName\":\"search_term_string\"}}],\"inLanguage\":\"pl-PL\"}]}<\/script>\n<!-- \/ Yoast SEO plugin. -->","yoast_head_json":{"title":"Glucoren - kup suplement, cena w aptece, sk\u0142ad, dzia\u0142anie","robots":{"index":"index","follow":"follow","max-snippet":"max-snippet:-1","max-image-preview":"max-image-preview:large","max-video-preview":"max-video-preview:-1"},"canonical":"https:\/\/lekarzeopole.pl\/wordpress\/product\/glucoren\/","og_locale":"pl_PL","og_type":"article","og_title":"Glucoren - kup suplement, cena w aptece, sk\u0142ad, dzia\u0142anie","og_description":"Kup teraz SKU:\u00a0789.455.376    Produkt sprzedawany jest wy\u0142\u0105cznie za po\u015brednictwem oficjalnej strony producenta, id\u017a i kupuj bezpiecznie!","og_url":"https:\/\/lekarzeopole.pl\/wordpress\/product\/glucoren\/","og_site_name":"Lekarze Opole","article_modified_time":"2024-11-01T18:48:44+00:00","og_image":[{"width":429,"height":351,"url":"https:\/\/lekarzeopole.pl\/wordpress\/wp-content\/uploads\/2024\/11\/glucoren.png","type":"image\/png"}],"twitter_card":"summary_large_image","twitter_misc":{"Szacowany czas czytania":"8 minut"},"schema":{"@context":"https:\/\/schema.org","@graph":[{"@type":"WebPage","@id":"https:\/\/lekarzeopole.pl\/wordpress\/product\/glucoren\/","url":"https:\/\/lekarzeopole.pl\/wordpress\/product\/glucoren\/","name":"Glucoren - kup suplement, cena w aptece, sk\u0142ad, dzia\u0142anie","isPartOf":{"@id":"https:\/\/lekarzeopole.pl\/wordpress\/#website"},"primaryImageOfPage":{"@id":"https:\/\/lekarzeopole.pl\/wordpress\/product\/glucoren\/#primaryimage"},"image":{"@id":"https:\/\/lekarzeopole.pl\/wordpress\/product\/glucoren\/#primaryimage"},"thumbnailUrl":"https:\/\/lekarzeopole.pl\/wordpress\/wp-content\/uploads\/2024\/11\/glucoren.png","datePublished":"2024-11-01T18:48:43+00:00","dateModified":"2024-11-01T18:48:44+00:00","breadcrumb":{"@id":"https:\/\/lekarzeopole.pl\/wordpress\/product\/glucoren\/#breadcrumb"},"inLanguage":"pl-PL","potentialAction":[{"@type":"ReadAction","target":["https:\/\/lekarzeopole.pl\/wordpress\/product\/glucoren\/"]}]},{"@type":"ImageObject","inLanguage":"pl-PL","@id":"https:\/\/lekarzeopole.pl\/wordpress\/product\/glucoren\/#primaryimage","url":"https:\/\/lekarzeopole.pl\/wordpress\/wp-content\/uploads\/2024\/11\/glucoren.png","contentUrl":"https:\/\/lekarzeopole.pl\/wordpress\/wp-content\/uploads\/2024\/11\/glucoren.png","width":429,"height":351,"caption":"Glucoren"},{"@type":"BreadcrumbList","@id":"https:\/\/lekarzeopole.pl\/wordpress\/product\/glucoren\/#breadcrumb","itemListElement":[{"@type":"ListItem","position":1,"name":"\u0413\u043b\u0430\u0432\u043d\u0430\u044f \u0441\u0442\u0440\u0430\u043d\u0438\u0446\u0430","item":"https:\/\/lekarzeopole.pl\/wordpress\/"},{"@type":"ListItem","position":2,"name":"Zakup","item":"https:\/\/lekarzeopole.pl\/wordpress\/"},{"@type":"ListItem","position":3,"name":"Glucoren"}]},{"@type":"WebSite","@id":"https:\/\/lekarzeopole.pl\/wordpress\/#website","url":"https:\/\/lekarzeopole.pl\/wordpress\/","name":"Lekarze Opole","description":"","potentialAction":[{"@type":"SearchAction","target":{"@type":"EntryPoint","urlTemplate":"https:\/\/lekarzeopole.pl\/wordpress\/?s={search_term_string}"},"query-input":{"@type":"PropertyValueSpecification","valueRequired":true,"valueName":"search_term_string"}}],"inLanguage":"pl-PL"}]}},"_links":{"self":[{"href":"https:\/\/lekarzeopole.pl\/wordpress\/wp-json\/wp\/v2\/product\/1092","targetHints":{"allow":["GET"]}}],"collection":[{"href":"https:\/\/lekarzeopole.pl\/wordpress\/wp-json\/wp\/v2\/product"}],"about":[{"href":"https:\/\/lekarzeopole.pl\/wordpress\/wp-json\/wp\/v2\/types\/product"}],"replies":[{"embeddable":true,"href":"https:\/\/lekarzeopole.pl\/wordpress\/wp-json\/wp\/v2\/comments?post=1092"}],"wp:featuredmedia":[{"embeddable":true,"href":"https:\/\/lekarzeopole.pl\/wordpress\/wp-json\/wp\/v2\/media\/1093"}],"wp:attachment":[{"href":"https:\/\/lekarzeopole.pl\/wordpress\/wp-json\/wp\/v2\/media?parent=1092"}],"wp:term":[{"taxonomy":"product_brand","embeddable":true,"href":"https:\/\/lekarzeopole.pl\/wordpress\/wp-json\/wp\/v2\/product_brand?post=1092"},{"taxonomy":"product_cat","embeddable":true,"href":"https:\/\/lekarzeopole.pl\/wordpress\/wp-json\/wp\/v2\/product_cat?post=1092"},{"taxonomy":"product_tag","embeddable":true,"href":"https:\/\/lekarzeopole.pl\/wordpress\/wp-json\/wp\/v2\/product_tag?post=1092"}],"curies":[{"name":"wp","href":"https:\/\/api.w.org\/{rel}","templated":true}]}}