{"id":108,"date":"2024-02-02T11:26:45","date_gmt":"2024-02-02T11:26:45","guid":{"rendered":"https:\/\/lekarzeopole.pl\/wordpress\/?post_type=product&#038;p=108"},"modified":"2025-12-26T16:21:52","modified_gmt":"2025-12-26T16:21:52","slug":"colladiox-pro","status":"publish","type":"product","link":"https:\/\/lekarzeopole.pl\/wordpress\/product\/colladiox-pro\/","title":{"rendered":"Colladiox Pro"},"content":{"rendered":"<div class=\"w-full text-token-text-primary\" data-testid=\"conversation-turn-3\">\n<div class=\"px-4 py-2 justify-center text-base md:gap-6 m-auto\">\n<div class=\"flex flex-1 text-base mx-auto gap-3 md:px-5 lg:px-1 xl:px-5 md:max-w-3xl lg:max-w-[40rem] xl:max-w-[48rem] group\">\n<div class=\"relative flex w-full flex-col lg:w-[calc(100%-115px)] agent-turn\">\n<div class=\"flex-col gap-1 md:gap-3\">\n<div class=\"flex flex-grow flex-col max-w-full\">\n<div class=\"text-message flex flex-col items-start gap-3 whitespace-pre-wrap break-words [.text-message+&amp;]:mt-5 overflow-x-auto\" data-message-author-role=\"assistant\" data-message-id=\"50e0f0c9-6bc3-4ce5-afb1-8d812a94a61d\">\n<div class=\"markdown prose w-full break-words dark:prose-invert light\">\n<p>W dzisiejszych czasach coraz wi\u0119cej os\u00f3b boryka si\u0119 z problemami ze stawami. Niezale\u017cnie od wieku, b\u00f3l staw\u00f3w mo\u017ce znacz\u0105co wp\u0142yn\u0105\u0107 na jako\u015b\u0107 \u017cycia. Dlatego te\u017c wiele os\u00f3b poszukuje skutecznych rozwi\u0105za\u0144, kt\u00f3re pomog\u0105 im w ul\u017ceniu w codziennych dolegliwo\u015bciach stawowych. Jednym z takich rozwi\u0105za\u0144 jest Colladiox Pro &#8211; suplement diety, kt\u00f3ry opiera si\u0119 na naturalnych sk\u0142adnikach, by pom\u00f3c w walce z b\u00f3lem staw\u00f3w oraz poprawi\u0107 ich elastyczno\u015b\u0107.<\/p>\n<h2>Wskazania do stosowania suplementu diety Colladiox Pro<\/h2>\n<p>Colladiox Pro jest przeznaczony dla os\u00f3b, kt\u00f3re borykaj\u0105 si\u0119 z r\u00f3\u017cnego rodzaju dolegliwo\u015bciami stawowymi. Suplement ten mo\u017ce by\u0107 szczeg\u00f3lnie korzystny dla os\u00f3b cierpi\u0105cych na przewlek\u0142y b\u00f3l staw\u00f3w, a tak\u017ce dla tych, kt\u00f3rzy prowadz\u0105 aktywny tryb \u017cycia i chc\u0105 dba\u0107 o zdrowie swoich staw\u00f3w. Osoby w starszym wieku r\u00f3wnie\u017c mog\u0105 korzysta\u0107 z Colladiox Pro w celu zapobiegania degeneracji staw\u00f3w i utrzymania ich spr\u0119\u017cysto\u015bci.<\/p>\n<h2>Opis dodatku do \u017cywno\u015bci Colladiox Pro<\/h2>\n<p>Colladiox Pro to suplement diety oparty na starannie dobranych sk\u0142adnikach, kt\u00f3re maj\u0105 pozytywny wp\u0142yw na stawy i tkank\u0119 \u0142\u0105czn\u0105. G\u0142\u00f3wne sk\u0142adniki tego preparatu to:<\/p>\n<ol>\n<li><strong>Kwas hialuronowy:<\/strong> Ten naturalnie wyst\u0119puj\u0105cy sk\u0142adnik pomaga w zwi\u0119kszeniu elastyczno\u015bci staw\u00f3w oraz wspomaga proces regeneracji chrz\u0105stki stawowej.<\/li>\n<li><strong>Glukozamina:<\/strong> Glukozamina jest kluczowym sk\u0142adnikiem w odbudowie tkanki \u0142\u0105cznej i chrz\u0105stki stawowej. Pomaga w redukcji b\u00f3lu oraz zapobiega dalszym uszkodzeniom staw\u00f3w.<\/li>\n<li><strong>Kolagen:<\/strong> Kolagen to bia\u0142ko, kt\u00f3re stanowi g\u0142\u00f3wny sk\u0142adnik chrz\u0105stki stawowej. Colladiox Pro zawiera kolagen, kt\u00f3ry pomaga w utrzymaniu odpowiedniej struktury staw\u00f3w.<\/li>\n<li><strong>Witamina C:<\/strong> Witamina C odgrywa istotn\u0105 rol\u0119 w produkcji kolagenu oraz przeciwdzia\u0142a procesom zapalnym w stawach.<\/li>\n<\/ol>\n<h2>Efekty Colladiox Pro i ich charakterystyka<\/h2>\n<p>Dzia\u0142anie Colladiox Pro mo\u017cna podzieli\u0107 na kilka kluczowych aspekt\u00f3w, kt\u00f3re wp\u0142ywaj\u0105 na og\u00f3lny stan staw\u00f3w i jako\u015b\u0107 \u017cycia:<\/p>\n<ol>\n<li><strong>\u0141agodzenie b\u00f3lu:<\/strong> Dzi\u0119ki zawartym sk\u0142adnikom aktywnym, Colladiox Pro pomaga w redukcji b\u00f3lu staw\u00f3w, zar\u00f3wno przewlek\u0142ego, jak i ostrego. To oznacza, \u017ce osoby cierpi\u0105ce na b\u00f3l staw\u00f3w mog\u0105 odczu\u0107 znaczn\u0105 ulg\u0119.<\/li>\n<li><strong>Poprawa elastyczno\u015bci:<\/strong> Regularne stosowanie Colladiox Pro przyczynia si\u0119 do zwi\u0119kszenia elastyczno\u015bci staw\u00f3w, co u\u0142atwia wykonywanie codziennych czynno\u015bci oraz aktywno\u015bci fizycznych. Osoby aktywne mog\u0105 doceni\u0107 wi\u0119ksz\u0105 swobod\u0119 ruchu.<\/li>\n<li><strong>Odbudowa tkanki \u0142\u0105cznej:<\/strong> Sk\u0142adniki Colladiox Pro wspomagaj\u0105 proces odbudowy i regeneracji tkanki \u0142\u0105cznej. To kluczowe dla zdrowia staw\u00f3w, poniewa\u017c pomaga w zapobieganiu dalszym uszkodzeniom.<\/li>\n<li><strong>Zapobieganie uszkodzeniom:<\/strong> Colladiox Pro dzia\u0142a jako tarcza ochronna dla staw\u00f3w, pomagaj\u0105c w zapobieganiu uszkodzeniom i zapalnym procesom. Jest to szczeg\u00f3lnie istotne w profilaktyce problem\u00f3w stawowych.<\/li>\n<\/ol>\n<p style=\"text-align: center;\"><a href=\"https:\/\/tl-track.com\/tracker\/uDNX\"><button>www.colladiox-pro.pl<\/button><\/a><\/p>\n<h2>Ryzyko skutk\u00f3w ubocznych<\/h2>\n<p>Jednym z g\u0142\u00f3wnych atut\u00f3w Colladiox Pro jest to, \u017ce jest to preparat oparty na naturalnych sk\u0142adnikach. Dlatego ryzyko wyst\u0105pienia skutk\u00f3w ubocznych jest minimalne. Jednak\u017ce, jak w przypadku ka\u017cdego suplementu diety, zawsze istnieje ryzyko nietolerancji lub alergii na kt\u00f3ry\u015b ze sk\u0142adnik\u00f3w. Przed rozpocz\u0119ciem stosowania Colladiox Pro zawsze warto skonsultowa\u0107 si\u0119 z lekarzem, szczeg\u00f3lnie je\u015bli masz jakie\u015b istniej\u0105ce schorzenia lub przyjmujesz inne leki.<\/p>\n<h2>Opinie klient\u00f3w o Colladiox Pro: fora po\u015bwi\u0119cone zdrowiu<\/h2>\n<p>Colladiox Pro zdobywa coraz wi\u0119ksz\u0105 popularno\u015b\u0107 w\u015br\u00f3d klient\u00f3w w Polsce. Na r\u00f3\u017cnych forach internetowych po\u015bwi\u0119conych zdrowiu i problemom stawowym mo\u017cna znale\u017a\u0107 liczne opinie i recenzje u\u017cytkownik\u00f3w tego suplementu. Wi\u0119kszo\u015b\u0107 os\u00f3b opisuje pozytywne efekty Colladiox Pro i jego dost\u0119pno\u015b\u0107 na rynku.<\/p>\n<ol>\n<li><strong>Jan K.:<\/strong> &#8222;Stosuj\u0119 Colladiox Pro od kilku miesi\u0119cy i widz\u0119 ogromn\u0105 popraw\u0119 w moich stawach. B\u00f3l znacznie si\u0119 zmniejszy\u0142, a moja mobilno\u015b\u0107 jest znacznie lepsza. Polecam to ka\u017cdemu, kto boryka si\u0119 z problemami stawowymi.&#8221;<\/li>\n<li><strong>Anna S.:<\/strong> &#8222;Colladiox Pro to naprawd\u0119 skuteczny suplement. Ju\u017c po kr\u00f3tkim czasie stosowania zauwa\u017cy\u0142am popraw\u0119 w moich stawach. Teraz mog\u0119 swobodnie uczestniczy\u0107 w zaj\u0119ciach fitness i cieszy\u0107 si\u0119 \u017cyciem bez b\u00f3lu.&#8221;<\/li>\n<\/ol>\n<p>Colladiox Pro to suplement diety, kt\u00f3ry mo\u017ce by\u0107 skuteczn\u0105 pomoc\u0105 dla os\u00f3b borykaj\u0105cych si\u0119 z problemami stawowymi. Dzia\u0142anie jego naturalnych sk\u0142adnik\u00f3w przyczynia si\u0119 do \u0142agodzenia b\u00f3lu, poprawy elastyczno\u015bci staw\u00f3w, odbudowy tkanki \u0142\u0105cznej oraz zapobiegania uszkodzeniom. Dzi\u0119ki pozytywnym opiniiom klient\u00f3w i minimalnemu ryzyku skutk\u00f3w ubocznych, Colladiox Pro staje si\u0119 coraz popularniejszym wyborem w walce z dolegliwo\u015bciami stawowymi. Jednak\u017ce, przed rozpocz\u0119ciem stosowania, zawsze warto skonsultowa\u0107 si\u0119 z lekarzem. Tw\u00f3j komfort i zdrowie staw\u00f3w s\u0105 tego warte.<\/p>\n<\/div>\n<\/div>\n<\/div>\n<\/div>\n<\/div>\n<\/div>\n<\/div>\n<\/div>\n<div class=\"w-full text-token-text-primary\" data-testid=\"conversation-turn-5\">\n<div class=\"px-4 py-2 justify-center text-base md:gap-6 m-auto\">\n<div class=\"flex flex-1 text-base mx-auto gap-3 md:px-5 lg:px-1 xl:px-5 md:max-w-3xl lg:max-w-[40rem] xl:max-w-[48rem] group final-completion\">\n<div class=\"relative flex w-full flex-col lg:w-[calc(100%-115px)] agent-turn\">\n<div class=\"flex-col gap-1 md:gap-3\">\n<div class=\"flex flex-grow flex-col max-w-full\">\n<div class=\"min-h-[20px] text-message flex flex-col items-start gap-3 whitespace-pre-wrap break-words [.text-message+&amp;]:mt-5 overflow-x-auto\" data-message-author-role=\"assistant\" data-message-id=\"b9610542-ef70-4584-a801-584927a04051\">\n<div class=\"markdown prose w-full break-words dark:prose-invert light\">\n<h2>Ulotka do\u0142\u0105czona do Colladiox Pro<\/h2>\n<p>Ka\u017cde opakowanie Colladiox Pro zawiera ulotk\u0119 informacyjn\u0105, kt\u00f3ra jest cennym \u017ar\u00f3d\u0142em informacji o suplemencie diety. Ulotka zawiera szczeg\u00f3\u0142owe instrukcje dotycz\u0105ce stosowania, informacje o sk\u0142adnikach oraz odpowiedzi na cz\u0119sto zadawane pytania. Przed rozpocz\u0119ciem suplementacji zawsze warto zapozna\u0107 si\u0119 z tre\u015bci\u0105 ulotki, aby mie\u0107 pe\u0142n\u0105 wiedz\u0119 na temat Colladiox Pro.<\/p>\n<h2>Spos\u00f3b podawania i dawkowanie<\/h2>\n<p>Spos\u00f3b podawania Colladiox Pro jest bardzo prosty. Zaleca si\u0119 przyjmowanie jednej kapsu\u0142ki dziennie, najlepiej rano, przed posi\u0142kiem. Kapsu\u0142k\u0119 nale\u017cy popi\u0107 odpowiedni\u0105 ilo\u015bci\u0105 wody, aby u\u0142atwi\u0107 jej przyswajanie. Regularne stosowanie Colladiox Pro mo\u017ce przynie\u015b\u0107 najlepsze rezultaty, dlatego warto pami\u0119ta\u0107 o codziennym za\u017cywaniu kapsu\u0142ki.<\/p>\n<h2>Porady od lekarzy<\/h2>\n<p>Rozwi\u0105zanie problem\u00f3w ze stawami wymaga kompleksowego podej\u015bcia. Oto kilka og\u00f3lnych porad od lekarzy, kt\u00f3re mog\u0105 pom\u00f3c w utrzymaniu zdrowych staw\u00f3w:<\/p>\n<ol>\n<li><strong>Ruch to klucz:<\/strong> Regularna aktywno\u015b\u0107 fizyczna, takie jak spacery, joga czy p\u0142ywanie, mo\u017ce pom\u00f3c w utrzymaniu zdrowych staw\u00f3w.<\/li>\n<li><strong>Zr\u00f3wnowa\u017cona dieta:<\/strong> Dieta bogata w sk\u0142adniki od\u017cywcze, takie jak witamina D i C, oraz sk\u0142adniki mineralne, jest istotna dla zdrowia staw\u00f3w.<\/li>\n<li><strong>Odpoczynek:<\/strong> Warto dba\u0107 o odpowiedni\u0105 ilo\u015b\u0107 snu i odpoczynku, aby organizm m\u00f3g\u0142 si\u0119 regenerowa\u0107.<\/li>\n<li><strong>Unikanie nadmiernego obci\u0105\u017cenia:<\/strong> Staraj si\u0119 unika\u0107 nadmiernego obci\u0105\u017cania staw\u00f3w, szczeg\u00f3lnie podczas wykonywania intensywnych \u0107wicze\u0144.<\/li>\n<li><strong>Skonsultuj si\u0119 z lekarzem:<\/strong> Je\u015bli masz powa\u017cne problemy ze stawami, zawsze warto skonsultowa\u0107 si\u0119 z lekarzem, kt\u00f3ry mo\u017ce zaleci\u0107 odpowiednie leczenie lub suplementacj\u0119.<\/li>\n<\/ol>\n<p style=\"text-align: center;\"><a href=\"https:\/\/tl-track.com\/tracker\/uDNX\"><button>Zakup na stronie producenta (-50%)<\/button><\/a><\/p>\n<h2>Kup teraz Colladiox Pro z dostaw\u0105<\/h2>\n<p>Zakup Colladiox Pro jest prosty i wygodny. Produkt dost\u0119pny jest do zam\u00f3wienia online na oficjalnej stronie producenta. Jednak\u017ce, nie trzeba martwi\u0107 si\u0119 o przedp\u0142aty, poniewa\u017c p\u0142atno\u015b\u0107 za produkt odbywa si\u0119 dopiero po dostawie. Dzi\u0119ki temu mo\u017cna mie\u0107 pewno\u015b\u0107, \u017ce otrzymasz oryginalny produkt bez ryzyka oszustwa. Dostawa Colladiox Pro trwa zazwyczaj 3-4 dni robocze, co oznacza, \u017ce w kr\u00f3tkim czasie mo\u017cesz rozpocz\u0105\u0107 suplementacj\u0119.<\/p>\n<p>Dodatkowo, po z\u0142o\u017ceniu zam\u00f3wienia, specjalista kontaktuje si\u0119 telefonicznie, aby potwierdzi\u0107 zam\u00f3wienie i udzieli\u0107 wszelkich potrzebnych informacji. To dodatkowa forma wsparcia dla klienta, kt\u00f3ra pozwala uzyska\u0107 dodatkowe informacje o produkcie i ewentualne dost\u0119pne promocje.<\/p>\n<h2>Por\u00f3wnanie ofert: ceny i dost\u0119pno\u015b\u0107 Colladiox Pro<\/h2>\n<p>Colladiox Pro stawia na dost\u0119pno\u015b\u0107 dla klient\u00f3w i dlatego produkt jest dost\u0119pny wy\u0142\u0105cznie na oficjalnej stronie producenta. To oznacza, \u017ce mo\u017cna unikn\u0105\u0107 po\u015brednik\u00f3w i nadmiernej mar\u017cy, co wp\u0142ywa korzystnie na cen\u0119 produktu. Dodatkowo, producent regularnie oferuje atrakcyjne promocje i rabaty, kt\u00f3re warto \u015bledzi\u0107 na oficjalnej stronie. Dzi\u0119ki temu mo\u017cna zaoszcz\u0119dzi\u0107 na zakupie Colladiox Pro.<\/p>\n<p>Colladiox Pro nie jest dost\u0119pny w stacjonarnych aptekach. Jest to \u015bwiadomy wyb\u00f3r producenta, kt\u00f3ry chce zapewni\u0107 klientom \u0142atwy dost\u0119p do produktu bez zb\u0119dnych po\u015brednik\u00f3w. Dlatego te\u017c, aby zakupi\u0107 Colladiox Pro, wystarczy odwiedzi\u0107 oficjaln\u0105 stron\u0119 producenta i z\u0142o\u017cy\u0107 zam\u00f3wienie online.<\/p>\n<\/div>\n<\/div>\n<\/div>\n<\/div>\n<\/div>\n<\/div>\n<\/div>\n<\/div>\n","protected":false},"excerpt":{"rendered":"<p style=\"text-align: center;\"><a href=\"https:\/\/tl-track.com\/tracker\/uDNX\"><button>Kup teraz<\/button><\/a><\/p>\n<p>SKU:\u00a0<span class=\"sku\">749.878.019<\/span><\/p>\n<hr \/>\n<p><small>Produkt sprzedawany jest wy\u0142\u0105cznie za po\u015brednictwem oficjalnej strony producenta, id\u017a i kupuj bezpiecznie!<\/small><\/p>\n","protected":false},"featured_media":109,"comment_status":"open","ping_status":"closed","template":"","meta":[],"product_brand":[],"product_cat":[15],"product_tag":[],"class_list":{"0":"post-108","1":"product","2":"type-product","3":"status-publish","4":"has-post-thumbnail","6":"product_cat-supl","7":"thunk-woo-product-list","8":"opn-qv-enable","9":"top-store-woo-hover-","10":"top-store-single-product-tab-horizontal","11":"top-store-shadow-","12":"top-store-shadow-hover-","14":"first","15":"instock","16":"sale","17":"shipping-taxable","18":"purchasable","19":"product-type-simple"},"yoast_head":"<!-- This site is optimized with the Yoast SEO plugin v27.4 - https:\/\/yoast.com\/product\/yoast-seo-wordpress\/ -->\n<title>Colladiox Pro - kup suplement, cena w aptece, sk\u0142ad, dzia\u0142anie<\/title>\n<meta name=\"robots\" content=\"index, follow, max-snippet:-1, max-image-preview:large, max-video-preview:-1\" \/>\n<link rel=\"canonical\" href=\"https:\/\/lekarzeopole.pl\/wordpress\/product\/colladiox-pro\/\" \/>\n<meta property=\"og:locale\" content=\"pl_PL\" \/>\n<meta property=\"og:type\" content=\"article\" \/>\n<meta property=\"og:title\" content=\"Colladiox Pro - kup suplement, cena w aptece, sk\u0142ad, dzia\u0142anie\" \/>\n<meta property=\"og:description\" content=\"Kup teraz SKU:\u00a0749.878.019    Produkt sprzedawany jest wy\u0142\u0105cznie za po\u015brednictwem oficjalnej strony producenta, id\u017a i kupuj bezpiecznie!\" \/>\n<meta property=\"og:url\" content=\"https:\/\/lekarzeopole.pl\/wordpress\/product\/colladiox-pro\/\" \/>\n<meta property=\"og:site_name\" content=\"Lekarze Opole\" \/>\n<meta property=\"article:modified_time\" content=\"2025-12-26T16:21:52+00:00\" \/>\n<meta property=\"og:image\" content=\"https:\/\/lekarzeopole.pl\/wordpress\/wp-content\/uploads\/2024\/02\/colladiox-pro.png\" \/>\n\t<meta property=\"og:image:width\" content=\"400\" \/>\n\t<meta property=\"og:image:height\" content=\"400\" \/>\n\t<meta property=\"og:image:type\" content=\"image\/png\" \/>\n<meta name=\"twitter:card\" content=\"summary_large_image\" \/>\n<meta name=\"twitter:label1\" content=\"Szacowany czas czytania\" \/>\n\t<meta name=\"twitter:data1\" content=\"7 minut\" \/>\n<script type=\"application\/ld+json\" class=\"yoast-schema-graph\">{\"@context\":\"https:\\\/\\\/schema.org\",\"@graph\":[{\"@type\":\"WebPage\",\"@id\":\"https:\\\/\\\/lekarzeopole.pl\\\/wordpress\\\/product\\\/colladiox-pro\\\/\",\"url\":\"https:\\\/\\\/lekarzeopole.pl\\\/wordpress\\\/product\\\/colladiox-pro\\\/\",\"name\":\"Colladiox Pro - kup suplement, cena w aptece, sk\u0142ad, dzia\u0142anie\",\"isPartOf\":{\"@id\":\"https:\\\/\\\/lekarzeopole.pl\\\/wordpress\\\/#website\"},\"primaryImageOfPage\":{\"@id\":\"https:\\\/\\\/lekarzeopole.pl\\\/wordpress\\\/product\\\/colladiox-pro\\\/#primaryimage\"},\"image\":{\"@id\":\"https:\\\/\\\/lekarzeopole.pl\\\/wordpress\\\/product\\\/colladiox-pro\\\/#primaryimage\"},\"thumbnailUrl\":\"https:\\\/\\\/lekarzeopole.pl\\\/wordpress\\\/wp-content\\\/uploads\\\/2024\\\/02\\\/colladiox-pro.png\",\"datePublished\":\"2024-02-02T11:26:45+00:00\",\"dateModified\":\"2025-12-26T16:21:52+00:00\",\"breadcrumb\":{\"@id\":\"https:\\\/\\\/lekarzeopole.pl\\\/wordpress\\\/product\\\/colladiox-pro\\\/#breadcrumb\"},\"inLanguage\":\"pl-PL\",\"potentialAction\":[{\"@type\":\"ReadAction\",\"target\":[\"https:\\\/\\\/lekarzeopole.pl\\\/wordpress\\\/product\\\/colladiox-pro\\\/\"]}]},{\"@type\":\"ImageObject\",\"inLanguage\":\"pl-PL\",\"@id\":\"https:\\\/\\\/lekarzeopole.pl\\\/wordpress\\\/product\\\/colladiox-pro\\\/#primaryimage\",\"url\":\"https:\\\/\\\/lekarzeopole.pl\\\/wordpress\\\/wp-content\\\/uploads\\\/2024\\\/02\\\/colladiox-pro.png\",\"contentUrl\":\"https:\\\/\\\/lekarzeopole.pl\\\/wordpress\\\/wp-content\\\/uploads\\\/2024\\\/02\\\/colladiox-pro.png\",\"width\":400,\"height\":400,\"caption\":\"Colladiox Pro\"},{\"@type\":\"BreadcrumbList\",\"@id\":\"https:\\\/\\\/lekarzeopole.pl\\\/wordpress\\\/product\\\/colladiox-pro\\\/#breadcrumb\",\"itemListElement\":[{\"@type\":\"ListItem\",\"position\":1,\"name\":\"\u0413\u043b\u0430\u0432\u043d\u0430\u044f \u0441\u0442\u0440\u0430\u043d\u0438\u0446\u0430\",\"item\":\"https:\\\/\\\/lekarzeopole.pl\\\/wordpress\\\/\"},{\"@type\":\"ListItem\",\"position\":2,\"name\":\"Zakup\",\"item\":\"https:\\\/\\\/lekarzeopole.pl\\\/wordpress\\\/\"},{\"@type\":\"ListItem\",\"position\":3,\"name\":\"Colladiox Pro\"}]},{\"@type\":\"WebSite\",\"@id\":\"https:\\\/\\\/lekarzeopole.pl\\\/wordpress\\\/#website\",\"url\":\"https:\\\/\\\/lekarzeopole.pl\\\/wordpress\\\/\",\"name\":\"Lekarze Opole\",\"description\":\"\",\"potentialAction\":[{\"@type\":\"SearchAction\",\"target\":{\"@type\":\"EntryPoint\",\"urlTemplate\":\"https:\\\/\\\/lekarzeopole.pl\\\/wordpress\\\/?s={search_term_string}\"},\"query-input\":{\"@type\":\"PropertyValueSpecification\",\"valueRequired\":true,\"valueName\":\"search_term_string\"}}],\"inLanguage\":\"pl-PL\"}]}<\/script>\n<!-- \/ Yoast SEO plugin. -->","yoast_head_json":{"title":"Colladiox Pro - kup suplement, cena w aptece, sk\u0142ad, dzia\u0142anie","robots":{"index":"index","follow":"follow","max-snippet":"max-snippet:-1","max-image-preview":"max-image-preview:large","max-video-preview":"max-video-preview:-1"},"canonical":"https:\/\/lekarzeopole.pl\/wordpress\/product\/colladiox-pro\/","og_locale":"pl_PL","og_type":"article","og_title":"Colladiox Pro - kup suplement, cena w aptece, sk\u0142ad, dzia\u0142anie","og_description":"Kup teraz SKU:\u00a0749.878.019    Produkt sprzedawany jest wy\u0142\u0105cznie za po\u015brednictwem oficjalnej strony producenta, id\u017a i kupuj bezpiecznie!","og_url":"https:\/\/lekarzeopole.pl\/wordpress\/product\/colladiox-pro\/","og_site_name":"Lekarze Opole","article_modified_time":"2025-12-26T16:21:52+00:00","og_image":[{"width":400,"height":400,"url":"https:\/\/lekarzeopole.pl\/wordpress\/wp-content\/uploads\/2024\/02\/colladiox-pro.png","type":"image\/png"}],"twitter_card":"summary_large_image","twitter_misc":{"Szacowany czas czytania":"7 minut"},"schema":{"@context":"https:\/\/schema.org","@graph":[{"@type":"WebPage","@id":"https:\/\/lekarzeopole.pl\/wordpress\/product\/colladiox-pro\/","url":"https:\/\/lekarzeopole.pl\/wordpress\/product\/colladiox-pro\/","name":"Colladiox Pro - kup suplement, cena w aptece, sk\u0142ad, dzia\u0142anie","isPartOf":{"@id":"https:\/\/lekarzeopole.pl\/wordpress\/#website"},"primaryImageOfPage":{"@id":"https:\/\/lekarzeopole.pl\/wordpress\/product\/colladiox-pro\/#primaryimage"},"image":{"@id":"https:\/\/lekarzeopole.pl\/wordpress\/product\/colladiox-pro\/#primaryimage"},"thumbnailUrl":"https:\/\/lekarzeopole.pl\/wordpress\/wp-content\/uploads\/2024\/02\/colladiox-pro.png","datePublished":"2024-02-02T11:26:45+00:00","dateModified":"2025-12-26T16:21:52+00:00","breadcrumb":{"@id":"https:\/\/lekarzeopole.pl\/wordpress\/product\/colladiox-pro\/#breadcrumb"},"inLanguage":"pl-PL","potentialAction":[{"@type":"ReadAction","target":["https:\/\/lekarzeopole.pl\/wordpress\/product\/colladiox-pro\/"]}]},{"@type":"ImageObject","inLanguage":"pl-PL","@id":"https:\/\/lekarzeopole.pl\/wordpress\/product\/colladiox-pro\/#primaryimage","url":"https:\/\/lekarzeopole.pl\/wordpress\/wp-content\/uploads\/2024\/02\/colladiox-pro.png","contentUrl":"https:\/\/lekarzeopole.pl\/wordpress\/wp-content\/uploads\/2024\/02\/colladiox-pro.png","width":400,"height":400,"caption":"Colladiox Pro"},{"@type":"BreadcrumbList","@id":"https:\/\/lekarzeopole.pl\/wordpress\/product\/colladiox-pro\/#breadcrumb","itemListElement":[{"@type":"ListItem","position":1,"name":"\u0413\u043b\u0430\u0432\u043d\u0430\u044f \u0441\u0442\u0440\u0430\u043d\u0438\u0446\u0430","item":"https:\/\/lekarzeopole.pl\/wordpress\/"},{"@type":"ListItem","position":2,"name":"Zakup","item":"https:\/\/lekarzeopole.pl\/wordpress\/"},{"@type":"ListItem","position":3,"name":"Colladiox Pro"}]},{"@type":"WebSite","@id":"https:\/\/lekarzeopole.pl\/wordpress\/#website","url":"https:\/\/lekarzeopole.pl\/wordpress\/","name":"Lekarze Opole","description":"","potentialAction":[{"@type":"SearchAction","target":{"@type":"EntryPoint","urlTemplate":"https:\/\/lekarzeopole.pl\/wordpress\/?s={search_term_string}"},"query-input":{"@type":"PropertyValueSpecification","valueRequired":true,"valueName":"search_term_string"}}],"inLanguage":"pl-PL"}]}},"_links":{"self":[{"href":"https:\/\/lekarzeopole.pl\/wordpress\/wp-json\/wp\/v2\/product\/108","targetHints":{"allow":["GET"]}}],"collection":[{"href":"https:\/\/lekarzeopole.pl\/wordpress\/wp-json\/wp\/v2\/product"}],"about":[{"href":"https:\/\/lekarzeopole.pl\/wordpress\/wp-json\/wp\/v2\/types\/product"}],"replies":[{"embeddable":true,"href":"https:\/\/lekarzeopole.pl\/wordpress\/wp-json\/wp\/v2\/comments?post=108"}],"wp:featuredmedia":[{"embeddable":true,"href":"https:\/\/lekarzeopole.pl\/wordpress\/wp-json\/wp\/v2\/media\/109"}],"wp:attachment":[{"href":"https:\/\/lekarzeopole.pl\/wordpress\/wp-json\/wp\/v2\/media?parent=108"}],"wp:term":[{"taxonomy":"product_brand","embeddable":true,"href":"https:\/\/lekarzeopole.pl\/wordpress\/wp-json\/wp\/v2\/product_brand?post=108"},{"taxonomy":"product_cat","embeddable":true,"href":"https:\/\/lekarzeopole.pl\/wordpress\/wp-json\/wp\/v2\/product_cat?post=108"},{"taxonomy":"product_tag","embeddable":true,"href":"https:\/\/lekarzeopole.pl\/wordpress\/wp-json\/wp\/v2\/product_tag?post=108"}],"curies":[{"name":"wp","href":"https:\/\/api.w.org\/{rel}","templated":true}]}}