{"id":1078,"date":"2024-10-18T18:52:05","date_gmt":"2024-10-18T18:52:05","guid":{"rendered":"https:\/\/lekarzeopole.pl\/wordpress\/?post_type=product&#038;p=1078"},"modified":"2025-04-17T15:30:41","modified_gmt":"2025-04-17T15:30:41","slug":"b-alpha","status":"publish","type":"product","link":"https:\/\/lekarzeopole.pl\/wordpress\/product\/b-alpha\/","title":{"rendered":"B-Alpha"},"content":{"rendered":"<p>W dzisiejszych czasach coraz wi\u0119cej m\u0119\u017cczyzn boryka si\u0119 z problemami zwi\u0105zanymi z potencj\u0105 i og\u00f3ln\u0105 kondycj\u0105 fizyczn\u0105. Stres, niezdrowy tryb \u017cycia, niew\u0142a\u015bciwa dieta oraz brak ruchu mog\u0105 negatywnie wp\u0142ywa\u0107 na m\u0119skie zdrowie. W odpowiedzi na te problemy na rynku pojawi\u0142y si\u0119 liczne preparaty wspomagaj\u0105ce potencj\u0119, ale jednym z wiod\u0105cych produkt\u00f3w opartych na naturalnych sk\u0142adnikach jest <strong>B-Alpha<\/strong>. W niniejszym artykule przyjrzymy si\u0119 temu produktowi, jego sk\u0142adnikom oraz efektom dzia\u0142ania, jak r\u00f3wnie\u017c om\u00f3wimy wskazania do stosowania i ewentualne ryzyko skutk\u00f3w ubocznych.<\/p>\n<h2>Wskazania do stosowania B-Alpha<\/h2>\n<p><strong>B-Alpha<\/strong> to preparat dedykowany m\u0119\u017cczyznom, kt\u00f3rzy pragn\u0105 poprawi\u0107 swoje zdrowie seksualne, zwi\u0119kszy\u0107 wytrzyma\u0142o\u015b\u0107 fizyczn\u0105 i og\u00f3ln\u0105 energi\u0119 \u017cyciow\u0105. Jest szczeg\u00f3lnie polecany w przypadku:<\/p>\n<ul>\n<li>Zaburze\u0144 erekcji oraz innych problem\u00f3w z potencj\u0105.<\/li>\n<li>Spadku libido, czyli obni\u017conego pop\u0119du seksualnego.<\/li>\n<li>Zm\u0119czenia oraz niskiej energii, kt\u00f3re utrudniaj\u0105 codzienne funkcjonowanie.<\/li>\n<li>Pogorszenia kondycji fizycznej, kt\u00f3re mo\u017ce by\u0107 wynikiem stresu, braku ruchu czy niew\u0142a\u015bciwej diety.<\/li>\n<li>Potrzeby wsparcia og\u00f3lnego zdrowia, w tym r\u00f3wnowagi hormonalnej.<\/li>\n<\/ul>\n<p><strong>B-Alpha<\/strong> dzia\u0142a na wielu poziomach, wspomagaj\u0105c organizm od wewn\u0105trz. Dzia\u0142a na poziomie kom\u00f3rkowym, wspiera produkcj\u0119 hormon\u00f3w, kt\u00f3re s\u0105 kluczowe dla m\u0119skiego zdrowia, a tak\u017ce pomaga w regeneracji organizmu. Regularne stosowanie preparatu mo\u017ce przynie\u015b\u0107 trwa\u0142e efekty, poprawiaj\u0105c nie tylko zdrowie seksualne, ale tak\u017ce og\u00f3lne samopoczucie.<\/p>\n<p style=\"text-align: center;\"><a href=\"https:\/\/tl-track.com\/tracker\/uf5g\"><button>www.b-alpha.pl<\/button><\/a><\/p>\n<h2>Sk\u0142ad i dzia\u0142anie sk\u0142adnik\u00f3w B-Alpha<\/h2>\n<p>Jednym z kluczowych atut\u00f3w preparatu <strong>B-Alpha<\/strong> jest jego naturalny sk\u0142ad, kt\u00f3ry zawiera starannie dobrane sk\u0142adniki, wspieraj\u0105ce m\u0119skie zdrowie na wielu poziomach. Warto przyjrze\u0107 si\u0119 poszczeg\u00f3lnym sk\u0142adnikom i ich w\u0142a\u015bciwo\u015bciom:<\/p>\n<h3>Korze\u0144 maca<\/h3>\n<p><strong>Korze\u0144 maca<\/strong> to jeden z najstarszych i najcz\u0119\u015bciej stosowanych naturalnych \u015brodk\u00f3w poprawiaj\u0105cych potencj\u0119. Ro\u015blina ta pochodzi z rejon\u00f3w And\u00f3w i od wiek\u00f3w by\u0142a stosowana przez lokalne plemiona jako \u015brodek na popraw\u0119 p\u0142odno\u015bci i witalno\u015bci. Maca zawiera liczne aminokwasy, witaminy oraz minera\u0142y, kt\u00f3re maj\u0105 dzia\u0142anie tonizuj\u0105ce i wzmacniaj\u0105ce organizm. Dzia\u0142a ona na poziomie hormonalnym, pomagaj\u0105c w regulacji poziomu testosteronu \u2013 kluczowego hormonu odpowiadaj\u0105cego za libido oraz zdrowie seksualne.<\/p>\n<h3>Tribulus terrestris (Buzdyganek naziemny)<\/h3>\n<p><strong>Tribulus terrestris<\/strong>, czyli buzdyganek naziemny, to kolejny sk\u0142adnik o sprawdzonym dzia\u0142aniu na popraw\u0119 funkcji seksualnych. Jest to ro\u015blina, kt\u00f3ra od wiek\u00f3w by\u0142a wykorzystywana w medycynie tradycyjnej do leczenia problem\u00f3w z potencj\u0105. Wspiera produkcj\u0119 testosteronu, co wp\u0142ywa na zwi\u0119kszenie pop\u0119du seksualnego oraz popraw\u0119 jako\u015bci erekcji. Badania wykaza\u0142y, \u017ce Tribulus pomaga tak\u017ce zwi\u0119kszy\u0107 wytrzyma\u0142o\u015b\u0107 fizyczn\u0105, co czyni go idealnym sk\u0142adnikiem dla os\u00f3b aktywnych fizycznie.<\/p>\n<h3>L-lizyna<\/h3>\n<p><strong>L-lizyna<\/strong> to aminokwas niezb\u0119dny do wielu proces\u00f3w zachodz\u0105cych w organizmie, w tym produkcji bia\u0142ek. W preparacie <strong>B-Alpha<\/strong> wspiera regeneracj\u0119 kom\u00f3rek oraz procesy naprawcze, co mo\u017ce by\u0107 korzystne w kontek\u015bcie odbudowy mi\u0119\u015bni po intensywnym wysi\u0142ku fizycznym. Ponadto, L-lizyna wp\u0142ywa na popraw\u0119 r\u00f3wnowagi hormonalnej, co jest kluczowe dla zdrowia m\u0119\u017cczyzn.<\/p>\n<h3>Guarana<\/h3>\n<p><strong>Guarana<\/strong> to ro\u015blina znana g\u0142\u00f3wnie ze swojego pobudzaj\u0105cego dzia\u0142ania, dzi\u0119ki wysokiej zawarto\u015bci kofeiny. W preparacie <strong>B-Alpha<\/strong> wspomaga ona koncentracj\u0119, dodaje energii oraz zwi\u0119ksza wytrzyma\u0142o\u015b\u0107 organizmu. Dzi\u0119ki temu produkt mo\u017ce by\u0107 stosowany zar\u00f3wno w celu poprawy zdrowia seksualnego, jak i og\u00f3lnej kondycji fizycznej.<\/p>\n<h3>Selen<\/h3>\n<p><strong>Selen<\/strong> to pierwiastek \u015bladowy, kt\u00f3ry odgrywa kluczow\u0105 rol\u0119 w wielu procesach metabolicznych. W preparacie <strong>B-Alpha<\/strong> wspiera funkcje uk\u0142adu odporno\u015bciowego, chroni kom\u00f3rki przed stresem oksydacyjnym i wp\u0142ywa na prawid\u0142ow\u0105 produkcj\u0119 hormon\u00f3w p\u0142ciowych, w tym testosteronu. Regularna suplementacja selenem mo\u017ce poprawi\u0107 jako\u015b\u0107 nasienia i p\u0142odno\u015b\u0107.<\/p>\n<h3>Magnez (Stearynian magnezu)<\/h3>\n<p><strong>Magnez<\/strong> jest niezb\u0119dnym minera\u0142em, kt\u00f3ry wp\u0142ywa na wiele funkcji organizmu, w tym na zdrowie mi\u0119\u015bni i uk\u0142adu nerwowego. W preparacie <strong>B-Alpha<\/strong> pe\u0142ni rol\u0119 wspomagaj\u0105c\u0105, pomagaj\u0105c w przyswajaniu innych sk\u0142adnik\u00f3w oraz stabilizuj\u0105c formu\u0142\u0119 produktu.<\/p>\n<h3>Dodatkowe sk\u0142adniki: mikrokrystaliczna celuloza, barwniki (czerwony i \u017c\u00f3\u0142ty tlenek \u017celaza)<\/h3>\n<p>Te sk\u0142adniki pe\u0142ni\u0105 funkcje technologiczne, dbaj\u0105c o odpowiedni\u0105 konsystencj\u0119 oraz form\u0119 kapsu\u0142ek. Ich obecno\u015b\u0107 nie wp\u0142ywa na efekty zdrowotne, ale umo\u017cliwia \u0142atwiejsze przyswajanie substancji aktywnych przez organizm.<\/p>\n<h2>Efekty B-Alpha i ich charakterystyka<\/h2>\n<p>Regularne stosowanie preparatu <strong>B-Alpha<\/strong> przynosi liczne korzy\u015bci dla zdrowia m\u0119\u017cczyzn. Do najwa\u017cniejszych efekt\u00f3w mo\u017cna zaliczy\u0107:<\/p>\n<ol>\n<li><strong>Poprawa potencji i jako\u015bci erekcji<\/strong>: Dzi\u0119ki zawarto\u015bci naturalnych sk\u0142adnik\u00f3w, takich jak korze\u0144 maca i Tribulus terrestris, preparat wspiera zdrowie seksualne, wp\u0142ywaj\u0105c na popraw\u0119 libido oraz zdolno\u015b\u0107 do osi\u0105gania i utrzymywania erekcji.<\/li>\n<li><strong>Zwi\u0119kszenie poziomu energii i wytrzyma\u0142o\u015bci<\/strong>: Sk\u0142adniki takie jak guarana oraz L-lizyna wp\u0142ywaj\u0105 na popraw\u0119 wytrzyma\u0142o\u015bci organizmu, co jest korzystne zar\u00f3wno w kontek\u015bcie aktywno\u015bci fizycznej, jak i codziennego funkcjonowania.<\/li>\n<li><strong>Regulacja r\u00f3wnowagi hormonalnej<\/strong>: Naturalne sk\u0142adniki zawarte w B-Alpha wspieraj\u0105 produkcj\u0119 testosteronu, co jest kluczowe dla utrzymania zdrowego libido oraz og\u00f3lnego stanu zdrowia m\u0119\u017cczyzn.<\/li>\n<li><strong>Wzmacnianie uk\u0142adu odporno\u015bciowego<\/strong>: Obecno\u015b\u0107 selenu i magnezu w sk\u0142adzie produktu pomaga wzmocni\u0107 odporno\u015b\u0107 organizmu oraz chroni\u0107 kom\u00f3rki przed uszkodzeniami.<\/li>\n<\/ol>\n<h2>Ryzyko skutk\u00f3w ubocznych<\/h2>\n<p>Jednym z najwi\u0119kszych atut\u00f3w preparatu <strong>B-Alpha<\/strong> jest jego naturalny sk\u0142ad, kt\u00f3ry minimalizuje ryzyko wyst\u0105pienia skutk\u00f3w ubocznych. Dzia\u0142aj\u0105ce na organizm sk\u0142adniki ro\u015blinne i mineralne s\u0105 dobrze tolerowane przez wi\u0119kszo\u015b\u0107 os\u00f3b. Warto jednak pami\u0119ta\u0107, \u017ce ka\u017cdy organizm jest inny, a reakcje na suplementy diety mog\u0105 by\u0107 indywidualne.<\/p>\n<p>W przypadku os\u00f3b uczulonych na kt\u00f3rykolwiek ze sk\u0142adnik\u00f3w preparatu, mo\u017ce wyst\u0105pi\u0107 reakcja alergiczna. Dlatego zaleca si\u0119 uwa\u017cne przeczytanie sk\u0142adu przed rozpocz\u0119ciem suplementacji. W razie jakichkolwiek w\u0105tpliwo\u015bci warto skonsultowa\u0107 si\u0119 z lekarzem.<\/p>\n<p>Og\u00f3lnie jednak, <strong>B-Alpha<\/strong> jest produktem bezpiecznym, a jego stosowanie nie powinno powodowa\u0107 powa\u017cnych skutk\u00f3w ubocznych. Przy przestrzeganiu zalecanych dawek ryzyko dzia\u0142a\u0144 niepo\u017c\u0105danych jest minimalne.<\/p>\n<h2>Opinie klient\u00f3w o B-Alpha: fora po\u015bwi\u0119cone zdrowiu<\/h2>\n<p>W Polsce ro\u015bnie popularno\u015b\u0107 naturalnych suplement\u00f3w wspomagaj\u0105cych zdrowie m\u0119\u017cczyzn, a jednym z nich jest <strong>B-Alpha<\/strong>. Na forach po\u015bwi\u0119conych zdrowiu i suplementacji pojawia si\u0119 coraz wi\u0119cej dyskusji na temat tego preparatu, a u\u017cytkownicy ch\u0119tnie dziel\u0105 si\u0119 swoimi do\u015bwiadczeniami. Bior\u0105c pod uwag\u0119 jego skuteczno\u015b\u0107 i naturalny sk\u0142ad, wiele os\u00f3b wybiera B-Alpha jako wsparcie dla swojego zdrowia seksualnego i og\u00f3lnej kondycji. Opinie na temat tego suplementu s\u0105 w wi\u0119kszo\u015bci pozytywne, a u\u017cytkownicy zwracaj\u0105 uwag\u0119 na szybkie efekty, \u0142atwo\u015b\u0107 stosowania oraz atrakcyjn\u0105 cen\u0119.<\/p>\n<ul>\n<li><strong>Pawe\u0142, 37 lat:<\/strong><br \/>\n\u201ePrzez d\u0142ugi czas mia\u0142em problemy z erekcj\u0105 i spadkiem energii. Pr\u00f3bowa\u0142em r\u00f3\u017cnych metod, ale dopiero <strong>B-Alpha<\/strong> przyni\u00f3s\u0142 realne efekty. Ju\u017c po kilku tygodniach stosowania zauwa\u017cy\u0142em popraw\u0119 w sferze intymnej, a moja og\u00f3lna kondycja fizyczna znacznie si\u0119 poprawi\u0142a. Du\u017cy plus za to, \u017ce sk\u0142ad jest naturalny, wi\u0119c nie musia\u0142em martwi\u0107 si\u0119 o skutki uboczne.&#8221;<\/li>\n<li><strong>Kamil, 45 lat:<\/strong><br \/>\n\u201eSzuka\u0142em suplementu, kt\u00f3ry nie tylko poprawi moj\u0105 potencj\u0119, ale r\u00f3wnie\u017c doda mi energii na co dzie\u0144. Na forum znalaz\u0142em wiele pozytywnych opinii o <strong>B-Alpha<\/strong> i postanowi\u0142em spr\u00f3bowa\u0107. Efekty s\u0105 naprawd\u0119 zadowalaj\u0105ce! Czuj\u0119 si\u0119 m\u0142odziej i mam wi\u0119cej si\u0142y zar\u00f3wno w pracy, jak i podczas aktywno\u015bci fizycznej. Na pewno b\u0119d\u0119 kontynuowa\u0107 stosowanie.&#8221;<\/li>\n<\/ul>\n<h2>Spos\u00f3b podawania i dawkowanie<\/h2>\n<p>Aby osi\u0105gn\u0105\u0107 najlepsze efekty, wa\u017cne jest stosowanie <strong>B-Alpha<\/strong> zgodnie z zaleceniami producenta. Zalecana dawka to 1-2 kapsu\u0142ki dziennie, najlepiej podczas posi\u0142ku, co zapewnia lepsze przyswajanie sk\u0142adnik\u00f3w aktywnych. Regularne stosowanie preparatu jest kluczem do osi\u0105gni\u0119cia d\u0142ugotrwa\u0142ych rezultat\u00f3w. Warto pami\u0119ta\u0107, \u017ce nadmierne stosowanie suplementu nie przyspieszy efekt\u00f3w, dlatego zawsze nale\u017cy przestrzega\u0107 zalece\u0144 dotycz\u0105cych dawkowania.<\/p>\n<p>Suplement mo\u017cna stosowa\u0107 przez d\u0142u\u017cszy czas, ale warto robi\u0107 przerwy mi\u0119dzy cyklami, aby organizm m\u00f3g\u0142 si\u0119 zregenerowa\u0107. Producent zaleca co najmniej miesi\u0119czne stosowanie dla uzyskania pe\u0142nych korzy\u015bci.<\/p>\n<p style=\"text-align: center;\"><a href=\"https:\/\/tl-track.com\/tracker\/uf5g\"><button>Zakup na stronie producenta (-50%)<\/button><\/a><\/p>\n<h2>Kup teraz B-Alpha z dostaw\u0105<\/h2>\n<p>Kupno <strong>B-Alpha<\/strong> jest niezwykle proste i wygodne. Preparat mo\u017cna zam\u00f3wi\u0107 online bez potrzeby opuszczania domu, a co najwa\u017cniejsze \u2014 nie ma konieczno\u015bci p\u0142acenia z g\u00f3ry. Oznacza to, \u017ce za produkt zap\u0142acisz dopiero w momencie odbioru, co minimalizuje ryzyko zakupu podr\u00f3bki lub problem\u00f3w z dostaw\u0105. Dzi\u0119ki temu masz pewno\u015b\u0107, \u017ce otrzymujesz oryginalny produkt prosto od producenta.<\/p>\n<p>Czas dostawy wynosi zazwyczaj od 3 do 4 dni roboczych na terenie Polski. Po z\u0142o\u017ceniu zam\u00f3wienia, klient otrzymuje telefon od specjalisty, kt\u00f3ry potwierdza zam\u00f3wienie oraz mo\u017ce doradzi\u0107 w kwestii ilo\u015bci kapsu\u0142ek, a tak\u017ce poinformowa\u0107 o aktualnych promocjach i rabatach. Dzi\u0119ki temu proces zakupu jest szybki, bezpieczny i ca\u0142kowicie bezproblemowy.<\/p>\n<h2>Por\u00f3wnanie ofert: ceny i dost\u0119pno\u015b\u0107 B-Alpha<\/h2>\n<p>Producent <strong>B-Alpha<\/strong> stawia na bezpo\u015bredni kontakt z klientem i eliminuje po\u015brednik\u00f3w, co wp\u0142ywa na przyst\u0119pno\u015b\u0107 cenow\u0105 suplementu. Suplement mo\u017cna zakupi\u0107 wy\u0142\u0105cznie na oficjalnej stronie producenta, co jest gwarancj\u0105 oryginalno\u015bci produktu i atrakcyjnej ceny bez dodatkowych mar\u017c. Nie znajdziemy go w aptekach stacjonarnych, co r\u00f3wnie\u017c pozwala unikn\u0105\u0107 koszt\u00f3w zwi\u0105zanych z po\u015brednictwem.<\/p>\n<p>Regularnie na stronie producenta pojawiaj\u0105 si\u0119 promocje, kt\u00f3re pozwalaj\u0105 zaoszcz\u0119dzi\u0107 na zakupie, dlatego warto monitorowa\u0107 dost\u0119pno\u015b\u0107 ofert specjalnych. Klienci cz\u0119sto mog\u0105 skorzysta\u0107 z rabat\u00f3w przy wi\u0119kszych zam\u00f3wieniach, co czyni <strong>B-Alpha<\/strong> jeszcze bardziej przyst\u0119pnym rozwi\u0105zaniem.<\/p>\n<p>Wszystko to sprawia, \u017ce <strong>B-Alpha<\/strong> jest nie tylko skutecznym, ale tak\u017ce \u0142atwo dost\u0119pnym suplementem, kt\u00f3ry mo\u017cna bezpiecznie i wygodnie zam\u00f3wi\u0107 przez internet, korzystaj\u0105c z bezpo\u015bredniej oferty producenta.<\/p>\n","protected":false},"excerpt":{"rendered":"<p style=\"text-align: center;\"><a href=\"https:\/\/tl-track.com\/tracker\/uf5g\"><button>Kup teraz<\/button><\/a><\/p>\n<p>SKU:\u00a0<span class=\"sku\">789.986.211<\/span><\/p>\n<hr \/>\n<p><small>Produkt sprzedawany jest wy\u0142\u0105cznie za po\u015brednictwem oficjalnej strony producenta, id\u017a i kupuj bezpiecznie!<\/small><\/p>\n","protected":false},"featured_media":1079,"comment_status":"open","ping_status":"closed","template":"","meta":[],"product_brand":[],"product_cat":[15],"product_tag":[],"class_list":{"0":"post-1078","1":"product","2":"type-product","3":"status-publish","4":"has-post-thumbnail","6":"product_cat-supl","7":"thunk-woo-product-list","8":"opn-qv-enable","9":"top-store-woo-hover-","10":"top-store-single-product-tab-horizontal","11":"top-store-shadow-","12":"top-store-shadow-hover-","14":"first","15":"instock","16":"sale","17":"shipping-taxable","18":"purchasable","19":"product-type-simple"},"yoast_head":"<!-- This site is optimized with the Yoast SEO plugin v27.4 - https:\/\/yoast.com\/product\/yoast-seo-wordpress\/ -->\n<title>B-Alpha - kup suplement, cena w aptece, sk\u0142ad, dzia\u0142anie<\/title>\n<meta name=\"robots\" content=\"index, follow, max-snippet:-1, max-image-preview:large, max-video-preview:-1\" \/>\n<link rel=\"canonical\" href=\"https:\/\/lekarzeopole.pl\/wordpress\/product\/b-alpha\/\" \/>\n<meta property=\"og:locale\" content=\"pl_PL\" \/>\n<meta property=\"og:type\" content=\"article\" \/>\n<meta property=\"og:title\" content=\"B-Alpha - kup suplement, cena w aptece, sk\u0142ad, dzia\u0142anie\" \/>\n<meta property=\"og:description\" content=\"Kup teraz SKU:\u00a0789.986.211    Produkt sprzedawany jest wy\u0142\u0105cznie za po\u015brednictwem oficjalnej strony producenta, id\u017a i kupuj bezpiecznie!\" \/>\n<meta property=\"og:url\" content=\"https:\/\/lekarzeopole.pl\/wordpress\/product\/b-alpha\/\" \/>\n<meta property=\"og:site_name\" content=\"Lekarze Opole\" \/>\n<meta property=\"article:modified_time\" content=\"2025-04-17T15:30:41+00:00\" \/>\n<meta property=\"og:image\" content=\"https:\/\/lekarzeopole.pl\/wordpress\/wp-content\/uploads\/2024\/10\/b-alpha.png\" \/>\n\t<meta property=\"og:image:width\" content=\"500\" \/>\n\t<meta property=\"og:image:height\" content=\"500\" \/>\n\t<meta property=\"og:image:type\" content=\"image\/png\" \/>\n<meta name=\"twitter:card\" content=\"summary_large_image\" \/>\n<meta name=\"twitter:label1\" content=\"Szacowany czas czytania\" \/>\n\t<meta name=\"twitter:data1\" content=\"9 minut\" \/>\n<script type=\"application\/ld+json\" class=\"yoast-schema-graph\">{\"@context\":\"https:\\\/\\\/schema.org\",\"@graph\":[{\"@type\":\"WebPage\",\"@id\":\"https:\\\/\\\/lekarzeopole.pl\\\/wordpress\\\/product\\\/b-alpha\\\/\",\"url\":\"https:\\\/\\\/lekarzeopole.pl\\\/wordpress\\\/product\\\/b-alpha\\\/\",\"name\":\"B-Alpha - kup suplement, cena w aptece, sk\u0142ad, dzia\u0142anie\",\"isPartOf\":{\"@id\":\"https:\\\/\\\/lekarzeopole.pl\\\/wordpress\\\/#website\"},\"primaryImageOfPage\":{\"@id\":\"https:\\\/\\\/lekarzeopole.pl\\\/wordpress\\\/product\\\/b-alpha\\\/#primaryimage\"},\"image\":{\"@id\":\"https:\\\/\\\/lekarzeopole.pl\\\/wordpress\\\/product\\\/b-alpha\\\/#primaryimage\"},\"thumbnailUrl\":\"https:\\\/\\\/lekarzeopole.pl\\\/wordpress\\\/wp-content\\\/uploads\\\/2024\\\/10\\\/b-alpha.png\",\"datePublished\":\"2024-10-18T18:52:05+00:00\",\"dateModified\":\"2025-04-17T15:30:41+00:00\",\"breadcrumb\":{\"@id\":\"https:\\\/\\\/lekarzeopole.pl\\\/wordpress\\\/product\\\/b-alpha\\\/#breadcrumb\"},\"inLanguage\":\"pl-PL\",\"potentialAction\":[{\"@type\":\"ReadAction\",\"target\":[\"https:\\\/\\\/lekarzeopole.pl\\\/wordpress\\\/product\\\/b-alpha\\\/\"]}]},{\"@type\":\"ImageObject\",\"inLanguage\":\"pl-PL\",\"@id\":\"https:\\\/\\\/lekarzeopole.pl\\\/wordpress\\\/product\\\/b-alpha\\\/#primaryimage\",\"url\":\"https:\\\/\\\/lekarzeopole.pl\\\/wordpress\\\/wp-content\\\/uploads\\\/2024\\\/10\\\/b-alpha.png\",\"contentUrl\":\"https:\\\/\\\/lekarzeopole.pl\\\/wordpress\\\/wp-content\\\/uploads\\\/2024\\\/10\\\/b-alpha.png\",\"width\":500,\"height\":500,\"caption\":\"B-Alpha\"},{\"@type\":\"BreadcrumbList\",\"@id\":\"https:\\\/\\\/lekarzeopole.pl\\\/wordpress\\\/product\\\/b-alpha\\\/#breadcrumb\",\"itemListElement\":[{\"@type\":\"ListItem\",\"position\":1,\"name\":\"\u0413\u043b\u0430\u0432\u043d\u0430\u044f \u0441\u0442\u0440\u0430\u043d\u0438\u0446\u0430\",\"item\":\"https:\\\/\\\/lekarzeopole.pl\\\/wordpress\\\/\"},{\"@type\":\"ListItem\",\"position\":2,\"name\":\"Zakup\",\"item\":\"https:\\\/\\\/lekarzeopole.pl\\\/wordpress\\\/\"},{\"@type\":\"ListItem\",\"position\":3,\"name\":\"B-Alpha\"}]},{\"@type\":\"WebSite\",\"@id\":\"https:\\\/\\\/lekarzeopole.pl\\\/wordpress\\\/#website\",\"url\":\"https:\\\/\\\/lekarzeopole.pl\\\/wordpress\\\/\",\"name\":\"Lekarze Opole\",\"description\":\"\",\"potentialAction\":[{\"@type\":\"SearchAction\",\"target\":{\"@type\":\"EntryPoint\",\"urlTemplate\":\"https:\\\/\\\/lekarzeopole.pl\\\/wordpress\\\/?s={search_term_string}\"},\"query-input\":{\"@type\":\"PropertyValueSpecification\",\"valueRequired\":true,\"valueName\":\"search_term_string\"}}],\"inLanguage\":\"pl-PL\"}]}<\/script>\n<!-- \/ Yoast SEO plugin. -->","yoast_head_json":{"title":"B-Alpha - kup suplement, cena w aptece, sk\u0142ad, dzia\u0142anie","robots":{"index":"index","follow":"follow","max-snippet":"max-snippet:-1","max-image-preview":"max-image-preview:large","max-video-preview":"max-video-preview:-1"},"canonical":"https:\/\/lekarzeopole.pl\/wordpress\/product\/b-alpha\/","og_locale":"pl_PL","og_type":"article","og_title":"B-Alpha - kup suplement, cena w aptece, sk\u0142ad, dzia\u0142anie","og_description":"Kup teraz SKU:\u00a0789.986.211    Produkt sprzedawany jest wy\u0142\u0105cznie za po\u015brednictwem oficjalnej strony producenta, id\u017a i kupuj bezpiecznie!","og_url":"https:\/\/lekarzeopole.pl\/wordpress\/product\/b-alpha\/","og_site_name":"Lekarze Opole","article_modified_time":"2025-04-17T15:30:41+00:00","og_image":[{"width":500,"height":500,"url":"https:\/\/lekarzeopole.pl\/wordpress\/wp-content\/uploads\/2024\/10\/b-alpha.png","type":"image\/png"}],"twitter_card":"summary_large_image","twitter_misc":{"Szacowany czas czytania":"9 minut"},"schema":{"@context":"https:\/\/schema.org","@graph":[{"@type":"WebPage","@id":"https:\/\/lekarzeopole.pl\/wordpress\/product\/b-alpha\/","url":"https:\/\/lekarzeopole.pl\/wordpress\/product\/b-alpha\/","name":"B-Alpha - kup suplement, cena w aptece, sk\u0142ad, dzia\u0142anie","isPartOf":{"@id":"https:\/\/lekarzeopole.pl\/wordpress\/#website"},"primaryImageOfPage":{"@id":"https:\/\/lekarzeopole.pl\/wordpress\/product\/b-alpha\/#primaryimage"},"image":{"@id":"https:\/\/lekarzeopole.pl\/wordpress\/product\/b-alpha\/#primaryimage"},"thumbnailUrl":"https:\/\/lekarzeopole.pl\/wordpress\/wp-content\/uploads\/2024\/10\/b-alpha.png","datePublished":"2024-10-18T18:52:05+00:00","dateModified":"2025-04-17T15:30:41+00:00","breadcrumb":{"@id":"https:\/\/lekarzeopole.pl\/wordpress\/product\/b-alpha\/#breadcrumb"},"inLanguage":"pl-PL","potentialAction":[{"@type":"ReadAction","target":["https:\/\/lekarzeopole.pl\/wordpress\/product\/b-alpha\/"]}]},{"@type":"ImageObject","inLanguage":"pl-PL","@id":"https:\/\/lekarzeopole.pl\/wordpress\/product\/b-alpha\/#primaryimage","url":"https:\/\/lekarzeopole.pl\/wordpress\/wp-content\/uploads\/2024\/10\/b-alpha.png","contentUrl":"https:\/\/lekarzeopole.pl\/wordpress\/wp-content\/uploads\/2024\/10\/b-alpha.png","width":500,"height":500,"caption":"B-Alpha"},{"@type":"BreadcrumbList","@id":"https:\/\/lekarzeopole.pl\/wordpress\/product\/b-alpha\/#breadcrumb","itemListElement":[{"@type":"ListItem","position":1,"name":"\u0413\u043b\u0430\u0432\u043d\u0430\u044f \u0441\u0442\u0440\u0430\u043d\u0438\u0446\u0430","item":"https:\/\/lekarzeopole.pl\/wordpress\/"},{"@type":"ListItem","position":2,"name":"Zakup","item":"https:\/\/lekarzeopole.pl\/wordpress\/"},{"@type":"ListItem","position":3,"name":"B-Alpha"}]},{"@type":"WebSite","@id":"https:\/\/lekarzeopole.pl\/wordpress\/#website","url":"https:\/\/lekarzeopole.pl\/wordpress\/","name":"Lekarze Opole","description":"","potentialAction":[{"@type":"SearchAction","target":{"@type":"EntryPoint","urlTemplate":"https:\/\/lekarzeopole.pl\/wordpress\/?s={search_term_string}"},"query-input":{"@type":"PropertyValueSpecification","valueRequired":true,"valueName":"search_term_string"}}],"inLanguage":"pl-PL"}]}},"_links":{"self":[{"href":"https:\/\/lekarzeopole.pl\/wordpress\/wp-json\/wp\/v2\/product\/1078","targetHints":{"allow":["GET"]}}],"collection":[{"href":"https:\/\/lekarzeopole.pl\/wordpress\/wp-json\/wp\/v2\/product"}],"about":[{"href":"https:\/\/lekarzeopole.pl\/wordpress\/wp-json\/wp\/v2\/types\/product"}],"replies":[{"embeddable":true,"href":"https:\/\/lekarzeopole.pl\/wordpress\/wp-json\/wp\/v2\/comments?post=1078"}],"wp:featuredmedia":[{"embeddable":true,"href":"https:\/\/lekarzeopole.pl\/wordpress\/wp-json\/wp\/v2\/media\/1079"}],"wp:attachment":[{"href":"https:\/\/lekarzeopole.pl\/wordpress\/wp-json\/wp\/v2\/media?parent=1078"}],"wp:term":[{"taxonomy":"product_brand","embeddable":true,"href":"https:\/\/lekarzeopole.pl\/wordpress\/wp-json\/wp\/v2\/product_brand?post=1078"},{"taxonomy":"product_cat","embeddable":true,"href":"https:\/\/lekarzeopole.pl\/wordpress\/wp-json\/wp\/v2\/product_cat?post=1078"},{"taxonomy":"product_tag","embeddable":true,"href":"https:\/\/lekarzeopole.pl\/wordpress\/wp-json\/wp\/v2\/product_tag?post=1078"}],"curies":[{"name":"wp","href":"https:\/\/api.w.org\/{rel}","templated":true}]}}