{"id":1074,"date":"2024-09-23T15:50:28","date_gmt":"2024-09-23T15:50:28","guid":{"rendered":"https:\/\/lekarzeopole.pl\/wordpress\/?post_type=product&#038;p=1074"},"modified":"2026-01-05T14:09:37","modified_gmt":"2026-01-05T14:09:37","slug":"remofix","status":"publish","type":"product","link":"https:\/\/lekarzeopole.pl\/wordpress\/product\/remofix\/","title":{"rendered":"Remofix"},"content":{"rendered":"<article class=\"w-full text-token-text-primary focus-visible:outline-2 focus-visible:outline-offset-[-4px]\" dir=\"auto\" data-testid=\"conversation-turn-3\" data-scroll-anchor=\"false\">\n<div class=\"text-base py-[18px] px-3 md:px-4 m-auto w-full md:px-5 lg:px-4 xl:px-5\">\n<div class=\"mx-auto flex flex-1 gap-4 text-base md:gap-5 lg:gap-6 md:max-w-3xl lg:max-w-[40rem] xl:max-w-[48rem]\">\n<div class=\"group\/conversation-turn relative flex w-full min-w-0 flex-col agent-turn\">\n<div class=\"flex-col gap-1 md:gap-3\">\n<div class=\"flex max-w-full flex-col flex-grow\">\n<div class=\"min-h-[20px] text-message flex w-full flex-col items-end gap-2 whitespace-normal break-words [.text-message+&amp;]:mt-5\" dir=\"auto\" data-message-author-role=\"assistant\" data-message-id=\"3cc28bbd-b607-4999-a944-b47ab24b4e57\">\n<div class=\"flex w-full flex-col gap-1 empty:hidden first:pt-[3px]\">\n<div class=\"markdown prose w-full break-words dark:prose-invert light\">\n<p>W dzisiejszych czasach, kiedy wiele os\u00f3b cierpi na problemy zwi\u0105zane z b\u00f3lem staw\u00f3w, siniakami, reumatyzmem oraz osteochondroz\u0105, poszukiwanie skutecznych, a zarazem naturalnych rozwi\u0105za\u0144 staje si\u0119 priorytetem. Jednym z takich preparat\u00f3w jest <strong>Remofix<\/strong> \u2013 g\u00e9l do staw\u00f3w, kt\u00f3ry \u0142\u0105czy w sobie moc naturalnych sk\u0142adnik\u00f3w, oferuj\u0105c ulg\u0119 w b\u00f3lu oraz wspieraj\u0105c zdrowie tkanki chrz\u0119stkowej i staw\u00f3w. Dzi\u0119ki swojemu wyj\u0105tkowemu sk\u0142adowi Remofix dzia\u0142a nie tylko przeciwb\u00f3lowo, ale r\u00f3wnie\u017c regeneruj\u0105co, zapobiegaj\u0105c odk\u0142adaniu si\u0119 soli w stawach. W niniejszym artykule przedstawimy szczeg\u00f3\u0142owe informacje na temat tego produktu, jego wskaza\u0144 do stosowania, sk\u0142adu oraz skuteczno\u015bci.<\/p>\n<h2>Wskazania do stosowania Remofix<\/h2>\n<p>Remofix to preparat stworzony z my\u015bl\u0105 o osobach borykaj\u0105cych si\u0119 z r\u00f3\u017cnorodnymi problemami staw\u00f3w oraz uk\u0142adu mi\u0119\u015bniowo-szkieletowego. Jest szczeg\u00f3lnie polecany w nast\u0119puj\u0105cych przypadkach:<\/p>\n<ul>\n<li><strong>B\u00f3le staw\u00f3w<\/strong> \u2013 zar\u00f3wno zwi\u0105zane z wiekiem, jak i wynikaj\u0105ce z przeci\u0105\u017ce\u0144 fizycznych, kt\u00f3re cz\u0119sto dotykaj\u0105 osoby aktywne fizycznie.<\/li>\n<li><strong>Siniaki i st\u0142uczenia<\/strong> \u2013 Remofix skutecznie \u0142agodzi objawy st\u0142ucze\u0144, redukuj\u0105c b\u00f3l oraz obrz\u0119k.<\/li>\n<li><strong>Reumatyzm<\/strong> \u2013 dzia\u0142anie przeciwzapalne oraz regeneruj\u0105ce sprawia, \u017ce Remofix jest polecany osobom cierpi\u0105cym na reumatyzm, \u0142agodz\u0105c jego objawy.<\/li>\n<li><strong>Osteochondroza<\/strong> \u2013 regularne stosowanie Remofix wspomaga procesy regeneracyjne chrz\u0105stek i staw\u00f3w, co jest szczeg\u00f3lnie istotne w przypadku osteochondrozy.<\/li>\n<li><strong>Zapobieganie odk\u0142adaniu si\u0119 soli w stawach<\/strong> \u2013 Remofix pomaga w profilaktyce tego problemu, co jest kluczowe dla utrzymania zdrowych staw\u00f3w.<\/li>\n<li><strong>Przywracanie zdrowia tkanki chrz\u0119stkowej<\/strong> \u2013 dzi\u0119ki naturalnym sk\u0142adnikom, Remofix wspiera odbudow\u0119 tkanki chrz\u0119stkowej, poprawiaj\u0105c funkcjonowanie staw\u00f3w.<\/li>\n<\/ul>\n<h2>Sk\u0142ad i dzia\u0142anie sk\u0142adnik\u00f3w Remofix<\/h2>\n<p>To, co wyr\u00f3\u017cnia Remofix na tle innych preparat\u00f3w, to jego naturalny sk\u0142ad, kt\u00f3ry zosta\u0142 starannie dobrany w celu zapewnienia maksymalnej skuteczno\u015bci przy minimalnych ryzykach skutk\u00f3w ubocznych. Ka\u017cdy sk\u0142adnik pe\u0142ni okre\u015blon\u0105 rol\u0119, wspieraj\u0105c zdrowie staw\u00f3w i tkanki chrz\u0119stkowej.<\/p>\n<ul>\n<li><strong>Ekstrakt z arniki g\u00f3rskiej<\/strong> \u2013 arnika jest znana ze swoich w\u0142a\u015bciwo\u015bci przeciwzapalnych oraz przeciwb\u00f3lowych. Sk\u0142adnik ten jest niezwykle skuteczny w leczeniu st\u0142ucze\u0144 oraz obrz\u0119k\u00f3w, przyspieszaj\u0105c procesy gojenia.<\/li>\n<li><strong>Chondroityna<\/strong> \u2013 to substancja, kt\u00f3ra jest naturalnym sk\u0142adnikiem chrz\u0105stki. Dzi\u0119ki niej Remofix wspomaga regeneracj\u0119 uszkodzonej tkanki chrz\u0119stkowej oraz zapobiega jej dalszemu degenerowaniu. Chondroityna dzia\u0142a r\u00f3wnie\u017c jako naturalny lubrykant dla staw\u00f3w, co znacz\u0105co poprawia ich ruchomo\u015b\u0107.<\/li>\n<li><strong>Glukozamina<\/strong> \u2013 kolejny kluczowy sk\u0142adnik preparatu, kt\u00f3ry dzia\u0142a odbudowuj\u0105co na tkank\u0119 chrz\u0119stkow\u0105. Glukozamina jest niezb\u0119dna dla syntezy kolagenu, co sprawia, \u017ce stawy staj\u0105 si\u0119 bardziej elastyczne i odporne na uszkodzenia.<\/li>\n<li><strong>Olejek z eukaliptusa<\/strong> \u2013 olejek ten dzia\u0142a silnie przeciwzapalnie i przeciwb\u00f3lowo, co jest niezwykle istotne w przypadku stan\u00f3w zapalnych staw\u00f3w. Eukaliptus dodatkowo poprawia kr\u0105\u017cenie krwi, co sprzyja szybszemu wch\u0142anianiu si\u0119 innych sk\u0142adnik\u00f3w preparatu.<\/li>\n<li><strong>Wyci\u0105g z imbiru<\/strong> \u2013 imbir to jeden z najstarszych naturalnych \u015brodk\u00f3w przeciwzapalnych. Jego regularne stosowanie pomaga w redukcji b\u00f3lu oraz obrz\u0119k\u00f3w, a tak\u017ce dzia\u0142a detoksykuj\u0105co, wspomagaj\u0105c procesy regeneracyjne w organizmie.<\/li>\n<\/ul>\n<p>Ka\u017cdy z tych sk\u0142adnik\u00f3w dzia\u0142a synergicznie, zapewniaj\u0105c kompleksowe wsparcie dla staw\u00f3w oraz tkanki chrz\u0119stkowej. Dzi\u0119ki temu Remofix jest skuteczny zar\u00f3wno w przypadku problem\u00f3w ostrych, jak i przewlek\u0142ych.<\/p>\n<h2>Efekty Remofix i ich charakterystyka<\/h2>\n<p>Dzia\u0142anie Remofix opiera si\u0119 na kompleksowym podej\u015bciu do problem\u00f3w staw\u00f3w oraz uk\u0142adu mi\u0119\u015bniowo-szkieletowego. Regularne stosowanie preparatu przynosi liczne korzy\u015bci:<\/p>\n<ul>\n<li><strong>\u0141agodzenie b\u00f3lu<\/strong> \u2013 jednym z g\u0142\u00f3wnych efekt\u00f3w stosowania Remofix jest szybkie i skuteczne \u0142agodzenie b\u00f3lu. Dzi\u0119ki w\u0142a\u015bciwo\u015bciom przeciwzapalnym oraz przeciwb\u00f3lowym, preparat dzia\u0142a natychmiastowo, przynosz\u0105c ulg\u0119 ju\u017c po pierwszych zastosowaniach.<\/li>\n<li><strong>Redukcja stan\u00f3w zapalnych<\/strong> \u2013 stany zapalne to cz\u0119sta przyczyna b\u00f3lu staw\u00f3w. Remofix, dzi\u0119ki zawarto\u015bci sk\u0142adnik\u00f3w takich jak eukaliptus czy imbir, skutecznie zwalcza zapalenia, przyspieszaj\u0105c procesy regeneracyjne.<\/li>\n<li><strong>Regeneracja tkanki chrz\u0119stkowej<\/strong> \u2013 Remofix stymuluje odbudow\u0119 uszkodzonej tkanki chrz\u0119stkowej, co jest niezwykle istotne w przypadku takich schorze\u0144 jak osteochondroza. Regularne stosowanie preparatu poprawia elastyczno\u015b\u0107 i ruchomo\u015b\u0107 staw\u00f3w.<\/li>\n<li><strong>Poprawa ruchomo\u015bci staw\u00f3w<\/strong> \u2013 dzi\u0119ki zawarto\u015bci chondroityny i glukozaminy, Remofix nie tylko \u0142agodzi objawy, ale r\u00f3wnie\u017c dzia\u0142a na przyczyn\u0119 problemu, wspomagaj\u0105c regeneracj\u0119 staw\u00f3w oraz poprawiaj\u0105c ich ruchomo\u015b\u0107.<\/li>\n<li><strong>Zapobieganie odk\u0142adaniu si\u0119 soli<\/strong> \u2013 Remofix pomaga w zapobieganiu odk\u0142adania si\u0119 soli w stawach, co jest kluczowe dla profilaktyki wielu schorze\u0144, takich jak dna moczanowa.<\/li>\n<\/ul>\n<p style=\"text-align: center;\"><a href=\"https:\/\/kshop34.site\/7DhVeO\/\"><button>www.remofix.pl<\/button><\/a><\/p>\n<h2>Ryzyko skutk\u00f3w ubocznych<\/h2>\n<p>Jednym z g\u0142\u00f3wnych atut\u00f3w Remofix jest jego naturalny sk\u0142ad, kt\u00f3ry minimalizuje ryzyko wyst\u0105pienia skutk\u00f3w ubocznych. W przeciwie\u0144stwie do wielu syntetycznych preparat\u00f3w, Remofix opiera si\u0119 na naturalnych sk\u0142adnikach, co sprawia, \u017ce jest bezpieczny w stosowaniu, nawet przy d\u0142u\u017cszym u\u017cytkowaniu.<\/p>\n<p>Oczywi\u015bcie, jak w przypadku ka\u017cdego preparatu, istnieje niewielka mo\u017cliwo\u015b\u0107 wyst\u0105pienia reakcji alergicznych u os\u00f3b uczulonych na kt\u00f3ry\u015b ze sk\u0142adnik\u00f3w, jednak s\u0105 to przypadki niezwykle rzadkie. Wi\u0119kszo\u015b\u0107 u\u017cytkownik\u00f3w mo\u017ce stosowa\u0107 Remofix bez obaw o niepo\u017c\u0105dane efekty, co czyni go idealnym rozwi\u0105zaniem dla os\u00f3b poszukuj\u0105cych naturalnej alternatywy dla leczenia b\u00f3lu i stan\u00f3w zapalnych staw\u00f3w.<\/p>\n<\/div>\n<\/div>\n<\/div>\n<\/div>\n<\/div>\n<\/div>\n<\/div>\n<\/div>\n<\/article>\n<article class=\"w-full text-token-text-primary focus-visible:outline-2 focus-visible:outline-offset-[-4px]\" dir=\"auto\" data-testid=\"conversation-turn-5\" data-scroll-anchor=\"true\">\n<div class=\"text-base py-[18px] px-3 md:px-4 m-auto w-full md:px-5 lg:px-4 xl:px-5\">\n<div class=\"mx-auto flex flex-1 gap-4 text-base md:gap-5 lg:gap-6 md:max-w-3xl lg:max-w-[40rem] xl:max-w-[48rem]\">\n<div class=\"group\/conversation-turn relative flex w-full min-w-0 flex-col agent-turn\">\n<div class=\"flex-col gap-1 md:gap-3\">\n<div class=\"flex max-w-full flex-col flex-grow\">\n<div class=\"min-h-[20px] text-message flex w-full flex-col items-end gap-2 whitespace-normal break-words [.text-message+&amp;]:mt-5\" dir=\"auto\" data-message-author-role=\"assistant\" data-message-id=\"397d3701-3fdb-4b8f-922e-28ac2b67e555\">\n<div class=\"flex w-full flex-col gap-1 empty:hidden first:pt-[3px]\">\n<div class=\"markdown prose w-full break-words dark:prose-invert light\">\n<h2>Opinie klient\u00f3w o Remofix: fora po\u015bwi\u0119cone zdrowiu<\/h2>\n<p>W Polsce fora internetowe po\u015bwi\u0119cone zdrowiu ciesz\u0105 si\u0119 du\u017c\u0105 popularno\u015bci\u0105, zw\u0142aszcza w\u015br\u00f3d os\u00f3b poszukuj\u0105cych naturalnych rozwi\u0105za\u0144 na problemy ze stawami. Remofix, dzi\u0119ki swojemu skutecznemu dzia\u0142aniu i naturalnym sk\u0142adnikom, zyskuje coraz wi\u0119ksze uznanie w\u015br\u00f3d u\u017cytkownik\u00f3w. Wielu z nich dzieli si\u0119 swoimi do\u015bwiadczeniami na forach i portalach zdrowotnych, podkre\u015blaj\u0105c pozytywne efekty, jakie przynosi regularne stosowanie tego preparatu. Du\u017ca cz\u0119\u015b\u0107 opinii skupia si\u0119 na szybko\u015bci dzia\u0142ania Remofix, jego przyst\u0119pnej cenie oraz wygodzie zamawiania online. Poni\u017cej prezentujemy dwa pozytywne opinie u\u017cytkownik\u00f3w, kt\u00f3rzy dziel\u0105 si\u0119 swoimi do\u015bwiadczeniami z korzystania z Remofix.<\/p>\n<ul>\n<li><strong>Katarzyna, 48 lat:<\/strong><br \/>\n&#8222;Zmagam si\u0119 z reumatyzmem od kilku lat i wypr\u00f3bowa\u0142am wiele r\u00f3\u017cnych ma\u015bci i krem\u00f3w, ale \u017caden z nich nie przyni\u00f3s\u0142 mi takiej ulgi jak Remofix. Ju\u017c po kilku dniach stosowania zauwa\u017cy\u0142am znaczn\u0105 popraw\u0119. B\u00f3l ust\u0105pi\u0142, a ruchomo\u015b\u0107 staw\u00f3w si\u0119 poprawi\u0142a. Co wa\u017cne, Remofix ma bardzo przyst\u0119pn\u0105 cen\u0119, a zam\u00f3wienie przez internet to \u015bwietne rozwi\u0105zanie. Polecam ka\u017cdemu, kto boryka si\u0119 z problemami staw\u00f3w.&#8221;<\/li>\n<li><strong>Tomasz, 55 lat:<\/strong><br \/>\n&#8222;Odk\u0105d zacz\u0105\u0142em u\u017cywa\u0107 Remofix, m\u00f3j b\u00f3l staw\u00f3w znacz\u0105co si\u0119 zmniejszy\u0142. Wcze\u015bniej mia\u0142em problemy z porann\u0105 sztywno\u015bci\u0105 staw\u00f3w, ale teraz mog\u0119 swobodnie porusza\u0107 si\u0119 bez b\u00f3lu. Ciesz\u0119 si\u0119, \u017ce zdecydowa\u0142em si\u0119 na zakup tego preparatu. W dodatku zam\u00f3wienie online by\u0142o bardzo proste, a dostawa szybka i bezproblemowa. Na pewno b\u0119d\u0119 kontynuowa\u0107 stosowanie.&#8221;<\/li>\n<\/ul>\n<h2>Spos\u00f3b podawania i dawkowanie<\/h2>\n<p>Remofix to preparat przeznaczony do u\u017cytku zewn\u0119trznego, kt\u00f3ry powinien by\u0107 stosowany bezpo\u015brednio na bol\u0105ce miejsca. Aby uzyska\u0107 najlepsze rezultaty, zaleca si\u0119 stosowanie niewielkiej ilo\u015bci \u017celu na czyst\u0105 i such\u0105 sk\u00f3r\u0119 w okolicach staw\u00f3w lub miejsc, gdzie odczuwany jest b\u00f3l. Preparat nale\u017cy delikatnie wmasowa\u0107 w sk\u00f3r\u0119 a\u017c do ca\u0142kowitego wch\u0142oni\u0119cia.<\/p>\n<p>Zalecane dawkowanie to stosowanie Remofix 2-3 razy dziennie, w zale\u017cno\u015bci od nasilenia b\u00f3lu i potrzeb u\u017cytkownika. Wa\u017cne jest, aby regularnie stosowa\u0107 preparat, aby zapewni\u0107 jego optymalne dzia\u0142anie regeneracyjne i przeciwb\u00f3lowe.<\/p>\n<h2>Kup teraz Remofix z dostaw\u0105<\/h2>\n<p>Zakup Remofix jest niezwykle prosty i wygodny dzi\u0119ki mo\u017cliwo\u015bci zam\u00f3wienia online. Wystarczy odwiedzi\u0107 stron\u0119 internetow\u0105 producenta, wybra\u0107 odpowiedni\u0105 ilo\u015b\u0107 produktu i wype\u0142ni\u0107 formularz zam\u00f3wienia. Co wa\u017cne, nie ma potrzeby dokonywania przedp\u0142aty \u2013 zap\u0142ata odbywa si\u0119 dopiero po dostarczeniu produktu, co zapewnia bezpiecze\u0144stwo i pewno\u015b\u0107, \u017ce klient otrzymuje oryginalny produkt bez ryzyka.<\/p>\n<p>Czas dostawy wynosi zazwyczaj 3-4 dni robocze na terenie Polski. Dodatkowo, po z\u0142o\u017ceniu zam\u00f3wienia, klient otrzymuje telefoniczne potwierdzenie od specjalisty, kt\u00f3ry mo\u017ce doradzi\u0107 w kwestii ilo\u015bci preparatu oraz poinformowa\u0107 o dost\u0119pnych promocjach. Taki model sprzeda\u017cy gwarantuje, \u017ce zam\u00f3wienie zostanie zrealizowane zgodnie z oczekiwaniami, a klient b\u0119dzie mia\u0142 mo\u017cliwo\u015b\u0107 skonsultowania swoich potrzeb.<\/p>\n<p style=\"text-align: center;\"><a href=\"https:\/\/kshop34.site\/7DhVeO\/\"><button>Zakup na stronie producenta (-50%)<\/button><\/a><\/p>\n<h2>Por\u00f3wnanie ofert: ceny i dost\u0119pno\u015b\u0107 Remofix<\/h2>\n<p>Producent Remofix stawia na przyst\u0119pno\u015b\u0107 swojego produktu, dlatego zdecydowa\u0142 si\u0119 na bezpo\u015bredni\u0105 sprzeda\u017c poprzez oficjaln\u0105 stron\u0119 internetow\u0105. Dzi\u0119ki temu unika si\u0119 koszt\u00f3w po\u015brednik\u00f3w i niepotrzebnych mar\u017c, co pozwala zaoferowa\u0107 produkt w bardzo atrakcyjnej cenie. Remofix nie jest dost\u0119pny w tradycyjnych aptekach stacjonarnych, co r\u00f3wnie\u017c przek\u0142ada si\u0119 na ni\u017csze koszty dla ko\u0144cowego klienta.<\/p>\n<p>Na oficjalnej stronie internetowej producenta regularnie pojawiaj\u0105 si\u0119 atrakcyjne oferty promocyjne, dzi\u0119ki kt\u00f3rym mo\u017cna zakupi\u0107 Remofix w jeszcze korzystniejszych cenach. Warto wi\u0119c regularnie sprawdza\u0107 stron\u0119, aby nie przegapi\u0107 okazji i skorzysta\u0107 z aktualnych promocji.<\/p>\n<p>Remofix to skuteczny i naturalny preparat, kt\u00f3ry mo\u017cna \u0142atwo i bezpiecznie zam\u00f3wi\u0107 online, ciesz\u0105c si\u0119 szybkim dzia\u0142aniem oraz komfortem zakupu.<\/p>\n<\/div>\n<\/div>\n<\/div>\n<\/div>\n<\/div>\n<\/div>\n<\/div>\n<\/div>\n<\/article>\n","protected":false},"excerpt":{"rendered":"<p style=\"text-align: center;\"><a href=\"https:\/\/kshop34.site\/7DhVeO\/\"><button>Kup teraz<\/button><\/a><\/p>\n<p>SKU:\u00a0<span class=\"sku\">789.236.512<\/span><\/p>\n<hr \/>\n<p><small>Produkt sprzedawany jest wy\u0142\u0105cznie za po\u015brednictwem oficjalnej strony producenta, id\u017a i kupuj bezpiecznie!<\/small><\/p>\n","protected":false},"featured_media":1075,"comment_status":"open","ping_status":"closed","template":"","meta":[],"product_brand":[],"product_cat":[15],"product_tag":[],"class_list":{"0":"post-1074","1":"product","2":"type-product","3":"status-publish","4":"has-post-thumbnail","6":"product_cat-supl","7":"thunk-woo-product-list","8":"opn-qv-enable","9":"top-store-woo-hover-","10":"top-store-single-product-tab-horizontal","11":"top-store-shadow-","12":"top-store-shadow-hover-","14":"first","15":"instock","16":"sale","17":"shipping-taxable","18":"purchasable","19":"product-type-simple"},"yoast_head":"<!-- This site is optimized with the Yoast SEO plugin v27.4 - https:\/\/yoast.com\/product\/yoast-seo-wordpress\/ -->\n<title>Remofix - kup suplement, cena w aptece, sk\u0142ad, dzia\u0142anie<\/title>\n<meta name=\"robots\" content=\"index, follow, max-snippet:-1, max-image-preview:large, max-video-preview:-1\" \/>\n<link rel=\"canonical\" href=\"https:\/\/lekarzeopole.pl\/wordpress\/product\/remofix\/\" \/>\n<meta property=\"og:locale\" content=\"pl_PL\" \/>\n<meta property=\"og:type\" content=\"article\" \/>\n<meta property=\"og:title\" content=\"Remofix - kup suplement, cena w aptece, sk\u0142ad, dzia\u0142anie\" \/>\n<meta property=\"og:description\" content=\"Kup teraz SKU:\u00a0789.236.512    Produkt sprzedawany jest wy\u0142\u0105cznie za po\u015brednictwem oficjalnej strony producenta, id\u017a i kupuj bezpiecznie!\" \/>\n<meta property=\"og:url\" content=\"https:\/\/lekarzeopole.pl\/wordpress\/product\/remofix\/\" \/>\n<meta property=\"og:site_name\" content=\"Lekarze Opole\" \/>\n<meta property=\"article:modified_time\" content=\"2026-01-05T14:09:37+00:00\" \/>\n<meta property=\"og:image\" content=\"https:\/\/lekarzeopole.pl\/wordpress\/wp-content\/uploads\/2024\/09\/remofix.png\" \/>\n\t<meta property=\"og:image:width\" content=\"400\" \/>\n\t<meta property=\"og:image:height\" content=\"400\" \/>\n\t<meta property=\"og:image:type\" content=\"image\/png\" \/>\n<meta name=\"twitter:card\" content=\"summary_large_image\" \/>\n<meta name=\"twitter:label1\" content=\"Szacowany czas czytania\" \/>\n\t<meta name=\"twitter:data1\" content=\"8 minut\" \/>\n<script type=\"application\/ld+json\" class=\"yoast-schema-graph\">{\"@context\":\"https:\\\/\\\/schema.org\",\"@graph\":[{\"@type\":\"WebPage\",\"@id\":\"https:\\\/\\\/lekarzeopole.pl\\\/wordpress\\\/product\\\/remofix\\\/\",\"url\":\"https:\\\/\\\/lekarzeopole.pl\\\/wordpress\\\/product\\\/remofix\\\/\",\"name\":\"Remofix - kup suplement, cena w aptece, sk\u0142ad, dzia\u0142anie\",\"isPartOf\":{\"@id\":\"https:\\\/\\\/lekarzeopole.pl\\\/wordpress\\\/#website\"},\"primaryImageOfPage\":{\"@id\":\"https:\\\/\\\/lekarzeopole.pl\\\/wordpress\\\/product\\\/remofix\\\/#primaryimage\"},\"image\":{\"@id\":\"https:\\\/\\\/lekarzeopole.pl\\\/wordpress\\\/product\\\/remofix\\\/#primaryimage\"},\"thumbnailUrl\":\"https:\\\/\\\/lekarzeopole.pl\\\/wordpress\\\/wp-content\\\/uploads\\\/2024\\\/09\\\/remofix.png\",\"datePublished\":\"2024-09-23T15:50:28+00:00\",\"dateModified\":\"2026-01-05T14:09:37+00:00\",\"breadcrumb\":{\"@id\":\"https:\\\/\\\/lekarzeopole.pl\\\/wordpress\\\/product\\\/remofix\\\/#breadcrumb\"},\"inLanguage\":\"pl-PL\",\"potentialAction\":[{\"@type\":\"ReadAction\",\"target\":[\"https:\\\/\\\/lekarzeopole.pl\\\/wordpress\\\/product\\\/remofix\\\/\"]}]},{\"@type\":\"ImageObject\",\"inLanguage\":\"pl-PL\",\"@id\":\"https:\\\/\\\/lekarzeopole.pl\\\/wordpress\\\/product\\\/remofix\\\/#primaryimage\",\"url\":\"https:\\\/\\\/lekarzeopole.pl\\\/wordpress\\\/wp-content\\\/uploads\\\/2024\\\/09\\\/remofix.png\",\"contentUrl\":\"https:\\\/\\\/lekarzeopole.pl\\\/wordpress\\\/wp-content\\\/uploads\\\/2024\\\/09\\\/remofix.png\",\"width\":400,\"height\":400,\"caption\":\"Remofix\"},{\"@type\":\"BreadcrumbList\",\"@id\":\"https:\\\/\\\/lekarzeopole.pl\\\/wordpress\\\/product\\\/remofix\\\/#breadcrumb\",\"itemListElement\":[{\"@type\":\"ListItem\",\"position\":1,\"name\":\"\u0413\u043b\u0430\u0432\u043d\u0430\u044f \u0441\u0442\u0440\u0430\u043d\u0438\u0446\u0430\",\"item\":\"https:\\\/\\\/lekarzeopole.pl\\\/wordpress\\\/\"},{\"@type\":\"ListItem\",\"position\":2,\"name\":\"Zakup\",\"item\":\"https:\\\/\\\/lekarzeopole.pl\\\/wordpress\\\/\"},{\"@type\":\"ListItem\",\"position\":3,\"name\":\"Remofix\"}]},{\"@type\":\"WebSite\",\"@id\":\"https:\\\/\\\/lekarzeopole.pl\\\/wordpress\\\/#website\",\"url\":\"https:\\\/\\\/lekarzeopole.pl\\\/wordpress\\\/\",\"name\":\"Lekarze Opole\",\"description\":\"\",\"potentialAction\":[{\"@type\":\"SearchAction\",\"target\":{\"@type\":\"EntryPoint\",\"urlTemplate\":\"https:\\\/\\\/lekarzeopole.pl\\\/wordpress\\\/?s={search_term_string}\"},\"query-input\":{\"@type\":\"PropertyValueSpecification\",\"valueRequired\":true,\"valueName\":\"search_term_string\"}}],\"inLanguage\":\"pl-PL\"}]}<\/script>\n<!-- \/ Yoast SEO plugin. -->","yoast_head_json":{"title":"Remofix - kup suplement, cena w aptece, sk\u0142ad, dzia\u0142anie","robots":{"index":"index","follow":"follow","max-snippet":"max-snippet:-1","max-image-preview":"max-image-preview:large","max-video-preview":"max-video-preview:-1"},"canonical":"https:\/\/lekarzeopole.pl\/wordpress\/product\/remofix\/","og_locale":"pl_PL","og_type":"article","og_title":"Remofix - kup suplement, cena w aptece, sk\u0142ad, dzia\u0142anie","og_description":"Kup teraz SKU:\u00a0789.236.512    Produkt sprzedawany jest wy\u0142\u0105cznie za po\u015brednictwem oficjalnej strony producenta, id\u017a i kupuj bezpiecznie!","og_url":"https:\/\/lekarzeopole.pl\/wordpress\/product\/remofix\/","og_site_name":"Lekarze Opole","article_modified_time":"2026-01-05T14:09:37+00:00","og_image":[{"width":400,"height":400,"url":"https:\/\/lekarzeopole.pl\/wordpress\/wp-content\/uploads\/2024\/09\/remofix.png","type":"image\/png"}],"twitter_card":"summary_large_image","twitter_misc":{"Szacowany czas czytania":"8 minut"},"schema":{"@context":"https:\/\/schema.org","@graph":[{"@type":"WebPage","@id":"https:\/\/lekarzeopole.pl\/wordpress\/product\/remofix\/","url":"https:\/\/lekarzeopole.pl\/wordpress\/product\/remofix\/","name":"Remofix - kup suplement, cena w aptece, sk\u0142ad, dzia\u0142anie","isPartOf":{"@id":"https:\/\/lekarzeopole.pl\/wordpress\/#website"},"primaryImageOfPage":{"@id":"https:\/\/lekarzeopole.pl\/wordpress\/product\/remofix\/#primaryimage"},"image":{"@id":"https:\/\/lekarzeopole.pl\/wordpress\/product\/remofix\/#primaryimage"},"thumbnailUrl":"https:\/\/lekarzeopole.pl\/wordpress\/wp-content\/uploads\/2024\/09\/remofix.png","datePublished":"2024-09-23T15:50:28+00:00","dateModified":"2026-01-05T14:09:37+00:00","breadcrumb":{"@id":"https:\/\/lekarzeopole.pl\/wordpress\/product\/remofix\/#breadcrumb"},"inLanguage":"pl-PL","potentialAction":[{"@type":"ReadAction","target":["https:\/\/lekarzeopole.pl\/wordpress\/product\/remofix\/"]}]},{"@type":"ImageObject","inLanguage":"pl-PL","@id":"https:\/\/lekarzeopole.pl\/wordpress\/product\/remofix\/#primaryimage","url":"https:\/\/lekarzeopole.pl\/wordpress\/wp-content\/uploads\/2024\/09\/remofix.png","contentUrl":"https:\/\/lekarzeopole.pl\/wordpress\/wp-content\/uploads\/2024\/09\/remofix.png","width":400,"height":400,"caption":"Remofix"},{"@type":"BreadcrumbList","@id":"https:\/\/lekarzeopole.pl\/wordpress\/product\/remofix\/#breadcrumb","itemListElement":[{"@type":"ListItem","position":1,"name":"\u0413\u043b\u0430\u0432\u043d\u0430\u044f \u0441\u0442\u0440\u0430\u043d\u0438\u0446\u0430","item":"https:\/\/lekarzeopole.pl\/wordpress\/"},{"@type":"ListItem","position":2,"name":"Zakup","item":"https:\/\/lekarzeopole.pl\/wordpress\/"},{"@type":"ListItem","position":3,"name":"Remofix"}]},{"@type":"WebSite","@id":"https:\/\/lekarzeopole.pl\/wordpress\/#website","url":"https:\/\/lekarzeopole.pl\/wordpress\/","name":"Lekarze Opole","description":"","potentialAction":[{"@type":"SearchAction","target":{"@type":"EntryPoint","urlTemplate":"https:\/\/lekarzeopole.pl\/wordpress\/?s={search_term_string}"},"query-input":{"@type":"PropertyValueSpecification","valueRequired":true,"valueName":"search_term_string"}}],"inLanguage":"pl-PL"}]}},"_links":{"self":[{"href":"https:\/\/lekarzeopole.pl\/wordpress\/wp-json\/wp\/v2\/product\/1074","targetHints":{"allow":["GET"]}}],"collection":[{"href":"https:\/\/lekarzeopole.pl\/wordpress\/wp-json\/wp\/v2\/product"}],"about":[{"href":"https:\/\/lekarzeopole.pl\/wordpress\/wp-json\/wp\/v2\/types\/product"}],"replies":[{"embeddable":true,"href":"https:\/\/lekarzeopole.pl\/wordpress\/wp-json\/wp\/v2\/comments?post=1074"}],"wp:featuredmedia":[{"embeddable":true,"href":"https:\/\/lekarzeopole.pl\/wordpress\/wp-json\/wp\/v2\/media\/1075"}],"wp:attachment":[{"href":"https:\/\/lekarzeopole.pl\/wordpress\/wp-json\/wp\/v2\/media?parent=1074"}],"wp:term":[{"taxonomy":"product_brand","embeddable":true,"href":"https:\/\/lekarzeopole.pl\/wordpress\/wp-json\/wp\/v2\/product_brand?post=1074"},{"taxonomy":"product_cat","embeddable":true,"href":"https:\/\/lekarzeopole.pl\/wordpress\/wp-json\/wp\/v2\/product_cat?post=1074"},{"taxonomy":"product_tag","embeddable":true,"href":"https:\/\/lekarzeopole.pl\/wordpress\/wp-json\/wp\/v2\/product_tag?post=1074"}],"curies":[{"name":"wp","href":"https:\/\/api.w.org\/{rel}","templated":true}]}}