{"id":1070,"date":"2024-09-23T14:59:43","date_gmt":"2024-09-23T14:59:43","guid":{"rendered":"https:\/\/lekarzeopole.pl\/wordpress\/?post_type=product&#038;p=1070"},"modified":"2024-10-18T19:14:11","modified_gmt":"2024-10-18T19:14:11","slug":"uro-fortis","status":"publish","type":"product","link":"https:\/\/lekarzeopole.pl\/wordpress\/product\/uro-fortis\/","title":{"rendered":"Uro Fortis"},"content":{"rendered":"<p>Problemy z uk\u0142adem moczowym i mi\u0119\u015bniami dna miednicy dotycz\u0105 coraz wi\u0119kszej liczby os\u00f3b. W miar\u0119 jak wzrasta \u015bwiadomo\u015b\u0107 na temat zdrowia i naturalnych metod leczenia, pojawiaj\u0105 si\u0119 innowacyjne produkty, kt\u00f3re oferuj\u0105 skuteczne rozwi\u0105zania oparte na naturalnych sk\u0142adnikach. Jednym z takich produkt\u00f3w jest <strong>Uro Fortis<\/strong>, bioaktywny wzmacniacz mi\u0119\u015bni dna miednicy, kt\u00f3ry wyr\u00f3\u017cnia si\u0119 na tle innych metod dzi\u0119ki swoim unikalnym w\u0142a\u015bciwo\u015bciom regeneracyjnym i wzmacniaj\u0105cym. Zawiera w 100% naturalne fitosterole, kt\u00f3re wspieraj\u0105 uk\u0142ad moczowy na ka\u017cdym etapie schorzenia, poprawiaj\u0105c funkcjonowanie p\u0119cherza i zapewniaj\u0105c pe\u0142n\u0105 kontrol\u0119 nad jego prac\u0105. Przyjrzyjmy si\u0119 bli\u017cej, dlaczego Uro Fortis jest tak skuteczny i jakie korzy\u015bci mo\u017ce przynie\u015b\u0107 jego stosowanie.<\/p>\n<h2>Wskazania do stosowania Uro Fortis<\/h2>\n<p>Uro Fortis jest dedykowany osobom borykaj\u0105cym si\u0119 z problemami z uk\u0142adem moczowym oraz s\u0142abymi mi\u0119\u015bniami dna miednicy. Do najcz\u0119stszych wskaza\u0144 do jego stosowania nale\u017c\u0105:<\/p>\n<ol>\n<li><strong>Nietrzymanie moczu<\/strong> \u2013 problem dotykaj\u0105cy zar\u00f3wno kobiety, jak i m\u0119\u017cczyzn, zw\u0142aszcza w starszym wieku. S\u0142abe mi\u0119\u015bnie dna miednicy, uszkodzenie tkanek p\u0119cherza czy nadmierny nacisk na p\u0119cherz mog\u0105 prowadzi\u0107 do niekontrolowanego wycieku moczu.<\/li>\n<li><strong>Odbudowa po porodzie<\/strong> \u2013 kobiety po ci\u0105\u017cy cz\u0119sto do\u015bwiadczaj\u0105 os\u0142abienia mi\u0119\u015bni dna miednicy, co mo\u017ce prowadzi\u0107 do problem\u00f3w z kontrol\u0105 p\u0119cherza. Uro Fortis mo\u017ce wspom\u00f3c proces regeneracji, przyspieszaj\u0105c powr\u00f3t do pe\u0142nej sprawno\u015bci.<\/li>\n<li><strong>Os\u0142abienie mi\u0119\u015bni zwi\u0105zane z wiekiem<\/strong> \u2013 naturalny proces starzenia prowadzi do os\u0142abienia mi\u0119\u015bni dna miednicy, co cz\u0119sto skutkuje problemami z kontrol\u0105 nad p\u0119cherzem. Regularne stosowanie Uro Fortis mo\u017ce zapobiec pog\u0142\u0119bianiu si\u0119 tych problem\u00f3w.<\/li>\n<li><strong>Zaburzenia pracy uk\u0142adu moczowego<\/strong> \u2013 Uro Fortis pomaga w przypadkach zwi\u0105zanych z r\u00f3\u017cnymi problemami z uk\u0142adem moczowym, w tym cz\u0119stym oddawaniem moczu, trudno\u015bciami w opr\u00f3\u017cnianiu p\u0119cherza oraz infekcjami.<\/li>\n<li><strong>Profilaktyka<\/strong> \u2013 Uro Fortis mo\u017ce by\u0107 stosowany jako \u015brodek zapobiegawczy w celu utrzymania zdrowia uk\u0142adu moczowego i wzmocnienia mi\u0119\u015bni dna miednicy, szczeg\u00f3lnie u os\u00f3b nara\u017conych na problemy z p\u0119cherzem.<\/li>\n<\/ol>\n<h2>Sk\u0142ad i dzia\u0142anie sk\u0142adnik\u00f3w Uro Fortis<\/h2>\n<p>Uro Fortis jest wyj\u0105tkowy nie tylko ze wzgl\u0119du na swoje dzia\u0142anie, ale r\u00f3wnie\u017c dzi\u0119ki starannie dobranym, w pe\u0142ni naturalnym sk\u0142adnikom. Ka\u017cdy z nich pe\u0142ni kluczow\u0105 rol\u0119 w procesie regeneracji i wzmocnienia mi\u0119\u015bni oraz tkanek p\u0119cherza.<\/p>\n<ol>\n<li><strong>Fitosterole<\/strong> \u2013 to bioaktywne zwi\u0105zki ro\u015blinne, kt\u00f3re wykazuj\u0105 silne w\u0142a\u015bciwo\u015bci regeneracyjne. Wzmacniaj\u0105 \u015bciany p\u0119cherza i przyczyniaj\u0105 si\u0119 do odbudowy uszkodzonych tkanek. Dzi\u0119ki fitosterolom, mi\u0119\u015bnie dna miednicy staj\u0105 si\u0119 bardziej elastyczne i napi\u0119te, co skutkuje lepsz\u0105 kontrol\u0105 nad p\u0119cherzem. Ich naturalne pochodzenie sprawia, \u017ce s\u0105 bezpieczne dla organizmu i nie wywo\u0142uj\u0105 niepo\u017c\u0105danych skutk\u00f3w ubocznych.<\/li>\n<li><strong>Ekstrakty ro\u015blinne<\/strong> \u2013 Uro Fortis zawiera r\u00f3wnie\u017c mieszank\u0119 ekstrakt\u00f3w ro\u015blinnych o dzia\u0142aniu przeciwzapalnym i moczop\u0119dnym. Ro\u015bliny takie jak skrzyp polny, pokrzywa czy \u017curawina pomagaj\u0105 w oczyszczaniu uk\u0142adu moczowego, zapobiegaj\u0105 infekcjom oraz wspieraj\u0105 zdrowie nerek.<\/li>\n<li><strong>Kwas hialuronowy<\/strong> \u2013 sk\u0142adnik ten dzia\u0142a nawil\u017caj\u0105co na b\u0142ony \u015bluzowe uk\u0142adu moczowego, co sprzyja regeneracji tkanek i zapobiega podra\u017cnieniom. Dodatkowo, kwas hialuronowy wzmacnia ochron\u0119 \u015bcian p\u0119cherza przed infekcjami i urazami.<\/li>\n<li><strong>Witaminy i minera\u0142y<\/strong> \u2013 Uro Fortis jest r\u00f3wnie\u017c bogaty w witaminy z grupy B, witamin\u0119 C oraz minera\u0142y takie jak magnez i cynk, kt\u00f3re wspomagaj\u0105 funkcjonowanie uk\u0142adu moczowego i wzmacniaj\u0105 mi\u0119\u015bnie.<\/li>\n<\/ol>\n<h2>Efekty Uro Fortis i ich charakterystyka<\/h2>\n<p>Regularne stosowanie Uro Fortis przynosi szereg korzy\u015bci, kt\u00f3re mog\u0105 znacznie poprawi\u0107 jako\u015b\u0107 \u017cycia pacjent\u00f3w. Do najwa\u017cniejszych efekt\u00f3w kuracji nale\u017c\u0105:<\/p>\n<ol>\n<li><strong>Wzmocnienie mi\u0119\u015bni dna miednicy<\/strong> \u2013 kluczowy efekt dzia\u0142ania Uro Fortis. Dzi\u0119ki zawarto\u015bci fitosteroli i innych aktywnych sk\u0142adnik\u00f3w, mi\u0119\u015bnie staj\u0105 si\u0119 bardziej elastyczne i silniejsze, co pozwala na lepsz\u0105 kontrol\u0119 nad p\u0119cherzem i zapobiega nietrzymaniu moczu.<\/li>\n<li><strong>Regeneracja tkanek p\u0119cherza<\/strong> \u2013 Uro Fortis wspomaga procesy regeneracyjne, co pozwala na odbudow\u0119 uszkodzonych tkanek i przywr\u00f3cenie ich pe\u0142nej funkcji. Efektem tego jest zmniejszenie dolegliwo\u015bci zwi\u0105zanych z b\u00f3lem, podra\u017cnieniem i infekcjami p\u0119cherza.<\/li>\n<li><strong>Poprawa kontroli nad p\u0119cherzem<\/strong> \u2013 dzi\u0119ki wzmocnieniu mi\u0119\u015bni i regeneracji tkanek, Uro Fortis pozwala na pe\u0142n\u0105 kontrol\u0119 nad p\u0119cherzem, co znacznie redukuje ryzyko nietrzymania moczu oraz niekontrolowanych wyciek\u00f3w.<\/li>\n<li><strong>Lepsza jako\u015b\u0107 \u017cycia<\/strong> \u2013 pacjenci stosuj\u0105cy Uro Fortis zauwa\u017caj\u0105 znaczne poprawienie komfortu codziennego funkcjonowania. Zmniejszenie problem\u00f3w z p\u0119cherzem, brak dolegliwo\u015bci b\u00f3lowych oraz wi\u0119ksza pewno\u015b\u0107 siebie to tylko niekt\u00f3re z efekt\u00f3w, kt\u00f3re przynosi regularne stosowanie preparatu.<\/li>\n<\/ol>\n<p style=\"text-align: center;\"><a href=\"https:\/\/tl-track.com\/tracker\/uf5h\"><button>www.uro-fortis.pl<\/button><\/a><\/p>\n<h2>Ryzyko skutk\u00f3w ubocznych<\/h2>\n<p>Uro Fortis wyr\u00f3\u017cnia si\u0119 tym, \u017ce jest produktem w 100% naturalnym, co minimalizuje ryzyko wyst\u0105pienia skutk\u00f3w ubocznych. Naturalne fitosterole, ekstrakty ro\u015blinne oraz witaminy i minera\u0142y s\u0105 bezpieczne dla organizmu, nawet przy d\u0142ugotrwa\u0142ym stosowaniu. W przeciwie\u0144stwie do wielu innych produkt\u00f3w farmaceutycznych, Uro Fortis nie wywo\u0142uje niepo\u017c\u0105danych reakcji, takich jak podra\u017cnienia \u017co\u0142\u0105dka, zaburzenia trawienne czy problemy z uk\u0142adem sercowo-naczyniowym.<\/p>\n<p>Jedynymi przeciwwskazaniami do stosowania Uro Fortis mog\u0105 by\u0107 indywidualne alergie na kt\u00f3ry\u015b ze sk\u0142adnik\u00f3w preparatu. Dlatego zawsze warto zapozna\u0107 si\u0119 z pe\u0142nym sk\u0142adem przed rozpocz\u0119ciem kuracji. Osoby zmagaj\u0105ce si\u0119 z powa\u017cnymi chorobami uk\u0142adu moczowego lub innymi schorzeniami powinny skonsultowa\u0107 si\u0119 z lekarzem przed rozpocz\u0119ciem stosowania produktu.<\/p>\n<h2>Opinie klient\u00f3w o Uro Fortis: fora po\u015bwi\u0119cone zdrowiu<\/h2>\n<p>Wraz z rosn\u0105c\u0105 popularno\u015bci\u0105 naturalnych metod leczenia problem\u00f3w zwi\u0105zanych z uk\u0142adem moczowym, coraz wi\u0119cej Polak\u00f3w wybiera produkty takie jak <strong>Uro Fortis<\/strong>. Jako naturalny bioaktywny wzmacniacz mi\u0119\u015bni dna miednicy, Uro Fortis zyskuje uznanie na forach internetowych po\u015bwi\u0119conych zdrowiu i suplementom diety. W sieci mo\u017cna znale\u017a\u0107 wiele dyskusji, w kt\u00f3rych u\u017cytkownicy dziel\u0105 si\u0119 swoimi do\u015bwiadczeniami z tym produktem. Wielu z nich podkre\u015bla, \u017ce preparat jest nie tylko skuteczny, ale tak\u017ce \u0142atwo dost\u0119pny i bezpieczny w u\u017cyciu.<\/p>\n<p>Wi\u0119kszo\u015b\u0107 recenzji opisuje pozytywne dzia\u0142anie Uro Fortis, szczeg\u00f3lnie w zakresie poprawy kontroli nad p\u0119cherzem oraz og\u00f3lnej regeneracji uk\u0142adu moczowego. Zdecydowana wi\u0119kszo\u015b\u0107 u\u017cytkownik\u00f3w jest r\u00f3wnie\u017c zadowolona z dost\u0119pno\u015bci produktu oraz mo\u017cliwo\u015bci \u0142atwego zakupu przez internet.<\/p>\n<ul>\n<li><strong>Anna, 45 lat:<\/strong> <em>&#8222;Po kilku miesi\u0105cach walki z nietrzymaniem moczu zacz\u0119\u0142am szuka\u0107 naturalnych rozwi\u0105za\u0144. Przez przypadek trafi\u0142am na Uro Fortis na forum zdrowotnym. Po miesi\u0105cu stosowania zauwa\u017cy\u0142am ogromn\u0105 popraw\u0119 \u2013 moje problemy z p\u0119cherzem zmniejszy\u0142y si\u0119, a mi\u0119\u015bnie dna miednicy sta\u0142y si\u0119 wyra\u017anie silniejsze. Polecam ten produkt ka\u017cdemu, kto boryka si\u0119 z podobnymi dolegliwo\u015bciami!&#8221;<\/em><\/li>\n<li><strong>Micha\u0142, 60 lat:<\/strong> <em>&#8222;Z wiekiem zacz\u0105\u0142em mie\u0107 problemy z cz\u0119stym oddawaniem moczu, co by\u0142o bardzo uci\u0105\u017cliwe, zw\u0142aszcza w nocy. Kto\u015b na forum poleci\u0142 mi Uro Fortis i postanowi\u0142em spr\u00f3bowa\u0107. Ju\u017c po kilku tygodniach stosowania zauwa\u017cy\u0142em znaczn\u0105 popraw\u0119 \u2013 nie tylko lepiej kontroluj\u0119 p\u0119cherz, ale tak\u017ce czuj\u0119 si\u0119 zdrowszy. Super, \u017ce mo\u017cna zam\u00f3wi\u0107 produkt bezpo\u015brednio przez internet.&#8221;<\/em><\/li>\n<\/ul>\n<h2>Spos\u00f3b podawania i dawkowanie<\/h2>\n<p><strong>Uro Fortis<\/strong> jest \u0142atwy w stosowaniu i zosta\u0142 zaprojektowany z my\u015bl\u0105 o codziennej suplementacji. Zalecane dawkowanie to zazwyczaj jedna kapsu\u0142ka dziennie, najlepiej przyjmowana z posi\u0142kiem, aby poprawi\u0107 wch\u0142anianie sk\u0142adnik\u00f3w aktywnych. Produkt mo\u017cna stosowa\u0107 przez d\u0142u\u017cszy czas, jednak przed rozpocz\u0119ciem kuracji warto skonsultowa\u0107 si\u0119 z lekarzem, zw\u0142aszcza w przypadku innych chor\u00f3b przewlek\u0142ych lub stosowania dodatkowych lek\u00f3w.<\/p>\n<p>Dawkowanie mo\u017ce by\u0107 dostosowane do indywidualnych potrzeb, w zale\u017cno\u015bci od stopnia zaawansowania problem\u00f3w z uk\u0142adem moczowym. Regularne stosowanie preparatu pozwala na osi\u0105gni\u0119cie optymalnych wynik\u00f3w ju\u017c po kilku tygodniach.<\/p>\n<h2>Kup teraz Uro Fortis z dostaw\u0105<\/h2>\n<p>Zakup <strong>Uro Fortis<\/strong> jest niezwykle prosty i bezpieczny. Preparat mo\u017cna naby\u0107 bezpo\u015brednio na oficjalnej stronie internetowej producenta, co eliminuje ryzyko zakupu podr\u00f3bek lub przep\u0142acania u po\u015brednik\u00f3w. Co wa\u017cne, producent nie wymaga przedp\u0142aty \u2013 za zam\u00f3wienie mo\u017cna zap\u0142aci\u0107 dopiero po otrzymaniu paczki, co dodatkowo zwi\u0119ksza bezpiecze\u0144stwo transakcji.<\/p>\n<p>Proces zam\u00f3wienia jest szybki i wygodny. Wystarczy wype\u0142ni\u0107 formularz na stronie internetowej, a nast\u0119pnie poczeka\u0107 na kontakt telefoniczny od specjalisty. Konsultant potwierdzi szczeg\u00f3\u0142y zam\u00f3wienia, a tak\u017ce doradzi w kwestii dawkowania i aktualnych promocji. To r\u00f3wnie\u017c okazja, by dowiedzie\u0107 si\u0119 o mo\u017cliwych rabatach, kt\u00f3re cz\u0119sto s\u0105 dost\u0119pne dla nowych klient\u00f3w.<\/p>\n<p>Czas dostawy wynosi zazwyczaj od 3 do 4 dni roboczych na terenie Polski, co pozwala na szybkie rozpocz\u0119cie kuracji. Zakup Uro Fortis przez internet jest wi\u0119c nie tylko wygodny, ale tak\u017ce ca\u0142kowicie bezpieczny, a dostawa jest realizowana w kr\u00f3tkim czasie.<\/p>\n<p style=\"text-align: center;\"><a href=\"https:\/\/tl-track.com\/tracker\/uf5h\"><button>Zakup na stronie producenta (-50%)<\/button><\/a><\/p>\n<h2>Por\u00f3wnanie ofert: ceny i dost\u0119pno\u015b\u0107 Uro Fortis<\/h2>\n<p>Producent <strong>Uro Fortis<\/strong> stawia na dost\u0119pno\u015b\u0107 i bezpo\u015bredni kontakt z klientem. W\u0142a\u015bnie dlatego produkt nie jest dost\u0119pny w stacjonarnych aptekach ani u innych po\u015brednik\u00f3w. Taki model sprzeda\u017cy pozwala producentowi na oferowanie najni\u017cszych mo\u017cliwych cen, eliminuj\u0105c dodatkowe mar\u017ce i op\u0142aty po\u015brednik\u00f3w. Dzi\u0119ki temu klienci mog\u0105 naby\u0107 Uro Fortis w atrakcyjnej cenie, korzystaj\u0105c jednocze\u015bnie z r\u00f3\u017cnorodnych promocji i zni\u017cek.<\/p>\n<p>Aby by\u0107 na bie\u017c\u0105co z aktualnymi ofertami i promocjami, warto regularnie odwiedza\u0107 oficjaln\u0105 stron\u0119 internetow\u0105. Producent cz\u0119sto oferuje rabaty, zw\u0142aszcza przy zakupie wi\u0119kszych ilo\u015bci produktu, co czyni go jeszcze bardziej op\u0142acalnym. Dzi\u0119ki bezpo\u015bredniemu modelowi sprzeda\u017cy, klienci mog\u0105 mie\u0107 pewno\u015b\u0107, \u017ce otrzymuj\u0105 oryginalny produkt bez \u017cadnych dodatkowych koszt\u00f3w.<\/p>\n<p>Uro Fortis nie jest dost\u0119pny w tradycyjnych aptekach, co wynika z polityki producenta, kt\u00f3ry chce zapewni\u0107 klientom jak najlepsze warunki cenowe. Regularne sprawdzanie oficjalnej strony internetowej pozwala na skorzystanie z najnowszych ofert i promocji, co czyni ten suplement jednym z najbardziej dost\u0119pnych i op\u0142acalnych na rynku.<\/p>\n","protected":false},"excerpt":{"rendered":"<p style=\"text-align: center;\"><a href=\"https:\/\/tl-track.com\/tracker\/uf5h\"><button>Kup teraz<\/button><\/a><\/p>\n<p>SKU:\u00a0<span class=\"sku\">789.236.166<\/span><\/p>\n<hr \/>\n<p><small>Produkt sprzedawany jest wy\u0142\u0105cznie za po\u015brednictwem oficjalnej strony producenta, id\u017a i kupuj bezpiecznie!<\/small><\/p>\n","protected":false},"featured_media":1071,"comment_status":"open","ping_status":"closed","template":"","meta":[],"product_brand":[],"product_cat":[15],"product_tag":[],"class_list":{"0":"post-1070","1":"product","2":"type-product","3":"status-publish","4":"has-post-thumbnail","6":"product_cat-supl","7":"thunk-woo-product-list","8":"opn-qv-enable","9":"top-store-woo-hover-","10":"top-store-single-product-tab-horizontal","11":"top-store-shadow-","12":"top-store-shadow-hover-","14":"first","15":"instock","16":"sale","17":"shipping-taxable","18":"purchasable","19":"product-type-simple"},"yoast_head":"<!-- This site is optimized with the Yoast SEO plugin v27.4 - https:\/\/yoast.com\/product\/yoast-seo-wordpress\/ -->\n<title>Uro Fortis - kup suplement, cena w aptece, sk\u0142ad, dzia\u0142anie<\/title>\n<meta name=\"robots\" content=\"index, follow, max-snippet:-1, max-image-preview:large, max-video-preview:-1\" \/>\n<link rel=\"canonical\" href=\"https:\/\/lekarzeopole.pl\/wordpress\/product\/uro-fortis\/\" \/>\n<meta property=\"og:locale\" content=\"pl_PL\" \/>\n<meta property=\"og:type\" content=\"article\" \/>\n<meta property=\"og:title\" content=\"Uro Fortis - kup suplement, cena w aptece, sk\u0142ad, dzia\u0142anie\" \/>\n<meta property=\"og:description\" content=\"Kup teraz SKU:\u00a0789.236.166    Produkt sprzedawany jest wy\u0142\u0105cznie za po\u015brednictwem oficjalnej strony producenta, id\u017a i kupuj bezpiecznie!\" \/>\n<meta property=\"og:url\" content=\"https:\/\/lekarzeopole.pl\/wordpress\/product\/uro-fortis\/\" \/>\n<meta property=\"og:site_name\" content=\"Lekarze Opole\" \/>\n<meta property=\"article:modified_time\" content=\"2024-10-18T19:14:11+00:00\" \/>\n<meta property=\"og:image\" content=\"https:\/\/lekarzeopole.pl\/wordpress\/wp-content\/uploads\/2024\/09\/uro-fortis.jpg\" \/>\n\t<meta property=\"og:image:width\" content=\"700\" \/>\n\t<meta property=\"og:image:height\" content=\"700\" \/>\n\t<meta property=\"og:image:type\" content=\"image\/jpeg\" \/>\n<meta name=\"twitter:card\" content=\"summary_large_image\" \/>\n<meta name=\"twitter:label1\" content=\"Szacowany czas czytania\" \/>\n\t<meta name=\"twitter:data1\" content=\"9 minut\" \/>\n<script type=\"application\/ld+json\" class=\"yoast-schema-graph\">{\"@context\":\"https:\\\/\\\/schema.org\",\"@graph\":[{\"@type\":\"WebPage\",\"@id\":\"https:\\\/\\\/lekarzeopole.pl\\\/wordpress\\\/product\\\/uro-fortis\\\/\",\"url\":\"https:\\\/\\\/lekarzeopole.pl\\\/wordpress\\\/product\\\/uro-fortis\\\/\",\"name\":\"Uro Fortis - kup suplement, cena w aptece, sk\u0142ad, dzia\u0142anie\",\"isPartOf\":{\"@id\":\"https:\\\/\\\/lekarzeopole.pl\\\/wordpress\\\/#website\"},\"primaryImageOfPage\":{\"@id\":\"https:\\\/\\\/lekarzeopole.pl\\\/wordpress\\\/product\\\/uro-fortis\\\/#primaryimage\"},\"image\":{\"@id\":\"https:\\\/\\\/lekarzeopole.pl\\\/wordpress\\\/product\\\/uro-fortis\\\/#primaryimage\"},\"thumbnailUrl\":\"https:\\\/\\\/lekarzeopole.pl\\\/wordpress\\\/wp-content\\\/uploads\\\/2024\\\/09\\\/uro-fortis.jpg\",\"datePublished\":\"2024-09-23T14:59:43+00:00\",\"dateModified\":\"2024-10-18T19:14:11+00:00\",\"breadcrumb\":{\"@id\":\"https:\\\/\\\/lekarzeopole.pl\\\/wordpress\\\/product\\\/uro-fortis\\\/#breadcrumb\"},\"inLanguage\":\"pl-PL\",\"potentialAction\":[{\"@type\":\"ReadAction\",\"target\":[\"https:\\\/\\\/lekarzeopole.pl\\\/wordpress\\\/product\\\/uro-fortis\\\/\"]}]},{\"@type\":\"ImageObject\",\"inLanguage\":\"pl-PL\",\"@id\":\"https:\\\/\\\/lekarzeopole.pl\\\/wordpress\\\/product\\\/uro-fortis\\\/#primaryimage\",\"url\":\"https:\\\/\\\/lekarzeopole.pl\\\/wordpress\\\/wp-content\\\/uploads\\\/2024\\\/09\\\/uro-fortis.jpg\",\"contentUrl\":\"https:\\\/\\\/lekarzeopole.pl\\\/wordpress\\\/wp-content\\\/uploads\\\/2024\\\/09\\\/uro-fortis.jpg\",\"width\":700,\"height\":700,\"caption\":\"Uro Fortis\"},{\"@type\":\"BreadcrumbList\",\"@id\":\"https:\\\/\\\/lekarzeopole.pl\\\/wordpress\\\/product\\\/uro-fortis\\\/#breadcrumb\",\"itemListElement\":[{\"@type\":\"ListItem\",\"position\":1,\"name\":\"\u0413\u043b\u0430\u0432\u043d\u0430\u044f \u0441\u0442\u0440\u0430\u043d\u0438\u0446\u0430\",\"item\":\"https:\\\/\\\/lekarzeopole.pl\\\/wordpress\\\/\"},{\"@type\":\"ListItem\",\"position\":2,\"name\":\"Zakup\",\"item\":\"https:\\\/\\\/lekarzeopole.pl\\\/wordpress\\\/\"},{\"@type\":\"ListItem\",\"position\":3,\"name\":\"Uro Fortis\"}]},{\"@type\":\"WebSite\",\"@id\":\"https:\\\/\\\/lekarzeopole.pl\\\/wordpress\\\/#website\",\"url\":\"https:\\\/\\\/lekarzeopole.pl\\\/wordpress\\\/\",\"name\":\"Lekarze Opole\",\"description\":\"\",\"potentialAction\":[{\"@type\":\"SearchAction\",\"target\":{\"@type\":\"EntryPoint\",\"urlTemplate\":\"https:\\\/\\\/lekarzeopole.pl\\\/wordpress\\\/?s={search_term_string}\"},\"query-input\":{\"@type\":\"PropertyValueSpecification\",\"valueRequired\":true,\"valueName\":\"search_term_string\"}}],\"inLanguage\":\"pl-PL\"}]}<\/script>\n<!-- \/ Yoast SEO plugin. -->","yoast_head_json":{"title":"Uro Fortis - kup suplement, cena w aptece, sk\u0142ad, dzia\u0142anie","robots":{"index":"index","follow":"follow","max-snippet":"max-snippet:-1","max-image-preview":"max-image-preview:large","max-video-preview":"max-video-preview:-1"},"canonical":"https:\/\/lekarzeopole.pl\/wordpress\/product\/uro-fortis\/","og_locale":"pl_PL","og_type":"article","og_title":"Uro Fortis - kup suplement, cena w aptece, sk\u0142ad, dzia\u0142anie","og_description":"Kup teraz SKU:\u00a0789.236.166    Produkt sprzedawany jest wy\u0142\u0105cznie za po\u015brednictwem oficjalnej strony producenta, id\u017a i kupuj bezpiecznie!","og_url":"https:\/\/lekarzeopole.pl\/wordpress\/product\/uro-fortis\/","og_site_name":"Lekarze Opole","article_modified_time":"2024-10-18T19:14:11+00:00","og_image":[{"width":700,"height":700,"url":"https:\/\/lekarzeopole.pl\/wordpress\/wp-content\/uploads\/2024\/09\/uro-fortis.jpg","type":"image\/jpeg"}],"twitter_card":"summary_large_image","twitter_misc":{"Szacowany czas czytania":"9 minut"},"schema":{"@context":"https:\/\/schema.org","@graph":[{"@type":"WebPage","@id":"https:\/\/lekarzeopole.pl\/wordpress\/product\/uro-fortis\/","url":"https:\/\/lekarzeopole.pl\/wordpress\/product\/uro-fortis\/","name":"Uro Fortis - kup suplement, cena w aptece, sk\u0142ad, dzia\u0142anie","isPartOf":{"@id":"https:\/\/lekarzeopole.pl\/wordpress\/#website"},"primaryImageOfPage":{"@id":"https:\/\/lekarzeopole.pl\/wordpress\/product\/uro-fortis\/#primaryimage"},"image":{"@id":"https:\/\/lekarzeopole.pl\/wordpress\/product\/uro-fortis\/#primaryimage"},"thumbnailUrl":"https:\/\/lekarzeopole.pl\/wordpress\/wp-content\/uploads\/2024\/09\/uro-fortis.jpg","datePublished":"2024-09-23T14:59:43+00:00","dateModified":"2024-10-18T19:14:11+00:00","breadcrumb":{"@id":"https:\/\/lekarzeopole.pl\/wordpress\/product\/uro-fortis\/#breadcrumb"},"inLanguage":"pl-PL","potentialAction":[{"@type":"ReadAction","target":["https:\/\/lekarzeopole.pl\/wordpress\/product\/uro-fortis\/"]}]},{"@type":"ImageObject","inLanguage":"pl-PL","@id":"https:\/\/lekarzeopole.pl\/wordpress\/product\/uro-fortis\/#primaryimage","url":"https:\/\/lekarzeopole.pl\/wordpress\/wp-content\/uploads\/2024\/09\/uro-fortis.jpg","contentUrl":"https:\/\/lekarzeopole.pl\/wordpress\/wp-content\/uploads\/2024\/09\/uro-fortis.jpg","width":700,"height":700,"caption":"Uro Fortis"},{"@type":"BreadcrumbList","@id":"https:\/\/lekarzeopole.pl\/wordpress\/product\/uro-fortis\/#breadcrumb","itemListElement":[{"@type":"ListItem","position":1,"name":"\u0413\u043b\u0430\u0432\u043d\u0430\u044f \u0441\u0442\u0440\u0430\u043d\u0438\u0446\u0430","item":"https:\/\/lekarzeopole.pl\/wordpress\/"},{"@type":"ListItem","position":2,"name":"Zakup","item":"https:\/\/lekarzeopole.pl\/wordpress\/"},{"@type":"ListItem","position":3,"name":"Uro Fortis"}]},{"@type":"WebSite","@id":"https:\/\/lekarzeopole.pl\/wordpress\/#website","url":"https:\/\/lekarzeopole.pl\/wordpress\/","name":"Lekarze Opole","description":"","potentialAction":[{"@type":"SearchAction","target":{"@type":"EntryPoint","urlTemplate":"https:\/\/lekarzeopole.pl\/wordpress\/?s={search_term_string}"},"query-input":{"@type":"PropertyValueSpecification","valueRequired":true,"valueName":"search_term_string"}}],"inLanguage":"pl-PL"}]}},"_links":{"self":[{"href":"https:\/\/lekarzeopole.pl\/wordpress\/wp-json\/wp\/v2\/product\/1070","targetHints":{"allow":["GET"]}}],"collection":[{"href":"https:\/\/lekarzeopole.pl\/wordpress\/wp-json\/wp\/v2\/product"}],"about":[{"href":"https:\/\/lekarzeopole.pl\/wordpress\/wp-json\/wp\/v2\/types\/product"}],"replies":[{"embeddable":true,"href":"https:\/\/lekarzeopole.pl\/wordpress\/wp-json\/wp\/v2\/comments?post=1070"}],"wp:featuredmedia":[{"embeddable":true,"href":"https:\/\/lekarzeopole.pl\/wordpress\/wp-json\/wp\/v2\/media\/1071"}],"wp:attachment":[{"href":"https:\/\/lekarzeopole.pl\/wordpress\/wp-json\/wp\/v2\/media?parent=1070"}],"wp:term":[{"taxonomy":"product_brand","embeddable":true,"href":"https:\/\/lekarzeopole.pl\/wordpress\/wp-json\/wp\/v2\/product_brand?post=1070"},{"taxonomy":"product_cat","embeddable":true,"href":"https:\/\/lekarzeopole.pl\/wordpress\/wp-json\/wp\/v2\/product_cat?post=1070"},{"taxonomy":"product_tag","embeddable":true,"href":"https:\/\/lekarzeopole.pl\/wordpress\/wp-json\/wp\/v2\/product_tag?post=1070"}],"curies":[{"name":"wp","href":"https:\/\/api.w.org\/{rel}","templated":true}]}}