{"id":1067,"date":"2024-09-23T14:37:52","date_gmt":"2024-09-23T14:37:52","guid":{"rendered":"https:\/\/lekarzeopole.pl\/wordpress\/?post_type=product&#038;p=1067"},"modified":"2024-12-12T10:33:56","modified_gmt":"2024-12-12T10:33:56","slug":"aurisens","status":"publish","type":"product","link":"https:\/\/lekarzeopole.pl\/wordpress\/product\/aurisens\/","title":{"rendered":"Aurisens"},"content":{"rendered":"<p>Problemy ze s\u0142uchem dotykaj\u0105 coraz wi\u0119cej os\u00f3b w r\u00f3\u017cnym wieku. Utrata s\u0142uchu nie jest tylko kwesti\u0105 wieku, ale tak\u017ce wynika z nara\u017cenia na ha\u0142as, infekcji, a tak\u017ce czynnik\u00f3w genetycznych. Na szcz\u0119\u015bcie, w dzisiejszych czasach istniej\u0105 skuteczne rozwi\u0105zania, kt\u00f3re mog\u0105 pom\u00f3c w poprawie jako\u015bci s\u0142yszenia. Jednym z nich s\u0105 kapsu\u0142ki <strong>Aurisens<\/strong>, kt\u00f3re oparte s\u0105 na naturalnych sk\u0142adnikach i zapewniaj\u0105 wsparcie dla zdrowia s\u0142uchu. Dzi\u0119ki ich unikalnemu sk\u0142adowi i dzia\u0142aniu, Aurisens staje si\u0119 niezawodnym sojusznikiem w walce o lepszy s\u0142uch.<\/p>\n<h2>Wskazania do stosowania Aurisens<\/h2>\n<p>Kapsu\u0142ki Aurisens s\u0105 polecane dla szerokiej grupy os\u00f3b, kt\u00f3re do\u015bwiadczaj\u0105 r\u00f3\u017cnorodnych problem\u00f3w ze s\u0142uchem. G\u0142\u00f3wne wskazania do stosowania tego suplementu obejmuj\u0105:<\/p>\n<ul>\n<li><strong>Post\u0119puj\u0105ca utrata s\u0142uchu<\/strong> \u2013 zw\u0142aszcza w\u015br\u00f3d os\u00f3b starszych lub tych nara\u017conych na ci\u0105g\u0142y ha\u0142as.<\/li>\n<li><strong>Szumy uszne<\/strong> \u2013 dra\u017cni\u0105ce d\u017awi\u0119ki w uszach, kt\u00f3re mog\u0105 zak\u0142\u00f3ca\u0107 codzienne funkcjonowanie.<\/li>\n<li><strong>Problemy z koncentracj\u0105 d\u017awi\u0119k\u00f3w<\/strong> \u2013 k\u0142opoty z wyra\u017anym s\u0142yszeniem i rozumieniem rozm\u00f3w, zw\u0142aszcza w miejscach publicznych.<\/li>\n<li><strong>Osoby nara\u017cone na ha\u0142as<\/strong> \u2013 pracownicy przemys\u0142owi, muzycy, osoby pracuj\u0105ce w g\u0142o\u015bnym otoczeniu.<\/li>\n<li><strong>Osoby z os\u0142abionym uk\u0142adem immunologicznym<\/strong> \u2013 w przypadku przewlek\u0142ych infekcji ucha, kt\u00f3re mog\u0105 wp\u0142ywa\u0107 na s\u0142uch.<\/li>\n<\/ul>\n<p>Warto r\u00f3wnie\u017c zauwa\u017cy\u0107, \u017ce Aurisens mo\u017ce by\u0107 stosowany profilaktycznie, jako \u015brodek zapobiegawczy dla tych, kt\u00f3rzy chc\u0105 dba\u0107 o zdrowie swojego s\u0142uchu w d\u0142u\u017cszej perspektywie.<\/p>\n<h2>Sk\u0142ad i dzia\u0142anie sk\u0142adnik\u00f3w Aurisens<\/h2>\n<p>Jednym z najwa\u017cniejszych atut\u00f3w Aurisens jest jego <strong>naturalny sk\u0142ad<\/strong>, kt\u00f3ry \u0142\u0105czy w sobie dobroczynne w\u0142a\u015bciwo\u015bci ro\u015blin i minera\u0142\u00f3w wspieraj\u0105cych zdrowie s\u0142uchu. Poni\u017cej przedstawiamy najwa\u017cniejsze sk\u0142adniki oraz ich dzia\u0142anie:<\/p>\n<h3><strong>Ekstrakt z mi\u0142orz\u0119bu dwuklapowego (Ginkgo Biloba)<\/strong><\/h3>\n<p>Mi\u0142orz\u0105b dwuklapowy jest znany ze swoich w\u0142a\u015bciwo\u015bci wspomagaj\u0105cych kr\u0105\u017cenie krwi, zw\u0142aszcza w obszarach o delikatnych naczyniach krwiono\u015bnych, takich jak ucho wewn\u0119trzne. Poprawa przep\u0142ywu krwi do uszu mo\u017ce przyczynia\u0107 si\u0119 do lepszego dostarczania tlenu i sk\u0142adnik\u00f3w od\u017cywczych do kom\u00f3rek s\u0142uchowych, co wspomaga regeneracj\u0119 i przeciwdzia\u0142a dalszej degradacji s\u0142uchu.<\/p>\n<h3><strong>Magnez<\/strong><\/h3>\n<p>Magnez jest niezb\u0119dnym minera\u0142em, kt\u00f3ry odgrywa kluczow\u0105 rol\u0119 w ochronie kom\u00f3rek przed uszkodzeniami oksydacyjnymi. W kontek\u015bcie s\u0142uchu, magnez pomaga chroni\u0107 \u015blimak (cz\u0119\u015b\u0107 ucha wewn\u0119trznego) przed szkodliwymi efektami ha\u0142asu, co mo\u017ce zapobiega\u0107 trwa\u0142emu uszkodzeniu s\u0142uchu.<\/p>\n<h3><strong>Cynk<\/strong><\/h3>\n<p>Cynk wspiera uk\u0142ad immunologiczny i przyczynia si\u0119 do szybszej regeneracji po infekcjach ucha, kt\u00f3re mog\u0105 negatywnie wp\u0142ywa\u0107 na s\u0142uch. Dodatkowo, cynk odgrywa rol\u0119 w procesach naprawy kom\u00f3rek, co mo\u017ce wspiera\u0107 regeneracj\u0119 uszkodze\u0144 s\u0142uchowych.<\/p>\n<h3><strong>Witamina B12<\/strong><\/h3>\n<p>Witamina B12 jest kluczowym sk\u0142adnikiem dla zdrowia uk\u0142adu nerwowego, w tym nerw\u00f3w s\u0142uchowych. Niedobory witaminy B12 mog\u0105 prowadzi\u0107 do pogorszenia funkcji s\u0142uchowych, dlatego jej obecno\u015b\u0107 w Aurisens pomaga zapobiega\u0107 tym problemom i wspiera prawid\u0142owe funkcjonowanie s\u0142uchu.<\/p>\n<h3><strong>Witamina D<\/strong><\/h3>\n<p>Witamina D jest istotna dla zdrowia ko\u015bci, w tym dla malutkich kosteczek s\u0142uchowych w uchu \u015brodkowym, kt\u00f3re odgrywaj\u0105 kluczow\u0105 rol\u0119 w przekazywaniu d\u017awi\u0119ku. Dodatkowo, witamina D wspiera uk\u0142ad odporno\u015bciowy, co jest wa\u017cne w kontek\u015bcie ochrony przed infekcjami uszu.<\/p>\n<h3><strong>Ekstrakt z czosnku<\/strong><\/h3>\n<p>Czosnek od dawna jest znany z w\u0142a\u015bciwo\u015bci przeciwzapalnych i przeciwbakteryjnych. Jego obecno\u015b\u0107 w Aurisens pomaga zwalcza\u0107 infekcje, kt\u00f3re mog\u0105 prowadzi\u0107 do pogorszenia s\u0142uchu. Ponadto czosnek wspiera kr\u0105\u017cenie krwi, co dodatkowo wspomaga zdrowie ucha wewn\u0119trznego.<\/p>\n<h3><strong>Ekstrakt z winogron<\/strong><\/h3>\n<p>Winogrona, bogate w przeciwutleniacze, wspieraj\u0105 ochron\u0119 kom\u00f3rek przed stresem oksydacyjnym. W kontek\u015bcie zdrowia s\u0142uchu, ekstrakt z winogron pomaga chroni\u0107 delikatne kom\u00f3rki s\u0142uchowe przed uszkodzeniami spowodowanymi ha\u0142asem lub wiekiem.<\/p>\n<h2>Efekty Aurisens i ich charakterystyka<\/h2>\n<p>Regularne stosowanie kapsu\u0142ek Aurisens mo\u017ce przynie\u015b\u0107 zauwa\u017calne efekty ju\u017c po kilku tygodniach. Oto najwa\u017cniejsze korzy\u015bci, jakie mo\u017cna zaobserwowa\u0107:<\/p>\n<ul>\n<li><strong>Poprawa s\u0142uchu<\/strong> \u2013 dla os\u00f3b, kt\u00f3re do\u015bwiadczaj\u0105 problem\u00f3w ze s\u0142yszeniem, Aurisens mo\u017ce pom\u00f3c w regeneracji kom\u00f3rek s\u0142uchowych i poprawie percepcji d\u017awi\u0119k\u00f3w.<\/li>\n<li><strong>Zmniejszenie szum\u00f3w usznych<\/strong> \u2013 sk\u0142adniki zawarte w Aurisens mog\u0105 pom\u00f3c w zmniejszeniu irytuj\u0105cych szum\u00f3w usznych, kt\u00f3re cz\u0119sto towarzysz\u0105 problemom ze s\u0142uchem.<\/li>\n<li><strong>Wzmocnienie odporno\u015bci na infekcje<\/strong> \u2013 dzi\u0119ki dzia\u0142aniu przeciwbakteryjnym i wzmacniaj\u0105cym uk\u0142ad odporno\u015bciowy, suplement ten pomaga chroni\u0107 przed infekcjami uszu, kt\u00f3re mog\u0105 pogarsza\u0107 s\u0142uch.<\/li>\n<li><strong>Zwi\u0119kszenie koncentracji d\u017awi\u0119k\u00f3w<\/strong> \u2013 osoby, kt\u00f3re maj\u0105 problemy z wyra\u017anym s\u0142yszeniem rozm\u00f3w w ha\u0142a\u015bliwych miejscach, mog\u0105 do\u015bwiadczy\u0107 lepszej koncentracji d\u017awi\u0119k\u00f3w po regularnym stosowaniu Aurisens.<\/li>\n<\/ul>\n<p>Warto r\u00f3wnie\u017c zaznaczy\u0107, \u017ce efekty dzia\u0142ania Aurisens mog\u0105 r\u00f3\u017cni\u0107 si\u0119 w zale\u017cno\u015bci od indywidualnych potrzeb organizmu, jednak wiele os\u00f3b zauwa\u017ca popraw\u0119 ju\u017c po kilku tygodniach stosowania.<\/p>\n<h2>Ryzyko skutk\u00f3w ubocznych<\/h2>\n<p>Jednym z najwi\u0119kszych atut\u00f3w kapsu\u0142ek Aurisens jest to, \u017ce s\u0105 one <strong>ca\u0142kowicie naturalne<\/strong>, co minimalizuje ryzyko wyst\u0105pienia skutk\u00f3w ubocznych. Dzi\u0119ki zastosowaniu starannie dobranych sk\u0142adnik\u00f3w pochodzenia ro\u015blinnego i mineralnego, suplement jest dobrze tolerowany przez organizm.<\/p>\n<p>Chocia\u017c Aurisens jest bezpieczny dla wi\u0119kszo\u015bci os\u00f3b, zaleca si\u0119 skonsultowanie z lekarzem przed rozpocz\u0119ciem stosowania, zw\u0142aszcza w przypadku os\u00f3b z przewlek\u0142ymi schorzeniami, alergiami na poszczeg\u00f3lne sk\u0142adniki, lub tych, kt\u00f3re przyjmuj\u0105 inne leki.<\/p>\n<p>Nale\u017cy r\u00f3wnie\u017c przestrzega\u0107 zalecanej dawki, aby unikn\u0105\u0107 ewentualnych niepo\u017c\u0105danych reakcji, cho\u0107 s\u0105 one bardzo rzadkie. W\u015br\u00f3d mo\u017cliwych dzia\u0142a\u0144 niepo\u017c\u0105danych, kt\u00f3re mog\u0105 pojawi\u0107 si\u0119 wyj\u0105tkowo rzadko, znajduj\u0105 si\u0119 lekkie reakcje alergiczne, takie jak wysypka sk\u00f3rna czy \u0142agodne dolegliwo\u015bci \u017co\u0142\u0105dkowe. W przypadku wyst\u0105pienia jakichkolwiek niepokoj\u0105cych objaw\u00f3w, nale\u017cy natychmiast przerwa\u0107 stosowanie preparatu i skonsultowa\u0107 si\u0119 z lekarzem.<\/p>\n<p style=\"text-align: center;\"><a href=\"https:\/\/tl-track.com\/tracker\/uf5f\"><button>www.aurisens.pl<\/button><\/a><\/p>\n<h2>Opinie klient\u00f3w o Aurisens: fora po\u015bwi\u0119cone zdrowiu<\/h2>\n<p>Aurisens zyskuje coraz wi\u0119ksz\u0105 popularno\u015b\u0107 w\u015br\u00f3d os\u00f3b dbaj\u0105cych o zdrowie s\u0142uchu. Na polskich forach internetowych po\u015bwi\u0119conych zdrowiu i suplementom diety mo\u017cna znale\u017a\u0107 wiele opinii u\u017cytkownik\u00f3w, kt\u00f3rzy podzielili si\u0119 swoimi do\u015bwiadczeniami z stosowania tego produktu. Wi\u0119kszo\u015b\u0107 z tych opinii jest pozytywna, co podkre\u015bla efektywno\u015b\u0107 Aurisens w poprawie jako\u015bci s\u0142uchu i og\u00f3lnego samopoczucia. U\u017cytkownicy cz\u0119sto chwal\u0105 r\u00f3wnie\u017c \u0142atwo\u015b\u0107 zakupu oraz dost\u0119pno\u015b\u0107 kapsu\u0142ek w korzystnej cenie.<\/p>\n<ul>\n<li><strong>Katarzyna, 45 lat:<\/strong><br \/>\n&#8222;Z wiekiem zauwa\u017cy\u0142am, \u017ce m\u00f3j s\u0142uch nie jest ju\u017c taki dobry jak kiedy\u015b, szczeg\u00f3lnie podczas rozm\u00f3w w ha\u0142a\u015bliwych miejscach. Zdecydowa\u0142am si\u0119 wypr\u00f3bowa\u0107 Aurisens i jestem bardzo zadowolona! Po kilku tygodniach zauwa\u017cy\u0142am znaczn\u0105 popraw\u0119, szumy w uszach zmniejszy\u0142y si\u0119, a ja zn\u00f3w mog\u0119 cieszy\u0107 si\u0119 wyra\u017anym s\u0142uchem. Polecam ka\u017cdemu, kto ma problemy ze s\u0142uchem.&#8221;<\/li>\n<li><strong>Marek, 60 lat:<\/strong><br \/>\n&#8222;Pracowa\u0142em przez wiele lat w g\u0142o\u015bnym \u015brodowisku i s\u0142uch zacz\u0105\u0142 mi szwankowa\u0107. Kiedy trafi\u0142em na Aurisens, by\u0142em sceptyczny, ale postanowi\u0142em spr\u00f3bowa\u0107. Efekty pojawi\u0142y si\u0119 szybciej, ni\u017c si\u0119 spodziewa\u0142em. S\u0142uch wyra\u017anie si\u0119 poprawi\u0142, a ja mog\u0119 zn\u00f3w cieszy\u0107 si\u0119 rozmowami z bliskimi. Poza tym, kapsu\u0142ki s\u0105 naturalne, wi\u0119c nie ba\u0142em si\u0119 skutk\u00f3w ubocznych.&#8221;<\/li>\n<\/ul>\n<p>Te i inne podobne opinie pokazuj\u0105, \u017ce Aurisens jest skutecznym rozwi\u0105zaniem dla os\u00f3b borykaj\u0105cych si\u0119 z problemami ze s\u0142uchem.<\/p>\n<h2>Spos\u00f3b podawania i dawkowanie<\/h2>\n<p>Aurisens jest \u0142atwy w stosowaniu, co czyni go idealnym suplementem dla os\u00f3b w ka\u017cdym wieku. Standardowa dawka wynosi <strong>2 kapsu\u0142ki dziennie<\/strong>, kt\u00f3re nale\u017cy popi\u0107 szklank\u0105 wody. Najlepiej jest przyjmowa\u0107 je podczas posi\u0142k\u00f3w, aby zapewni\u0107 lepsze wch\u0142anianie sk\u0142adnik\u00f3w od\u017cywczych.<\/p>\n<p>Zaleca si\u0119 stosowanie Aurisens regularnie przez co najmniej kilka tygodni, aby uzyska\u0107 pe\u0142ne korzy\u015bci z suplementu. Wa\u017cne jest r\u00f3wnie\u017c, aby nie przekracza\u0107 zalecanej dawki, chyba \u017ce lekarz lub specjalista zaleci inaczej.<\/p>\n<h2>Kup teraz Aurisens z dostaw\u0105<\/h2>\n<p>Zakup Aurisens to prosty i bezpieczny proces. Kapsu\u0142ki mo\u017cna \u0142atwo naby\u0107 online, bez konieczno\u015bci wychodzenia z domu. Co wa\u017cne, <strong>nie ma potrzeby dokonywania przedp\u0142aty<\/strong> \u2013 p\u0142atno\u015b\u0107 odbywa si\u0119 dopiero w momencie dostawy, co zapewnia pe\u0142ne bezpiecze\u0144stwo transakcji i pewno\u015b\u0107, \u017ce otrzymujemy oryginalny produkt.<\/p>\n<p>Proces zam\u00f3wienia wygl\u0105da nast\u0119puj\u0105co:<\/p>\n<ol>\n<li>Wybierz Aurisens na oficjalnej stronie producenta.<\/li>\n<li>Wype\u0142nij formularz zam\u00f3wienia, podaj\u0105c swoje dane.<\/li>\n<li>Potwierd\u017a zam\u00f3wienie podczas rozmowy telefonicznej ze specjalist\u0105, kt\u00f3ry mo\u017ce doradzi\u0107 odno\u015bnie dawki oraz aktualnych promocji.<\/li>\n<li>Otrzymaj produkt w ci\u0105gu <strong>3-4 dni roboczych<\/strong>.<\/li>\n<\/ol>\n<p>Dzi\u0119ki takiemu systemowi zam\u00f3wienia, masz pewno\u015b\u0107, \u017ce otrzymasz oryginalny produkt bez ryzyka zakupu podr\u00f3bek. Fachowa obs\u0142uga telefoniczna pozwala tak\u017ce na skorzystanie z bie\u017c\u0105cych promocji, dzi\u0119ki czemu mo\u017cna zaoszcz\u0119dzi\u0107 na kolejnych opakowaniach.<\/p>\n<p style=\"text-align: center;\"><a href=\"https:\/\/tl-track.com\/tracker\/uf5f\"><button>Zakup na stronie producenta (-50%)<\/button><\/a><\/p>\n<h2>Por\u00f3wnanie ofert: ceny i dost\u0119pno\u015b\u0107 Aurisens<\/h2>\n<p>Producent Aurisens stawia na <strong>dost\u0119pno\u015b\u0107<\/strong> i przyst\u0119pno\u015b\u0107 dla swoich klient\u00f3w, dlatego kapsu\u0142ki mo\u017cna kupi\u0107 wy\u0142\u0105cznie za po\u015brednictwem oficjalnej strony internetowej. Dzi\u0119ki temu unika si\u0119 po\u015brednik\u00f3w, co oznacza, \u017ce produkt nie jest obci\u0105\u017cony dodatkowymi kosztami i nadmiernymi mar\u017cami.<\/p>\n<p>Aurisens <strong>nie jest dost\u0119pny w stacjonarnych aptekach<\/strong>, co pozwala na utrzymanie ni\u017cszych cen oraz bezpo\u015bredni\u0105 kontrol\u0119 nad jako\u015bci\u0105 i oryginalno\u015bci\u0105 produktu. Regularnie pojawiaj\u0105 si\u0119 atrakcyjne oferty specjalne i rabaty, kt\u00f3re pozwalaj\u0105 zakupi\u0107 kapsu\u0142ki w jeszcze bardziej korzystnej cenie. Warto \u015bledzi\u0107 oficjaln\u0105 stron\u0119 producenta, aby nie przegapi\u0107 aktualnych promocji.<\/p>\n","protected":false},"excerpt":{"rendered":"<p style=\"text-align: center;\"><a href=\"https:\/\/tl-track.com\/tracker\/uf5f\"><button>Kup teraz<\/button><\/a><\/p>\n<p>SKU:\u00a0<span class=\"sku\">789.236.341<\/span><\/p>\n<hr \/>\n<p><small>Produkt sprzedawany jest wy\u0142\u0105cznie za po\u015brednictwem oficjalnej strony producenta, id\u017a i kupuj bezpiecznie!<\/small><\/p>\n","protected":false},"featured_media":1125,"comment_status":"open","ping_status":"closed","template":"","meta":[],"product_brand":[],"product_cat":[15],"product_tag":[],"class_list":{"0":"post-1067","1":"product","2":"type-product","3":"status-publish","4":"has-post-thumbnail","6":"product_cat-supl","7":"thunk-woo-product-list","8":"opn-qv-enable","9":"top-store-woo-hover-","10":"top-store-single-product-tab-horizontal","11":"top-store-shadow-","12":"top-store-shadow-hover-","14":"first","15":"instock","16":"sale","17":"shipping-taxable","18":"purchasable","19":"product-type-simple"},"yoast_head":"<!-- This site is optimized with the Yoast SEO plugin v27.4 - https:\/\/yoast.com\/product\/yoast-seo-wordpress\/ -->\n<title>Aurisens - kup suplement, cena w aptece, sk\u0142ad, dzia\u0142anie<\/title>\n<meta name=\"robots\" content=\"index, follow, max-snippet:-1, max-image-preview:large, max-video-preview:-1\" \/>\n<link rel=\"canonical\" href=\"https:\/\/lekarzeopole.pl\/wordpress\/product\/aurisens\/\" \/>\n<meta property=\"og:locale\" content=\"pl_PL\" \/>\n<meta property=\"og:type\" content=\"article\" \/>\n<meta property=\"og:title\" content=\"Aurisens - kup suplement, cena w aptece, sk\u0142ad, dzia\u0142anie\" \/>\n<meta property=\"og:description\" content=\"Kup teraz SKU:\u00a0789.236.341    Produkt sprzedawany jest wy\u0142\u0105cznie za po\u015brednictwem oficjalnej strony producenta, id\u017a i kupuj bezpiecznie!\" \/>\n<meta property=\"og:url\" content=\"https:\/\/lekarzeopole.pl\/wordpress\/product\/aurisens\/\" \/>\n<meta property=\"og:site_name\" content=\"Lekarze Opole\" \/>\n<meta property=\"article:modified_time\" content=\"2024-12-12T10:33:56+00:00\" \/>\n<meta property=\"og:image\" content=\"https:\/\/lekarzeopole.pl\/wordpress\/wp-content\/uploads\/2024\/09\/aurisens.jpg\" \/>\n\t<meta property=\"og:image:width\" content=\"499\" \/>\n\t<meta property=\"og:image:height\" content=\"499\" \/>\n\t<meta property=\"og:image:type\" content=\"image\/jpeg\" \/>\n<meta name=\"twitter:card\" content=\"summary_large_image\" \/>\n<meta name=\"twitter:label1\" content=\"Szacowany czas czytania\" \/>\n\t<meta name=\"twitter:data1\" content=\"8 minut\" \/>\n<script type=\"application\/ld+json\" class=\"yoast-schema-graph\">{\"@context\":\"https:\\\/\\\/schema.org\",\"@graph\":[{\"@type\":\"WebPage\",\"@id\":\"https:\\\/\\\/lekarzeopole.pl\\\/wordpress\\\/product\\\/aurisens\\\/\",\"url\":\"https:\\\/\\\/lekarzeopole.pl\\\/wordpress\\\/product\\\/aurisens\\\/\",\"name\":\"Aurisens - kup suplement, cena w aptece, sk\u0142ad, dzia\u0142anie\",\"isPartOf\":{\"@id\":\"https:\\\/\\\/lekarzeopole.pl\\\/wordpress\\\/#website\"},\"primaryImageOfPage\":{\"@id\":\"https:\\\/\\\/lekarzeopole.pl\\\/wordpress\\\/product\\\/aurisens\\\/#primaryimage\"},\"image\":{\"@id\":\"https:\\\/\\\/lekarzeopole.pl\\\/wordpress\\\/product\\\/aurisens\\\/#primaryimage\"},\"thumbnailUrl\":\"https:\\\/\\\/lekarzeopole.pl\\\/wordpress\\\/wp-content\\\/uploads\\\/2024\\\/09\\\/aurisens.jpg\",\"datePublished\":\"2024-09-23T14:37:52+00:00\",\"dateModified\":\"2024-12-12T10:33:56+00:00\",\"breadcrumb\":{\"@id\":\"https:\\\/\\\/lekarzeopole.pl\\\/wordpress\\\/product\\\/aurisens\\\/#breadcrumb\"},\"inLanguage\":\"pl-PL\",\"potentialAction\":[{\"@type\":\"ReadAction\",\"target\":[\"https:\\\/\\\/lekarzeopole.pl\\\/wordpress\\\/product\\\/aurisens\\\/\"]}]},{\"@type\":\"ImageObject\",\"inLanguage\":\"pl-PL\",\"@id\":\"https:\\\/\\\/lekarzeopole.pl\\\/wordpress\\\/product\\\/aurisens\\\/#primaryimage\",\"url\":\"https:\\\/\\\/lekarzeopole.pl\\\/wordpress\\\/wp-content\\\/uploads\\\/2024\\\/09\\\/aurisens.jpg\",\"contentUrl\":\"https:\\\/\\\/lekarzeopole.pl\\\/wordpress\\\/wp-content\\\/uploads\\\/2024\\\/09\\\/aurisens.jpg\",\"width\":499,\"height\":499,\"caption\":\"Aurisens\"},{\"@type\":\"BreadcrumbList\",\"@id\":\"https:\\\/\\\/lekarzeopole.pl\\\/wordpress\\\/product\\\/aurisens\\\/#breadcrumb\",\"itemListElement\":[{\"@type\":\"ListItem\",\"position\":1,\"name\":\"\u0413\u043b\u0430\u0432\u043d\u0430\u044f \u0441\u0442\u0440\u0430\u043d\u0438\u0446\u0430\",\"item\":\"https:\\\/\\\/lekarzeopole.pl\\\/wordpress\\\/\"},{\"@type\":\"ListItem\",\"position\":2,\"name\":\"Zakup\",\"item\":\"https:\\\/\\\/lekarzeopole.pl\\\/wordpress\\\/\"},{\"@type\":\"ListItem\",\"position\":3,\"name\":\"Aurisens\"}]},{\"@type\":\"WebSite\",\"@id\":\"https:\\\/\\\/lekarzeopole.pl\\\/wordpress\\\/#website\",\"url\":\"https:\\\/\\\/lekarzeopole.pl\\\/wordpress\\\/\",\"name\":\"Lekarze Opole\",\"description\":\"\",\"potentialAction\":[{\"@type\":\"SearchAction\",\"target\":{\"@type\":\"EntryPoint\",\"urlTemplate\":\"https:\\\/\\\/lekarzeopole.pl\\\/wordpress\\\/?s={search_term_string}\"},\"query-input\":{\"@type\":\"PropertyValueSpecification\",\"valueRequired\":true,\"valueName\":\"search_term_string\"}}],\"inLanguage\":\"pl-PL\"}]}<\/script>\n<!-- \/ Yoast SEO plugin. -->","yoast_head_json":{"title":"Aurisens - kup suplement, cena w aptece, sk\u0142ad, dzia\u0142anie","robots":{"index":"index","follow":"follow","max-snippet":"max-snippet:-1","max-image-preview":"max-image-preview:large","max-video-preview":"max-video-preview:-1"},"canonical":"https:\/\/lekarzeopole.pl\/wordpress\/product\/aurisens\/","og_locale":"pl_PL","og_type":"article","og_title":"Aurisens - kup suplement, cena w aptece, sk\u0142ad, dzia\u0142anie","og_description":"Kup teraz SKU:\u00a0789.236.341    Produkt sprzedawany jest wy\u0142\u0105cznie za po\u015brednictwem oficjalnej strony producenta, id\u017a i kupuj bezpiecznie!","og_url":"https:\/\/lekarzeopole.pl\/wordpress\/product\/aurisens\/","og_site_name":"Lekarze Opole","article_modified_time":"2024-12-12T10:33:56+00:00","og_image":[{"width":499,"height":499,"url":"https:\/\/lekarzeopole.pl\/wordpress\/wp-content\/uploads\/2024\/09\/aurisens.jpg","type":"image\/jpeg"}],"twitter_card":"summary_large_image","twitter_misc":{"Szacowany czas czytania":"8 minut"},"schema":{"@context":"https:\/\/schema.org","@graph":[{"@type":"WebPage","@id":"https:\/\/lekarzeopole.pl\/wordpress\/product\/aurisens\/","url":"https:\/\/lekarzeopole.pl\/wordpress\/product\/aurisens\/","name":"Aurisens - kup suplement, cena w aptece, sk\u0142ad, dzia\u0142anie","isPartOf":{"@id":"https:\/\/lekarzeopole.pl\/wordpress\/#website"},"primaryImageOfPage":{"@id":"https:\/\/lekarzeopole.pl\/wordpress\/product\/aurisens\/#primaryimage"},"image":{"@id":"https:\/\/lekarzeopole.pl\/wordpress\/product\/aurisens\/#primaryimage"},"thumbnailUrl":"https:\/\/lekarzeopole.pl\/wordpress\/wp-content\/uploads\/2024\/09\/aurisens.jpg","datePublished":"2024-09-23T14:37:52+00:00","dateModified":"2024-12-12T10:33:56+00:00","breadcrumb":{"@id":"https:\/\/lekarzeopole.pl\/wordpress\/product\/aurisens\/#breadcrumb"},"inLanguage":"pl-PL","potentialAction":[{"@type":"ReadAction","target":["https:\/\/lekarzeopole.pl\/wordpress\/product\/aurisens\/"]}]},{"@type":"ImageObject","inLanguage":"pl-PL","@id":"https:\/\/lekarzeopole.pl\/wordpress\/product\/aurisens\/#primaryimage","url":"https:\/\/lekarzeopole.pl\/wordpress\/wp-content\/uploads\/2024\/09\/aurisens.jpg","contentUrl":"https:\/\/lekarzeopole.pl\/wordpress\/wp-content\/uploads\/2024\/09\/aurisens.jpg","width":499,"height":499,"caption":"Aurisens"},{"@type":"BreadcrumbList","@id":"https:\/\/lekarzeopole.pl\/wordpress\/product\/aurisens\/#breadcrumb","itemListElement":[{"@type":"ListItem","position":1,"name":"\u0413\u043b\u0430\u0432\u043d\u0430\u044f \u0441\u0442\u0440\u0430\u043d\u0438\u0446\u0430","item":"https:\/\/lekarzeopole.pl\/wordpress\/"},{"@type":"ListItem","position":2,"name":"Zakup","item":"https:\/\/lekarzeopole.pl\/wordpress\/"},{"@type":"ListItem","position":3,"name":"Aurisens"}]},{"@type":"WebSite","@id":"https:\/\/lekarzeopole.pl\/wordpress\/#website","url":"https:\/\/lekarzeopole.pl\/wordpress\/","name":"Lekarze Opole","description":"","potentialAction":[{"@type":"SearchAction","target":{"@type":"EntryPoint","urlTemplate":"https:\/\/lekarzeopole.pl\/wordpress\/?s={search_term_string}"},"query-input":{"@type":"PropertyValueSpecification","valueRequired":true,"valueName":"search_term_string"}}],"inLanguage":"pl-PL"}]}},"_links":{"self":[{"href":"https:\/\/lekarzeopole.pl\/wordpress\/wp-json\/wp\/v2\/product\/1067","targetHints":{"allow":["GET"]}}],"collection":[{"href":"https:\/\/lekarzeopole.pl\/wordpress\/wp-json\/wp\/v2\/product"}],"about":[{"href":"https:\/\/lekarzeopole.pl\/wordpress\/wp-json\/wp\/v2\/types\/product"}],"replies":[{"embeddable":true,"href":"https:\/\/lekarzeopole.pl\/wordpress\/wp-json\/wp\/v2\/comments?post=1067"}],"wp:featuredmedia":[{"embeddable":true,"href":"https:\/\/lekarzeopole.pl\/wordpress\/wp-json\/wp\/v2\/media\/1125"}],"wp:attachment":[{"href":"https:\/\/lekarzeopole.pl\/wordpress\/wp-json\/wp\/v2\/media?parent=1067"}],"wp:term":[{"taxonomy":"product_brand","embeddable":true,"href":"https:\/\/lekarzeopole.pl\/wordpress\/wp-json\/wp\/v2\/product_brand?post=1067"},{"taxonomy":"product_cat","embeddable":true,"href":"https:\/\/lekarzeopole.pl\/wordpress\/wp-json\/wp\/v2\/product_cat?post=1067"},{"taxonomy":"product_tag","embeddable":true,"href":"https:\/\/lekarzeopole.pl\/wordpress\/wp-json\/wp\/v2\/product_tag?post=1067"}],"curies":[{"name":"wp","href":"https:\/\/api.w.org\/{rel}","templated":true}]}}