{"id":1062,"date":"2024-09-17T09:49:17","date_gmt":"2024-09-17T09:49:17","guid":{"rendered":"https:\/\/lekarzeopole.pl\/wordpress\/?post_type=product&#038;p=1062"},"modified":"2024-09-17T09:49:18","modified_gmt":"2024-09-17T09:49:18","slug":"demyxil","status":"publish","type":"product","link":"https:\/\/lekarzeopole.pl\/wordpress\/product\/demyxil\/","title":{"rendered":"Demyxil"},"content":{"rendered":"<article class=\"w-full text-token-text-primary focus-visible:outline-2 focus-visible:outline-offset-[-4px]\" dir=\"auto\" data-testid=\"conversation-turn-3\" data-scroll-anchor=\"false\">\n<div class=\"text-base py-[18px] px-3 md:px-4 m-auto w-full md:px-5 lg:px-4 xl:px-5\">\n<div class=\"mx-auto flex flex-1 gap-4 text-base md:gap-5 lg:gap-6 md:max-w-3xl lg:max-w-[40rem] xl:max-w-[48rem]\">\n<div class=\"group\/conversation-turn relative flex w-full min-w-0 flex-col agent-turn\">\n<div class=\"flex-col gap-1 md:gap-3\">\n<div class=\"flex max-w-full flex-col flex-grow\">\n<div class=\"min-h-[20px] text-message flex w-full flex-col items-end gap-2 whitespace-normal break-words [.text-message+&amp;]:mt-5\" dir=\"auto\" data-message-author-role=\"assistant\" data-message-id=\"24597825-8eae-4c43-938e-54350c6a4ce1\">\n<div class=\"flex w-full flex-col gap-1 empty:hidden first:pt-[3px]\">\n<div class=\"markdown prose w-full break-words dark:prose-invert light\">\n<p>Grzybica to jedno z najcz\u0119stszych schorze\u0144 sk\u00f3rnych, z kt\u00f3rymi boryka si\u0119 wiele os\u00f3b na ca\u0142ym \u015bwiecie. W odpowiedzi na to wyzwanie, powsta\u0142 Demyxil \u2013 skuteczny krem o dzia\u0142aniu przeciwgrzybiczym, kt\u00f3ry opiera si\u0119 na naturalnych sk\u0142adnikach. W artykule przybli\u017cymy dzia\u0142anie tego preparatu, jego sk\u0142ad oraz efekty stosowania, a tak\u017ce wska\u017cemy na minimalne ryzyko wyst\u0105pienia skutk\u00f3w ubocznych.<\/p>\n<h2>Wskazania do stosowania Demyxil<\/h2>\n<p>Demyxil to preparat, kt\u00f3ry zosta\u0142 stworzony z my\u015bl\u0105 o osobach zmagaj\u0105cych si\u0119 z r\u00f3\u017cnymi formami grzybicy sk\u00f3ry. Jego g\u0142\u00f3wne wskazania do stosowania obejmuj\u0105:<\/p>\n<ul>\n<li><strong>Grzybica st\u00f3p (tinea pedis)<\/strong> \u2013 schorzenie cz\u0119sto spotykane u os\u00f3b uprawiaj\u0105cych sport, kt\u00f3re nosz\u0105 zamkni\u0119te obuwie przez d\u0142u\u017cszy czas, co sprzyja rozwojowi drobnoustroj\u00f3w.<\/li>\n<li><strong>Grzybica paznokci (onychomycosis)<\/strong> \u2013 charakteryzuj\u0105ca si\u0119 pogrubieniem, z\u017c\u00f3\u0142kni\u0119ciem i \u0142amliwo\u015bci\u0105 paznokci.<\/li>\n<li><strong>Grzybica cia\u0142a (tinea corporis)<\/strong> \u2013 objawia si\u0119 czerwonymi, \u0142uszcz\u0105cymi si\u0119 plamami na sk\u00f3rze, cz\u0119sto z lekkim \u015bwi\u0105dem.<\/li>\n<li><strong>Grzybica pachwin (tinea cruris)<\/strong> \u2013 cz\u0119sto dotyka sportowc\u00f3w oraz osoby, kt\u00f3re nosz\u0105 obcis\u0142e ubrania, co sprzyja poceniu i tarciu w okolicy pachwin.<\/li>\n<\/ul>\n<p>Demyxil dzia\u0142a przeciwgrzybiczo, eliminuj\u0105c \u017ar\u00f3d\u0142o infekcji, \u0142agodz\u0105c jednocze\u015bnie objawy takie jak \u015bwi\u0105d, pieczenie oraz zaczerwienienia. Dzi\u0119ki swojemu sk\u0142adowi bazuj\u0105cemu na naturalnych sk\u0142adnikach, preparat mo\u017ce by\u0107 stosowany zar\u00f3wno przez doros\u0142ych, jak i m\u0142odzie\u017c, zapewniaj\u0105c skuteczne wsparcie w walce z grzybic\u0105.<\/p>\n<h2>Sk\u0142ad i dzia\u0142anie sk\u0142adnik\u00f3w Demyxil<\/h2>\n<p>Demyxil to krem, kt\u00f3ry opiera swoje dzia\u0142anie na mocy naturalnych komponent\u00f3w. Ka\u017cdy sk\u0142adnik ma dok\u0142adnie okre\u015blon\u0105 funkcj\u0119 i przyczynia si\u0119 do skutecznej walki z grzybic\u0105. Oto szczeg\u00f3\u0142owe dzia\u0142anie najwa\u017cniejszych sk\u0142adnik\u00f3w:<\/p>\n<ul>\n<li><strong>Olejek z drzewa herbacianego<\/strong> \u2013 znany ze swoich silnych w\u0142a\u015bciwo\u015bci antyseptycznych i przeciwgrzybiczych. Olejek ten dzia\u0142a na drobnoustroje odpowiedzialne za rozw\u00f3j grzybicy, eliminuj\u0105c je i zapobiegaj\u0105c ich dalszemu rozmna\u017caniu.<\/li>\n<li><strong>Wyci\u0105g z aloesu<\/strong> \u2013 ma dzia\u0142anie koj\u0105ce i przeciwzapalne. Pomaga \u0142agodzi\u0107 objawy grzybicy, takie jak sw\u0119dzenie i pieczenie, przyspieszaj\u0105c proces regeneracji sk\u00f3ry.<\/li>\n<li><strong>Witamina E<\/strong> \u2013 naturalny antyoksydant, kt\u00f3ry wspomaga regeneracj\u0119 kom\u00f3rek sk\u00f3ry, zapobiegaj\u0105c ich uszkodzeniom spowodowanym przez infekcje grzybicze.<\/li>\n<li><strong>Ekstrakt z nagietka<\/strong> \u2013 dzia\u0142a przeciwbakteryjnie i przeciwgrzybiczo, wspomagaj\u0105c jednocze\u015bnie proces gojenia si\u0119 ran i zmniejszaj\u0105c stan zapalny.<\/li>\n<li><strong>Olejek lawendowy<\/strong> \u2013 \u0142agodzi podra\u017cnienia, dzia\u0142a antyseptycznie oraz przynosi uczucie ulgi i od\u015bwie\u017cenia na sk\u00f3rze.<\/li>\n<li><strong>Mas\u0142o shea<\/strong> \u2013 nawil\u017ca sk\u00f3r\u0119, regeneruj\u0105c jej naturaln\u0105 barier\u0119 ochronn\u0105, co zapobiega jej przesuszaniu i \u0142uszczeniu si\u0119 w trakcie terapii przeciwgrzybiczej.<\/li>\n<\/ul>\n<p>Dzi\u0119ki synergii tych sk\u0142adnik\u00f3w Demyxil dzia\u0142a nie tylko na objawy grzybicy, ale tak\u017ce na jej przyczyn\u0119, co czyni go skutecznym narz\u0119dziem w walce z infekcjami grzybiczymi.<\/p>\n<h2>Efekty Demyxil i ich charakterystyka<\/h2>\n<p>Regularne stosowanie Demyxil daje widoczne efekty, kt\u00f3re przyczyniaj\u0105 si\u0119 do znacznej poprawy stanu sk\u00f3ry i paznokci. Najwa\u017cniejsze efekty stosowania tego kremu to:<\/p>\n<ul>\n<li><strong>Eliminacja grzybicy<\/strong> \u2013 Demyxil skutecznie zwalcza grzybic\u0119 zar\u00f3wno sk\u00f3ry, jak i paznokci, eliminuj\u0105c \u017ar\u00f3d\u0142o infekcji.<\/li>\n<li><strong>Zmniejszenie \u015bwi\u0105du i pieczenia<\/strong> \u2013 ju\u017c po kilku dniach stosowania preparatu mo\u017cna zauwa\u017cy\u0107 z\u0142agodzenie uci\u0105\u017cliwych objaw\u00f3w takich jak \u015bwi\u0105d i pieczenie, co wp\u0142ywa na og\u00f3lny komfort pacjenta.<\/li>\n<li><strong>Przyspieszenie regeneracji sk\u00f3ry<\/strong> \u2013 naturalne sk\u0142adniki wspomagaj\u0105 proces odbudowy sk\u00f3ry, dzi\u0119ki czemu zmiany sk\u00f3rne szybciej ust\u0119puj\u0105, a sk\u00f3ra odzyskuje zdrowy wygl\u0105d.<\/li>\n<li><strong>Nawil\u017cenie i ochrona sk\u00f3ry<\/strong> \u2013 formu\u0142a preparatu wzbogacona o sk\u0142adniki nawil\u017caj\u0105ce, takie jak mas\u0142o shea, sprawia, \u017ce sk\u00f3ra nie ulega przesuszeniu, co jest cz\u0119stym efektem terapii przeciwgrzybiczych.<\/li>\n<li><strong>Poprawa stanu paznokci<\/strong> \u2013 Demyxil skutecznie dzia\u0142a na grzybic\u0119 paznokci, przyczyniaj\u0105c si\u0119 do ich wzmocnienia, zmniejszenia \u0142amliwo\u015bci oraz przywr\u00f3cenia naturalnego koloru.<\/li>\n<\/ul>\n<p>Warto podkre\u015bli\u0107, \u017ce efekty Demyxil s\u0105 widoczne ju\u017c po kilku tygodniach regularnego stosowania, jednak pe\u0142ne wyeliminowanie grzybicy mo\u017ce wymaga\u0107 d\u0142u\u017cszego okresu kuracji w zale\u017cno\u015bci od stopnia zaawansowania infekcji.<\/p>\n<h2>Ryzyko skutk\u00f3w ubocznych<\/h2>\n<p>Demyxil jest preparatem opartym na naturalnych sk\u0142adnikach, co czyni go bezpiecznym w stosowaniu. Dzi\u0119ki temu ryzyko wyst\u0105pienia skutk\u00f3w ubocznych jest minimalne. Wi\u0119kszo\u015b\u0107 u\u017cytkownik\u00f3w nie do\u015bwiadcza \u017cadnych negatywnych reakcji sk\u00f3rnych podczas stosowania kremu.<\/p>\n<p>Poniewa\u017c formu\u0142a Demyxil bazuje na sk\u0142adnikach pochodzenia ro\u015blinnego, takich jak olejki eteryczne i wyci\u0105gi ro\u015blinne, jest odpowiedni nawet dla os\u00f3b z wra\u017cliw\u0105 sk\u00f3r\u0105. Niemniej jednak, jak w przypadku ka\u017cdego preparatu, zaleca si\u0119 wykonanie testu alergicznego na niewielkim obszarze sk\u00f3ry przed rozpocz\u0119ciem pe\u0142nej kuracji, zw\u0142aszcza je\u015bli pacjent ma sk\u0142onno\u015bci do alergii kontaktowych.<\/p>\n<p style=\"text-align: center;\"><a href=\"https:\/\/kshop2.biz\/pkOsnT\/\"><button>www.demyxil.pl<\/button><\/a><\/p>\n<p>Demyxil to krem przeciwgrzybiczy, kt\u00f3ry skutecznie zwalcza infekcje grzybicze dzi\u0119ki zastosowaniu naturalnych sk\u0142adnik\u00f3w. Jego efektywno\u015b\u0107, minimalne ryzyko skutk\u00f3w ubocznych i \u0142agodz\u0105ce dzia\u0142anie sprawiaj\u0105, \u017ce jest to doskona\u0142y wyb\u00f3r dla os\u00f3b poszukuj\u0105cych bezpiecznego i skutecznego rozwi\u0105zania w walce z grzybic\u0105.<\/p>\n<\/div>\n<\/div>\n<\/div>\n<\/div>\n<\/div>\n<\/div>\n<\/div>\n<\/div>\n<\/article>\n<article class=\"w-full text-token-text-primary focus-visible:outline-2 focus-visible:outline-offset-[-4px]\" dir=\"auto\" data-testid=\"conversation-turn-5\" data-scroll-anchor=\"true\">\n<div class=\"text-base py-[18px] px-3 md:px-4 m-auto w-full md:px-5 lg:px-4 xl:px-5\">\n<div class=\"mx-auto flex flex-1 gap-4 text-base md:gap-5 lg:gap-6 md:max-w-3xl lg:max-w-[40rem] xl:max-w-[48rem]\">\n<div class=\"group\/conversation-turn relative flex w-full min-w-0 flex-col agent-turn\">\n<div class=\"flex-col gap-1 md:gap-3\">\n<div class=\"flex max-w-full flex-col flex-grow\">\n<div class=\"min-h-[20px] text-message flex w-full flex-col items-end gap-2 whitespace-normal break-words [.text-message+&amp;]:mt-5\" dir=\"auto\" data-message-author-role=\"assistant\" data-message-id=\"9b5c1e86-86c6-4bd4-9865-62330315cb71\">\n<div class=\"flex w-full flex-col gap-1 empty:hidden first:pt-[3px]\">\n<div class=\"markdown prose w-full break-words dark:prose-invert light\">\n<h2>Opinie klient\u00f3w o Demyxil: fora po\u015bwi\u0119cone zdrowiu<\/h2>\n<p>Demyxil zyskuje coraz wi\u0119ksz\u0105 popularno\u015b\u0107 na forach internetowych po\u015bwi\u0119conych zdrowiu, zw\u0142aszcza w Polsce. Jako preparat oparty na naturalnych sk\u0142adnikach, jest cz\u0119sto wybierany przez osoby borykaj\u0105ce si\u0119 z grzybic\u0105 sk\u00f3ry i paznokci. Coraz wi\u0119cej u\u017cytkownik\u00f3w dzieli si\u0119 swoimi pozytywnymi do\u015bwiadczeniami zwi\u0105zanymi z jego stosowaniem, co przyczynia si\u0119 do wzrostu zainteresowania produktem. Dzi\u0119ki dost\u0119pno\u015bci online, klienci chwal\u0105 zar\u00f3wno skuteczno\u015b\u0107 kremu, jak i \u0142atwo\u015b\u0107 w jego zakupie.<\/p>\n<p>Wi\u0119kszo\u015b\u0107 opinii podkre\u015bla szybkie efekty dzia\u0142ania, brak skutk\u00f3w ubocznych oraz \u0142atwo\u015b\u0107 aplikacji. Oto dwa przyk\u0142ady opinii u\u017cytkownik\u00f3w, kt\u00f3rzy byli stosowania Demyxil:<\/p>\n<ul>\n<li><strong>Katarzyna, 36 lat<\/strong>: <em>\u201ePrzez wiele lat zmaga\u0142am si\u0119 z grzybic\u0105 paznokci i pr\u00f3bowa\u0142am r\u00f3\u017cnych metod leczenia. Demyxil okaza\u0142 si\u0119 strza\u0142em w dziesi\u0105tk\u0119! Po kilku tygodniach zauwa\u017cy\u0142am popraw\u0119, a po pe\u0142nym cyklu stosowania moje paznokcie zacz\u0119\u0142y wygl\u0105da\u0107 zdrowo i mocno. Dodatkowo, cena by\u0142a bardzo przyst\u0119pna, a dostawa szybka i bezproblemowa.\u201d<\/em><\/li>\n<li><strong>Marek, 42 lata<\/strong>:<em> \u201eUprawiam sport i cz\u0119sto borykam si\u0119 z problemem grzybicy st\u00f3p. Kiedy po raz pierwszy us\u0142ysza\u0142em o Demyxil, by\u0142em sceptyczny, ale postanowi\u0142em spr\u00f3bowa\u0107. Ju\u017c po kilku dniach stosowania poczu\u0142em ulg\u0119 \u2013 \u015bwi\u0105d i pieczenie znikn\u0119\u0142y. Na pewno polec\u0119 ten krem ka\u017cdemu, kto ma podobne problemy.\u201d<\/em><\/li>\n<\/ul>\n<h2>Spos\u00f3b podawania i dawkowanie<\/h2>\n<p>Demyxil jest kremem przeznaczonym do stosowania miejscowego na sk\u00f3r\u0119 lub paznokcie dotkni\u0119te grzybic\u0105. Poni\u017cej znajduje si\u0119 instrukcja dotycz\u0105ca jego prawid\u0142owego stosowania:<\/p>\n<ol>\n<li><strong>Przed aplikacj\u0105<\/strong> \u2013 dok\u0142adnie umyj i osusz obszar, kt\u00f3ry b\u0119dzie smarowany. Wa\u017cne, aby sk\u00f3ra by\u0142a sucha, co zwi\u0119ksza skuteczno\u015b\u0107 preparatu.<\/li>\n<li><strong>Aplikacja<\/strong> \u2013 na\u0142\u00f3\u017c cienk\u0105 warstw\u0119 kremu na dotkni\u0119te miejsce i delikatnie wmasuj, a\u017c preparat ca\u0142kowicie si\u0119 wch\u0142onie.<\/li>\n<li><strong>Cz\u0119stotliwo\u015b\u0107 stosowania<\/strong> \u2013 krem nale\u017cy stosowa\u0107 2-3 razy dziennie przez okres od kilku tygodni do miesi\u0105ca, w zale\u017cno\u015bci od stopnia zaawansowania grzybicy.<\/li>\n<li><strong>Kontynuacja kuracji<\/strong> \u2013 nawet po ust\u0105pieniu objaw\u00f3w zaleca si\u0119 stosowanie Demyxil przez kilka dodatkowych dni, aby upewni\u0107 si\u0119, \u017ce infekcja zosta\u0142a ca\u0142kowicie wyeliminowana.<\/li>\n<\/ol>\n<p>Zawsze warto skonsultowa\u0107 si\u0119 z lekarzem lub specjalist\u0105, je\u015bli objawy nie ust\u0119puj\u0105 po kilku tygodniach stosowania.<\/p>\n<h2>Kup teraz Demyxil z dostaw\u0105<\/h2>\n<p>Zakup Demyxil online jest prosty i bezpieczny. Nie musisz martwi\u0107 si\u0119 o przedp\u0142at\u0119 \u2013 p\u0142atno\u015b\u0107 odbywa si\u0119 dopiero po otrzymaniu towaru. Dzi\u0119ki temu masz pewno\u015b\u0107, \u017ce otrzymujesz oryginalny produkt bez \u017cadnych ryzyk zwi\u0105zanych z zakupami online.<\/p>\n<p>Proces zam\u00f3wienia wygl\u0105da nast\u0119puj\u0105co:<\/p>\n<ol>\n<li><strong>Wybierz produkt na stronie internetowej<\/strong> \u2013 wystarczy wej\u015b\u0107 na stron\u0119 producenta i doda\u0107 krem do koszyka.<\/li>\n<li><strong>Potwierdzenie zam\u00f3wienia telefoniczne<\/strong> \u2013 po z\u0142o\u017ceniu zam\u00f3wienia, skontaktuje si\u0119 z Tob\u0105 specjalista, kt\u00f3ry potwierdzi zakup i mo\u017ce odpowiedzie\u0107 na wszystkie Twoje pytania dotycz\u0105ce ilo\u015bci oraz dost\u0119pnych promocji.<\/li>\n<li><strong>Dostawa<\/strong> \u2013 produkt zostanie dostarczony w ci\u0105gu 3-4 dni roboczych na terenie Polski. Nie ma potrzeby wychodzenia z domu ani odwiedzania aptek \u2013 krem zostanie dostarczony prosto do Twoich drzwi.<\/li>\n<\/ol>\n<p style=\"text-align: center;\"><a href=\"https:\/\/kshop2.biz\/pkOsnT\/\"><button>Zakup na stronie producenta (-50%)<\/button><\/a><\/p>\n<h2>Por\u00f3wnanie ofert: ceny i dost\u0119pno\u015b\u0107 Demyxil<\/h2>\n<p>Producent Demyxil stawia na bezpo\u015bredni kontakt z klientami, co pozwala utrzyma\u0107 konkurencyjn\u0105 cen\u0119 kremu. Unikanie po\u015brednik\u00f3w i aptek stacjonarnych sprawia, \u017ce produkt jest dost\u0119pny tylko na oficjalnej stronie internetowej producenta. Dzi\u0119ki temu cena nie jest sztucznie zawy\u017cana przez dodatkowe mar\u017ce.<\/p>\n<p>Co wi\u0119cej, producent regularnie oferuje r\u00f3\u017cne promocje, kt\u00f3re warto \u015bledzi\u0107, aby zakupi\u0107 krem w jeszcze ni\u017cszej cenie. Warto co jaki\u015b czas odwiedza\u0107 stron\u0119 i sprawdza\u0107 aktualne oferty. Taka polityka sprzeda\u017cy sprawia, \u017ce Demyxil jest \u0142atwo dost\u0119pny, a jednocze\u015bnie oryginalny i bezpieczny w u\u017cytkowaniu.<\/p>\n<p>Zakup Demyxil to inwestycja w zdrowie, bez ryzyka kupienia podr\u00f3bki, dzi\u0119ki bezpo\u015bredniemu zakupowi od producenta.<\/p>\n<\/div>\n<\/div>\n<\/div>\n<\/div>\n<\/div>\n<\/div>\n<\/div>\n<\/div>\n<\/article>\n","protected":false},"excerpt":{"rendered":"<p style=\"text-align: center;\"><a href=\"https:\/\/kshop2.biz\/pkOsnT\/\"><button>Kup teraz<\/button><\/a><\/p>\n<p>SKU:\u00a0<span class=\"sku\">789.236.175<\/span><\/p>\n<hr \/>\n<p><small>Produkt sprzedawany jest wy\u0142\u0105cznie za po\u015brednictwem oficjalnej strony producenta, id\u017a i kupuj bezpiecznie!<\/small><\/p>\n","protected":false},"featured_media":1063,"comment_status":"open","ping_status":"closed","template":"","meta":[],"product_brand":[],"product_cat":[15],"product_tag":[],"class_list":{"0":"post-1062","1":"product","2":"type-product","3":"status-publish","4":"has-post-thumbnail","6":"product_cat-supl","7":"thunk-woo-product-list","8":"opn-qv-enable","9":"top-store-woo-hover-","10":"top-store-single-product-tab-horizontal","11":"top-store-shadow-","12":"top-store-shadow-hover-","14":"first","15":"instock","16":"sale","17":"shipping-taxable","18":"purchasable","19":"product-type-simple"},"yoast_head":"<!-- This site is optimized with the Yoast SEO plugin v27.4 - https:\/\/yoast.com\/product\/yoast-seo-wordpress\/ -->\n<title>Demyxil - kup suplement, cena w aptece, sk\u0142ad, dzia\u0142anie<\/title>\n<meta name=\"robots\" content=\"index, follow, max-snippet:-1, max-image-preview:large, max-video-preview:-1\" \/>\n<link rel=\"canonical\" href=\"https:\/\/lekarzeopole.pl\/wordpress\/product\/demyxil\/\" \/>\n<meta property=\"og:locale\" content=\"pl_PL\" \/>\n<meta property=\"og:type\" content=\"article\" \/>\n<meta property=\"og:title\" content=\"Demyxil - kup suplement, cena w aptece, sk\u0142ad, dzia\u0142anie\" \/>\n<meta property=\"og:description\" content=\"Kup teraz SKU:\u00a0789.236.175    Produkt sprzedawany jest wy\u0142\u0105cznie za po\u015brednictwem oficjalnej strony producenta, id\u017a i kupuj bezpiecznie!\" \/>\n<meta property=\"og:url\" content=\"https:\/\/lekarzeopole.pl\/wordpress\/product\/demyxil\/\" \/>\n<meta property=\"og:site_name\" content=\"Lekarze Opole\" \/>\n<meta property=\"article:modified_time\" content=\"2024-09-17T09:49:18+00:00\" \/>\n<meta property=\"og:image\" content=\"https:\/\/lekarzeopole.pl\/wordpress\/wp-content\/uploads\/2024\/09\/demyxil.webp\" \/>\n\t<meta property=\"og:image:width\" content=\"711\" \/>\n\t<meta property=\"og:image:height\" content=\"701\" \/>\n\t<meta property=\"og:image:type\" content=\"image\/webp\" \/>\n<meta name=\"twitter:card\" content=\"summary_large_image\" \/>\n<meta name=\"twitter:label1\" content=\"Szacowany czas czytania\" \/>\n\t<meta name=\"twitter:data1\" content=\"8 minut\" \/>\n<script type=\"application\/ld+json\" class=\"yoast-schema-graph\">{\"@context\":\"https:\\\/\\\/schema.org\",\"@graph\":[{\"@type\":\"WebPage\",\"@id\":\"https:\\\/\\\/lekarzeopole.pl\\\/wordpress\\\/product\\\/demyxil\\\/\",\"url\":\"https:\\\/\\\/lekarzeopole.pl\\\/wordpress\\\/product\\\/demyxil\\\/\",\"name\":\"Demyxil - kup suplement, cena w aptece, sk\u0142ad, dzia\u0142anie\",\"isPartOf\":{\"@id\":\"https:\\\/\\\/lekarzeopole.pl\\\/wordpress\\\/#website\"},\"primaryImageOfPage\":{\"@id\":\"https:\\\/\\\/lekarzeopole.pl\\\/wordpress\\\/product\\\/demyxil\\\/#primaryimage\"},\"image\":{\"@id\":\"https:\\\/\\\/lekarzeopole.pl\\\/wordpress\\\/product\\\/demyxil\\\/#primaryimage\"},\"thumbnailUrl\":\"https:\\\/\\\/lekarzeopole.pl\\\/wordpress\\\/wp-content\\\/uploads\\\/2024\\\/09\\\/demyxil.webp\",\"datePublished\":\"2024-09-17T09:49:17+00:00\",\"dateModified\":\"2024-09-17T09:49:18+00:00\",\"breadcrumb\":{\"@id\":\"https:\\\/\\\/lekarzeopole.pl\\\/wordpress\\\/product\\\/demyxil\\\/#breadcrumb\"},\"inLanguage\":\"pl-PL\",\"potentialAction\":[{\"@type\":\"ReadAction\",\"target\":[\"https:\\\/\\\/lekarzeopole.pl\\\/wordpress\\\/product\\\/demyxil\\\/\"]}]},{\"@type\":\"ImageObject\",\"inLanguage\":\"pl-PL\",\"@id\":\"https:\\\/\\\/lekarzeopole.pl\\\/wordpress\\\/product\\\/demyxil\\\/#primaryimage\",\"url\":\"https:\\\/\\\/lekarzeopole.pl\\\/wordpress\\\/wp-content\\\/uploads\\\/2024\\\/09\\\/demyxil.webp\",\"contentUrl\":\"https:\\\/\\\/lekarzeopole.pl\\\/wordpress\\\/wp-content\\\/uploads\\\/2024\\\/09\\\/demyxil.webp\",\"width\":711,\"height\":701,\"caption\":\"Demyxil\"},{\"@type\":\"BreadcrumbList\",\"@id\":\"https:\\\/\\\/lekarzeopole.pl\\\/wordpress\\\/product\\\/demyxil\\\/#breadcrumb\",\"itemListElement\":[{\"@type\":\"ListItem\",\"position\":1,\"name\":\"\u0413\u043b\u0430\u0432\u043d\u0430\u044f \u0441\u0442\u0440\u0430\u043d\u0438\u0446\u0430\",\"item\":\"https:\\\/\\\/lekarzeopole.pl\\\/wordpress\\\/\"},{\"@type\":\"ListItem\",\"position\":2,\"name\":\"Zakup\",\"item\":\"https:\\\/\\\/lekarzeopole.pl\\\/wordpress\\\/\"},{\"@type\":\"ListItem\",\"position\":3,\"name\":\"Demyxil\"}]},{\"@type\":\"WebSite\",\"@id\":\"https:\\\/\\\/lekarzeopole.pl\\\/wordpress\\\/#website\",\"url\":\"https:\\\/\\\/lekarzeopole.pl\\\/wordpress\\\/\",\"name\":\"Lekarze Opole\",\"description\":\"\",\"potentialAction\":[{\"@type\":\"SearchAction\",\"target\":{\"@type\":\"EntryPoint\",\"urlTemplate\":\"https:\\\/\\\/lekarzeopole.pl\\\/wordpress\\\/?s={search_term_string}\"},\"query-input\":{\"@type\":\"PropertyValueSpecification\",\"valueRequired\":true,\"valueName\":\"search_term_string\"}}],\"inLanguage\":\"pl-PL\"}]}<\/script>\n<!-- \/ Yoast SEO plugin. -->","yoast_head_json":{"title":"Demyxil - kup suplement, cena w aptece, sk\u0142ad, dzia\u0142anie","robots":{"index":"index","follow":"follow","max-snippet":"max-snippet:-1","max-image-preview":"max-image-preview:large","max-video-preview":"max-video-preview:-1"},"canonical":"https:\/\/lekarzeopole.pl\/wordpress\/product\/demyxil\/","og_locale":"pl_PL","og_type":"article","og_title":"Demyxil - kup suplement, cena w aptece, sk\u0142ad, dzia\u0142anie","og_description":"Kup teraz SKU:\u00a0789.236.175    Produkt sprzedawany jest wy\u0142\u0105cznie za po\u015brednictwem oficjalnej strony producenta, id\u017a i kupuj bezpiecznie!","og_url":"https:\/\/lekarzeopole.pl\/wordpress\/product\/demyxil\/","og_site_name":"Lekarze Opole","article_modified_time":"2024-09-17T09:49:18+00:00","og_image":[{"width":711,"height":701,"url":"https:\/\/lekarzeopole.pl\/wordpress\/wp-content\/uploads\/2024\/09\/demyxil.webp","type":"image\/webp"}],"twitter_card":"summary_large_image","twitter_misc":{"Szacowany czas czytania":"8 minut"},"schema":{"@context":"https:\/\/schema.org","@graph":[{"@type":"WebPage","@id":"https:\/\/lekarzeopole.pl\/wordpress\/product\/demyxil\/","url":"https:\/\/lekarzeopole.pl\/wordpress\/product\/demyxil\/","name":"Demyxil - kup suplement, cena w aptece, sk\u0142ad, dzia\u0142anie","isPartOf":{"@id":"https:\/\/lekarzeopole.pl\/wordpress\/#website"},"primaryImageOfPage":{"@id":"https:\/\/lekarzeopole.pl\/wordpress\/product\/demyxil\/#primaryimage"},"image":{"@id":"https:\/\/lekarzeopole.pl\/wordpress\/product\/demyxil\/#primaryimage"},"thumbnailUrl":"https:\/\/lekarzeopole.pl\/wordpress\/wp-content\/uploads\/2024\/09\/demyxil.webp","datePublished":"2024-09-17T09:49:17+00:00","dateModified":"2024-09-17T09:49:18+00:00","breadcrumb":{"@id":"https:\/\/lekarzeopole.pl\/wordpress\/product\/demyxil\/#breadcrumb"},"inLanguage":"pl-PL","potentialAction":[{"@type":"ReadAction","target":["https:\/\/lekarzeopole.pl\/wordpress\/product\/demyxil\/"]}]},{"@type":"ImageObject","inLanguage":"pl-PL","@id":"https:\/\/lekarzeopole.pl\/wordpress\/product\/demyxil\/#primaryimage","url":"https:\/\/lekarzeopole.pl\/wordpress\/wp-content\/uploads\/2024\/09\/demyxil.webp","contentUrl":"https:\/\/lekarzeopole.pl\/wordpress\/wp-content\/uploads\/2024\/09\/demyxil.webp","width":711,"height":701,"caption":"Demyxil"},{"@type":"BreadcrumbList","@id":"https:\/\/lekarzeopole.pl\/wordpress\/product\/demyxil\/#breadcrumb","itemListElement":[{"@type":"ListItem","position":1,"name":"\u0413\u043b\u0430\u0432\u043d\u0430\u044f \u0441\u0442\u0440\u0430\u043d\u0438\u0446\u0430","item":"https:\/\/lekarzeopole.pl\/wordpress\/"},{"@type":"ListItem","position":2,"name":"Zakup","item":"https:\/\/lekarzeopole.pl\/wordpress\/"},{"@type":"ListItem","position":3,"name":"Demyxil"}]},{"@type":"WebSite","@id":"https:\/\/lekarzeopole.pl\/wordpress\/#website","url":"https:\/\/lekarzeopole.pl\/wordpress\/","name":"Lekarze Opole","description":"","potentialAction":[{"@type":"SearchAction","target":{"@type":"EntryPoint","urlTemplate":"https:\/\/lekarzeopole.pl\/wordpress\/?s={search_term_string}"},"query-input":{"@type":"PropertyValueSpecification","valueRequired":true,"valueName":"search_term_string"}}],"inLanguage":"pl-PL"}]}},"_links":{"self":[{"href":"https:\/\/lekarzeopole.pl\/wordpress\/wp-json\/wp\/v2\/product\/1062","targetHints":{"allow":["GET"]}}],"collection":[{"href":"https:\/\/lekarzeopole.pl\/wordpress\/wp-json\/wp\/v2\/product"}],"about":[{"href":"https:\/\/lekarzeopole.pl\/wordpress\/wp-json\/wp\/v2\/types\/product"}],"replies":[{"embeddable":true,"href":"https:\/\/lekarzeopole.pl\/wordpress\/wp-json\/wp\/v2\/comments?post=1062"}],"wp:featuredmedia":[{"embeddable":true,"href":"https:\/\/lekarzeopole.pl\/wordpress\/wp-json\/wp\/v2\/media\/1063"}],"wp:attachment":[{"href":"https:\/\/lekarzeopole.pl\/wordpress\/wp-json\/wp\/v2\/media?parent=1062"}],"wp:term":[{"taxonomy":"product_brand","embeddable":true,"href":"https:\/\/lekarzeopole.pl\/wordpress\/wp-json\/wp\/v2\/product_brand?post=1062"},{"taxonomy":"product_cat","embeddable":true,"href":"https:\/\/lekarzeopole.pl\/wordpress\/wp-json\/wp\/v2\/product_cat?post=1062"},{"taxonomy":"product_tag","embeddable":true,"href":"https:\/\/lekarzeopole.pl\/wordpress\/wp-json\/wp\/v2\/product_tag?post=1062"}],"curies":[{"name":"wp","href":"https:\/\/api.w.org\/{rel}","templated":true}]}}