{"id":1060,"date":"2024-09-17T09:41:40","date_gmt":"2024-09-17T09:41:40","guid":{"rendered":"https:\/\/lekarzeopole.pl\/wordpress\/?post_type=product&#038;p=1060"},"modified":"2024-12-12T10:27:17","modified_gmt":"2024-12-12T10:27:17","slug":"feronex","status":"publish","type":"product","link":"https:\/\/lekarzeopole.pl\/wordpress\/product\/feronex\/","title":{"rendered":"Feronex"},"content":{"rendered":"<article class=\"w-full text-token-text-primary focus-visible:outline-2 focus-visible:outline-offset-[-4px]\" dir=\"auto\" data-testid=\"conversation-turn-3\" data-scroll-anchor=\"false\">\n<div class=\"text-base py-[18px] px-3 md:px-4 m-auto w-full md:px-5 lg:px-4 xl:px-5\">\n<div class=\"mx-auto flex flex-1 gap-4 text-base md:gap-5 lg:gap-6 md:max-w-3xl lg:max-w-[40rem] xl:max-w-[48rem]\">\n<div class=\"group\/conversation-turn relative flex w-full min-w-0 flex-col agent-turn\">\n<div class=\"flex-col gap-1 md:gap-3\">\n<div class=\"flex max-w-full flex-col flex-grow\">\n<div class=\"min-h-[20px] text-message flex w-full flex-col items-end gap-2 whitespace-normal break-words [.text-message+&amp;]:mt-5\" dir=\"auto\" data-message-author-role=\"assistant\" data-message-id=\"aec8670e-ab13-422a-92a7-d47647ff36b4\">\n<div class=\"flex w-full flex-col gap-1 empty:hidden first:pt-[3px]\">\n<div class=\"markdown prose w-full break-words dark:prose-invert light\">\n<p>W dzisiejszych czasach wielu m\u0119\u017cczyzn boryka si\u0119 z problemami zdrowotnymi zwi\u0105zanymi z potencj\u0105, p\u0142odno\u015bci\u0105 oraz funkcjonowaniem uk\u0142adu moczowo-p\u0142ciowego. Jednym z produkt\u00f3w, kt\u00f3ry zyskuje coraz wi\u0119ksz\u0105 popularno\u015b\u0107 dzi\u0119ki swoim naturalnym sk\u0142adnikom i skuteczno\u015bci, jest <strong>Feronex<\/strong>. Oparty na wyj\u0105tkowych ekstraktach ro\u015blinnych, ten suplement diety stworzony zosta\u0142 z my\u015bl\u0105 o wsparciu zdrowia m\u0119\u017cczyzn w spos\u00f3b bezpieczny i naturalny. W tej artykule szczeg\u00f3\u0142owo om\u00f3wimy, jak dzia\u0142a Feronex, jakie sk\u0142adniki zawiera oraz jakie efekty mo\u017cna osi\u0105gn\u0105\u0107 dzi\u0119ki jego stosowaniu.<\/p>\n<h2>Wskazania do stosowania Feronex<\/h2>\n<p>Feronex to suplement diety przeznaczony przede wszystkim dla m\u0119\u017cczyzn, kt\u00f3rzy chc\u0105 poprawi\u0107 swoje zdrowie seksualne, wspiera\u0107 funkcjonowanie prostaty oraz zwi\u0119kszy\u0107 og\u00f3ln\u0105 witalno\u015b\u0107. G\u0142\u00f3wne wskazania do stosowania Feronex obejmuj\u0105:<\/p>\n<ol>\n<li><strong>Problemy z potencj\u0105<\/strong> \u2013 Feronex wspiera naturalne procesy w organizmie, kt\u00f3re odpowiadaj\u0105 za prawid\u0142owe funkcjonowanie uk\u0142adu erekcyjnego, co mo\u017ce pom\u00f3c m\u0119\u017cczyznom w utrzymaniu sprawno\u015bci seksualnej.<\/li>\n<li><strong>Zmniejszenie p\u0142odno\u015bci<\/strong> \u2013 Suplement zawiera sk\u0142adniki, kt\u00f3re mog\u0105 pozytywnie wp\u0142ywa\u0107 na jako\u015b\u0107 nasienia, co jest szczeg\u00f3lnie istotne dla m\u0119\u017cczyzn planuj\u0105cych potomstwo.<\/li>\n<li><strong>Wsparcie prostaty<\/strong> \u2013 Naturalne ekstrakty zawarte w Feronex maj\u0105 udowodnione dzia\u0142anie wspomagaj\u0105ce zdrowie gruczo\u0142u krokowego, co mo\u017ce zmniejszy\u0107 ryzyko rozwoju schorze\u0144 prostaty, takich jak \u0142agodny rozrost prostaty.<\/li>\n<li><strong>Niska energia i witalno\u015b\u0107<\/strong> \u2013 Regularne stosowanie Feronex mo\u017ce poprawi\u0107 og\u00f3ln\u0105 kondycj\u0119 fizyczn\u0105, dodaj\u0105c energii i witalno\u015bci.<\/li>\n<\/ol>\n<h2>Sk\u0142ad i dzia\u0142anie sk\u0142adnik\u00f3w Feronex<\/h2>\n<p>Feronex jest produktem opartym na sk\u0142adnikach pochodzenia naturalnego, co czyni go bezpiecznym w stosowaniu. W jego sk\u0142adzie znajduj\u0105 si\u0119 wyci\u0105gi z ro\u015blin o udowodnionych w\u0142a\u015bciwo\u015bciach wspieraj\u0105cych zdrowie m\u0119\u017cczyzn. Poni\u017cej om\u00f3wimy najwa\u017cniejsze z nich.<\/p>\n<h3>Ekstrakt z owoc\u00f3w Seenoa<\/h3>\n<p>Ekstrakt z owoc\u00f3w Seenoa, znany r\u00f3wnie\u017c jako palma saba\u0142owa, jest jednym z najcz\u0119\u015bciej stosowanych sk\u0142adnik\u00f3w w leczeniu problem\u00f3w z prostat\u0105, takich jak \u0142agodny przerost gruczo\u0142u krokowego. Ro\u015blina ta zawiera fitosterole, kt\u00f3re mog\u0105 hamowa\u0107 procesy zapalne oraz wspomaga\u0107 funkcje uk\u0142adu moczowego. Dzia\u0142a r\u00f3wnie\u017c wspieraj\u0105co na poziom hormon\u00f3w, co mo\u017ce przyczyni\u0107 si\u0119 do poprawy potencji i libido.<\/p>\n<h3>Cynk<\/h3>\n<p>Cynk to niezwykle wa\u017cny mikroelement dla zdrowia m\u0119\u017cczyzn. Jest kluczowy dla produkcji testosteronu \u2013 hormonu odpowiedzialnego za libido i si\u0142\u0119 mi\u0119\u015bniow\u0105. Niedob\u00f3r cynku mo\u017ce prowadzi\u0107 do zaburze\u0144 erekcji, zmniejszenia ilo\u015bci plemnik\u00f3w oraz obni\u017cenia poziomu testosteronu. Feronex dostarcza odpowiedniej ilo\u015bci cynku, co pomaga w utrzymaniu prawid\u0142owej funkcji seksualnej oraz zdrowia prostaty.<\/p>\n<h3>Ekstrakt z pokrzywy<\/h3>\n<p>Pokrzywa jest ro\u015blin\u0105 znan\u0105 z szerokiego zastosowania w medycynie naturalnej, a jej ekstrakt jest szczeg\u00f3lnie cenny dla zdrowia prostaty. Dzia\u0142a przeciwzapalnie oraz wspiera usuwanie toksyn z organizmu, co pomaga w \u0142agodzeniu dolegliwo\u015bci zwi\u0105zanych z prostat\u0105, takich jak problemy z oddawaniem moczu. W dodatku, pokrzywa mo\u017ce r\u00f3wnie\u017c poprawia\u0107 libido i wspiera\u0107 og\u00f3ln\u0105 kondycj\u0119 organizmu.<\/p>\n<h3>Ekstrakt z korzenia Maca<\/h3>\n<p>Maca to ro\u015blina pochodz\u0105ca z Peru, kt\u00f3ra od wiek\u00f3w by\u0142a stosowana jako naturalny afrodyzjak i \u015brodek wzmacniaj\u0105cy p\u0142odno\u015b\u0107. Badania pokazuj\u0105, \u017ce korze\u0144 Maca mo\u017ce poprawi\u0107 jako\u015b\u0107 nasienia, zwi\u0119kszaj\u0105c liczb\u0119 plemnik\u00f3w oraz ich ruchliwo\u015b\u0107. Dodatkowo, Maca wp\u0142ywa korzystnie na poziom energii oraz wytrzyma\u0142o\u015b\u0107 fizyczn\u0105, co czyni j\u0105 idealnym sk\u0142adnikiem dla m\u0119\u017cczyzn prowadz\u0105cych aktywny tryb \u017cycia.<\/p>\n<h2>Efekty Feronex i ich charakterystyka<\/h2>\n<p>Feronex, dzi\u0119ki bogatemu sk\u0142adowi, dzia\u0142a kompleksowo, przynosz\u0105c szereg pozytywnych efekt\u00f3w. Oto najwa\u017cniejsze z nich:<\/p>\n<ol>\n<li><strong>Poprawa potencji<\/strong> \u2013 Stosowanie Feronex pomaga w naturalny spos\u00f3b poprawi\u0107 potencj\u0119 oraz wyd\u0142u\u017cy\u0107 czas trwania erekcji. Sk\u0142adniki takie jak cynk i palma saba\u0142owa wspieraj\u0105 produkcj\u0119 testosteronu oraz reguluj\u0105 funkcjonowanie uk\u0142adu hormonalnego.<\/li>\n<li><strong>Wzrost p\u0142odno\u015bci<\/strong> \u2013 Dzi\u0119ki korzeniowi Maca, Feronex mo\u017ce poprawi\u0107 jako\u015b\u0107 nasienia, co jest szczeg\u00f3lnie istotne dla m\u0119\u017cczyzn borykaj\u0105cych si\u0119 z problemami z p\u0142odno\u015bci\u0105. Zwi\u0119ksza liczb\u0119 plemnik\u00f3w oraz ich ruchliwo\u015b\u0107, co zwi\u0119ksza szans\u0119 na zap\u0142odnienie.<\/li>\n<li><strong>Wsparcie zdrowia prostaty<\/strong> \u2013 Naturalne ekstrakty zawarte w Feronex, takie jak palma saba\u0142owa i pokrzywa, maj\u0105 udowodnione dzia\u0142anie wspomagaj\u0105ce zdrowie prostaty. Regularne stosowanie suplementu mo\u017ce zmniejszy\u0107 ryzyko wyst\u0105pienia problem\u00f3w zwi\u0105zanych z gruczo\u0142em krokowym, takich jak trudno\u015bci w oddawaniu moczu.<\/li>\n<li><strong>Poprawa og\u00f3lnej witalno\u015bci<\/strong> \u2013 Feronex nie tylko wp\u0142ywa na funkcje seksualne, ale tak\u017ce pomaga zwi\u0119kszy\u0107 energi\u0119, wytrzyma\u0142o\u015b\u0107 oraz og\u00f3ln\u0105 witalno\u015b\u0107. Dzi\u0119ki temu m\u0119\u017cczy\u017ani mog\u0105 cieszy\u0107 si\u0119 lepsz\u0105 kondycj\u0105 fizyczn\u0105 i psychiczn\u0105.<\/li>\n<\/ol>\n<h2>Ryzyko skutk\u00f3w ubocznych<\/h2>\n<p>Feronex to produkt oparty na naturalnych sk\u0142adnikach, co sprawia, \u017ce ryzyko wyst\u0105pienia skutk\u00f3w ubocznych jest minimalne. W przeciwie\u0144stwie do wielu syntetycznych preparat\u00f3w na rynku, kt\u00f3re mog\u0105 wywo\u0142ywa\u0107 niepo\u017c\u0105dane efekty uboczne, Feronex jest dobrze tolerowany przez wi\u0119kszo\u015b\u0107 m\u0119\u017cczyzn. Oczywi\u015bcie, jak w przypadku ka\u017cdego suplementu diety, zaleca si\u0119 skonsultowanie z lekarzem przed rozpocz\u0119ciem kuracji, zw\u0142aszcza w przypadku os\u00f3b z istniej\u0105cymi schorzeniami lub przyjmuj\u0105cych inne leki.<\/p>\n<h3 style=\"text-align: center;\"><a href=\"https:\/\/liebnhpo.prodliffe.com\"><button>www.feronex.pl<\/button><\/a><\/h3>\n<p>Feronex to skuteczny i bezpieczny suplement diety dla m\u0119\u017cczyzn, kt\u00f3ry pomaga w poprawie potencji, wsparciu zdrowia prostaty oraz zwi\u0119kszeniu p\u0142odno\u015bci. Dzi\u0119ki zastosowaniu naturalnych sk\u0142adnik\u00f3w takich jak palma saba\u0142owa, cynk, pokrzywa czy korze\u0144 Maca, Feronex dzia\u0142a kompleksowo, przynosz\u0105c liczne korzy\u015bci dla zdrowia m\u0119\u017cczyzn. Minimalne ryzyko skutk\u00f3w ubocznych oraz naturalne pochodzenie sk\u0142adnik\u00f3w czyni\u0105 go wyj\u0105tkowo bezpiecznym wyborem dla m\u0119\u017cczyzn dbaj\u0105cych o swoje zdrowie i witalno\u015b\u0107.<\/p>\n<\/div>\n<\/div>\n<\/div>\n<\/div>\n<\/div>\n<\/div>\n<\/div>\n<\/div>\n<\/article>\n<article class=\"w-full text-token-text-primary focus-visible:outline-2 focus-visible:outline-offset-[-4px]\" dir=\"auto\" data-testid=\"conversation-turn-5\" data-scroll-anchor=\"true\">\n<div class=\"text-base py-[18px] px-3 md:px-4 m-auto w-full md:px-5 lg:px-4 xl:px-5\">\n<div class=\"mx-auto flex flex-1 gap-4 text-base md:gap-5 lg:gap-6 md:max-w-3xl lg:max-w-[40rem] xl:max-w-[48rem]\">\n<div class=\"group\/conversation-turn relative flex w-full min-w-0 flex-col agent-turn\">\n<div class=\"flex-col gap-1 md:gap-3\">\n<div class=\"flex max-w-full flex-col flex-grow\">\n<div class=\"min-h-[20px] text-message flex w-full flex-col items-end gap-2 whitespace-normal break-words [.text-message+&amp;]:mt-5\" dir=\"auto\" data-message-author-role=\"assistant\" data-message-id=\"fc0baf94-3c36-4042-abdb-090627e4c18f\">\n<div class=\"flex w-full flex-col gap-1 empty:hidden first:pt-[3px]\">\n<div class=\"markdown prose w-full break-words dark:prose-invert light\">\n<h2>Opinie klient\u00f3w \u043e Feronex: fora po\u015bwi\u0119cone zdrowiu<\/h2>\n<p>W Polsce suplement diety <strong>Feronex<\/strong> zyskuje coraz wi\u0119ksz\u0105 popularno\u015b\u0107, zw\u0142aszcza w\u015br\u00f3d m\u0119\u017cczyzn poszukuj\u0105cych naturalnych metod wsparcia potencji oraz zdrowia prostaty. Z tego wzgl\u0119du, na forach internetowych po\u015bwi\u0119conych zdrowiu m\u0119\u017cczyzn coraz cz\u0119\u015bciej pojawiaj\u0105 si\u0119 w\u0105tki dotycz\u0105ce tego preparatu. Dyskusje na temat Feronex mo\u017cna znale\u017a\u0107 zar\u00f3wno na forach dedykowanych zdrowiu prostaty, jak i na og\u00f3lnych stronach dotycz\u0105cych suplementacji. Wi\u0119kszo\u015b\u0107 u\u017cytkownik\u00f3w opisuje pozytywne do\u015bwiadczenia zwi\u0105zane ze stosowaniem tego suplementu, podkre\u015blaj\u0105c jego skuteczno\u015b\u0107 oraz dost\u0119pno\u015b\u0107.<\/p>\n<p>Wielu klient\u00f3w chwali Feronex za to, \u017ce efekty s\u0105 widoczne ju\u017c po kilku tygodniach stosowania. Ponadto, ceniona jest mo\u017cliwo\u015b\u0107 zakupu produktu online, co eliminuje potrzeb\u0119 szukania go w aptekach stacjonarnych.<\/p>\n<p><strong>Przyk\u0142adowe opinie u\u017cytkownik\u00f3w:<\/strong><\/p>\n<ul>\n<li><strong>Tomasz, 45 lat<\/strong>: <em>&#8222;Stosuj\u0119 Feronex od ponad miesi\u0105ca i musz\u0119 przyzna\u0107, \u017ce jestem pozytywnie zaskoczony. Problemy z prostat\u0105 zacz\u0119\u0142y ust\u0119powa\u0107, a moja og\u00f3lna kondycja znacznie si\u0119 poprawi\u0142a. Suplement dzia\u0142a bez zarzutu i co najwa\u017cniejsze \u2013 jest w pe\u0142ni naturalny. Dla mnie to du\u017cy plus!&#8221;<\/em><\/li>\n<li><strong>Piotr, 52 lata<\/strong>: <em>&#8222;Zdecydowa\u0142em si\u0119 na Feronex po przeczytaniu wielu pozytywnych opinii w internecie. Zaczynam zauwa\u017ca\u0107 pierwsze efekty \u2013 poprawi\u0142a si\u0119 moja witalno\u015b\u0107, a problemy z oddawaniem moczu, kt\u00f3re wcze\u015bniej mnie niepokoi\u0142y, staj\u0105 si\u0119 coraz mniej dokuczliwe. Polecam wszystkim, kt\u00f3rzy szukaj\u0105 czego\u015b naturalnego i skutecznego.&#8221;<\/em><\/li>\n<\/ul>\n<h2>Spos\u00f3b podawania i dawkowanie<\/h2>\n<p>Feronex jest \u0142atwy w stosowaniu, co czyni go wygodnym suplementem dla ka\u017cdego m\u0119\u017cczyzny. Zalecane dawkowanie to <strong>1 kapsu\u0142ka dziennie<\/strong>, najlepiej podczas posi\u0142ku, co pomaga w lepszym wch\u0142anianiu sk\u0142adnik\u00f3w aktywnych. Regularno\u015b\u0107 jest kluczowa, poniewa\u017c efekty dzia\u0142ania Feronex s\u0105 widoczne po pewnym czasie systematycznego stosowania. Suplement mo\u017cna stosowa\u0107 przez d\u0142u\u017cszy okres, nie powoduj\u0105c przy tym ryzyka uzale\u017cnienia czy efekt\u00f3w ubocznych.<\/p>\n<p>Dawk\u0119 mo\u017cna dostosowa\u0107 do indywidualnych potrzeb po konsultacji z lekarzem lub specjalist\u0105, zw\u0142aszcza je\u015bli chodzi o d\u0142ugoterminowe stosowanie lub ewentualne \u0142\u0105czenie z innymi suplementami czy lekami.<\/p>\n<h2>Kup teraz Feronex z dostaw\u0105<\/h2>\n<p>Zakup Feronex jest prosty i wygodny. Suplement mo\u017cna zam\u00f3wi\u0107 online, co jest niezwykle korzystne \u2013 nie trzeba szuka\u0107 go w aptekach stacjonarnych ani zamawia\u0107 z innych, cz\u0119sto mniej pewnych \u017ar\u00f3de\u0142. Co wa\u017cne, <strong>nie ma potrzeby wcze\u015bniejszej op\u0142aty za zam\u00f3wienie<\/strong>. Klienci p\u0142ac\u0105 dopiero po otrzymaniu produktu, co eliminuje ryzyko nieuczciwych transakcji.<\/p>\n<p>Dostawa zajmuje <strong>zaledwie 3-4 dni robocze<\/strong> na terenie Polski, a po z\u0142o\u017ceniu zam\u00f3wienia, potwierdzany jest ono telefonicznie przez specjalist\u0119. Dzi\u0119ki temu klient ma mo\u017cliwo\u015b\u0107 skonsultowania szczeg\u00f3\u0142\u00f3w dotycz\u0105cych zam\u00f3wienia, ilo\u015bci produktu oraz dost\u0119pnych promocji. To wygodna opcja, kt\u00f3ra pozwala na otrzymanie oryginalnego produktu w kr\u00f3tkim czasie i bez ryzyka.<\/p>\n<p style=\"text-align: center;\"><a href=\"https:\/\/liebnhpo.prodliffe.com\"><button>Zakup na stronie producenta (-50%)<\/button><\/a><\/p>\n<h2>Por\u00f3wnanie ofert: ceny i dost\u0119pno\u015b\u0107 Feronex<\/h2>\n<p>Producent Feronex stawia na <strong>dost\u0119pno\u015b\u0107<\/strong> swojego produktu dla jak najwi\u0119kszej liczby klient\u00f3w. Dlatego suplement ten mo\u017cna zakupi\u0107 bezpo\u015brednio na <strong>oficjalnej stronie internetowej<\/strong>, co eliminuje po\u015brednik\u00f3w oraz dodatkowe koszty wynikaj\u0105ce z mar\u017c detalicznych. Kupuj\u0105c bezpo\u015brednio od producenta, klient ma pewno\u015b\u0107, \u017ce otrzymuje oryginalny produkt, bez obaw o fa\u0142szywe kopie, kt\u00f3re czasem pojawiaj\u0105 si\u0119 na nieautoryzowanych stronach sprzeda\u017cowych.<\/p>\n<p>Dodatkowo, na stronie regularnie pojawiaj\u0105 si\u0119 <strong>promocje<\/strong> i oferty specjalne, kt\u00f3re mog\u0105 obni\u017cy\u0107 cen\u0119 zakupu. Warto wi\u0119c na bie\u017c\u0105co sprawdza\u0107 dost\u0119pno\u015b\u0107 zni\u017cek, co pozwala na zakup Feronex w jeszcze korzystniejszej cenie. Wa\u017cne jest r\u00f3wnie\u017c to, \u017ce Feronex <strong>nie jest dost\u0119pny w aptekach stacjonarnych<\/strong>, co dodatkowo podkre\u015bla wyj\u0105tkowo\u015b\u0107 tego produktu i polityk\u0119 producenta, nastawion\u0105 na bezpo\u015bredni\u0105 sprzeda\u017c, z korzy\u015bci\u0105 dla klient\u00f3w.<\/p>\n<p>Feronex to naturalny suplement diety, kt\u00f3ry skutecznie wspiera zdrowie m\u0119\u017cczyzn, pomagaj\u0105c w walce z problemami z potencj\u0105, prostat\u0105 oraz og\u00f3ln\u0105 witalno\u015bci\u0105. Dzi\u0119ki \u0142atwej dost\u0119pno\u015bci online, elastycznym warunkom zakupu oraz regularnym promocjom, suplement ten staje si\u0119 coraz bardziej popularny w\u015br\u00f3d polskich konsument\u00f3w, kt\u00f3rzy ceni\u0105 sobie zar\u00f3wno jego skuteczno\u015b\u0107, jak i wygod\u0119 zakupu.<\/p>\n<\/div>\n<\/div>\n<\/div>\n<\/div>\n<\/div>\n<\/div>\n<\/div>\n<\/div>\n<\/article>\n","protected":false},"excerpt":{"rendered":"<p style=\"text-align: center;\"><a href=\"https:\/\/liebnhpo.prodliffe.com\"><button>Kup teraz<\/button><\/a><\/p>\n<p>SKU:\u00a0<span class=\"sku\">789.235.175<\/span><\/p>\n<hr \/>\n<p><small>Produkt sprzedawany jest wy\u0142\u0105cznie za po\u015brednictwem oficjalnej strony producenta, id\u017a i kupuj bezpiecznie!<\/small><\/p>\n","protected":false},"featured_media":1124,"comment_status":"open","ping_status":"closed","template":"","meta":[],"product_brand":[],"product_cat":[15],"product_tag":[],"class_list":{"0":"post-1060","1":"product","2":"type-product","3":"status-publish","4":"has-post-thumbnail","6":"product_cat-supl","7":"thunk-woo-product-list","8":"opn-qv-enable","9":"top-store-woo-hover-","10":"top-store-single-product-tab-horizontal","11":"top-store-shadow-","12":"top-store-shadow-hover-","14":"first","15":"instock","16":"sale","17":"shipping-taxable","18":"purchasable","19":"product-type-simple"},"yoast_head":"<!-- This site is optimized with the Yoast SEO plugin v27.4 - https:\/\/yoast.com\/product\/yoast-seo-wordpress\/ -->\n<title>Feronex - kup suplement, cena w aptece, sk\u0142ad, dzia\u0142anie<\/title>\n<meta name=\"robots\" content=\"index, follow, max-snippet:-1, max-image-preview:large, max-video-preview:-1\" \/>\n<link rel=\"canonical\" href=\"https:\/\/lekarzeopole.pl\/wordpress\/product\/feronex\/\" \/>\n<meta property=\"og:locale\" content=\"pl_PL\" \/>\n<meta property=\"og:type\" content=\"article\" \/>\n<meta property=\"og:title\" content=\"Feronex - kup suplement, cena w aptece, sk\u0142ad, dzia\u0142anie\" \/>\n<meta property=\"og:description\" content=\"Kup teraz SKU:\u00a0789.235.175    Produkt sprzedawany jest wy\u0142\u0105cznie za po\u015brednictwem oficjalnej strony producenta, id\u017a i kupuj bezpiecznie!\" \/>\n<meta property=\"og:url\" content=\"https:\/\/lekarzeopole.pl\/wordpress\/product\/feronex\/\" \/>\n<meta property=\"og:site_name\" content=\"Lekarze Opole\" \/>\n<meta property=\"article:modified_time\" content=\"2024-12-12T10:27:17+00:00\" \/>\n<meta property=\"og:image\" content=\"https:\/\/lekarzeopole.pl\/wordpress\/wp-content\/uploads\/2024\/09\/feronex.png\" \/>\n\t<meta property=\"og:image:width\" content=\"700\" \/>\n\t<meta property=\"og:image:height\" content=\"700\" \/>\n\t<meta property=\"og:image:type\" content=\"image\/png\" \/>\n<meta name=\"twitter:card\" content=\"summary_large_image\" \/>\n<meta name=\"twitter:label1\" content=\"Szacowany czas czytania\" \/>\n\t<meta name=\"twitter:data1\" content=\"9 minut\" \/>\n<script type=\"application\/ld+json\" class=\"yoast-schema-graph\">{\"@context\":\"https:\\\/\\\/schema.org\",\"@graph\":[{\"@type\":\"WebPage\",\"@id\":\"https:\\\/\\\/lekarzeopole.pl\\\/wordpress\\\/product\\\/feronex\\\/\",\"url\":\"https:\\\/\\\/lekarzeopole.pl\\\/wordpress\\\/product\\\/feronex\\\/\",\"name\":\"Feronex - kup suplement, cena w aptece, sk\u0142ad, dzia\u0142anie\",\"isPartOf\":{\"@id\":\"https:\\\/\\\/lekarzeopole.pl\\\/wordpress\\\/#website\"},\"primaryImageOfPage\":{\"@id\":\"https:\\\/\\\/lekarzeopole.pl\\\/wordpress\\\/product\\\/feronex\\\/#primaryimage\"},\"image\":{\"@id\":\"https:\\\/\\\/lekarzeopole.pl\\\/wordpress\\\/product\\\/feronex\\\/#primaryimage\"},\"thumbnailUrl\":\"https:\\\/\\\/lekarzeopole.pl\\\/wordpress\\\/wp-content\\\/uploads\\\/2024\\\/09\\\/feronex.png\",\"datePublished\":\"2024-09-17T09:41:40+00:00\",\"dateModified\":\"2024-12-12T10:27:17+00:00\",\"breadcrumb\":{\"@id\":\"https:\\\/\\\/lekarzeopole.pl\\\/wordpress\\\/product\\\/feronex\\\/#breadcrumb\"},\"inLanguage\":\"pl-PL\",\"potentialAction\":[{\"@type\":\"ReadAction\",\"target\":[\"https:\\\/\\\/lekarzeopole.pl\\\/wordpress\\\/product\\\/feronex\\\/\"]}]},{\"@type\":\"ImageObject\",\"inLanguage\":\"pl-PL\",\"@id\":\"https:\\\/\\\/lekarzeopole.pl\\\/wordpress\\\/product\\\/feronex\\\/#primaryimage\",\"url\":\"https:\\\/\\\/lekarzeopole.pl\\\/wordpress\\\/wp-content\\\/uploads\\\/2024\\\/09\\\/feronex.png\",\"contentUrl\":\"https:\\\/\\\/lekarzeopole.pl\\\/wordpress\\\/wp-content\\\/uploads\\\/2024\\\/09\\\/feronex.png\",\"width\":700,\"height\":700,\"caption\":\"Feronex\"},{\"@type\":\"BreadcrumbList\",\"@id\":\"https:\\\/\\\/lekarzeopole.pl\\\/wordpress\\\/product\\\/feronex\\\/#breadcrumb\",\"itemListElement\":[{\"@type\":\"ListItem\",\"position\":1,\"name\":\"\u0413\u043b\u0430\u0432\u043d\u0430\u044f \u0441\u0442\u0440\u0430\u043d\u0438\u0446\u0430\",\"item\":\"https:\\\/\\\/lekarzeopole.pl\\\/wordpress\\\/\"},{\"@type\":\"ListItem\",\"position\":2,\"name\":\"Zakup\",\"item\":\"https:\\\/\\\/lekarzeopole.pl\\\/wordpress\\\/\"},{\"@type\":\"ListItem\",\"position\":3,\"name\":\"Feronex\"}]},{\"@type\":\"WebSite\",\"@id\":\"https:\\\/\\\/lekarzeopole.pl\\\/wordpress\\\/#website\",\"url\":\"https:\\\/\\\/lekarzeopole.pl\\\/wordpress\\\/\",\"name\":\"Lekarze Opole\",\"description\":\"\",\"potentialAction\":[{\"@type\":\"SearchAction\",\"target\":{\"@type\":\"EntryPoint\",\"urlTemplate\":\"https:\\\/\\\/lekarzeopole.pl\\\/wordpress\\\/?s={search_term_string}\"},\"query-input\":{\"@type\":\"PropertyValueSpecification\",\"valueRequired\":true,\"valueName\":\"search_term_string\"}}],\"inLanguage\":\"pl-PL\"}]}<\/script>\n<!-- \/ Yoast SEO plugin. -->","yoast_head_json":{"title":"Feronex - kup suplement, cena w aptece, sk\u0142ad, dzia\u0142anie","robots":{"index":"index","follow":"follow","max-snippet":"max-snippet:-1","max-image-preview":"max-image-preview:large","max-video-preview":"max-video-preview:-1"},"canonical":"https:\/\/lekarzeopole.pl\/wordpress\/product\/feronex\/","og_locale":"pl_PL","og_type":"article","og_title":"Feronex - kup suplement, cena w aptece, sk\u0142ad, dzia\u0142anie","og_description":"Kup teraz SKU:\u00a0789.235.175    Produkt sprzedawany jest wy\u0142\u0105cznie za po\u015brednictwem oficjalnej strony producenta, id\u017a i kupuj bezpiecznie!","og_url":"https:\/\/lekarzeopole.pl\/wordpress\/product\/feronex\/","og_site_name":"Lekarze Opole","article_modified_time":"2024-12-12T10:27:17+00:00","og_image":[{"width":700,"height":700,"url":"https:\/\/lekarzeopole.pl\/wordpress\/wp-content\/uploads\/2024\/09\/feronex.png","type":"image\/png"}],"twitter_card":"summary_large_image","twitter_misc":{"Szacowany czas czytania":"9 minut"},"schema":{"@context":"https:\/\/schema.org","@graph":[{"@type":"WebPage","@id":"https:\/\/lekarzeopole.pl\/wordpress\/product\/feronex\/","url":"https:\/\/lekarzeopole.pl\/wordpress\/product\/feronex\/","name":"Feronex - kup suplement, cena w aptece, sk\u0142ad, dzia\u0142anie","isPartOf":{"@id":"https:\/\/lekarzeopole.pl\/wordpress\/#website"},"primaryImageOfPage":{"@id":"https:\/\/lekarzeopole.pl\/wordpress\/product\/feronex\/#primaryimage"},"image":{"@id":"https:\/\/lekarzeopole.pl\/wordpress\/product\/feronex\/#primaryimage"},"thumbnailUrl":"https:\/\/lekarzeopole.pl\/wordpress\/wp-content\/uploads\/2024\/09\/feronex.png","datePublished":"2024-09-17T09:41:40+00:00","dateModified":"2024-12-12T10:27:17+00:00","breadcrumb":{"@id":"https:\/\/lekarzeopole.pl\/wordpress\/product\/feronex\/#breadcrumb"},"inLanguage":"pl-PL","potentialAction":[{"@type":"ReadAction","target":["https:\/\/lekarzeopole.pl\/wordpress\/product\/feronex\/"]}]},{"@type":"ImageObject","inLanguage":"pl-PL","@id":"https:\/\/lekarzeopole.pl\/wordpress\/product\/feronex\/#primaryimage","url":"https:\/\/lekarzeopole.pl\/wordpress\/wp-content\/uploads\/2024\/09\/feronex.png","contentUrl":"https:\/\/lekarzeopole.pl\/wordpress\/wp-content\/uploads\/2024\/09\/feronex.png","width":700,"height":700,"caption":"Feronex"},{"@type":"BreadcrumbList","@id":"https:\/\/lekarzeopole.pl\/wordpress\/product\/feronex\/#breadcrumb","itemListElement":[{"@type":"ListItem","position":1,"name":"\u0413\u043b\u0430\u0432\u043d\u0430\u044f \u0441\u0442\u0440\u0430\u043d\u0438\u0446\u0430","item":"https:\/\/lekarzeopole.pl\/wordpress\/"},{"@type":"ListItem","position":2,"name":"Zakup","item":"https:\/\/lekarzeopole.pl\/wordpress\/"},{"@type":"ListItem","position":3,"name":"Feronex"}]},{"@type":"WebSite","@id":"https:\/\/lekarzeopole.pl\/wordpress\/#website","url":"https:\/\/lekarzeopole.pl\/wordpress\/","name":"Lekarze Opole","description":"","potentialAction":[{"@type":"SearchAction","target":{"@type":"EntryPoint","urlTemplate":"https:\/\/lekarzeopole.pl\/wordpress\/?s={search_term_string}"},"query-input":{"@type":"PropertyValueSpecification","valueRequired":true,"valueName":"search_term_string"}}],"inLanguage":"pl-PL"}]}},"_links":{"self":[{"href":"https:\/\/lekarzeopole.pl\/wordpress\/wp-json\/wp\/v2\/product\/1060","targetHints":{"allow":["GET"]}}],"collection":[{"href":"https:\/\/lekarzeopole.pl\/wordpress\/wp-json\/wp\/v2\/product"}],"about":[{"href":"https:\/\/lekarzeopole.pl\/wordpress\/wp-json\/wp\/v2\/types\/product"}],"replies":[{"embeddable":true,"href":"https:\/\/lekarzeopole.pl\/wordpress\/wp-json\/wp\/v2\/comments?post=1060"}],"wp:featuredmedia":[{"embeddable":true,"href":"https:\/\/lekarzeopole.pl\/wordpress\/wp-json\/wp\/v2\/media\/1124"}],"wp:attachment":[{"href":"https:\/\/lekarzeopole.pl\/wordpress\/wp-json\/wp\/v2\/media?parent=1060"}],"wp:term":[{"taxonomy":"product_brand","embeddable":true,"href":"https:\/\/lekarzeopole.pl\/wordpress\/wp-json\/wp\/v2\/product_brand?post=1060"},{"taxonomy":"product_cat","embeddable":true,"href":"https:\/\/lekarzeopole.pl\/wordpress\/wp-json\/wp\/v2\/product_cat?post=1060"},{"taxonomy":"product_tag","embeddable":true,"href":"https:\/\/lekarzeopole.pl\/wordpress\/wp-json\/wp\/v2\/product_tag?post=1060"}],"curies":[{"name":"wp","href":"https:\/\/api.w.org\/{rel}","templated":true}]}}