{"id":1058,"date":"2024-09-17T09:33:13","date_gmt":"2024-09-17T09:33:13","guid":{"rendered":"https:\/\/lekarzeopole.pl\/wordpress\/?post_type=product&#038;p=1058"},"modified":"2024-12-06T13:35:36","modified_gmt":"2024-12-06T13:35:36","slug":"up-vision","status":"publish","type":"product","link":"https:\/\/lekarzeopole.pl\/wordpress\/product\/up-vision\/","title":{"rendered":"Up Vision"},"content":{"rendered":"<article class=\"w-full text-token-text-primary focus-visible:outline-2 focus-visible:outline-offset-[-4px]\" dir=\"auto\" data-testid=\"conversation-turn-3\" data-scroll-anchor=\"false\">\n<div class=\"text-base py-[18px] px-3 md:px-4 m-auto w-full md:px-5 lg:px-4 xl:px-5\">\n<div class=\"mx-auto flex flex-1 gap-4 text-base md:gap-5 lg:gap-6 md:max-w-3xl lg:max-w-[40rem] xl:max-w-[48rem]\">\n<div class=\"group\/conversation-turn relative flex w-full min-w-0 flex-col agent-turn\">\n<div class=\"flex-col gap-1 md:gap-3\">\n<div class=\"flex max-w-full flex-col flex-grow\">\n<div class=\"min-h-[20px] text-message flex w-full flex-col items-end gap-2 whitespace-normal break-words [.text-message+&amp;]:mt-5\" dir=\"auto\" data-message-author-role=\"assistant\" data-message-id=\"58d6eebd-384f-4ee5-8cf9-b963b599df86\">\n<div class=\"flex w-full flex-col gap-1 empty:hidden first:pt-[3px]\">\n<div class=\"markdown prose w-full break-words dark:prose-invert light\">\n<p>W dzisiejszym \u015bwiecie wiele os\u00f3b zmaga si\u0119 z problemami ze wzrokiem. Niezale\u017cnie od tego, czy sp\u0119dzamy d\u0142ugie godziny przed ekranami komputer\u00f3w, smartfon\u00f3w, czy te\u017c nasz wzrok os\u0142abia si\u0119 wraz z wiekiem, istnieje potrzeba wsparcia zdrowia oczu. Na szcz\u0119\u015bcie, istniej\u0105 preparaty takie jak <strong>Up Vision<\/strong>, kt\u00f3re oferuj\u0105 wsparcie w postaci naturalnych sk\u0142adnik\u00f3w. W tej artykule om\u00f3wimy sk\u0142ad, dzia\u0142anie i efekty tego preparatu, jak r\u00f3wnie\u017c to, dlaczego warto zwr\u00f3ci\u0107 na niego uwag\u0119, je\u015bli zale\u017cy nam na ochronie wzroku.<\/p>\n<h2>Wskazania do stosowania Up Vision<\/h2>\n<p><strong>Up Vision<\/strong> to suplement diety stworzony specjalnie dla os\u00f3b, kt\u00f3re chc\u0105 poprawi\u0107 jako\u015b\u0107 swojego widzenia i zadba\u0107 o zdrowie oczu. Jest on szczeg\u00f3lnie polecany w przypadku os\u00f3b, kt\u00f3re:<\/p>\n<ul>\n<li>Odczuwaj\u0105 zm\u0119czenie oczu spowodowane d\u0142ugotrwa\u0142ym korzystaniem z urz\u0105dze\u0144 elektronicznych.<\/li>\n<li>Maj\u0105 problemy z widzeniem w nocy lub w s\u0142abym o\u015bwietleniu.<\/li>\n<li>Zmagaj\u0105 si\u0119 z sucho\u015bci\u0105 oczu, podra\u017cnieniami, stanami zapalnymi.<\/li>\n<li>Chc\u0105 chroni\u0107 oczy przed szkodliwym dzia\u0142aniem promieni UV oraz stresem oksydacyjnym.<\/li>\n<li>Pracuj\u0105 w warunkach, gdzie oczy s\u0105 nara\u017cone na jasne \u015bwiat\u0142o lub szkodliwe czynniki zewn\u0119trzne.<\/li>\n<\/ul>\n<p>Wszystkie te dolegliwo\u015bci mog\u0105 by\u0107 z\u0142agodzone poprzez regularne stosowanie <strong>Up Vision<\/strong>, dzi\u0119ki unikalnej kombinacji naturalnych sk\u0142adnik\u00f3w, kt\u00f3re wspieraj\u0105 zdrowie oczu.<\/p>\n<h2>Sk\u0142ad i dzia\u0142anie sk\u0142adnik\u00f3w Up Vision<\/h2>\n<p><strong>Up Vision<\/strong> zawiera starannie dobrane naturalne sk\u0142adniki, kt\u00f3re wspieraj\u0105 zdrowie wzroku. Ka\u017cdy z nich ma konkretne w\u0142a\u015bciwo\u015bci, kt\u00f3re pomagaj\u0105 chroni\u0107 oczy przed r\u00f3\u017cnymi czynnikami zewn\u0119trznymi i wewn\u0119trznymi.<\/p>\n<h3>Zeaksantyna<\/h3>\n<p>Zeaksantyna to jeden z najwa\u017cniejszych sk\u0142adnik\u00f3w preparatu <strong>Up Vision<\/strong>. Jest to naturalny barwnik obecny w siatk\u00f3wce oka, kt\u00f3ry chroni przed uszkodzeniami spowodowanymi przez jasne \u015bwiat\u0142o oraz wolne rodniki. Wolne rodniki to cz\u0105steczki, kt\u00f3re mog\u0105 powodowa\u0107 uszkodzenia kom\u00f3rek, a zeaksantyna neutralizuje ich dzia\u0142anie. Chroni oczy przed promieniami UV, a tak\u017ce wspomaga widzenie w trudnych warunkach o\u015bwietleniowych. D\u0142ugotrwa\u0142e nara\u017cenie oczu na promieniowanie UV bez odpowiedniej ochrony mo\u017ce prowadzi\u0107 do powa\u017cnych problem\u00f3w ze wzrokiem, dlatego zeaksantyna pe\u0142ni kluczow\u0105 rol\u0119 w ochronie oczu.<\/p>\n<h3>Rumianek<\/h3>\n<p>Rumianek znany jest przede wszystkim z w\u0142a\u015bciwo\u015bci przeciwzapalnych. W kontek\u015bcie zdrowia oczu, dzia\u0142a on \u0142agodz\u0105co, przyspieszaj\u0105c regeneracj\u0119 tkanek i zmniejszaj\u0105c podra\u017cnienia. Jest r\u00f3wnie\u017c doskona\u0142ym wsparciem dla os\u00f3b, kt\u00f3re zmagaj\u0105 si\u0119 z wysychaniem b\u0142ony \u015bluzowej oka, co jest cz\u0119stym problemem w przypadku os\u00f3b sp\u0119dzaj\u0105cych wiele godzin przed komputerem. Rumianek wspomaga procesy regeneracyjne po urazach, co jest szczeg\u00f3lnie istotne dla os\u00f3b cierpi\u0105cych na stany zapalne oczu.<\/p>\n<h3>Nasiona lnu<\/h3>\n<p>Nasiona lnu to naturalny sk\u0142adnik, kt\u00f3ry wspiera zdrowie naczy\u0144 krwiono\u015bnych w obr\u0119bie oczu. Poprawiaj\u0105 one kr\u0105\u017cenie krwi w ga\u0142ce ocznej, co ma kluczowe znaczenie dla od\u017cywienia kom\u00f3rek i zachowania ich prawid\u0142owego funkcjonowania. Dodatkowo, nasiona lnu chroni\u0105 b\u0142ony kom\u00f3rkowe, aktywuj\u0105c procesy regeneracji. W efekcie, oczy s\u0105 mniej podatne na uszkodzenia i szybciej si\u0119 regeneruj\u0105.<\/p>\n<h3>Nasiona winogron<\/h3>\n<p>Nasiona winogron s\u0105 bogate w antyoksydanty, kt\u00f3re chroni\u0105 przed stresem oksydacyjnym, b\u0119d\u0105cym jedn\u0105 z g\u0142\u00f3wnych przyczyn problem\u00f3w ze wzrokiem. Chroni\u0105 tak\u017ce przed stanami zapalnymi, a dzi\u0119ki swoim w\u0142a\u015bciwo\u015bciom wspieraj\u0105 ostro\u015b\u0107 widzenia, zw\u0142aszcza w ciemno\u015bci. Zwi\u0119kszaj\u0105 dop\u0142yw krwi do siatk\u00f3wki, co jest niezb\u0119dne dla zdrowego widzenia i zachowania prawid\u0142owych funkcji oka.<\/p>\n<h3>Witamina A<\/h3>\n<p>Witamina A to niezb\u0119dny sk\u0142adnik dla prawid\u0142owego funkcjonowania oczu. Pomaga ona w procesach regeneracyjnych, odgrywaj\u0105c kluczow\u0105 rol\u0119 w tworzeniu soczewki oka. Dodatkowo, witamina A spowalnia proces starzenia kom\u00f3rek oka i wspomaga wzrost nowych kom\u00f3rek. Jej niedob\u00f3r mo\u017ce prowadzi\u0107 do powa\u017cnych problem\u00f3w ze wzrokiem, w tym do tzw. kurzej \u015blepoty (trudno\u015bci z widzeniem w s\u0142abym \u015bwietle).<\/p>\n<h3>Witamina C<\/h3>\n<p>Witamina C to kolejny kluczowy sk\u0142adnik preparatu <strong>Up Vision<\/strong>. Dzia\u0142a ona na wielu p\u0142aszczyznach, poprawiaj\u0105c wzrok i wspomagaj\u0105c regeneracj\u0119 tkanek oka. Jest niezb\u0119dna do syntezy kolagenu, kt\u00f3ry wzmacnia rog\u00f3wk\u0119, soczewk\u0119 oraz naczynia krwiono\u015bne oka. Dodatkowo, witamina C poprawia stan b\u0142ony \u015bluzowej oka, co chroni przed wysychaniem i podra\u017cnieniami.<\/p>\n<h3>Witamina E<\/h3>\n<p>Witamina E to silny antyoksydant, kt\u00f3ry chroni tkanki oka przed szkodliwym dzia\u0142aniem czynnik\u00f3w zewn\u0119trznych, takich jak promieniowanie UV czy niebieskie \u015bwiat\u0142o emitowane przez ekrany urz\u0105dze\u0144 elektronicznych. Witamina E zmniejsza r\u00f3wnie\u017c ryzyko krwotok\u00f3w w obr\u0119bie oczu, co jest szczeg\u00f3lnie wa\u017cne dla os\u00f3b starszych lub cierpi\u0105cych na problemy z kr\u0105\u017ceniem.<\/p>\n<h3>Cynk<\/h3>\n<p>Cynk to pierwiastek, kt\u00f3ry wspiera procesy metaboliczne w organizmie i odgrywa kluczow\u0105 rol\u0119 w zachowaniu zdrowia oczu. Jest niezb\u0119dny do prawid\u0142owego funkcjonowania siatk\u00f3wki, a jego odpowiedni poziom w organizmie pomaga w zapobieganiu problemom zwi\u0105zanym ze starzeniem si\u0119 oczu.<\/p>\n<h2>Efekty Up Vision i ich charakterystyka<\/h2>\n<p>Regularne stosowanie <strong>Up Vision<\/strong> przynosi szereg korzy\u015bci dla zdrowia oczu. Preparat ten wspiera regeneracj\u0119 tkanek oka, chroni przed stresem oksydacyjnym i promieniowaniem UV oraz poprawia ostro\u015b\u0107 widzenia, zw\u0142aszcza w trudnych warunkach o\u015bwietleniowych. Dzi\u0119ki zawarto\u015bci witamin i antyoksydant\u00f3w, <strong>Up Vision<\/strong> wspomaga zdrowie naczy\u0144 krwiono\u015bnych i b\u0142on kom\u00f3rkowych oka, co przyczynia si\u0119 do lepszej ochrony przed uszkodzeniami i szybszej regeneracji. Regularne stosowanie tego suplementu mo\u017ce r\u00f3wnie\u017c zmniejszy\u0107 ryzyko wyst\u0105pienia powa\u017cniejszych problem\u00f3w ze wzrokiem w przysz\u0142o\u015bci, takich jak za\u0107ma czy zwyrodnienie plamki \u017c\u00f3\u0142tej.<\/p>\n<h2>Ryzyko skutk\u00f3w ubocznych<\/h2>\n<p><strong>Up Vision<\/strong> jest preparatem opartym na naturalnych sk\u0142adnikach, co sprawia, \u017ce ryzyko wyst\u0105pienia skutk\u00f3w ubocznych jest minimalne. W wi\u0119kszo\u015bci przypadk\u00f3w suplement ten jest dobrze tolerowany przez organizm, a ewentualne reakcje alergiczne s\u0105 bardzo rzadkie. Niemniej jednak, przed rozpocz\u0119ciem suplementacji warto skonsultowa\u0107 si\u0119 z lekarzem, zw\u0142aszcza je\u015bli przyjmujemy inne leki lub cierpimy na przewlek\u0142e schorzenia. Naturalny sk\u0142ad preparatu sprawia, \u017ce jest on bezpieczny w stosowaniu, nawet przy d\u0142ugotrwa\u0142ej kuracji.<\/p>\n<h3 style=\"text-align: center;\"><a href=\"https:\/\/kshop11.com\/JM5uIs\/\"><button>www.up<strong>&#8211;<\/strong>vision.pl<\/button><\/a><\/h3>\n<p><strong>Up Vision<\/strong> to skuteczna pomoc dla zdrowia oczu, oferuj\u0105ca kompleksowe wsparcie dzi\u0119ki starannie dobranym naturalnym sk\u0142adnikom. Zeaksantyna, rumianek, nasiona lnu, nasiona winogron oraz witaminy A, C, E i cynk dzia\u0142aj\u0105 w harmonii, aby chroni\u0107 i regenerowa\u0107 tkanki oka, poprawia\u0107 ostro\u015b\u0107 widzenia oraz zmniejsza\u0107 ryzyko problem\u00f3w ze wzrokiem. Dzi\u0119ki naturalnemu sk\u0142adowi, <strong>Up Vision<\/strong> jest bezpiecznym i skutecznym rozwi\u0105zaniem dla ka\u017cdego, kto chce zadba\u0107 o swoje oczy w d\u0142ugoterminowej perspektywie.<\/p>\n<\/div>\n<\/div>\n<\/div>\n<\/div>\n<\/div>\n<\/div>\n<\/div>\n<\/div>\n<\/article>\n<article class=\"w-full text-token-text-primary focus-visible:outline-2 focus-visible:outline-offset-[-4px]\" dir=\"auto\" data-testid=\"conversation-turn-5\" data-scroll-anchor=\"true\">\n<div class=\"text-base py-[18px] px-3 md:px-4 m-auto w-full md:px-5 lg:px-4 xl:px-5\">\n<div class=\"mx-auto flex flex-1 gap-4 text-base md:gap-5 lg:gap-6 md:max-w-3xl lg:max-w-[40rem] xl:max-w-[48rem]\">\n<div class=\"group\/conversation-turn relative flex w-full min-w-0 flex-col agent-turn\">\n<div class=\"flex-col gap-1 md:gap-3\">\n<div class=\"flex max-w-full flex-col flex-grow\">\n<div class=\"min-h-[20px] text-message flex w-full flex-col items-end gap-2 whitespace-normal break-words [.text-message+&amp;]:mt-5\" dir=\"auto\" data-message-author-role=\"assistant\" data-message-id=\"6ba54d4d-e310-4fb4-8d83-6113ab4602a3\">\n<div class=\"flex w-full flex-col gap-1 empty:hidden first:pt-[3px]\">\n<div class=\"markdown prose w-full break-words dark:prose-invert light\">\n<h2>Opinie klient\u00f3w o Up Vision: fora po\u015bwi\u0119cone zdrowiu<\/h2>\n<p>W ostatnich latach fora internetowe po\u015bwi\u0119cone zdrowiu w Polsce sta\u0142y si\u0119 wa\u017cnym \u017ar\u00f3d\u0142em informacji dla os\u00f3b poszukuj\u0105cych opinii o suplementach diety. <strong>Up Vision<\/strong> szybko zyskuje popularno\u015b\u0107 w\u015br\u00f3d u\u017cytkownik\u00f3w, kt\u00f3rzy dziel\u0105 si\u0119 swoimi pozytywnymi do\u015bwiadczeniami na r\u00f3\u017cnych platformach. W zwi\u0105zku z rosn\u0105cym zainteresowaniem tym produktem, w internecie mo\u017cna znale\u017a\u0107 liczne opinie o jego skuteczno\u015bci. Wi\u0119kszo\u015b\u0107 u\u017cytkownik\u00f3w opisuje <strong>Up Vision<\/strong> jako skuteczny, \u0142atwo dost\u0119pny i przyst\u0119pny cenowo preparat, kt\u00f3ry znacz\u0105co poprawi\u0142 ich zdrowie wzroku.<\/p>\n<p><strong>Oto kilka przyk\u0142adowych opinii u\u017cytkownik\u00f3w z popularnych for\u00f3w:<\/strong><\/p>\n<ul>\n<li><strong>Anna, 42 lata<\/strong>:<br \/>\n<em>&#8222;Od lat zmagam si\u0119 z problemami ze wzrokiem, szczeg\u00f3lnie przy pracy przy komputerze. Odk\u0105d zacz\u0119\u0142am stosowa\u0107 Up Vision, zauwa\u017cy\u0142am znaczn\u0105 popraw\u0119. Moje oczy s\u0105 mniej zm\u0119czone, a wieczorem widz\u0119 wyra\u017aniej. Dodatkowo, ciesz\u0119 si\u0119, \u017ce mog\u0142am zam\u00f3wi\u0107 preparat online i nie musia\u0142am martwi\u0107 si\u0119 o jego dost\u0119pno\u015b\u0107 w aptekach.&#8221;<\/em><\/li>\n<li><strong>Marek, 50 lat<\/strong>:<br \/>\n<em>&#8222;W moim wieku wzrok ju\u017c nie jest taki, jak kiedy\u015b, ale Up Vision naprawd\u0119 mi pom\u00f3g\u0142. Przede wszystkim mam mniejsze problemy z widzeniem w s\u0142abym o\u015bwietleniu, a same kapsu\u0142ki s\u0105 \u0142atwe do po\u0142kni\u0119cia. Doceniam r\u00f3wnie\u017c, \u017ce zamawiaj\u0105c online, otrzyma\u0142em produkt z dostaw\u0105 do domu bez konieczno\u015bci wcze\u015bniejszej op\u0142aty. To naprawd\u0119 wygodne.&#8221;<\/em><\/li>\n<\/ul>\n<p>Jak wida\u0107, u\u017cytkownicy doceniaj\u0105 <strong>Up Vision<\/strong> za jego efekty, a tak\u017ce za wygod\u0119 zakupu.<\/p>\n<h2>Spos\u00f3b podawania i dawkowanie<\/h2>\n<p>Stosowanie <strong>Up Vision<\/strong> jest bardzo proste i dostosowane do codziennej rutyny. Zalecane dawkowanie to 1-2 kapsu\u0142ki dziennie, najlepiej podczas posi\u0142ku, co zapewnia optymalne wch\u0142anianie sk\u0142adnik\u00f3w od\u017cywczych. Wa\u017cne jest, aby nie przekracza\u0107 zalecanej dawki, aby unikn\u0105\u0107 niepo\u017c\u0105danych efekt\u00f3w. Regularne stosowanie przez kilka tygodni przynosi najlepsze efekty, poprawiaj\u0105c zdrowie oczu i wzrok.<\/p>\n<p>Dawkowanie mo\u017ce r\u00f3\u017cni\u0107 si\u0119 w zale\u017cno\u015bci od indywidualnych potrzeb, dlatego przed rozpocz\u0119ciem suplementacji warto skonsultowa\u0107 si\u0119 z lekarzem lub specjalist\u0105.<\/p>\n<h2>Kup teraz Up Vision z dostaw\u0105<\/h2>\n<p>Zakup <strong>Up Vision<\/strong> jest niezwykle prosty i wygodny. Suplement mo\u017cna \u0142atwo zam\u00f3wi\u0107 online na oficjalnej stronie producenta, co eliminuje konieczno\u015b\u0107 szukania go w aptekach. Co wa\u017cne, nie ma potrzeby wcze\u015bniejszej zap\u0142aty \u2013 p\u0142atno\u015b\u0107 jest dokonywana dopiero przy odbiorze paczki, co gwarantuje, \u017ce otrzymujemy oryginalny produkt bez ryzyka oszustwa.<\/p>\n<p>Dostawa trwa zaledwie 3-4 dni robocze na terenie ca\u0142ej Polski, co sprawia, \u017ce produkt szybko trafia do r\u0105k klienta. Dodatkowo, po z\u0142o\u017ceniu zam\u00f3wienia, klient otrzymuje telefoniczne potwierdzenie od specjalisty, kt\u00f3ry nie tylko potwierdza zam\u00f3wienie, ale r\u00f3wnie\u017c mo\u017ce doradzi\u0107 co do optymalnej ilo\u015bci kapsu\u0142ek oraz poinformowa\u0107 o aktualnych promocjach i rabatach. To idealne rozwi\u0105zanie dla os\u00f3b, kt\u00f3re ceni\u0105 sobie wygod\u0119 i bezpiecze\u0144stwo zakup\u00f3w online.<\/p>\n<p style=\"text-align: center;\"><a href=\"https:\/\/kshop11.com\/JM5uIs\/\"><button>Zakup na stronie producenta (-50%)<\/button><\/a><\/p>\n<h2>Por\u00f3wnanie ofert: ceny i dost\u0119pno\u015b\u0107 Up Vision<\/h2>\n<p>Producent <strong>Up Vision<\/strong> stawia na dost\u0119pno\u015b\u0107 i przyst\u0119pno\u015b\u0107 cenow\u0105 swojego produktu. Suplement mo\u017cna kupi\u0107 bezpo\u015brednio na oficjalnej stronie producenta, co eliminuje konieczno\u015b\u0107 p\u0142acenia dodatkowych mar\u017c po\u015brednikom. Dzi\u0119ki temu klienci maj\u0105 pewno\u015b\u0107, \u017ce otrzymuj\u0105 produkt po najkorzystniejszej cenie.<\/p>\n<p>Warto r\u00f3wnie\u017c pami\u0119ta\u0107, \u017ce producent regularnie oferuje r\u00f3\u017cnego rodzaju promocje i rabaty, dlatego zaleca si\u0119 sprawdzanie aktualnych ofert na stronie internetowej. Ze wzgl\u0119du na polityk\u0119 producenta, suplement nie jest dost\u0119pny w stacjonarnych aptekach, co pozwala na utrzymanie konkurencyjnych cen i unikni\u0119cie dodatkowych koszt\u00f3w zwi\u0105zanych z dystrybucj\u0105.<\/p>\n<p>Zakup bezpo\u015brednio od producenta to gwarancja oryginalno\u015bci i \u015bwie\u017co\u015bci produktu, co jest kluczowe w przypadku suplement\u00f3w diety, kt\u00f3re maj\u0105 wspiera\u0107 zdrowie i dobre samopoczucie.<\/p>\n<\/div>\n<\/div>\n<\/div>\n<\/div>\n<\/div>\n<\/div>\n<\/div>\n<\/div>\n<\/article>\n","protected":false},"excerpt":{"rendered":"<p style=\"text-align: center;\"><a href=\"https:\/\/kshop11.com\/JM5uIs\/\"><button>Kup teraz<\/button><\/a><\/p>\n<p>SKU:\u00a0<span class=\"sku\">789.234.175<\/span><\/p>\n<hr \/>\n<p><small>Produkt sprzedawany jest wy\u0142\u0105cznie za po\u015brednictwem oficjalnej strony producenta, id\u017a i kupuj bezpiecznie!<\/small><\/p>\n","protected":false},"featured_media":1110,"comment_status":"open","ping_status":"closed","template":"","meta":[],"product_brand":[],"product_cat":[15],"product_tag":[],"class_list":{"0":"post-1058","1":"product","2":"type-product","3":"status-publish","4":"has-post-thumbnail","6":"product_cat-supl","7":"thunk-woo-product-list","8":"opn-qv-enable","9":"top-store-woo-hover-","10":"top-store-single-product-tab-horizontal","11":"top-store-shadow-","12":"top-store-shadow-hover-","14":"first","15":"instock","16":"sale","17":"shipping-taxable","18":"purchasable","19":"product-type-simple"},"yoast_head":"<!-- This site is optimized with the Yoast SEO plugin v27.4 - https:\/\/yoast.com\/product\/yoast-seo-wordpress\/ -->\n<title>Up Vision - kup suplement, cena w aptece, sk\u0142ad, dzia\u0142anie<\/title>\n<meta name=\"robots\" content=\"index, follow, max-snippet:-1, max-image-preview:large, max-video-preview:-1\" \/>\n<link rel=\"canonical\" href=\"https:\/\/lekarzeopole.pl\/wordpress\/product\/up-vision\/\" \/>\n<meta property=\"og:locale\" content=\"pl_PL\" \/>\n<meta property=\"og:type\" content=\"article\" \/>\n<meta property=\"og:title\" content=\"Up Vision - kup suplement, cena w aptece, sk\u0142ad, dzia\u0142anie\" \/>\n<meta property=\"og:description\" content=\"Kup teraz SKU:\u00a0789.234.175    Produkt sprzedawany jest wy\u0142\u0105cznie za po\u015brednictwem oficjalnej strony producenta, id\u017a i kupuj bezpiecznie!\" \/>\n<meta property=\"og:url\" content=\"https:\/\/lekarzeopole.pl\/wordpress\/product\/up-vision\/\" \/>\n<meta property=\"og:site_name\" content=\"Lekarze Opole\" \/>\n<meta property=\"article:modified_time\" content=\"2024-12-06T13:35:36+00:00\" \/>\n<meta property=\"og:image\" content=\"https:\/\/lekarzeopole.pl\/wordpress\/wp-content\/uploads\/2024\/09\/up-vision.jpg\" \/>\n\t<meta property=\"og:image:width\" content=\"2560\" \/>\n\t<meta property=\"og:image:height\" content=\"2560\" \/>\n\t<meta property=\"og:image:type\" content=\"image\/jpeg\" \/>\n<meta name=\"twitter:card\" content=\"summary_large_image\" \/>\n<meta name=\"twitter:label1\" content=\"Szacowany czas czytania\" \/>\n\t<meta name=\"twitter:data1\" content=\"9 minut\" \/>\n<script type=\"application\/ld+json\" class=\"yoast-schema-graph\">{\"@context\":\"https:\\\/\\\/schema.org\",\"@graph\":[{\"@type\":\"WebPage\",\"@id\":\"https:\\\/\\\/lekarzeopole.pl\\\/wordpress\\\/product\\\/up-vision\\\/\",\"url\":\"https:\\\/\\\/lekarzeopole.pl\\\/wordpress\\\/product\\\/up-vision\\\/\",\"name\":\"Up Vision - kup suplement, cena w aptece, sk\u0142ad, dzia\u0142anie\",\"isPartOf\":{\"@id\":\"https:\\\/\\\/lekarzeopole.pl\\\/wordpress\\\/#website\"},\"primaryImageOfPage\":{\"@id\":\"https:\\\/\\\/lekarzeopole.pl\\\/wordpress\\\/product\\\/up-vision\\\/#primaryimage\"},\"image\":{\"@id\":\"https:\\\/\\\/lekarzeopole.pl\\\/wordpress\\\/product\\\/up-vision\\\/#primaryimage\"},\"thumbnailUrl\":\"https:\\\/\\\/lekarzeopole.pl\\\/wordpress\\\/wp-content\\\/uploads\\\/2024\\\/09\\\/up-vision.jpg\",\"datePublished\":\"2024-09-17T09:33:13+00:00\",\"dateModified\":\"2024-12-06T13:35:36+00:00\",\"breadcrumb\":{\"@id\":\"https:\\\/\\\/lekarzeopole.pl\\\/wordpress\\\/product\\\/up-vision\\\/#breadcrumb\"},\"inLanguage\":\"pl-PL\",\"potentialAction\":[{\"@type\":\"ReadAction\",\"target\":[\"https:\\\/\\\/lekarzeopole.pl\\\/wordpress\\\/product\\\/up-vision\\\/\"]}]},{\"@type\":\"ImageObject\",\"inLanguage\":\"pl-PL\",\"@id\":\"https:\\\/\\\/lekarzeopole.pl\\\/wordpress\\\/product\\\/up-vision\\\/#primaryimage\",\"url\":\"https:\\\/\\\/lekarzeopole.pl\\\/wordpress\\\/wp-content\\\/uploads\\\/2024\\\/09\\\/up-vision.jpg\",\"contentUrl\":\"https:\\\/\\\/lekarzeopole.pl\\\/wordpress\\\/wp-content\\\/uploads\\\/2024\\\/09\\\/up-vision.jpg\",\"width\":2560,\"height\":2560,\"caption\":\"Version 1.0.0\"},{\"@type\":\"BreadcrumbList\",\"@id\":\"https:\\\/\\\/lekarzeopole.pl\\\/wordpress\\\/product\\\/up-vision\\\/#breadcrumb\",\"itemListElement\":[{\"@type\":\"ListItem\",\"position\":1,\"name\":\"\u0413\u043b\u0430\u0432\u043d\u0430\u044f \u0441\u0442\u0440\u0430\u043d\u0438\u0446\u0430\",\"item\":\"https:\\\/\\\/lekarzeopole.pl\\\/wordpress\\\/\"},{\"@type\":\"ListItem\",\"position\":2,\"name\":\"Zakup\",\"item\":\"https:\\\/\\\/lekarzeopole.pl\\\/wordpress\\\/\"},{\"@type\":\"ListItem\",\"position\":3,\"name\":\"Up Vision\"}]},{\"@type\":\"WebSite\",\"@id\":\"https:\\\/\\\/lekarzeopole.pl\\\/wordpress\\\/#website\",\"url\":\"https:\\\/\\\/lekarzeopole.pl\\\/wordpress\\\/\",\"name\":\"Lekarze Opole\",\"description\":\"\",\"potentialAction\":[{\"@type\":\"SearchAction\",\"target\":{\"@type\":\"EntryPoint\",\"urlTemplate\":\"https:\\\/\\\/lekarzeopole.pl\\\/wordpress\\\/?s={search_term_string}\"},\"query-input\":{\"@type\":\"PropertyValueSpecification\",\"valueRequired\":true,\"valueName\":\"search_term_string\"}}],\"inLanguage\":\"pl-PL\"}]}<\/script>\n<!-- \/ Yoast SEO plugin. -->","yoast_head_json":{"title":"Up Vision - kup suplement, cena w aptece, sk\u0142ad, dzia\u0142anie","robots":{"index":"index","follow":"follow","max-snippet":"max-snippet:-1","max-image-preview":"max-image-preview:large","max-video-preview":"max-video-preview:-1"},"canonical":"https:\/\/lekarzeopole.pl\/wordpress\/product\/up-vision\/","og_locale":"pl_PL","og_type":"article","og_title":"Up Vision - kup suplement, cena w aptece, sk\u0142ad, dzia\u0142anie","og_description":"Kup teraz SKU:\u00a0789.234.175    Produkt sprzedawany jest wy\u0142\u0105cznie za po\u015brednictwem oficjalnej strony producenta, id\u017a i kupuj bezpiecznie!","og_url":"https:\/\/lekarzeopole.pl\/wordpress\/product\/up-vision\/","og_site_name":"Lekarze Opole","article_modified_time":"2024-12-06T13:35:36+00:00","og_image":[{"width":2560,"height":2560,"url":"https:\/\/lekarzeopole.pl\/wordpress\/wp-content\/uploads\/2024\/09\/up-vision.jpg","type":"image\/jpeg"}],"twitter_card":"summary_large_image","twitter_misc":{"Szacowany czas czytania":"9 minut"},"schema":{"@context":"https:\/\/schema.org","@graph":[{"@type":"WebPage","@id":"https:\/\/lekarzeopole.pl\/wordpress\/product\/up-vision\/","url":"https:\/\/lekarzeopole.pl\/wordpress\/product\/up-vision\/","name":"Up Vision - kup suplement, cena w aptece, sk\u0142ad, dzia\u0142anie","isPartOf":{"@id":"https:\/\/lekarzeopole.pl\/wordpress\/#website"},"primaryImageOfPage":{"@id":"https:\/\/lekarzeopole.pl\/wordpress\/product\/up-vision\/#primaryimage"},"image":{"@id":"https:\/\/lekarzeopole.pl\/wordpress\/product\/up-vision\/#primaryimage"},"thumbnailUrl":"https:\/\/lekarzeopole.pl\/wordpress\/wp-content\/uploads\/2024\/09\/up-vision.jpg","datePublished":"2024-09-17T09:33:13+00:00","dateModified":"2024-12-06T13:35:36+00:00","breadcrumb":{"@id":"https:\/\/lekarzeopole.pl\/wordpress\/product\/up-vision\/#breadcrumb"},"inLanguage":"pl-PL","potentialAction":[{"@type":"ReadAction","target":["https:\/\/lekarzeopole.pl\/wordpress\/product\/up-vision\/"]}]},{"@type":"ImageObject","inLanguage":"pl-PL","@id":"https:\/\/lekarzeopole.pl\/wordpress\/product\/up-vision\/#primaryimage","url":"https:\/\/lekarzeopole.pl\/wordpress\/wp-content\/uploads\/2024\/09\/up-vision.jpg","contentUrl":"https:\/\/lekarzeopole.pl\/wordpress\/wp-content\/uploads\/2024\/09\/up-vision.jpg","width":2560,"height":2560,"caption":"Version 1.0.0"},{"@type":"BreadcrumbList","@id":"https:\/\/lekarzeopole.pl\/wordpress\/product\/up-vision\/#breadcrumb","itemListElement":[{"@type":"ListItem","position":1,"name":"\u0413\u043b\u0430\u0432\u043d\u0430\u044f \u0441\u0442\u0440\u0430\u043d\u0438\u0446\u0430","item":"https:\/\/lekarzeopole.pl\/wordpress\/"},{"@type":"ListItem","position":2,"name":"Zakup","item":"https:\/\/lekarzeopole.pl\/wordpress\/"},{"@type":"ListItem","position":3,"name":"Up Vision"}]},{"@type":"WebSite","@id":"https:\/\/lekarzeopole.pl\/wordpress\/#website","url":"https:\/\/lekarzeopole.pl\/wordpress\/","name":"Lekarze Opole","description":"","potentialAction":[{"@type":"SearchAction","target":{"@type":"EntryPoint","urlTemplate":"https:\/\/lekarzeopole.pl\/wordpress\/?s={search_term_string}"},"query-input":{"@type":"PropertyValueSpecification","valueRequired":true,"valueName":"search_term_string"}}],"inLanguage":"pl-PL"}]}},"_links":{"self":[{"href":"https:\/\/lekarzeopole.pl\/wordpress\/wp-json\/wp\/v2\/product\/1058","targetHints":{"allow":["GET"]}}],"collection":[{"href":"https:\/\/lekarzeopole.pl\/wordpress\/wp-json\/wp\/v2\/product"}],"about":[{"href":"https:\/\/lekarzeopole.pl\/wordpress\/wp-json\/wp\/v2\/types\/product"}],"replies":[{"embeddable":true,"href":"https:\/\/lekarzeopole.pl\/wordpress\/wp-json\/wp\/v2\/comments?post=1058"}],"wp:featuredmedia":[{"embeddable":true,"href":"https:\/\/lekarzeopole.pl\/wordpress\/wp-json\/wp\/v2\/media\/1110"}],"wp:attachment":[{"href":"https:\/\/lekarzeopole.pl\/wordpress\/wp-json\/wp\/v2\/media?parent=1058"}],"wp:term":[{"taxonomy":"product_brand","embeddable":true,"href":"https:\/\/lekarzeopole.pl\/wordpress\/wp-json\/wp\/v2\/product_brand?post=1058"},{"taxonomy":"product_cat","embeddable":true,"href":"https:\/\/lekarzeopole.pl\/wordpress\/wp-json\/wp\/v2\/product_cat?post=1058"},{"taxonomy":"product_tag","embeddable":true,"href":"https:\/\/lekarzeopole.pl\/wordpress\/wp-json\/wp\/v2\/product_tag?post=1058"}],"curies":[{"name":"wp","href":"https:\/\/api.w.org\/{rel}","templated":true}]}}