{"id":1054,"date":"2024-09-17T09:19:23","date_gmt":"2024-09-17T09:19:23","guid":{"rendered":"https:\/\/lekarzeopole.pl\/wordpress\/?post_type=product&#038;p=1054"},"modified":"2024-09-17T09:26:06","modified_gmt":"2024-09-17T09:26:06","slug":"exurol","status":"publish","type":"product","link":"https:\/\/lekarzeopole.pl\/wordpress\/product\/exurol\/","title":{"rendered":"Exurol"},"content":{"rendered":"<article class=\"w-full text-token-text-primary focus-visible:outline-2 focus-visible:outline-offset-[-4px]\" dir=\"auto\" data-testid=\"conversation-turn-3\" data-scroll-anchor=\"false\">\n<div class=\"text-base py-[18px] px-3 md:px-4 m-auto w-full md:px-5 lg:px-4 xl:px-5\">\n<div class=\"mx-auto flex flex-1 gap-4 text-base md:gap-5 lg:gap-6 md:max-w-3xl lg:max-w-[40rem] xl:max-w-[48rem]\">\n<div class=\"group\/conversation-turn relative flex w-full min-w-0 flex-col agent-turn\">\n<div class=\"flex-col gap-1 md:gap-3\">\n<div class=\"flex max-w-full flex-col flex-grow\">\n<div class=\"min-h-[20px] text-message flex w-full flex-col items-end gap-2 whitespace-normal break-words [.text-message+&amp;]:mt-5\" dir=\"auto\" data-message-author-role=\"assistant\" data-message-id=\"7d58f86b-43fc-4cf4-a371-6e14acbf1006\">\n<div class=\"flex w-full flex-col gap-1 empty:hidden first:pt-[3px]\">\n<div class=\"markdown prose w-full break-words dark:prose-invert light\">\n<p>Exurol to innowacyjny preparat w formie kapsu\u0142ek, stworzony z my\u015bl\u0105 o m\u0119\u017cczyznach, kt\u00f3rzy chc\u0105 w naturalny spos\u00f3b poprawi\u0107 swoj\u0105 potencj\u0119 oraz og\u00f3ln\u0105 sprawno\u015b\u0107 seksualn\u0105. Dzi\u0119ki unikalnej kompozycji naturalnych sk\u0142adnik\u00f3w, Exurol jest bezpiecznym rozwi\u0105zaniem dla tych, kt\u00f3rzy poszukuj\u0105 skutecznej, ale jednocze\u015bnie naturalnej alternatywy dla syntetycznych lek\u00f3w.<\/p>\n<h2>Wskazania do stosowania Exurol<\/h2>\n<p>Kapsu\u0142ki Exurol dedykowane s\u0105 m\u0119\u017cczyznom, kt\u00f3rzy zmagaj\u0105 si\u0119 z problemami z potencj\u0105 oraz obni\u017conym libido. Oto najwa\u017cniejsze wskazania do stosowania tego preparatu:<\/p>\n<ol>\n<li><strong>Obni\u017cenie libido<\/strong> &#8211; Utrata lub zmniejszenie ochoty na seks to cz\u0119sty problem, szczeg\u00f3lnie w\u015br\u00f3d m\u0119\u017cczyzn po 40. roku \u017cycia. Exurol pomaga przywr\u00f3ci\u0107 naturaln\u0105 r\u00f3wnowag\u0119 hormonaln\u0105, co wp\u0142ywa na zwi\u0119kszenie pop\u0119du seksualnego.<\/li>\n<li><strong>Zaburzenia erekcji<\/strong> &#8211; Problemy z osi\u0105gni\u0119ciem i utrzymaniem erekcji mog\u0105 wynika\u0107 z r\u00f3\u017cnych czynnik\u00f3w, takich jak stres, zm\u0119czenie czy nieprawid\u0142owa dieta. Exurol wspiera procesy kr\u0105\u017cenia, co przek\u0142ada si\u0119 na lepsz\u0105 erekcj\u0119.<\/li>\n<li><strong>Zm\u0119czenie i brak energii<\/strong> &#8211; Spadek energii mo\u017ce wp\u0142ywa\u0107 na zdolno\u015b\u0107 do satysfakcjonuj\u0105cego \u017cycia seksualnego. Sk\u0142adniki zawarte w Exurol pomagaj\u0105 zwi\u0119kszy\u0107 poziom energii i poprawi\u0107 og\u00f3ln\u0105 kondycj\u0119 fizyczn\u0105.<\/li>\n<li><strong>Stres i napi\u0119cie emocjonalne<\/strong> &#8211; Psychiczne czynniki mog\u0105 znacz\u0105co wp\u0142ywa\u0107 na potencj\u0119. Exurol pomaga zredukowa\u0107 stres, dzi\u0119ki czemu \u0142atwiej osi\u0105gn\u0105\u0107 stan relaksu, niezb\u0119dny do poprawy sprawno\u015bci seksualnej.<\/li>\n<\/ol>\n<h2>Sk\u0142ad i dzia\u0142anie sk\u0142adnik\u00f3w Exurol<\/h2>\n<p>Exurol opiera swoje dzia\u0142anie na starannie dobranych naturalnych sk\u0142adnikach, kt\u00f3re maj\u0105 wielowymiarowy wp\u0142yw na m\u0119sk\u0105 potencj\u0119 oraz zdrowie seksualne. W poni\u017cszej sekcji przedstawimy g\u0142\u00f3wne sk\u0142adniki preparatu oraz ich w\u0142a\u015bciwo\u015bci:<\/p>\n<ol>\n<li><strong>L-arginina<\/strong><br \/>\nTo jeden z kluczowych sk\u0142adnik\u00f3w Exurol, kt\u00f3ry przyczynia si\u0119 do poprawy kr\u0105\u017cenia krwi. L-arginina jest aminokwasem, kt\u00f3ry wspomaga produkcj\u0119 tlenku azotu, co z kolei rozszerza naczynia krwiono\u015bne. Dzi\u0119ki temu dochodzi do lepszego ukrwienia narz\u0105d\u00f3w p\u0142ciowych, co ma bezpo\u015bredni wp\u0142yw na jako\u015b\u0107 erekcji.<\/li>\n<li><strong>Ekstrakt z korzenia \u017ce\u0144-szenia<\/strong><br \/>\n\u017be\u0144-sze\u0144 to ro\u015blina, kt\u00f3ra od wiek\u00f3w jest wykorzystywana w medycynie naturalnej jako \u015brodek wzmacniaj\u0105cy organizm. Ekstrakt z \u017ce\u0144-szenia zawarty w Exurol wp\u0142ywa na popraw\u0119 wytrzyma\u0142o\u015bci fizycznej i umys\u0142owej, zwi\u0119ksza poziom energii oraz wspiera naturalne procesy regeneracyjne organizmu. Co wi\u0119cej, \u017ce\u0144-sze\u0144 poprawia libido i wspomaga osi\u0105ganie erekcji.<\/li>\n<li><strong>Ekstrakt z li\u015bci Damiana<\/strong><br \/>\nRo\u015blina ta jest znana z dzia\u0142ania afrodyzjakalnego. Ekstrakt z li\u015bci Damiana dzia\u0142a tonizuj\u0105co na uk\u0142ad nerwowy, zmniejszaj\u0105c uczucie stresu i napi\u0119cia, co mo\u017ce przyczyni\u0107 si\u0119 do poprawy jako\u015bci \u017cycia seksualnego. Dzia\u0142a r\u00f3wnie\u017c stymuluj\u0105co na uk\u0142ad rozrodczy, podnosz\u0105c libido.<\/li>\n<li><strong>Cynk<\/strong><br \/>\nTen minera\u0142 jest niezwykle wa\u017cny dla zdrowia m\u0119\u017cczyzn. Cynk bierze udzia\u0142 w produkcji testosteronu \u2013 hormonu odpowiedzialnego za libido oraz funkcje seksualne. Jego niedob\u00f3r mo\u017ce prowadzi\u0107 do problem\u00f3w z potencj\u0105, dlatego suplementacja cynkiem, zawartym w Exurol, przyczynia si\u0119 do utrzymania prawid\u0142owego poziomu testosteronu.<\/li>\n<li><strong>Maca<\/strong><br \/>\nMaca to ro\u015blina pochodz\u0105ca z And\u00f3w, znana ze swoich w\u0142a\u015bciwo\u015bci podnosz\u0105cych p\u0142odno\u015b\u0107 i libido. Ekstrakt z maca zawarty w Exurol wspiera uk\u0142ad hormonalny, poprawia wytrzyma\u0142o\u015b\u0107 oraz zwi\u0119ksza energi\u0119, co przyczynia si\u0119 do lepszego funkcjonowania seksualnego.<\/li>\n<\/ol>\n<h2>Efekty Exurol i ich charakterystyka<\/h2>\n<p>Regularne stosowanie Exurol mo\u017ce przynie\u015b\u0107 szereg korzystnych efekt\u00f3w dla zdrowia seksualnego m\u0119\u017cczyzn. Oto najwa\u017cniejsze z nich:<\/p>\n<ol>\n<li><strong>Zwi\u0119kszenie libido<\/strong><br \/>\nJu\u017c po kilku dniach stosowania Exurol mo\u017cna zauwa\u017cy\u0107 wzrost ochoty na seks. Wzmacnia si\u0119 libido, co przek\u0142ada si\u0119 na bardziej intensywne doznania seksualne oraz satysfakcj\u0119 z \u017cycia intymnego.<\/li>\n<li><strong>Poprawa erekcji<\/strong><br \/>\nDzi\u0119ki L-argininie i ekstraktowi z \u017ce\u0144-szenia, Exurol poprawia ukrwienie narz\u0105d\u00f3w p\u0142ciowych, co prowadzi do silniejszych i d\u0142u\u017cej trwaj\u0105cych erekcji. Dla wielu m\u0119\u017cczyzn jest to kluczowy efekt, kt\u00f3ry znacz\u0105co podnosi ich pewno\u015b\u0107 siebie w sytuacjach intymnych.<\/li>\n<li><strong>Wi\u0119ksza wytrzyma\u0142o\u015b\u0107 fizyczna<\/strong><br \/>\nSk\u0142adniki preparatu takie jak maca i \u017ce\u0144-sze\u0144 zwi\u0119kszaj\u0105 poziom energii, co przek\u0142ada si\u0119 na lepsz\u0105 kondycj\u0119 podczas aktywno\u015bci seksualnej. M\u0119\u017cczy\u017ani stosuj\u0105cy Exurol zauwa\u017caj\u0105 wi\u0119ksz\u0105 wytrzyma\u0142o\u015b\u0107 oraz d\u0142u\u017cszy czas trwania stosunk\u00f3w.<\/li>\n<li><strong>Lepsza regeneracja po wysi\u0142ku<\/strong><br \/>\nExurol wspomaga regeneracj\u0119 organizmu po wysi\u0142ku, zar\u00f3wno fizycznym, jak i psychicznym. Regularne stosowanie kapsu\u0142ek mo\u017ce poprawi\u0107 og\u00f3ln\u0105 wydolno\u015b\u0107 organizmu, co ma pozytywny wp\u0142yw nie tylko na \u017cycie seksualne, ale r\u00f3wnie\u017c na codzienn\u0105 aktywno\u015b\u0107.<\/li>\n<li><strong>Zwi\u0119kszenie pewno\u015bci siebie<\/strong><br \/>\nPoprawa sprawno\u015bci seksualnej cz\u0119sto idzie w parze z wi\u0119ksz\u0105 pewno\u015bci\u0105 siebie. M\u0119\u017cczy\u017ani, kt\u00f3rzy zmagali si\u0119 z problemami z potencj\u0105, po zastosowaniu Exurol odczuwaj\u0105 popraw\u0119, co pozytywnie wp\u0142ywa na ich samopoczucie i relacje z partnerk\u0105.<\/li>\n<\/ol>\n<h2>Ryzyko skutk\u00f3w ubocznych<\/h2>\n<p>Exurol to preparat oparty na naturalnych sk\u0142adnikach, co sprawia, \u017ce ryzyko wyst\u0105pienia skutk\u00f3w ubocznych jest minimalne. Dzi\u0119ki starannie dobranym ekstraktom ro\u015blinnym, kapsu\u0142ki s\u0105 bezpieczne w codziennym stosowaniu, nawet przez d\u0142u\u017cszy okres czasu.<\/p>\n<p>W przeciwie\u0144stwie do syntetycznych lek\u00f3w na potencj\u0119, Exurol nie wywo\u0142uje nag\u0142ych skok\u00f3w ci\u015bnienia ani nie obci\u0105\u017ca serca, co jest cz\u0119stym problemem w przypadku farmakologicznych \u015brodk\u00f3w. U\u017cytkownicy Exurol bardzo rzadko zg\u0142aszaj\u0105 jakiekolwiek negatywne efekty uboczne. Oczywi\u015bcie, jak w przypadku ka\u017cdego suplementu diety, zaleca si\u0119 skonsultowanie z lekarzem przed rozpocz\u0119ciem kuracji, zw\u0142aszcza je\u015bli osoba za\u017cywa inne leki lub ma przewlek\u0142e schorzenia.<\/p>\n<p>Warto r\u00f3wnie\u017c pami\u0119ta\u0107, \u017ce sk\u0142adniki Exurol s\u0105 wolne od sztucznych barwnik\u00f3w, konserwant\u00f3w czy wype\u0142niaczy, co czyni ten preparat bezpiecznym nawet dla os\u00f3b o wra\u017cliwym uk\u0142adzie pokarmowym.<\/p>\n<h3 style=\"text-align: center;\"><a href=\"https:\/\/lquqrybl.alohaguys.com\/\"><button>www.exurol.pl<\/button><\/a><\/h3>\n<p>Exurol to naturalny, bezpieczny i skuteczny preparat dla m\u0119\u017cczyzn, kt\u00f3rzy chc\u0105 poprawi\u0107 swoj\u0105 potencj\u0119, libido i og\u00f3ln\u0105 sprawno\u015b\u0107 seksualn\u0105. Jego starannie dobrany sk\u0142ad, oparty na naturalnych ekstraktach, zapewnia wielokierunkowe wsparcie dla zdrowia m\u0119\u017cczyzn, minimalizuj\u0105c ryzyko wyst\u0105pienia skutk\u00f3w ubocznych. Regularne stosowanie Exurol mo\u017ce przyczyni\u0107 si\u0119 do poprawy jako\u015bci \u017cycia seksualnego, zwi\u0119kszenia energii oraz pewno\u015bci siebie.<\/p>\n<p>Dzi\u0119ki naturalnym sk\u0142adnikom, Exurol stanowi doskona\u0142\u0105 alternatyw\u0119 dla syntetycznych lek\u00f3w, oferuj\u0105c m\u0119\u017cczyznom wsparcie na wielu p\u0142aszczyznach \u2013 od zwi\u0119kszenia libido po popraw\u0119 erekcji i wytrzyma\u0142o\u015bci fizycznej.<\/p>\n<\/div>\n<\/div>\n<\/div>\n<\/div>\n<\/div>\n<\/div>\n<\/div>\n<\/div>\n<\/article>\n<article class=\"w-full text-token-text-primary focus-visible:outline-2 focus-visible:outline-offset-[-4px]\" dir=\"auto\" data-testid=\"conversation-turn-5\" data-scroll-anchor=\"true\">\n<div class=\"text-base py-[18px] px-3 md:px-4 m-auto w-full md:px-5 lg:px-4 xl:px-5\">\n<div class=\"mx-auto flex flex-1 gap-4 text-base md:gap-5 lg:gap-6 md:max-w-3xl lg:max-w-[40rem] xl:max-w-[48rem]\">\n<div class=\"group\/conversation-turn relative flex w-full min-w-0 flex-col agent-turn\">\n<div class=\"flex-col gap-1 md:gap-3\">\n<div class=\"flex max-w-full flex-col flex-grow\">\n<div class=\"min-h-[20px] text-message flex w-full flex-col items-end gap-2 whitespace-normal break-words [.text-message+&amp;]:mt-5\" dir=\"auto\" data-message-author-role=\"assistant\" data-message-id=\"9e177630-02f2-44b4-9f61-3acf5d602b3d\">\n<div class=\"flex w-full flex-col gap-1 empty:hidden first:pt-[3px]\">\n<div class=\"markdown prose w-full break-words dark:prose-invert light\">\n<h2>Opinie klient\u00f3w o Exurol: fora po\u015bwi\u0119cone zdrowiu<\/h2>\n<p>Exurol zyskuje coraz wi\u0119ksz\u0105 popularno\u015b\u0107 w Polsce, a dyskusje na temat tego preparatu pojawiaj\u0105 si\u0119 na wielu forach internetowych po\u015bwi\u0119conych zdrowiu i suplementom diety. U\u017cytkownicy chwal\u0105 ten produkt przede wszystkim za jego naturalny sk\u0142ad, skuteczno\u015b\u0107 oraz przyst\u0119pn\u0105 cen\u0119. W zwi\u0105zku z rosn\u0105cym zainteresowaniem, na forach mo\u017cna znale\u017a\u0107 liczne opinie os\u00f3b, kt\u00f3re przetestowa\u0142y Exurol. Wi\u0119kszo\u015b\u0107 u\u017cytkownik\u00f3w potwierdza pozytywne dzia\u0142anie preparatu, zwracaj\u0105c uwag\u0119 na popraw\u0119 jako\u015bci \u017cycia intymnego oraz dost\u0119pno\u015b\u0107 produktu w sprzeda\u017cy online.<\/p>\n<p><strong>Oto przyk\u0142ady opinii od u\u017cytkownik\u00f3w:<\/strong><\/p>\n<ul>\n<li><strong>Marek, 48 lat<\/strong>:<br \/>\n<em>&#8222;Od d\u0142u\u017cszego czasu szuka\u0142em naturalnej alternatywy dla \u015brodk\u00f3w na potencj\u0119. Trafi\u0142em na Exurol, poczyta\u0142em opinie na forach i postanowi\u0142em spr\u00f3bowa\u0107. Efekty przeros\u0142y moje oczekiwania \u2013 po oko\u0142o tygodniu zauwa\u017cy\u0142em popraw\u0119 erekcji oraz wzrost libido. Bardzo ceni\u0119 fakt, \u017ce jest to naturalny preparat, kt\u00f3ry dzia\u0142a bez skutk\u00f3w ubocznych.&#8221;<\/em><\/li>\n<li><strong>Tomasz, 52 lata<\/strong>:<br \/>\n<em>&#8222;Zawsze by\u0142em sceptycznie nastawiony do suplement\u00f3w, ale Exurol rzeczywi\u015bcie dzia\u0142a. Ju\u017c po kilku dniach stosowania odczu\u0142em wi\u0119ksz\u0105 energi\u0119 i popraw\u0119 w sypialni. Co wi\u0119cej, kapsu\u0142ki s\u0105 \u0142atwe do zam\u00f3wienia online, a produkt dotar\u0142 do mnie w ci\u0105gu kilku dni. Polecam ka\u017cdemu, kto szuka naturalnego wsparcia.&#8221;<\/em><\/li>\n<\/ul>\n<h2>Spos\u00f3b podawania i dawkowanie<\/h2>\n<p>Exurol dost\u0119pny jest w formie \u0142atwych do po\u0142kni\u0119cia kapsu\u0142ek. Zalecane dawkowanie to 1-2 kapsu\u0142ki dziennie, najlepiej 30 minut przed planowan\u0105 aktywno\u015bci\u0105 seksualn\u0105 lub w godzinach porannych, je\u015bli celem jest og\u00f3lne wsparcie zdrowia seksualnego. W przypadku regularnego stosowania, warto pami\u0119ta\u0107 o zachowaniu sta\u0142o\u015bci w przyjmowaniu preparatu, aby uzyska\u0107 optymalne efekty. Exurol nie jest przeznaczony do stosowania przez osoby poni\u017cej 18 roku \u017cycia oraz przez osoby uczulone na kt\u00f3rykolwiek ze sk\u0142adnik\u00f3w preparatu.<\/p>\n<h2>Kup teraz Exurol z dostaw\u0105<\/h2>\n<p>Zakup Exurol jest niezwykle prosty i bezpieczny. Produkt mo\u017cna zam\u00f3wi\u0107 wygodnie online, co eliminuje konieczno\u015b\u0107 wychodzenia z domu oraz szukania preparatu w aptekach czy sklepach stacjonarnych. Warto zaznaczy\u0107, \u017ce p\u0142atno\u015b\u0107 za Exurol nie jest wymagana z g\u00f3ry \u2013 mo\u017cna j\u0105 zrealizowa\u0107 dopiero po otrzymaniu przesy\u0142ki, co daje pewno\u015b\u0107, \u017ce produkt dotrze w oryginalnym opakowaniu, bez ryzyka otrzymania podrobionego towaru.<\/p>\n<p>Czas dostawy wynosi zazwyczaj 3-4 dni robocze na terenie ca\u0142ej Polski. Po z\u0142o\u017ceniu zam\u00f3wienia, klient jest kontaktowany przez specjalist\u0119, kt\u00f3ry potwierdza zam\u00f3wienie telefonicznie, a tak\u017ce mo\u017ce udzieli\u0107 dodatkowych informacji na temat preparatu, dost\u0119pnych promocji oraz doradzi\u0107 w kwestii odpowiedniego dawkowania. Dzi\u0119ki temu kupuj\u0105cy maj\u0105 pe\u0142n\u0105 pewno\u015b\u0107, \u017ce otrzymuj\u0105 wysokiej jako\u015bci produkt.<\/p>\n<p style=\"text-align: center;\"><a href=\"https:\/\/lquqrybl.alohaguys.com\/\"><button>Zakup na stronie producenta (-50%)<\/button><\/a><\/p>\n<h2>Por\u00f3wnanie ofert: ceny i dost\u0119pno\u015b\u0107 Exurol<\/h2>\n<p>Producent Exurol stawia na dost\u0119pno\u015b\u0107 i przyst\u0119pno\u015b\u0107 cenow\u0105, dlatego suplement mo\u017cna zakupi\u0107 bezpo\u015brednio na oficjalnej stronie internetowej. Dzi\u0119ki temu klienci omijaj\u0105 po\u015brednik\u00f3w, co pozwala na unikni\u0119cie dodatkowych mar\u017c i podwy\u017cek cen, kt\u00f3re cz\u0119sto s\u0105 spotykane w aptekach. Producent regularnie oferuje atrakcyjne rabaty oraz promocje, kt\u00f3re mo\u017cna znale\u017a\u0107 bezpo\u015brednio na stronie. Aby skorzysta\u0107 z najnowszych ofert, warto systematycznie sprawdza\u0107 dost\u0119pno\u015b\u0107 aktualnych zni\u017cek.<\/p>\n<p>Z tego powodu Exurol nie jest dost\u0119pny w stacjonarnych aptekach \u2013 decyzja ta ma na celu utrzymanie konkurencyjnej ceny oraz eliminacj\u0119 ryzyka zakupu podr\u00f3bek. Zakup bezpo\u015brednio u producenta gwarantuje oryginalno\u015b\u0107 produktu oraz mo\u017cliwo\u015b\u0107 skorzystania z promocji, kt\u00f3re cz\u0119sto pojawiaj\u0105 si\u0119 w ramach ograniczonych czasowo ofert.<\/p>\n<p>Exurol to naturalny suplement diety, kt\u00f3ry skutecznie wspiera m\u0119sk\u0105 potencj\u0119 i libido, a tak\u017ce poprawia jako\u015b\u0107 \u017cycia seksualnego. Jego zakup jest \u0142atwy i bezpieczny dzi\u0119ki mo\u017cliwo\u015bci zam\u00f3wienia online oraz p\u0142atno\u015bci przy odbiorze. Oryginalny produkt z dostaw\u0105 w ci\u0105gu kilku dni oraz profesjonalne doradztwo to dodatkowe atuty, kt\u00f3re sprawiaj\u0105, \u017ce Exurol cieszy si\u0119 rosn\u0105c\u0105 popularno\u015bci\u0105 w\u015br\u00f3d m\u0119\u017cczyzn w Polsce. Dzi\u0119ki regularnym promocjom i sprzeda\u017cy bezpo\u015bredniej od producenta, Exurol jest dost\u0119pny w konkurencyjnych cenach, co czyni go atrakcyjn\u0105 opcj\u0105 dla os\u00f3b szukaj\u0105cych naturalnego wsparcia dla swojego zdrowia seksualnego.<\/p>\n<\/div>\n<\/div>\n<\/div>\n<\/div>\n<\/div>\n<\/div>\n<\/div>\n<\/div>\n<\/article>\n","protected":false},"excerpt":{"rendered":"<p style=\"text-align: center;\"><a href=\"https:\/\/lquqrybl.alohaguys.com\/\"><button>Kup teraz<\/button><\/a><\/p>\n<p>SKU:\u00a0<span class=\"sku\">789.232.175<\/span><\/p>\n<hr \/>\n<p><small>Produkt sprzedawany jest wy\u0142\u0105cznie za po\u015brednictwem oficjalnej strony producenta, id\u017a i kupuj bezpiecznie!<\/small><\/p>\n","protected":false},"featured_media":1055,"comment_status":"open","ping_status":"closed","template":"","meta":[],"product_brand":[],"product_cat":[15],"product_tag":[],"class_list":{"0":"post-1054","1":"product","2":"type-product","3":"status-publish","4":"has-post-thumbnail","6":"product_cat-supl","7":"thunk-woo-product-list","8":"opn-qv-enable","9":"top-store-woo-hover-","10":"top-store-single-product-tab-horizontal","11":"top-store-shadow-","12":"top-store-shadow-hover-","14":"first","15":"instock","16":"shipping-taxable","17":"purchasable","18":"product-type-simple"},"yoast_head":"<!-- This site is optimized with the Yoast SEO plugin v27.4 - https:\/\/yoast.com\/product\/yoast-seo-wordpress\/ -->\n<title>Exurol - kup suplement, cena w aptece, sk\u0142ad, dzia\u0142anie<\/title>\n<meta name=\"robots\" content=\"index, follow, max-snippet:-1, max-image-preview:large, max-video-preview:-1\" \/>\n<link rel=\"canonical\" href=\"https:\/\/lekarzeopole.pl\/wordpress\/product\/exurol\/\" \/>\n<meta property=\"og:locale\" content=\"pl_PL\" \/>\n<meta property=\"og:type\" content=\"article\" \/>\n<meta property=\"og:title\" content=\"Exurol - kup suplement, cena w aptece, sk\u0142ad, dzia\u0142anie\" \/>\n<meta property=\"og:description\" content=\"Kup teraz SKU:\u00a0789.232.175    Produkt sprzedawany jest wy\u0142\u0105cznie za po\u015brednictwem oficjalnej strony producenta, id\u017a i kupuj bezpiecznie!\" \/>\n<meta property=\"og:url\" content=\"https:\/\/lekarzeopole.pl\/wordpress\/product\/exurol\/\" \/>\n<meta property=\"og:site_name\" content=\"Lekarze Opole\" \/>\n<meta property=\"article:modified_time\" content=\"2024-09-17T09:26:06+00:00\" \/>\n<meta property=\"og:image\" content=\"https:\/\/lekarzeopole.pl\/wordpress\/wp-content\/uploads\/2024\/09\/exurol.jpg\" \/>\n\t<meta property=\"og:image:width\" content=\"302\" \/>\n\t<meta property=\"og:image:height\" content=\"254\" \/>\n\t<meta property=\"og:image:type\" content=\"image\/jpeg\" \/>\n<meta name=\"twitter:card\" content=\"summary_large_image\" \/>\n<meta name=\"twitter:label1\" content=\"Szacowany czas czytania\" \/>\n\t<meta name=\"twitter:data1\" content=\"9 minut\" \/>\n<script type=\"application\/ld+json\" class=\"yoast-schema-graph\">{\"@context\":\"https:\\\/\\\/schema.org\",\"@graph\":[{\"@type\":\"WebPage\",\"@id\":\"https:\\\/\\\/lekarzeopole.pl\\\/wordpress\\\/product\\\/exurol\\\/\",\"url\":\"https:\\\/\\\/lekarzeopole.pl\\\/wordpress\\\/product\\\/exurol\\\/\",\"name\":\"Exurol - kup suplement, cena w aptece, sk\u0142ad, dzia\u0142anie\",\"isPartOf\":{\"@id\":\"https:\\\/\\\/lekarzeopole.pl\\\/wordpress\\\/#website\"},\"primaryImageOfPage\":{\"@id\":\"https:\\\/\\\/lekarzeopole.pl\\\/wordpress\\\/product\\\/exurol\\\/#primaryimage\"},\"image\":{\"@id\":\"https:\\\/\\\/lekarzeopole.pl\\\/wordpress\\\/product\\\/exurol\\\/#primaryimage\"},\"thumbnailUrl\":\"https:\\\/\\\/lekarzeopole.pl\\\/wordpress\\\/wp-content\\\/uploads\\\/2024\\\/09\\\/exurol.jpg\",\"datePublished\":\"2024-09-17T09:19:23+00:00\",\"dateModified\":\"2024-09-17T09:26:06+00:00\",\"breadcrumb\":{\"@id\":\"https:\\\/\\\/lekarzeopole.pl\\\/wordpress\\\/product\\\/exurol\\\/#breadcrumb\"},\"inLanguage\":\"pl-PL\",\"potentialAction\":[{\"@type\":\"ReadAction\",\"target\":[\"https:\\\/\\\/lekarzeopole.pl\\\/wordpress\\\/product\\\/exurol\\\/\"]}]},{\"@type\":\"ImageObject\",\"inLanguage\":\"pl-PL\",\"@id\":\"https:\\\/\\\/lekarzeopole.pl\\\/wordpress\\\/product\\\/exurol\\\/#primaryimage\",\"url\":\"https:\\\/\\\/lekarzeopole.pl\\\/wordpress\\\/wp-content\\\/uploads\\\/2024\\\/09\\\/exurol.jpg\",\"contentUrl\":\"https:\\\/\\\/lekarzeopole.pl\\\/wordpress\\\/wp-content\\\/uploads\\\/2024\\\/09\\\/exurol.jpg\",\"width\":302,\"height\":254,\"caption\":\"Exurol\"},{\"@type\":\"BreadcrumbList\",\"@id\":\"https:\\\/\\\/lekarzeopole.pl\\\/wordpress\\\/product\\\/exurol\\\/#breadcrumb\",\"itemListElement\":[{\"@type\":\"ListItem\",\"position\":1,\"name\":\"\u0413\u043b\u0430\u0432\u043d\u0430\u044f \u0441\u0442\u0440\u0430\u043d\u0438\u0446\u0430\",\"item\":\"https:\\\/\\\/lekarzeopole.pl\\\/wordpress\\\/\"},{\"@type\":\"ListItem\",\"position\":2,\"name\":\"Zakup\",\"item\":\"https:\\\/\\\/lekarzeopole.pl\\\/wordpress\\\/\"},{\"@type\":\"ListItem\",\"position\":3,\"name\":\"Exurol\"}]},{\"@type\":\"WebSite\",\"@id\":\"https:\\\/\\\/lekarzeopole.pl\\\/wordpress\\\/#website\",\"url\":\"https:\\\/\\\/lekarzeopole.pl\\\/wordpress\\\/\",\"name\":\"Lekarze Opole\",\"description\":\"\",\"potentialAction\":[{\"@type\":\"SearchAction\",\"target\":{\"@type\":\"EntryPoint\",\"urlTemplate\":\"https:\\\/\\\/lekarzeopole.pl\\\/wordpress\\\/?s={search_term_string}\"},\"query-input\":{\"@type\":\"PropertyValueSpecification\",\"valueRequired\":true,\"valueName\":\"search_term_string\"}}],\"inLanguage\":\"pl-PL\"}]}<\/script>\n<!-- \/ Yoast SEO plugin. -->","yoast_head_json":{"title":"Exurol - kup suplement, cena w aptece, sk\u0142ad, dzia\u0142anie","robots":{"index":"index","follow":"follow","max-snippet":"max-snippet:-1","max-image-preview":"max-image-preview:large","max-video-preview":"max-video-preview:-1"},"canonical":"https:\/\/lekarzeopole.pl\/wordpress\/product\/exurol\/","og_locale":"pl_PL","og_type":"article","og_title":"Exurol - kup suplement, cena w aptece, sk\u0142ad, dzia\u0142anie","og_description":"Kup teraz SKU:\u00a0789.232.175    Produkt sprzedawany jest wy\u0142\u0105cznie za po\u015brednictwem oficjalnej strony producenta, id\u017a i kupuj bezpiecznie!","og_url":"https:\/\/lekarzeopole.pl\/wordpress\/product\/exurol\/","og_site_name":"Lekarze Opole","article_modified_time":"2024-09-17T09:26:06+00:00","og_image":[{"width":302,"height":254,"url":"https:\/\/lekarzeopole.pl\/wordpress\/wp-content\/uploads\/2024\/09\/exurol.jpg","type":"image\/jpeg"}],"twitter_card":"summary_large_image","twitter_misc":{"Szacowany czas czytania":"9 minut"},"schema":{"@context":"https:\/\/schema.org","@graph":[{"@type":"WebPage","@id":"https:\/\/lekarzeopole.pl\/wordpress\/product\/exurol\/","url":"https:\/\/lekarzeopole.pl\/wordpress\/product\/exurol\/","name":"Exurol - kup suplement, cena w aptece, sk\u0142ad, dzia\u0142anie","isPartOf":{"@id":"https:\/\/lekarzeopole.pl\/wordpress\/#website"},"primaryImageOfPage":{"@id":"https:\/\/lekarzeopole.pl\/wordpress\/product\/exurol\/#primaryimage"},"image":{"@id":"https:\/\/lekarzeopole.pl\/wordpress\/product\/exurol\/#primaryimage"},"thumbnailUrl":"https:\/\/lekarzeopole.pl\/wordpress\/wp-content\/uploads\/2024\/09\/exurol.jpg","datePublished":"2024-09-17T09:19:23+00:00","dateModified":"2024-09-17T09:26:06+00:00","breadcrumb":{"@id":"https:\/\/lekarzeopole.pl\/wordpress\/product\/exurol\/#breadcrumb"},"inLanguage":"pl-PL","potentialAction":[{"@type":"ReadAction","target":["https:\/\/lekarzeopole.pl\/wordpress\/product\/exurol\/"]}]},{"@type":"ImageObject","inLanguage":"pl-PL","@id":"https:\/\/lekarzeopole.pl\/wordpress\/product\/exurol\/#primaryimage","url":"https:\/\/lekarzeopole.pl\/wordpress\/wp-content\/uploads\/2024\/09\/exurol.jpg","contentUrl":"https:\/\/lekarzeopole.pl\/wordpress\/wp-content\/uploads\/2024\/09\/exurol.jpg","width":302,"height":254,"caption":"Exurol"},{"@type":"BreadcrumbList","@id":"https:\/\/lekarzeopole.pl\/wordpress\/product\/exurol\/#breadcrumb","itemListElement":[{"@type":"ListItem","position":1,"name":"\u0413\u043b\u0430\u0432\u043d\u0430\u044f \u0441\u0442\u0440\u0430\u043d\u0438\u0446\u0430","item":"https:\/\/lekarzeopole.pl\/wordpress\/"},{"@type":"ListItem","position":2,"name":"Zakup","item":"https:\/\/lekarzeopole.pl\/wordpress\/"},{"@type":"ListItem","position":3,"name":"Exurol"}]},{"@type":"WebSite","@id":"https:\/\/lekarzeopole.pl\/wordpress\/#website","url":"https:\/\/lekarzeopole.pl\/wordpress\/","name":"Lekarze Opole","description":"","potentialAction":[{"@type":"SearchAction","target":{"@type":"EntryPoint","urlTemplate":"https:\/\/lekarzeopole.pl\/wordpress\/?s={search_term_string}"},"query-input":{"@type":"PropertyValueSpecification","valueRequired":true,"valueName":"search_term_string"}}],"inLanguage":"pl-PL"}]}},"_links":{"self":[{"href":"https:\/\/lekarzeopole.pl\/wordpress\/wp-json\/wp\/v2\/product\/1054","targetHints":{"allow":["GET"]}}],"collection":[{"href":"https:\/\/lekarzeopole.pl\/wordpress\/wp-json\/wp\/v2\/product"}],"about":[{"href":"https:\/\/lekarzeopole.pl\/wordpress\/wp-json\/wp\/v2\/types\/product"}],"replies":[{"embeddable":true,"href":"https:\/\/lekarzeopole.pl\/wordpress\/wp-json\/wp\/v2\/comments?post=1054"}],"wp:featuredmedia":[{"embeddable":true,"href":"https:\/\/lekarzeopole.pl\/wordpress\/wp-json\/wp\/v2\/media\/1055"}],"wp:attachment":[{"href":"https:\/\/lekarzeopole.pl\/wordpress\/wp-json\/wp\/v2\/media?parent=1054"}],"wp:term":[{"taxonomy":"product_brand","embeddable":true,"href":"https:\/\/lekarzeopole.pl\/wordpress\/wp-json\/wp\/v2\/product_brand?post=1054"},{"taxonomy":"product_cat","embeddable":true,"href":"https:\/\/lekarzeopole.pl\/wordpress\/wp-json\/wp\/v2\/product_cat?post=1054"},{"taxonomy":"product_tag","embeddable":true,"href":"https:\/\/lekarzeopole.pl\/wordpress\/wp-json\/wp\/v2\/product_tag?post=1054"}],"curies":[{"name":"wp","href":"https:\/\/api.w.org\/{rel}","templated":true}]}}