{"id":1052,"date":"2024-09-17T09:13:41","date_gmt":"2024-09-17T09:13:41","guid":{"rendered":"https:\/\/lekarzeopole.pl\/wordpress\/?post_type=product&#038;p=1052"},"modified":"2024-12-07T17:24:03","modified_gmt":"2024-12-07T17:24:03","slug":"herzena","status":"publish","type":"product","link":"https:\/\/lekarzeopole.pl\/wordpress\/product\/herzena\/","title":{"rendered":"Herzena"},"content":{"rendered":"<article class=\"w-full text-token-text-primary focus-visible:outline-2 focus-visible:outline-offset-[-4px]\" dir=\"auto\" data-testid=\"conversation-turn-3\" data-scroll-anchor=\"false\">\n<div class=\"text-base py-[18px] px-3 md:px-4 m-auto w-full md:px-5 lg:px-4 xl:px-5\">\n<div class=\"mx-auto flex flex-1 gap-4 text-base md:gap-5 lg:gap-6 md:max-w-3xl lg:max-w-[40rem] xl:max-w-[48rem]\">\n<div class=\"group\/conversation-turn relative flex w-full min-w-0 flex-col agent-turn\">\n<div class=\"flex-col gap-1 md:gap-3\">\n<div class=\"flex max-w-full flex-col flex-grow\">\n<div class=\"text-message flex w-full flex-col items-end gap-2 whitespace-normal break-words [.text-message+&amp;]:mt-5\" dir=\"auto\" data-message-author-role=\"assistant\" data-message-id=\"8adc2843-f077-492c-b45f-2fe40e18e615\">\n<div class=\"flex w-full flex-col gap-1 empty:hidden first:pt-[3px]\">\n<div class=\"markdown prose w-full break-words dark:prose-invert light\">\n<p>Nadci\u015bnienie t\u0119tnicze to jedna z najcz\u0119\u015bciej wyst\u0119puj\u0105cych chor\u00f3b uk\u0142adu kr\u0105\u017cenia, kt\u00f3ra dotyka miliony os\u00f3b na ca\u0142ym \u015bwiecie. Walka z tym schorzeniem wymaga nie tylko zmiany stylu \u017cycia, ale r\u00f3wnie\u017c wsparcia farmakologicznego. Coraz wi\u0119ksz\u0105 popularno\u015bci\u0105 ciesz\u0105 si\u0119 naturalne preparaty, kt\u00f3re, dzi\u0119ki odpowiednio dobranym sk\u0142adnikom, mog\u0105 skutecznie wspiera\u0107 terapi\u0119. Jednym z takich preparat\u00f3w jest Herzena \u2013 kapsu\u0142ki, kt\u00f3re \u0142\u0105cz\u0105 w sobie moc naturalnych sk\u0142adnik\u00f3w, wspomagaj\u0105c zdrowie serca i uk\u0142adu kr\u0105\u017cenia. W niniejszym artykule przyjrzymy si\u0119 bli\u017cej wskazaniom do stosowania Herzena, jej sk\u0142adowi i dzia\u0142aniu, a tak\u017ce efektom, jakie mo\u017cna osi\u0105gn\u0105\u0107 przy regularnym stosowaniu tego produktu.<\/p>\n<h2>Wskazania do stosowania Herzena<\/h2>\n<p>Herzena to preparat stworzony przede wszystkim dla os\u00f3b zmagaj\u0105cych si\u0119 z nadci\u015bnieniem t\u0119tniczym. Jego naturalne sk\u0142adniki wspomagaj\u0105 regulacj\u0119 ci\u015bnienia krwi, co jest kluczowe dla os\u00f3b, u kt\u00f3rych warto\u015bci ci\u015bnienia przekraczaj\u0105 norm\u0119. Nadci\u015bnienie, nieleczone odpowiednio, mo\u017ce prowadzi\u0107 do powa\u017cnych powik\u0142a\u0144 zdrowotnych, takich jak zawa\u0142 serca, udar m\u00f3zgu czy uszkodzenia nerek.<\/p>\n<p>Warto r\u00f3wnie\u017c zaznaczy\u0107, \u017ce Herzena mo\u017ce by\u0107 stosowana przez osoby, kt\u00f3re:<\/p>\n<ul>\n<li>Cierpi\u0105 na przewlek\u0142e nadci\u015bnienie,<\/li>\n<li>Maj\u0105 skoki ci\u015bnienia krwi zwi\u0105zane z nadmiernym stresem,<\/li>\n<li>Zmagaj\u0105 si\u0119 z objawami mia\u017cd\u017cycy,<\/li>\n<li>Poszukuj\u0105 naturalnego wsparcia dla serca i naczy\u0144 krwiono\u015bnych.<\/li>\n<\/ul>\n<p>Regularne stosowanie kapsu\u0142ek Herzena zalecane jest tak\u017ce w ramach profilaktyki dla os\u00f3b z podwy\u017cszonym ryzykiem chor\u00f3b uk\u0142adu kr\u0105\u017cenia. Preparat ten nie zast\u0119puje jednak konsultacji z lekarzem ani stosowania innych lek\u00f3w na nadci\u015bnienie, ale mo\u017ce by\u0107 warto\u015bciowym uzupe\u0142nieniem terapii.<\/p>\n<h2>Sk\u0142ad i dzia\u0142anie sk\u0142adnik\u00f3w Herzena<\/h2>\n<p>Jednym z kluczowych atut\u00f3w Herzena jest jej naturalny sk\u0142ad, kt\u00f3ry stanowi harmonijn\u0105 kompozycj\u0119 sk\u0142adnik\u00f3w o potwierdzonym dzia\u0142aniu prozdrowotnym. Ka\u017cdy sk\u0142adnik zosta\u0142 dobrany tak, aby wspiera\u0107 uk\u0142ad kr\u0105\u017cenia i dzia\u0142a\u0107 kompleksowo na r\u00f3\u017cne przyczyny nadci\u015bnienia. Poni\u017cej przedstawiamy g\u0142\u00f3wne sk\u0142adniki Herzena oraz ich dzia\u0142anie.<\/p>\n<h3><strong>Ekstrakt z g\u0142ogu (Crataegus)<\/strong><\/h3>\n<p>G\u0142\u00f3g jest od wiek\u00f3w znanym i cenionym sk\u0142adnikiem w medycynie naturalnej. Jego dzia\u0142anie skupia si\u0119 na poprawie pracy serca oraz wspomaganiu elastyczno\u015bci naczy\u0144 krwiono\u015bnych. G\u0142\u00f3g dzia\u0142a rozkurczaj\u0105co na mi\u0119\u015bnie naczy\u0144 krwiono\u015bnych, co sprzyja obni\u017ceniu ci\u015bnienia krwi. Ponadto wspiera mikrokr\u0105\u017cenie, co jest szczeg\u00f3lnie istotne dla os\u00f3b z problemami sercowymi.<\/p>\n<h3><strong>Ekstrakt z czosnku (Allium sativum)<\/strong><\/h3>\n<p>Czosnek to prawdziwa skarbnica zdrowia. Zawiera zwi\u0105zki siarkowe, kt\u00f3re wspomagaj\u0105 obni\u017canie ci\u015bnienia krwi i poprawiaj\u0105 profil lipidowy, obni\u017caj\u0105c poziom z\u0142ego cholesterolu (LDL). Czosnek dzia\u0142a r\u00f3wnie\u017c przeciwzakrzepowo, co zmniejsza ryzyko powstawania zakrzep\u00f3w, b\u0119d\u0105cych jedn\u0105 z przyczyn zawa\u0142u serca i udaru m\u00f3zgu.<\/p>\n<h3><strong>Ekstrakt z w\u0105kroty azjatyckiej (Centella asiatica)<\/strong><\/h3>\n<p>W\u0105krota azjatycka, znana r\u00f3wnie\u017c jako Gotu Kola, posiada w\u0142a\u015bciwo\u015bci wspomagaj\u0105ce kr\u0105\u017cenie krwi. Dzia\u0142a tonizuj\u0105co na naczynia krwiono\u015bne, poprawiaj\u0105c ich elastyczno\u015b\u0107 i zmniejszaj\u0105c ryzyko p\u0119kania drobnych naczy\u0144 w\u0142osowatych. Dzi\u0119ki temu poprawia kr\u0105\u017cenie obwodowe, co ma znaczenie w przypadku os\u00f3b z nadci\u015bnieniem.<\/p>\n<h3><strong>Ekstrakt z oliwek (Olea europaea)<\/strong><\/h3>\n<p>Oliwki, a dok\u0142adniej ekstrakt z li\u015bci oliwki, posiada silne w\u0142a\u015bciwo\u015bci antyoksydacyjne. Zawarty w nich zwi\u0105zek \u2013 oleuropeina \u2013 dzia\u0142a przeciwzapalnie i wspomaga redukcj\u0119 stresu oksydacyjnego, kt\u00f3ry jest jednym z czynnik\u00f3w ryzyka rozwoju chor\u00f3b uk\u0142adu kr\u0105\u017cenia. Ekstrakt z li\u015bci oliwek wspomaga r\u00f3wnie\u017c rozkurcz naczy\u0144 krwiono\u015bnych, co przek\u0142ada si\u0119 na obni\u017cenie ci\u015bnienia krwi.<\/p>\n<h3><strong>Magnez i potas<\/strong><\/h3>\n<p>Magnez i potas to dwa kluczowe pierwiastki dla zdrowia serca. Magnez wspomaga prac\u0119 mi\u0119\u015bnia sercowego oraz wp\u0142ywa na prawid\u0142owy rytm serca. Potas z kolei reguluje r\u00f3wnowag\u0119 elektrolitow\u0105 organizmu i wspomaga utrzymanie prawid\u0142owego ci\u015bnienia krwi. Ich obecno\u015b\u0107 w Herzena zapewnia kompleksowe wsparcie uk\u0142adu kr\u0105\u017cenia.<\/p>\n<h2>Efekty Herzena i ich charakterystyka<\/h2>\n<p>Regularne stosowanie kapsu\u0142ek Herzena mo\u017ce przynie\u015b\u0107 liczne korzy\u015bci zdrowotne, kt\u00f3re s\u0105 szczeg\u00f3lnie istotne dla os\u00f3b z nadci\u015bnieniem t\u0119tniczym. Dzi\u0119ki unikalnej kompozycji naturalnych sk\u0142adnik\u00f3w, preparat ten dzia\u0142a na wiele poziom\u00f3w, wspomagaj\u0105c nie tylko redukcj\u0119 ci\u015bnienia krwi, ale tak\u017ce popraw\u0119 og\u00f3lnego stanu zdrowia.<\/p>\n<h3><strong>Obni\u017cenie ci\u015bnienia t\u0119tniczego<\/strong><\/h3>\n<p>Najwa\u017cniejszym efektem stosowania Herzena jest stopniowe, naturalne obni\u017cenie ci\u015bnienia krwi. Dzi\u0119ki dzia\u0142aniu g\u0142ogu, czosnku i oliwek, preparat wspomaga rozkurcz naczy\u0144 krwiono\u015bnych, co u\u0142atwia przep\u0142yw krwi i zmniejsza op\u00f3r w naczyniach. W rezultacie serce nie musi pracowa\u0107 tak intensywnie, co obni\u017ca ryzyko powa\u017cnych powik\u0142a\u0144 sercowo-naczyniowych.<\/p>\n<h3><strong>Poprawa pracy serca<\/strong><\/h3>\n<p>Herzena wspiera prawid\u0142ow\u0105 prac\u0119 serca, co jest kluczowe dla os\u00f3b z nadci\u015bnieniem. Dzi\u0119ki zawarto\u015bci magnezu, preparat wspomaga rytm serca i zapobiega arytmiom. G\u0142\u00f3g natomiast wzmacnia mi\u0119sie\u0144 sercowy, co poprawia wydolno\u015b\u0107 serca i zapobiega jego przeci\u0105\u017ceniu.<\/p>\n<h3><strong>Redukcja stresu oksydacyjnego<\/strong><\/h3>\n<p>Ekstrakt z li\u015bci oliwek dostarcza organizmowi silnych przeciwutleniaczy, kt\u00f3re pomagaj\u0105 w walce ze stresem oksydacyjnym. Stres oksydacyjny to proces, kt\u00f3ry przyczynia si\u0119 do uszkodze\u0144 kom\u00f3rek i naczy\u0144 krwiono\u015bnych, zwi\u0119kszaj\u0105c ryzyko mia\u017cd\u017cycy i innych chor\u00f3b uk\u0142adu kr\u0105\u017cenia. Herzena chroni kom\u00f3rki przed wolnymi rodnikami, co wspomaga zdrowie uk\u0142adu sercowo-naczyniowego.<\/p>\n<h3><strong>Poprawa elastyczno\u015bci naczy\u0144 krwiono\u015bnych<\/strong><\/h3>\n<p>Dzi\u0119ki dzia\u0142aniu w\u0105kroty azjatyckiej i g\u0142ogu, Herzena wspomaga elastyczno\u015b\u0107 naczy\u0144 krwiono\u015bnych, co jest niezwykle istotne dla os\u00f3b z nadci\u015bnieniem. Elastyczne naczynia lepiej reaguj\u0105 na zmiany ci\u015bnienia krwi, co zapobiega ich p\u0119kaniu i tworzeniu si\u0119 mikrouraz\u00f3w.<\/p>\n<h2>Ryzyko skutk\u00f3w ubocznych<\/h2>\n<p>Herzena to preparat oparty na naturalnych sk\u0142adnikach, co czyni go bezpiecznym w stosowaniu dla wi\u0119kszo\u015bci os\u00f3b. Ryzyko wyst\u0105pienia skutk\u00f3w ubocznych jest minimalne, jednak jak przy ka\u017cdym preparacie, istnieje mo\u017cliwo\u015b\u0107 wyst\u0105pienia reakcji alergicznych u os\u00f3b nadwra\u017cliwych na kt\u00f3rykolwiek ze sk\u0142adnik\u00f3w.<\/p>\n<p>Warto podkre\u015bli\u0107, \u017ce Herzena nie zawiera syntetycznych dodatk\u00f3w ani szkodliwych substancji chemicznych, co sprawia, \u017ce jest dobrze tolerowana nawet przy d\u0142u\u017cszym stosowaniu. Mimo to, zaleca si\u0119, aby przed rozpocz\u0119ciem stosowania skonsultowa\u0107 si\u0119 z lekarzem, zw\u0142aszcza je\u015bli pacjent stosuje inne leki na nadci\u015bnienie.<\/p>\n<h2 style=\"text-align: center;\"><a href=\"https:\/\/keonv.com\/2EaS?sub1=sub1&amp;sub2=sub2&amp;sub3=sub3&amp;sub4=sub4&amp;sub5=sub5\"><button>www.herzena.pl<\/button><\/a><\/h2>\n<p>Herzena to preparat, kt\u00f3ry dzi\u0119ki mocy naturalnych sk\u0142adnik\u00f3w, stanowi cenne wsparcie dla os\u00f3b zmagaj\u0105cych si\u0119 z nadci\u015bnieniem t\u0119tniczym. Jego unikalna formu\u0142a oparta na wyci\u0105gach ro\u015blinnych, witaminach i minera\u0142ach dzia\u0142a wielopoziomowo, poprawiaj\u0105c kr\u0105\u017cenie, wspieraj\u0105c prac\u0119 serca oraz obni\u017caj\u0105c ci\u015bnienie krwi. Dodatkowo, minimalne ryzyko skutk\u00f3w ubocznych sprawia, \u017ce jest to bezpieczna alternatywa dla os\u00f3b szukaj\u0105cych naturalnych rozwi\u0105za\u0144 w terapii nadci\u015bnienia.<\/p>\n<\/div>\n<\/div>\n<\/div>\n<\/div>\n<\/div>\n<\/div>\n<\/div>\n<\/div>\n<\/article>\n<article class=\"w-full text-token-text-primary focus-visible:outline-2 focus-visible:outline-offset-[-4px]\" dir=\"auto\" data-testid=\"conversation-turn-5\" data-scroll-anchor=\"true\">\n<div class=\"text-base py-[18px] px-3 md:px-4 m-auto w-full md:px-5 lg:px-4 xl:px-5\">\n<div class=\"mx-auto flex flex-1 gap-4 text-base md:gap-5 lg:gap-6 md:max-w-3xl lg:max-w-[40rem] xl:max-w-[48rem]\">\n<div class=\"group\/conversation-turn relative flex w-full min-w-0 flex-col agent-turn\">\n<div class=\"flex-col gap-1 md:gap-3\">\n<div class=\"flex max-w-full flex-col flex-grow\">\n<div class=\"min-h-[20px] text-message flex w-full flex-col items-end gap-2 whitespace-normal break-words [.text-message+&amp;]:mt-5\" dir=\"auto\" data-message-author-role=\"assistant\" data-message-id=\"facb989d-f925-47a1-b4ea-7b5838f7fc34\">\n<div class=\"flex w-full flex-col gap-1 empty:hidden first:pt-[3px]\">\n<div class=\"markdown prose w-full break-words dark:prose-invert light\">\n<h2>Opinie klient\u00f3w o Herzena: fora po\u015bwi\u0119cone zdrowiu<\/h2>\n<p>Herzena zyskuje coraz wi\u0119ksz\u0105 popularno\u015b\u0107 w Polsce, a rosn\u0105ca liczba u\u017cytkownik\u00f3w dzieli si\u0119 swoimi do\u015bwiadczeniami na forach po\u015bwi\u0119conych zdrowiu. Takie platformy s\u0105 cennym \u017ar\u00f3d\u0142em informacji dla os\u00f3b, kt\u00f3re szukaj\u0105 naturalnych i skutecznych sposob\u00f3w na walk\u0119 z nadci\u015bnieniem. Wi\u0119kszo\u015b\u0107 u\u017cytkownik\u00f3w, kt\u00f3rzy zdecydowali si\u0119 na stosowanie Herzena, opisuje pozytywne efekty, takie jak poprawa ci\u015bnienia krwi, lepsze samopoczucie oraz brak skutk\u00f3w ubocznych. Doceniana jest r\u00f3wnie\u017c dost\u0119pno\u015b\u0107 kapsu\u0142ek oraz wygoda zamawiania online. Poni\u017cej zamieszczamy kilka opinii u\u017cytkownik\u00f3w, kt\u00f3re mog\u0105 pos\u0142u\u017cy\u0107 jako przyk\u0142ad do\u015bwiadcze\u0144 z preparatem Herzena.<\/p>\n<ul>\n<li><strong>Katarzyna, 52 lata<\/strong>:<br \/>\n<em>\u201eZacz\u0119\u0142am bra\u0107 Herzena po tym, jak moje ci\u015bnienie zacz\u0119\u0142o skaka\u0107 i lekarz zasugerowa\u0142 mi naturalne wsparcie. Ju\u017c po kilku tygodniach zauwa\u017cy\u0142am, \u017ce moje ci\u015bnienie si\u0119 ustabilizowa\u0142o, a ja czuj\u0119 si\u0119 o wiele lepiej. Najbardziej ceni\u0119 sobie to, \u017ce sk\u0142ad jest naturalny i nie musz\u0119 si\u0119 martwi\u0107 o skutki uboczne. Polecam ka\u017cdemu, kto szuka czego\u015b skutecznego na nadci\u015bnienie.\u201d<\/em><\/li>\n<li><strong>Marek, 60 lat<\/strong>:<br \/>\n<em>\u201eOd lat walczy\u0142em z nadci\u015bnieniem i pr\u00f3bowa\u0142em r\u00f3\u017cnych lek\u00f3w, ale wi\u0119kszo\u015b\u0107 z nich mia\u0142a negatywny wp\u0142yw na moje samopoczucie. Herzena poleci\u0142 mi znajomy, kt\u00f3ry r\u00f3wnie\u017c ma problemy z ci\u015bnieniem. Ju\u017c po miesi\u0105cu stosowania zauwa\u017cy\u0142em znaczn\u0105 popraw\u0119. Co wi\u0119cej, preparat jest dost\u0119pny online, wi\u0119c nie musz\u0119 biega\u0107 po aptekach. Dla mnie to ogromny plus!\u201d<\/em><\/li>\n<\/ul>\n<h2>Spos\u00f3b podawania i dawkowanie<\/h2>\n<p>Stosowanie Herzena jest bardzo proste i wygodne, co czyni go idealnym wyborem dla os\u00f3b poszukuj\u0105cych naturalnej formy wsparcia w walce z nadci\u015bnieniem. Zalecane dawkowanie to zazwyczaj jedna kapsu\u0142ka dwa razy dziennie \u2013 najlepiej rano i wieczorem, popijaj\u0105c szklank\u0105 wody. Warto jednak pami\u0119ta\u0107, \u017ce przed rozpocz\u0119ciem kuracji dobrze jest skonsultowa\u0107 si\u0119 z lekarzem, zw\u0142aszcza je\u015bli pacjent przyjmuje inne leki na nadci\u015bnienie.<\/p>\n<p>Regularno\u015b\u0107 jest kluczowa dla uzyskania najlepszych efekt\u00f3w, dlatego zaleca si\u0119 przyjmowanie kapsu\u0142ek codziennie, zgodnie z instrukcj\u0105. W przypadku w\u0105tpliwo\u015bci co do dawkowania lub potrzeby zmiany schematu, warto skontaktowa\u0107 si\u0119 z lekarzem lub specjalist\u0105.<\/p>\n<h2>Kup teraz Herzena z dostaw\u0105<\/h2>\n<p>Zakup Herzena jest nie tylko \u0142atwy, ale i ca\u0142kowicie bezpieczny. Kapsu\u0142ki mo\u017cna zam\u00f3wi\u0107 bezpo\u015brednio przez internet, co eliminuje potrzeb\u0119 wizyt w aptekach. Co wi\u0119cej, op\u0142aty za produkt nie trzeba dokonywa\u0107 z g\u00f3ry. P\u0142atno\u015b\u0107 odbywa si\u0119 dopiero przy odbiorze zam\u00f3wienia, co daje pewno\u015b\u0107, \u017ce klient otrzyma oryginalny produkt bez ryzyka.<\/p>\n<p>Dostawa Herzena na terenie Polski trwa zazwyczaj 3-4 dni robocze. Po z\u0142o\u017ceniu zam\u00f3wienia, klient zostaje skontaktowany telefonicznie przez specjalist\u0119, kt\u00f3ry potwierdza zam\u00f3wienie, a tak\u017ce mo\u017ce udzieli\u0107 dodatkowych informacji na temat dost\u0119pnych promocji lub ilo\u015bci preparatu odpowiedniej do indywidualnych potrzeb.<\/p>\n<p>Kupuj\u0105c Herzena przez internet, mo\u017cna mie\u0107 pewno\u015b\u0107, \u017ce zam\u00f3wienie jest realizowane bez zb\u0119dnych po\u015brednik\u00f3w, co oznacza, \u017ce produkt trafia prosto od producenta, gwarantuj\u0105c jego oryginalno\u015b\u0107 i wysok\u0105 jako\u015b\u0107.<\/p>\n<p style=\"text-align: center;\"><a href=\"https:\/\/keonv.com\/2EaS?sub1=sub1&amp;sub2=sub2&amp;sub3=sub3&amp;sub4=sub4&amp;sub5=sub5\"><button>Zakup na stronie producenta (-50%)<\/button><\/a><\/p>\n<h2>Por\u00f3wnanie ofert: ceny i dost\u0119pno\u015b\u0107 Herzena<\/h2>\n<p>Producent Herzena k\u0142adzie ogromny nacisk na to, aby preparat by\u0142 dost\u0119pny dla jak najszerszego grona os\u00f3b, kt\u00f3re potrzebuj\u0105 wsparcia w walce z nadci\u015bnieniem. W\u0142a\u015bnie dlatego kapsu\u0142ki Herzena mo\u017cna naby\u0107 wy\u0142\u0105cznie przez oficjaln\u0105 stron\u0119 internetow\u0105 producenta. Omijaj\u0105c po\u015brednik\u00f3w, producent mo\u017ce zagwarantowa\u0107 konkurencyjn\u0105 cen\u0119, bez dodatkowych koszt\u00f3w i mar\u017c, kt\u00f3re zazwyczaj narzucaj\u0105 apteki i dystrybutorzy.<\/p>\n<p>Co istotne, na stronie producenta regularnie pojawiaj\u0105 si\u0119 r\u00f3\u017cnorodne promocje i oferty specjalne. Klienci mog\u0105 skorzysta\u0107 ze zni\u017cek, jednak warto monitorowa\u0107 aktualne promocje, poniewa\u017c ich dost\u0119pno\u015b\u0107 mo\u017ce si\u0119 zmienia\u0107. Fakt, \u017ce Herzena nie jest dost\u0119pna w stacjonarnych aptekach, daje pewno\u015b\u0107, \u017ce kupuj\u0105cy otrzymuj\u0105 produkt bezpo\u015brednio od producenta, co eliminuje ryzyko zakupu podr\u00f3bek.<\/p>\n<p>Herzena to skuteczny i bezpieczny preparat na nadci\u015bnienie, kt\u00f3rego zakup jest wygodny i pozbawiony ryzyka. Naturalny sk\u0142ad, liczne pozytywne opinie u\u017cytkownik\u00f3w oraz przyst\u0119pna cena czyni\u0105 go atrakcyjnym rozwi\u0105zaniem dla os\u00f3b zmagaj\u0105cych si\u0119 z problemami sercowo-naczyniowymi.<\/p>\n<\/div>\n<\/div>\n<\/div>\n<\/div>\n<\/div>\n<\/div>\n<\/div>\n<\/div>\n<\/article>\n","protected":false},"excerpt":{"rendered":"<p style=\"text-align: center;\"><a href=\"https:\/\/keonv.com\/2EaS?sub1=sub1&amp;sub2=sub2&amp;sub3=sub3&amp;sub4=sub4&amp;sub5=sub5\"><button>Kup teraz<\/button><\/a><\/p>\n<p>SKU:\u00a0<span class=\"sku\">789.231.175<\/span><\/p>\n<hr \/>\n<p><small>Produkt sprzedawany jest wy\u0142\u0105cznie za po\u015brednictwem oficjalnej strony producenta, id\u017a i kupuj bezpiecznie!<\/small><\/p>\n","protected":false},"featured_media":1053,"comment_status":"open","ping_status":"closed","template":"","meta":[],"product_brand":[],"product_cat":[15],"product_tag":[],"class_list":{"0":"post-1052","1":"product","2":"type-product","3":"status-publish","4":"has-post-thumbnail","6":"product_cat-supl","7":"thunk-woo-product-list","8":"opn-qv-enable","9":"top-store-woo-hover-","10":"top-store-single-product-tab-horizontal","11":"top-store-shadow-","12":"top-store-shadow-hover-","14":"first","15":"instock","16":"sale","17":"shipping-taxable","18":"purchasable","19":"product-type-simple"},"yoast_head":"<!-- This site is optimized with the Yoast SEO plugin v27.4 - https:\/\/yoast.com\/product\/yoast-seo-wordpress\/ -->\n<title>Herzena - kup suplement, cena w aptece, sk\u0142ad, dzia\u0142anie<\/title>\n<meta name=\"robots\" content=\"index, follow, max-snippet:-1, max-image-preview:large, max-video-preview:-1\" \/>\n<link rel=\"canonical\" href=\"https:\/\/lekarzeopole.pl\/wordpress\/product\/herzena\/\" \/>\n<meta property=\"og:locale\" content=\"pl_PL\" \/>\n<meta property=\"og:type\" content=\"article\" \/>\n<meta property=\"og:title\" content=\"Herzena - kup suplement, cena w aptece, sk\u0142ad, dzia\u0142anie\" \/>\n<meta property=\"og:description\" content=\"Kup teraz SKU:\u00a0789.231.175    Produkt sprzedawany jest wy\u0142\u0105cznie za po\u015brednictwem oficjalnej strony producenta, id\u017a i kupuj bezpiecznie!\" \/>\n<meta property=\"og:url\" content=\"https:\/\/lekarzeopole.pl\/wordpress\/product\/herzena\/\" \/>\n<meta property=\"og:site_name\" content=\"Lekarze Opole\" \/>\n<meta property=\"article:modified_time\" content=\"2024-12-07T17:24:03+00:00\" \/>\n<meta property=\"og:image\" content=\"https:\/\/lekarzeopole.pl\/wordpress\/wp-content\/uploads\/2024\/09\/herzena.jpg\" \/>\n\t<meta property=\"og:image:width\" content=\"200\" \/>\n\t<meta property=\"og:image:height\" content=\"200\" \/>\n\t<meta property=\"og:image:type\" content=\"image\/jpeg\" \/>\n<meta name=\"twitter:card\" content=\"summary_large_image\" \/>\n<meta name=\"twitter:label1\" content=\"Szacowany czas czytania\" \/>\n\t<meta name=\"twitter:data1\" content=\"9 minut\" \/>\n<script type=\"application\/ld+json\" class=\"yoast-schema-graph\">{\"@context\":\"https:\\\/\\\/schema.org\",\"@graph\":[{\"@type\":\"WebPage\",\"@id\":\"https:\\\/\\\/lekarzeopole.pl\\\/wordpress\\\/product\\\/herzena\\\/\",\"url\":\"https:\\\/\\\/lekarzeopole.pl\\\/wordpress\\\/product\\\/herzena\\\/\",\"name\":\"Herzena - kup suplement, cena w aptece, sk\u0142ad, dzia\u0142anie\",\"isPartOf\":{\"@id\":\"https:\\\/\\\/lekarzeopole.pl\\\/wordpress\\\/#website\"},\"primaryImageOfPage\":{\"@id\":\"https:\\\/\\\/lekarzeopole.pl\\\/wordpress\\\/product\\\/herzena\\\/#primaryimage\"},\"image\":{\"@id\":\"https:\\\/\\\/lekarzeopole.pl\\\/wordpress\\\/product\\\/herzena\\\/#primaryimage\"},\"thumbnailUrl\":\"https:\\\/\\\/lekarzeopole.pl\\\/wordpress\\\/wp-content\\\/uploads\\\/2024\\\/09\\\/herzena.jpg\",\"datePublished\":\"2024-09-17T09:13:41+00:00\",\"dateModified\":\"2024-12-07T17:24:03+00:00\",\"breadcrumb\":{\"@id\":\"https:\\\/\\\/lekarzeopole.pl\\\/wordpress\\\/product\\\/herzena\\\/#breadcrumb\"},\"inLanguage\":\"pl-PL\",\"potentialAction\":[{\"@type\":\"ReadAction\",\"target\":[\"https:\\\/\\\/lekarzeopole.pl\\\/wordpress\\\/product\\\/herzena\\\/\"]}]},{\"@type\":\"ImageObject\",\"inLanguage\":\"pl-PL\",\"@id\":\"https:\\\/\\\/lekarzeopole.pl\\\/wordpress\\\/product\\\/herzena\\\/#primaryimage\",\"url\":\"https:\\\/\\\/lekarzeopole.pl\\\/wordpress\\\/wp-content\\\/uploads\\\/2024\\\/09\\\/herzena.jpg\",\"contentUrl\":\"https:\\\/\\\/lekarzeopole.pl\\\/wordpress\\\/wp-content\\\/uploads\\\/2024\\\/09\\\/herzena.jpg\",\"width\":200,\"height\":200,\"caption\":\"Herzena\"},{\"@type\":\"BreadcrumbList\",\"@id\":\"https:\\\/\\\/lekarzeopole.pl\\\/wordpress\\\/product\\\/herzena\\\/#breadcrumb\",\"itemListElement\":[{\"@type\":\"ListItem\",\"position\":1,\"name\":\"\u0413\u043b\u0430\u0432\u043d\u0430\u044f \u0441\u0442\u0440\u0430\u043d\u0438\u0446\u0430\",\"item\":\"https:\\\/\\\/lekarzeopole.pl\\\/wordpress\\\/\"},{\"@type\":\"ListItem\",\"position\":2,\"name\":\"Zakup\",\"item\":\"https:\\\/\\\/lekarzeopole.pl\\\/wordpress\\\/\"},{\"@type\":\"ListItem\",\"position\":3,\"name\":\"Herzena\"}]},{\"@type\":\"WebSite\",\"@id\":\"https:\\\/\\\/lekarzeopole.pl\\\/wordpress\\\/#website\",\"url\":\"https:\\\/\\\/lekarzeopole.pl\\\/wordpress\\\/\",\"name\":\"Lekarze Opole\",\"description\":\"\",\"potentialAction\":[{\"@type\":\"SearchAction\",\"target\":{\"@type\":\"EntryPoint\",\"urlTemplate\":\"https:\\\/\\\/lekarzeopole.pl\\\/wordpress\\\/?s={search_term_string}\"},\"query-input\":{\"@type\":\"PropertyValueSpecification\",\"valueRequired\":true,\"valueName\":\"search_term_string\"}}],\"inLanguage\":\"pl-PL\"}]}<\/script>\n<!-- \/ Yoast SEO plugin. -->","yoast_head_json":{"title":"Herzena - kup suplement, cena w aptece, sk\u0142ad, dzia\u0142anie","robots":{"index":"index","follow":"follow","max-snippet":"max-snippet:-1","max-image-preview":"max-image-preview:large","max-video-preview":"max-video-preview:-1"},"canonical":"https:\/\/lekarzeopole.pl\/wordpress\/product\/herzena\/","og_locale":"pl_PL","og_type":"article","og_title":"Herzena - kup suplement, cena w aptece, sk\u0142ad, dzia\u0142anie","og_description":"Kup teraz SKU:\u00a0789.231.175    Produkt sprzedawany jest wy\u0142\u0105cznie za po\u015brednictwem oficjalnej strony producenta, id\u017a i kupuj bezpiecznie!","og_url":"https:\/\/lekarzeopole.pl\/wordpress\/product\/herzena\/","og_site_name":"Lekarze Opole","article_modified_time":"2024-12-07T17:24:03+00:00","og_image":[{"width":200,"height":200,"url":"https:\/\/lekarzeopole.pl\/wordpress\/wp-content\/uploads\/2024\/09\/herzena.jpg","type":"image\/jpeg"}],"twitter_card":"summary_large_image","twitter_misc":{"Szacowany czas czytania":"9 minut"},"schema":{"@context":"https:\/\/schema.org","@graph":[{"@type":"WebPage","@id":"https:\/\/lekarzeopole.pl\/wordpress\/product\/herzena\/","url":"https:\/\/lekarzeopole.pl\/wordpress\/product\/herzena\/","name":"Herzena - kup suplement, cena w aptece, sk\u0142ad, dzia\u0142anie","isPartOf":{"@id":"https:\/\/lekarzeopole.pl\/wordpress\/#website"},"primaryImageOfPage":{"@id":"https:\/\/lekarzeopole.pl\/wordpress\/product\/herzena\/#primaryimage"},"image":{"@id":"https:\/\/lekarzeopole.pl\/wordpress\/product\/herzena\/#primaryimage"},"thumbnailUrl":"https:\/\/lekarzeopole.pl\/wordpress\/wp-content\/uploads\/2024\/09\/herzena.jpg","datePublished":"2024-09-17T09:13:41+00:00","dateModified":"2024-12-07T17:24:03+00:00","breadcrumb":{"@id":"https:\/\/lekarzeopole.pl\/wordpress\/product\/herzena\/#breadcrumb"},"inLanguage":"pl-PL","potentialAction":[{"@type":"ReadAction","target":["https:\/\/lekarzeopole.pl\/wordpress\/product\/herzena\/"]}]},{"@type":"ImageObject","inLanguage":"pl-PL","@id":"https:\/\/lekarzeopole.pl\/wordpress\/product\/herzena\/#primaryimage","url":"https:\/\/lekarzeopole.pl\/wordpress\/wp-content\/uploads\/2024\/09\/herzena.jpg","contentUrl":"https:\/\/lekarzeopole.pl\/wordpress\/wp-content\/uploads\/2024\/09\/herzena.jpg","width":200,"height":200,"caption":"Herzena"},{"@type":"BreadcrumbList","@id":"https:\/\/lekarzeopole.pl\/wordpress\/product\/herzena\/#breadcrumb","itemListElement":[{"@type":"ListItem","position":1,"name":"\u0413\u043b\u0430\u0432\u043d\u0430\u044f \u0441\u0442\u0440\u0430\u043d\u0438\u0446\u0430","item":"https:\/\/lekarzeopole.pl\/wordpress\/"},{"@type":"ListItem","position":2,"name":"Zakup","item":"https:\/\/lekarzeopole.pl\/wordpress\/"},{"@type":"ListItem","position":3,"name":"Herzena"}]},{"@type":"WebSite","@id":"https:\/\/lekarzeopole.pl\/wordpress\/#website","url":"https:\/\/lekarzeopole.pl\/wordpress\/","name":"Lekarze Opole","description":"","potentialAction":[{"@type":"SearchAction","target":{"@type":"EntryPoint","urlTemplate":"https:\/\/lekarzeopole.pl\/wordpress\/?s={search_term_string}"},"query-input":{"@type":"PropertyValueSpecification","valueRequired":true,"valueName":"search_term_string"}}],"inLanguage":"pl-PL"}]}},"_links":{"self":[{"href":"https:\/\/lekarzeopole.pl\/wordpress\/wp-json\/wp\/v2\/product\/1052","targetHints":{"allow":["GET"]}}],"collection":[{"href":"https:\/\/lekarzeopole.pl\/wordpress\/wp-json\/wp\/v2\/product"}],"about":[{"href":"https:\/\/lekarzeopole.pl\/wordpress\/wp-json\/wp\/v2\/types\/product"}],"replies":[{"embeddable":true,"href":"https:\/\/lekarzeopole.pl\/wordpress\/wp-json\/wp\/v2\/comments?post=1052"}],"wp:featuredmedia":[{"embeddable":true,"href":"https:\/\/lekarzeopole.pl\/wordpress\/wp-json\/wp\/v2\/media\/1053"}],"wp:attachment":[{"href":"https:\/\/lekarzeopole.pl\/wordpress\/wp-json\/wp\/v2\/media?parent=1052"}],"wp:term":[{"taxonomy":"product_brand","embeddable":true,"href":"https:\/\/lekarzeopole.pl\/wordpress\/wp-json\/wp\/v2\/product_brand?post=1052"},{"taxonomy":"product_cat","embeddable":true,"href":"https:\/\/lekarzeopole.pl\/wordpress\/wp-json\/wp\/v2\/product_cat?post=1052"},{"taxonomy":"product_tag","embeddable":true,"href":"https:\/\/lekarzeopole.pl\/wordpress\/wp-json\/wp\/v2\/product_tag?post=1052"}],"curies":[{"name":"wp","href":"https:\/\/api.w.org\/{rel}","templated":true}]}}