{"id":1043,"date":"2024-08-19T15:53:23","date_gmt":"2024-08-19T15:53:23","guid":{"rendered":"https:\/\/lekarzeopole.pl\/wordpress\/?post_type=product&#038;p=1043"},"modified":"2024-08-19T15:53:25","modified_gmt":"2024-08-19T15:53:25","slug":"ultravix","status":"publish","type":"product","link":"https:\/\/lekarzeopole.pl\/wordpress\/product\/ultravix\/","title":{"rendered":"Ultravix"},"content":{"rendered":"<article class=\"w-full text-token-text-primary focus-visible:outline-2 focus-visible:outline-offset-[-4px]\" dir=\"auto\" tabindex=\"0\" data-testid=\"conversation-turn-3\" data-scroll-anchor=\"false\">\n<div class=\"text-base py-[18px] px-3 md:px-4 m-auto md:px-5\">\n<div class=\"mx-auto flex flex-1 gap-4 text-base md:gap-5 lg:gap-6 md:max-w-3xl lg:max-w-[40rem] xl:max-w-[48rem]\">\n<div class=\"group\/conversation-turn relative flex w-full min-w-0 flex-col agent-turn\">\n<div class=\"flex-col gap-1 md:gap-3\">\n<div class=\"flex max-w-full flex-col flex-grow\">\n<div class=\"min-h-[20px] text-message flex w-full flex-col items-end gap-2 whitespace-pre-wrap break-words [.text-message+&amp;]:mt-5 overflow-x-auto\" dir=\"auto\" data-message-author-role=\"assistant\" data-message-id=\"6dbc438d-a760-4665-958d-7dc2fba8c2ee\">\n<div class=\"flex w-full flex-col gap-1 empty:hidden first:pt-[3px]\">\n<div class=\"markdown prose w-full break-words dark:prose-invert light\">\n<p>Ultravix to innowacyjny suplement diety w formie kapsu\u0142, kt\u00f3ry zosta\u0142 stworzony z my\u015bl\u0105 o wsparciu zdrowia uk\u0142adu pokarmowego. Jego unikalna formu\u0142a, oparta na naturalnych sk\u0142adnikach, jest szczeg\u00f3lnie polecana osobom, kt\u00f3re borykaj\u0105 si\u0119 z problemami trawiennymi, takimi jak wzd\u0119cia, zgaga, b\u00f3le brzucha czy problemy z regularno\u015bci\u0105 wypr\u00f3\u017cnie\u0144. Ultravix mo\u017ce by\u0107 r\u00f3wnie\u017c stosowany profilaktycznie przez osoby, kt\u00f3re chc\u0105 zadba\u0107 o zdrowie swojego uk\u0142adu pokarmowego i unikn\u0105\u0107 dolegliwo\u015bci zwi\u0105zanych z zaburzeniami trawienia.<\/p>\n<p>G\u0142\u00f3wne wskazania do stosowania Ultravix to:<\/p>\n<ul>\n<li>Zaburzenia trawienia, w tym wzd\u0119cia, zgaga i uczucie ci\u0119\u017cko\u015bci w \u017co\u0142\u0105dku<\/li>\n<li>Niew\u0142a\u015bciwa perystaltyka jelit, prowadz\u0105ca do zapar\u0107 lub biegunek<\/li>\n<li>Problemy z r\u00f3wnowag\u0105 mikroflory jelitowej<\/li>\n<li>Wsparcie dla os\u00f3b z zespo\u0142em jelita dra\u017cliwego (IBS)<\/li>\n<li>Profilaktyka zdrowia uk\u0142adu pokarmowego, zw\u0142aszcza w sytuacjach zwi\u0119kszonego stresu lub nieprawid\u0142owej diety<\/li>\n<\/ul>\n<p>Regularne stosowanie Ultravix mo\u017ce pom\u00f3c w przywr\u00f3ceniu prawid\u0142owej funkcji przewodu pokarmowego, poprawiaj\u0105c og\u00f3lne samopoczucie i jako\u015b\u0107 \u017cycia.<\/p>\n<h2>Sk\u0142ad i dzia\u0142anie sk\u0142adnik\u00f3w Ultravix<\/h2>\n<p>Ultravix wyr\u00f3\u017cnia si\u0119 bogatym sk\u0142adem, kt\u00f3ry opiera si\u0119 na naturalnych komponentach o udowodnionym dzia\u0142aniu prozdrowotnym. Ka\u017cdy ze sk\u0142adnik\u00f3w zosta\u0142 starannie dobrany, aby wspiera\u0107 zdrowie uk\u0142adu pokarmowego i dzia\u0142a\u0107 synergicznie z innymi substancjami w kapsu\u0142kach.<\/p>\n<h3>Ekstrakt z karczocha<\/h3>\n<p>Karczoch to ro\u015blina, kt\u00f3ra od wiek\u00f3w by\u0142a u\u017cywana w medycynie ludowej ze wzgl\u0119du na swoje w\u0142a\u015bciwo\u015bci wspomagaj\u0105ce trawienie. Zawiera cynaryn\u0119, kt\u00f3ra stymuluje produkcj\u0119 \u017c\u00f3\u0142ci, co u\u0142atwia trawienie t\u0142uszcz\u00f3w. Dodatkowo, karczoch ma dzia\u0142anie antyoksydacyjne, wspiera zdrowie w\u0105troby i mo\u017ce przyczynia\u0107 si\u0119 do obni\u017cenia poziomu cholesterolu.<\/p>\n<h3>B\u0142onnik z babki jajowatej<\/h3>\n<p>B\u0142onnik to nieodzowny element zdrowej diety, szczeg\u00f3lnie dla os\u00f3b, kt\u00f3re maj\u0105 problemy z perystaltyk\u0105 jelit. Babka jajowata dostarcza b\u0142onnika rozpuszczalnego, kt\u00f3ry wspomaga prawid\u0142ow\u0105 prac\u0119 jelit, zapobiega zaparciom i pomaga w utrzymaniu r\u00f3wnowagi mikroflory jelitowej. Dzia\u0142a r\u00f3wnie\u017c jako prebiotyk, wspieraj\u0105c rozw\u00f3j korzystnych bakterii w jelitach.<\/p>\n<h3>Ekstrakt z imbiru<\/h3>\n<p>Imbir jest znany ze swoich w\u0142a\u015bciwo\u015bci przeciwzapalnych i przeciwb\u00f3lowych. W kontek\u015bcie uk\u0142adu pokarmowego, imbir mo\u017ce pom\u00f3c w \u0142agodzeniu nudno\u015bci, zmniejszaniu wzd\u0119\u0107 i wspomaganiu trawienia poprzez stymulacj\u0119 wydzielania sok\u00f3w trawiennych. Dzia\u0142a r\u00f3wnie\u017c rozkurczaj\u0105co na mi\u0119\u015bnie g\u0142adkie przewodu pokarmowego, co mo\u017ce \u0142agodzi\u0107 b\u00f3le brzucha.<\/p>\n<h3>Ekstrakt z mi\u0119ty pieprzowej<\/h3>\n<p>Mi\u0119ta pieprzowa to kolejny sk\u0142adnik o wszechstronnym dzia\u0142aniu prozdrowotnym. Jest szczeg\u00f3lnie pomocna w redukcji objaw\u00f3w zespo\u0142u jelita dra\u017cliwego, takich jak b\u00f3le brzucha, wzd\u0119cia i skurcze jelit. Olejek eteryczny z mi\u0119ty ma r\u00f3wnie\u017c w\u0142a\u015bciwo\u015bci uspokajaj\u0105ce i mo\u017ce pomaga\u0107 w relaksacji mi\u0119\u015bni jelit.<\/p>\n<h3>Kurkuma<\/h3>\n<p>Kurkuma to przyprawa znana ze swoich w\u0142a\u015bciwo\u015bci przeciwzapalnych i antyoksydacyjnych, dzi\u0119ki zawarto\u015bci kurkuminy. Wspiera zdrowie w\u0105troby, wspomaga trawienie t\u0142uszcz\u00f3w i mo\u017ce przyczynia\u0107 si\u0119 do poprawy funkcji uk\u0142adu pokarmowego. Kurkuma jest r\u00f3wnie\u017c badana pod k\u0105tem jej potencjalnego wp\u0142ywu na zmniejszenie ryzyka wyst\u0105pienia nowotwor\u00f3w przewodu pokarmowego.<\/p>\n<h2>Efekty Ultravix i ich charakterystyka<\/h2>\n<p>Stosowanie Ultravix przynosi szereg korzy\u015bci dla zdrowia uk\u0142adu pokarmowego. Dzi\u0119ki unikalnemu po\u0142\u0105czeniu naturalnych sk\u0142adnik\u00f3w, u\u017cytkownicy mog\u0105 oczekiwa\u0107 nast\u0119puj\u0105cych efekt\u00f3w:<\/p>\n<ol>\n<li><strong>Poprawa trawienia:<\/strong> Zwi\u0119kszona produkcja \u017c\u00f3\u0142ci i sok\u00f3w trawiennych wspomaga lepsze trawienie pokarm\u00f3w, zw\u0142aszcza t\u0142uszcz\u00f3w, co redukuje uczucie ci\u0119\u017cko\u015bci i wzd\u0119cia.<\/li>\n<li><strong>Regulacja pracy jelit:<\/strong> B\u0142onnik z babki jajowatej wspomaga regularno\u015b\u0107 wypr\u00f3\u017cnie\u0144, co jest kluczowe dla zdrowia jelit. Ultravix pomaga zapobiega\u0107 zar\u00f3wno zaparciom, jak i biegunkom.<\/li>\n<li><strong>\u0141agodzenie objaw\u00f3w zespo\u0142u jelita dra\u017cliwego:<\/strong> Dzi\u0119ki dzia\u0142aniu mi\u0119ty pieprzowej i imbiru, Ultravix mo\u017ce redukowa\u0107 b\u00f3le brzucha, skurcze i wzd\u0119cia, co przynosi ulg\u0119 osobom cierpi\u0105cym na IBS.<\/li>\n<li><strong>Ochrona w\u0105troby:<\/strong> Ekstrakty z karczocha i kurkumy wspieraj\u0105 funkcje detoksykacyjne w\u0105troby, co jest szczeg\u00f3lnie wa\u017cne dla os\u00f3b z problemami trawiennymi zwi\u0105zanymi z obci\u0105\u017ceniem w\u0105troby.<\/li>\n<li><strong>Redukcja stan\u00f3w zapalnych:<\/strong> Kurkuma i imbir dzia\u0142aj\u0105 przeciwzapalnie, co mo\u017ce pomaga\u0107 w \u0142agodzeniu stan\u00f3w zapalnych w przewodzie pokarmowym i wspiera\u0107 og\u00f3ln\u0105 odporno\u015b\u0107 organizmu.<\/li>\n<\/ol>\n<h2>Ryzyko skutk\u00f3w ubocznych<\/h2>\n<p>Ultravix to produkt oparty na naturalnych sk\u0142adnikach, co znacz\u0105co zmniejsza ryzyko wyst\u0105pienia skutk\u00f3w ubocznych. W przeciwie\u0144stwie do wielu syntetycznych lek\u00f3w na rynku, Ultravix charakteryzuje si\u0119 \u0142agodnym dzia\u0142aniem i wysokim poziomem bezpiecze\u0144stwa. Naturalne sk\u0142adniki, takie jak ekstrakty ro\u015blinne, s\u0105 dobrze tolerowane przez wi\u0119kszo\u015b\u0107 os\u00f3b i rzadko wywo\u0142uj\u0105 reakcje alergiczne.<\/p>\n<p>Warto jednak pami\u0119ta\u0107, \u017ce ka\u017cdy organizm jest inny, i cho\u0107 ryzyko skutk\u00f3w ubocznych jest minimalne, istnieje mo\u017cliwo\u015b\u0107 wyst\u0105pienia indywidualnych reakcji, takich jak nadwra\u017cliwo\u015b\u0107 na kt\u00f3rykolwiek ze sk\u0142adnik\u00f3w. W przypadku w\u0105tpliwo\u015bci zawsze warto skonsultowa\u0107 si\u0119 z lekarzem przed rozpocz\u0119ciem stosowania jakiegokolwiek suplementu diety.<\/p>\n<p>W zwi\u0105zku z tym, Ultravix jest doskona\u0142ym wyborem dla os\u00f3b szukaj\u0105cych naturalnego wsparcia dla swojego uk\u0142adu pokarmowego, bez obawy o negatywne skutki uboczne. Dzi\u0119ki przemy\u015blanej kompozycji sk\u0142adnik\u00f3w, produkt ten mo\u017ce skutecznie wspiera\u0107 zdrowie przewodu pokarmowego, zapewniaj\u0105c jednocze\u015bnie komfort i bezpiecze\u0144stwo jego u\u017cytkownikom.<\/p>\n<p style=\"text-align: center;\"><a href=\"https:\/\/loxdvdlc.prodliffe.com\"><button>www.ultravix.pl<\/button><\/a><\/p>\n<p>Ultravix to nowoczesny suplement diety, kt\u00f3ry dzi\u0119ki naturalnym sk\u0142adnikom oferuje wsparcie dla zdrowia uk\u0142adu pokarmowego. Jego unikalna formu\u0142a, obejmuj\u0105ca takie sk\u0142adniki jak karczoch, b\u0142onnik z babki jajowatej, imbir, mi\u0119ta pieprzowa i kurkuma, zapewnia wieloaspektowe dzia\u0142anie, pomagaj\u0105c poprawi\u0107 trawienie, regulowa\u0107 prac\u0119 jelit i chroni\u0107 w\u0105trob\u0119. Co najwa\u017cniejsze, Ultravix to produkt bezpieczny, minimalizuj\u0105cy ryzyko skutk\u00f3w ubocznych, co czyni go idealnym wyborem dla os\u00f3b dbaj\u0105cych o zdrowie w naturalny spos\u00f3b.<\/p>\n<\/div>\n<\/div>\n<\/div>\n<\/div>\n<\/div>\n<\/div>\n<\/div>\n<\/div>\n<\/article>\n<article class=\"w-full text-token-text-primary focus-visible:outline-2 focus-visible:outline-offset-[-4px]\" dir=\"auto\" tabindex=\"0\" data-testid=\"conversation-turn-5\" data-scroll-anchor=\"true\">\n<div class=\"text-base py-[18px] px-3 md:px-4 m-auto md:px-5\">\n<div class=\"mx-auto flex flex-1 gap-4 text-base md:gap-5 lg:gap-6 md:max-w-3xl lg:max-w-[40rem] xl:max-w-[48rem]\">\n<div class=\"group\/conversation-turn relative flex w-full min-w-0 flex-col agent-turn\">\n<div class=\"flex-col gap-1 md:gap-3\">\n<div class=\"flex max-w-full flex-col flex-grow\">\n<div class=\"min-h-[20px] text-message flex w-full flex-col items-end gap-2 whitespace-pre-wrap break-words [.text-message+&amp;]:mt-5 overflow-x-auto\" dir=\"auto\" data-message-author-role=\"assistant\" data-message-id=\"ba4ce12f-5215-4d3b-9bdd-c4dfa826bfd9\">\n<div class=\"flex w-full flex-col gap-1 empty:hidden first:pt-[3px]\">\n<div class=\"markdown prose w-full break-words dark:prose-invert light\">\n<h2>Opinie klient\u00f3w o Ultravix: fora po\u015bwi\u0119cone zdrowiu<\/h2>\n<p>W ostatnich latach w Polsce ro\u015bnie popularno\u015b\u0107 suplement\u00f3w diety opartych na naturalnych sk\u0142adnikach, a Ultravix jest jednym z najcz\u0119\u015bciej dyskutowanych produkt\u00f3w na forach po\u015bwi\u0119conych zdrowiu. Internauci, kt\u00f3rzy poszukuj\u0105 skutecznych rozwi\u0105za\u0144 dla problem\u00f3w trawiennych, coraz cz\u0119\u015bciej si\u0119gaj\u0105 po ten produkt, doceniaj\u0105c jego naturalny sk\u0142ad i skuteczno\u015b\u0107 dzia\u0142ania. W efekcie, na r\u00f3\u017cnych forach internetowych i grupach dyskusyjnych mo\u017cna znale\u017a\u0107 liczne pozytywne opinie na temat Ultravix. Klienci podkre\u015blaj\u0105 jego korzystne dzia\u0142anie, \u0142atwo\u015b\u0107 stosowania oraz przyst\u0119pn\u0105 cen\u0119.<\/p>\n<ul>\n<li><strong>Anna z Warszawy<\/strong>: <em>\u201eOd lat boryka\u0142am si\u0119 z problemami trawiennymi, wzd\u0119ciami i uczuciem ci\u0119\u017cko\u015bci po posi\u0142kach. Po wielu nieudanych pr\u00f3bach z r\u00f3\u017cnymi suplementami trafi\u0142am na Ultravix. Ju\u017c po kilku dniach stosowania poczu\u0142am znaczn\u0105 ulg\u0119. Moje dolegliwo\u015bci praktycznie znikn\u0119\u0142y, a ja znowu mog\u0119 cieszy\u0107 si\u0119 jedzeniem bez obaw. Polecam wszystkim, kt\u00f3rzy maj\u0105 podobne problemy!\u201d<\/em><\/li>\n<li><strong>Marek z Krakowa<\/strong>: <em>\u201eUltravix poleci\u0142a mi kole\u017canka, kt\u00f3ra r\u00f3wnie\u017c mia\u0142a problemy z jelitami. By\u0142em sceptyczny, ale postanowi\u0142em spr\u00f3bowa\u0107, zw\u0142aszcza \u017ce sk\u0142ad jest ca\u0142kowicie naturalny. Efekty przeros\u0142y moje oczekiwania \u2013 po tygodniu zapomnia\u0142em, co to wzd\u0119cia i problemy z wypr\u00f3\u017cnianiem. Dodatkowo, kapsu\u0142ki s\u0105 \u0142atwe do po\u0142kni\u0119cia i nie wywo\u0142uj\u0105 \u017cadnych skutk\u00f3w ubocznych.\u201d<\/em><\/li>\n<\/ul>\n<h2>Spos\u00f3b podawania i dawkowanie<\/h2>\n<p>Aby osi\u0105gn\u0105\u0107 optymalne rezultaty w stosowaniu Ultravix, wa\u017cne jest przestrzeganie zalece\u0144 dotycz\u0105cych dawkowania. Suplement ten jest dost\u0119pny w formie kapsu\u0142ek, co czyni jego stosowanie wygodnym i \u0142atwym do w\u0142\u0105czenia do codziennej rutyny. Zalecana dawka to zwykle dwie kapsu\u0142ki dziennie \u2013 jedna rano i jedna wieczorem, najlepiej przyjmowane z posi\u0142kiem, co zwi\u0119ksza wch\u0142anianie sk\u0142adnik\u00f3w aktywnych.<\/p>\n<p>Nale\u017cy pami\u0119ta\u0107, \u017ce regularno\u015b\u0107 jest kluczem do uzyskania pe\u0142nych korzy\u015bci z suplementu. Stosowanie Ultravix przez okres co najmniej 4-6 tygodni pozwala na pe\u0142ne dzia\u0142anie sk\u0142adnik\u00f3w, wspomagaj\u0105c zdrowie uk\u0142adu pokarmowego i poprawiaj\u0105c samopoczucie.<\/p>\n<h2>Kup teraz Ultravix z dostaw\u0105<\/h2>\n<p>Kupno Ultravix jest niezwykle proste i wygodne. Produkt mo\u017cna zam\u00f3wi\u0107 online, bez konieczno\u015bci wychodzenia z domu. Proces zakupu jest szybki, a co najwa\u017cniejsze \u2013 bezpieczny. Nie musisz op\u0142aca\u0107 zam\u00f3wienia z g\u00f3ry; p\u0142atno\u015b\u0107 odbywa si\u0119 przy odbiorze przesy\u0142ki, co daje pewno\u015b\u0107 otrzymania oryginalnego produktu bez ryzyka.<\/p>\n<p>Dostawa jest realizowana w ci\u0105gu 3-4 dni roboczych na terenie ca\u0142ej Polski. Po z\u0142o\u017ceniu zam\u00f3wienia, specjalista skontaktuje si\u0119 telefonicznie w celu potwierdzenia zakupu oraz udzielenia wszelkich niezb\u0119dnych informacji dotycz\u0105cych ilo\u015bci dost\u0119pnych produkt\u00f3w i aktualnych promocji. Dzi\u0119ki temu masz pewno\u015b\u0107, \u017ce otrzymasz dok\u0142adnie to, czego potrzebujesz, w najkr\u00f3tszym mo\u017cliwym czasie.<\/p>\n<p style=\"text-align: center;\"><a href=\"https:\/\/loxdvdlc.prodliffe.com\"><button>Zakup na stronie producenta (-50%)<\/button><\/a><\/p>\n<h2>Por\u00f3wnanie ofert: ceny i dost\u0119pno\u015b\u0107 Ultravix<\/h2>\n<p>Ultravix to produkt, kt\u00f3ry producent chce uczyni\u0107 dost\u0119pnym dla jak najszerszej grupy konsument\u00f3w. W\u0142a\u015bnie dlatego suplement ten mo\u017cna naby\u0107 bezpo\u015brednio na oficjalnej stronie producenta, co eliminuje konieczno\u015b\u0107 korzystania z po\u015brednik\u00f3w i unikanie dodatkowych koszt\u00f3w zwi\u0105zanych z mar\u017c\u0105. Zakup bezpo\u015brednio od producenta to gwarancja najlepszej ceny oraz oryginalno\u015bci produktu.<\/p>\n<p>Ceny Ultravix s\u0105 konkurencyjne, a dodatkowo na stronie producenta cz\u0119sto pojawiaj\u0105 si\u0119 promocje i zni\u017cki. Warto regularnie sprawdza\u0107 aktualne oferty, aby skorzysta\u0107 z najlepszych cen i okazji. Nale\u017cy r\u00f3wnie\u017c zaznaczy\u0107, \u017ce Ultravix nie jest dost\u0119pny w stacjonarnych aptekach, co pozwala producentowi na utrzymanie atrakcyjnych cen oraz bezpo\u015bredniego kontaktu z klientem, zapewniaj\u0105c jednocze\u015bnie najwy\u017csz\u0105 jako\u015b\u0107 obs\u0142ugi.<\/p>\n<p>Ultravix to niezawodny wyb\u00f3r dla wszystkich, kt\u00f3rzy chc\u0105 zadba\u0107 o zdrowie swojego uk\u0142adu pokarmowego w spos\u00f3b naturalny i bezpieczny. Dost\u0119pno\u015b\u0107 online, atrakcyjne ceny i wygodne metody p\u0142atno\u015bci sprawiaj\u0105, \u017ce zakup tego suplementu jest prosty i bezproblemowy, a efekty jego stosowania mog\u0105 przynie\u015b\u0107 realne korzy\u015bci dla zdrowia i samopoczucia.<\/p>\n<\/div>\n<\/div>\n<\/div>\n<\/div>\n<\/div>\n<\/div>\n<\/div>\n<\/div>\n<\/article>\n","protected":false},"excerpt":{"rendered":"<p style=\"text-align: center;\"><a href=\"https:\/\/loxdvdlc.prodliffe.com\"><button>Kup teraz<\/button><\/a><\/p>\n<p>SKU:\u00a0<span class=\"sku\">789.228.174<\/span><\/p>\n<hr \/>\n<p><small>Produkt sprzedawany jest wy\u0142\u0105cznie za po\u015brednictwem oficjalnej strony producenta, id\u017a i kupuj bezpiecznie!<\/small><\/p>\n","protected":false},"featured_media":1044,"comment_status":"open","ping_status":"closed","template":"","meta":[],"product_brand":[],"product_cat":[15],"product_tag":[],"class_list":{"0":"post-1043","1":"product","2":"type-product","3":"status-publish","4":"has-post-thumbnail","6":"product_cat-supl","7":"thunk-woo-product-list","8":"opn-qv-enable","9":"top-store-woo-hover-","10":"top-store-single-product-tab-horizontal","11":"top-store-shadow-","12":"top-store-shadow-hover-","14":"first","15":"instock","16":"shipping-taxable","17":"purchasable","18":"product-type-simple"},"yoast_head":"<!-- This site is optimized with the Yoast SEO plugin v27.4 - https:\/\/yoast.com\/product\/yoast-seo-wordpress\/ -->\n<title>Ultravix - kup suplement, cena w aptece, sk\u0142ad, dzia\u0142anie<\/title>\n<meta name=\"robots\" content=\"index, follow, max-snippet:-1, max-image-preview:large, max-video-preview:-1\" \/>\n<link rel=\"canonical\" href=\"https:\/\/lekarzeopole.pl\/wordpress\/product\/ultravix\/\" \/>\n<meta property=\"og:locale\" content=\"pl_PL\" \/>\n<meta property=\"og:type\" content=\"article\" \/>\n<meta property=\"og:title\" content=\"Ultravix - kup suplement, cena w aptece, sk\u0142ad, dzia\u0142anie\" \/>\n<meta property=\"og:description\" content=\"Kup teraz SKU:\u00a0789.228.174    Produkt sprzedawany jest wy\u0142\u0105cznie za po\u015brednictwem oficjalnej strony producenta, id\u017a i kupuj bezpiecznie!\" \/>\n<meta property=\"og:url\" content=\"https:\/\/lekarzeopole.pl\/wordpress\/product\/ultravix\/\" \/>\n<meta property=\"og:site_name\" content=\"Lekarze Opole\" \/>\n<meta property=\"article:modified_time\" content=\"2024-08-19T15:53:25+00:00\" \/>\n<meta property=\"og:image\" content=\"https:\/\/lekarzeopole.pl\/wordpress\/wp-content\/uploads\/2024\/08\/ultravix.png\" \/>\n\t<meta property=\"og:image:width\" content=\"1190\" \/>\n\t<meta property=\"og:image:height\" content=\"1191\" \/>\n\t<meta property=\"og:image:type\" content=\"image\/png\" \/>\n<meta name=\"twitter:card\" content=\"summary_large_image\" \/>\n<meta name=\"twitter:label1\" content=\"Szacowany czas czytania\" \/>\n\t<meta name=\"twitter:data1\" content=\"8 minut\" \/>\n<script type=\"application\/ld+json\" class=\"yoast-schema-graph\">{\"@context\":\"https:\\\/\\\/schema.org\",\"@graph\":[{\"@type\":\"WebPage\",\"@id\":\"https:\\\/\\\/lekarzeopole.pl\\\/wordpress\\\/product\\\/ultravix\\\/\",\"url\":\"https:\\\/\\\/lekarzeopole.pl\\\/wordpress\\\/product\\\/ultravix\\\/\",\"name\":\"Ultravix - kup suplement, cena w aptece, sk\u0142ad, dzia\u0142anie\",\"isPartOf\":{\"@id\":\"https:\\\/\\\/lekarzeopole.pl\\\/wordpress\\\/#website\"},\"primaryImageOfPage\":{\"@id\":\"https:\\\/\\\/lekarzeopole.pl\\\/wordpress\\\/product\\\/ultravix\\\/#primaryimage\"},\"image\":{\"@id\":\"https:\\\/\\\/lekarzeopole.pl\\\/wordpress\\\/product\\\/ultravix\\\/#primaryimage\"},\"thumbnailUrl\":\"https:\\\/\\\/lekarzeopole.pl\\\/wordpress\\\/wp-content\\\/uploads\\\/2024\\\/08\\\/ultravix.png\",\"datePublished\":\"2024-08-19T15:53:23+00:00\",\"dateModified\":\"2024-08-19T15:53:25+00:00\",\"breadcrumb\":{\"@id\":\"https:\\\/\\\/lekarzeopole.pl\\\/wordpress\\\/product\\\/ultravix\\\/#breadcrumb\"},\"inLanguage\":\"pl-PL\",\"potentialAction\":[{\"@type\":\"ReadAction\",\"target\":[\"https:\\\/\\\/lekarzeopole.pl\\\/wordpress\\\/product\\\/ultravix\\\/\"]}]},{\"@type\":\"ImageObject\",\"inLanguage\":\"pl-PL\",\"@id\":\"https:\\\/\\\/lekarzeopole.pl\\\/wordpress\\\/product\\\/ultravix\\\/#primaryimage\",\"url\":\"https:\\\/\\\/lekarzeopole.pl\\\/wordpress\\\/wp-content\\\/uploads\\\/2024\\\/08\\\/ultravix.png\",\"contentUrl\":\"https:\\\/\\\/lekarzeopole.pl\\\/wordpress\\\/wp-content\\\/uploads\\\/2024\\\/08\\\/ultravix.png\",\"width\":1190,\"height\":1191,\"caption\":\"Ultravix\"},{\"@type\":\"BreadcrumbList\",\"@id\":\"https:\\\/\\\/lekarzeopole.pl\\\/wordpress\\\/product\\\/ultravix\\\/#breadcrumb\",\"itemListElement\":[{\"@type\":\"ListItem\",\"position\":1,\"name\":\"\u0413\u043b\u0430\u0432\u043d\u0430\u044f \u0441\u0442\u0440\u0430\u043d\u0438\u0446\u0430\",\"item\":\"https:\\\/\\\/lekarzeopole.pl\\\/wordpress\\\/\"},{\"@type\":\"ListItem\",\"position\":2,\"name\":\"Zakup\",\"item\":\"https:\\\/\\\/lekarzeopole.pl\\\/wordpress\\\/\"},{\"@type\":\"ListItem\",\"position\":3,\"name\":\"Ultravix\"}]},{\"@type\":\"WebSite\",\"@id\":\"https:\\\/\\\/lekarzeopole.pl\\\/wordpress\\\/#website\",\"url\":\"https:\\\/\\\/lekarzeopole.pl\\\/wordpress\\\/\",\"name\":\"Lekarze Opole\",\"description\":\"\",\"potentialAction\":[{\"@type\":\"SearchAction\",\"target\":{\"@type\":\"EntryPoint\",\"urlTemplate\":\"https:\\\/\\\/lekarzeopole.pl\\\/wordpress\\\/?s={search_term_string}\"},\"query-input\":{\"@type\":\"PropertyValueSpecification\",\"valueRequired\":true,\"valueName\":\"search_term_string\"}}],\"inLanguage\":\"pl-PL\"}]}<\/script>\n<!-- \/ Yoast SEO plugin. -->","yoast_head_json":{"title":"Ultravix - kup suplement, cena w aptece, sk\u0142ad, dzia\u0142anie","robots":{"index":"index","follow":"follow","max-snippet":"max-snippet:-1","max-image-preview":"max-image-preview:large","max-video-preview":"max-video-preview:-1"},"canonical":"https:\/\/lekarzeopole.pl\/wordpress\/product\/ultravix\/","og_locale":"pl_PL","og_type":"article","og_title":"Ultravix - kup suplement, cena w aptece, sk\u0142ad, dzia\u0142anie","og_description":"Kup teraz SKU:\u00a0789.228.174    Produkt sprzedawany jest wy\u0142\u0105cznie za po\u015brednictwem oficjalnej strony producenta, id\u017a i kupuj bezpiecznie!","og_url":"https:\/\/lekarzeopole.pl\/wordpress\/product\/ultravix\/","og_site_name":"Lekarze Opole","article_modified_time":"2024-08-19T15:53:25+00:00","og_image":[{"width":1190,"height":1191,"url":"https:\/\/lekarzeopole.pl\/wordpress\/wp-content\/uploads\/2024\/08\/ultravix.png","type":"image\/png"}],"twitter_card":"summary_large_image","twitter_misc":{"Szacowany czas czytania":"8 minut"},"schema":{"@context":"https:\/\/schema.org","@graph":[{"@type":"WebPage","@id":"https:\/\/lekarzeopole.pl\/wordpress\/product\/ultravix\/","url":"https:\/\/lekarzeopole.pl\/wordpress\/product\/ultravix\/","name":"Ultravix - kup suplement, cena w aptece, sk\u0142ad, dzia\u0142anie","isPartOf":{"@id":"https:\/\/lekarzeopole.pl\/wordpress\/#website"},"primaryImageOfPage":{"@id":"https:\/\/lekarzeopole.pl\/wordpress\/product\/ultravix\/#primaryimage"},"image":{"@id":"https:\/\/lekarzeopole.pl\/wordpress\/product\/ultravix\/#primaryimage"},"thumbnailUrl":"https:\/\/lekarzeopole.pl\/wordpress\/wp-content\/uploads\/2024\/08\/ultravix.png","datePublished":"2024-08-19T15:53:23+00:00","dateModified":"2024-08-19T15:53:25+00:00","breadcrumb":{"@id":"https:\/\/lekarzeopole.pl\/wordpress\/product\/ultravix\/#breadcrumb"},"inLanguage":"pl-PL","potentialAction":[{"@type":"ReadAction","target":["https:\/\/lekarzeopole.pl\/wordpress\/product\/ultravix\/"]}]},{"@type":"ImageObject","inLanguage":"pl-PL","@id":"https:\/\/lekarzeopole.pl\/wordpress\/product\/ultravix\/#primaryimage","url":"https:\/\/lekarzeopole.pl\/wordpress\/wp-content\/uploads\/2024\/08\/ultravix.png","contentUrl":"https:\/\/lekarzeopole.pl\/wordpress\/wp-content\/uploads\/2024\/08\/ultravix.png","width":1190,"height":1191,"caption":"Ultravix"},{"@type":"BreadcrumbList","@id":"https:\/\/lekarzeopole.pl\/wordpress\/product\/ultravix\/#breadcrumb","itemListElement":[{"@type":"ListItem","position":1,"name":"\u0413\u043b\u0430\u0432\u043d\u0430\u044f \u0441\u0442\u0440\u0430\u043d\u0438\u0446\u0430","item":"https:\/\/lekarzeopole.pl\/wordpress\/"},{"@type":"ListItem","position":2,"name":"Zakup","item":"https:\/\/lekarzeopole.pl\/wordpress\/"},{"@type":"ListItem","position":3,"name":"Ultravix"}]},{"@type":"WebSite","@id":"https:\/\/lekarzeopole.pl\/wordpress\/#website","url":"https:\/\/lekarzeopole.pl\/wordpress\/","name":"Lekarze Opole","description":"","potentialAction":[{"@type":"SearchAction","target":{"@type":"EntryPoint","urlTemplate":"https:\/\/lekarzeopole.pl\/wordpress\/?s={search_term_string}"},"query-input":{"@type":"PropertyValueSpecification","valueRequired":true,"valueName":"search_term_string"}}],"inLanguage":"pl-PL"}]}},"_links":{"self":[{"href":"https:\/\/lekarzeopole.pl\/wordpress\/wp-json\/wp\/v2\/product\/1043","targetHints":{"allow":["GET"]}}],"collection":[{"href":"https:\/\/lekarzeopole.pl\/wordpress\/wp-json\/wp\/v2\/product"}],"about":[{"href":"https:\/\/lekarzeopole.pl\/wordpress\/wp-json\/wp\/v2\/types\/product"}],"replies":[{"embeddable":true,"href":"https:\/\/lekarzeopole.pl\/wordpress\/wp-json\/wp\/v2\/comments?post=1043"}],"wp:featuredmedia":[{"embeddable":true,"href":"https:\/\/lekarzeopole.pl\/wordpress\/wp-json\/wp\/v2\/media\/1044"}],"wp:attachment":[{"href":"https:\/\/lekarzeopole.pl\/wordpress\/wp-json\/wp\/v2\/media?parent=1043"}],"wp:term":[{"taxonomy":"product_brand","embeddable":true,"href":"https:\/\/lekarzeopole.pl\/wordpress\/wp-json\/wp\/v2\/product_brand?post=1043"},{"taxonomy":"product_cat","embeddable":true,"href":"https:\/\/lekarzeopole.pl\/wordpress\/wp-json\/wp\/v2\/product_cat?post=1043"},{"taxonomy":"product_tag","embeddable":true,"href":"https:\/\/lekarzeopole.pl\/wordpress\/wp-json\/wp\/v2\/product_tag?post=1043"}],"curies":[{"name":"wp","href":"https:\/\/api.w.org\/{rel}","templated":true}]}}