{"id":1039,"date":"2024-08-19T15:46:06","date_gmt":"2024-08-19T15:46:06","guid":{"rendered":"https:\/\/lekarzeopole.pl\/wordpress\/?post_type=product&#038;p=1039"},"modified":"2026-01-05T14:34:50","modified_gmt":"2026-01-05T14:34:50","slug":"weiprost","status":"publish","type":"product","link":"https:\/\/lekarzeopole.pl\/wordpress\/product\/weiprost\/","title":{"rendered":"Weiprost"},"content":{"rendered":"<article class=\"w-full text-token-text-primary focus-visible:outline-2 focus-visible:outline-offset-[-4px]\" dir=\"auto\" tabindex=\"0\" data-testid=\"conversation-turn-3\" data-scroll-anchor=\"false\">\n<div class=\"text-base py-[18px] px-3 md:px-4 m-auto md:px-5\">\n<div class=\"mx-auto flex flex-1 gap-4 text-base md:gap-5 lg:gap-6 md:max-w-3xl lg:max-w-[40rem] xl:max-w-[48rem]\">\n<div class=\"group\/conversation-turn relative flex w-full min-w-0 flex-col agent-turn\">\n<div class=\"flex-col gap-1 md:gap-3\">\n<div class=\"flex max-w-full flex-col flex-grow\">\n<div class=\"min-h-[20px] text-message flex w-full flex-col items-end gap-2 whitespace-pre-wrap break-words [.text-message+&amp;]:mt-5 overflow-x-auto\" dir=\"auto\" data-message-author-role=\"assistant\" data-message-id=\"b2712749-fe3a-40fb-80b9-c511d6360aa1\">\n<div class=\"flex w-full flex-col gap-1 empty:hidden first:pt-[3px]\">\n<div class=\"markdown prose w-full break-words dark:prose-invert light\">\n<p>Problemy z prostat\u0105 dotykaj\u0105 coraz wi\u0119ksz\u0105 liczb\u0119 m\u0119\u017cczyzn na ca\u0142ym \u015bwiecie. Jednym z nowoczesnych rozwi\u0105za\u0144, kt\u00f3re zdobywa uznanie w\u015br\u00f3d specjalist\u00f3w i pacjent\u00f3w, jest Weiprost &#8211; kapsu\u0142ki stworzone z my\u015bl\u0105 o zdrowiu prostaty. W artykule przedstawimy szczeg\u00f3\u0142owe informacje na temat wskaza\u0144 do stosowania, sk\u0142adu, dzia\u0142ania oraz efekt\u00f3w kapsu\u0142ek Weiprost, a tak\u017ce om\u00f3wimy minimalne ryzyko wyst\u0105pienia skutk\u00f3w ubocznych dzi\u0119ki naturalnemu pochodzeniu sk\u0142adnik\u00f3w.<\/p>\n<h2>Wskazania do stosowania Weiprost<\/h2>\n<p>Weiprost to preparat, kt\u00f3ry zosta\u0142 opracowany z my\u015bl\u0105 o m\u0119\u017cczyznach borykaj\u0105cych si\u0119 z problemami zwi\u0105zanymi z prostat\u0105. Wskazania do jego stosowania obejmuj\u0105:<\/p>\n<ul>\n<li><strong>Przerost prostaty<\/strong>: Kapsu\u0142ki Weiprost s\u0105 zalecane dla m\u0119\u017cczyzn cierpi\u0105cych na \u0142agodny rozrost gruczo\u0142u krokowego (BPH), kt\u00f3ry jest cz\u0119st\u0105 przyczyn\u0105 problem\u00f3w z oddawaniem moczu.<\/li>\n<li><strong>Zapalenie prostaty<\/strong>: Weiprost mo\u017ce by\u0107 stosowany jako \u015brodek wspomagaj\u0105cy w leczeniu zapalenia prostaty, pomagaj\u0105c w \u0142agodzeniu objaw\u00f3w takich jak b\u00f3l i dyskomfort.<\/li>\n<li><strong>Profilaktyka zdrowia prostaty<\/strong>: Dla m\u0119\u017cczyzn pragn\u0105cych zadba\u0107 o zdrowie swojej prostaty, Weiprost mo\u017ce by\u0107 stosowany profilaktycznie, aby zmniejszy\u0107 ryzyko wyst\u0105pienia problem\u00f3w w przysz\u0142o\u015bci.<\/li>\n<li><strong>Wspomaganie funkcji seksualnych<\/strong>: Niekt\u00f3re sk\u0142adniki Weiprost wspieraj\u0105 r\u00f3wnie\u017c zdrowie seksualne, co jest istotne, gdy problemy z prostat\u0105 negatywnie wp\u0142ywaj\u0105 na \u017cycie intymne.<\/li>\n<\/ul>\n<h2>Sk\u0142ad i dzia\u0142anie sk\u0142adnik\u00f3w Weiprost<\/h2>\n<p>Weiprost zawiera starannie dobrane, naturalne sk\u0142adniki, kt\u00f3re dzia\u0142aj\u0105 kompleksowo na popraw\u0119 zdrowia prostaty. Ka\u017cdy z nich pe\u0142ni specyficzn\u0105 funkcj\u0119, kt\u00f3ra wspomaga zdrowie gruczo\u0142u krokowego i og\u00f3lne samopoczucie m\u0119\u017cczyzny.<\/p>\n<ul>\n<li><strong>Ekstrakt z palmy saba\u0142owej (Serenoa repens)<\/strong>: To jeden z kluczowych sk\u0142adnik\u00f3w Weiprost, znany ze swojego dzia\u0142ania przeciwzapalnego i zdolno\u015bci do zmniejszania objaw\u00f3w zwi\u0105zanych z \u0142agodnym przerostem prostaty. Ekstrakt ten hamuje dzia\u0142anie 5-alfa-reduktazy, enzymu odpowiedzialnego za przekszta\u0142canie testosteronu w dihydrotestosteron (DHT), kt\u00f3ry przyczynia si\u0119 do rozrostu gruczo\u0142u krokowego.<\/li>\n<li><strong>Ekstrakt z korzenia pokrzywy (Urtica dioica)<\/strong>: Pokrzywa jest ro\u015blin\u0105, kt\u00f3ra od wiek\u00f3w jest stosowana w leczeniu problem\u00f3w z uk\u0142adem moczowym. W Weiprost dzia\u0142a wspomagaj\u0105co na funkcje prostaty, redukuj\u0105c stany zapalne oraz \u0142agodz\u0105c dolegliwo\u015bci zwi\u0105zane z oddawaniem moczu.<\/li>\n<li><strong>Ekstrakt z kory \u015bliwy afryka\u0144skiej (Pygeum africanum)<\/strong>: Ten sk\u0142adnik znany jest ze swoich w\u0142a\u015bciwo\u015bci \u0142agodz\u0105cych objawy przerostu prostaty, takich jak cz\u0119ste oddawanie moczu, zw\u0142aszcza w nocy. Dzia\u0142a r\u00f3wnie\u017c jako \u015brodek przeciwzapalny, co wspiera regeneracj\u0119 prostaty.<\/li>\n<li><strong>Likopen<\/strong>: Naturalny zwi\u0105zek chemiczny znajduj\u0105cy si\u0119 w pomidorach, kt\u00f3ry ma silne dzia\u0142anie antyoksydacyjne. Likopen jest szczeg\u00f3lnie ceniony za swoj\u0105 zdolno\u015b\u0107 do ochrony kom\u00f3rek prostaty przed uszkodzeniami oksydacyjnymi i zmniejszania ryzyka rozwoju nowotwor\u00f3w gruczo\u0142u krokowego.<\/li>\n<li><strong>Cynk<\/strong>: Minera\u0142 ten jest niezb\u0119dny dla prawid\u0142owego funkcjonowania prostaty. Niedob\u00f3r cynku mo\u017ce prowadzi\u0107 do problem\u00f3w z prostat\u0105, dlatego suplementacja tym sk\u0142adnikiem w Weiprost jest kluczowa dla utrzymania zdrowia gruczo\u0142u krokowego.<\/li>\n<\/ul>\n<p style=\"text-align: center;\"><a href=\"https:\/\/tl-track.com\/tracker\/vQS4\"><button>www.weiprost.pl<\/button><\/a><\/p>\n<h2>Efekty Weiprost i ich charakterystyka<\/h2>\n<p>Stosowanie Weiprost regularnie przynosi szereg korzy\u015bci, kt\u00f3re pozytywnie wp\u0142ywaj\u0105 na zdrowie prostaty oraz og\u00f3lne samopoczucie m\u0119\u017cczyzn. Oto najwa\u017cniejsze efekty, jakie mo\u017cna uzyska\u0107 dzi\u0119ki Weiprost:<\/p>\n<ul>\n<li><strong>Redukcja objaw\u00f3w przerostu prostaty<\/strong>: Weiprost pomaga zmniejszy\u0107 uczucie dyskomfortu zwi\u0105zanego z \u0142agodnym rozrostem gruczo\u0142u krokowego, co obejmuje problemy z oddawaniem moczu, cz\u0119ste oddawanie moczu w nocy oraz uczucie niepe\u0142nego opr\u00f3\u017cnienia p\u0119cherza.<\/li>\n<li><strong>Zmniejszenie stan\u00f3w zapalnych<\/strong>: Naturalne sk\u0142adniki Weiprost dzia\u0142aj\u0105 przeciwzapalnie, co prowadzi do redukcji b\u00f3lu i dyskomfortu towarzysz\u0105cego zapaleniu prostaty.<\/li>\n<li><strong>Poprawa funkcji seksualnych<\/strong>: Dzi\u0119ki zawarto\u015bci sk\u0142adnik\u00f3w wspieraj\u0105cych zdrowie uk\u0142adu rozrodczego, Weiprost mo\u017ce r\u00f3wnie\u017c pom\u00f3c w poprawie potencji oraz jako\u015bci \u017cycia seksualnego.<\/li>\n<li><strong>Ochrona przed stresem oksydacyjnym<\/strong>: Zawarte w Weiprost antyoksydanty, takie jak likopen, pomagaj\u0105 chroni\u0107 kom\u00f3rki prostaty przed uszkodzeniami spowodowanymi przez wolne rodniki, co przyczynia si\u0119 do utrzymania zdrowia gruczo\u0142u krokowego.<\/li>\n<\/ul>\n<h2>Ryzyko skutk\u00f3w ubocznych<\/h2>\n<p>Jednym z g\u0142\u00f3wnych atut\u00f3w Weiprost jest jego naturalny sk\u0142ad, co znacz\u0105co minimalizuje ryzyko wyst\u0105pienia skutk\u00f3w ubocznych.<\/p>\n<ul>\n<li><strong>Naturalne sk\u0142adniki<\/strong>: Wszystkie sk\u0142adniki zawarte w Weiprost s\u0105 pochodzenia naturalnego, co sprawia, \u017ce preparat jest bezpieczny w stosowaniu nawet przez d\u0142u\u017cszy okres czasu.<\/li>\n<li><strong>Minimalne ryzyko reakcji alergicznych<\/strong>: Dzi\u0119ki starannemu doborowi sk\u0142adnik\u00f3w, Weiprost charakteryzuje si\u0119 niskim ryzykiem wyst\u0105pienia reakcji alergicznych. Jednak\u017ce, jak w przypadku ka\u017cdego suplementu diety, zaleca si\u0119 skonsultowanie si\u0119 z lekarzem przed rozpocz\u0119ciem kuracji, szczeg\u00f3lnie je\u015bli pacjent ma histori\u0119 alergii.<\/li>\n<li><strong>Brak interakcji z innymi lekami<\/strong>: Weiprost, dzi\u0119ki swojemu naturalnemu sk\u0142adowi, nie wykazuje istotnych interakcji z innymi lekami, co sprawia, \u017ce mo\u017ce by\u0107 stosowany w po\u0142\u0105czeniu z innymi terapiami. Nale\u017cy jednak zawsze poinformowa\u0107 lekarza o wszystkich przyjmowanych preparatach.<\/li>\n<\/ul>\n<p>Weiprost to innowacyjny produkt, kt\u00f3ry dzi\u0119ki swojej formule opartej na naturalnych sk\u0142adnikach, oferuje wsparcie dla m\u0119\u017cczyzn borykaj\u0105cych si\u0119 z problemami prostaty. Regularne stosowanie kapsu\u0142ek Weiprost przynosi widoczne efekty, a minimalne ryzyko wyst\u0105pienia skutk\u00f3w ubocznych czyni go bezpiecznym wyborem dla zdrowia prostaty.<\/p>\n<\/div>\n<\/div>\n<\/div>\n<\/div>\n<\/div>\n<\/div>\n<\/div>\n<\/div>\n<\/article>\n<article class=\"w-full text-token-text-primary focus-visible:outline-2 focus-visible:outline-offset-[-4px]\" dir=\"auto\" tabindex=\"0\" data-testid=\"conversation-turn-5\" data-scroll-anchor=\"true\">\n<div class=\"text-base py-[18px] px-3 md:px-4 m-auto md:px-5\">\n<div class=\"mx-auto flex flex-1 gap-4 text-base md:gap-5 lg:gap-6 md:max-w-3xl lg:max-w-[40rem] xl:max-w-[48rem]\">\n<div class=\"group\/conversation-turn relative flex w-full min-w-0 flex-col agent-turn\">\n<div class=\"flex-col gap-1 md:gap-3\">\n<div class=\"flex max-w-full flex-col flex-grow\">\n<div class=\"min-h-[20px] text-message flex w-full flex-col items-end gap-2 whitespace-pre-wrap break-words [.text-message+&amp;]:mt-5 overflow-x-auto\" dir=\"auto\" data-message-author-role=\"assistant\" data-message-id=\"2f1e2e15-3d19-4f70-ae74-6c9400ee8a39\">\n<div class=\"flex w-full flex-col gap-1 empty:hidden first:pt-[3px]\">\n<div class=\"markdown prose w-full break-words dark:prose-invert light\">\n<h2>Opinie klient\u00f3w o Weiprost: fora po\u015bwi\u0119cone zdrowiu<\/h2>\n<p>W dobie internetu fora po\u015bwi\u0119cone zdrowiu ciesz\u0105 si\u0119 ogromn\u0105 popularno\u015bci\u0105 w\u015br\u00f3d os\u00f3b szukaj\u0105cych informacji o r\u00f3\u017cnego rodzaju suplementach i lekach. Weiprost, dzi\u0119ki swojej skuteczno\u015bci i naturalnemu sk\u0142adowi, zdobywa coraz wi\u0119ksze uznanie w\u015br\u00f3d u\u017cytkownik\u00f3w takich platform w Polsce. Na forach mo\u017cna znale\u017a\u0107 wiele pozytywnych opinii na temat tego preparatu. U\u017cytkownicy podkre\u015blaj\u0105 nie tylko jego efektywno\u015b\u0107, ale tak\u017ce \u0142atwo\u015b\u0107 zakupu i korzystn\u0105 cen\u0119.<\/p>\n<ul>\n<li><strong>Micha\u0142, 52 lata<\/strong>: &#8222;Po wielu latach walki z problemami prostaty, w ko\u0144cu znalaz\u0142em co\u015b, co naprawd\u0119 dzia\u0142a. Weiprost to prawdziwa ulga. Ju\u017c po kilku tygodniach zauwa\u017cy\u0142em znaczn\u0105 popraw\u0119, a dyskomfort, kt\u00f3ry towarzyszy\u0142 mi od dawna, znacznie si\u0119 zmniejszy\u0142. Dodatkowo, zam\u00f3wienie by\u0142o szybkie i bezproblemowe. Polecam ka\u017cdemu!&#8221;<\/li>\n<li><strong>Andrzej, 60 lat<\/strong>: &#8222;Sceptycznie podchodzi\u0142em do suplement\u00f3w diety, ale Weiprost zmieni\u0142 moje zdanie. Znajomy poleci\u0142 mi ten preparat, i nie \u017ca\u0142uj\u0119, \u017ce spr\u00f3bowa\u0142em. Problemy z cz\u0119stym oddawaniem moczu znikn\u0119\u0142y, a ja mog\u0119 wreszcie spa\u0107 spokojnie ca\u0142\u0105 noc. Cena jest r\u00f3wnie\u017c przyst\u0119pna, a dostawa szybka. Zdecydowanie polecam!&#8221;<\/li>\n<\/ul>\n<p style=\"text-align: center;\"><a href=\"https:\/\/tl-track.com\/tracker\/vQS4\"><button>Zakup na stronie producenta (-50%)<\/button><\/a><\/p>\n<h2>Spos\u00f3b podawania i dawkowanie<\/h2>\n<p>Aby osi\u0105gn\u0105\u0107 optymalne efekty, bardzo wa\u017cne jest, aby stosowa\u0107 Weiprost zgodnie z zaleceniami producenta. Kapsu\u0142ki nale\u017cy przyjmowa\u0107 regularnie, najlepiej codziennie o tej samej porze, aby zapewni\u0107 sta\u0142e wsparcie dla zdrowia prostaty.<\/p>\n<p>Zalecana dawka to jedna kapsu\u0142ka dwa razy dziennie, najlepiej rano i wieczorem, popijaj\u0105c j\u0105 szklank\u0105 wody. Wa\u017cne jest, aby nie przekracza\u0107 zalecanej dawki, poniewa\u017c preparat zosta\u0142 opracowany w taki spos\u00f3b, aby zapewni\u0107 maksymaln\u0105 skuteczno\u015b\u0107 przy optymalnym dawkowaniu. Regularno\u015b\u0107 w stosowaniu jest kluczem do uzyskania najlepszych rezultat\u00f3w.<\/p>\n<h2>Kup teraz Weiprost z dostaw\u0105<\/h2>\n<p>Zakup Weiprost jest niezwykle prosty i bezpieczny, dzi\u0119ki mo\u017cliwo\u015bci zam\u00f3wienia produktu online. Ca\u0142y proces jest zaprojektowany z my\u015bl\u0105 o wygodzie klienta, bez konieczno\u015bci wcze\u015bniejszej p\u0142atno\u015bci. Oznacza to, \u017ce p\u0142acisz za produkt dopiero po jego otrzymaniu, co eliminuje ryzyko zwi\u0105zane z zakupem i zapewnia, \u017ce otrzymasz oryginalny produkt.<\/p>\n<p>Dostawa Weiprost na terenie Polski jest szybka i niezawodna \u2013 zajmuje zazwyczaj 3-4 dni robocze. Po z\u0142o\u017ceniu zam\u00f3wienia, skontaktuje si\u0119 z Tob\u0105 specjalista, kt\u00f3ry potwierdzi zam\u00f3wienie, a tak\u017ce mo\u017ce udzieli\u0107 dodatkowych informacji na temat dawkowania oraz dost\u0119pnych promocji. Dzi\u0119ki temu masz pewno\u015b\u0107, \u017ce dokonujesz \u015bwiadomego wyboru i korzystasz z najlepszej dost\u0119pnej oferty.<\/p>\n<h2>Por\u00f3wnanie ofert: ceny i dost\u0119pno\u015b\u0107 Weiprost<\/h2>\n<p>Producent Weiprost stawia na pierwszym miejscu dost\u0119pno\u015b\u0107 swojego produktu dla wszystkich klient\u00f3w. Z tego powodu suplement ten mo\u017cna zakupi\u0107 bezpo\u015brednio na oficjalnej stronie producenta. Omini\u0119cie po\u015brednik\u00f3w i brak dodatkowych mar\u017c sprawiaj\u0105, \u017ce cena Weiprost jest wyj\u0105tkowo korzystna.<\/p>\n<p>Dodatkowo, producent regularnie oferuje atrakcyjne zni\u017cki i promocje, kt\u00f3re mog\u0105 znacz\u0105co obni\u017cy\u0107 koszt zakupu. Aby skorzysta\u0107 z tych ofert, warto regularnie sprawdza\u0107 aktualno\u015bci na stronie. Warto zaznaczy\u0107, \u017ce Weiprost nie jest dost\u0119pny w stacjonarnych aptekach \u2013 jest to celowe dzia\u0142anie producenta, maj\u0105ce na celu utrzymanie korzystnej ceny i zapewnienie, \u017ce ka\u017cdy klient otrzymuje oryginalny produkt.<\/p>\n<p>Weiprost to sprawdzony suplement, kt\u00f3ry dzi\u0119ki swojej dost\u0119pno\u015bci, atrakcyjnej cenie i skuteczno\u015bci zyskuje coraz wi\u0119ksz\u0105 popularno\u015b\u0107. Wybieraj\u0105c ten produkt, masz pewno\u015b\u0107, \u017ce dbasz o swoje zdrowie prostaty w najlepszy mo\u017cliwy spos\u00f3b.<\/p>\n<\/div>\n<\/div>\n<\/div>\n<\/div>\n<\/div>\n<\/div>\n<\/div>\n<\/div>\n<\/article>\n","protected":false},"excerpt":{"rendered":"<p style=\"text-align: center;\"><a href=\"https:\/\/tl-track.com\/tracker\/vQS4\"><button>Kup teraz<\/button><\/a><\/p>\n<p>SKU:\u00a0<span class=\"sku\">789.228.172<\/span><\/p>\n<hr \/>\n<p><small>Produkt sprzedawany jest wy\u0142\u0105cznie za po\u015brednictwem oficjalnej strony producenta, id\u017a i kupuj bezpiecznie!<\/small><\/p>\n","protected":false},"featured_media":1040,"comment_status":"open","ping_status":"closed","template":"","meta":[],"product_brand":[],"product_cat":[15],"product_tag":[],"class_list":{"0":"post-1039","1":"product","2":"type-product","3":"status-publish","4":"has-post-thumbnail","6":"product_cat-supl","7":"thunk-woo-product-list","8":"opn-qv-enable","9":"top-store-woo-hover-","10":"top-store-single-product-tab-horizontal","11":"top-store-shadow-","12":"top-store-shadow-hover-","14":"first","15":"instock","16":"sale","17":"shipping-taxable","18":"purchasable","19":"product-type-simple"},"yoast_head":"<!-- This site is optimized with the Yoast SEO plugin v27.4 - https:\/\/yoast.com\/product\/yoast-seo-wordpress\/ -->\n<title>Weiprost - kup suplement, cena w aptece, sk\u0142ad, dzia\u0142anie<\/title>\n<meta name=\"robots\" content=\"index, follow, max-snippet:-1, max-image-preview:large, max-video-preview:-1\" \/>\n<link rel=\"canonical\" href=\"https:\/\/lekarzeopole.pl\/wordpress\/product\/weiprost\/\" \/>\n<meta property=\"og:locale\" content=\"pl_PL\" \/>\n<meta property=\"og:type\" content=\"article\" \/>\n<meta property=\"og:title\" content=\"Weiprost - kup suplement, cena w aptece, sk\u0142ad, dzia\u0142anie\" \/>\n<meta property=\"og:description\" content=\"Kup teraz SKU:\u00a0789.228.172    Produkt sprzedawany jest wy\u0142\u0105cznie za po\u015brednictwem oficjalnej strony producenta, id\u017a i kupuj bezpiecznie!\" \/>\n<meta property=\"og:url\" content=\"https:\/\/lekarzeopole.pl\/wordpress\/product\/weiprost\/\" \/>\n<meta property=\"og:site_name\" content=\"Lekarze Opole\" \/>\n<meta property=\"article:modified_time\" content=\"2026-01-05T14:34:50+00:00\" \/>\n<meta property=\"og:image\" content=\"https:\/\/lekarzeopole.pl\/wordpress\/wp-content\/uploads\/2024\/08\/weiprost.png\" \/>\n\t<meta property=\"og:image:width\" content=\"400\" \/>\n\t<meta property=\"og:image:height\" content=\"400\" \/>\n\t<meta property=\"og:image:type\" content=\"image\/png\" \/>\n<meta name=\"twitter:card\" content=\"summary_large_image\" \/>\n<meta name=\"twitter:label1\" content=\"Szacowany czas czytania\" \/>\n\t<meta name=\"twitter:data1\" content=\"8 minut\" \/>\n<script type=\"application\/ld+json\" class=\"yoast-schema-graph\">{\"@context\":\"https:\\\/\\\/schema.org\",\"@graph\":[{\"@type\":\"WebPage\",\"@id\":\"https:\\\/\\\/lekarzeopole.pl\\\/wordpress\\\/product\\\/weiprost\\\/\",\"url\":\"https:\\\/\\\/lekarzeopole.pl\\\/wordpress\\\/product\\\/weiprost\\\/\",\"name\":\"Weiprost - kup suplement, cena w aptece, sk\u0142ad, dzia\u0142anie\",\"isPartOf\":{\"@id\":\"https:\\\/\\\/lekarzeopole.pl\\\/wordpress\\\/#website\"},\"primaryImageOfPage\":{\"@id\":\"https:\\\/\\\/lekarzeopole.pl\\\/wordpress\\\/product\\\/weiprost\\\/#primaryimage\"},\"image\":{\"@id\":\"https:\\\/\\\/lekarzeopole.pl\\\/wordpress\\\/product\\\/weiprost\\\/#primaryimage\"},\"thumbnailUrl\":\"https:\\\/\\\/lekarzeopole.pl\\\/wordpress\\\/wp-content\\\/uploads\\\/2024\\\/08\\\/weiprost.png\",\"datePublished\":\"2024-08-19T15:46:06+00:00\",\"dateModified\":\"2026-01-05T14:34:50+00:00\",\"breadcrumb\":{\"@id\":\"https:\\\/\\\/lekarzeopole.pl\\\/wordpress\\\/product\\\/weiprost\\\/#breadcrumb\"},\"inLanguage\":\"pl-PL\",\"potentialAction\":[{\"@type\":\"ReadAction\",\"target\":[\"https:\\\/\\\/lekarzeopole.pl\\\/wordpress\\\/product\\\/weiprost\\\/\"]}]},{\"@type\":\"ImageObject\",\"inLanguage\":\"pl-PL\",\"@id\":\"https:\\\/\\\/lekarzeopole.pl\\\/wordpress\\\/product\\\/weiprost\\\/#primaryimage\",\"url\":\"https:\\\/\\\/lekarzeopole.pl\\\/wordpress\\\/wp-content\\\/uploads\\\/2024\\\/08\\\/weiprost.png\",\"contentUrl\":\"https:\\\/\\\/lekarzeopole.pl\\\/wordpress\\\/wp-content\\\/uploads\\\/2024\\\/08\\\/weiprost.png\",\"width\":400,\"height\":400,\"caption\":\"Weiprost\"},{\"@type\":\"BreadcrumbList\",\"@id\":\"https:\\\/\\\/lekarzeopole.pl\\\/wordpress\\\/product\\\/weiprost\\\/#breadcrumb\",\"itemListElement\":[{\"@type\":\"ListItem\",\"position\":1,\"name\":\"\u0413\u043b\u0430\u0432\u043d\u0430\u044f \u0441\u0442\u0440\u0430\u043d\u0438\u0446\u0430\",\"item\":\"https:\\\/\\\/lekarzeopole.pl\\\/wordpress\\\/\"},{\"@type\":\"ListItem\",\"position\":2,\"name\":\"Zakup\",\"item\":\"https:\\\/\\\/lekarzeopole.pl\\\/wordpress\\\/\"},{\"@type\":\"ListItem\",\"position\":3,\"name\":\"Weiprost\"}]},{\"@type\":\"WebSite\",\"@id\":\"https:\\\/\\\/lekarzeopole.pl\\\/wordpress\\\/#website\",\"url\":\"https:\\\/\\\/lekarzeopole.pl\\\/wordpress\\\/\",\"name\":\"Lekarze Opole\",\"description\":\"\",\"potentialAction\":[{\"@type\":\"SearchAction\",\"target\":{\"@type\":\"EntryPoint\",\"urlTemplate\":\"https:\\\/\\\/lekarzeopole.pl\\\/wordpress\\\/?s={search_term_string}\"},\"query-input\":{\"@type\":\"PropertyValueSpecification\",\"valueRequired\":true,\"valueName\":\"search_term_string\"}}],\"inLanguage\":\"pl-PL\"}]}<\/script>\n<!-- \/ Yoast SEO plugin. -->","yoast_head_json":{"title":"Weiprost - kup suplement, cena w aptece, sk\u0142ad, dzia\u0142anie","robots":{"index":"index","follow":"follow","max-snippet":"max-snippet:-1","max-image-preview":"max-image-preview:large","max-video-preview":"max-video-preview:-1"},"canonical":"https:\/\/lekarzeopole.pl\/wordpress\/product\/weiprost\/","og_locale":"pl_PL","og_type":"article","og_title":"Weiprost - kup suplement, cena w aptece, sk\u0142ad, dzia\u0142anie","og_description":"Kup teraz SKU:\u00a0789.228.172    Produkt sprzedawany jest wy\u0142\u0105cznie za po\u015brednictwem oficjalnej strony producenta, id\u017a i kupuj bezpiecznie!","og_url":"https:\/\/lekarzeopole.pl\/wordpress\/product\/weiprost\/","og_site_name":"Lekarze Opole","article_modified_time":"2026-01-05T14:34:50+00:00","og_image":[{"width":400,"height":400,"url":"https:\/\/lekarzeopole.pl\/wordpress\/wp-content\/uploads\/2024\/08\/weiprost.png","type":"image\/png"}],"twitter_card":"summary_large_image","twitter_misc":{"Szacowany czas czytania":"8 minut"},"schema":{"@context":"https:\/\/schema.org","@graph":[{"@type":"WebPage","@id":"https:\/\/lekarzeopole.pl\/wordpress\/product\/weiprost\/","url":"https:\/\/lekarzeopole.pl\/wordpress\/product\/weiprost\/","name":"Weiprost - kup suplement, cena w aptece, sk\u0142ad, dzia\u0142anie","isPartOf":{"@id":"https:\/\/lekarzeopole.pl\/wordpress\/#website"},"primaryImageOfPage":{"@id":"https:\/\/lekarzeopole.pl\/wordpress\/product\/weiprost\/#primaryimage"},"image":{"@id":"https:\/\/lekarzeopole.pl\/wordpress\/product\/weiprost\/#primaryimage"},"thumbnailUrl":"https:\/\/lekarzeopole.pl\/wordpress\/wp-content\/uploads\/2024\/08\/weiprost.png","datePublished":"2024-08-19T15:46:06+00:00","dateModified":"2026-01-05T14:34:50+00:00","breadcrumb":{"@id":"https:\/\/lekarzeopole.pl\/wordpress\/product\/weiprost\/#breadcrumb"},"inLanguage":"pl-PL","potentialAction":[{"@type":"ReadAction","target":["https:\/\/lekarzeopole.pl\/wordpress\/product\/weiprost\/"]}]},{"@type":"ImageObject","inLanguage":"pl-PL","@id":"https:\/\/lekarzeopole.pl\/wordpress\/product\/weiprost\/#primaryimage","url":"https:\/\/lekarzeopole.pl\/wordpress\/wp-content\/uploads\/2024\/08\/weiprost.png","contentUrl":"https:\/\/lekarzeopole.pl\/wordpress\/wp-content\/uploads\/2024\/08\/weiprost.png","width":400,"height":400,"caption":"Weiprost"},{"@type":"BreadcrumbList","@id":"https:\/\/lekarzeopole.pl\/wordpress\/product\/weiprost\/#breadcrumb","itemListElement":[{"@type":"ListItem","position":1,"name":"\u0413\u043b\u0430\u0432\u043d\u0430\u044f \u0441\u0442\u0440\u0430\u043d\u0438\u0446\u0430","item":"https:\/\/lekarzeopole.pl\/wordpress\/"},{"@type":"ListItem","position":2,"name":"Zakup","item":"https:\/\/lekarzeopole.pl\/wordpress\/"},{"@type":"ListItem","position":3,"name":"Weiprost"}]},{"@type":"WebSite","@id":"https:\/\/lekarzeopole.pl\/wordpress\/#website","url":"https:\/\/lekarzeopole.pl\/wordpress\/","name":"Lekarze Opole","description":"","potentialAction":[{"@type":"SearchAction","target":{"@type":"EntryPoint","urlTemplate":"https:\/\/lekarzeopole.pl\/wordpress\/?s={search_term_string}"},"query-input":{"@type":"PropertyValueSpecification","valueRequired":true,"valueName":"search_term_string"}}],"inLanguage":"pl-PL"}]}},"_links":{"self":[{"href":"https:\/\/lekarzeopole.pl\/wordpress\/wp-json\/wp\/v2\/product\/1039","targetHints":{"allow":["GET"]}}],"collection":[{"href":"https:\/\/lekarzeopole.pl\/wordpress\/wp-json\/wp\/v2\/product"}],"about":[{"href":"https:\/\/lekarzeopole.pl\/wordpress\/wp-json\/wp\/v2\/types\/product"}],"replies":[{"embeddable":true,"href":"https:\/\/lekarzeopole.pl\/wordpress\/wp-json\/wp\/v2\/comments?post=1039"}],"wp:featuredmedia":[{"embeddable":true,"href":"https:\/\/lekarzeopole.pl\/wordpress\/wp-json\/wp\/v2\/media\/1040"}],"wp:attachment":[{"href":"https:\/\/lekarzeopole.pl\/wordpress\/wp-json\/wp\/v2\/media?parent=1039"}],"wp:term":[{"taxonomy":"product_brand","embeddable":true,"href":"https:\/\/lekarzeopole.pl\/wordpress\/wp-json\/wp\/v2\/product_brand?post=1039"},{"taxonomy":"product_cat","embeddable":true,"href":"https:\/\/lekarzeopole.pl\/wordpress\/wp-json\/wp\/v2\/product_cat?post=1039"},{"taxonomy":"product_tag","embeddable":true,"href":"https:\/\/lekarzeopole.pl\/wordpress\/wp-json\/wp\/v2\/product_tag?post=1039"}],"curies":[{"name":"wp","href":"https:\/\/api.w.org\/{rel}","templated":true}]}}