{"id":1037,"date":"2024-08-19T15:42:19","date_gmt":"2024-08-19T15:42:19","guid":{"rendered":"https:\/\/lekarzeopole.pl\/wordpress\/?post_type=product&#038;p=1037"},"modified":"2025-03-30T15:31:19","modified_gmt":"2025-03-30T15:31:19","slug":"pulsero","status":"publish","type":"product","link":"https:\/\/lekarzeopole.pl\/wordpress\/product\/pulsero\/","title":{"rendered":"Pulsero"},"content":{"rendered":"<article class=\"w-full text-token-text-primary focus-visible:outline-2 focus-visible:outline-offset-[-4px]\" dir=\"auto\" tabindex=\"0\" data-testid=\"conversation-turn-3\" data-scroll-anchor=\"false\">\n<div class=\"text-base py-[18px] px-3 md:px-4 m-auto md:px-5\">\n<div class=\"mx-auto flex flex-1 gap-4 text-base md:gap-5 lg:gap-6 md:max-w-3xl lg:max-w-[40rem] xl:max-w-[48rem]\">\n<div class=\"group\/conversation-turn relative flex w-full min-w-0 flex-col agent-turn\">\n<div class=\"flex-col gap-1 md:gap-3\">\n<div class=\"flex max-w-full flex-col flex-grow\">\n<div class=\"min-h-[20px] text-message flex w-full flex-col items-end gap-2 whitespace-pre-wrap break-words [.text-message+&amp;]:mt-5 overflow-x-auto\" dir=\"auto\" data-message-author-role=\"assistant\" data-message-id=\"991b5324-ef26-40da-8586-61cdd6d2b4f5\">\n<div class=\"flex w-full flex-col gap-1 empty:hidden first:pt-[3px]\">\n<div class=\"markdown prose w-full break-words dark:prose-invert light\">\n<p>Pulsero to innowacyjne kapsu\u0142ki, kt\u00f3re zosta\u0142y stworzone z my\u015bl\u0105 o m\u0119\u017cczyznach, borykaj\u0105cych si\u0119 z problemami z potencj\u0105. Problemy z erekcj\u0105 mog\u0105 wynika\u0107 z r\u00f3\u017cnych przyczyn \u2013 od stresu i zm\u0119czenia, przez niezdrowy tryb \u017cycia, a\u017c po powa\u017cniejsze schorzenia zdrowotne. Pulsero pomaga w radzeniu sobie z tymi problemami, dostarczaj\u0105c naturalnych sk\u0142adnik\u00f3w, kt\u00f3re wspieraj\u0105 funkcje seksualne.<\/p>\n<p>Wskazania do stosowania Pulsero obejmuj\u0105:<\/p>\n<ul>\n<li>Problemy z osi\u0105gni\u0119ciem i utrzymaniem erekcji<\/li>\n<li>Obni\u017cone libido<\/li>\n<li>Zmniejszona energia seksualna<\/li>\n<li>Problemy z wytrzyma\u0142o\u015bci\u0105 podczas stosunku<\/li>\n<li>Ochrona przed przedwczesnym wytryskiem<\/li>\n<\/ul>\n<p>Pulsero mo\u017ce by\u0107 r\u00f3wnie\u017c stosowane profilaktycznie, jako \u015brodek wspieraj\u0105cy zdrowie m\u0119\u017cczyzny, nawet je\u015bli nie wyst\u0119puj\u0105 u niego wyra\u017ane problemy z potencj\u0105. Naturalne sk\u0142adniki zawarte w kapsu\u0142kach pomagaj\u0105 utrzyma\u0107 zdrowy uk\u0142ad kr\u0105\u017cenia i wspieraj\u0105 og\u00f3ln\u0105 kondycj\u0119 organizmu.<\/p>\n<h2>Sk\u0142ad i dzia\u0142anie sk\u0142adnik\u00f3w Pulsero<\/h2>\n<p>Podstaw\u0105 skuteczno\u015bci Pulsero s\u0105 starannie dobrane, naturalne sk\u0142adniki, kt\u00f3re od wiek\u00f3w s\u0105 wykorzystywane w medycynie tradycyjnej do poprawy m\u0119skiej potencji. Ka\u017cdy z nich ma swoje unikalne w\u0142a\u015bciwo\u015bci, kt\u00f3re razem tworz\u0105 siln\u0105 formu\u0142\u0119 wspieraj\u0105c\u0105 zdrowie seksualne.<\/p>\n<h3>Ekstrakt z korzenia maca<\/h3>\n<p>Maca to ro\u015blina pochodz\u0105ca z And\u00f3w, znana ze swoich w\u0142a\u015bciwo\u015bci adaptogennych. Ekstrakt z korzenia maca zwi\u0119ksza libido i poprawia p\u0142odno\u015b\u0107, a tak\u017ce wspiera wytrzyma\u0142o\u015b\u0107 organizmu. Ro\u015blina ta jest r\u00f3wnie\u017c bogata w witaminy i minera\u0142y, kt\u00f3re od\u017cywiaj\u0105 organizm i poprawiaj\u0105 og\u00f3ln\u0105 kondycj\u0119 fizyczn\u0105.<\/p>\n<h3>Ekstrakt z palmy sabalowej<\/h3>\n<p>Palma sabalowa, znana r\u00f3wnie\u017c jako saw palmetto, jest cz\u0119sto stosowana w suplementach dla m\u0119\u017cczyzn ze wzgl\u0119du na swoje dzia\u0142anie wspieraj\u0105ce zdrowie prostaty. Dzia\u0142a r\u00f3wnie\u017c jako naturalny afrodyzjak, zwi\u0119kszaj\u0105c poziom testosteronu i poprawiaj\u0105c funkcje seksualne.<\/p>\n<h3>L-arginina<\/h3>\n<p>L-arginina to aminokwas, kt\u00f3ry odgrywa kluczow\u0105 rol\u0119 w produkcji tlenku azotu \u2013 substancji, kt\u00f3ra rozszerza naczynia krwiono\u015bne, poprawiaj\u0105c przep\u0142yw krwi. Lepsze kr\u0105\u017cenie krwi w okolicach narz\u0105d\u00f3w p\u0142ciowych jest kluczowe dla utrzymania silnej i trwa\u0142ej erekcji.<\/p>\n<h3>Ekstrakt z \u017ce\u0144-szenia<\/h3>\n<p>\u017be\u0144-sze\u0144 to jeden z najstarszych i najbardziej cenionych adaptogen\u00f3w. Dzia\u0142a jako naturalny stymulant, poprawiaj\u0105c energi\u0119, wytrzyma\u0142o\u015b\u0107 oraz zdolno\u015bci koncentracji. Ponadto, \u017ce\u0144-sze\u0144 zwi\u0119ksza libido i mo\u017ce przyczyni\u0107 si\u0119 do poprawy jako\u015bci spermy.<\/p>\n<h3>Cynk<\/h3>\n<p>Cynk jest niezb\u0119dnym minera\u0142em, kt\u00f3ry odgrywa kluczow\u0105 rol\u0119 w produkcji testosteronu. Regularne dostarczanie odpowiednich ilo\u015bci cynku jest wa\u017cne dla zdrowia m\u0119\u017cczyzn, a jego niedob\u00f3r mo\u017ce prowadzi\u0107 do problem\u00f3w z p\u0142odno\u015bci\u0105 i obni\u017conego libido.<\/p>\n<h2>Efekty Pulsero i ich charakterystyka<\/h2>\n<p>Pulsero dzia\u0142a na kilku poziomach, oferuj\u0105c kompleksowe wsparcie dla m\u0119skiej potencji i zdrowia seksualnego. Regularne stosowanie kapsu\u0142ek mo\u017ce przynie\u015b\u0107 nast\u0119puj\u0105ce efekty:<\/p>\n<ul>\n<li><strong>Poprawa erekcji<\/strong>: Dzi\u0119ki sk\u0142adnikom takim jak L-arginina i ekstrakt z maca, Pulsero wspomaga kr\u0105\u017cenie krwi, co prowadzi do silniejszych i trwalszych erekcji.<\/li>\n<li><strong>Zwi\u0119kszenie libido<\/strong>: Naturalne afrodyzjaki, takie jak palma sabalowa i \u017ce\u0144-sze\u0144, pomagaj\u0105 zwi\u0119kszy\u0107 pop\u0119d seksualny, dzi\u0119ki czemu m\u0119\u017cczy\u017ani mog\u0105 cieszy\u0107 si\u0119 bardziej satysfakcjonuj\u0105cym \u017cyciem seksualnym.<\/li>\n<li><strong>Poprawa wytrzyma\u0142o\u015bci<\/strong>: Adaptogeny zawarte w Pulsero, takie jak maca i \u017ce\u0144-sze\u0144, pomagaj\u0105 zwi\u0119kszy\u0107 wytrzyma\u0142o\u015b\u0107 fizyczn\u0105 i mentaln\u0105, co przek\u0142ada si\u0119 na d\u0142u\u017csze i bardziej intensywne doznania podczas stosunku.<\/li>\n<li><strong>Wsparcie zdrowia prostaty<\/strong>: Palma sabalowa, znana ze swoich w\u0142a\u015bciwo\u015bci wspieraj\u0105cych zdrowie prostaty, mo\u017ce pom\u00f3c w profilaktyce problem\u00f3w z tym gruczo\u0142em, kt\u00f3re s\u0105 cz\u0119st\u0105 przyczyn\u0105 zaburze\u0144 potencji u m\u0119\u017cczyzn.<\/li>\n<li><strong>Og\u00f3lna poprawa kondycji fizycznej<\/strong>: Dzi\u0119ki bogatemu sk\u0142adowi w witaminy i minera\u0142y, Pulsero wspiera og\u00f3lne zdrowie i kondycj\u0119 organizmu, co ma bezpo\u015bredni wp\u0142yw na popraw\u0119 jako\u015bci \u017cycia seksualnego.<\/li>\n<\/ul>\n<h2>Ryzyko skutk\u00f3w ubocznych<\/h2>\n<p>Pulsero to preparat oparty na naturalnych sk\u0142adnikach, co minimalizuje ryzyko wyst\u0105pienia skutk\u00f3w ubocznych. Dla wi\u0119kszo\u015bci m\u0119\u017cczyzn stosowanie tych kapsu\u0142ek jest bezpieczne, pod warunkiem przestrzegania zalece\u0144 producenta. Sk\u0142adniki takie jak maca, \u017ce\u0144-sze\u0144 czy palma sabalowa s\u0105 od dawna stosowane w medycynie naturalnej i s\u0105 dobrze tolerowane przez organizm.<\/p>\n<p>Warto jednak pami\u0119ta\u0107, \u017ce ka\u017cdy organizm jest inny i reakcje na suplementy mog\u0105 si\u0119 r\u00f3\u017cni\u0107. Dlatego przed rozpocz\u0119ciem stosowania Pulsero, zw\u0142aszcza je\u015bli przyjmujesz inne leki lub masz przewlek\u0142e schorzenia, warto skonsultowa\u0107 si\u0119 z lekarzem. W przypadku wyst\u0105pienia jakichkolwiek niepokoj\u0105cych objaw\u00f3w, nale\u017cy przerwa\u0107 stosowanie suplementu i zasi\u0119gn\u0105\u0107 porady medycznej.<\/p>\n<p style=\"text-align: center;\"><a href=\"https:\/\/keonv.com\/IrSS?sub1=sub1&amp;sub2=sub2&amp;sub3=sub3&amp;sub4=sub4&amp;sub5=sub5\"><button>www.pulsero.pl<\/button><\/a><\/p>\n<p>Pulsero to kompleksowy i naturalny preparat, kt\u00f3ry oferuje wsparcie dla m\u0119skiej potencji. Dzi\u0119ki starannie dobranej formule opartej na naturalnych sk\u0142adnikach, takich jak maca, palma sabalowa, \u017ce\u0144-sze\u0144 i L-arginina, kapsu\u0142ki te pomagaj\u0105 poprawi\u0107 erekcj\u0119, zwi\u0119kszy\u0107 libido, a tak\u017ce wspieraj\u0105 og\u00f3ln\u0105 kondycj\u0119 fizyczn\u0105. Minimalne ryzyko skutk\u00f3w ubocznych sprawia, \u017ce Pulsero jest bezpiecznym wyborem dla m\u0119\u017cczyzn pragn\u0105cych poprawi\u0107 jako\u015b\u0107 swojego \u017cycia seksualnego.<\/p>\n<\/div>\n<\/div>\n<\/div>\n<\/div>\n<\/div>\n<\/div>\n<\/div>\n<\/div>\n<\/article>\n<article class=\"w-full text-token-text-primary focus-visible:outline-2 focus-visible:outline-offset-[-4px]\" dir=\"auto\" tabindex=\"0\" data-testid=\"conversation-turn-5\" data-scroll-anchor=\"true\">\n<div class=\"text-base py-[18px] px-3 md:px-4 m-auto md:px-5\">\n<div class=\"mx-auto flex flex-1 gap-4 text-base md:gap-5 lg:gap-6 md:max-w-3xl lg:max-w-[40rem] xl:max-w-[48rem]\">\n<div class=\"group\/conversation-turn relative flex w-full min-w-0 flex-col agent-turn\">\n<div class=\"flex-col gap-1 md:gap-3\">\n<div class=\"flex max-w-full flex-col flex-grow\">\n<div class=\"min-h-[20px] text-message flex w-full flex-col items-end gap-2 whitespace-pre-wrap break-words [.text-message+&amp;]:mt-5 overflow-x-auto\" dir=\"auto\" data-message-author-role=\"assistant\" data-message-id=\"535cb302-1105-44b1-8813-c31d019554ed\">\n<div class=\"flex w-full flex-col gap-1 empty:hidden first:pt-[3px]\">\n<div class=\"markdown prose w-full break-words dark:prose-invert light\">\n<h2>Opinie klient\u00f3w o Pulsero: fora po\u015bwi\u0119cone zdrowiu<\/h2>\n<p>Pulsero zdobywa coraz wi\u0119ksz\u0105 popularno\u015b\u0107 w\u015br\u00f3d m\u0119\u017cczyzn w Polsce, co widoczne jest na licznych forach po\u015bwi\u0119conych zdrowiu i suplementacji. Internauci aktywnie dziel\u0105 si\u0119 swoimi do\u015bwiadczeniami z stosowaniem Pulsero, co \u015bwiadczy o rosn\u0105cej liczbie zadowolonych u\u017cytkownik\u00f3w. Wi\u0119kszo\u015b\u0107 opinii na temat tego preparatu jest pozytywna \u2013 u\u017cytkownicy chwal\u0105 jego skuteczno\u015b\u0107, naturalny sk\u0142ad oraz \u0142atwo\u015b\u0107 dost\u0119pu.<\/p>\n<ul>\n<li><strong>Micha\u0142, 42 lata:<\/strong><br \/>\n&#8222;Przez d\u0142ugi czas mia\u0142em problemy z utrzymaniem erekcji, co odbija\u0142o si\u0119 na moim \u017cyciu prywatnym. Pr\u00f3bowa\u0142em r\u00f3\u017cnych suplement\u00f3w, ale dopiero Pulsero da\u0142o mi realne rezultaty. Ju\u017c po kilku dniach zauwa\u017cy\u0142em popraw\u0119, a po miesi\u0105cu stosowania moje problemy znikn\u0119\u0142y ca\u0142kowicie. Pulsero jest \u0142atwo dost\u0119pne i zam\u00f3wi\u0142em je bez \u017cadnych problem\u00f3w przez internet. Polecam ka\u017cdemu m\u0119\u017cczy\u017anie, kt\u00f3ry boryka si\u0119 z podobnymi problemami.&#8221;<\/li>\n<li><strong>Krzysztof, 35 lat:<\/strong><br \/>\n&#8222;Zdecydowa\u0142em si\u0119 na Pulsero po przeczytaniu wielu pozytywnych opinii na forum. To by\u0142 strza\u0142 w dziesi\u0105tk\u0119! Nie tylko poprawi\u0142a si\u0119 moja wytrzyma\u0142o\u015b\u0107, ale r\u00f3wnie\u017c jako\u015b\u0107 stosunk\u00f3w. Moja partnerka zauwa\u017cy\u0142a r\u00f3\u017cnic\u0119, co tylko potwierdza, \u017ce Pulsero dzia\u0142a. Co wi\u0119cej, zam\u00f3wienie i dostawa przebieg\u0142y bezproblemowo, a ja nie musia\u0142em martwi\u0107 si\u0119 o jako\u015b\u0107 i oryginalno\u015b\u0107 produktu.&#8221;<\/li>\n<\/ul>\n<h2>Spos\u00f3b podawania i dawkowanie<\/h2>\n<p>Pulsero jest \u0142atwy w u\u017cyciu i nie wymaga skomplikowanego dawkowania. Zaleca si\u0119 przyjmowanie jednej kapsu\u0142ki dziennie, najlepiej na oko\u0142o 30 minut przed planowan\u0105 aktywno\u015bci\u0105 seksualn\u0105. Wa\u017cne jest, aby kapsu\u0142k\u0119 popi\u0107 odpowiedni\u0105 ilo\u015bci\u0105 wody, co zapewni jej szybkie i skuteczne dzia\u0142anie.<\/p>\n<p>Pulsero mo\u017ce by\u0107 stosowane zar\u00f3wno dora\u017anie, jak i jako cz\u0119\u015b\u0107 d\u0142u\u017cszej kuracji. W przypadku regularnego stosowania zaleca si\u0119 przyjmowanie jednej kapsu\u0142ki dziennie przez co najmniej 4-6 tygodni, co pozwoli na uzyskanie i utrzymanie optymalnych rezultat\u00f3w.<\/p>\n<p style=\"text-align: center;\"><a href=\"https:\/\/keonv.com\/IrSS?sub1=sub1&amp;sub2=sub2&amp;sub3=sub3&amp;sub4=sub4&amp;sub5=sub5\"><button>Zakup na stronie producenta (-50%)<\/button><\/a><\/p>\n<h2>Kup teraz Pulsero z dostaw\u0105<\/h2>\n<p>Zakup Pulsero jest niezwykle prosty i wygodny. Produkt mo\u017cna zam\u00f3wi\u0107 online bez wychodzenia z domu, co pozwala unikn\u0105\u0107 wszelkich problem\u00f3w zwi\u0105zanych z dost\u0119pno\u015bci\u0105 w tradycyjnych aptekach. Co wa\u017cne, op\u0142ata za produkt jest dokonywana dopiero po dostarczeniu zam\u00f3wienia, co eliminuje ryzyko zwi\u0105zane z zakupem \u2013 klient p\u0142aci dopiero po otrzymaniu oryginalnego produktu.<\/p>\n<p>Dostawa Pulsero na terenie Polski trwa zazwyczaj od 3 do 4 dni roboczych. Po z\u0142o\u017ceniu zam\u00f3wienia, kontaktuje si\u0119 z klientem specjalista, kt\u00f3ry potwierdza zam\u00f3wienie i mo\u017ce udzieli\u0107 dodatkowych informacji na temat ilo\u015bci zamawianego produktu, a tak\u017ce dost\u0119pnych promocji.<\/p>\n<h2>Por\u00f3wnanie ofert: ceny i dost\u0119pno\u015b\u0107 Pulsero<\/h2>\n<p>Producent Pulsero k\u0142adzie du\u017cy nacisk na dost\u0119pno\u015b\u0107 swojego produktu dla szerokiego grona klient\u00f3w. Z tego powodu suplement mo\u017cna naby\u0107 bezpo\u015brednio na oficjalnej stronie producenta, co pozwala na unikni\u0119cie po\u015brednik\u00f3w i dodatkowych mar\u017cy. Taka forma sprzeda\u017cy gwarantuje najni\u017csz\u0105 cen\u0119, a tak\u017ce pewno\u015b\u0107, \u017ce zakupiony produkt jest oryginalny.<\/p>\n<p>Na oficjalnej stronie regularnie pojawiaj\u0105 si\u0119 promocje i zni\u017cki, kt\u00f3re warto monitorowa\u0107, aby skorzysta\u0107 z najlepszych ofert cenowych. Warto zaznaczy\u0107, \u017ce Pulsero nie jest dost\u0119pne w stacjonarnych aptekach, co wynika z polityki producenta, stawiaj\u0105cego na sprzeda\u017c bezpo\u015bredni\u0105, aby zapewni\u0107 najwy\u017csz\u0105 jako\u015b\u0107 obs\u0142ugi i najlepsze ceny dla swoich klient\u00f3w.<\/p>\n<\/div>\n<\/div>\n<\/div>\n<\/div>\n<\/div>\n<\/div>\n<\/div>\n<\/div>\n<\/article>\n","protected":false},"excerpt":{"rendered":"<p style=\"text-align: center;\"><a href=\"https:\/\/keonv.com\/IrSS?sub1=sub1&amp;sub2=sub2&amp;sub3=sub3&amp;sub4=sub4&amp;sub5=sub5\"><button>Kup teraz<\/button><\/a><\/p>\n<p>SKU:\u00a0<span class=\"sku\">789.228.171<\/span><\/p>\n<hr \/>\n<p><small>Produkt sprzedawany jest wy\u0142\u0105cznie za po\u015brednictwem oficjalnej strony producenta, id\u017a i kupuj bezpiecznie!<\/small><\/p>\n","protected":false},"featured_media":1038,"comment_status":"open","ping_status":"closed","template":"","meta":[],"product_brand":[],"product_cat":[15],"product_tag":[],"class_list":{"0":"post-1037","1":"product","2":"type-product","3":"status-publish","4":"has-post-thumbnail","6":"product_cat-supl","7":"thunk-woo-product-list","8":"opn-qv-enable","9":"top-store-woo-hover-","10":"top-store-single-product-tab-horizontal","11":"top-store-shadow-","12":"top-store-shadow-hover-","14":"first","15":"instock","16":"sale","17":"shipping-taxable","18":"purchasable","19":"product-type-simple"},"yoast_head":"<!-- This site is optimized with the Yoast SEO plugin v27.4 - https:\/\/yoast.com\/product\/yoast-seo-wordpress\/ -->\n<title>Pulsero - kup suplement, cena w aptece, sk\u0142ad, dzia\u0142anie<\/title>\n<meta name=\"robots\" content=\"index, follow, max-snippet:-1, max-image-preview:large, max-video-preview:-1\" \/>\n<link rel=\"canonical\" href=\"https:\/\/lekarzeopole.pl\/wordpress\/product\/pulsero\/\" \/>\n<meta property=\"og:locale\" content=\"pl_PL\" \/>\n<meta property=\"og:type\" content=\"article\" \/>\n<meta property=\"og:title\" content=\"Pulsero - kup suplement, cena w aptece, sk\u0142ad, dzia\u0142anie\" \/>\n<meta property=\"og:description\" content=\"Kup teraz SKU:\u00a0789.228.171    Produkt sprzedawany jest wy\u0142\u0105cznie za po\u015brednictwem oficjalnej strony producenta, id\u017a i kupuj bezpiecznie!\" \/>\n<meta property=\"og:url\" content=\"https:\/\/lekarzeopole.pl\/wordpress\/product\/pulsero\/\" \/>\n<meta property=\"og:site_name\" content=\"Lekarze Opole\" \/>\n<meta property=\"article:modified_time\" content=\"2025-03-30T15:31:19+00:00\" \/>\n<meta property=\"og:image\" content=\"https:\/\/lekarzeopole.pl\/wordpress\/wp-content\/uploads\/2024\/08\/pulsero.jpg\" \/>\n\t<meta property=\"og:image:width\" content=\"1534\" \/>\n\t<meta property=\"og:image:height\" content=\"1893\" \/>\n\t<meta property=\"og:image:type\" content=\"image\/jpeg\" \/>\n<meta name=\"twitter:card\" content=\"summary_large_image\" \/>\n<meta name=\"twitter:label1\" content=\"Szacowany czas czytania\" \/>\n\t<meta name=\"twitter:data1\" content=\"7 minut\" \/>\n<script type=\"application\/ld+json\" class=\"yoast-schema-graph\">{\"@context\":\"https:\\\/\\\/schema.org\",\"@graph\":[{\"@type\":\"WebPage\",\"@id\":\"https:\\\/\\\/lekarzeopole.pl\\\/wordpress\\\/product\\\/pulsero\\\/\",\"url\":\"https:\\\/\\\/lekarzeopole.pl\\\/wordpress\\\/product\\\/pulsero\\\/\",\"name\":\"Pulsero - kup suplement, cena w aptece, sk\u0142ad, dzia\u0142anie\",\"isPartOf\":{\"@id\":\"https:\\\/\\\/lekarzeopole.pl\\\/wordpress\\\/#website\"},\"primaryImageOfPage\":{\"@id\":\"https:\\\/\\\/lekarzeopole.pl\\\/wordpress\\\/product\\\/pulsero\\\/#primaryimage\"},\"image\":{\"@id\":\"https:\\\/\\\/lekarzeopole.pl\\\/wordpress\\\/product\\\/pulsero\\\/#primaryimage\"},\"thumbnailUrl\":\"https:\\\/\\\/lekarzeopole.pl\\\/wordpress\\\/wp-content\\\/uploads\\\/2024\\\/08\\\/pulsero.jpg\",\"datePublished\":\"2024-08-19T15:42:19+00:00\",\"dateModified\":\"2025-03-30T15:31:19+00:00\",\"breadcrumb\":{\"@id\":\"https:\\\/\\\/lekarzeopole.pl\\\/wordpress\\\/product\\\/pulsero\\\/#breadcrumb\"},\"inLanguage\":\"pl-PL\",\"potentialAction\":[{\"@type\":\"ReadAction\",\"target\":[\"https:\\\/\\\/lekarzeopole.pl\\\/wordpress\\\/product\\\/pulsero\\\/\"]}]},{\"@type\":\"ImageObject\",\"inLanguage\":\"pl-PL\",\"@id\":\"https:\\\/\\\/lekarzeopole.pl\\\/wordpress\\\/product\\\/pulsero\\\/#primaryimage\",\"url\":\"https:\\\/\\\/lekarzeopole.pl\\\/wordpress\\\/wp-content\\\/uploads\\\/2024\\\/08\\\/pulsero.jpg\",\"contentUrl\":\"https:\\\/\\\/lekarzeopole.pl\\\/wordpress\\\/wp-content\\\/uploads\\\/2024\\\/08\\\/pulsero.jpg\",\"width\":1534,\"height\":1893,\"caption\":\"Pulsero\"},{\"@type\":\"BreadcrumbList\",\"@id\":\"https:\\\/\\\/lekarzeopole.pl\\\/wordpress\\\/product\\\/pulsero\\\/#breadcrumb\",\"itemListElement\":[{\"@type\":\"ListItem\",\"position\":1,\"name\":\"\u0413\u043b\u0430\u0432\u043d\u0430\u044f \u0441\u0442\u0440\u0430\u043d\u0438\u0446\u0430\",\"item\":\"https:\\\/\\\/lekarzeopole.pl\\\/wordpress\\\/\"},{\"@type\":\"ListItem\",\"position\":2,\"name\":\"Zakup\",\"item\":\"https:\\\/\\\/lekarzeopole.pl\\\/wordpress\\\/\"},{\"@type\":\"ListItem\",\"position\":3,\"name\":\"Pulsero\"}]},{\"@type\":\"WebSite\",\"@id\":\"https:\\\/\\\/lekarzeopole.pl\\\/wordpress\\\/#website\",\"url\":\"https:\\\/\\\/lekarzeopole.pl\\\/wordpress\\\/\",\"name\":\"Lekarze Opole\",\"description\":\"\",\"potentialAction\":[{\"@type\":\"SearchAction\",\"target\":{\"@type\":\"EntryPoint\",\"urlTemplate\":\"https:\\\/\\\/lekarzeopole.pl\\\/wordpress\\\/?s={search_term_string}\"},\"query-input\":{\"@type\":\"PropertyValueSpecification\",\"valueRequired\":true,\"valueName\":\"search_term_string\"}}],\"inLanguage\":\"pl-PL\"}]}<\/script>\n<!-- \/ Yoast SEO plugin. -->","yoast_head_json":{"title":"Pulsero - kup suplement, cena w aptece, sk\u0142ad, dzia\u0142anie","robots":{"index":"index","follow":"follow","max-snippet":"max-snippet:-1","max-image-preview":"max-image-preview:large","max-video-preview":"max-video-preview:-1"},"canonical":"https:\/\/lekarzeopole.pl\/wordpress\/product\/pulsero\/","og_locale":"pl_PL","og_type":"article","og_title":"Pulsero - kup suplement, cena w aptece, sk\u0142ad, dzia\u0142anie","og_description":"Kup teraz SKU:\u00a0789.228.171    Produkt sprzedawany jest wy\u0142\u0105cznie za po\u015brednictwem oficjalnej strony producenta, id\u017a i kupuj bezpiecznie!","og_url":"https:\/\/lekarzeopole.pl\/wordpress\/product\/pulsero\/","og_site_name":"Lekarze Opole","article_modified_time":"2025-03-30T15:31:19+00:00","og_image":[{"width":1534,"height":1893,"url":"https:\/\/lekarzeopole.pl\/wordpress\/wp-content\/uploads\/2024\/08\/pulsero.jpg","type":"image\/jpeg"}],"twitter_card":"summary_large_image","twitter_misc":{"Szacowany czas czytania":"7 minut"},"schema":{"@context":"https:\/\/schema.org","@graph":[{"@type":"WebPage","@id":"https:\/\/lekarzeopole.pl\/wordpress\/product\/pulsero\/","url":"https:\/\/lekarzeopole.pl\/wordpress\/product\/pulsero\/","name":"Pulsero - kup suplement, cena w aptece, sk\u0142ad, dzia\u0142anie","isPartOf":{"@id":"https:\/\/lekarzeopole.pl\/wordpress\/#website"},"primaryImageOfPage":{"@id":"https:\/\/lekarzeopole.pl\/wordpress\/product\/pulsero\/#primaryimage"},"image":{"@id":"https:\/\/lekarzeopole.pl\/wordpress\/product\/pulsero\/#primaryimage"},"thumbnailUrl":"https:\/\/lekarzeopole.pl\/wordpress\/wp-content\/uploads\/2024\/08\/pulsero.jpg","datePublished":"2024-08-19T15:42:19+00:00","dateModified":"2025-03-30T15:31:19+00:00","breadcrumb":{"@id":"https:\/\/lekarzeopole.pl\/wordpress\/product\/pulsero\/#breadcrumb"},"inLanguage":"pl-PL","potentialAction":[{"@type":"ReadAction","target":["https:\/\/lekarzeopole.pl\/wordpress\/product\/pulsero\/"]}]},{"@type":"ImageObject","inLanguage":"pl-PL","@id":"https:\/\/lekarzeopole.pl\/wordpress\/product\/pulsero\/#primaryimage","url":"https:\/\/lekarzeopole.pl\/wordpress\/wp-content\/uploads\/2024\/08\/pulsero.jpg","contentUrl":"https:\/\/lekarzeopole.pl\/wordpress\/wp-content\/uploads\/2024\/08\/pulsero.jpg","width":1534,"height":1893,"caption":"Pulsero"},{"@type":"BreadcrumbList","@id":"https:\/\/lekarzeopole.pl\/wordpress\/product\/pulsero\/#breadcrumb","itemListElement":[{"@type":"ListItem","position":1,"name":"\u0413\u043b\u0430\u0432\u043d\u0430\u044f \u0441\u0442\u0440\u0430\u043d\u0438\u0446\u0430","item":"https:\/\/lekarzeopole.pl\/wordpress\/"},{"@type":"ListItem","position":2,"name":"Zakup","item":"https:\/\/lekarzeopole.pl\/wordpress\/"},{"@type":"ListItem","position":3,"name":"Pulsero"}]},{"@type":"WebSite","@id":"https:\/\/lekarzeopole.pl\/wordpress\/#website","url":"https:\/\/lekarzeopole.pl\/wordpress\/","name":"Lekarze Opole","description":"","potentialAction":[{"@type":"SearchAction","target":{"@type":"EntryPoint","urlTemplate":"https:\/\/lekarzeopole.pl\/wordpress\/?s={search_term_string}"},"query-input":{"@type":"PropertyValueSpecification","valueRequired":true,"valueName":"search_term_string"}}],"inLanguage":"pl-PL"}]}},"_links":{"self":[{"href":"https:\/\/lekarzeopole.pl\/wordpress\/wp-json\/wp\/v2\/product\/1037","targetHints":{"allow":["GET"]}}],"collection":[{"href":"https:\/\/lekarzeopole.pl\/wordpress\/wp-json\/wp\/v2\/product"}],"about":[{"href":"https:\/\/lekarzeopole.pl\/wordpress\/wp-json\/wp\/v2\/types\/product"}],"replies":[{"embeddable":true,"href":"https:\/\/lekarzeopole.pl\/wordpress\/wp-json\/wp\/v2\/comments?post=1037"}],"wp:featuredmedia":[{"embeddable":true,"href":"https:\/\/lekarzeopole.pl\/wordpress\/wp-json\/wp\/v2\/media\/1038"}],"wp:attachment":[{"href":"https:\/\/lekarzeopole.pl\/wordpress\/wp-json\/wp\/v2\/media?parent=1037"}],"wp:term":[{"taxonomy":"product_brand","embeddable":true,"href":"https:\/\/lekarzeopole.pl\/wordpress\/wp-json\/wp\/v2\/product_brand?post=1037"},{"taxonomy":"product_cat","embeddable":true,"href":"https:\/\/lekarzeopole.pl\/wordpress\/wp-json\/wp\/v2\/product_cat?post=1037"},{"taxonomy":"product_tag","embeddable":true,"href":"https:\/\/lekarzeopole.pl\/wordpress\/wp-json\/wp\/v2\/product_tag?post=1037"}],"curies":[{"name":"wp","href":"https:\/\/api.w.org\/{rel}","templated":true}]}}