{"id":1031,"date":"2024-08-01T19:16:28","date_gmt":"2024-08-01T19:16:28","guid":{"rendered":"https:\/\/lekarzeopole.pl\/wordpress\/?post_type=product&#038;p=1031"},"modified":"2025-03-30T18:10:25","modified_gmt":"2025-03-30T18:10:25","slug":"yenki-derm","status":"publish","type":"product","link":"https:\/\/lekarzeopole.pl\/wordpress\/product\/yenki-derm\/","title":{"rendered":"Yenki Derm"},"content":{"rendered":"<div class=\"w-full text-token-text-primary\" dir=\"auto\" data-testid=\"conversation-turn-3\" data-scroll-anchor=\"false\">\n<div class=\"text-base py-[18px] px-3 md:px-4 m-auto md:px-5 lg:px-1 xl:px-5\">\n<div class=\"mx-auto flex flex-1 gap-4 text-base md:gap-5 lg:gap-6 md:max-w-3xl lg:max-w-[40rem] xl:max-w-[48rem]\">\n<div class=\"group\/conversation-turn relative flex w-full min-w-0 flex-col agent-turn\">\n<div class=\"flex-col gap-1 md:gap-3\">\n<div class=\"flex flex-grow flex-col max-w-full\">\n<div class=\"min-h-[20px] text-message flex w-full flex-col items-end gap-2 whitespace-pre-wrap break-words [.text-message+&amp;]:mt-5 overflow-x-auto\" dir=\"auto\" data-message-author-role=\"assistant\" data-message-id=\"51c61741-e5e4-4d26-9d45-c674453a4136\">\n<div class=\"flex w-full flex-col gap-1 empty:hidden first:pt-[3px]\">\n<div class=\"markdown prose w-full break-words dark:prose-invert light\">\n<p>\u0141uszczyca to przewlek\u0142a choroba sk\u00f3ry, kt\u00f3ra mo\u017ce znacz\u0105co wp\u0142ywa\u0107 na jako\u015b\u0107 \u017cycia pacjent\u00f3w. Szukaj\u0105c skutecznych rozwi\u0105za\u0144, warto zwr\u00f3ci\u0107 uwag\u0119 na krem Yenki Derm, kt\u00f3ry dzi\u0119ki naturalnym sk\u0142adnikom oferuje niezawodn\u0105 pomoc w walce z objawami \u0142uszczycy. W niniejszej artykule przyjrzymy si\u0119 bli\u017cej wskazaniom do stosowania Yenki Derm, jego sk\u0142adnikom i ich dzia\u0142aniu, a tak\u017ce efektom i ryzykom skutk\u00f3w ubocznych.<\/p>\n<h2>Wskazania do stosowania Yenki Derm<\/h2>\n<p>Yenki Derm jest przeznaczony przede wszystkim dla os\u00f3b cierpi\u0105cych na \u0142uszczyc\u0119. Jego unikalna formu\u0142a pomaga \u0142agodzi\u0107 objawy takie jak:<\/p>\n<ul>\n<li>Zaczerwienienie sk\u00f3ry<\/li>\n<li>Sw\u0119dzenie<\/li>\n<li>\u0141uszczenie si\u0119 nask\u00f3rka<\/li>\n<li>Sucho\u015b\u0107 sk\u00f3ry<\/li>\n<li>Stany zapalne<\/li>\n<\/ul>\n<p>Krem mo\u017ce by\u0107 stosowany zar\u00f3wno na ma\u0142ych obszarach zmienionych chorobowo, jak i na wi\u0119kszych powierzchniach cia\u0142a. Opr\u00f3cz \u0142uszczycy, Yenki Derm mo\u017ce by\u0107 r\u00f3wnie\u017c skuteczny w leczeniu innych problem\u00f3w sk\u00f3rnych, takich jak egzema, atopowe zapalenie sk\u00f3ry oraz r\u00f3\u017cnego rodzaju dermatozy.<\/p>\n<h2>Sk\u0142ad i dzia\u0142anie sk\u0142adnik\u00f3w Yenki Derm<\/h2>\n<p>Yenki Derm zawiera starannie dobrane sk\u0142adniki naturalne, kt\u00f3re wsp\u00f3lnie dzia\u0142aj\u0105, aby zapewni\u0107 maksymaln\u0105 skuteczno\u015b\u0107 przy minimalnym ryzyku skutk\u00f3w ubocznych. Oto niekt\u00f3re z kluczowych sk\u0142adnik\u00f3w:<\/p>\n<h3>Ekstrakt z nagietka<\/h3>\n<p>Nagietek jest znany ze swoich w\u0142a\u015bciwo\u015bci przeciwzapalnych i przeciwbakteryjnych. Pomaga zmniejsza\u0107 zaczerwienienie i obrz\u0119k sk\u00f3ry, a tak\u017ce wspiera procesy regeneracyjne.<\/p>\n<h3>Olejek z drzewa herbacianego<\/h3>\n<p>Olejek z drzewa herbacianego ma silne dzia\u0142anie antyseptyczne, co pomaga w walce z infekcjami bakteryjnymi i grzybicznymi. Ponadto, \u0142agodzi sw\u0119dzenie i podra\u017cnienia sk\u00f3ry.<\/p>\n<h3>Mas\u0142o shea<\/h3>\n<p>Mas\u0142o shea jest bogate w witaminy A i E, kt\u00f3re od\u017cywiaj\u0105 sk\u00f3r\u0119 i pomagaj\u0105 w jej regeneracji. Dzia\u0142a r\u00f3wnie\u017c jako naturalny \u015brodek nawil\u017caj\u0105cy, kt\u00f3ry zapobiega sucho\u015bci sk\u00f3ry.<\/p>\n<h3>Olej kokosowy<\/h3>\n<p>Olej kokosowy ma w\u0142a\u015bciwo\u015bci nawil\u017caj\u0105ce i antybakteryjne. Pomaga zmi\u0119kcza\u0107 sk\u00f3r\u0119 i redukowa\u0107 \u0142uszczenie si\u0119 nask\u00f3rka.<\/p>\n<h3>Witamina E<\/h3>\n<p>Witamina E jest silnym przeciwutleniaczem, kt\u00f3ry chroni sk\u00f3r\u0119 przed dzia\u0142aniem wolnych rodnik\u00f3w i wspomaga procesy gojenia si\u0119 ran.<\/p>\n<h2>Efekty Yenki Derm i ich charakterystyka<\/h2>\n<p>Regularne stosowanie kremu Yenki Derm mo\u017ce przynie\u015b\u0107 liczne korzy\u015bci dla sk\u00f3ry dotkni\u0119tej \u0142uszczyc\u0105. Oto niekt\u00f3re z efekt\u00f3w, jakie mo\u017cna zaobserwowa\u0107:<\/p>\n<h3>Redukcja zaczerwienienia i stan\u00f3w zapalnych<\/h3>\n<p>Dzi\u0119ki dzia\u0142aniu przeciwzapalnemu i \u0142agodz\u0105cemu, Yenki Derm pomaga zmniejsza\u0107 zaczerwienienie i stany zapalne sk\u00f3ry. Regularne stosowanie kremu mo\u017ce prowadzi\u0107 do znacznego zmniejszenia objaw\u00f3w \u0142uszczycy.<\/p>\n<h3>Nawil\u017cenie i od\u017cywienie sk\u00f3ry<\/h3>\n<p>Sk\u0142adniki nawil\u017caj\u0105ce i od\u017cywcze zawarte w kremie, takie jak mas\u0142o shea i olej kokosowy, pomagaj\u0105 utrzyma\u0107 odpowiedni poziom nawil\u017cenia sk\u00f3ry. Dzi\u0119ki temu sk\u00f3ra staje si\u0119 bardziej elastyczna i mniej podatna na p\u0119kni\u0119cia.<\/p>\n<h3>Regeneracja nask\u00f3rka<\/h3>\n<p>Yenki Derm wspomaga procesy regeneracyjne sk\u00f3ry, co przyspiesza gojenie si\u0119 ran i redukcj\u0119 \u0142uszczenia si\u0119 nask\u00f3rka. Regularne stosowanie kremu mo\u017ce prowadzi\u0107 do poprawy og\u00f3lnego stanu sk\u00f3ry.<\/p>\n<h3>\u0141agodzenie sw\u0119dzenia i podra\u017cnie\u0144<\/h3>\n<p>Dzia\u0142anie \u0142agodz\u0105ce sk\u0142adnik\u00f3w, takich jak olejek z drzewa herbacianego, pomaga zmniejsza\u0107 uczucie sw\u0119dzenia i podra\u017cnienia sk\u00f3ry. Dzi\u0119ki temu pacjenci odczuwaj\u0105 wi\u0119kszy komfort i popraw\u0119 jako\u015bci \u017cycia.<\/p>\n<h2>Ryzyko skutk\u00f3w ubocznych<\/h2>\n<p>Yenki Derm zosta\u0142 opracowany z my\u015bl\u0105 o minimalizacji ryzyka skutk\u00f3w ubocznych. Dzi\u0119ki zastosowaniu naturalnych sk\u0142adnik\u00f3w, krem jest bezpieczny dla wi\u0119kszo\u015bci u\u017cytkownik\u00f3w. Ryzyko wyst\u0105pienia dzia\u0142a\u0144 niepo\u017c\u0105danych jest niskie, jednak\u017ce w niekt\u00f3rych przypadkach mog\u0105 wyst\u0105pi\u0107 reakcje alergiczne. Zawsze warto przeprowadzi\u0107 test sk\u00f3rny przed rozpocz\u0119ciem regularnego stosowania kremu.<\/p>\n<p>Yenki Derm to skuteczny krem na \u0142uszczyc\u0119, kt\u00f3ry dzi\u0119ki naturalnym sk\u0142adnikom oferuje niezawodn\u0105 pomoc w \u0142agodzeniu objaw\u00f3w choroby. Regularne stosowanie kremu mo\u017ce przynie\u015b\u0107 znaczn\u0105 popraw\u0119 stanu sk\u00f3ry i jako\u015bci \u017cycia pacjent\u00f3w, przy minimalnym ryzyku skutk\u00f3w ubocznych.<\/p>\n<\/div>\n<\/div>\n<\/div>\n<\/div>\n<div class=\"mt-1 flex gap-3 empty:hidden -ml-2\">\n<div class=\"items-center justify-start rounded-xl p-1 z-10 -mt-1 bg-token-main-surface-primary md:absolute md:border md:border-token-border-light flex\"><\/div>\n<\/div>\n<\/div>\n<\/div>\n<\/div>\n<\/div>\n<\/div>\n<div class=\"w-full text-token-text-primary\" dir=\"auto\" data-testid=\"conversation-turn-5\" data-scroll-anchor=\"true\">\n<div class=\"text-base py-[18px] px-3 md:px-4 m-auto md:px-5 lg:px-1 xl:px-5\">\n<div class=\"mx-auto flex flex-1 gap-4 text-base md:gap-5 lg:gap-6 md:max-w-3xl lg:max-w-[40rem] xl:max-w-[48rem]\">\n<div class=\"flex-shrink-0 flex flex-col relative items-end\">\n<div>\n<div class=\"pt-0\">\n<div class=\"gizmo-bot-avatar flex h-8 w-8 items-center justify-center overflow-hidden rounded-full\">\n<div class=\"relative p-1 rounded-sm flex items-center justify-center bg-token-main-surface-primary text-token-text-primary h-8 w-8\" style=\"text-align: center;\"><a href=\"https:\/\/mandarv.com\/TtiS?sub1=sub1&amp;sub2=sub2&amp;sub3=sub3&amp;sub4=sub4&amp;sub5=sub5\"><button>www.yenki-derm.pl<\/button><\/a><\/div>\n<\/div>\n<\/div>\n<\/div>\n<\/div>\n<div class=\"group\/conversation-turn relative flex w-full min-w-0 flex-col agent-turn\">\n<div class=\"flex-col gap-1 md:gap-3\">\n<div class=\"flex flex-grow flex-col max-w-full\">\n<div class=\"min-h-[20px] text-message flex w-full flex-col items-end gap-2 whitespace-pre-wrap break-words [.text-message+&amp;]:mt-5 overflow-x-auto\" dir=\"auto\" data-message-author-role=\"assistant\" data-message-id=\"96443d2f-6fe3-42ee-927d-6fe7a3a90d04\">\n<div class=\"flex w-full flex-col gap-1 empty:hidden first:pt-[3px]\">\n<div class=\"markdown prose w-full break-words dark:prose-invert light\">\n<h2>Opinie klient\u00f3w o Yenki Derm: fora po\u015bwi\u0119cone zdrowiu<\/h2>\n<p>Yenki Derm zyskuje coraz wi\u0119ksz\u0105 popularno\u015b\u0107 w Polsce, a jego skuteczno\u015b\u0107 i naturalne sk\u0142adniki przyci\u0105gaj\u0105 uwag\u0119 wielu os\u00f3b cierpi\u0105cych na \u0142uszczyc\u0119. Fora internetowe po\u015bwi\u0119cone zdrowiu s\u0105 pe\u0142ne pozytywnych opinii na temat tego kremu, co dodatkowo \u015bwiadczy o jego efektywno\u015bci. Wi\u0119kszo\u015b\u0107 u\u017cytkownik\u00f3w opisuje pozytywne dzia\u0142anie preparatu oraz jego przyst\u0119pn\u0105 cen\u0119. Oto dwa przyk\u0142ady opinii:<\/p>\n<ol>\n<li><strong>Anna z Krakowa<\/strong>: &#8222;Stosuj\u0119 Yenki Derm od kilku miesi\u0119cy i jestem bardzo zadowolona z efekt\u00f3w. Moja sk\u00f3ra sta\u0142a si\u0119 bardziej nawil\u017cona, a objawy \u0142uszczycy znacznie si\u0119 zmniejszy\u0142y. Polecam wszystkim, kt\u00f3rzy borykaj\u0105 si\u0119 z podobnymi problemami.&#8221;<\/li>\n<li><strong>Marek z Warszawy<\/strong>: &#8222;Yenki Derm to rewelacyjny krem! Po wielu latach walki z \u0142uszczyc\u0105, wreszcie znalaz\u0142em co\u015b, co naprawd\u0119 dzia\u0142a. \u0141atwo si\u0119 wch\u0142ania i nie pozostawia t\u0142ustej warstwy. Dodatkowo, cena jest bardzo przyst\u0119pna.&#8221;<\/li>\n<\/ol>\n<h2>Spos\u00f3b podawania i dawkowanie<\/h2>\n<p>Stosowanie kremu Yenki Derm jest bardzo proste. Wystarczy nanie\u015b\u0107 niewielk\u0105 ilo\u015b\u0107 kremu na oczyszczon\u0105 sk\u00f3r\u0119 w miejscach dotkni\u0119tych \u0142uszczyc\u0105. Zaleca si\u0119 stosowanie kremu dwa razy dziennie \u2013 rano i wieczorem. Aby uzyska\u0107 najlepsze efekty, wa\u017cne jest regularne stosowanie preparatu. Przed pierwszym u\u017cyciem warto przeprowadzi\u0107 test sk\u00f3rny, aby upewni\u0107 si\u0119, \u017ce nie wyst\u0105pi\u0105 \u017cadne reakcje alergiczne.<\/p>\n<h2>Kup teraz Yenki Derm z dostaw\u0105<\/h2>\n<p>Zakup Yenki Derm jest bardzo \u0142atwy dzi\u0119ki mo\u017cliwo\u015bci zam\u00f3wienia online. Nie ma potrzeby op\u0142acania towaru z g\u00f3ry \u2013 p\u0142atno\u015b\u0107 jest dokonywana dopiero przy odbiorze, co gwarantuje, \u017ce otrzymasz oryginalny produkt bez ryzyka. Proces zam\u00f3wienia jest szybki i prosty:<\/p>\n<ol>\n<li>Wejd\u017a na oficjaln\u0105 stron\u0119 producenta.<\/li>\n<li>Wybierz ilo\u015b\u0107 kremu, kt\u00f3r\u0105 chcesz zam\u00f3wi\u0107.<\/li>\n<li>Podaj swoje dane kontaktowe i adres dostawy.<\/li>\n<li>Potwierd\u017a zam\u00f3wienie telefonicznie z konsultantem, kt\u00f3ry mo\u017ce r\u00f3wnie\u017c udzieli\u0107 informacji o dost\u0119pnych promocjach.<\/li>\n<\/ol>\n<p>Dostawa zajmuje zazwyczaj 3-4 dni robocze na terenie Polski, co pozwala szybko rozpocz\u0105\u0107 kuracj\u0119.<\/p>\n<p style=\"text-align: center;\"><a href=\"https:\/\/mandarv.com\/TtiS?sub1=sub1&amp;sub2=sub2&amp;sub3=sub3&amp;sub4=sub4&amp;sub5=sub5\"><button>Zakup na stronie producenta (-50%)<\/button><\/a><\/p>\n<h2>Por\u00f3wnanie ofert: ceny i dost\u0119pno\u015b\u0107 Yenki Derm<\/h2>\n<p>Producent Yenki Derm stawia na dost\u0119pno\u015b\u0107 swojego produktu dla szerokiego grona klient\u00f3w. Krem mo\u017cna zakupi\u0107 bezpo\u015brednio na oficjalnej stronie producenta, co eliminuje po\u015brednik\u00f3w i dodatkowe koszty. Dzi\u0119ki temu cena jest przyst\u0119pna, a jako\u015b\u0107 gwarantowana.<\/p>\n<p>Regularnie na stronie producenta pojawiaj\u0105 si\u0119 r\u00f3\u017cne promocje i zni\u017cki, dlatego warto okresowo sprawdza\u0107 ich aktualno\u015b\u0107. Warto podkre\u015bli\u0107, \u017ce Yenki Derm nie jest dost\u0119pny w stacjonarnych aptekach, co dodatkowo obni\u017ca jego cen\u0119, umo\u017cliwiaj\u0105c bezpo\u015bredni zakup bez dodatkowych op\u0142at.<\/p>\n<p>Yenki Derm to skuteczny krem na \u0142uszczyc\u0119, kt\u00f3ry dzi\u0119ki naturalnym sk\u0142adnikom i przyst\u0119pnej cenie zdobywa coraz wi\u0119ksz\u0105 popularno\u015b\u0107 w\u015br\u00f3d u\u017cytkownik\u00f3w. Opinie klient\u00f3w potwierdzaj\u0105 jego efektywno\u015b\u0107, a mo\u017cliwo\u015b\u0107 \u0142atwego zakupu online oraz szybka dostawa czyni\u0105 go wygodnym rozwi\u0105zaniem dla ka\u017cdego, kto potrzebuje skutecznej pomocy w walce z \u0142uszczyc\u0105.<\/p>\n<\/div>\n<\/div>\n<\/div>\n<\/div>\n<\/div>\n<\/div>\n<\/div>\n<\/div>\n<\/div>\n","protected":false},"excerpt":{"rendered":"<p style=\"text-align: center;\"><a href=\"https:\/\/mandarv.com\/TtiS?sub1=sub1&amp;sub2=sub2&amp;sub3=sub3&amp;sub4=sub4&amp;sub5=sub5\"><button>Kup teraz<\/button><\/a><\/p>\n<p>SKU:\u00a0<span class=\"sku\">789.005.891<\/span><\/p>\n<hr \/>\n<p><small>Produkt sprzedawany jest wy\u0142\u0105cznie za po\u015brednictwem oficjalnej strony producenta, id\u017a i kupuj bezpiecznie!<\/small><\/p>\n","protected":false},"featured_media":1032,"comment_status":"open","ping_status":"closed","template":"","meta":[],"product_brand":[],"product_cat":[15],"product_tag":[],"class_list":{"0":"post-1031","1":"product","2":"type-product","3":"status-publish","4":"has-post-thumbnail","6":"product_cat-supl","7":"thunk-woo-product-list","8":"opn-qv-enable","9":"top-store-woo-hover-","10":"top-store-single-product-tab-horizontal","11":"top-store-shadow-","12":"top-store-shadow-hover-","14":"first","15":"instock","16":"sale","17":"shipping-taxable","18":"purchasable","19":"product-type-simple"},"yoast_head":"<!-- This site is optimized with the Yoast SEO plugin v27.4 - https:\/\/yoast.com\/product\/yoast-seo-wordpress\/ -->\n<title>Yenki Derm - kup suplement, cena w aptece, sk\u0142ad, dzia\u0142anie<\/title>\n<meta name=\"robots\" content=\"index, follow, max-snippet:-1, max-image-preview:large, max-video-preview:-1\" \/>\n<link rel=\"canonical\" href=\"https:\/\/lekarzeopole.pl\/wordpress\/product\/yenki-derm\/\" \/>\n<meta property=\"og:locale\" content=\"pl_PL\" \/>\n<meta property=\"og:type\" content=\"article\" \/>\n<meta property=\"og:title\" content=\"Yenki Derm - kup suplement, cena w aptece, sk\u0142ad, dzia\u0142anie\" \/>\n<meta property=\"og:description\" content=\"Kup teraz SKU:\u00a0789.005.891    Produkt sprzedawany jest wy\u0142\u0105cznie za po\u015brednictwem oficjalnej strony producenta, id\u017a i kupuj bezpiecznie!\" \/>\n<meta property=\"og:url\" content=\"https:\/\/lekarzeopole.pl\/wordpress\/product\/yenki-derm\/\" \/>\n<meta property=\"og:site_name\" content=\"Lekarze Opole\" \/>\n<meta property=\"article:modified_time\" content=\"2025-03-30T18:10:25+00:00\" \/>\n<meta property=\"og:image\" content=\"https:\/\/lekarzeopole.pl\/wordpress\/wp-content\/uploads\/2024\/08\/yenki-derm-2.png\" \/>\n\t<meta property=\"og:image:width\" content=\"300\" \/>\n\t<meta property=\"og:image:height\" content=\"300\" \/>\n\t<meta property=\"og:image:type\" content=\"image\/png\" \/>\n<meta name=\"twitter:card\" content=\"summary_large_image\" \/>\n<meta name=\"twitter:label1\" content=\"Szacowany czas czytania\" \/>\n\t<meta name=\"twitter:data1\" content=\"6 minut\" \/>\n<script type=\"application\/ld+json\" class=\"yoast-schema-graph\">{\"@context\":\"https:\\\/\\\/schema.org\",\"@graph\":[{\"@type\":\"WebPage\",\"@id\":\"https:\\\/\\\/lekarzeopole.pl\\\/wordpress\\\/product\\\/yenki-derm\\\/\",\"url\":\"https:\\\/\\\/lekarzeopole.pl\\\/wordpress\\\/product\\\/yenki-derm\\\/\",\"name\":\"Yenki Derm - kup suplement, cena w aptece, sk\u0142ad, dzia\u0142anie\",\"isPartOf\":{\"@id\":\"https:\\\/\\\/lekarzeopole.pl\\\/wordpress\\\/#website\"},\"primaryImageOfPage\":{\"@id\":\"https:\\\/\\\/lekarzeopole.pl\\\/wordpress\\\/product\\\/yenki-derm\\\/#primaryimage\"},\"image\":{\"@id\":\"https:\\\/\\\/lekarzeopole.pl\\\/wordpress\\\/product\\\/yenki-derm\\\/#primaryimage\"},\"thumbnailUrl\":\"https:\\\/\\\/lekarzeopole.pl\\\/wordpress\\\/wp-content\\\/uploads\\\/2024\\\/08\\\/yenki-derm-2.png\",\"datePublished\":\"2024-08-01T19:16:28+00:00\",\"dateModified\":\"2025-03-30T18:10:25+00:00\",\"breadcrumb\":{\"@id\":\"https:\\\/\\\/lekarzeopole.pl\\\/wordpress\\\/product\\\/yenki-derm\\\/#breadcrumb\"},\"inLanguage\":\"pl-PL\",\"potentialAction\":[{\"@type\":\"ReadAction\",\"target\":[\"https:\\\/\\\/lekarzeopole.pl\\\/wordpress\\\/product\\\/yenki-derm\\\/\"]}]},{\"@type\":\"ImageObject\",\"inLanguage\":\"pl-PL\",\"@id\":\"https:\\\/\\\/lekarzeopole.pl\\\/wordpress\\\/product\\\/yenki-derm\\\/#primaryimage\",\"url\":\"https:\\\/\\\/lekarzeopole.pl\\\/wordpress\\\/wp-content\\\/uploads\\\/2024\\\/08\\\/yenki-derm-2.png\",\"contentUrl\":\"https:\\\/\\\/lekarzeopole.pl\\\/wordpress\\\/wp-content\\\/uploads\\\/2024\\\/08\\\/yenki-derm-2.png\",\"width\":300,\"height\":300,\"caption\":\"Yenki Derm\"},{\"@type\":\"BreadcrumbList\",\"@id\":\"https:\\\/\\\/lekarzeopole.pl\\\/wordpress\\\/product\\\/yenki-derm\\\/#breadcrumb\",\"itemListElement\":[{\"@type\":\"ListItem\",\"position\":1,\"name\":\"\u0413\u043b\u0430\u0432\u043d\u0430\u044f \u0441\u0442\u0440\u0430\u043d\u0438\u0446\u0430\",\"item\":\"https:\\\/\\\/lekarzeopole.pl\\\/wordpress\\\/\"},{\"@type\":\"ListItem\",\"position\":2,\"name\":\"Zakup\",\"item\":\"https:\\\/\\\/lekarzeopole.pl\\\/wordpress\\\/\"},{\"@type\":\"ListItem\",\"position\":3,\"name\":\"Yenki Derm\"}]},{\"@type\":\"WebSite\",\"@id\":\"https:\\\/\\\/lekarzeopole.pl\\\/wordpress\\\/#website\",\"url\":\"https:\\\/\\\/lekarzeopole.pl\\\/wordpress\\\/\",\"name\":\"Lekarze Opole\",\"description\":\"\",\"potentialAction\":[{\"@type\":\"SearchAction\",\"target\":{\"@type\":\"EntryPoint\",\"urlTemplate\":\"https:\\\/\\\/lekarzeopole.pl\\\/wordpress\\\/?s={search_term_string}\"},\"query-input\":{\"@type\":\"PropertyValueSpecification\",\"valueRequired\":true,\"valueName\":\"search_term_string\"}}],\"inLanguage\":\"pl-PL\"}]}<\/script>\n<!-- \/ Yoast SEO plugin. -->","yoast_head_json":{"title":"Yenki Derm - kup suplement, cena w aptece, sk\u0142ad, dzia\u0142anie","robots":{"index":"index","follow":"follow","max-snippet":"max-snippet:-1","max-image-preview":"max-image-preview:large","max-video-preview":"max-video-preview:-1"},"canonical":"https:\/\/lekarzeopole.pl\/wordpress\/product\/yenki-derm\/","og_locale":"pl_PL","og_type":"article","og_title":"Yenki Derm - kup suplement, cena w aptece, sk\u0142ad, dzia\u0142anie","og_description":"Kup teraz SKU:\u00a0789.005.891    Produkt sprzedawany jest wy\u0142\u0105cznie za po\u015brednictwem oficjalnej strony producenta, id\u017a i kupuj bezpiecznie!","og_url":"https:\/\/lekarzeopole.pl\/wordpress\/product\/yenki-derm\/","og_site_name":"Lekarze Opole","article_modified_time":"2025-03-30T18:10:25+00:00","og_image":[{"width":300,"height":300,"url":"https:\/\/lekarzeopole.pl\/wordpress\/wp-content\/uploads\/2024\/08\/yenki-derm-2.png","type":"image\/png"}],"twitter_card":"summary_large_image","twitter_misc":{"Szacowany czas czytania":"6 minut"},"schema":{"@context":"https:\/\/schema.org","@graph":[{"@type":"WebPage","@id":"https:\/\/lekarzeopole.pl\/wordpress\/product\/yenki-derm\/","url":"https:\/\/lekarzeopole.pl\/wordpress\/product\/yenki-derm\/","name":"Yenki Derm - kup suplement, cena w aptece, sk\u0142ad, dzia\u0142anie","isPartOf":{"@id":"https:\/\/lekarzeopole.pl\/wordpress\/#website"},"primaryImageOfPage":{"@id":"https:\/\/lekarzeopole.pl\/wordpress\/product\/yenki-derm\/#primaryimage"},"image":{"@id":"https:\/\/lekarzeopole.pl\/wordpress\/product\/yenki-derm\/#primaryimage"},"thumbnailUrl":"https:\/\/lekarzeopole.pl\/wordpress\/wp-content\/uploads\/2024\/08\/yenki-derm-2.png","datePublished":"2024-08-01T19:16:28+00:00","dateModified":"2025-03-30T18:10:25+00:00","breadcrumb":{"@id":"https:\/\/lekarzeopole.pl\/wordpress\/product\/yenki-derm\/#breadcrumb"},"inLanguage":"pl-PL","potentialAction":[{"@type":"ReadAction","target":["https:\/\/lekarzeopole.pl\/wordpress\/product\/yenki-derm\/"]}]},{"@type":"ImageObject","inLanguage":"pl-PL","@id":"https:\/\/lekarzeopole.pl\/wordpress\/product\/yenki-derm\/#primaryimage","url":"https:\/\/lekarzeopole.pl\/wordpress\/wp-content\/uploads\/2024\/08\/yenki-derm-2.png","contentUrl":"https:\/\/lekarzeopole.pl\/wordpress\/wp-content\/uploads\/2024\/08\/yenki-derm-2.png","width":300,"height":300,"caption":"Yenki Derm"},{"@type":"BreadcrumbList","@id":"https:\/\/lekarzeopole.pl\/wordpress\/product\/yenki-derm\/#breadcrumb","itemListElement":[{"@type":"ListItem","position":1,"name":"\u0413\u043b\u0430\u0432\u043d\u0430\u044f \u0441\u0442\u0440\u0430\u043d\u0438\u0446\u0430","item":"https:\/\/lekarzeopole.pl\/wordpress\/"},{"@type":"ListItem","position":2,"name":"Zakup","item":"https:\/\/lekarzeopole.pl\/wordpress\/"},{"@type":"ListItem","position":3,"name":"Yenki Derm"}]},{"@type":"WebSite","@id":"https:\/\/lekarzeopole.pl\/wordpress\/#website","url":"https:\/\/lekarzeopole.pl\/wordpress\/","name":"Lekarze Opole","description":"","potentialAction":[{"@type":"SearchAction","target":{"@type":"EntryPoint","urlTemplate":"https:\/\/lekarzeopole.pl\/wordpress\/?s={search_term_string}"},"query-input":{"@type":"PropertyValueSpecification","valueRequired":true,"valueName":"search_term_string"}}],"inLanguage":"pl-PL"}]}},"_links":{"self":[{"href":"https:\/\/lekarzeopole.pl\/wordpress\/wp-json\/wp\/v2\/product\/1031","targetHints":{"allow":["GET"]}}],"collection":[{"href":"https:\/\/lekarzeopole.pl\/wordpress\/wp-json\/wp\/v2\/product"}],"about":[{"href":"https:\/\/lekarzeopole.pl\/wordpress\/wp-json\/wp\/v2\/types\/product"}],"replies":[{"embeddable":true,"href":"https:\/\/lekarzeopole.pl\/wordpress\/wp-json\/wp\/v2\/comments?post=1031"}],"wp:featuredmedia":[{"embeddable":true,"href":"https:\/\/lekarzeopole.pl\/wordpress\/wp-json\/wp\/v2\/media\/1032"}],"wp:attachment":[{"href":"https:\/\/lekarzeopole.pl\/wordpress\/wp-json\/wp\/v2\/media?parent=1031"}],"wp:term":[{"taxonomy":"product_brand","embeddable":true,"href":"https:\/\/lekarzeopole.pl\/wordpress\/wp-json\/wp\/v2\/product_brand?post=1031"},{"taxonomy":"product_cat","embeddable":true,"href":"https:\/\/lekarzeopole.pl\/wordpress\/wp-json\/wp\/v2\/product_cat?post=1031"},{"taxonomy":"product_tag","embeddable":true,"href":"https:\/\/lekarzeopole.pl\/wordpress\/wp-json\/wp\/v2\/product_tag?post=1031"}],"curies":[{"name":"wp","href":"https:\/\/api.w.org\/{rel}","templated":true}]}}