{"id":103,"date":"2024-02-02T10:40:35","date_gmt":"2024-02-02T10:40:35","guid":{"rendered":"https:\/\/lekarzeopole.pl\/wordpress\/?post_type=product&#038;p=103"},"modified":"2025-02-05T17:30:38","modified_gmt":"2025-02-05T17:30:38","slug":"cardio-a","status":"publish","type":"product","link":"https:\/\/lekarzeopole.pl\/wordpress\/product\/cardio-a\/","title":{"rendered":"Cardio A"},"content":{"rendered":"<div class=\"w-full text-token-text-primary\" data-testid=\"conversation-turn-3\">\n<div class=\"px-4 py-2 justify-center text-base md:gap-6 m-auto\">\n<div class=\"flex flex-1 text-base mx-auto gap-3 md:px-5 lg:px-1 xl:px-5 md:max-w-3xl lg:max-w-[40rem] xl:max-w-[48rem] group\">\n<div class=\"relative flex w-full flex-col lg:w-[calc(100%-115px)] agent-turn\">\n<div class=\"flex-col gap-1 md:gap-3\">\n<div class=\"flex flex-grow flex-col max-w-full\">\n<div class=\"min-h-[20px] text-message flex flex-col items-start gap-3 whitespace-pre-wrap break-words [.text-message+&amp;]:mt-5 overflow-x-auto\" data-message-author-role=\"assistant\" data-message-id=\"16a24299-ed44-4009-8f29-f24615a067b8\">\n<div class=\"markdown prose w-full break-words dark:prose-invert light\">\n<p>Ostatnimi czasy, wiele os\u00f3b zwraca uwag\u0119 na swoje zdrowie i stara si\u0119 dba\u0107 o swoje serce. Jednak nie zawsze jest to \u0142atwe, zw\u0142aszcza w dzisiejszym zabieganym \u015bwiecie. To w\u0142a\u015bnie dlatego suplementy diety takie jak Cardio A zyskuj\u0105 na popularno\u015bci. Dzi\u0119ki swojej naturalnej kompozycji i skuteczno\u015bci, Cardio A sta\u0142o si\u0119 niezast\u0105pionym narz\u0119dziem w walce o zdrowe serce i og\u00f3lne samopoczucie.<\/p>\n<h2>Wskazania do stosowania suplementu diety Cardio A<\/h2>\n<table style=\"height: 146px;\" width=\"1175\">\n<thead>\n<tr>\n<th>Wskazania<\/th>\n<\/tr>\n<\/thead>\n<tbody>\n<tr>\n<td>Pomaga wzmocni\u0107 \u015bcianki naczy\u0144 krwiono\u015bnych<\/td>\n<\/tr>\n<tr>\n<td>Pomaga normalizowa\u0107 ci\u015bnienie krwi<\/td>\n<\/tr>\n<tr>\n<td>Walczy z rozwojem chor\u00f3b<\/td>\n<\/tr>\n<tr>\n<td>Poprawia og\u00f3lne samopoczucie<\/td>\n<\/tr>\n<\/tbody>\n<\/table>\n<p>Suplement Cardio A zosta\u0142 stworzony z my\u015bl\u0105 o tych, kt\u00f3rzy pragn\u0105 utrzyma\u0107 zdrowe serce i cieszy\u0107 si\u0119 aktywnym trybem \u017cycia. Jego naturalne sk\u0142adniki pomagaj\u0105 wzmocni\u0107 \u015bcianki naczy\u0144 krwiono\u015bnych, co jest kluczowe dla utrzymania prawid\u0142owego przep\u0142ywu krwi. Dodatkowo, regularne stosowanie Cardio A pomaga normalizowa\u0107 ci\u015bnienie krwi, co jest wa\u017cne w zapobieganiu wielu chorobom serca.<\/p>\n<h2>Opis dodatku do \u017cywno\u015bci Cardio A<\/h2>\n<p>Cardio A to suplement diety o unikalnej formule, kt\u00f3ra zawiera tylko naturalne sk\u0142adniki. Jego g\u0142\u00f3wnym celem jest wsparcie zdrowia serca i uk\u0142adu kr\u0105\u017cenia. Suplement jest dost\u0119pny bez recepty, co czyni go dost\u0119pnym dla ka\u017cdego, kto pragnie zadba\u0107 o swoje serce.<\/p>\n<p style=\"text-align: center;\"><a href=\"http:\/\/tl-track.com\/tracker\/uYeE\"><button>www.cardio-a.pl<\/button><\/a><\/p>\n<h2>Sk\u0142ad i dzia\u0142anie sk\u0142adnik\u00f3w Cardio A<\/h2>\n<p>Sk\u0142ad Cardio A opiera si\u0119 na naturalnych substancjach, kt\u00f3re s\u0105 znane ze swojego korzystnego wp\u0142ywu na serce i uk\u0142ad kr\u0105\u017cenia. Oto niekt\u00f3re z g\u0142\u00f3wnych sk\u0142adnik\u00f3w i ich dzia\u0142anie:<\/p>\n<ol>\n<li><strong>Ekstrakt z czosnku<\/strong>: Czosnek jest znany ze swoich w\u0142a\u015bciwo\u015bci rozszerzaj\u0105cych naczynia krwiono\u015bne, co pomaga w poprawie przep\u0142ywu krwi i obni\u017ceniu ci\u015bnienia krwi.<\/li>\n<li><strong>Ostropest plamisty<\/strong>: Ten sk\u0142adnik pomaga w regeneracji w\u0105troby, co wp\u0142ywa pozytywnie na og\u00f3lne zdrowie organizmu i uk\u0142adu kr\u0105\u017cenia.<\/li>\n<li><strong>Witamina C<\/strong>: Witamina C jest znana ze swojego dzia\u0142ania przeciwutleniaj\u0105cego, kt\u00f3re pomaga w ochronie \u015bcianek naczy\u0144 krwiono\u015bnych przed uszkodzeniami.<\/li>\n<li><strong>Magnez<\/strong>: Magnez pomaga w utrzymaniu prawid\u0142owego rytmu serca i obni\u017ca ryzyko wyst\u0105pienia arytmii.<\/li>\n<\/ol>\n<h2>Efekty Cardio A i ich charakterystyka<\/h2>\n<p>Regularne stosowanie suplementu Cardio A mo\u017ce przynie\u015b\u0107 wiele korzy\u015bci. Oto niekt\u00f3re z nich:<\/p>\n<ul>\n<li>Poprawa og\u00f3lnego samopoczucia i energii<\/li>\n<li>Obni\u017cenie ryzyka wyst\u0105pienia chor\u00f3b serca<\/li>\n<li>Zmniejszenie ci\u015bnienia krwi<\/li>\n<li>Poprawa przep\u0142ywu krwi<\/li>\n<li>Wzmocnienie naczy\u0144 krwiono\u015bnych<\/li>\n<\/ul>\n<p>Dzia\u0142anie Cardio A jest stopniowe, dlatego zaleca si\u0119 regularne stosowanie przez d\u0142u\u017cszy okres czasu, aby osi\u0105gn\u0105\u0107 najlepsze rezultaty.<\/p>\n<h2>Ryzyko skutk\u00f3w ubocznych<\/h2>\n<p>Suplement Cardio A posiada naturaln\u0105 kompozycj\u0119, co minimalizuje ryzyko wyst\u0105pienia skutk\u00f3w ubocznych. Jednak jak zawsze, przed rozpocz\u0119ciem stosowania jakiegokolwiek suplementu diety, zawsze warto skonsultowa\u0107 si\u0119 z lekarzem, zw\u0142aszcza je\u015bli masz ju\u017c jakie\u015b istniej\u0105ce schorzenia lub przyjmujesz inne leki.<\/p>\n<h2>Opinie klient\u00f3w o Cardio A: fora po\u015bwi\u0119cone zdrowiu<\/h2>\n<p>W Polsce, fora internetowe po\u015bwi\u0119cone zdrowiu i suplementacji zyskuj\u0105 coraz wi\u0119ksz\u0105 popularno\u015b\u0107. Cardio A jest jednym z temat\u00f3w, kt\u00f3ry przyci\u0105ga uwag\u0119 u\u017cytkownik\u00f3w. Wielu z nich dzieli si\u0119 swoimi opiniami na temat tego suplementu i jego skuteczno\u015bci.<\/p>\n<p>Wi\u0119kszo\u015b\u0107 opinii jest bardzo pozytywna. U\u017cytkownicy opisuj\u0105 pozytywny wp\u0142yw Cardio A na ich zdrowie, zw\u0142aszcza je\u015bli chodzi o popraw\u0119 og\u00f3lnego samopoczucia i obni\u017cenie ci\u015bnienia krwi. Jednym z atut\u00f3w tego suplementu jest r\u00f3wnie\u017c jego dost\u0119pno\u015b\u0107 bez recepty, co u\u0142atwia jego zdobycie.<\/p>\n<p>Cardio A to naturalna pomoc w dbaniu o zdrowie serca i uk\u0142adu kr\u0105\u017cenia. Dzi\u0119ki swojej skuteczno\u015bci i minimalnemu ryzyku skutk\u00f3w ubocznych, sta\u0142 si\u0119 popularnym wyborem w\u015br\u00f3d tych, kt\u00f3rzy pragn\u0105 zadba\u0107 o swoje serce i cieszy\u0107 si\u0119 dobr\u0105 kondycj\u0105. Opinie u\u017cytkownik\u00f3w oraz efekty stosowania Cardio A potwierdzaj\u0105 jego skuteczno\u015b\u0107 i warto\u015b\u0107 dla zdrowia.<\/p>\n<\/div>\n<\/div>\n<\/div>\n<\/div>\n<\/div>\n<\/div>\n<\/div>\n<\/div>\n<div class=\"w-full text-token-text-primary\" data-testid=\"conversation-turn-5\">\n<div class=\"px-4 py-2 justify-center text-base md:gap-6 m-auto\">\n<div class=\"flex flex-1 text-base mx-auto gap-3 md:px-5 lg:px-1 xl:px-5 md:max-w-3xl lg:max-w-[40rem] xl:max-w-[48rem] group final-completion\">\n<div class=\"relative flex w-full flex-col lg:w-[calc(100%-115px)] agent-turn\">\n<div class=\"flex-col gap-1 md:gap-3\">\n<div class=\"flex flex-grow flex-col max-w-full\">\n<div class=\"min-h-[20px] text-message flex flex-col items-start gap-3 whitespace-pre-wrap break-words [.text-message+&amp;]:mt-5 overflow-x-auto\" data-message-author-role=\"assistant\" data-message-id=\"43fe4df7-3f01-440c-a6c4-d29560b840b3\">\n<div class=\"markdown prose w-full break-words dark:prose-invert light\">\n<h2>Ulotka do\u0142\u0105czona do Cardio A<\/h2>\n<p>Ulotka to wa\u017cne \u017ar\u00f3d\u0142o informacji dla ka\u017cdego, kto zdecyduje si\u0119 na stosowanie suplementu diety Cardio A. Zawiera ona istotne informacje dotycz\u0105ce wskaza\u0144, przeciwwskaza\u0144, sposobu podawania i dawkowania.<\/p>\n<h2>Wskazania i przeciwwskazania<\/h2>\n<p>Wskazania do stosowania Cardio A zosta\u0142y ju\u017c om\u00f3wione powy\u017cej, jednak warto podkre\u015bli\u0107, \u017ce suplement ten jest przeznaczony g\u0142\u00f3wnie dla os\u00f3b, kt\u00f3re chc\u0105 zadba\u0107 o swoje serce i uk\u0142ad kr\u0105\u017cenia. Przeciwwskazania r\u00f3wnie\u017c s\u0105 istotne, i cho\u0107 Cardio A jest naturalnym suplementem, zawsze warto skonsultowa\u0107 si\u0119 z lekarzem, zw\u0142aszcza je\u015bli masz jakiekolwiek obawy lub istniej\u0105ce schorzenia.<\/p>\n<h2>Spos\u00f3b podawania i dawkowanie<\/h2>\n<p>Spos\u00f3b podawania oraz dawkowanie Cardio A s\u0105 \u0142atwe i wygodne. Zazwyczaj zaleca si\u0119 przyjmowa\u0107 1 kapsu\u0142k\u0119 raz dziennie, najlepiej rano przed posi\u0142kiem. Zawsze warto przeczyta\u0107 ulotk\u0119 do\u0142\u0105czon\u0105 do opakowania, aby upewni\u0107 si\u0119, \u017ce stosujesz produkt zgodnie z zaleceniami producenta.<\/p>\n<h2>Porady od lekarzy<\/h2>\n<p>Oto kilka og\u00f3lnych wskaz\u00f3wek, kt\u00f3re mog\u0105 pom\u00f3c w dbaniu o zdrowe serce:<\/p>\n<ul>\n<li>Zachowuj zdrow\u0105 diet\u0119 bogat\u0105 w warzywa, owoce, pe\u0142noziarniste produkty, ryby i chude mi\u0119so.<\/li>\n<li>Regularnie uprawiaj aktywno\u015b\u0107 fizyczn\u0105, np. spaceruj, biegaj, p\u0142ywaj lub je\u017adzij na rowerze.<\/li>\n<li>Unikaj nadmiernego spo\u017cycia soli, t\u0142uszcz\u00f3w nasyconych i trans.<\/li>\n<li>Regularnie kontroluj ci\u015bnienie krwi i poziom cholesterolu.<\/li>\n<li>Stosuj si\u0119 do zalece\u0144 lekarza i nie pomijaj regularnych bada\u0144.<\/li>\n<\/ul>\n<p style=\"text-align: center;\"><a href=\"http:\/\/tl-track.com\/tracker\/uYeE\"><button>Zakup na stronie producenta (-50%)<\/button><\/a><\/p>\n<h2>Kup teraz Cardio A z dostaw\u0105<\/h2>\n<p>Zakup suplementu Cardio A jest prosty i wygodny. Wystarczy klikn\u0105\u0107 przycisk &#8222;Kup teraz&#8221; na oficjalnej stronie producenta. W formularzu zam\u00f3wienia wystarczy poda\u0107 swoje imi\u0119 i numer telefonu. Nie ma potrzeby p\u0142acenia z g\u00f3ry \u2013 p\u0142atno\u015b\u0107 jest dokonywana przy dostawie. To gwarantuje, \u017ce otrzymasz oryginalny produkt bez ryzyka.<\/p>\n<p>Dostawa suplementu Cardio A zajmuje zazwyczaj 3-4 dni w Polsce. Po z\u0142o\u017ceniu zam\u00f3wienia, specjalista ds. obs\u0142ugi klienta potwierdzi je telefonicznie. To doskona\u0142a okazja, aby uzyska\u0107 wi\u0119cej informacji na temat ilo\u015bci produktu oraz dost\u0119pnych promocji.<\/p>\n<h2>Por\u00f3wnanie ofert: ceny i dost\u0119pno\u015b\u0107 Cardio A<\/h2>\n<p>Producent Cardio A skupia si\u0119 na zapewnieniu klientom dost\u0119pu do suplementu bez zb\u0119dnych po\u015brednik\u00f3w i dodatkowych op\u0142at. Produkt mo\u017cna zakupi\u0107 bezpo\u015brednio na oficjalnej stronie producenta, co gwarantuje oryginalno\u015b\u0107 i jako\u015b\u0107. Na stronie mo\u017cna r\u00f3wnie\u017c sprawdzi\u0107 dost\u0119pno\u015b\u0107 ewentualnych rabat\u00f3w i promocji.<\/p>\n<p>Cardio A nie jest dost\u0119pny w stacjonarnych aptekach. Jest to \u015bwiadoma decyzja producenta, maj\u0105ca na celu zapewnienie klientom korzystnych warunk\u00f3w zakupu i pe\u0142nej kontroli nad jako\u015bci\u0105 produktu. Przez to, kupuj\u0105c Cardio A bezpo\u015brednio od producenta, masz pewno\u015b\u0107, \u017ce otrzymasz oryginalny produkt i zapewnisz sobie wsparcie dla zdrowia swojego serca.<\/p>\n<\/div>\n<\/div>\n<\/div>\n<\/div>\n<\/div>\n<\/div>\n<\/div>\n<\/div>\n","protected":false},"excerpt":{"rendered":"<p style=\"text-align: center;\"><a href=\"http:\/\/tl-track.com\/tracker\/uYeE\"><button>Kup teraz<\/button><\/a><\/p>\n<p>SKU:\u00a0<span class=\"sku\">729.878.019<\/span><\/p>\n<hr \/>\n<p><small>Produkt sprzedawany jest wy\u0142\u0105cznie za po\u015brednictwem oficjalnej strony producenta, id\u017a i kupuj bezpiecznie!<\/small><\/p>\n","protected":false},"featured_media":104,"comment_status":"open","ping_status":"closed","template":"","meta":[],"product_brand":[],"product_cat":[15],"product_tag":[],"class_list":{"0":"post-103","1":"product","2":"type-product","3":"status-publish","4":"has-post-thumbnail","6":"product_cat-supl","7":"thunk-woo-product-list","8":"opn-qv-enable","9":"top-store-woo-hover-","10":"top-store-single-product-tab-horizontal","11":"top-store-shadow-","12":"top-store-shadow-hover-","14":"first","15":"instock","16":"shipping-taxable","17":"purchasable","18":"product-type-simple"},"yoast_head":"<!-- This site is optimized with the Yoast SEO plugin v27.5 - https:\/\/yoast.com\/product\/yoast-seo-wordpress\/ -->\n<title>Cardio A - kup suplement, cena w aptece, sk\u0142ad, dzia\u0142anie<\/title>\n<meta name=\"robots\" content=\"index, follow, max-snippet:-1, max-image-preview:large, max-video-preview:-1\" \/>\n<link rel=\"canonical\" href=\"https:\/\/lekarzeopole.pl\/wordpress\/product\/cardio-a\/\" \/>\n<meta property=\"og:locale\" content=\"pl_PL\" \/>\n<meta property=\"og:type\" content=\"article\" \/>\n<meta property=\"og:title\" content=\"Cardio A - kup suplement, cena w aptece, sk\u0142ad, dzia\u0142anie\" \/>\n<meta property=\"og:description\" content=\"Kup teraz SKU:\u00a0729.878.019    Produkt sprzedawany jest wy\u0142\u0105cznie za po\u015brednictwem oficjalnej strony producenta, id\u017a i kupuj bezpiecznie!\" \/>\n<meta property=\"og:url\" content=\"https:\/\/lekarzeopole.pl\/wordpress\/product\/cardio-a\/\" \/>\n<meta property=\"og:site_name\" content=\"Lekarze Opole\" \/>\n<meta property=\"article:modified_time\" content=\"2025-02-05T17:30:38+00:00\" \/>\n<meta property=\"og:image\" content=\"https:\/\/lekarzeopole.pl\/wordpress\/wp-content\/uploads\/2024\/02\/cardio-a.png\" \/>\n\t<meta property=\"og:image:width\" content=\"349\" \/>\n\t<meta property=\"og:image:height\" content=\"323\" \/>\n\t<meta property=\"og:image:type\" content=\"image\/png\" \/>\n<meta name=\"twitter:card\" content=\"summary_large_image\" \/>\n<meta name=\"twitter:label1\" content=\"Szacowany czas czytania\" \/>\n\t<meta name=\"twitter:data1\" content=\"6 minut\" \/>\n<script type=\"application\/ld+json\" class=\"yoast-schema-graph\">{\"@context\":\"https:\\\/\\\/schema.org\",\"@graph\":[{\"@type\":\"WebPage\",\"@id\":\"https:\\\/\\\/lekarzeopole.pl\\\/wordpress\\\/product\\\/cardio-a\\\/\",\"url\":\"https:\\\/\\\/lekarzeopole.pl\\\/wordpress\\\/product\\\/cardio-a\\\/\",\"name\":\"Cardio A - kup suplement, cena w aptece, sk\u0142ad, dzia\u0142anie\",\"isPartOf\":{\"@id\":\"https:\\\/\\\/lekarzeopole.pl\\\/wordpress\\\/#website\"},\"primaryImageOfPage\":{\"@id\":\"https:\\\/\\\/lekarzeopole.pl\\\/wordpress\\\/product\\\/cardio-a\\\/#primaryimage\"},\"image\":{\"@id\":\"https:\\\/\\\/lekarzeopole.pl\\\/wordpress\\\/product\\\/cardio-a\\\/#primaryimage\"},\"thumbnailUrl\":\"https:\\\/\\\/lekarzeopole.pl\\\/wordpress\\\/wp-content\\\/uploads\\\/2024\\\/02\\\/cardio-a.png\",\"datePublished\":\"2024-02-02T10:40:35+00:00\",\"dateModified\":\"2025-02-05T17:30:38+00:00\",\"breadcrumb\":{\"@id\":\"https:\\\/\\\/lekarzeopole.pl\\\/wordpress\\\/product\\\/cardio-a\\\/#breadcrumb\"},\"inLanguage\":\"pl-PL\",\"potentialAction\":[{\"@type\":\"ReadAction\",\"target\":[\"https:\\\/\\\/lekarzeopole.pl\\\/wordpress\\\/product\\\/cardio-a\\\/\"]}]},{\"@type\":\"ImageObject\",\"inLanguage\":\"pl-PL\",\"@id\":\"https:\\\/\\\/lekarzeopole.pl\\\/wordpress\\\/product\\\/cardio-a\\\/#primaryimage\",\"url\":\"https:\\\/\\\/lekarzeopole.pl\\\/wordpress\\\/wp-content\\\/uploads\\\/2024\\\/02\\\/cardio-a.png\",\"contentUrl\":\"https:\\\/\\\/lekarzeopole.pl\\\/wordpress\\\/wp-content\\\/uploads\\\/2024\\\/02\\\/cardio-a.png\",\"width\":349,\"height\":323,\"caption\":\"Cardio A\"},{\"@type\":\"BreadcrumbList\",\"@id\":\"https:\\\/\\\/lekarzeopole.pl\\\/wordpress\\\/product\\\/cardio-a\\\/#breadcrumb\",\"itemListElement\":[{\"@type\":\"ListItem\",\"position\":1,\"name\":\"\u0413\u043b\u0430\u0432\u043d\u0430\u044f \u0441\u0442\u0440\u0430\u043d\u0438\u0446\u0430\",\"item\":\"https:\\\/\\\/lekarzeopole.pl\\\/wordpress\\\/\"},{\"@type\":\"ListItem\",\"position\":2,\"name\":\"Zakup\",\"item\":\"https:\\\/\\\/lekarzeopole.pl\\\/wordpress\\\/\"},{\"@type\":\"ListItem\",\"position\":3,\"name\":\"Cardio A\"}]},{\"@type\":\"WebSite\",\"@id\":\"https:\\\/\\\/lekarzeopole.pl\\\/wordpress\\\/#website\",\"url\":\"https:\\\/\\\/lekarzeopole.pl\\\/wordpress\\\/\",\"name\":\"Lekarze Opole\",\"description\":\"\",\"potentialAction\":[{\"@type\":\"SearchAction\",\"target\":{\"@type\":\"EntryPoint\",\"urlTemplate\":\"https:\\\/\\\/lekarzeopole.pl\\\/wordpress\\\/?s={search_term_string}\"},\"query-input\":{\"@type\":\"PropertyValueSpecification\",\"valueRequired\":true,\"valueName\":\"search_term_string\"}}],\"inLanguage\":\"pl-PL\"}]}<\/script>\n<!-- \/ Yoast SEO plugin. -->","yoast_head_json":{"title":"Cardio A - kup suplement, cena w aptece, sk\u0142ad, dzia\u0142anie","robots":{"index":"index","follow":"follow","max-snippet":"max-snippet:-1","max-image-preview":"max-image-preview:large","max-video-preview":"max-video-preview:-1"},"canonical":"https:\/\/lekarzeopole.pl\/wordpress\/product\/cardio-a\/","og_locale":"pl_PL","og_type":"article","og_title":"Cardio A - kup suplement, cena w aptece, sk\u0142ad, dzia\u0142anie","og_description":"Kup teraz SKU:\u00a0729.878.019    Produkt sprzedawany jest wy\u0142\u0105cznie za po\u015brednictwem oficjalnej strony producenta, id\u017a i kupuj bezpiecznie!","og_url":"https:\/\/lekarzeopole.pl\/wordpress\/product\/cardio-a\/","og_site_name":"Lekarze Opole","article_modified_time":"2025-02-05T17:30:38+00:00","og_image":[{"width":349,"height":323,"url":"https:\/\/lekarzeopole.pl\/wordpress\/wp-content\/uploads\/2024\/02\/cardio-a.png","type":"image\/png"}],"twitter_card":"summary_large_image","twitter_misc":{"Szacowany czas czytania":"6 minut"},"schema":{"@context":"https:\/\/schema.org","@graph":[{"@type":"WebPage","@id":"https:\/\/lekarzeopole.pl\/wordpress\/product\/cardio-a\/","url":"https:\/\/lekarzeopole.pl\/wordpress\/product\/cardio-a\/","name":"Cardio A - kup suplement, cena w aptece, sk\u0142ad, dzia\u0142anie","isPartOf":{"@id":"https:\/\/lekarzeopole.pl\/wordpress\/#website"},"primaryImageOfPage":{"@id":"https:\/\/lekarzeopole.pl\/wordpress\/product\/cardio-a\/#primaryimage"},"image":{"@id":"https:\/\/lekarzeopole.pl\/wordpress\/product\/cardio-a\/#primaryimage"},"thumbnailUrl":"https:\/\/lekarzeopole.pl\/wordpress\/wp-content\/uploads\/2024\/02\/cardio-a.png","datePublished":"2024-02-02T10:40:35+00:00","dateModified":"2025-02-05T17:30:38+00:00","breadcrumb":{"@id":"https:\/\/lekarzeopole.pl\/wordpress\/product\/cardio-a\/#breadcrumb"},"inLanguage":"pl-PL","potentialAction":[{"@type":"ReadAction","target":["https:\/\/lekarzeopole.pl\/wordpress\/product\/cardio-a\/"]}]},{"@type":"ImageObject","inLanguage":"pl-PL","@id":"https:\/\/lekarzeopole.pl\/wordpress\/product\/cardio-a\/#primaryimage","url":"https:\/\/lekarzeopole.pl\/wordpress\/wp-content\/uploads\/2024\/02\/cardio-a.png","contentUrl":"https:\/\/lekarzeopole.pl\/wordpress\/wp-content\/uploads\/2024\/02\/cardio-a.png","width":349,"height":323,"caption":"Cardio A"},{"@type":"BreadcrumbList","@id":"https:\/\/lekarzeopole.pl\/wordpress\/product\/cardio-a\/#breadcrumb","itemListElement":[{"@type":"ListItem","position":1,"name":"\u0413\u043b\u0430\u0432\u043d\u0430\u044f \u0441\u0442\u0440\u0430\u043d\u0438\u0446\u0430","item":"https:\/\/lekarzeopole.pl\/wordpress\/"},{"@type":"ListItem","position":2,"name":"Zakup","item":"https:\/\/lekarzeopole.pl\/wordpress\/"},{"@type":"ListItem","position":3,"name":"Cardio A"}]},{"@type":"WebSite","@id":"https:\/\/lekarzeopole.pl\/wordpress\/#website","url":"https:\/\/lekarzeopole.pl\/wordpress\/","name":"Lekarze Opole","description":"","potentialAction":[{"@type":"SearchAction","target":{"@type":"EntryPoint","urlTemplate":"https:\/\/lekarzeopole.pl\/wordpress\/?s={search_term_string}"},"query-input":{"@type":"PropertyValueSpecification","valueRequired":true,"valueName":"search_term_string"}}],"inLanguage":"pl-PL"}]}},"_links":{"self":[{"href":"https:\/\/lekarzeopole.pl\/wordpress\/wp-json\/wp\/v2\/product\/103","targetHints":{"allow":["GET"]}}],"collection":[{"href":"https:\/\/lekarzeopole.pl\/wordpress\/wp-json\/wp\/v2\/product"}],"about":[{"href":"https:\/\/lekarzeopole.pl\/wordpress\/wp-json\/wp\/v2\/types\/product"}],"replies":[{"embeddable":true,"href":"https:\/\/lekarzeopole.pl\/wordpress\/wp-json\/wp\/v2\/comments?post=103"}],"wp:featuredmedia":[{"embeddable":true,"href":"https:\/\/lekarzeopole.pl\/wordpress\/wp-json\/wp\/v2\/media\/104"}],"wp:attachment":[{"href":"https:\/\/lekarzeopole.pl\/wordpress\/wp-json\/wp\/v2\/media?parent=103"}],"wp:term":[{"taxonomy":"product_brand","embeddable":true,"href":"https:\/\/lekarzeopole.pl\/wordpress\/wp-json\/wp\/v2\/product_brand?post=103"},{"taxonomy":"product_cat","embeddable":true,"href":"https:\/\/lekarzeopole.pl\/wordpress\/wp-json\/wp\/v2\/product_cat?post=103"},{"taxonomy":"product_tag","embeddable":true,"href":"https:\/\/lekarzeopole.pl\/wordpress\/wp-json\/wp\/v2\/product_tag?post=103"}],"curies":[{"name":"wp","href":"https:\/\/api.w.org\/{rel}","templated":true}]}}