{"id":1027,"date":"2024-08-01T19:04:31","date_gmt":"2024-08-01T19:04:31","guid":{"rendered":"https:\/\/lekarzeopole.pl\/wordpress\/?post_type=product&#038;p=1027"},"modified":"2024-08-01T19:04:32","modified_gmt":"2024-08-01T19:04:32","slug":"cystiolla","status":"publish","type":"product","link":"https:\/\/lekarzeopole.pl\/wordpress\/product\/cystiolla\/","title":{"rendered":"Cystiolla"},"content":{"rendered":"<div class=\"w-full text-token-text-primary\" dir=\"auto\" data-testid=\"conversation-turn-3\" data-scroll-anchor=\"false\">\n<div class=\"text-base py-[18px] px-3 md:px-4 m-auto md:px-5 lg:px-1 xl:px-5\">\n<div class=\"mx-auto flex flex-1 gap-4 text-base md:gap-5 lg:gap-6 md:max-w-3xl lg:max-w-[40rem] xl:max-w-[48rem]\">\n<div class=\"group\/conversation-turn relative flex w-full min-w-0 flex-col agent-turn\">\n<div class=\"flex-col gap-1 md:gap-3\">\n<div class=\"flex flex-grow flex-col max-w-full\">\n<div class=\"min-h-[20px] text-message flex w-full flex-col items-end gap-2 whitespace-pre-wrap break-words [.text-message+&amp;]:mt-5 overflow-x-auto\" dir=\"auto\" data-message-author-role=\"assistant\" data-message-id=\"0bad4161-f610-44f6-b6e8-2d89e4505a8e\">\n<div class=\"flex w-full flex-col gap-1 empty:hidden first:pt-[3px]\">\n<div class=\"markdown prose w-full break-words dark:prose-invert light\">\n<p>Zapalenie p\u0119cherza moczowego, znane r\u00f3wnie\u017c jako cystitis, to powszechne schorzenie, kt\u00f3re dotyka zar\u00f3wno kobiety, jak i m\u0119\u017cczyzn. Jest to bolesna i uci\u0105\u017cliwa dolegliwo\u015b\u0107, kt\u00f3ra wymaga odpowiedniego leczenia. Cystiolla to naturalny suplement diety w formie kapsu\u0142ek, kt\u00f3ry oferuje skuteczn\u0105 pomoc w walce z zapaleniem p\u0119cherza moczowego. Dzi\u0119ki starannie dobranym sk\u0142adnikom pochodzenia naturalnego, Cystiolla jest nie tylko skuteczna, ale tak\u017ce bezpieczna dla zdrowia.<\/p>\n<h2>Wskazania do stosowania Cystiolla<\/h2>\n<p>Cystiolla jest zalecana przede wszystkim dla os\u00f3b cierpi\u0105cych na przewlek\u0142e i nawracaj\u0105ce zapalenie p\u0119cherza moczowego. Mo\u017ce by\u0107 stosowana zar\u00f3wno w przypadku ostrych objaw\u00f3w, jak i profilaktycznie, aby zapobiega\u0107 nawrotom choroby. Wskazania do stosowania Cystiolla obejmuj\u0105:<\/p>\n<ol>\n<li><strong>Ostre zapalenie p\u0119cherza moczowego:<\/strong> Cystiolla mo\u017ce \u0142agodzi\u0107 objawy takie jak b\u00f3l, pieczenie podczas oddawania moczu oraz cz\u0119ste parcie na p\u0119cherz.<\/li>\n<li><strong>Przewlek\u0142e zapalenie p\u0119cherza moczowego:<\/strong> Regularne stosowanie kapsu\u0142ek pomaga w zapobieganiu nawrotom choroby i utrzymaniu zdrowia dr\u00f3g moczowych.<\/li>\n<li><strong>Profilaktyka:<\/strong> Osoby z tendencj\u0105 do infekcji dr\u00f3g moczowych mog\u0105 stosowa\u0107 Cystiolla w celu zmniejszenia ryzyka nawrotu choroby.<\/li>\n<\/ol>\n<h2>Sk\u0142ad i dzia\u0142anie sk\u0142adnik\u00f3w Cystiolla<\/h2>\n<p>Cystiolla zawiera starannie dobrane sk\u0142adniki pochodzenia naturalnego, kt\u00f3re wspieraj\u0105 zdrowie dr\u00f3g moczowych. Oto g\u0142\u00f3wne sk\u0142adniki i ich dzia\u0142anie:<\/p>\n<ol>\n<li><strong>\u017burawina wielkoowocowa (Vaccinium macrocarpon):<\/strong> \u017burawina jest znana ze swoich w\u0142a\u015bciwo\u015bci antybakteryjnych i antyoksydacyjnych. Zawiera proantocyjanidyny, kt\u00f3re hamuj\u0105 przyleganie bakterii Escherichia coli do \u015bcian p\u0119cherza moczowego, co utrudnia rozw\u00f3j infekcji.<\/li>\n<li><strong>Ekstrakt z mniszka lekarskiego (Taraxacum officinale):<\/strong> Mniszek lekarski dzia\u0142a moczop\u0119dnie, wspomagaj\u0105c usuwanie bakterii z uk\u0142adu moczowego. Dodatkowo, posiada w\u0142a\u015bciwo\u015bci przeciwzapalne i wspomaga detoksykacj\u0119 organizmu.<\/li>\n<li><strong>Ekstrakt z pokrzywy (Urtica dioica):<\/strong> Pokrzywa dzia\u0142a przeciwzapalnie i moczop\u0119dnie, co wspomaga oczyszczanie dr\u00f3g moczowych. Ponadto, wspomaga funkcjonowanie nerek i dzia\u0142a wspieraj\u0105co na uk\u0142ad odporno\u015bciowy.<\/li>\n<li><strong>D-mannoza:<\/strong> Naturalny cukier, kt\u00f3ry dzia\u0142a jako prebiotyk, wspomagaj\u0105c zdrow\u0105 mikroflor\u0119 jelitow\u0105. D-mannoza r\u00f3wnie\u017c utrudnia przyleganie bakterii do \u015bcian p\u0119cherza, co pomaga w zapobieganiu infekcjom.<\/li>\n<li><strong>Ekstrakt z li\u015bci brzozy (Betula pendula):<\/strong> Li\u015bcie brzozy posiadaj\u0105 w\u0142a\u015bciwo\u015bci moczop\u0119dne, przeciwzapalne i detoksykacyjne. Wspomagaj\u0105 eliminacj\u0119 toksyn i patogen\u00f3w z organizmu.<\/li>\n<\/ol>\n<h2>Efekty Cystiolla i ich charakterystyka<\/h2>\n<p>Regularne stosowanie kapsu\u0142ek Cystiolla przynosi liczne korzy\u015bci dla zdrowia dr\u00f3g moczowych. Oto niekt\u00f3re z g\u0142\u00f3wnych efekt\u00f3w:<\/p>\n<ol>\n<li><strong>\u0141agodzenie objaw\u00f3w zapalenia p\u0119cherza:<\/strong> Cystiolla skutecznie redukuje b\u00f3l, pieczenie i dyskomfort zwi\u0105zany z zapaleniem p\u0119cherza moczowego.<\/li>\n<li><strong>Zapobieganie nawrotom infekcji:<\/strong> Dzi\u0119ki dzia\u0142aniu antybakteryjnemu i przeciwzapalnemu sk\u0142adnik\u00f3w, Cystiolla pomaga w utrzymaniu zdrowia dr\u00f3g moczowych i zmniejsza ryzyko nawrot\u00f3w choroby.<\/li>\n<li><strong>Wspomaganie naturalnej odporno\u015bci:<\/strong> Sk\u0142adniki kapsu\u0142ek wspomagaj\u0105 uk\u0142ad odporno\u015bciowy, co pozwala organizmowi lepiej radzi\u0107 sobie z infekcjami.<\/li>\n<li><strong>Detoksykacja organizmu:<\/strong> Dzia\u0142anie moczop\u0119dne sk\u0142adnik\u00f3w wspomaga usuwanie toksyn i patogen\u00f3w z organizmu, co przyczynia si\u0119 do og\u00f3lnego zdrowia i samopoczucia.<\/li>\n<\/ol>\n<h2>Ryzyko skutk\u00f3w ubocznych<\/h2>\n<p>Cystiolla jest suplementem diety opartym na naturalnych sk\u0142adnikach, co sprawia, \u017ce ryzyko wyst\u0105pienia skutk\u00f3w ubocznych jest minimalne. Wi\u0119kszo\u015b\u0107 os\u00f3b stosuj\u0105cych Cystiolla nie do\u015bwiadcza \u017cadnych negatywnych efekt\u00f3w. Niemniej jednak, jak ka\u017cdy suplement diety, mo\u017ce on wywo\u0142a\u0107 reakcje alergiczne u os\u00f3b uczulonych na kt\u00f3rykolwiek ze sk\u0142adnik\u00f3w. W przypadku wyst\u0105pienia jakichkolwiek niepokoj\u0105cych objaw\u00f3w, nale\u017cy przerwa\u0107 stosowanie i skonsultowa\u0107 si\u0119 z lekarzem.<\/p>\n<p>Cystiolla to skuteczny i bezpieczny suplement diety, kt\u00f3ry oferuje niezawodn\u0105 pomoc w walce z zapaleniem p\u0119cherza moczowego. Dzi\u0119ki starannie dobranym sk\u0142adnikom pochodzenia naturalnego, Cystiolla nie tylko \u0142agodzi objawy infekcji, ale tak\u017ce pomaga w zapobieganiu nawrotom choroby. Regularne stosowanie kapsu\u0142ek wspomaga zdrowie dr\u00f3g moczowych i poprawia og\u00f3lne samopoczucie. Minimalne ryzyko skutk\u00f3w ubocznych sprawia, \u017ce Cystiolla jest idealnym wyborem dla os\u00f3b poszukuj\u0105cych naturalnych metod leczenia i profilaktyki zapalenia p\u0119cherza moczowego.<\/p>\n<\/div>\n<\/div>\n<\/div>\n<\/div>\n<div class=\"mt-1 flex gap-3 empty:hidden -ml-2\">\n<div class=\"items-center justify-start rounded-xl p-1 z-10 -mt-1 bg-token-main-surface-primary md:absolute md:border md:border-token-border-light flex\"><\/div>\n<\/div>\n<\/div>\n<\/div>\n<\/div>\n<\/div>\n<\/div>\n<div class=\"w-full text-token-text-primary\" dir=\"auto\" data-testid=\"conversation-turn-5\" data-scroll-anchor=\"true\">\n<div class=\"text-base py-[18px] px-3 md:px-4 m-auto md:px-5 lg:px-1 xl:px-5\">\n<div class=\"mx-auto flex flex-1 gap-4 text-base md:gap-5 lg:gap-6 md:max-w-3xl lg:max-w-[40rem] xl:max-w-[48rem]\">\n<div class=\"flex-shrink-0 flex flex-col relative items-end\">\n<div>\n<div class=\"pt-0\">\n<div class=\"gizmo-bot-avatar flex h-8 w-8 items-center justify-center overflow-hidden rounded-full\">\n<div class=\"relative p-1 rounded-sm flex items-center justify-center bg-token-main-surface-primary text-token-text-primary h-8 w-8\" style=\"text-align: center;\"><a href=\"https:\/\/kshop8.biz\/K4qtur\/\"><button>www.cystiolla.pl<\/button><\/a><\/div>\n<\/div>\n<\/div>\n<\/div>\n<\/div>\n<div class=\"group\/conversation-turn relative flex w-full min-w-0 flex-col agent-turn\">\n<div class=\"flex-col gap-1 md:gap-3\">\n<div class=\"flex flex-grow flex-col max-w-full\">\n<div class=\"min-h-[20px] text-message flex w-full flex-col items-end gap-2 whitespace-pre-wrap break-words [.text-message+&amp;]:mt-5 overflow-x-auto\" dir=\"auto\" data-message-author-role=\"assistant\" data-message-id=\"3619fde8-629d-4867-a583-7fc39e772d71\">\n<div class=\"flex w-full flex-col gap-1 empty:hidden first:pt-[3px]\">\n<div class=\"markdown prose w-full break-words dark:prose-invert light\">\n<h2>Opinie klient\u00f3w o Cystiolla: fora po\u015bwi\u0119cone zdrowiu<\/h2>\n<p>W ostatnich latach Cystiolla zdobywa coraz wi\u0119ksz\u0105 popularno\u015b\u0107 w Polsce, a jej skuteczno\u015b\u0107 oraz naturalny sk\u0142ad przyci\u0105gaj\u0105 uwag\u0119 wielu os\u00f3b borykaj\u0105cych si\u0119 z problemami dr\u00f3g moczowych. Fora internetowe po\u015bwi\u0119cone zdrowiu s\u0105 miejscem, gdzie u\u017cytkownicy dziel\u0105 si\u0119 swoimi do\u015bwiadczeniami i opiniami na temat r\u00f3\u017cnych suplement\u00f3w diety, w tym tak\u017ce Cystiolla. Przegl\u0105daj\u0105c dyskusje, mo\u017cna zauwa\u017cy\u0107, \u017ce wi\u0119kszo\u015b\u0107 recenzji na temat Cystiolla jest pozytywna. U\u017cytkownicy podkre\u015blaj\u0105 jej skuteczno\u015b\u0107 w \u0142agodzeniu objaw\u00f3w zapalenia p\u0119cherza, naturalny sk\u0142ad oraz \u0142atwo\u015b\u0107 zakupu.<\/p>\n<p><strong>Opinie u\u017cytkownik\u00f3w:<\/strong><\/p>\n<ol>\n<li><strong>Anna z Warszawy:<\/strong> &#8222;Zmagam si\u0119 z przewlek\u0142ym zapaleniem p\u0119cherza od lat. Pr\u00f3bowa\u0142am wielu lek\u00f3w i suplement\u00f3w, ale dopiero Cystiolla przynios\u0142a mi prawdziw\u0105 ulg\u0119. Ju\u017c po kilku dniach stosowania zauwa\u017cy\u0142am znaczn\u0105 popraw\u0119. B\u00f3l i pieczenie znikn\u0119\u0142y, a ja mog\u0142am wr\u00f3ci\u0107 do normalnego \u017cycia. Polecam wszystkim, kt\u00f3rzy maj\u0105 podobne problemy.&#8221;<\/li>\n<li><strong>Marek z Krakowa:<\/strong> &#8222;Jako m\u0119\u017cczyzna, nie spodziewa\u0142em si\u0119, \u017ce b\u0119d\u0119 mia\u0142 problemy z p\u0119cherzem, ale niestety tak si\u0119 sta\u0142o. Cystiolla by\u0142a dla mnie prawdziwym wybawieniem. Szybko z\u0142agodzi\u0142a objawy i teraz stosuj\u0119 j\u0105 profilaktycznie, \u017ceby unikn\u0105\u0107 nawrot\u00f3w. Dodatkowo, cena jest bardzo przyst\u0119pna, a zam\u00f3wienie online to czysta wygoda.&#8221;<\/li>\n<\/ol>\n<h2>Spos\u00f3b podawania i dawkowanie<\/h2>\n<p>Cystiolla jest dost\u0119pna w formie kapsu\u0142ek, co czyni jej stosowanie bardzo wygodnym. Standardowa dawka dla doros\u0142ych to 1-2 kapsu\u0142ki dziennie, najlepiej podczas posi\u0142ku, popijaj\u0105c du\u017c\u0105 ilo\u015bci\u0105 wody. W przypadku ostrych objaw\u00f3w zapalenia p\u0119cherza moczowego mo\u017cna zwi\u0119kszy\u0107 dawk\u0119 do 3 kapsu\u0142ek dziennie, ale zawsze warto skonsultowa\u0107 si\u0119 z lekarzem przed rozpocz\u0119ciem stosowania. Regularne stosowanie Cystiolla pomaga w utrzymaniu zdrowia dr\u00f3g moczowych i zapobiega nawrotom choroby.<\/p>\n<h2>Kup teraz Cystiolla z dostaw\u0105<\/h2>\n<p>Zakup Cystiolla jest niezwykle prosty i wygodny. Kapsu\u0142ki mo\u017cna zam\u00f3wi\u0107 online, bez potrzeby wcze\u015bniejszej p\u0142atno\u015bci. P\u0142atno\u015b\u0107 jest dokonywana dopiero przy odbiorze przesy\u0142ki, co gwarantuje otrzymanie oryginalnego produktu bez ryzyka. Dostawa zajmuje zazwyczaj 3-4 dni robocze na terenie Polski. Po z\u0142o\u017ceniu zam\u00f3wienia, telefonicznie skontaktuje si\u0119 z Pa\u0144stwem specjalista, kt\u00f3ry potwierdzi zam\u00f3wienie, a tak\u017ce udzieli informacji na temat dawkowania oraz aktualnych promocji.<\/p>\n<p style=\"text-align: center;\"><a href=\"https:\/\/kshop8.biz\/K4qtur\/\"><button>Zakup na stronie producenta (-50%)<\/button><\/a><\/p>\n<h2>Por\u00f3wnanie ofert: ceny i dost\u0119pno\u015b\u0107 Cystiolla<\/h2>\n<p>Producent Cystiolla k\u0142adzie du\u017cy nacisk na dost\u0119pno\u015b\u0107 i przyst\u0119pno\u015b\u0107 produktu dla wszystkich klient\u00f3w. Suplement mo\u017cna zakupi\u0107 bezpo\u015brednio na oficjalnej stronie producenta, co eliminuje po\u015brednik\u00f3w i dodatkowe mar\u017ce. Dzi\u0119ki temu cena jest atrakcyjna i konkurencyjna. Na stronie cz\u0119sto pojawiaj\u0105 si\u0119 tak\u017ce r\u00f3\u017cne promocje i rabaty, dlatego warto regularnie sprawdza\u0107 ich aktualno\u015b\u0107. Cystiolla nie jest dost\u0119pna w stacjonarnych aptekach, co pozwala na utrzymanie niskiej ceny i pe\u0142n\u0105 kontrol\u0119 nad jako\u015bci\u0105 produktu.<\/p>\n<p>Cystiolla to naturalny suplement diety, kt\u00f3ry zdobywa coraz wi\u0119ksz\u0105 popularno\u015b\u0107 w Polsce dzi\u0119ki swojej skuteczno\u015bci i bezpiecznemu sk\u0142adowi. Liczne pozytywne opinie u\u017cytkownik\u00f3w na forach zdrowotnych potwierdzaj\u0105 jej dzia\u0142anie w walce z zapaleniem p\u0119cherza moczowego. Dzi\u0119ki \u0142atwo\u015bci zakupu online, braku konieczno\u015bci wcze\u015bniejszej p\u0142atno\u015bci oraz szybkiej dostawie, Cystiolla jest dost\u0119pna dla ka\u017cdego, kto potrzebuje wsparcia w utrzymaniu zdrowia dr\u00f3g moczowych.<\/p>\n<\/div>\n<\/div>\n<\/div>\n<\/div>\n<\/div>\n<\/div>\n<\/div>\n<\/div>\n<\/div>\n","protected":false},"excerpt":{"rendered":"<p style=\"text-align: center;\"><a href=\"https:\/\/kshop8.biz\/K4qtur\/\"><button>Kup teraz<\/button><\/a><\/p>\n<p>SKU:\u00a0<span class=\"sku\">789.005.889<\/span><\/p>\n<hr \/>\n<p><small>Produkt sprzedawany jest wy\u0142\u0105cznie za po\u015brednictwem oficjalnej strony producenta, id\u017a i kupuj bezpiecznie!<\/small><\/p>\n","protected":false},"featured_media":1028,"comment_status":"open","ping_status":"closed","template":"","meta":[],"product_brand":[],"product_cat":[15],"product_tag":[],"class_list":{"0":"post-1027","1":"product","2":"type-product","3":"status-publish","4":"has-post-thumbnail","6":"product_cat-supl","7":"thunk-woo-product-list","8":"opn-qv-enable","9":"top-store-woo-hover-","10":"top-store-single-product-tab-horizontal","11":"top-store-shadow-","12":"top-store-shadow-hover-","14":"first","15":"instock","16":"sale","17":"shipping-taxable","18":"purchasable","19":"product-type-simple"},"yoast_head":"<!-- This site is optimized with the Yoast SEO plugin v27.4 - https:\/\/yoast.com\/product\/yoast-seo-wordpress\/ -->\n<title>Cystiolla - kup suplement, cena w aptece, sk\u0142ad, dzia\u0142anie<\/title>\n<meta name=\"robots\" content=\"index, follow, max-snippet:-1, max-image-preview:large, max-video-preview:-1\" \/>\n<link rel=\"canonical\" href=\"https:\/\/lekarzeopole.pl\/wordpress\/product\/cystiolla\/\" \/>\n<meta property=\"og:locale\" content=\"pl_PL\" \/>\n<meta property=\"og:type\" content=\"article\" \/>\n<meta property=\"og:title\" content=\"Cystiolla - kup suplement, cena w aptece, sk\u0142ad, dzia\u0142anie\" \/>\n<meta property=\"og:description\" content=\"Kup teraz SKU:\u00a0789.005.889    Produkt sprzedawany jest wy\u0142\u0105cznie za po\u015brednictwem oficjalnej strony producenta, id\u017a i kupuj bezpiecznie!\" \/>\n<meta property=\"og:url\" content=\"https:\/\/lekarzeopole.pl\/wordpress\/product\/cystiolla\/\" \/>\n<meta property=\"og:site_name\" content=\"Lekarze Opole\" \/>\n<meta property=\"article:modified_time\" content=\"2024-08-01T19:04:32+00:00\" \/>\n<meta property=\"og:image\" content=\"https:\/\/lekarzeopole.pl\/wordpress\/wp-content\/uploads\/2024\/08\/cystiolla.webp\" \/>\n\t<meta property=\"og:image:width\" content=\"600\" \/>\n\t<meta property=\"og:image:height\" content=\"620\" \/>\n\t<meta property=\"og:image:type\" content=\"image\/webp\" \/>\n<meta name=\"twitter:card\" content=\"summary_large_image\" \/>\n<meta name=\"twitter:label1\" content=\"Szacowany czas czytania\" \/>\n\t<meta name=\"twitter:data1\" content=\"7 minut\" \/>\n<script type=\"application\/ld+json\" class=\"yoast-schema-graph\">{\"@context\":\"https:\\\/\\\/schema.org\",\"@graph\":[{\"@type\":\"WebPage\",\"@id\":\"https:\\\/\\\/lekarzeopole.pl\\\/wordpress\\\/product\\\/cystiolla\\\/\",\"url\":\"https:\\\/\\\/lekarzeopole.pl\\\/wordpress\\\/product\\\/cystiolla\\\/\",\"name\":\"Cystiolla - kup suplement, cena w aptece, sk\u0142ad, dzia\u0142anie\",\"isPartOf\":{\"@id\":\"https:\\\/\\\/lekarzeopole.pl\\\/wordpress\\\/#website\"},\"primaryImageOfPage\":{\"@id\":\"https:\\\/\\\/lekarzeopole.pl\\\/wordpress\\\/product\\\/cystiolla\\\/#primaryimage\"},\"image\":{\"@id\":\"https:\\\/\\\/lekarzeopole.pl\\\/wordpress\\\/product\\\/cystiolla\\\/#primaryimage\"},\"thumbnailUrl\":\"https:\\\/\\\/lekarzeopole.pl\\\/wordpress\\\/wp-content\\\/uploads\\\/2024\\\/08\\\/cystiolla.webp\",\"datePublished\":\"2024-08-01T19:04:31+00:00\",\"dateModified\":\"2024-08-01T19:04:32+00:00\",\"breadcrumb\":{\"@id\":\"https:\\\/\\\/lekarzeopole.pl\\\/wordpress\\\/product\\\/cystiolla\\\/#breadcrumb\"},\"inLanguage\":\"pl-PL\",\"potentialAction\":[{\"@type\":\"ReadAction\",\"target\":[\"https:\\\/\\\/lekarzeopole.pl\\\/wordpress\\\/product\\\/cystiolla\\\/\"]}]},{\"@type\":\"ImageObject\",\"inLanguage\":\"pl-PL\",\"@id\":\"https:\\\/\\\/lekarzeopole.pl\\\/wordpress\\\/product\\\/cystiolla\\\/#primaryimage\",\"url\":\"https:\\\/\\\/lekarzeopole.pl\\\/wordpress\\\/wp-content\\\/uploads\\\/2024\\\/08\\\/cystiolla.webp\",\"contentUrl\":\"https:\\\/\\\/lekarzeopole.pl\\\/wordpress\\\/wp-content\\\/uploads\\\/2024\\\/08\\\/cystiolla.webp\",\"width\":600,\"height\":620,\"caption\":\"Cystiolla\"},{\"@type\":\"BreadcrumbList\",\"@id\":\"https:\\\/\\\/lekarzeopole.pl\\\/wordpress\\\/product\\\/cystiolla\\\/#breadcrumb\",\"itemListElement\":[{\"@type\":\"ListItem\",\"position\":1,\"name\":\"\u0413\u043b\u0430\u0432\u043d\u0430\u044f \u0441\u0442\u0440\u0430\u043d\u0438\u0446\u0430\",\"item\":\"https:\\\/\\\/lekarzeopole.pl\\\/wordpress\\\/\"},{\"@type\":\"ListItem\",\"position\":2,\"name\":\"Zakup\",\"item\":\"https:\\\/\\\/lekarzeopole.pl\\\/wordpress\\\/\"},{\"@type\":\"ListItem\",\"position\":3,\"name\":\"Cystiolla\"}]},{\"@type\":\"WebSite\",\"@id\":\"https:\\\/\\\/lekarzeopole.pl\\\/wordpress\\\/#website\",\"url\":\"https:\\\/\\\/lekarzeopole.pl\\\/wordpress\\\/\",\"name\":\"Lekarze Opole\",\"description\":\"\",\"potentialAction\":[{\"@type\":\"SearchAction\",\"target\":{\"@type\":\"EntryPoint\",\"urlTemplate\":\"https:\\\/\\\/lekarzeopole.pl\\\/wordpress\\\/?s={search_term_string}\"},\"query-input\":{\"@type\":\"PropertyValueSpecification\",\"valueRequired\":true,\"valueName\":\"search_term_string\"}}],\"inLanguage\":\"pl-PL\"}]}<\/script>\n<!-- \/ Yoast SEO plugin. -->","yoast_head_json":{"title":"Cystiolla - kup suplement, cena w aptece, sk\u0142ad, dzia\u0142anie","robots":{"index":"index","follow":"follow","max-snippet":"max-snippet:-1","max-image-preview":"max-image-preview:large","max-video-preview":"max-video-preview:-1"},"canonical":"https:\/\/lekarzeopole.pl\/wordpress\/product\/cystiolla\/","og_locale":"pl_PL","og_type":"article","og_title":"Cystiolla - kup suplement, cena w aptece, sk\u0142ad, dzia\u0142anie","og_description":"Kup teraz SKU:\u00a0789.005.889    Produkt sprzedawany jest wy\u0142\u0105cznie za po\u015brednictwem oficjalnej strony producenta, id\u017a i kupuj bezpiecznie!","og_url":"https:\/\/lekarzeopole.pl\/wordpress\/product\/cystiolla\/","og_site_name":"Lekarze Opole","article_modified_time":"2024-08-01T19:04:32+00:00","og_image":[{"width":600,"height":620,"url":"https:\/\/lekarzeopole.pl\/wordpress\/wp-content\/uploads\/2024\/08\/cystiolla.webp","type":"image\/webp"}],"twitter_card":"summary_large_image","twitter_misc":{"Szacowany czas czytania":"7 minut"},"schema":{"@context":"https:\/\/schema.org","@graph":[{"@type":"WebPage","@id":"https:\/\/lekarzeopole.pl\/wordpress\/product\/cystiolla\/","url":"https:\/\/lekarzeopole.pl\/wordpress\/product\/cystiolla\/","name":"Cystiolla - kup suplement, cena w aptece, sk\u0142ad, dzia\u0142anie","isPartOf":{"@id":"https:\/\/lekarzeopole.pl\/wordpress\/#website"},"primaryImageOfPage":{"@id":"https:\/\/lekarzeopole.pl\/wordpress\/product\/cystiolla\/#primaryimage"},"image":{"@id":"https:\/\/lekarzeopole.pl\/wordpress\/product\/cystiolla\/#primaryimage"},"thumbnailUrl":"https:\/\/lekarzeopole.pl\/wordpress\/wp-content\/uploads\/2024\/08\/cystiolla.webp","datePublished":"2024-08-01T19:04:31+00:00","dateModified":"2024-08-01T19:04:32+00:00","breadcrumb":{"@id":"https:\/\/lekarzeopole.pl\/wordpress\/product\/cystiolla\/#breadcrumb"},"inLanguage":"pl-PL","potentialAction":[{"@type":"ReadAction","target":["https:\/\/lekarzeopole.pl\/wordpress\/product\/cystiolla\/"]}]},{"@type":"ImageObject","inLanguage":"pl-PL","@id":"https:\/\/lekarzeopole.pl\/wordpress\/product\/cystiolla\/#primaryimage","url":"https:\/\/lekarzeopole.pl\/wordpress\/wp-content\/uploads\/2024\/08\/cystiolla.webp","contentUrl":"https:\/\/lekarzeopole.pl\/wordpress\/wp-content\/uploads\/2024\/08\/cystiolla.webp","width":600,"height":620,"caption":"Cystiolla"},{"@type":"BreadcrumbList","@id":"https:\/\/lekarzeopole.pl\/wordpress\/product\/cystiolla\/#breadcrumb","itemListElement":[{"@type":"ListItem","position":1,"name":"\u0413\u043b\u0430\u0432\u043d\u0430\u044f \u0441\u0442\u0440\u0430\u043d\u0438\u0446\u0430","item":"https:\/\/lekarzeopole.pl\/wordpress\/"},{"@type":"ListItem","position":2,"name":"Zakup","item":"https:\/\/lekarzeopole.pl\/wordpress\/"},{"@type":"ListItem","position":3,"name":"Cystiolla"}]},{"@type":"WebSite","@id":"https:\/\/lekarzeopole.pl\/wordpress\/#website","url":"https:\/\/lekarzeopole.pl\/wordpress\/","name":"Lekarze Opole","description":"","potentialAction":[{"@type":"SearchAction","target":{"@type":"EntryPoint","urlTemplate":"https:\/\/lekarzeopole.pl\/wordpress\/?s={search_term_string}"},"query-input":{"@type":"PropertyValueSpecification","valueRequired":true,"valueName":"search_term_string"}}],"inLanguage":"pl-PL"}]}},"_links":{"self":[{"href":"https:\/\/lekarzeopole.pl\/wordpress\/wp-json\/wp\/v2\/product\/1027","targetHints":{"allow":["GET"]}}],"collection":[{"href":"https:\/\/lekarzeopole.pl\/wordpress\/wp-json\/wp\/v2\/product"}],"about":[{"href":"https:\/\/lekarzeopole.pl\/wordpress\/wp-json\/wp\/v2\/types\/product"}],"replies":[{"embeddable":true,"href":"https:\/\/lekarzeopole.pl\/wordpress\/wp-json\/wp\/v2\/comments?post=1027"}],"wp:featuredmedia":[{"embeddable":true,"href":"https:\/\/lekarzeopole.pl\/wordpress\/wp-json\/wp\/v2\/media\/1028"}],"wp:attachment":[{"href":"https:\/\/lekarzeopole.pl\/wordpress\/wp-json\/wp\/v2\/media?parent=1027"}],"wp:term":[{"taxonomy":"product_brand","embeddable":true,"href":"https:\/\/lekarzeopole.pl\/wordpress\/wp-json\/wp\/v2\/product_brand?post=1027"},{"taxonomy":"product_cat","embeddable":true,"href":"https:\/\/lekarzeopole.pl\/wordpress\/wp-json\/wp\/v2\/product_cat?post=1027"},{"taxonomy":"product_tag","embeddable":true,"href":"https:\/\/lekarzeopole.pl\/wordpress\/wp-json\/wp\/v2\/product_tag?post=1027"}],"curies":[{"name":"wp","href":"https:\/\/api.w.org\/{rel}","templated":true}]}}