{"id":1018,"date":"2024-08-01T18:41:55","date_gmt":"2024-08-01T18:41:55","guid":{"rendered":"https:\/\/lekarzeopole.pl\/wordpress\/?post_type=product&#038;p=1018"},"modified":"2025-02-05T20:01:45","modified_gmt":"2025-02-05T20:01:45","slug":"vetonus","status":"publish","type":"product","link":"https:\/\/lekarzeopole.pl\/wordpress\/product\/vetonus\/","title":{"rendered":"Vetonus"},"content":{"rendered":"<div class=\"w-full text-token-text-primary\" dir=\"auto\" data-testid=\"conversation-turn-3\" data-scroll-anchor=\"false\">\n<div class=\"text-base py-[18px] px-3 md:px-4 m-auto md:px-5 lg:px-1 xl:px-5\">\n<div class=\"mx-auto flex flex-1 gap-4 text-base md:gap-5 lg:gap-6 md:max-w-3xl lg:max-w-[40rem] xl:max-w-[48rem]\">\n<div class=\"group\/conversation-turn relative flex w-full min-w-0 flex-col agent-turn\">\n<div class=\"flex-col gap-1 md:gap-3\">\n<div class=\"flex flex-grow flex-col max-w-full\">\n<div class=\"min-h-[20px] text-message flex w-full flex-col items-end gap-2 whitespace-pre-wrap break-words [.text-message+&amp;]:mt-5 overflow-x-auto\" dir=\"auto\" data-message-author-role=\"assistant\" data-message-id=\"73ad704e-b391-4992-bbc4-fe47a16ff962\">\n<div class=\"flex w-full flex-col gap-1 empty:hidden first:pt-[3px]\">\n<div class=\"markdown prose w-full break-words dark:prose-invert light\">\n<p>Varikoz to problem zdrowotny, kt\u00f3ry dotyka miliony ludzi na ca\u0142ym \u015bwiecie. B\u00f3l, obrz\u0119k, ci\u0119\u017cko\u015b\u0107 n\u00f3g i widoczne \u017cylaki to tylko niekt\u00f3re z objaw\u00f3w, kt\u00f3re mog\u0105 znacz\u0105co wp\u0142yn\u0105\u0107 na jako\u015b\u0107 \u017cycia. Na szcz\u0119\u015bcie istnieje wiele sposob\u00f3w radzenia sobie z tym schorzeniem, a jednym z nich jest Vetonus &#8211; g\u00e9l od varikozu, kt\u00f3ry oferuje naturalne wsparcie w walce z tym problemem. W tej artykule przyjrzymy si\u0119 bli\u017cej temu produktowi, jego sk\u0142adnikom, dzia\u0142aniu oraz efektom.<\/p>\n<h2>Wskazania do stosowania Vetonus<\/h2>\n<p>Vetonus jest przeznaczony dla os\u00f3b, kt\u00f3re zmagaj\u0105 si\u0119 z objawami varikozu, takimi jak:<\/p>\n<ol>\n<li><strong>B\u00f3l n\u00f3g<\/strong> &#8211; wynikaj\u0105cy z niewydolno\u015bci \u017cylnej i stan\u00f3w zapalnych.<\/li>\n<li><strong>Obrz\u0119ki<\/strong> &#8211; spowodowane zatrzymywaniem p\u0142yn\u00f3w i zaburzeniami kr\u0105\u017cenia.<\/li>\n<li><strong>Uczucie ci\u0119\u017cko\u015bci<\/strong> &#8211; cz\u0119sto wyst\u0119puj\u0105ce po d\u0142ugim dniu sp\u0119dzonym na nogach.<\/li>\n<li><strong>Skurcze mi\u0119\u015bni<\/strong> &#8211; zwi\u0105zane z zaburzeniami przep\u0142ywu krwi w ko\u0144czynach dolnych.<\/li>\n<li><strong>Widoczne \u017cylaki<\/strong> &#8211; rozszerzone, widoczne \u017cy\u0142y, kt\u00f3re mog\u0105 by\u0107 bolesne i estetycznie nieprzyjemne.<\/li>\n<\/ol>\n<p>Vetonus mo\u017ce by\u0107 stosowany profilaktycznie, aby zapobiega\u0107 pog\u0142\u0119bianiu si\u0119 problem\u00f3w zwi\u0105zanych z kr\u0105\u017ceniem, jak r\u00f3wnie\u017c terapeutycznie, aby z\u0142agodzi\u0107 ju\u017c istniej\u0105ce objawy.<\/p>\n<h2>Sk\u0142ad i dzia\u0142anie sk\u0142adnik\u00f3w Vetonus<\/h2>\n<p>Vetonus zawiera szereg naturalnych sk\u0142adnik\u00f3w, kt\u00f3re s\u0105 znane ze swoich w\u0142a\u015bciwo\u015bci wspomagaj\u0105cych zdrowie naczy\u0144 krwiono\u015bnych. Oto niekt\u00f3re z nich:<\/p>\n<ol>\n<li><strong>Ekstrakt z kasztanowca<\/strong> &#8211; zawiera escyn\u0119, kt\u00f3ra dzia\u0142a przeciwzapalnie, zmniejsza przepuszczalno\u015b\u0107 naczy\u0144 krwiono\u015bnych i poprawia ich elastyczno\u015b\u0107. Pomaga redukowa\u0107 obrz\u0119ki i poprawia kr\u0105\u017cenie krwi.<\/li>\n<li><strong>Ekstrakt z arniki<\/strong> &#8211; posiada w\u0142a\u015bciwo\u015bci przeciwzapalne i przeciwb\u00f3lowe. Arnika wspiera procesy regeneracyjne sk\u00f3ry i naczy\u0144 krwiono\u015bnych, zmniejszaj\u0105c obrz\u0119ki i b\u00f3l.<\/li>\n<li><strong>Ekstrakt z ruszczyka<\/strong> &#8211; znany z w\u0142a\u015bciwo\u015bci wzmacniaj\u0105cych naczynia krwiono\u015bne. Zawiera ruscyn\u0119, kt\u00f3ra pomaga zmniejsza\u0107 obrz\u0119ki i poprawia mikrokr\u0105\u017cenie.<\/li>\n<li><strong>Ekstrakt z oczaru wirginijskiego<\/strong> &#8211; dzia\u0142a \u015bci\u0105gaj\u0105co, przeciwzapalnie i przeciwbakteryjnie. Pomaga wzmocni\u0107 \u015bciany naczy\u0144 krwiono\u015bnych i poprawia elastyczno\u015b\u0107 sk\u00f3ry.<\/li>\n<li><strong>Mentol<\/strong> &#8211; dzia\u0142a ch\u0142odz\u0105co i \u0142agodz\u0105co, przynosz\u0105c ulg\u0119 w b\u00f3lu i uczuciu ci\u0119\u017cko\u015bci n\u00f3g. Poprawia tak\u017ce mikrokr\u0105\u017cenie.<\/li>\n<li><strong>Olejek eteryczny z mi\u0119ty pieprzowej<\/strong> &#8211; posiada w\u0142a\u015bciwo\u015bci przeciwb\u00f3lowe i przeciwzapalne, poprawia kr\u0105\u017cenie krwi i dzia\u0142a od\u015bwie\u017caj\u0105co.<\/li>\n<\/ol>\n<h2>Efekty Vetonus i ich charakterystyka<\/h2>\n<p>Regularne stosowanie Vetonus przynosi wiele korzy\u015bci dla os\u00f3b cierpi\u0105cych na varikoz. Oto niekt\u00f3re z najwa\u017cniejszych efekt\u00f3w:<\/p>\n<ol>\n<li><strong>Redukcja b\u00f3lu i uczucia ci\u0119\u017cko\u015bci n\u00f3g<\/strong> &#8211; dzi\u0119ki dzia\u0142aniu przeciwzapalnemu i ch\u0142odz\u0105cemu, Vetonus szybko przynosi ulg\u0119 w dolegliwo\u015bciach b\u00f3lowych.<\/li>\n<li><strong>Zmniejszenie obrz\u0119k\u00f3w<\/strong> &#8211; sk\u0142adniki aktywne pomagaj\u0105 redukowa\u0107 nadmiar p\u0142yn\u00f3w w tkankach, co przek\u0142ada si\u0119 na zmniejszenie obrz\u0119k\u00f3w.<\/li>\n<li><strong>Poprawa kr\u0105\u017cenia krwi<\/strong> &#8211; dzi\u0119ki w\u0142a\u015bciwo\u015bciom wzmacniaj\u0105cym naczynia krwiono\u015bne i poprawiaj\u0105cym mikrokr\u0105\u017cenie, Vetonus wspiera zdrowe kr\u0105\u017cenie krwi.<\/li>\n<li><strong>Wzmocnienie naczy\u0144 krwiono\u015bnych<\/strong> &#8211; regularne stosowanie g\u00e9lu pomaga wzmocni\u0107 \u015bciany naczy\u0144 krwiono\u015bnych, co mo\u017ce zapobiega\u0107 powstawaniu nowych \u017cylak\u00f3w.<\/li>\n<li><strong>\u0141agodzenie stan\u00f3w zapalnych<\/strong> &#8211; sk\u0142adniki przeciwzapalne wspieraj\u0105 procesy regeneracyjne, redukuj\u0105c stany zapalne i przyspieszaj\u0105c gojenie si\u0119 uszkodzonych tkanek.<\/li>\n<\/ol>\n<h2>Ryzyko skutk\u00f3w ubocznych<\/h2>\n<p>Vetonus to preparat oparty na naturalnych sk\u0142adnikach, co sprawia, \u017ce ryzyko wyst\u0105pienia skutk\u00f3w ubocznych jest minimalne. Sk\u0142adniki takie jak ekstrakt z kasztanowca, arniki czy ruszczyka s\u0105 dobrze tolerowane przez wi\u0119kszo\u015b\u0107 os\u00f3b. Nale\u017cy jednak pami\u0119ta\u0107, \u017ce ka\u017cda osoba mo\u017ce inaczej reagowa\u0107 na poszczeg\u00f3lne sk\u0142adniki, dlatego przed rozpocz\u0119ciem stosowania g\u00e9lu warto skonsultowa\u0107 si\u0119 z lekarzem, zw\u0142aszcza je\u015bli wyst\u0119puj\u0105 jakiekolwiek przewlek\u0142e schorzenia lub alergie.<\/p>\n<p>W przypadku wyst\u0105pienia jakichkolwiek reakcji alergicznych, takich jak zaczerwienienie, \u015bwi\u0105d czy wysypka, nale\u017cy przerwa\u0107 stosowanie preparatu i skonsultowa\u0107 si\u0119 z lekarzem.<\/p>\n<p>Vetonus to skuteczny g\u00e9l od varikozu, kt\u00f3ry dzi\u0119ki zawarto\u015bci naturalnych sk\u0142adnik\u00f3w, takich jak ekstrakt z kasztanowca, arniki, ruszczyka czy oczaru wirginijskiego, przynosi ulg\u0119 w b\u00f3lu, zmniejsza obrz\u0119ki i poprawia kr\u0105\u017cenie krwi. Regularne stosowanie tego preparatu mo\u017ce znacz\u0105co poprawi\u0107 jako\u015b\u0107 \u017cycia os\u00f3b cierpi\u0105cych na varikoz, minimalizuj\u0105c przy tym ryzyko wyst\u0105pienia skutk\u00f3w ubocznych. Je\u015bli zmagasz si\u0119 z problemem \u017cylak\u00f3w, Vetonus mo\u017ce by\u0107 naturalnym i skutecznym rozwi\u0105zaniem.<\/p>\n<\/div>\n<\/div>\n<\/div>\n<\/div>\n<div class=\"mt-1 flex gap-3 empty:hidden -ml-2\">\n<div class=\"items-center justify-start rounded-xl p-1 z-10 -mt-1 bg-token-main-surface-primary md:absolute md:border md:border-token-border-light flex\"><\/div>\n<\/div>\n<\/div>\n<\/div>\n<\/div>\n<\/div>\n<\/div>\n<div class=\"w-full text-token-text-primary\" dir=\"auto\" data-testid=\"conversation-turn-5\" data-scroll-anchor=\"true\">\n<div class=\"text-base py-[18px] px-3 md:px-4 m-auto md:px-5 lg:px-1 xl:px-5\">\n<div class=\"mx-auto flex flex-1 gap-4 text-base md:gap-5 lg:gap-6 md:max-w-3xl lg:max-w-[40rem] xl:max-w-[48rem]\">\n<div class=\"flex-shrink-0 flex flex-col relative items-end\">\n<div>\n<div class=\"pt-0\">\n<div class=\"gizmo-bot-avatar flex h-8 w-8 items-center justify-center overflow-hidden rounded-full\">\n<div class=\"relative p-1 rounded-sm flex items-center justify-center bg-token-main-surface-primary text-token-text-primary h-8 w-8\" style=\"text-align: center;\"><a href=\"https:\/\/mandarv.com\/C5IS?sub1=sub1&amp;sub2=sub2&amp;sub3=sub3&amp;sub4=sub4&amp;sub5=sub5\"><button>www.vetonus.pl<\/button><\/a><\/div>\n<\/div>\n<\/div>\n<\/div>\n<\/div>\n<div class=\"group\/conversation-turn relative flex w-full min-w-0 flex-col agent-turn\">\n<div class=\"flex-col gap-1 md:gap-3\">\n<div class=\"flex flex-grow flex-col max-w-full\">\n<div class=\"min-h-[20px] text-message flex w-full flex-col items-end gap-2 whitespace-pre-wrap break-words [.text-message+&amp;]:mt-5 overflow-x-auto\" dir=\"auto\" data-message-author-role=\"assistant\" data-message-id=\"506ebd3e-1b01-4b60-985e-52dc789a90b9\">\n<div class=\"flex w-full flex-col gap-1 empty:hidden first:pt-[3px]\">\n<div class=\"markdown prose w-full break-words dark:prose-invert light\">\n<h2>Opinie klient\u00f3w o Vetonus: fora po\u015bwi\u0119cone zdrowiu<\/h2>\n<p>Vetonus zdobywa coraz wi\u0119ksz\u0105 popularno\u015b\u0107 w Polsce, zw\u0142aszcza na forach po\u015bwi\u0119conych zdrowiu. Wiele os\u00f3b, kt\u00f3re zmagaj\u0105 si\u0119 z problemem \u017cylak\u00f3w, szuka skutecznych i naturalnych rozwi\u0105za\u0144. Vetonus, dzi\u0119ki swojemu unikalnemu sk\u0142adowi i wysokiej skuteczno\u015bci, sta\u0142 si\u0119 tematem licznych dyskusji. Wi\u0119kszo\u015b\u0107 u\u017cytkownik\u00f3w opisuje pozytywne dzia\u0142anie tego preparatu, podkre\u015blaj\u0105c jego dost\u0119pno\u015b\u0107 oraz szybkie efekty. Oto dwa przyk\u0142ady opinii:<\/p>\n<ul>\n<li><strong>Maria, 42 lata:<\/strong><br \/>\n&#8222;Od lat boryka\u0142am si\u0119 z problemem \u017cylak\u00f3w i uczuciem ci\u0119\u017cko\u015bci w nogach. Pr\u00f3bowa\u0142am r\u00f3\u017cnych metod, ale dopiero Vetonus przyni\u00f3s\u0142 mi ulg\u0119. Ju\u017c po kilku dniach stosowania zauwa\u017cy\u0142am znaczn\u0105 popraw\u0119. Nogi przesta\u0142y bole\u0107, obrz\u0119ki zmala\u0142y. Polecam ka\u017cdemu, kto zmaga si\u0119 z podobnymi problemami!&#8221;<\/li>\n<li><strong>Tomasz, 50 lat:<\/strong><br \/>\n&#8222;Vetonus poleci\u0142a mi znajoma. Pocz\u0105tkowo by\u0142em sceptyczny, ale postanowi\u0142em spr\u00f3bowa\u0107. Efekty przeros\u0142y moje oczekiwania. B\u00f3l i obrz\u0119k znikn\u0119\u0142y, a \u017cylaki sta\u0142y si\u0119 mniej widoczne. Dodatkowo, \u0142atwo\u015b\u0107 zakupu i szybka dostawa to ogromny plus.&#8221;<\/li>\n<\/ul>\n<h2>Spos\u00f3b podawania i dawkowanie<\/h2>\n<p>Vetonus nale\u017cy stosowa\u0107 zgodnie z zaleceniami producenta, aby osi\u0105gn\u0105\u0107 najlepsze rezultaty. Oto podstawowe wskaz\u00f3wki dotycz\u0105ce stosowania:<\/p>\n<ol>\n<li><strong>Dok\u0142adnie umy\u0107 i osuszy\u0107 sk\u00f3r\u0119<\/strong> &#8211; przed na\u0142o\u017ceniem \u017celu nale\u017cy upewni\u0107 si\u0119, \u017ce sk\u00f3ra jest czysta i sucha.<\/li>\n<li><strong>Niewielk\u0105 ilo\u015b\u0107 \u017celu nanie\u015b\u0107 na dotkni\u0119te miejsca<\/strong> &#8211; delikatnie wmasowa\u0107, a\u017c do ca\u0142kowitego wch\u0142oni\u0119cia.<\/li>\n<li><strong>Stosowa\u0107 2-3 razy dziennie<\/strong> &#8211; regularno\u015b\u0107 jest kluczem do osi\u0105gni\u0119cia najlepszych efekt\u00f3w.<\/li>\n<\/ol>\n<p>Dzi\u0119ki prostocie stosowania, Vetonus mo\u017cna \u0142atwo w\u0142\u0105czy\u0107 do codziennej rutyny piel\u0119gnacyjnej.<\/p>\n<h2>Kup teraz Vetonus z dostaw\u0105<\/h2>\n<p>Zakup Vetonus jest bardzo prosty i wygodny. Mo\u017cna to zrobi\u0107 online, co oszcz\u0119dza czas i wysi\u0142ek zwi\u0105zany z wizyt\u0105 w aptece. Oto, jak to dzia\u0142a:<\/p>\n<ol>\n<li><strong>Wejd\u017a na oficjaln\u0105 stron\u0119 producenta<\/strong> &#8211; tutaj znajdziesz najnowsze informacje o produkcie i aktualnych promocjach.<\/li>\n<li><strong>Wype\u0142nij formularz zam\u00f3wienia<\/strong> &#8211; podaj swoje dane kontaktowe i adres dostawy.<\/li>\n<li><strong>Brak potrzeby przedp\u0142aty<\/strong> &#8211; p\u0142atno\u015b\u0107 odbywa si\u0119 przy odbiorze, co eliminuje ryzyko zwi\u0105zane z zakupem.<\/li>\n<li><strong>Szybka dostawa<\/strong> &#8211; zam\u00f3wienie jest realizowane w ci\u0105gu 3-4 dni roboczych na terenie Polski.<\/li>\n<li><strong>Potwierdzenie zam\u00f3wienia telefoniczne<\/strong> &#8211; specjalista skontaktuje si\u0119 z Tob\u0105, aby potwierdzi\u0107 zam\u00f3wienie, udzieli\u0107 dodatkowych informacji oraz poinformowa\u0107 o aktualnych ofertach promocyjnych.<\/li>\n<\/ol>\n<p style=\"text-align: center;\"><a href=\"https:\/\/mandarv.com\/C5IS?sub1=sub1&amp;sub2=sub2&amp;sub3=sub3&amp;sub4=sub4&amp;sub5=sub5\"><button>Zakup na stronie producenta (-50%)<\/button><\/a><\/p>\n<h2>Por\u00f3wnanie ofert: ceny i dost\u0119pno\u015b\u0107 Vetonus<\/h2>\n<p>Producent Vetonus k\u0142adzie du\u017cy nacisk na dost\u0119pno\u015b\u0107 swojego produktu dla szerokiego grona klient\u00f3w. Dlatego te\u017c, aby zapewni\u0107 najkorzystniejsze ceny, produkt mo\u017cna zakupi\u0107 bezpo\u015brednio na oficjalnej stronie producenta. Unikaj\u0105c po\u015brednik\u00f3w i dodatkowych koszt\u00f3w, klienci otrzymuj\u0105 produkt w najni\u017cszej mo\u017cliwej cenie.<\/p>\n<ol>\n<li><strong>Zakup bezpo\u015bredni<\/strong> &#8211; brak po\u015brednik\u00f3w oznacza brak dodatkowych koszt\u00f3w.<\/li>\n<li><strong>Regularne promocje i zni\u017cki<\/strong> &#8211; producent cz\u0119sto oferuje atrakcyjne promocje, dlatego warto regularnie sprawdza\u0107 dost\u0119pno\u015b\u0107 aktualnych ofert.<\/li>\n<li><strong>Brak w sprzeda\u017cy stacjonarnej<\/strong> &#8211; aby zapewni\u0107 najlepsz\u0105 cen\u0119 i oryginalno\u015b\u0107 produktu, Vetonus nie jest dost\u0119pny w aptekach stacjonarnych.<\/li>\n<\/ol>\n<p>Dzi\u0119ki temu podej\u015bciu, Vetonus jest dost\u0119pny dla ka\u017cdego, kto potrzebuje skutecznej pomocy w walce z \u017cylakami, bez zb\u0119dnych komplikacji i nadmiernych koszt\u00f3w.<\/p>\n<\/div>\n<\/div>\n<\/div>\n<\/div>\n<\/div>\n<\/div>\n<\/div>\n<\/div>\n<\/div>\n","protected":false},"excerpt":{"rendered":"<p style=\"text-align: center;\"><a href=\"https:\/\/mandarv.com\/C5IS?sub1=sub1&amp;sub2=sub2&amp;sub3=sub3&amp;sub4=sub4&amp;sub5=sub5\"><button>Kup teraz<\/button><\/a><\/p>\n<p>SKU:\u00a0<span class=\"sku\">789.005.885<\/span><\/p>\n<hr \/>\n<p><small>Produkt sprzedawany jest wy\u0142\u0105cznie za po\u015brednictwem oficjalnej strony producenta, id\u017a i kupuj bezpiecznie!<\/small><\/p>\n","protected":false},"featured_media":1019,"comment_status":"open","ping_status":"closed","template":"","meta":[],"product_brand":[],"product_cat":[15],"product_tag":[],"class_list":{"0":"post-1018","1":"product","2":"type-product","3":"status-publish","4":"has-post-thumbnail","6":"product_cat-supl","7":"thunk-woo-product-list","8":"opn-qv-enable","9":"top-store-woo-hover-","10":"top-store-single-product-tab-horizontal","11":"top-store-shadow-","12":"top-store-shadow-hover-","14":"first","15":"instock","16":"shipping-taxable","17":"purchasable","18":"product-type-simple"},"yoast_head":"<!-- This site is optimized with the Yoast SEO plugin v27.4 - https:\/\/yoast.com\/product\/yoast-seo-wordpress\/ -->\n<title>Vetonus - kup suplement, cena w aptece, sk\u0142ad, dzia\u0142anie<\/title>\n<meta name=\"robots\" content=\"index, follow, max-snippet:-1, max-image-preview:large, max-video-preview:-1\" \/>\n<link rel=\"canonical\" href=\"https:\/\/lekarzeopole.pl\/wordpress\/product\/vetonus\/\" \/>\n<meta property=\"og:locale\" content=\"pl_PL\" \/>\n<meta property=\"og:type\" content=\"article\" \/>\n<meta property=\"og:title\" content=\"Vetonus - kup suplement, cena w aptece, sk\u0142ad, dzia\u0142anie\" \/>\n<meta property=\"og:description\" content=\"Kup teraz SKU:\u00a0789.005.885    Produkt sprzedawany jest wy\u0142\u0105cznie za po\u015brednictwem oficjalnej strony producenta, id\u017a i kupuj bezpiecznie!\" \/>\n<meta property=\"og:url\" content=\"https:\/\/lekarzeopole.pl\/wordpress\/product\/vetonus\/\" \/>\n<meta property=\"og:site_name\" content=\"Lekarze Opole\" \/>\n<meta property=\"article:modified_time\" content=\"2025-02-05T20:01:45+00:00\" \/>\n<meta property=\"og:image\" content=\"https:\/\/lekarzeopole.pl\/wordpress\/wp-content\/uploads\/2024\/08\/vetonus.png\" \/>\n\t<meta property=\"og:image:width\" content=\"237\" \/>\n\t<meta property=\"og:image:height\" content=\"634\" \/>\n\t<meta property=\"og:image:type\" content=\"image\/png\" \/>\n<meta name=\"twitter:card\" content=\"summary_large_image\" \/>\n<meta name=\"twitter:label1\" content=\"Szacowany czas czytania\" \/>\n\t<meta name=\"twitter:data1\" content=\"7 minut\" \/>\n<script type=\"application\/ld+json\" class=\"yoast-schema-graph\">{\"@context\":\"https:\\\/\\\/schema.org\",\"@graph\":[{\"@type\":\"WebPage\",\"@id\":\"https:\\\/\\\/lekarzeopole.pl\\\/wordpress\\\/product\\\/vetonus\\\/\",\"url\":\"https:\\\/\\\/lekarzeopole.pl\\\/wordpress\\\/product\\\/vetonus\\\/\",\"name\":\"Vetonus - kup suplement, cena w aptece, sk\u0142ad, dzia\u0142anie\",\"isPartOf\":{\"@id\":\"https:\\\/\\\/lekarzeopole.pl\\\/wordpress\\\/#website\"},\"primaryImageOfPage\":{\"@id\":\"https:\\\/\\\/lekarzeopole.pl\\\/wordpress\\\/product\\\/vetonus\\\/#primaryimage\"},\"image\":{\"@id\":\"https:\\\/\\\/lekarzeopole.pl\\\/wordpress\\\/product\\\/vetonus\\\/#primaryimage\"},\"thumbnailUrl\":\"https:\\\/\\\/lekarzeopole.pl\\\/wordpress\\\/wp-content\\\/uploads\\\/2024\\\/08\\\/vetonus.png\",\"datePublished\":\"2024-08-01T18:41:55+00:00\",\"dateModified\":\"2025-02-05T20:01:45+00:00\",\"breadcrumb\":{\"@id\":\"https:\\\/\\\/lekarzeopole.pl\\\/wordpress\\\/product\\\/vetonus\\\/#breadcrumb\"},\"inLanguage\":\"pl-PL\",\"potentialAction\":[{\"@type\":\"ReadAction\",\"target\":[\"https:\\\/\\\/lekarzeopole.pl\\\/wordpress\\\/product\\\/vetonus\\\/\"]}]},{\"@type\":\"ImageObject\",\"inLanguage\":\"pl-PL\",\"@id\":\"https:\\\/\\\/lekarzeopole.pl\\\/wordpress\\\/product\\\/vetonus\\\/#primaryimage\",\"url\":\"https:\\\/\\\/lekarzeopole.pl\\\/wordpress\\\/wp-content\\\/uploads\\\/2024\\\/08\\\/vetonus.png\",\"contentUrl\":\"https:\\\/\\\/lekarzeopole.pl\\\/wordpress\\\/wp-content\\\/uploads\\\/2024\\\/08\\\/vetonus.png\",\"width\":237,\"height\":634,\"caption\":\"Vetonus\"},{\"@type\":\"BreadcrumbList\",\"@id\":\"https:\\\/\\\/lekarzeopole.pl\\\/wordpress\\\/product\\\/vetonus\\\/#breadcrumb\",\"itemListElement\":[{\"@type\":\"ListItem\",\"position\":1,\"name\":\"\u0413\u043b\u0430\u0432\u043d\u0430\u044f \u0441\u0442\u0440\u0430\u043d\u0438\u0446\u0430\",\"item\":\"https:\\\/\\\/lekarzeopole.pl\\\/wordpress\\\/\"},{\"@type\":\"ListItem\",\"position\":2,\"name\":\"Zakup\",\"item\":\"https:\\\/\\\/lekarzeopole.pl\\\/wordpress\\\/\"},{\"@type\":\"ListItem\",\"position\":3,\"name\":\"Vetonus\"}]},{\"@type\":\"WebSite\",\"@id\":\"https:\\\/\\\/lekarzeopole.pl\\\/wordpress\\\/#website\",\"url\":\"https:\\\/\\\/lekarzeopole.pl\\\/wordpress\\\/\",\"name\":\"Lekarze Opole\",\"description\":\"\",\"potentialAction\":[{\"@type\":\"SearchAction\",\"target\":{\"@type\":\"EntryPoint\",\"urlTemplate\":\"https:\\\/\\\/lekarzeopole.pl\\\/wordpress\\\/?s={search_term_string}\"},\"query-input\":{\"@type\":\"PropertyValueSpecification\",\"valueRequired\":true,\"valueName\":\"search_term_string\"}}],\"inLanguage\":\"pl-PL\"}]}<\/script>\n<!-- \/ Yoast SEO plugin. -->","yoast_head_json":{"title":"Vetonus - kup suplement, cena w aptece, sk\u0142ad, dzia\u0142anie","robots":{"index":"index","follow":"follow","max-snippet":"max-snippet:-1","max-image-preview":"max-image-preview:large","max-video-preview":"max-video-preview:-1"},"canonical":"https:\/\/lekarzeopole.pl\/wordpress\/product\/vetonus\/","og_locale":"pl_PL","og_type":"article","og_title":"Vetonus - kup suplement, cena w aptece, sk\u0142ad, dzia\u0142anie","og_description":"Kup teraz SKU:\u00a0789.005.885    Produkt sprzedawany jest wy\u0142\u0105cznie za po\u015brednictwem oficjalnej strony producenta, id\u017a i kupuj bezpiecznie!","og_url":"https:\/\/lekarzeopole.pl\/wordpress\/product\/vetonus\/","og_site_name":"Lekarze Opole","article_modified_time":"2025-02-05T20:01:45+00:00","og_image":[{"width":237,"height":634,"url":"https:\/\/lekarzeopole.pl\/wordpress\/wp-content\/uploads\/2024\/08\/vetonus.png","type":"image\/png"}],"twitter_card":"summary_large_image","twitter_misc":{"Szacowany czas czytania":"7 minut"},"schema":{"@context":"https:\/\/schema.org","@graph":[{"@type":"WebPage","@id":"https:\/\/lekarzeopole.pl\/wordpress\/product\/vetonus\/","url":"https:\/\/lekarzeopole.pl\/wordpress\/product\/vetonus\/","name":"Vetonus - kup suplement, cena w aptece, sk\u0142ad, dzia\u0142anie","isPartOf":{"@id":"https:\/\/lekarzeopole.pl\/wordpress\/#website"},"primaryImageOfPage":{"@id":"https:\/\/lekarzeopole.pl\/wordpress\/product\/vetonus\/#primaryimage"},"image":{"@id":"https:\/\/lekarzeopole.pl\/wordpress\/product\/vetonus\/#primaryimage"},"thumbnailUrl":"https:\/\/lekarzeopole.pl\/wordpress\/wp-content\/uploads\/2024\/08\/vetonus.png","datePublished":"2024-08-01T18:41:55+00:00","dateModified":"2025-02-05T20:01:45+00:00","breadcrumb":{"@id":"https:\/\/lekarzeopole.pl\/wordpress\/product\/vetonus\/#breadcrumb"},"inLanguage":"pl-PL","potentialAction":[{"@type":"ReadAction","target":["https:\/\/lekarzeopole.pl\/wordpress\/product\/vetonus\/"]}]},{"@type":"ImageObject","inLanguage":"pl-PL","@id":"https:\/\/lekarzeopole.pl\/wordpress\/product\/vetonus\/#primaryimage","url":"https:\/\/lekarzeopole.pl\/wordpress\/wp-content\/uploads\/2024\/08\/vetonus.png","contentUrl":"https:\/\/lekarzeopole.pl\/wordpress\/wp-content\/uploads\/2024\/08\/vetonus.png","width":237,"height":634,"caption":"Vetonus"},{"@type":"BreadcrumbList","@id":"https:\/\/lekarzeopole.pl\/wordpress\/product\/vetonus\/#breadcrumb","itemListElement":[{"@type":"ListItem","position":1,"name":"\u0413\u043b\u0430\u0432\u043d\u0430\u044f \u0441\u0442\u0440\u0430\u043d\u0438\u0446\u0430","item":"https:\/\/lekarzeopole.pl\/wordpress\/"},{"@type":"ListItem","position":2,"name":"Zakup","item":"https:\/\/lekarzeopole.pl\/wordpress\/"},{"@type":"ListItem","position":3,"name":"Vetonus"}]},{"@type":"WebSite","@id":"https:\/\/lekarzeopole.pl\/wordpress\/#website","url":"https:\/\/lekarzeopole.pl\/wordpress\/","name":"Lekarze Opole","description":"","potentialAction":[{"@type":"SearchAction","target":{"@type":"EntryPoint","urlTemplate":"https:\/\/lekarzeopole.pl\/wordpress\/?s={search_term_string}"},"query-input":{"@type":"PropertyValueSpecification","valueRequired":true,"valueName":"search_term_string"}}],"inLanguage":"pl-PL"}]}},"_links":{"self":[{"href":"https:\/\/lekarzeopole.pl\/wordpress\/wp-json\/wp\/v2\/product\/1018","targetHints":{"allow":["GET"]}}],"collection":[{"href":"https:\/\/lekarzeopole.pl\/wordpress\/wp-json\/wp\/v2\/product"}],"about":[{"href":"https:\/\/lekarzeopole.pl\/wordpress\/wp-json\/wp\/v2\/types\/product"}],"replies":[{"embeddable":true,"href":"https:\/\/lekarzeopole.pl\/wordpress\/wp-json\/wp\/v2\/comments?post=1018"}],"wp:featuredmedia":[{"embeddable":true,"href":"https:\/\/lekarzeopole.pl\/wordpress\/wp-json\/wp\/v2\/media\/1019"}],"wp:attachment":[{"href":"https:\/\/lekarzeopole.pl\/wordpress\/wp-json\/wp\/v2\/media?parent=1018"}],"wp:term":[{"taxonomy":"product_brand","embeddable":true,"href":"https:\/\/lekarzeopole.pl\/wordpress\/wp-json\/wp\/v2\/product_brand?post=1018"},{"taxonomy":"product_cat","embeddable":true,"href":"https:\/\/lekarzeopole.pl\/wordpress\/wp-json\/wp\/v2\/product_cat?post=1018"},{"taxonomy":"product_tag","embeddable":true,"href":"https:\/\/lekarzeopole.pl\/wordpress\/wp-json\/wp\/v2\/product_tag?post=1018"}],"curies":[{"name":"wp","href":"https:\/\/api.w.org\/{rel}","templated":true}]}}