{"id":1016,"date":"2024-08-01T18:37:01","date_gmt":"2024-08-01T18:37:01","guid":{"rendered":"https:\/\/lekarzeopole.pl\/wordpress\/?post_type=product&#038;p=1016"},"modified":"2024-08-01T18:37:03","modified_gmt":"2024-08-01T18:37:03","slug":"predstonorm","status":"publish","type":"product","link":"https:\/\/lekarzeopole.pl\/wordpress\/product\/predstonorm\/","title":{"rendered":"Predstonorm"},"content":{"rendered":"<div class=\"w-full text-token-text-primary\" dir=\"auto\" data-testid=\"conversation-turn-3\" data-scroll-anchor=\"false\">\n<div class=\"text-base py-[18px] px-3 md:px-4 m-auto md:px-5 lg:px-1 xl:px-5\">\n<div class=\"mx-auto flex flex-1 gap-4 text-base md:gap-5 lg:gap-6 md:max-w-3xl lg:max-w-[40rem] xl:max-w-[48rem]\">\n<div class=\"group\/conversation-turn relative flex w-full min-w-0 flex-col agent-turn\">\n<div class=\"flex-col gap-1 md:gap-3\">\n<div class=\"flex flex-grow flex-col max-w-full\">\n<div class=\"min-h-[20px] text-message flex w-full flex-col items-end gap-2 whitespace-pre-wrap break-words [.text-message+&amp;]:mt-5 overflow-x-auto\" dir=\"auto\" data-message-author-role=\"assistant\" data-message-id=\"88ada502-fc9d-4f8d-9a03-0a68bfe98763\">\n<div class=\"flex w-full flex-col gap-1 empty:hidden first:pt-[3px]\">\n<div class=\"markdown prose w-full break-words dark:prose-invert light\">\n<p>Prostata, znana r\u00f3wnie\u017c jako gruczo\u0142 krokowy, pe\u0142ni kluczow\u0105 rol\u0119 w m\u0119skim uk\u0142adzie rozrodczym. Problemy z prostat\u0105 mog\u0105 prowadzi\u0107 do powa\u017cnych konsekwencji zdrowotnych, takich jak zapalenie prostaty, trudno\u015bci w oddawaniu moczu, a nawet bezp\u0142odno\u015b\u0107. Jednym z najnowszych i najbardziej efektywnych rozwi\u0105za\u0144 na rynku jest Predstonorm \u2013 kapsu\u0142y od prostaty, kt\u00f3re oferuj\u0105 niezawodn\u0105 pomoc dzi\u0119ki naturalnym sk\u0142adnikom.<\/p>\n<h2>Wskazania do stosowania Predstonorm<\/h2>\n<p>Predstonorm jest zalecany w przypadku r\u00f3\u017cnorodnych problem\u00f3w z prostat\u0105, w tym:<\/p>\n<ul>\n<li><strong>Zapalenie prostaty<\/strong> \u2013 zar\u00f3wno ostre, jak i przewlek\u0142e.<\/li>\n<li><strong>\u0141agodny rozrost gruczo\u0142u krokowego (BPH)<\/strong> \u2013 stan, w kt\u00f3rym prostata powi\u0119ksza si\u0119, powoduj\u0105c trudno\u015bci w oddawaniu moczu.<\/li>\n<li><strong>Problemy z oddawaniem moczu<\/strong> \u2013 takie jak cz\u0119ste oddawanie moczu, nag\u0142e parcia na mocz, trudno\u015bci w rozpocz\u0119ciu i zako\u0144czeniu mikcji.<\/li>\n<li><strong>Zaburzenia seksualne<\/strong> \u2013 problemy z erekcj\u0105 oraz obni\u017cone libido spowodowane stanem zapalnym prostaty.<\/li>\n<\/ul>\n<p>Predstonorm jest szczeg\u00f3lnie polecany m\u0119\u017cczyznom powy\u017cej 40. roku \u017cycia, u kt\u00f3rych ryzyko wyst\u0105pienia problem\u00f3w z prostat\u0105 znacznie wzrasta.<\/p>\n<h2>Sk\u0142ad i dzia\u0142anie sk\u0142adnik\u00f3w Predstonorm<\/h2>\n<p>Predstonorm zawiera starannie dobrane naturalne sk\u0142adniki, kt\u00f3re synergicznie wspieraj\u0105 zdrowie prostaty. Oto najwa\u017cniejsze z nich:<\/p>\n<ol>\n<li><strong>Ekstrakt z palmy sabalowej<\/strong> \u2013 znany ze swoich w\u0142a\u015bciwo\u015bci przeciwzapalnych i przeciwdzia\u0142aj\u0105cych przerostowi gruczo\u0142u krokowego. Pomaga zmniejszy\u0107 objawy takie jak cz\u0119ste oddawanie moczu i uczucie niepe\u0142nego opr\u00f3\u017cnienia p\u0119cherza.<\/li>\n<li><strong>Ekstrakt z pokrzywy<\/strong> \u2013 ma dzia\u0142anie moczop\u0119dne, co pomaga w \u0142agodzeniu problem\u00f3w z oddawaniem moczu. Ponadto, pokrzywa wspiera uk\u0142ad odporno\u015bciowy i dzia\u0142a przeciwzapalnie.<\/li>\n<li><strong>Cynk<\/strong> \u2013 kluczowy minera\u0142 dla zdrowia prostaty. Cynk wp\u0142ywa na produkcj\u0119 testosteronu i ma w\u0142a\u015bciwo\u015bci antyoksydacyjne, chroni\u0105c kom\u00f3rki prostaty przed uszkodzeniami.<\/li>\n<li><strong>Witamina E<\/strong> \u2013 dzia\u0142a jako silny przeciwutleniacz, wspomagaj\u0105c zdrowie kom\u00f3rek i tkanki prostaty. Pomaga r\u00f3wnie\u017c w redukcji stan\u00f3w zapalnych.<\/li>\n<li><strong>Ekstrakt z pestek dyni<\/strong> \u2013 wspiera funkcje uk\u0142adu moczowego i hormonalnego. Ma dzia\u0142anie przeciwzapalne i przeciwutleniaj\u0105ce, co korzystnie wp\u0142ywa na zdrowie prostaty.<\/li>\n<\/ol>\n<h2>Efekty Predstonorm i ich charakterystyka<\/h2>\n<p>Regularne stosowanie Predstonorm przynosi wiele korzy\u015bci, w tym:<\/p>\n<ul>\n<li><strong>Redukcja stan\u00f3w zapalnych<\/strong> \u2013 naturalne sk\u0142adniki zawarte w Predstonorm skutecznie zmniejszaj\u0105 stany zapalne, co przek\u0142ada si\u0119 na mniejsze dolegliwo\u015bci b\u00f3lowe.<\/li>\n<li><strong>Poprawa funkcji moczowych<\/strong> \u2013 ekstrakty ro\u015blinne wspomagaj\u0105 prawid\u0142owe funkcjonowanie uk\u0142adu moczowego, zmniejszaj\u0105c cz\u0119stotliwo\u015b\u0107 i pilno\u015b\u0107 oddawania moczu.<\/li>\n<li><strong>Wzrost libido i poprawa funkcji seksualnych<\/strong> \u2013 zdrowa prostata jest kluczowa dla prawid\u0142owego funkcjonowania seksualnego. Predstonorm pomaga w przywr\u00f3ceniu r\u00f3wnowagi hormonalnej i poprawie libido.<\/li>\n<li><strong>Wsparcie og\u00f3lnego zdrowia prostaty<\/strong> \u2013 dzi\u0119ki zawarto\u015bci witamin i minera\u0142\u00f3w, Predstonorm dzia\u0142a wielokierunkowo, wspieraj\u0105c zdrowie prostaty na r\u00f3\u017cnych p\u0142aszczyznach.<\/li>\n<\/ul>\n<h2>Ryzyko skutk\u00f3w ubocznych<\/h2>\n<p>Predstonorm to preparat oparty na naturalnych sk\u0142adnikach, co minimalizuje ryzyko wyst\u0105pienia skutk\u00f3w ubocznych. W odr\u00f3\u017cnieniu od wielu lek\u00f3w syntetycznych, Predstonorm jest dobrze tolerowany przez organizm i rzadko powoduje niepo\u017c\u0105dane efekty. Niemniej jednak, jak w przypadku ka\u017cdego suplementu diety, zaleca si\u0119 konsultacj\u0119 z lekarzem przed rozpocz\u0119ciem stosowania, szczeg\u00f3lnie je\u015bli pacjent przyjmuje inne leki lub ma istniej\u0105ce schorzenia.<\/p>\n<p>Predstonorm oferuje bezpieczn\u0105 i skuteczn\u0105 pomoc w walce z problemami prostaty, wykorzystuj\u0105c moc naturalnych sk\u0142adnik\u00f3w. Jego regularne stosowanie mo\u017ce przynie\u015b\u0107 ulg\u0119 i poprawi\u0107 jako\u015b\u0107 \u017cycia m\u0119\u017cczyzn zmagaj\u0105cych si\u0119 z problemami zdrowotnymi tego wa\u017cnego gruczo\u0142u. Dzi\u0119ki unikalnemu sk\u0142adowi i minimalnym ryzyku skutk\u00f3w ubocznych, Predstonorm stanowi niezawodn\u0105 pomoc dla wszystkich, kt\u00f3rzy chc\u0105 zadba\u0107 o zdrowie swojej prostaty w naturalny spos\u00f3b.<\/p>\n<\/div>\n<\/div>\n<\/div>\n<\/div>\n<div class=\"mt-1 flex gap-3 empty:hidden -ml-2\">\n<div class=\"items-center justify-start rounded-xl p-1 z-10 -mt-1 bg-token-main-surface-primary md:absolute md:border md:border-token-border-light flex\"><\/div>\n<\/div>\n<\/div>\n<\/div>\n<\/div>\n<\/div>\n<\/div>\n<div class=\"w-full text-token-text-primary\" dir=\"auto\" data-testid=\"conversation-turn-5\" data-scroll-anchor=\"true\">\n<div class=\"text-base py-[18px] px-3 md:px-4 m-auto md:px-5 lg:px-1 xl:px-5\">\n<div class=\"mx-auto flex flex-1 gap-4 text-base md:gap-5 lg:gap-6 md:max-w-3xl lg:max-w-[40rem] xl:max-w-[48rem]\">\n<div class=\"flex-shrink-0 flex flex-col relative items-end\">\n<div>\n<div class=\"pt-0\">\n<div class=\"gizmo-bot-avatar flex h-8 w-8 items-center justify-center overflow-hidden rounded-full\">\n<div class=\"relative p-1 rounded-sm flex items-center justify-center bg-token-main-surface-primary text-token-text-primary h-8 w-8\" style=\"text-align: center;\"><a href=\"https:\/\/mandarv.com\/j5IS?sub1=sub1&amp;sub2=sub2&amp;sub3=sub3&amp;sub4=sub4&amp;sub5=sub5\"><button>www.predstonorm.pl<\/button><\/a><\/div>\n<\/div>\n<\/div>\n<\/div>\n<\/div>\n<div class=\"group\/conversation-turn relative flex w-full min-w-0 flex-col agent-turn\">\n<div class=\"flex-col gap-1 md:gap-3\">\n<div class=\"flex flex-grow flex-col max-w-full\">\n<div class=\"min-h-[20px] text-message flex w-full flex-col items-end gap-2 whitespace-pre-wrap break-words [.text-message+&amp;]:mt-5 overflow-x-auto\" dir=\"auto\" data-message-author-role=\"assistant\" data-message-id=\"3431e5ab-d0da-4606-a14c-6d595587fba9\">\n<div class=\"flex w-full flex-col gap-1 empty:hidden first:pt-[3px]\">\n<div class=\"markdown prose w-full break-words dark:prose-invert light\">\n<h2>Opinie klient\u00f3w o Predstonorm: fora po\u015bwi\u0119cone zdrowiu<\/h2>\n<p>W Polsce Predstonorm zyskuje coraz wi\u0119ksz\u0105 popularno\u015b\u0107 w\u015br\u00f3d m\u0119\u017cczyzn zmagaj\u0105cych si\u0119 z problemami prostaty. Na forach po\u015bwi\u0119conych zdrowiu mo\u017cna znale\u017a\u0107 wiele opinii na temat tego suplementu. Wi\u0119kszo\u015b\u0107 u\u017cytkownik\u00f3w opisuje pozytywne dzia\u0142anie Predstonorm, chwal\u0105c jego skuteczno\u015b\u0107 i dost\u0119pno\u015b\u0107. Oto kilka przyk\u0142ad\u00f3w opinii:<\/p>\n<ol>\n<li><strong>Janusz, 52 lata:<\/strong> \u201eOd kilku lat boryka\u0142em si\u0119 z problemami z prostat\u0105. Cz\u0119ste wizyty w toalecie w nocy by\u0142y bardzo uci\u0105\u017cliwe. Zacz\u0105\u0142em stosowa\u0107 Predstonorm na rekomendacj\u0119 kolegi i musz\u0119 powiedzie\u0107, \u017ce efekty przeros\u0142y moje oczekiwania. Ju\u017c po kilku tygodniach zauwa\u017cy\u0142em znaczn\u0105 popraw\u0119 \u2013 noce przesypiam spokojnie, a i podczas dnia nie musz\u0119 co chwil\u0119 biega\u0107 do toalety. Polecam ka\u017cdemu, kto ma podobne problemy.\u201d<\/li>\n<li><strong>Marek, 48 lat:<\/strong> \u201ePredstonorm to prawdziwe wybawienie. Mia\u0142em du\u017ce problemy z erekcj\u0105, co mocno odbija\u0142o si\u0119 na moim \u017cyciu intymnym. Po kilku miesi\u0105cach stosowania tych kapsu\u0142ek zauwa\u017cy\u0142em znaczn\u0105 popraw\u0119. Moja \u017cona r\u00f3wnie\u017c jest bardzo zadowolona. Dodatkowo podoba mi si\u0119, \u017ce produkt jest naturalny, wi\u0119c nie musz\u0119 si\u0119 martwi\u0107 o skutki uboczne.\u201d<\/li>\n<\/ol>\n<h2>Spos\u00f3b podawania i dawkowanie<\/h2>\n<p>Predstonorm jest \u0142atwy w u\u017cyciu i mo\u017ce by\u0107 stosowany bez specjalnych przygotowa\u0144. Zaleca si\u0119 przyjmowanie jednej kapsu\u0142ki dwa razy dziennie, najlepiej rano i wieczorem, popijaj\u0105c du\u017c\u0105 ilo\u015bci\u0105 wody. Aby uzyska\u0107 najlepsze efekty, wa\u017cne jest regularne stosowanie suplementu przez okres co najmniej 3 miesi\u0119cy. W przypadku jakichkolwiek w\u0105tpliwo\u015bci dotycz\u0105cych dawkowania, zawsze mo\u017cna skonsultowa\u0107 si\u0119 z lekarzem lub specjalist\u0105.<\/p>\n<h2>Kup teraz Predstonorm z dostaw\u0105<\/h2>\n<p>Zakup Predstonorm jest niezwykle prosty i wygodny dzi\u0119ki mo\u017cliwo\u015bci zakupu online. Nie ma potrzeby wcze\u015bniejszej p\u0142atno\u015bci \u2013 za produkt p\u0142acisz dopiero przy odbiorze, co eliminuje ryzyko otrzymania podr\u00f3bki. Zam\u00f3wienia realizowane s\u0105 szybko, a czas dostawy wynosi zazwyczaj 3-4 dni robocze na terenie ca\u0142ej Polski. Po z\u0142o\u017ceniu zam\u00f3wienia, specjalista z firmy skontaktuje si\u0119 z Tob\u0105 telefonicznie, aby potwierdzi\u0107 zam\u00f3wienie, udzieli\u0107 dodatkowych informacji na temat produktu oraz poinformowa\u0107 o ewentualnych promocjach i rabatach.<\/p>\n<p style=\"text-align: center;\"><a href=\"https:\/\/mandarv.com\/j5IS?sub1=sub1&amp;sub2=sub2&amp;sub3=sub3&amp;sub4=sub4&amp;sub5=sub5\"><button>Zakup na stronie producenta (-50%)<\/button><\/a><\/p>\n<h2>Por\u00f3wnanie ofert: ceny i dost\u0119pno\u015b\u0107 Predstonorm<\/h2>\n<p>Producent Predstonorm stawia na dost\u0119pno\u015b\u0107 i przyst\u0119pno\u015b\u0107 cenow\u0105 dla wszystkich klient\u00f3w. Dlatego suplement mo\u017cna kupi\u0107 bezpo\u015brednio na oficjalnej stronie producenta, co pozwala unikn\u0105\u0107 po\u015brednik\u00f3w i dodatkowych mar\u017c. Regularnie organizowane s\u0105 promocje i rabaty, dlatego warto odwiedza\u0107 stron\u0119 internetow\u0105 producenta, aby nie przegapi\u0107 atrakcyjnych ofert. Z tego powodu Predstonorm nie jest dost\u0119pny w stacjonarnych aptekach, co gwarantuje, \u017ce zawsze kupujesz oryginalny produkt w najlepszej cenie.<\/p>\n<p>Predstonorm to idealne rozwi\u0105zanie dla m\u0119\u017cczyzn, kt\u00f3rzy chc\u0105 zadba\u0107 o zdrowie swojej prostaty w naturalny i bezpieczny spos\u00f3b. Dzi\u0119ki \u0142atwemu dost\u0119powi, przyst\u0119pnej cenie i pozytywnym opiniom u\u017cytkownik\u00f3w, Predstonorm zyskuje coraz wi\u0119ksze uznanie na rynku suplement\u00f3w diety. Nie czekaj \u2013 zam\u00f3w Predstonorm ju\u017c dzi\u015b i przekonaj si\u0119 o jego skuteczno\u015bci!<\/p>\n<\/div>\n<\/div>\n<\/div>\n<\/div>\n<\/div>\n<\/div>\n<\/div>\n<\/div>\n<\/div>\n","protected":false},"excerpt":{"rendered":"<p style=\"text-align: center;\"><a href=\"https:\/\/mandarv.com\/j5IS?sub1=sub1&amp;sub2=sub2&amp;sub3=sub3&amp;sub4=sub4&amp;sub5=sub5\"><button>Kup teraz<\/button><\/a><\/p>\n<p>SKU:\u00a0<span class=\"sku\">789.005.884<\/span><\/p>\n<hr \/>\n<p><small>Produkt sprzedawany jest wy\u0142\u0105cznie za po\u015brednictwem oficjalnej strony producenta, id\u017a i kupuj bezpiecznie!<\/small><\/p>\n","protected":false},"featured_media":1017,"comment_status":"open","ping_status":"closed","template":"","meta":[],"product_brand":[],"product_cat":[15],"product_tag":[],"class_list":{"0":"post-1016","1":"product","2":"type-product","3":"status-publish","4":"has-post-thumbnail","6":"product_cat-supl","7":"thunk-woo-product-list","8":"opn-qv-enable","9":"top-store-woo-hover-","10":"top-store-single-product-tab-horizontal","11":"top-store-shadow-","12":"top-store-shadow-hover-","14":"first","15":"instock","16":"sale","17":"shipping-taxable","18":"purchasable","19":"product-type-simple"},"yoast_head":"<!-- This site is optimized with the Yoast SEO plugin v27.5 - https:\/\/yoast.com\/product\/yoast-seo-wordpress\/ -->\n<title>Predstonorm - kup suplement, cena w aptece, sk\u0142ad, dzia\u0142anie<\/title>\n<meta name=\"robots\" content=\"index, follow, max-snippet:-1, max-image-preview:large, max-video-preview:-1\" \/>\n<link rel=\"canonical\" href=\"https:\/\/lekarzeopole.pl\/wordpress\/product\/predstonorm\/\" \/>\n<meta property=\"og:locale\" content=\"pl_PL\" \/>\n<meta property=\"og:type\" content=\"article\" \/>\n<meta property=\"og:title\" content=\"Predstonorm - kup suplement, cena w aptece, sk\u0142ad, dzia\u0142anie\" \/>\n<meta property=\"og:description\" content=\"Kup teraz SKU:\u00a0789.005.884    Produkt sprzedawany jest wy\u0142\u0105cznie za po\u015brednictwem oficjalnej strony producenta, id\u017a i kupuj bezpiecznie!\" \/>\n<meta property=\"og:url\" content=\"https:\/\/lekarzeopole.pl\/wordpress\/product\/predstonorm\/\" \/>\n<meta property=\"og:site_name\" content=\"Lekarze Opole\" \/>\n<meta property=\"article:modified_time\" content=\"2024-08-01T18:37:03+00:00\" \/>\n<meta property=\"og:image\" content=\"https:\/\/lekarzeopole.pl\/wordpress\/wp-content\/uploads\/2024\/08\/predstonorm-4.webp\" \/>\n\t<meta property=\"og:image:width\" content=\"750\" \/>\n\t<meta property=\"og:image:height\" content=\"525\" \/>\n\t<meta property=\"og:image:type\" content=\"image\/webp\" \/>\n<meta name=\"twitter:card\" content=\"summary_large_image\" \/>\n<meta name=\"twitter:label1\" content=\"Szacowany czas czytania\" \/>\n\t<meta name=\"twitter:data1\" content=\"6 minut\" \/>\n<script type=\"application\/ld+json\" class=\"yoast-schema-graph\">{\"@context\":\"https:\\\/\\\/schema.org\",\"@graph\":[{\"@type\":\"WebPage\",\"@id\":\"https:\\\/\\\/lekarzeopole.pl\\\/wordpress\\\/product\\\/predstonorm\\\/\",\"url\":\"https:\\\/\\\/lekarzeopole.pl\\\/wordpress\\\/product\\\/predstonorm\\\/\",\"name\":\"Predstonorm - kup suplement, cena w aptece, sk\u0142ad, dzia\u0142anie\",\"isPartOf\":{\"@id\":\"https:\\\/\\\/lekarzeopole.pl\\\/wordpress\\\/#website\"},\"primaryImageOfPage\":{\"@id\":\"https:\\\/\\\/lekarzeopole.pl\\\/wordpress\\\/product\\\/predstonorm\\\/#primaryimage\"},\"image\":{\"@id\":\"https:\\\/\\\/lekarzeopole.pl\\\/wordpress\\\/product\\\/predstonorm\\\/#primaryimage\"},\"thumbnailUrl\":\"https:\\\/\\\/lekarzeopole.pl\\\/wordpress\\\/wp-content\\\/uploads\\\/2024\\\/08\\\/predstonorm-4.webp\",\"datePublished\":\"2024-08-01T18:37:01+00:00\",\"dateModified\":\"2024-08-01T18:37:03+00:00\",\"breadcrumb\":{\"@id\":\"https:\\\/\\\/lekarzeopole.pl\\\/wordpress\\\/product\\\/predstonorm\\\/#breadcrumb\"},\"inLanguage\":\"pl-PL\",\"potentialAction\":[{\"@type\":\"ReadAction\",\"target\":[\"https:\\\/\\\/lekarzeopole.pl\\\/wordpress\\\/product\\\/predstonorm\\\/\"]}]},{\"@type\":\"ImageObject\",\"inLanguage\":\"pl-PL\",\"@id\":\"https:\\\/\\\/lekarzeopole.pl\\\/wordpress\\\/product\\\/predstonorm\\\/#primaryimage\",\"url\":\"https:\\\/\\\/lekarzeopole.pl\\\/wordpress\\\/wp-content\\\/uploads\\\/2024\\\/08\\\/predstonorm-4.webp\",\"contentUrl\":\"https:\\\/\\\/lekarzeopole.pl\\\/wordpress\\\/wp-content\\\/uploads\\\/2024\\\/08\\\/predstonorm-4.webp\",\"width\":750,\"height\":525,\"caption\":\"Predstonorm\"},{\"@type\":\"BreadcrumbList\",\"@id\":\"https:\\\/\\\/lekarzeopole.pl\\\/wordpress\\\/product\\\/predstonorm\\\/#breadcrumb\",\"itemListElement\":[{\"@type\":\"ListItem\",\"position\":1,\"name\":\"\u0413\u043b\u0430\u0432\u043d\u0430\u044f \u0441\u0442\u0440\u0430\u043d\u0438\u0446\u0430\",\"item\":\"https:\\\/\\\/lekarzeopole.pl\\\/wordpress\\\/\"},{\"@type\":\"ListItem\",\"position\":2,\"name\":\"Zakup\",\"item\":\"https:\\\/\\\/lekarzeopole.pl\\\/wordpress\\\/\"},{\"@type\":\"ListItem\",\"position\":3,\"name\":\"Predstonorm\"}]},{\"@type\":\"WebSite\",\"@id\":\"https:\\\/\\\/lekarzeopole.pl\\\/wordpress\\\/#website\",\"url\":\"https:\\\/\\\/lekarzeopole.pl\\\/wordpress\\\/\",\"name\":\"Lekarze Opole\",\"description\":\"\",\"potentialAction\":[{\"@type\":\"SearchAction\",\"target\":{\"@type\":\"EntryPoint\",\"urlTemplate\":\"https:\\\/\\\/lekarzeopole.pl\\\/wordpress\\\/?s={search_term_string}\"},\"query-input\":{\"@type\":\"PropertyValueSpecification\",\"valueRequired\":true,\"valueName\":\"search_term_string\"}}],\"inLanguage\":\"pl-PL\"}]}<\/script>\n<!-- \/ Yoast SEO plugin. -->","yoast_head_json":{"title":"Predstonorm - kup suplement, cena w aptece, sk\u0142ad, dzia\u0142anie","robots":{"index":"index","follow":"follow","max-snippet":"max-snippet:-1","max-image-preview":"max-image-preview:large","max-video-preview":"max-video-preview:-1"},"canonical":"https:\/\/lekarzeopole.pl\/wordpress\/product\/predstonorm\/","og_locale":"pl_PL","og_type":"article","og_title":"Predstonorm - kup suplement, cena w aptece, sk\u0142ad, dzia\u0142anie","og_description":"Kup teraz SKU:\u00a0789.005.884    Produkt sprzedawany jest wy\u0142\u0105cznie za po\u015brednictwem oficjalnej strony producenta, id\u017a i kupuj bezpiecznie!","og_url":"https:\/\/lekarzeopole.pl\/wordpress\/product\/predstonorm\/","og_site_name":"Lekarze Opole","article_modified_time":"2024-08-01T18:37:03+00:00","og_image":[{"width":750,"height":525,"url":"https:\/\/lekarzeopole.pl\/wordpress\/wp-content\/uploads\/2024\/08\/predstonorm-4.webp","type":"image\/webp"}],"twitter_card":"summary_large_image","twitter_misc":{"Szacowany czas czytania":"6 minut"},"schema":{"@context":"https:\/\/schema.org","@graph":[{"@type":"WebPage","@id":"https:\/\/lekarzeopole.pl\/wordpress\/product\/predstonorm\/","url":"https:\/\/lekarzeopole.pl\/wordpress\/product\/predstonorm\/","name":"Predstonorm - kup suplement, cena w aptece, sk\u0142ad, dzia\u0142anie","isPartOf":{"@id":"https:\/\/lekarzeopole.pl\/wordpress\/#website"},"primaryImageOfPage":{"@id":"https:\/\/lekarzeopole.pl\/wordpress\/product\/predstonorm\/#primaryimage"},"image":{"@id":"https:\/\/lekarzeopole.pl\/wordpress\/product\/predstonorm\/#primaryimage"},"thumbnailUrl":"https:\/\/lekarzeopole.pl\/wordpress\/wp-content\/uploads\/2024\/08\/predstonorm-4.webp","datePublished":"2024-08-01T18:37:01+00:00","dateModified":"2024-08-01T18:37:03+00:00","breadcrumb":{"@id":"https:\/\/lekarzeopole.pl\/wordpress\/product\/predstonorm\/#breadcrumb"},"inLanguage":"pl-PL","potentialAction":[{"@type":"ReadAction","target":["https:\/\/lekarzeopole.pl\/wordpress\/product\/predstonorm\/"]}]},{"@type":"ImageObject","inLanguage":"pl-PL","@id":"https:\/\/lekarzeopole.pl\/wordpress\/product\/predstonorm\/#primaryimage","url":"https:\/\/lekarzeopole.pl\/wordpress\/wp-content\/uploads\/2024\/08\/predstonorm-4.webp","contentUrl":"https:\/\/lekarzeopole.pl\/wordpress\/wp-content\/uploads\/2024\/08\/predstonorm-4.webp","width":750,"height":525,"caption":"Predstonorm"},{"@type":"BreadcrumbList","@id":"https:\/\/lekarzeopole.pl\/wordpress\/product\/predstonorm\/#breadcrumb","itemListElement":[{"@type":"ListItem","position":1,"name":"\u0413\u043b\u0430\u0432\u043d\u0430\u044f \u0441\u0442\u0440\u0430\u043d\u0438\u0446\u0430","item":"https:\/\/lekarzeopole.pl\/wordpress\/"},{"@type":"ListItem","position":2,"name":"Zakup","item":"https:\/\/lekarzeopole.pl\/wordpress\/"},{"@type":"ListItem","position":3,"name":"Predstonorm"}]},{"@type":"WebSite","@id":"https:\/\/lekarzeopole.pl\/wordpress\/#website","url":"https:\/\/lekarzeopole.pl\/wordpress\/","name":"Lekarze Opole","description":"","potentialAction":[{"@type":"SearchAction","target":{"@type":"EntryPoint","urlTemplate":"https:\/\/lekarzeopole.pl\/wordpress\/?s={search_term_string}"},"query-input":{"@type":"PropertyValueSpecification","valueRequired":true,"valueName":"search_term_string"}}],"inLanguage":"pl-PL"}]}},"_links":{"self":[{"href":"https:\/\/lekarzeopole.pl\/wordpress\/wp-json\/wp\/v2\/product\/1016","targetHints":{"allow":["GET"]}}],"collection":[{"href":"https:\/\/lekarzeopole.pl\/wordpress\/wp-json\/wp\/v2\/product"}],"about":[{"href":"https:\/\/lekarzeopole.pl\/wordpress\/wp-json\/wp\/v2\/types\/product"}],"replies":[{"embeddable":true,"href":"https:\/\/lekarzeopole.pl\/wordpress\/wp-json\/wp\/v2\/comments?post=1016"}],"wp:featuredmedia":[{"embeddable":true,"href":"https:\/\/lekarzeopole.pl\/wordpress\/wp-json\/wp\/v2\/media\/1017"}],"wp:attachment":[{"href":"https:\/\/lekarzeopole.pl\/wordpress\/wp-json\/wp\/v2\/media?parent=1016"}],"wp:term":[{"taxonomy":"product_brand","embeddable":true,"href":"https:\/\/lekarzeopole.pl\/wordpress\/wp-json\/wp\/v2\/product_brand?post=1016"},{"taxonomy":"product_cat","embeddable":true,"href":"https:\/\/lekarzeopole.pl\/wordpress\/wp-json\/wp\/v2\/product_cat?post=1016"},{"taxonomy":"product_tag","embeddable":true,"href":"https:\/\/lekarzeopole.pl\/wordpress\/wp-json\/wp\/v2\/product_tag?post=1016"}],"curies":[{"name":"wp","href":"https:\/\/api.w.org\/{rel}","templated":true}]}}