{"id":1014,"date":"2024-08-01T18:31:24","date_gmt":"2024-08-01T18:31:24","guid":{"rendered":"https:\/\/lekarzeopole.pl\/wordpress\/?post_type=product&#038;p=1014"},"modified":"2024-08-01T18:31:26","modified_gmt":"2024-08-01T18:31:26","slug":"sedatol","status":"publish","type":"product","link":"https:\/\/lekarzeopole.pl\/wordpress\/product\/sedatol\/","title":{"rendered":"Sedatol"},"content":{"rendered":"<div class=\"w-full text-token-text-primary\" dir=\"auto\" data-testid=\"conversation-turn-3\" data-scroll-anchor=\"false\">\n<div class=\"text-base py-[18px] px-3 md:px-4 m-auto md:px-5 lg:px-1 xl:px-5\">\n<div class=\"mx-auto flex flex-1 gap-4 text-base md:gap-5 lg:gap-6 md:max-w-3xl lg:max-w-[40rem] xl:max-w-[48rem]\">\n<div class=\"group\/conversation-turn relative flex w-full min-w-0 flex-col agent-turn\">\n<div class=\"flex-col gap-1 md:gap-3\">\n<div class=\"flex flex-grow flex-col max-w-full\">\n<div class=\"min-h-[20px] text-message flex w-full flex-col items-end gap-2 whitespace-pre-wrap break-words [.text-message+&amp;]:mt-5 overflow-x-auto\" dir=\"auto\" data-message-author-role=\"assistant\" data-message-id=\"8a6fe36a-2135-4392-91c6-3fdddaf1e98f\">\n<div class=\"flex w-full flex-col gap-1 empty:hidden first:pt-[3px]\">\n<div class=\"markdown prose w-full break-words dark:prose-invert light\">\n<p>W dzisiejszym \u015bwiecie, pe\u0142nym stresu i niepokoju, wielu ludzi szuka naturalnych metod na popraw\u0119 swojego samopoczucia psychicznego. Sedatol, innowacyjny produkt w postaci kropli, oferuje w\u0142a\u015bnie to \u2013 skuteczne wsparcie oparte na naturalnych sk\u0142adnikach, kt\u00f3re pomagaj\u0105 stabilizowa\u0107 stan psychiczny, redukowa\u0107 napi\u0119cie nerwowe, przywraca\u0107 zdolno\u015b\u0107 do relaksu i poprawia\u0107 jako\u015b\u0107 snu.<\/p>\n<h2>Wskazania do Stosowania Sedatol<\/h2>\n<p>Sedatol to idealne rozwi\u0105zanie dla os\u00f3b zmagaj\u0105cych si\u0119 z:<\/p>\n<ul>\n<li>Nadmiernym stresem i napi\u0119ciem nerwowym<\/li>\n<li>Problemami ze snem i bezsenno\u015bci\u0105<\/li>\n<li>Trudno\u015bciami w relaksacji po ci\u0119\u017ckim dniu<\/li>\n<li>Chronicznym zm\u0119czeniem i wyczerpaniem psychicznym<\/li>\n<\/ul>\n<p>Dzi\u0119ki unikalnemu sk\u0142adowi, Sedatol dzia\u0142a kompleksowo na organizm, pomagaj\u0105c w osi\u0105gni\u0119ciu r\u00f3wnowagi psychicznej i fizycznej. Jego regularne stosowanie mo\u017ce przynie\u015b\u0107 ulg\u0119 i poprawi\u0107 jako\u015b\u0107 \u017cycia.<\/p>\n<h2>Sk\u0142ad i Dzia\u0142anie Sk\u0142adnik\u00f3w Sedatol<\/h2>\n<p>Sedatol zawiera starannie dobran\u0105 mieszank\u0119 ekstrakt\u00f3w ro\u015blinnych, kt\u00f3re wsp\u00f3\u0142dzia\u0142aj\u0105, aby zapewni\u0107 maksymaln\u0105 skuteczno\u015b\u0107. Oto pe\u0142na lista sk\u0142adnik\u00f3w i ich dzia\u0142anie:<\/p>\n<ol>\n<li><strong>Gliceryna (E422)<\/strong> &#8211; jako no\u015bnik, pomaga w stabilizacji i przechowywaniu aktywnych sk\u0142adnik\u00f3w, zapewniaj\u0105c ich d\u0142u\u017csz\u0105 trwa\u0142o\u015b\u0107.<\/li>\n<li><strong>Ekstrakt z Trawy Pustyrnika (Leonurus heartia L.)<\/strong> &#8211; dzia\u0142a koj\u0105co na uk\u0142ad nerwowy, pomagaj\u0105c w redukcji napi\u0119cia i stresu.<\/li>\n<li><strong>Ekstrakt z Li\u015bci Melisy (Melissa officinalis L.)<\/strong> &#8211; znana ze swoich w\u0142a\u015bciwo\u015bci uspokajaj\u0105cych, melisa wspomaga relaksacj\u0119 i popraw\u0119 jako\u015bci snu.<\/li>\n<li><strong>Ekstrakt z Kwiat\u00f3w Lawendy (Lavandula angustifolia L.)<\/strong> &#8211; lawenda ma dzia\u0142anie uspokajaj\u0105ce, \u0142agodzi stany l\u0119kowe i poprawia nastr\u00f3j.<\/li>\n<li><strong>Ekstrakt z Szyszek Chmielu (Humulus lupulus L.)<\/strong> &#8211; chmiel jest skuteczny w walce z bezsenno\u015bci\u0105, wspomaga g\u0142\u0119boki i regeneruj\u0105cy sen.<\/li>\n<li><strong>Ekstrakt z Cytryny (Citrus limon L.)<\/strong> &#8211; od\u015bwie\u017caj\u0105cy i energetyzuj\u0105cy, cytryna pomaga w redukcji zm\u0119czenia psychicznego.<\/li>\n<li><strong>Ekstrakt z Sk\u00f3rki Grejpfruta (Citrus maxima L.)<\/strong> &#8211; grejpfrut wspomaga detoksykacj\u0119 organizmu i dzia\u0142a antyoksydacyjnie.<\/li>\n<li><strong>Ekstrakt z Gorzkiego Pomara\u0144czy (Citrus aurantium L.)<\/strong> &#8211; ma w\u0142a\u015bciwo\u015bci uspokajaj\u0105ce i wspomaga relaksacj\u0119.<\/li>\n<li><strong>Ekstrakt z Owoc\u00f3w Czarnej Porzeczki (Ribes nigrum L.)<\/strong> &#8211; czarna porzeczka jest bogata w witaminy i antyoksydanty, kt\u00f3re wspieraj\u0105 uk\u0142ad odporno\u015bciowy.<\/li>\n<li><strong>Ekstrakt z Li\u015bci Werbeny (Verbena officinalis L.)<\/strong> &#8211; dzia\u0142a koj\u0105co na uk\u0142ad nerwowy, redukuj\u0105c stres i napi\u0119cie.<\/li>\n<li><strong>Ekstrakt z Dzikego Tymiana (Thymus serpyllum L.)<\/strong> &#8211; tymianek dziki ma w\u0142a\u015bciwo\u015bci antybakteryjne i wspiera zdrowie uk\u0142adu oddechowego.<\/li>\n<li><strong>Ekstrakt z Kwiat\u00f3w Rumianku (Chamomillae officinalis L.)<\/strong> &#8211; rumianek jest znany ze swoich w\u0142a\u015bciwo\u015bci uspokajaj\u0105cych i przeciwzapalnych.<\/li>\n<li><strong>Ekstrakt z Hibiskusa (Hibiscus sabdariffa L.)<\/strong> &#8211; hibiskus dzia\u0142a od\u015bwie\u017caj\u0105co i wspomaga zdrowie serca.<\/li>\n<li><strong>Ekstrakt z Korzenia Waleriany (Valeriana officinalis L.)<\/strong> &#8211; waleriana jest jednym z najskuteczniejszych naturalnych \u015brodk\u00f3w na bezsenno\u015b\u0107 i stres.<\/li>\n<li><strong>Benzoesan Sodu (E211)<\/strong> &#8211; jako konserwant, zapewnia stabilno\u015b\u0107 produktu.<\/li>\n<li><strong>Kwas Cytrynowy<\/strong> &#8211; naturalny konserwant, kt\u00f3ry dodatkowo wspiera detoksykacj\u0119 organizmu.<\/li>\n<\/ol>\n<h2>Efekty Sedatol i Ich Charakterystyka<\/h2>\n<p>Sedatol dzia\u0142a wielokierunkowo, przynosz\u0105c szereg pozytywnych efekt\u00f3w:<\/p>\n<ul>\n<li><strong>Redukcja Stresu i Napi\u0119cia<\/strong>: Dzi\u0119ki zawarto\u015bci melisy, lawendy i pustyrnika, Sedatol pomaga w skutecznej redukcji stresu i napi\u0119cia nerwowego.<\/li>\n<li><strong>Poprawa Jako\u015bci Snu<\/strong>: Ekstrakty z waleriany, chmielu i rumianku wspieraj\u0105 zdrowy i g\u0142\u0119boki sen, eliminuj\u0105c problemy z bezsenno\u015bci\u0105.<\/li>\n<li><strong>Wsparcie Relaksacji<\/strong>: Kombinacja melisy, werbeny i lawendy u\u0142atwia relaksacj\u0119 po ci\u0119\u017ckim dniu, pomagaj\u0105c w pe\u0142ni si\u0119 odpr\u0119\u017cy\u0107.<\/li>\n<li><strong>Od\u015bwie\u017cenie i Energetyzacja<\/strong>: Ekstrakty z cytryny, grejpfruta i hibiskusa dzia\u0142aj\u0105 od\u015bwie\u017caj\u0105co, dodaj\u0105c energii i poprawiaj\u0105c nastr\u00f3j.<\/li>\n<li><strong>Wsparcie Zdrowia Psychicznego i Fizycznego<\/strong>: Dzi\u0119ki zawarto\u015bci czarnej porzeczki, hibiskusa i tymianku dzikiego, Sedatol wspiera og\u00f3lne zdrowie i odporno\u015b\u0107 organizmu.<\/li>\n<\/ul>\n<h2>Ryzyko Skutk\u00f3w Ubocznych<\/h2>\n<p>Sedatol to produkt oparty na naturalnych sk\u0142adnikach, co minimalizuje ryzyko wyst\u0105pienia skutk\u00f3w ubocznych. Jego formu\u0142a zosta\u0142a starannie opracowana, aby zapewni\u0107 maksymalne bezpiecze\u0144stwo i skuteczno\u015b\u0107.<\/p>\n<p>Jednak, jak w przypadku ka\u017cdego suplementu, zaleca si\u0119 konsultacj\u0119 z lekarzem przed rozpocz\u0119ciem stosowania, zw\u0142aszcza w przypadku os\u00f3b z alergiami lub przewlek\u0142ymi schorzeniami.<\/p>\n<p>Sedatol to niezawodne wsparcie w walce ze stresem, napi\u0119ciem i problemami ze snem. Jego naturalne sk\u0142adniki dzia\u0142aj\u0105 synergistycznie, przynosz\u0105c ulg\u0119 i poprawiaj\u0105c jako\u015b\u0107 \u017cycia. Regularne stosowanie tych kropli mo\u017ce przynie\u015b\u0107 wymierne korzy\u015bci dla zdrowia psychicznego i fizycznego, pomagaj\u0105c odzyska\u0107 r\u00f3wnowag\u0119 i spok\u00f3j ducha.<\/p>\n<\/div>\n<\/div>\n<\/div>\n<\/div>\n<div class=\"mt-1 flex gap-3 empty:hidden -ml-2\">\n<div class=\"items-center justify-start rounded-xl p-1 z-10 -mt-1 bg-token-main-surface-primary md:absolute md:border md:border-token-border-light flex\"><\/div>\n<\/div>\n<\/div>\n<\/div>\n<\/div>\n<\/div>\n<\/div>\n<div class=\"w-full text-token-text-primary\" dir=\"auto\" data-testid=\"conversation-turn-5\" data-scroll-anchor=\"true\">\n<div class=\"text-base py-[18px] px-3 md:px-4 m-auto md:px-5 lg:px-1 xl:px-5\">\n<div class=\"mx-auto flex flex-1 gap-4 text-base md:gap-5 lg:gap-6 md:max-w-3xl lg:max-w-[40rem] xl:max-w-[48rem]\">\n<div class=\"flex-shrink-0 flex flex-col relative items-end\">\n<div>\n<div class=\"pt-0\">\n<div class=\"gizmo-bot-avatar flex h-8 w-8 items-center justify-center overflow-hidden rounded-full\">\n<div class=\"relative p-1 rounded-sm flex items-center justify-center bg-token-main-surface-primary text-token-text-primary h-8 w-8\" style=\"text-align: center;\"><a href=\"https:\/\/tl-track.com\/tracker\/uBUc\"><button>www.sedatol.pl<\/button><\/a><\/div>\n<\/div>\n<\/div>\n<\/div>\n<\/div>\n<div class=\"group\/conversation-turn relative flex w-full min-w-0 flex-col agent-turn\">\n<div class=\"flex-col gap-1 md:gap-3\">\n<div class=\"flex flex-grow flex-col max-w-full\">\n<div class=\"min-h-[20px] text-message flex w-full flex-col items-end gap-2 whitespace-pre-wrap break-words [.text-message+&amp;]:mt-5 overflow-x-auto\" dir=\"auto\" data-message-author-role=\"assistant\" data-message-id=\"271ad704-1962-49d5-b43c-fcf3cc14965f\">\n<div class=\"flex w-full flex-col gap-1 empty:hidden first:pt-[3px]\">\n<div class=\"markdown prose w-full break-words dark:prose-invert light\">\n<h2>Opinie Klient\u00f3w o Sedatol: Fora Po\u015bwi\u0119cone Zdrowiu<\/h2>\n<p>W dobie internetu, fora po\u015bwi\u0119cone zdrowiu i suplementacji staj\u0105 si\u0119 miejscem, gdzie u\u017cytkownicy dziel\u0105 si\u0119 swoimi do\u015bwiadczeniami i opiniami na temat r\u00f3\u017cnych produkt\u00f3w. Sedatol szybko zdobywa popularno\u015b\u0107 w\u015br\u00f3d klient\u00f3w w Polsce, co skutkuje licznymi pozytywnymi recenzjami na forach internetowych. Wi\u0119kszo\u015b\u0107 u\u017cytkownik\u00f3w opisuje korzystne dzia\u0142anie tego preparatu oraz jego \u0142atw\u0105 dost\u0119pno\u015b\u0107.<\/p>\n<p><strong>Opinie U\u017cytkownik\u00f3w:<\/strong><\/p>\n<ol>\n<li><strong>Anna, 34 lata<\/strong>: \u201eZdecydowa\u0142am si\u0119 wypr\u00f3bowa\u0107 Sedatol, gdy\u017c od d\u0142u\u017cszego czasu zmaga\u0142am si\u0119 z problemami ze snem. Ju\u017c po kilku dniach stosowania zauwa\u017cy\u0142am popraw\u0119. \u015api\u0119 spokojnie przez ca\u0142\u0105 noc, a rano budz\u0119 si\u0119 wypocz\u0119ta. Polecam ka\u017cdemu, kto potrzebuje naturalnej pomocy w walce ze stresem i bezsenno\u015bci\u0105.\u201d<\/li>\n<li><strong>Micha\u0142, 42 lata<\/strong>: \u201ePraca w korporacji wi\u0105\u017ce si\u0119 z du\u017cym stresem. Sedatol pom\u00f3g\u0142 mi zredukowa\u0107 napi\u0119cie i poprawi\u0107 koncentracj\u0119. Dodatkowo, smak jest przyjemny, a dawkowanie proste. Naprawd\u0119 warto spr\u00f3bowa\u0107!\u201d<\/li>\n<\/ol>\n<h2>Spos\u00f3b Podawania i Dawkowanie<\/h2>\n<p>Sedatol jest prosty w u\u017cyciu i mo\u017ce by\u0107 stosowany przez doros\u0142ych oraz m\u0142odzie\u017c powy\u017cej 12 roku \u017cycia. Zalecana dawka to 15-20 kropli, rozpuszczonych w niewielkiej ilo\u015bci wody, trzy razy dziennie. Krople nale\u017cy przyjmowa\u0107 na oko\u0142o 30 minut przed posi\u0142kiem lub snem. W przypadku dzieci poni\u017cej 12 roku \u017cycia, dawkowanie powinno by\u0107 skonsultowane z lekarzem.<\/p>\n<h2>Kup Teraz Sedatol z Dostaw\u0105<\/h2>\n<p>Zakup Sedatol online jest niezwykle prosty i wygodny. Nie ma potrzeby dokonywania przedp\u0142aty \u2013 p\u0142atno\u015b\u0107 nast\u0119puje przy odbiorze, co gwarantuje otrzymanie oryginalnego produktu bez ryzyka. Zam\u00f3wienia realizowane s\u0105 w ci\u0105gu 3-4 dni roboczych na terenie ca\u0142ej Polski. Ka\u017cdy zakup jest potwierdzany telefonicznie przez specjalist\u0119, kt\u00f3ry mo\u017ce r\u00f3wnie\u017c udzieli\u0107 konsultacji na temat dawkowania i dost\u0119pnych promocji.<\/p>\n<p style=\"text-align: center;\"><a href=\"https:\/\/tl-track.com\/tracker\/uBUc\"><button>Zakup na stronie producenta (-50%)<\/button><\/a><\/p>\n<h2>Por\u00f3wnanie Ofert: Ceny i Dost\u0119pno\u015b\u0107 Sedatol<\/h2>\n<p>Producent Sedatol stawia na dost\u0119pno\u015b\u0107 swojego produktu dla szerokiego grona odbiorc\u00f3w, dlatego mo\u017cna go kupi\u0107 bezpo\u015brednio na oficjalnej stronie internetowej, omijaj\u0105c po\u015brednik\u00f3w i dodatkowe mar\u017ce. Regularnie organizowane s\u0105 promocje, dlatego warto okresowo sprawdza\u0107 aktualne oferty. Sedatol nie jest dost\u0119pny w stacjonarnych aptekach, co pozwala na utrzymanie konkurencyjnych cen i wysokiej jako\u015bci obs\u0142ugi klienta.<\/p>\n<p>Sedatol to wyj\u0105tkowy produkt, kt\u00f3ry dzi\u0119ki naturalnym sk\u0142adnikom skutecznie pomaga w redukcji stresu, poprawie jako\u015bci snu i og\u00f3lnej relaksacji. Pozytywne opinie u\u017cytkownik\u00f3w, prostota zakupu oraz konkurencyjne ceny sprawiaj\u0105, \u017ce jest to suplement godny uwagi. Regularne stosowanie Sedatol mo\u017ce przynie\u015b\u0107 wymierne korzy\u015bci dla zdrowia psychicznego i fizycznego, co potwierdzaj\u0105 liczni zadowoleni klienci.<\/p>\n<\/div>\n<\/div>\n<\/div>\n<\/div>\n<\/div>\n<\/div>\n<\/div>\n<\/div>\n<\/div>\n","protected":false},"excerpt":{"rendered":"<p style=\"text-align: center;\"><a href=\"https:\/\/tl-track.com\/tracker\/uBUc\"><button>Kup teraz<\/button><\/a><\/p>\n<p>SKU:\u00a0<span class=\"sku\">789.005.883<\/span><\/p>\n<hr \/>\n<p><small>Produkt sprzedawany jest wy\u0142\u0105cznie za po\u015brednictwem oficjalnej strony producenta, id\u017a i kupuj bezpiecznie!<\/small><\/p>\n","protected":false},"featured_media":1015,"comment_status":"open","ping_status":"closed","template":"","meta":[],"product_brand":[],"product_cat":[15],"product_tag":[],"class_list":{"0":"post-1014","1":"product","2":"type-product","3":"status-publish","4":"has-post-thumbnail","6":"product_cat-supl","7":"thunk-woo-product-list","8":"opn-qv-enable","9":"top-store-woo-hover-","10":"top-store-single-product-tab-horizontal","11":"top-store-shadow-","12":"top-store-shadow-hover-","14":"first","15":"instock","16":"sale","17":"shipping-taxable","18":"purchasable","19":"product-type-simple"},"yoast_head":"<!-- This site is optimized with the Yoast SEO plugin v27.4 - https:\/\/yoast.com\/product\/yoast-seo-wordpress\/ -->\n<title>Sedatol - kup suplement, cena w aptece, sk\u0142ad, dzia\u0142anie<\/title>\n<meta name=\"robots\" content=\"index, follow, max-snippet:-1, max-image-preview:large, max-video-preview:-1\" \/>\n<link rel=\"canonical\" href=\"https:\/\/lekarzeopole.pl\/wordpress\/product\/sedatol\/\" \/>\n<meta property=\"og:locale\" content=\"pl_PL\" \/>\n<meta property=\"og:type\" content=\"article\" \/>\n<meta property=\"og:title\" content=\"Sedatol - kup suplement, cena w aptece, sk\u0142ad, dzia\u0142anie\" \/>\n<meta property=\"og:description\" content=\"Kup teraz SKU:\u00a0789.005.883    Produkt sprzedawany jest wy\u0142\u0105cznie za po\u015brednictwem oficjalnej strony producenta, id\u017a i kupuj bezpiecznie!\" \/>\n<meta property=\"og:url\" content=\"https:\/\/lekarzeopole.pl\/wordpress\/product\/sedatol\/\" \/>\n<meta property=\"og:site_name\" content=\"Lekarze Opole\" \/>\n<meta property=\"article:modified_time\" content=\"2024-08-01T18:31:26+00:00\" \/>\n<meta property=\"og:image\" content=\"https:\/\/lekarzeopole.pl\/wordpress\/wp-content\/uploads\/2024\/08\/sedatol.png\" \/>\n\t<meta property=\"og:image:width\" content=\"267\" \/>\n\t<meta property=\"og:image:height\" content=\"350\" \/>\n\t<meta property=\"og:image:type\" content=\"image\/png\" \/>\n<meta name=\"twitter:card\" content=\"summary_large_image\" \/>\n<meta name=\"twitter:label1\" content=\"Szacowany czas czytania\" \/>\n\t<meta name=\"twitter:data1\" content=\"6 minut\" \/>\n<script type=\"application\/ld+json\" class=\"yoast-schema-graph\">{\"@context\":\"https:\\\/\\\/schema.org\",\"@graph\":[{\"@type\":\"WebPage\",\"@id\":\"https:\\\/\\\/lekarzeopole.pl\\\/wordpress\\\/product\\\/sedatol\\\/\",\"url\":\"https:\\\/\\\/lekarzeopole.pl\\\/wordpress\\\/product\\\/sedatol\\\/\",\"name\":\"Sedatol - kup suplement, cena w aptece, sk\u0142ad, dzia\u0142anie\",\"isPartOf\":{\"@id\":\"https:\\\/\\\/lekarzeopole.pl\\\/wordpress\\\/#website\"},\"primaryImageOfPage\":{\"@id\":\"https:\\\/\\\/lekarzeopole.pl\\\/wordpress\\\/product\\\/sedatol\\\/#primaryimage\"},\"image\":{\"@id\":\"https:\\\/\\\/lekarzeopole.pl\\\/wordpress\\\/product\\\/sedatol\\\/#primaryimage\"},\"thumbnailUrl\":\"https:\\\/\\\/lekarzeopole.pl\\\/wordpress\\\/wp-content\\\/uploads\\\/2024\\\/08\\\/sedatol.png\",\"datePublished\":\"2024-08-01T18:31:24+00:00\",\"dateModified\":\"2024-08-01T18:31:26+00:00\",\"breadcrumb\":{\"@id\":\"https:\\\/\\\/lekarzeopole.pl\\\/wordpress\\\/product\\\/sedatol\\\/#breadcrumb\"},\"inLanguage\":\"pl-PL\",\"potentialAction\":[{\"@type\":\"ReadAction\",\"target\":[\"https:\\\/\\\/lekarzeopole.pl\\\/wordpress\\\/product\\\/sedatol\\\/\"]}]},{\"@type\":\"ImageObject\",\"inLanguage\":\"pl-PL\",\"@id\":\"https:\\\/\\\/lekarzeopole.pl\\\/wordpress\\\/product\\\/sedatol\\\/#primaryimage\",\"url\":\"https:\\\/\\\/lekarzeopole.pl\\\/wordpress\\\/wp-content\\\/uploads\\\/2024\\\/08\\\/sedatol.png\",\"contentUrl\":\"https:\\\/\\\/lekarzeopole.pl\\\/wordpress\\\/wp-content\\\/uploads\\\/2024\\\/08\\\/sedatol.png\",\"width\":267,\"height\":350,\"caption\":\"Sedatol\"},{\"@type\":\"BreadcrumbList\",\"@id\":\"https:\\\/\\\/lekarzeopole.pl\\\/wordpress\\\/product\\\/sedatol\\\/#breadcrumb\",\"itemListElement\":[{\"@type\":\"ListItem\",\"position\":1,\"name\":\"\u0413\u043b\u0430\u0432\u043d\u0430\u044f \u0441\u0442\u0440\u0430\u043d\u0438\u0446\u0430\",\"item\":\"https:\\\/\\\/lekarzeopole.pl\\\/wordpress\\\/\"},{\"@type\":\"ListItem\",\"position\":2,\"name\":\"Zakup\",\"item\":\"https:\\\/\\\/lekarzeopole.pl\\\/wordpress\\\/\"},{\"@type\":\"ListItem\",\"position\":3,\"name\":\"Sedatol\"}]},{\"@type\":\"WebSite\",\"@id\":\"https:\\\/\\\/lekarzeopole.pl\\\/wordpress\\\/#website\",\"url\":\"https:\\\/\\\/lekarzeopole.pl\\\/wordpress\\\/\",\"name\":\"Lekarze Opole\",\"description\":\"\",\"potentialAction\":[{\"@type\":\"SearchAction\",\"target\":{\"@type\":\"EntryPoint\",\"urlTemplate\":\"https:\\\/\\\/lekarzeopole.pl\\\/wordpress\\\/?s={search_term_string}\"},\"query-input\":{\"@type\":\"PropertyValueSpecification\",\"valueRequired\":true,\"valueName\":\"search_term_string\"}}],\"inLanguage\":\"pl-PL\"}]}<\/script>\n<!-- \/ Yoast SEO plugin. -->","yoast_head_json":{"title":"Sedatol - kup suplement, cena w aptece, sk\u0142ad, dzia\u0142anie","robots":{"index":"index","follow":"follow","max-snippet":"max-snippet:-1","max-image-preview":"max-image-preview:large","max-video-preview":"max-video-preview:-1"},"canonical":"https:\/\/lekarzeopole.pl\/wordpress\/product\/sedatol\/","og_locale":"pl_PL","og_type":"article","og_title":"Sedatol - kup suplement, cena w aptece, sk\u0142ad, dzia\u0142anie","og_description":"Kup teraz SKU:\u00a0789.005.883    Produkt sprzedawany jest wy\u0142\u0105cznie za po\u015brednictwem oficjalnej strony producenta, id\u017a i kupuj bezpiecznie!","og_url":"https:\/\/lekarzeopole.pl\/wordpress\/product\/sedatol\/","og_site_name":"Lekarze Opole","article_modified_time":"2024-08-01T18:31:26+00:00","og_image":[{"width":267,"height":350,"url":"https:\/\/lekarzeopole.pl\/wordpress\/wp-content\/uploads\/2024\/08\/sedatol.png","type":"image\/png"}],"twitter_card":"summary_large_image","twitter_misc":{"Szacowany czas czytania":"6 minut"},"schema":{"@context":"https:\/\/schema.org","@graph":[{"@type":"WebPage","@id":"https:\/\/lekarzeopole.pl\/wordpress\/product\/sedatol\/","url":"https:\/\/lekarzeopole.pl\/wordpress\/product\/sedatol\/","name":"Sedatol - kup suplement, cena w aptece, sk\u0142ad, dzia\u0142anie","isPartOf":{"@id":"https:\/\/lekarzeopole.pl\/wordpress\/#website"},"primaryImageOfPage":{"@id":"https:\/\/lekarzeopole.pl\/wordpress\/product\/sedatol\/#primaryimage"},"image":{"@id":"https:\/\/lekarzeopole.pl\/wordpress\/product\/sedatol\/#primaryimage"},"thumbnailUrl":"https:\/\/lekarzeopole.pl\/wordpress\/wp-content\/uploads\/2024\/08\/sedatol.png","datePublished":"2024-08-01T18:31:24+00:00","dateModified":"2024-08-01T18:31:26+00:00","breadcrumb":{"@id":"https:\/\/lekarzeopole.pl\/wordpress\/product\/sedatol\/#breadcrumb"},"inLanguage":"pl-PL","potentialAction":[{"@type":"ReadAction","target":["https:\/\/lekarzeopole.pl\/wordpress\/product\/sedatol\/"]}]},{"@type":"ImageObject","inLanguage":"pl-PL","@id":"https:\/\/lekarzeopole.pl\/wordpress\/product\/sedatol\/#primaryimage","url":"https:\/\/lekarzeopole.pl\/wordpress\/wp-content\/uploads\/2024\/08\/sedatol.png","contentUrl":"https:\/\/lekarzeopole.pl\/wordpress\/wp-content\/uploads\/2024\/08\/sedatol.png","width":267,"height":350,"caption":"Sedatol"},{"@type":"BreadcrumbList","@id":"https:\/\/lekarzeopole.pl\/wordpress\/product\/sedatol\/#breadcrumb","itemListElement":[{"@type":"ListItem","position":1,"name":"\u0413\u043b\u0430\u0432\u043d\u0430\u044f \u0441\u0442\u0440\u0430\u043d\u0438\u0446\u0430","item":"https:\/\/lekarzeopole.pl\/wordpress\/"},{"@type":"ListItem","position":2,"name":"Zakup","item":"https:\/\/lekarzeopole.pl\/wordpress\/"},{"@type":"ListItem","position":3,"name":"Sedatol"}]},{"@type":"WebSite","@id":"https:\/\/lekarzeopole.pl\/wordpress\/#website","url":"https:\/\/lekarzeopole.pl\/wordpress\/","name":"Lekarze Opole","description":"","potentialAction":[{"@type":"SearchAction","target":{"@type":"EntryPoint","urlTemplate":"https:\/\/lekarzeopole.pl\/wordpress\/?s={search_term_string}"},"query-input":{"@type":"PropertyValueSpecification","valueRequired":true,"valueName":"search_term_string"}}],"inLanguage":"pl-PL"}]}},"_links":{"self":[{"href":"https:\/\/lekarzeopole.pl\/wordpress\/wp-json\/wp\/v2\/product\/1014","targetHints":{"allow":["GET"]}}],"collection":[{"href":"https:\/\/lekarzeopole.pl\/wordpress\/wp-json\/wp\/v2\/product"}],"about":[{"href":"https:\/\/lekarzeopole.pl\/wordpress\/wp-json\/wp\/v2\/types\/product"}],"replies":[{"embeddable":true,"href":"https:\/\/lekarzeopole.pl\/wordpress\/wp-json\/wp\/v2\/comments?post=1014"}],"wp:featuredmedia":[{"embeddable":true,"href":"https:\/\/lekarzeopole.pl\/wordpress\/wp-json\/wp\/v2\/media\/1015"}],"wp:attachment":[{"href":"https:\/\/lekarzeopole.pl\/wordpress\/wp-json\/wp\/v2\/media?parent=1014"}],"wp:term":[{"taxonomy":"product_brand","embeddable":true,"href":"https:\/\/lekarzeopole.pl\/wordpress\/wp-json\/wp\/v2\/product_brand?post=1014"},{"taxonomy":"product_cat","embeddable":true,"href":"https:\/\/lekarzeopole.pl\/wordpress\/wp-json\/wp\/v2\/product_cat?post=1014"},{"taxonomy":"product_tag","embeddable":true,"href":"https:\/\/lekarzeopole.pl\/wordpress\/wp-json\/wp\/v2\/product_tag?post=1014"}],"curies":[{"name":"wp","href":"https:\/\/api.w.org\/{rel}","templated":true}]}}