{"id":1010,"date":"2024-08-01T18:21:18","date_gmt":"2024-08-01T18:21:18","guid":{"rendered":"https:\/\/lekarzeopole.pl\/wordpress\/?post_type=product&#038;p=1010"},"modified":"2024-08-01T18:21:20","modified_gmt":"2024-08-01T18:21:20","slug":"osteaction","status":"publish","type":"product","link":"https:\/\/lekarzeopole.pl\/wordpress\/product\/osteaction\/","title":{"rendered":"OsteAction"},"content":{"rendered":"<div class=\"w-full text-token-text-primary\" dir=\"auto\" data-testid=\"conversation-turn-3\" data-scroll-anchor=\"false\">\n<div class=\"text-base py-[18px] px-3 md:px-4 m-auto md:px-5 lg:px-1 xl:px-5\">\n<div class=\"mx-auto flex flex-1 gap-4 text-base md:gap-5 lg:gap-6 md:max-w-3xl lg:max-w-[40rem] xl:max-w-[48rem]\">\n<div class=\"group\/conversation-turn relative flex w-full min-w-0 flex-col agent-turn\">\n<div class=\"flex-col gap-1 md:gap-3\">\n<div class=\"flex flex-grow flex-col max-w-full\">\n<div class=\"min-h-[20px] text-message flex w-full flex-col items-end gap-2 whitespace-pre-wrap break-words [.text-message+&amp;]:mt-5 overflow-x-auto\" dir=\"auto\" data-message-author-role=\"assistant\" data-message-id=\"4c3fbc2d-ddf9-4c54-a1be-a15b8dc3f356\">\n<div class=\"flex w-full flex-col gap-1 empty:hidden first:pt-[3px]\">\n<div class=\"markdown prose w-full break-words dark:prose-invert light\">\n<p>B\u00f3l staw\u00f3w to problem, kt\u00f3ry dotyka miliony ludzi na ca\u0142ym \u015bwiecie. Niezale\u017cnie od tego, czy wynika z przewlek\u0142ego zapalenia staw\u00f3w, urazu czy starzenia si\u0119, dyskomfort zwi\u0105zany z b\u00f3lem staw\u00f3w mo\u017ce znacz\u0105co obni\u017cy\u0107 jako\u015b\u0107 \u017cycia. W odpowiedzi na t\u0119 potrzeb\u0119 powsta\u0142 OsteAction &#8211; krem do staw\u00f3w, kt\u00f3ry \u0142\u0105czy w sobie naturalne sk\u0142adniki o silnym dzia\u0142aniu przeciwzapalnym i przeciwb\u00f3lowym. W tej artykule przyjrzymy si\u0119 bli\u017cej, jak dzia\u0142a OsteAction, jakie s\u0105 jego sk\u0142adniki oraz jakie efekty mo\u017cna uzyska\u0107 dzi\u0119ki jego regularnemu stosowaniu.<\/p>\n<h2>Wskazania do stosowania OsteAction<\/h2>\n<p>OsteAction jest szczeg\u00f3lnie polecany dla os\u00f3b, kt\u00f3re:<\/p>\n<ul>\n<li>Cierpi\u0105 na przewlek\u0142e zapalenie staw\u00f3w.<\/li>\n<li>Maj\u0105 problemy z ruchomo\u015bci\u0105 staw\u00f3w.<\/li>\n<li>Do\u015bwiadczaj\u0105 sztywno\u015bci staw\u00f3w, zw\u0142aszcza rano.<\/li>\n<li>Cierpi\u0105 na b\u00f3le staw\u00f3w spowodowane urazami.<\/li>\n<li>Chc\u0105 zapobiec problemom ze stawami w przysz\u0142o\u015bci.<\/li>\n<\/ul>\n<p>Regularne stosowanie OsteAction pomaga z\u0142agodzi\u0107 b\u00f3l, poprawi\u0107 ruchomo\u015b\u0107 staw\u00f3w i zwi\u0119kszy\u0107 komfort codziennego \u017cycia. Krem ten mo\u017ce by\u0107 r\u00f3wnie\u017c stosowany profilaktycznie, aby zapobiec problemom ze stawami u os\u00f3b prowadz\u0105cych aktywny tryb \u017cycia lub nara\u017conych na intensywny wysi\u0142ek fizyczny.<\/p>\n<h2>Sk\u0142ad i dzia\u0142anie sk\u0142adnik\u00f3w OsteAction<\/h2>\n<p>OsteAction wyr\u00f3\u017cnia si\u0119 bogatym sk\u0142adem naturalnych sk\u0142adnik\u00f3w, kt\u00f3re wsp\u00f3\u0142pracuj\u0105, aby zapewni\u0107 maksymalne korzy\u015bci dla zdrowia staw\u00f3w. Oto niekt\u00f3re z kluczowych sk\u0142adnik\u00f3w i ich dzia\u0142anie:<\/p>\n<h3>Glukozamina<\/h3>\n<p>Glukozamina to naturalny zwi\u0105zek, kt\u00f3ry wyst\u0119puje w chrz\u0105stce stawowej. Wspomaga odbudow\u0119 chrz\u0105stki oraz dzia\u0142a przeciwzapalnie, co przyczynia si\u0119 do zmniejszenia b\u00f3lu i poprawy ruchomo\u015bci staw\u00f3w.<\/p>\n<h3>Chondroityna<\/h3>\n<p>Chondroityna jest kolejnym wa\u017cnym sk\u0142adnikiem chrz\u0105stki stawowej. Dzia\u0142a synergicznie z glukozamin\u0105, wspieraj\u0105c regeneracj\u0119 tkanek i zmniejszaj\u0105c stany zapalne.<\/p>\n<h3>Boswellia Serrata<\/h3>\n<p>Ekstrakt z Boswellia Serrata jest znany ze swoich silnych w\u0142a\u015bciwo\u015bci przeciwzapalnych. Pomaga w redukcji obrz\u0119k\u00f3w i b\u00f3lu staw\u00f3w, co jest szczeg\u00f3lnie korzystne dla os\u00f3b cierpi\u0105cych na zapalenie staw\u00f3w.<\/p>\n<h3>Kurkuma<\/h3>\n<p>Kurkuma zawiera kurkumin\u0119, kt\u00f3ra ma silne dzia\u0142anie przeciwzapalne i przeciwutleniaj\u0105ce. Pomaga w \u0142agodzeniu b\u00f3lu i ochronie staw\u00f3w przed uszkodzeniami oksydacyjnymi.<\/p>\n<h3>Witamina C<\/h3>\n<p>Witamina C jest niezb\u0119dna do produkcji kolagenu, kt\u00f3ry jest kluczowym bia\u0142kiem dla zdrowia staw\u00f3w. Dzia\u0142a r\u00f3wnie\u017c jako przeciwutleniacz, chroni\u0105c kom\u00f3rki przed szkodliwym dzia\u0142aniem wolnych rodnik\u00f3w.<\/p>\n<h3>Kwas hialuronowy<\/h3>\n<p>Kwas hialuronowy poprawia elastyczno\u015b\u0107 i nawil\u017cenie staw\u00f3w, co przyczynia si\u0119 do zmniejszenia tarcia i b\u00f3lu podczas ruchu.<\/p>\n<h2>Efekty OsteAction i ich charakterystyka<\/h2>\n<p>Stosowanie OsteAction przynosi szereg korzy\u015bci, kt\u00f3re mog\u0105 znacz\u0105co poprawi\u0107 jako\u015b\u0107 \u017cycia os\u00f3b z problemami stawowymi. Oto najwa\u017cniejsze efekty, jakie mo\u017cna osi\u0105gn\u0105\u0107 dzi\u0119ki regularnemu stosowaniu tego kremu:<\/p>\n<h3>Redukcja b\u00f3lu staw\u00f3w<\/h3>\n<p>Dzi\u0119ki silnym w\u0142a\u015bciwo\u015bciom przeciwzapalnym i przeciwb\u00f3lowym sk\u0142adnik\u00f3w OsteAction, u\u017cytkownicy mog\u0105 odczu\u0107 znaczn\u0105 ulg\u0119 w b\u00f3lu ju\u017c po kilku dniach stosowania.<\/p>\n<h3>Poprawa ruchomo\u015bci staw\u00f3w<\/h3>\n<p>Glukozamina, chondroityna i kwas hialuronowy wspomagaj\u0105 odbudow\u0119 chrz\u0105stki i poprawiaj\u0105 elastyczno\u015b\u0107 staw\u00f3w, co przek\u0142ada si\u0119 na lepsz\u0105 ruchomo\u015b\u0107 i mniejsz\u0105 sztywno\u015b\u0107.<\/p>\n<h3>Zmniejszenie stan\u00f3w zapalnych<\/h3>\n<p>Sk\u0142adniki takie jak Boswellia Serrata i kurkuma skutecznie redukuj\u0105 stany zapalne, co jest kluczowe dla os\u00f3b cierpi\u0105cych na zapalenie staw\u00f3w i inne przewlek\u0142e choroby staw\u00f3w.<\/p>\n<h3>Ochrona staw\u00f3w przed uszkodzeniami<\/h3>\n<p>Przeciwutleniacze zawarte w OsteAction, takie jak witamina C i kurkumina, chroni\u0105 kom\u00f3rki stawowe przed uszkodzeniami oksydacyjnymi, co przyczynia si\u0119 do d\u0142ugotrwa\u0142ego zdrowia staw\u00f3w.<\/p>\n<h3>Poprawa og\u00f3lnego komfortu \u017cycia<\/h3>\n<p>Redukcja b\u00f3lu, poprawa ruchomo\u015bci i zmniejszenie stan\u00f3w zapalnych przyczyniaj\u0105 si\u0119 do poprawy og\u00f3lnego komfortu \u017cycia, umo\u017cliwiaj\u0105c prowadzenie bardziej aktywnego i satysfakcjonuj\u0105cego trybu \u017cycia.<\/p>\n<h2>Ryzyko skutk\u00f3w ubocznych<\/h2>\n<p>Jednym z g\u0142\u00f3wnych atut\u00f3w OsteAction jest jego naturalny sk\u0142ad, co minimalizuje ryzyko wyst\u0105pienia skutk\u00f3w ubocznych. Dzi\u0119ki starannie dobranym sk\u0142adnikom pochodzenia naturalnego, krem jest bezpieczny dla wi\u0119kszo\u015bci os\u00f3b. Niemniej jednak, jak w przypadku ka\u017cdego suplementu, zaleca si\u0119 konsultacj\u0119 z lekarzem przed rozpocz\u0119ciem stosowania, zw\u0142aszcza w przypadku os\u00f3b z alergiami lub przyjmuj\u0105cych inne leki.<\/p>\n<p>OsteAction to innowacyjny krem do staw\u00f3w, kt\u00f3ry \u0142\u0105czy w sobie si\u0142\u0119 naturalnych sk\u0142adnik\u00f3w, aby zapewni\u0107 skuteczn\u0105 ulg\u0119 w b\u00f3lu i poprawi\u0107 zdrowie staw\u00f3w. Dzi\u0119ki regularnemu stosowaniu, u\u017cytkownicy mog\u0105 cieszy\u0107 si\u0119 lepsz\u0105 ruchomo\u015bci\u0105, mniejszym b\u00f3lem i og\u00f3ln\u0105 popraw\u0105 komfortu \u017cycia. OsteAction to niezawodna pomoc dla wszystkich, kt\u00f3rzy chc\u0105 zadba\u0107 o swoje stawy w naturalny i skuteczny spos\u00f3b.<\/p>\n<\/div>\n<\/div>\n<\/div>\n<\/div>\n<div class=\"mt-1 flex gap-3 empty:hidden -ml-2\">\n<div class=\"items-center justify-start rounded-xl p-1 z-10 -mt-1 bg-token-main-surface-primary md:absolute md:border md:border-token-border-light flex\"><\/div>\n<\/div>\n<\/div>\n<\/div>\n<\/div>\n<\/div>\n<\/div>\n<div class=\"w-full text-token-text-primary\" dir=\"auto\" data-testid=\"conversation-turn-5\" data-scroll-anchor=\"true\">\n<div class=\"text-base py-[18px] px-3 md:px-4 m-auto md:px-5 lg:px-1 xl:px-5\">\n<div class=\"mx-auto flex flex-1 gap-4 text-base md:gap-5 lg:gap-6 md:max-w-3xl lg:max-w-[40rem] xl:max-w-[48rem]\">\n<div class=\"flex-shrink-0 flex flex-col relative items-end\">\n<div>\n<div class=\"pt-0\">\n<div class=\"gizmo-bot-avatar flex h-8 w-8 items-center justify-center overflow-hidden rounded-full\">\n<div class=\"relative p-1 rounded-sm flex items-center justify-center bg-token-main-surface-primary text-token-text-primary h-8 w-8\" style=\"text-align: center;\"><a href=\"https:\/\/tl-track.com\/tracker\/uBU4\"><button>www.osteaction.pl<\/button><\/a><\/div>\n<\/div>\n<\/div>\n<\/div>\n<\/div>\n<div class=\"group\/conversation-turn relative flex w-full min-w-0 flex-col agent-turn\">\n<div class=\"flex-col gap-1 md:gap-3\">\n<div class=\"flex flex-grow flex-col max-w-full\">\n<div class=\"min-h-[20px] text-message flex w-full flex-col items-end gap-2 whitespace-pre-wrap break-words [.text-message+&amp;]:mt-5 overflow-x-auto\" dir=\"auto\" data-message-author-role=\"assistant\" data-message-id=\"52c67da0-e0b7-4899-a2d9-ec30a05e3dfb\">\n<div class=\"flex w-full flex-col gap-1 empty:hidden first:pt-[3px]\">\n<div class=\"markdown prose w-full break-words dark:prose-invert light\">\n<h2>Opinie klient\u00f3w o OsteAction: fora po\u015bwi\u0119cone zdrowiu<\/h2>\n<p>OsteAction zyskuje coraz wi\u0119ksz\u0105 popularno\u015b\u0107 na forach po\u015bwi\u0119conych zdrowiu w Polsce. U\u017cytkownicy dziel\u0105 si\u0119 swoimi do\u015bwiadczeniami, podkre\u015blaj\u0105c skuteczno\u015b\u0107 kremu i jego naturalny sk\u0142ad. Wi\u0119kszo\u015b\u0107 recenzji jest pozytywna, co \u015bwiadczy o wysokiej jako\u015bci produktu. Klienci doceniaj\u0105 nie tylko szybkie dzia\u0142anie, ale tak\u017ce \u0142atwo\u015b\u0107 zakupu i dost\u0119pno\u015b\u0107 produktu. Poni\u017cej zamieszczamy dwa przyk\u0142adowe pozytywne opinie u\u017cytkownik\u00f3w.<\/p>\n<p><strong>Opinie u\u017cytkownik\u00f3w:<\/strong><\/p>\n<ol>\n<li><strong>Anna, 45 lat:<\/strong> \u201ePo kilku tygodniach stosowania OsteAction zauwa\u017cy\u0142am znaczn\u0105 popraw\u0119. B\u00f3l w stawach, kt\u00f3ry towarzyszy\u0142 mi od lat, znacznie si\u0119 zmniejszy\u0142. Mog\u0119 znowu cieszy\u0107 si\u0119 aktywnym trybem \u017cycia bez ogranicze\u0144. Polecam ten krem ka\u017cdemu, kto boryka si\u0119 z problemami staw\u00f3w!\u201d<\/li>\n<li><strong>Marek, 58 lat:<\/strong> \u201eOsteAction to dla mnie prawdziwe odkrycie. Pr\u00f3bowa\u0142em wielu r\u00f3\u017cnych preparat\u00f3w, ale \u017caden nie dzia\u0142a\u0142 tak szybko i skutecznie. Ju\u017c po kilku aplikacjach poczu\u0142em ulg\u0119, a teraz regularnie stosuj\u0119 krem, aby utrzyma\u0107 zdrowie moich staw\u00f3w. Jestem bardzo zadowolony z efekt\u00f3w!\u201d<\/li>\n<\/ol>\n<h2>Spos\u00f3b podawania i dawkowanie<\/h2>\n<p>Stosowanie OsteAction jest niezwykle proste i wygodne. Krem nale\u017cy nanosi\u0107 bezpo\u015brednio na obszar dotkni\u0119ty b\u00f3lem lub sztywno\u015bci\u0105 staw\u00f3w. Zaleca si\u0119 stosowanie preparatu dwa razy dziennie, rano i wieczorem. Przed aplikacj\u0105 warto dok\u0142adnie umy\u0107 i osuszy\u0107 sk\u00f3r\u0119, aby sk\u0142adniki aktywne mog\u0142y lepiej si\u0119 wch\u0142on\u0105\u0107. Regularne stosowanie kremu pozwala na uzyskanie najlepszych rezultat\u00f3w i d\u0142ugotrwa\u0142\u0105 ulg\u0119 w b\u00f3lu.<\/p>\n<h2>Kup teraz OsteAction z dostaw\u0105<\/h2>\n<p>Zakup OsteAction jest niezwykle prosty i bezpieczny. Produkt mo\u017cna \u0142atwo zam\u00f3wi\u0107 online na oficjalnej stronie producenta. Co wa\u017cne, nie ma potrzeby dokonywania przedp\u0142aty \u2013 p\u0142atno\u015b\u0107 jest dokonywana przy odbiorze przesy\u0142ki, co gwarantuje otrzymanie oryginalnego produktu bez ryzyka. Dostawa na terenie Polski trwa zazwyczaj 3-4 dni. Dodatkowo, po z\u0142o\u017ceniu zam\u00f3wienia, specjalista skontaktuje si\u0119 telefonicznie w celu potwierdzenia zam\u00f3wienia oraz udzielenia ewentualnych porad dotycz\u0105cych dawkowania i dost\u0119pnych promocji.<\/p>\n<p style=\"text-align: center;\"><a href=\"https:\/\/tl-track.com\/tracker\/uBU4\"><button>Zakup na stronie producenta (-50%)<\/button><\/a><\/p>\n<h2>Por\u00f3wnanie ofert: ceny i dost\u0119pno\u015b\u0107 OsteAction<\/h2>\n<p>Producent OsteAction stawia na dost\u0119pno\u015b\u0107 i przyst\u0119pno\u015b\u0107 dla klient\u00f3w. Krem mo\u017cna kupi\u0107 bezpo\u015brednio na oficjalnej stronie producenta, co eliminuje konieczno\u015b\u0107 korzystania z po\u015brednik\u00f3w i unikni\u0119cia dodatkowych koszt\u00f3w. Dzi\u0119ki temu klienci maj\u0105 pewno\u015b\u0107, \u017ce otrzymuj\u0105 oryginalny produkt w najlepszej cenie. Producent regularnie oferuje atrakcyjne rabaty, dlatego warto okresowo sprawdza\u0107 aktualne promocje. Z tego powodu OsteAction nie jest dost\u0119pny w stacjonarnych aptekach \u2013 to gwarantuje najlepsz\u0105 cen\u0119 i pe\u0142n\u0105 dost\u0119pno\u015b\u0107 dla ka\u017cdego klienta.<\/p>\n<p>OsteAction to niezawodny krem do staw\u00f3w, kt\u00f3ry dzi\u0119ki naturalnym sk\u0142adnikom zapewnia skuteczne wsparcie dla zdrowia staw\u00f3w. \u0141atwo\u015b\u0107 zakupu, szybka dostawa i liczne pozytywne opinie klient\u00f3w sprawiaj\u0105, \u017ce jest to produkt godny polecenia ka\u017cdemu, kto chce zadba\u0107 o swoje stawy w naturalny i skuteczny spos\u00f3b.<\/p>\n<\/div>\n<\/div>\n<\/div>\n<\/div>\n<\/div>\n<\/div>\n<\/div>\n<\/div>\n<\/div>\n","protected":false},"excerpt":{"rendered":"<p style=\"text-align: center;\"><a href=\"https:\/\/tl-track.com\/tracker\/uBU4\"><button>Kup teraz<\/button><\/a><\/p>\n<p>SKU:\u00a0<span class=\"sku\">789.005.881<\/span><\/p>\n<hr \/>\n<p><small>Produkt sprzedawany jest wy\u0142\u0105cznie za po\u015brednictwem oficjalnej strony producenta, id\u017a i kupuj bezpiecznie!<\/small><\/p>\n","protected":false},"featured_media":1011,"comment_status":"open","ping_status":"closed","template":"","meta":[],"product_brand":[],"product_cat":[15],"product_tag":[],"class_list":{"0":"post-1010","1":"product","2":"type-product","3":"status-publish","4":"has-post-thumbnail","6":"product_cat-supl","7":"thunk-woo-product-list","8":"opn-qv-enable","9":"top-store-woo-hover-","10":"top-store-single-product-tab-horizontal","11":"top-store-shadow-","12":"top-store-shadow-hover-","14":"first","15":"instock","16":"sale","17":"shipping-taxable","18":"purchasable","19":"product-type-simple"},"yoast_head":"<!-- This site is optimized with the Yoast SEO plugin v27.4 - https:\/\/yoast.com\/product\/yoast-seo-wordpress\/ -->\n<title>OsteAction - kup suplement, cena w aptece, sk\u0142ad, dzia\u0142anie<\/title>\n<meta name=\"robots\" content=\"index, follow, max-snippet:-1, max-image-preview:large, max-video-preview:-1\" \/>\n<link rel=\"canonical\" href=\"https:\/\/lekarzeopole.pl\/wordpress\/product\/osteaction\/\" \/>\n<meta property=\"og:locale\" content=\"pl_PL\" \/>\n<meta property=\"og:type\" content=\"article\" \/>\n<meta property=\"og:title\" content=\"OsteAction - kup suplement, cena w aptece, sk\u0142ad, dzia\u0142anie\" \/>\n<meta property=\"og:description\" content=\"Kup teraz SKU:\u00a0789.005.881    Produkt sprzedawany jest wy\u0142\u0105cznie za po\u015brednictwem oficjalnej strony producenta, id\u017a i kupuj bezpiecznie!\" \/>\n<meta property=\"og:url\" content=\"https:\/\/lekarzeopole.pl\/wordpress\/product\/osteaction\/\" \/>\n<meta property=\"og:site_name\" content=\"Lekarze Opole\" \/>\n<meta property=\"article:modified_time\" content=\"2024-08-01T18:21:20+00:00\" \/>\n<meta property=\"og:image\" content=\"https:\/\/lekarzeopole.pl\/wordpress\/wp-content\/uploads\/2024\/08\/osteaction.png\" \/>\n\t<meta property=\"og:image:width\" content=\"700\" \/>\n\t<meta property=\"og:image:height\" content=\"700\" \/>\n\t<meta property=\"og:image:type\" content=\"image\/png\" \/>\n<meta name=\"twitter:card\" content=\"summary_large_image\" \/>\n<meta name=\"twitter:label1\" content=\"Szacowany czas czytania\" \/>\n\t<meta name=\"twitter:data1\" content=\"7 minut\" \/>\n<script type=\"application\/ld+json\" class=\"yoast-schema-graph\">{\"@context\":\"https:\\\/\\\/schema.org\",\"@graph\":[{\"@type\":\"WebPage\",\"@id\":\"https:\\\/\\\/lekarzeopole.pl\\\/wordpress\\\/product\\\/osteaction\\\/\",\"url\":\"https:\\\/\\\/lekarzeopole.pl\\\/wordpress\\\/product\\\/osteaction\\\/\",\"name\":\"OsteAction - kup suplement, cena w aptece, sk\u0142ad, dzia\u0142anie\",\"isPartOf\":{\"@id\":\"https:\\\/\\\/lekarzeopole.pl\\\/wordpress\\\/#website\"},\"primaryImageOfPage\":{\"@id\":\"https:\\\/\\\/lekarzeopole.pl\\\/wordpress\\\/product\\\/osteaction\\\/#primaryimage\"},\"image\":{\"@id\":\"https:\\\/\\\/lekarzeopole.pl\\\/wordpress\\\/product\\\/osteaction\\\/#primaryimage\"},\"thumbnailUrl\":\"https:\\\/\\\/lekarzeopole.pl\\\/wordpress\\\/wp-content\\\/uploads\\\/2024\\\/08\\\/osteaction.png\",\"datePublished\":\"2024-08-01T18:21:18+00:00\",\"dateModified\":\"2024-08-01T18:21:20+00:00\",\"breadcrumb\":{\"@id\":\"https:\\\/\\\/lekarzeopole.pl\\\/wordpress\\\/product\\\/osteaction\\\/#breadcrumb\"},\"inLanguage\":\"pl-PL\",\"potentialAction\":[{\"@type\":\"ReadAction\",\"target\":[\"https:\\\/\\\/lekarzeopole.pl\\\/wordpress\\\/product\\\/osteaction\\\/\"]}]},{\"@type\":\"ImageObject\",\"inLanguage\":\"pl-PL\",\"@id\":\"https:\\\/\\\/lekarzeopole.pl\\\/wordpress\\\/product\\\/osteaction\\\/#primaryimage\",\"url\":\"https:\\\/\\\/lekarzeopole.pl\\\/wordpress\\\/wp-content\\\/uploads\\\/2024\\\/08\\\/osteaction.png\",\"contentUrl\":\"https:\\\/\\\/lekarzeopole.pl\\\/wordpress\\\/wp-content\\\/uploads\\\/2024\\\/08\\\/osteaction.png\",\"width\":700,\"height\":700,\"caption\":\"OsteAction\"},{\"@type\":\"BreadcrumbList\",\"@id\":\"https:\\\/\\\/lekarzeopole.pl\\\/wordpress\\\/product\\\/osteaction\\\/#breadcrumb\",\"itemListElement\":[{\"@type\":\"ListItem\",\"position\":1,\"name\":\"\u0413\u043b\u0430\u0432\u043d\u0430\u044f \u0441\u0442\u0440\u0430\u043d\u0438\u0446\u0430\",\"item\":\"https:\\\/\\\/lekarzeopole.pl\\\/wordpress\\\/\"},{\"@type\":\"ListItem\",\"position\":2,\"name\":\"Zakup\",\"item\":\"https:\\\/\\\/lekarzeopole.pl\\\/wordpress\\\/\"},{\"@type\":\"ListItem\",\"position\":3,\"name\":\"OsteAction\"}]},{\"@type\":\"WebSite\",\"@id\":\"https:\\\/\\\/lekarzeopole.pl\\\/wordpress\\\/#website\",\"url\":\"https:\\\/\\\/lekarzeopole.pl\\\/wordpress\\\/\",\"name\":\"Lekarze Opole\",\"description\":\"\",\"potentialAction\":[{\"@type\":\"SearchAction\",\"target\":{\"@type\":\"EntryPoint\",\"urlTemplate\":\"https:\\\/\\\/lekarzeopole.pl\\\/wordpress\\\/?s={search_term_string}\"},\"query-input\":{\"@type\":\"PropertyValueSpecification\",\"valueRequired\":true,\"valueName\":\"search_term_string\"}}],\"inLanguage\":\"pl-PL\"}]}<\/script>\n<!-- \/ Yoast SEO plugin. -->","yoast_head_json":{"title":"OsteAction - kup suplement, cena w aptece, sk\u0142ad, dzia\u0142anie","robots":{"index":"index","follow":"follow","max-snippet":"max-snippet:-1","max-image-preview":"max-image-preview:large","max-video-preview":"max-video-preview:-1"},"canonical":"https:\/\/lekarzeopole.pl\/wordpress\/product\/osteaction\/","og_locale":"pl_PL","og_type":"article","og_title":"OsteAction - kup suplement, cena w aptece, sk\u0142ad, dzia\u0142anie","og_description":"Kup teraz SKU:\u00a0789.005.881    Produkt sprzedawany jest wy\u0142\u0105cznie za po\u015brednictwem oficjalnej strony producenta, id\u017a i kupuj bezpiecznie!","og_url":"https:\/\/lekarzeopole.pl\/wordpress\/product\/osteaction\/","og_site_name":"Lekarze Opole","article_modified_time":"2024-08-01T18:21:20+00:00","og_image":[{"width":700,"height":700,"url":"https:\/\/lekarzeopole.pl\/wordpress\/wp-content\/uploads\/2024\/08\/osteaction.png","type":"image\/png"}],"twitter_card":"summary_large_image","twitter_misc":{"Szacowany czas czytania":"7 minut"},"schema":{"@context":"https:\/\/schema.org","@graph":[{"@type":"WebPage","@id":"https:\/\/lekarzeopole.pl\/wordpress\/product\/osteaction\/","url":"https:\/\/lekarzeopole.pl\/wordpress\/product\/osteaction\/","name":"OsteAction - kup suplement, cena w aptece, sk\u0142ad, dzia\u0142anie","isPartOf":{"@id":"https:\/\/lekarzeopole.pl\/wordpress\/#website"},"primaryImageOfPage":{"@id":"https:\/\/lekarzeopole.pl\/wordpress\/product\/osteaction\/#primaryimage"},"image":{"@id":"https:\/\/lekarzeopole.pl\/wordpress\/product\/osteaction\/#primaryimage"},"thumbnailUrl":"https:\/\/lekarzeopole.pl\/wordpress\/wp-content\/uploads\/2024\/08\/osteaction.png","datePublished":"2024-08-01T18:21:18+00:00","dateModified":"2024-08-01T18:21:20+00:00","breadcrumb":{"@id":"https:\/\/lekarzeopole.pl\/wordpress\/product\/osteaction\/#breadcrumb"},"inLanguage":"pl-PL","potentialAction":[{"@type":"ReadAction","target":["https:\/\/lekarzeopole.pl\/wordpress\/product\/osteaction\/"]}]},{"@type":"ImageObject","inLanguage":"pl-PL","@id":"https:\/\/lekarzeopole.pl\/wordpress\/product\/osteaction\/#primaryimage","url":"https:\/\/lekarzeopole.pl\/wordpress\/wp-content\/uploads\/2024\/08\/osteaction.png","contentUrl":"https:\/\/lekarzeopole.pl\/wordpress\/wp-content\/uploads\/2024\/08\/osteaction.png","width":700,"height":700,"caption":"OsteAction"},{"@type":"BreadcrumbList","@id":"https:\/\/lekarzeopole.pl\/wordpress\/product\/osteaction\/#breadcrumb","itemListElement":[{"@type":"ListItem","position":1,"name":"\u0413\u043b\u0430\u0432\u043d\u0430\u044f \u0441\u0442\u0440\u0430\u043d\u0438\u0446\u0430","item":"https:\/\/lekarzeopole.pl\/wordpress\/"},{"@type":"ListItem","position":2,"name":"Zakup","item":"https:\/\/lekarzeopole.pl\/wordpress\/"},{"@type":"ListItem","position":3,"name":"OsteAction"}]},{"@type":"WebSite","@id":"https:\/\/lekarzeopole.pl\/wordpress\/#website","url":"https:\/\/lekarzeopole.pl\/wordpress\/","name":"Lekarze Opole","description":"","potentialAction":[{"@type":"SearchAction","target":{"@type":"EntryPoint","urlTemplate":"https:\/\/lekarzeopole.pl\/wordpress\/?s={search_term_string}"},"query-input":{"@type":"PropertyValueSpecification","valueRequired":true,"valueName":"search_term_string"}}],"inLanguage":"pl-PL"}]}},"_links":{"self":[{"href":"https:\/\/lekarzeopole.pl\/wordpress\/wp-json\/wp\/v2\/product\/1010","targetHints":{"allow":["GET"]}}],"collection":[{"href":"https:\/\/lekarzeopole.pl\/wordpress\/wp-json\/wp\/v2\/product"}],"about":[{"href":"https:\/\/lekarzeopole.pl\/wordpress\/wp-json\/wp\/v2\/types\/product"}],"replies":[{"embeddable":true,"href":"https:\/\/lekarzeopole.pl\/wordpress\/wp-json\/wp\/v2\/comments?post=1010"}],"wp:featuredmedia":[{"embeddable":true,"href":"https:\/\/lekarzeopole.pl\/wordpress\/wp-json\/wp\/v2\/media\/1011"}],"wp:attachment":[{"href":"https:\/\/lekarzeopole.pl\/wordpress\/wp-json\/wp\/v2\/media?parent=1010"}],"wp:term":[{"taxonomy":"product_brand","embeddable":true,"href":"https:\/\/lekarzeopole.pl\/wordpress\/wp-json\/wp\/v2\/product_brand?post=1010"},{"taxonomy":"product_cat","embeddable":true,"href":"https:\/\/lekarzeopole.pl\/wordpress\/wp-json\/wp\/v2\/product_cat?post=1010"},{"taxonomy":"product_tag","embeddable":true,"href":"https:\/\/lekarzeopole.pl\/wordpress\/wp-json\/wp\/v2\/product_tag?post=1010"}],"curies":[{"name":"wp","href":"https:\/\/api.w.org\/{rel}","templated":true}]}}