{"id":1006,"date":"2024-08-01T18:11:16","date_gmt":"2024-08-01T18:11:16","guid":{"rendered":"https:\/\/lekarzeopole.pl\/wordpress\/?post_type=product&#038;p=1006"},"modified":"2025-02-05T17:38:28","modified_gmt":"2025-02-05T17:38:28","slug":"glucolite","status":"publish","type":"product","link":"https:\/\/lekarzeopole.pl\/wordpress\/product\/glucolite\/","title":{"rendered":"Glucolite"},"content":{"rendered":"<div class=\"w-full text-token-text-primary\" dir=\"auto\" data-testid=\"conversation-turn-3\" data-scroll-anchor=\"false\">\n<div class=\"text-base py-[18px] px-3 md:px-4 m-auto md:px-5 lg:px-1 xl:px-5\">\n<div class=\"mx-auto flex flex-1 gap-4 text-base md:gap-5 lg:gap-6 md:max-w-3xl lg:max-w-[40rem] xl:max-w-[48rem]\">\n<div class=\"group\/conversation-turn relative flex w-full min-w-0 flex-col agent-turn\">\n<div class=\"flex-col gap-1 md:gap-3\">\n<div class=\"flex flex-grow flex-col max-w-full\">\n<div class=\"min-h-[20px] text-message flex w-full flex-col items-end gap-2 whitespace-pre-wrap break-words [.text-message+&amp;]:mt-5 overflow-x-auto\" dir=\"auto\" data-message-author-role=\"assistant\" data-message-id=\"57a9639e-39da-4cc5-86a4-f67f18b44633\">\n<div class=\"flex w-full flex-col gap-1 empty:hidden first:pt-[3px]\">\n<div class=\"markdown prose w-full break-words dark:prose-invert light\">\n<p>Glucolite to innowacyjny suplement diety, stworzony specjalnie z my\u015bl\u0105 o osobach cierpi\u0105cych na cukrzyc\u0119. Produkt ten jest szczeg\u00f3lnie polecany dla os\u00f3b zmagaj\u0105cych si\u0119 z problemem wysokiego poziomu cukru we krwi oraz dla tych, kt\u00f3rzy chc\u0105 poprawi\u0107 swoj\u0105 wra\u017cliwo\u015b\u0107 na insulin\u0119. Glucolite mo\u017ce by\u0107 stosowany jako uzupe\u0142nienie terapii farmakologicznej, jak r\u00f3wnie\u017c profilaktycznie przez osoby z grupy ryzyka, w tym z predyspozycjami genetycznymi do cukrzycy.<\/p>\n<p>G\u0142\u00f3wne wskazania do stosowania Glucolite obejmuj\u0105:<\/p>\n<ol>\n<li>Regulacja poziomu cukru we krwi.<\/li>\n<li>Poprawa wra\u017cliwo\u015bci na insulin\u0119.<\/li>\n<li>Redukcja objaw\u00f3w hiperglikemii.<\/li>\n<li>Wsparcie metabolizmu glukozy.<\/li>\n<li>Zapobieganie gwa\u0142townym skokom cukru we krwi.<\/li>\n<li>Wspomaganie utrzymania zr\u00f3wnowa\u017conego poziomu energii.<\/li>\n<li>Redukcja apetytu na s\u0142odycze.<\/li>\n<\/ol>\n<h2>Sk\u0142ad i dzia\u0142anie sk\u0142adnik\u00f3w Glucolite<\/h2>\n<p>Glucolite wyr\u00f3\u017cnia si\u0119 unikalnym sk\u0142adem, kt\u00f3ry \u0142\u0105czy naturalne sk\u0142adniki o udowodnionym dzia\u0142aniu wspomagaj\u0105cym regulacj\u0119 poziomu cukru we krwi. Ka\u017cdy sk\u0142adnik zosta\u0142 starannie dobrany, aby zapewni\u0107 maksymaln\u0105 skuteczno\u015b\u0107 produktu. W\u015br\u00f3d g\u0142\u00f3wnych komponent\u00f3w Glucolite znajduj\u0105 si\u0119:<\/p>\n<ol>\n<li><strong>Ekstrakt z kory cynamonu<\/strong> &#8211; znany ze swoich w\u0142a\u015bciwo\u015bci reguluj\u0105cych poziom glukozy, pomaga zwi\u0119kszy\u0107 wra\u017cliwo\u015b\u0107 na insulin\u0119 oraz wspiera metabolizm w\u0119glowodan\u00f3w.<\/li>\n<li><strong>Chrom<\/strong> &#8211; mineralny sk\u0142adnik odgrywaj\u0105cy kluczow\u0105 rol\u0119 w metabolizmie glukozy, pomaga w utrzymaniu prawid\u0142owego poziomu cukru we krwi.<\/li>\n<li><strong>Ekstrakt z li\u015bci banaba<\/strong> &#8211; zawiera kwas korosolowy, kt\u00f3ry wspiera transport glukozy do kom\u00f3rek, pomagaj\u0105c w ten spos\u00f3b obni\u017ca\u0107 poziom cukru we krwi.<\/li>\n<li><strong>Kwas alfa-liponowy<\/strong> &#8211; silny przeciwutleniacz, kt\u00f3ry wspomaga regeneracj\u0119 kom\u00f3rek trzustki oraz poprawia wra\u017cliwo\u015b\u0107 na insulin\u0119.<\/li>\n<li><strong>Biotyna<\/strong> &#8211; witamina z grupy B, kt\u00f3ra wspiera metabolizm glukozy oraz poprawia funkcje metaboliczne organizmu.<\/li>\n<li><strong>Ekstrakt z owoc\u00f3w gorzkiego melona<\/strong> &#8211; tradycyjnie stosowany w medycynie chi\u0144skiej, wspiera kontrol\u0119 poziomu cukru we krwi oraz poprawia og\u00f3ln\u0105 witalno\u015b\u0107.<\/li>\n<\/ol>\n<p>Ka\u017cdy z tych sk\u0142adnik\u00f3w dzia\u0142a synergistycznie, aby wspomaga\u0107 utrzymanie prawid\u0142owego poziomu cukru we krwi oraz poprawia\u0107 funkcjonowanie organizmu.<\/p>\n<h2>Efekty Glucolite i ich charakterystyka<\/h2>\n<p>Regularne stosowanie Glucolite przynosi wiele korzy\u015bci zdrowotnych, kt\u00f3re mog\u0105 znacz\u0105co poprawi\u0107 jako\u015b\u0107 \u017cycia os\u00f3b zmagaj\u0105cych si\u0119 z cukrzyc\u0105. Do najwa\u017cniejszych efekt\u00f3w dzia\u0142ania Glucolite nale\u017c\u0105:<\/p>\n<ol>\n<li><strong>Stabilizacja poziomu cukru we krwi<\/strong> &#8211; dzi\u0119ki zawarto\u015bci sk\u0142adnik\u00f3w takich jak ekstrakt z kory cynamonu i chrom, Glucolite pomaga utrzyma\u0107 stabilny poziom glukozy.<\/li>\n<li><strong>Poprawa wra\u017cliwo\u015bci na insulin\u0119<\/strong> &#8211; sk\u0142adniki takie jak kwas alfa-liponowy oraz ekstrakt z li\u015bci banaba wspomagaj\u0105 popraw\u0119 wra\u017cliwo\u015bci kom\u00f3rek na insulin\u0119.<\/li>\n<li><strong>Redukcja objaw\u00f3w hiperglikemii<\/strong> &#8211; Glucolite pomaga zmniejszy\u0107 objawy takie jak zm\u0119czenie, pragnienie i cz\u0119ste oddawanie moczu.<\/li>\n<li><strong>Wsparcie metabolizmu<\/strong> &#8211; biotyna i inne witaminy z grupy B zawarte w Glucolite wspieraj\u0105 prawid\u0142owy metabolizm w\u0119glowodan\u00f3w, bia\u0142ek i t\u0142uszcz\u00f3w.<\/li>\n<li><strong>Zwi\u0119kszenie poziomu energii<\/strong> &#8211; dzi\u0119ki stabilizacji poziomu cukru, u\u017cytkownicy mog\u0105 odczuwa\u0107 bardziej zr\u00f3wnowa\u017cony poziom energii w ci\u0105gu dnia.<\/li>\n<li><strong>Redukcja apetytu na s\u0142odycze<\/strong> &#8211; naturalne sk\u0142adniki pomagaj\u0105 zmniejszy\u0107 ochot\u0119 na niezdrowe przek\u0105ski, co sprzyja zdrowemu stylowi \u017cycia.<\/li>\n<\/ol>\n<h2>Ryzyko skutk\u00f3w ubocznych<\/h2>\n<p>Glucolite to produkt stworzony na bazie naturalnych sk\u0142adnik\u00f3w, co minimalizuje ryzyko wyst\u0105pienia skutk\u00f3w ubocznych. Sk\u0142adniki takie jak ekstrakt z kory cynamonu, chrom czy biotyna s\u0105 dobrze tolerowane przez organizm i rzadko powoduj\u0105 niepo\u017c\u0105dane reakcje. Niemniej jednak, jak w przypadku ka\u017cdego suplementu diety, istnieje mo\u017cliwo\u015b\u0107 wyst\u0105pienia indywidualnych reakcji alergicznych.<\/p>\n<p>Przed rozpocz\u0119ciem stosowania Glucolite zaleca si\u0119 skonsultowanie si\u0119 z lekarzem, zw\u0142aszcza je\u015bli u\u017cytkownik cierpi na jakiekolwiek schorzenia przewlek\u0142e lub przyjmuje inne leki. Wa\u017cne jest r\u00f3wnie\u017c przestrzeganie zalecanej dawki, aby unikn\u0105\u0107 potencjalnych interakcji i zapewni\u0107 maksymaln\u0105 skuteczno\u015b\u0107 produktu.<\/p>\n<p>Glucolite to innowacyjne rozwi\u0105zanie dla os\u00f3b zmagaj\u0105cych si\u0119 z cukrzyc\u0105, kt\u00f3re pragn\u0105 poprawi\u0107 swoje zdrowie i jako\u015b\u0107 \u017cycia. Dzi\u0119ki unikalnej mieszance naturalnych sk\u0142adnik\u00f3w, Glucolite wspiera regulacj\u0119 poziomu cukru we krwi, poprawia wra\u017cliwo\u015b\u0107 na insulin\u0119 i wspomaga og\u00f3lny metabolizm. Regularne stosowanie tego suplementu mo\u017ce przynie\u015b\u0107 liczne korzy\u015bci zdrowotne, minimalizuj\u0105c jednocze\u015bnie ryzyko skutk\u00f3w ubocznych. Glucolite to kompleksowe wsparcie w walce z cukrzyc\u0105 i zdrowy krok w kierunku lepszego \u017cycia.<\/p>\n<\/div>\n<\/div>\n<\/div>\n<\/div>\n<div class=\"mt-1 flex gap-3 empty:hidden -ml-2\">\n<div class=\"items-center justify-start rounded-xl p-1 z-10 -mt-1 bg-token-main-surface-primary md:absolute md:border md:border-token-border-light flex\"><\/div>\n<\/div>\n<\/div>\n<\/div>\n<\/div>\n<\/div>\n<\/div>\n<div class=\"w-full text-token-text-primary\" dir=\"auto\" data-testid=\"conversation-turn-5\" data-scroll-anchor=\"true\">\n<div class=\"text-base py-[18px] px-3 md:px-4 m-auto md:px-5 lg:px-1 xl:px-5\">\n<div class=\"mx-auto flex flex-1 gap-4 text-base md:gap-5 lg:gap-6 md:max-w-3xl lg:max-w-[40rem] xl:max-w-[48rem]\">\n<div class=\"flex-shrink-0 flex flex-col relative items-end\">\n<div>\n<div class=\"pt-0\">\n<div class=\"gizmo-bot-avatar flex h-8 w-8 items-center justify-center overflow-hidden rounded-full\">\n<div class=\"relative p-1 rounded-sm flex items-center justify-center bg-token-main-surface-primary text-token-text-primary h-8 w-8\" style=\"text-align: center;\"><a href=\"https:\/\/tl-track.com\/tracker\/uBUP\"><button>www.glucolite.pl<\/button><\/a><\/div>\n<\/div>\n<\/div>\n<\/div>\n<\/div>\n<div class=\"group\/conversation-turn relative flex w-full min-w-0 flex-col agent-turn\">\n<div class=\"flex-col gap-1 md:gap-3\">\n<div class=\"flex flex-grow flex-col max-w-full\">\n<div class=\"min-h-[20px] text-message flex w-full flex-col items-end gap-2 whitespace-pre-wrap break-words [.text-message+&amp;]:mt-5 overflow-x-auto\" dir=\"auto\" data-message-author-role=\"assistant\" data-message-id=\"92571799-0738-43e7-bfe4-3576288968ac\">\n<div class=\"flex w-full flex-col gap-1 empty:hidden first:pt-[3px]\">\n<div class=\"markdown prose w-full break-words dark:prose-invert light\">\n<h2>Opinie klient\u00f3w o Glucolite: fora po\u015bwi\u0119cone zdrowiu<\/h2>\n<p>Glucolite zyskuje coraz wi\u0119ksz\u0105 popularno\u015b\u0107 w Polsce, szczeg\u00f3lnie w\u015br\u00f3d os\u00f3b aktywnie uczestnicz\u0105cych w internetowych forach po\u015bwi\u0119conych zdrowiu. Wielu u\u017cytkownik\u00f3w dzieli si\u0119 swoimi do\u015bwiadczeniami i opiniami na temat tego suplementu, podkre\u015blaj\u0105c jego pozytywne dzia\u0142anie oraz \u0142atw\u0105 dost\u0119pno\u015b\u0107. Przegl\u0105daj\u0105c fora, mo\u017cna zauwa\u017cy\u0107, \u017ce wi\u0119kszo\u015b\u0107 u\u017cytkownik\u00f3w opisuje korzy\u015bci p\u0142yn\u0105ce ze stosowania Glucolite, w tym popraw\u0119 poziomu cukru we krwi, zwi\u0119kszon\u0105 energi\u0119 oraz zmniejszenie apetytu na s\u0142odycze.<\/p>\n<p><strong>Przyk\u0142adowe opinie:<\/strong><\/p>\n<ol>\n<li><strong>Anna, 45 lat:<\/strong> &#8222;Stosuj\u0119 Glucolite od kilku miesi\u0119cy i zauwa\u017cy\u0142am znaczn\u0105 popraw\u0119. Moje poziomy cukru we krwi s\u0105 bardziej stabilne, a ja czuj\u0119 si\u0119 bardziej energiczna. Bardzo polecam ten produkt wszystkim, kt\u00f3rzy maj\u0105 problemy z cukrzyc\u0105.&#8221;<\/li>\n<li><strong>Marek, 52 lata:<\/strong> &#8222;Zdecydowa\u0142em si\u0119 spr\u00f3bowa\u0107 Glucolite po przeczytaniu wielu pozytywnych opinii na forum. Nie zawiod\u0142em si\u0119. Produkt dzia\u0142a zgodnie z obietnicami, a ja czuj\u0119 si\u0119 lepiej ni\u017c kiedykolwiek. Dodatkowo, proces zakupu by\u0142 prosty i bezproblemowy.&#8221;<\/li>\n<\/ol>\n<h2>Spos\u00f3b podawania i dawkowanie<\/h2>\n<p>Aby osi\u0105gn\u0105\u0107 najlepsze rezultaty, wa\u017cne jest przestrzeganie zalece\u0144 dotycz\u0105cych stosowania Glucolite. Zaleca si\u0119 przyjmowanie dw\u00f3ch kapsu\u0142ek dziennie, najlepiej podczas posi\u0142ku, aby zapewni\u0107 optymalne wch\u0142anianie sk\u0142adnik\u00f3w. Dla uzyskania trwa\u0142ych efekt\u00f3w, regularne stosowanie jest kluczowe. Wa\u017cne jest, aby nie przekracza\u0107 zalecanej dawki, chyba \u017ce zaleci to lekarz.<\/p>\n<h2>Kup teraz Glucolite z dostaw\u0105<\/h2>\n<p>Zakup Glucolite jest niezwykle prosty i wygodny. Produkt mo\u017cna zam\u00f3wi\u0107 online, bez konieczno\u015bci wcze\u015bniejszej p\u0142atno\u015bci. Op\u0142ata za towar jest pobierana przy dostawie, co eliminuje ryzyko i zapewnia otrzymanie oryginalnego produktu. Dostawa trwa zazwyczaj 3-4 dni na terenie Polski. Po z\u0142o\u017ceniu zam\u00f3wienia, specjalista kontaktuje si\u0119 z klientem telefonicznie, aby potwierdzi\u0107 zam\u00f3wienie oraz udzieli\u0107 ewentualnych informacji na temat dost\u0119pnych promocji i ilo\u015bci produktu.<\/p>\n<p style=\"text-align: center;\"><a href=\"https:\/\/tl-track.com\/tracker\/uBUP\"><button>Zakup na stronie producenta (-50%)<\/button><\/a><\/p>\n<h2>Por\u00f3wnanie ofert: ceny i dost\u0119pno\u015b\u0107 Glucolite<\/h2>\n<p>Producent Glucolite stawia na pierwszym miejscu dost\u0119pno\u015b\u0107 produktu dla klient\u00f3w, dlatego suplement mo\u017cna zakupi\u0107 bezpo\u015brednio na oficjalnej stronie internetowej producenta. Dzi\u0119ki temu, kupuj\u0105cy unika dodatkowych koszt\u00f3w zwi\u0105zanych z po\u015brednikami oraz niepotrzebnymi mar\u017cami. Na stronie regularnie pojawiaj\u0105 si\u0119 r\u00f3\u017cne promocje i zni\u017cki, kt\u00f3rych aktualno\u015b\u0107 warto sprawdza\u0107 na bie\u017c\u0105co. Z tego powodu, Glucolite nie jest dost\u0119pny w stacjonarnych aptekach, co dodatkowo chroni przed zakupem podr\u00f3bek i gwarantuje najwy\u017csz\u0105 jako\u015b\u0107 produktu.<\/p>\n<p>Glucolite to naturalny suplement diety, kt\u00f3ry zdobywa coraz wi\u0119ksze uznanie w\u015br\u00f3d u\u017cytkownik\u00f3w dzi\u0119ki swojej skuteczno\u015bci i dost\u0119pno\u015bci. Opinie klient\u00f3w potwierdzaj\u0105 jego pozytywne dzia\u0142anie, a prostota zakupu online i bezpieczna dostawa czyni\u0105 go wygodnym wyborem dla ka\u017cdego. Dzi\u0119ki bezpo\u015bredniej sprzeda\u017cy od producenta, Glucolite jest dost\u0119pny w konkurencyjnej cenie, a regularne promocje dodatkowo zach\u0119caj\u0105 do jego wypr\u00f3bowania. Warto \u015bledzi\u0107 oficjaln\u0105 stron\u0119 producenta, aby by\u0107 na bie\u017c\u0105co z najnowszymi ofertami i cieszy\u0107 si\u0119 zdrowiem bez zb\u0119dnych koszt\u00f3w.<\/p>\n<\/div>\n<\/div>\n<\/div>\n<\/div>\n<\/div>\n<\/div>\n<\/div>\n<\/div>\n<\/div>\n","protected":false},"excerpt":{"rendered":"<p style=\"text-align: center;\"><a href=\"https:\/\/tl-track.com\/tracker\/uBUP\"><button>Kup teraz<\/button><\/a><\/p>\n<p>SKU:\u00a0<span class=\"sku\">789.005.879<\/span><\/p>\n<hr \/>\n<p><small>Produkt sprzedawany jest wy\u0142\u0105cznie za po\u015brednictwem oficjalnej strony producenta, id\u017a i kupuj bezpiecznie!<\/small><\/p>\n","protected":false},"featured_media":1121,"comment_status":"open","ping_status":"closed","template":"","meta":[],"product_brand":[],"product_cat":[15],"product_tag":[],"class_list":{"0":"post-1006","1":"product","2":"type-product","3":"status-publish","4":"has-post-thumbnail","6":"product_cat-supl","7":"thunk-woo-product-list","8":"opn-qv-enable","9":"top-store-woo-hover-","10":"top-store-single-product-tab-horizontal","11":"top-store-shadow-","12":"top-store-shadow-hover-","14":"first","15":"instock","16":"sale","17":"shipping-taxable","18":"purchasable","19":"product-type-simple"},"yoast_head":"<!-- This site is optimized with the Yoast SEO plugin v27.4 - https:\/\/yoast.com\/product\/yoast-seo-wordpress\/ -->\n<title>Glucolite - kup suplement, cena w aptece, sk\u0142ad, dzia\u0142anie<\/title>\n<meta name=\"robots\" content=\"index, follow, max-snippet:-1, max-image-preview:large, max-video-preview:-1\" \/>\n<link rel=\"canonical\" href=\"https:\/\/lekarzeopole.pl\/wordpress\/product\/glucolite\/\" \/>\n<meta property=\"og:locale\" content=\"pl_PL\" \/>\n<meta property=\"og:type\" content=\"article\" \/>\n<meta property=\"og:title\" content=\"Glucolite - kup suplement, cena w aptece, sk\u0142ad, dzia\u0142anie\" \/>\n<meta property=\"og:description\" content=\"Kup teraz SKU:\u00a0789.005.879    Produkt sprzedawany jest wy\u0142\u0105cznie za po\u015brednictwem oficjalnej strony producenta, id\u017a i kupuj bezpiecznie!\" \/>\n<meta property=\"og:url\" content=\"https:\/\/lekarzeopole.pl\/wordpress\/product\/glucolite\/\" \/>\n<meta property=\"og:site_name\" content=\"Lekarze Opole\" \/>\n<meta property=\"article:modified_time\" content=\"2025-02-05T17:38:28+00:00\" \/>\n<meta property=\"og:image\" content=\"https:\/\/lekarzeopole.pl\/wordpress\/wp-content\/uploads\/2024\/08\/glucolite-1.png\" \/>\n\t<meta property=\"og:image:width\" content=\"400\" \/>\n\t<meta property=\"og:image:height\" content=\"400\" \/>\n\t<meta property=\"og:image:type\" content=\"image\/png\" \/>\n<meta name=\"twitter:card\" content=\"summary_large_image\" \/>\n<meta name=\"twitter:label1\" content=\"Szacowany czas czytania\" \/>\n\t<meta name=\"twitter:data1\" content=\"7 minut\" \/>\n<script type=\"application\/ld+json\" class=\"yoast-schema-graph\">{\"@context\":\"https:\\\/\\\/schema.org\",\"@graph\":[{\"@type\":\"WebPage\",\"@id\":\"https:\\\/\\\/lekarzeopole.pl\\\/wordpress\\\/product\\\/glucolite\\\/\",\"url\":\"https:\\\/\\\/lekarzeopole.pl\\\/wordpress\\\/product\\\/glucolite\\\/\",\"name\":\"Glucolite - kup suplement, cena w aptece, sk\u0142ad, dzia\u0142anie\",\"isPartOf\":{\"@id\":\"https:\\\/\\\/lekarzeopole.pl\\\/wordpress\\\/#website\"},\"primaryImageOfPage\":{\"@id\":\"https:\\\/\\\/lekarzeopole.pl\\\/wordpress\\\/product\\\/glucolite\\\/#primaryimage\"},\"image\":{\"@id\":\"https:\\\/\\\/lekarzeopole.pl\\\/wordpress\\\/product\\\/glucolite\\\/#primaryimage\"},\"thumbnailUrl\":\"https:\\\/\\\/lekarzeopole.pl\\\/wordpress\\\/wp-content\\\/uploads\\\/2024\\\/08\\\/glucolite-1.png\",\"datePublished\":\"2024-08-01T18:11:16+00:00\",\"dateModified\":\"2025-02-05T17:38:28+00:00\",\"breadcrumb\":{\"@id\":\"https:\\\/\\\/lekarzeopole.pl\\\/wordpress\\\/product\\\/glucolite\\\/#breadcrumb\"},\"inLanguage\":\"pl-PL\",\"potentialAction\":[{\"@type\":\"ReadAction\",\"target\":[\"https:\\\/\\\/lekarzeopole.pl\\\/wordpress\\\/product\\\/glucolite\\\/\"]}]},{\"@type\":\"ImageObject\",\"inLanguage\":\"pl-PL\",\"@id\":\"https:\\\/\\\/lekarzeopole.pl\\\/wordpress\\\/product\\\/glucolite\\\/#primaryimage\",\"url\":\"https:\\\/\\\/lekarzeopole.pl\\\/wordpress\\\/wp-content\\\/uploads\\\/2024\\\/08\\\/glucolite-1.png\",\"contentUrl\":\"https:\\\/\\\/lekarzeopole.pl\\\/wordpress\\\/wp-content\\\/uploads\\\/2024\\\/08\\\/glucolite-1.png\",\"width\":400,\"height\":400,\"caption\":\"Glucolite\"},{\"@type\":\"BreadcrumbList\",\"@id\":\"https:\\\/\\\/lekarzeopole.pl\\\/wordpress\\\/product\\\/glucolite\\\/#breadcrumb\",\"itemListElement\":[{\"@type\":\"ListItem\",\"position\":1,\"name\":\"\u0413\u043b\u0430\u0432\u043d\u0430\u044f \u0441\u0442\u0440\u0430\u043d\u0438\u0446\u0430\",\"item\":\"https:\\\/\\\/lekarzeopole.pl\\\/wordpress\\\/\"},{\"@type\":\"ListItem\",\"position\":2,\"name\":\"Zakup\",\"item\":\"https:\\\/\\\/lekarzeopole.pl\\\/wordpress\\\/\"},{\"@type\":\"ListItem\",\"position\":3,\"name\":\"Glucolite\"}]},{\"@type\":\"WebSite\",\"@id\":\"https:\\\/\\\/lekarzeopole.pl\\\/wordpress\\\/#website\",\"url\":\"https:\\\/\\\/lekarzeopole.pl\\\/wordpress\\\/\",\"name\":\"Lekarze Opole\",\"description\":\"\",\"potentialAction\":[{\"@type\":\"SearchAction\",\"target\":{\"@type\":\"EntryPoint\",\"urlTemplate\":\"https:\\\/\\\/lekarzeopole.pl\\\/wordpress\\\/?s={search_term_string}\"},\"query-input\":{\"@type\":\"PropertyValueSpecification\",\"valueRequired\":true,\"valueName\":\"search_term_string\"}}],\"inLanguage\":\"pl-PL\"}]}<\/script>\n<!-- \/ Yoast SEO plugin. -->","yoast_head_json":{"title":"Glucolite - kup suplement, cena w aptece, sk\u0142ad, dzia\u0142anie","robots":{"index":"index","follow":"follow","max-snippet":"max-snippet:-1","max-image-preview":"max-image-preview:large","max-video-preview":"max-video-preview:-1"},"canonical":"https:\/\/lekarzeopole.pl\/wordpress\/product\/glucolite\/","og_locale":"pl_PL","og_type":"article","og_title":"Glucolite - kup suplement, cena w aptece, sk\u0142ad, dzia\u0142anie","og_description":"Kup teraz SKU:\u00a0789.005.879    Produkt sprzedawany jest wy\u0142\u0105cznie za po\u015brednictwem oficjalnej strony producenta, id\u017a i kupuj bezpiecznie!","og_url":"https:\/\/lekarzeopole.pl\/wordpress\/product\/glucolite\/","og_site_name":"Lekarze Opole","article_modified_time":"2025-02-05T17:38:28+00:00","og_image":[{"width":400,"height":400,"url":"https:\/\/lekarzeopole.pl\/wordpress\/wp-content\/uploads\/2024\/08\/glucolite-1.png","type":"image\/png"}],"twitter_card":"summary_large_image","twitter_misc":{"Szacowany czas czytania":"7 minut"},"schema":{"@context":"https:\/\/schema.org","@graph":[{"@type":"WebPage","@id":"https:\/\/lekarzeopole.pl\/wordpress\/product\/glucolite\/","url":"https:\/\/lekarzeopole.pl\/wordpress\/product\/glucolite\/","name":"Glucolite - kup suplement, cena w aptece, sk\u0142ad, dzia\u0142anie","isPartOf":{"@id":"https:\/\/lekarzeopole.pl\/wordpress\/#website"},"primaryImageOfPage":{"@id":"https:\/\/lekarzeopole.pl\/wordpress\/product\/glucolite\/#primaryimage"},"image":{"@id":"https:\/\/lekarzeopole.pl\/wordpress\/product\/glucolite\/#primaryimage"},"thumbnailUrl":"https:\/\/lekarzeopole.pl\/wordpress\/wp-content\/uploads\/2024\/08\/glucolite-1.png","datePublished":"2024-08-01T18:11:16+00:00","dateModified":"2025-02-05T17:38:28+00:00","breadcrumb":{"@id":"https:\/\/lekarzeopole.pl\/wordpress\/product\/glucolite\/#breadcrumb"},"inLanguage":"pl-PL","potentialAction":[{"@type":"ReadAction","target":["https:\/\/lekarzeopole.pl\/wordpress\/product\/glucolite\/"]}]},{"@type":"ImageObject","inLanguage":"pl-PL","@id":"https:\/\/lekarzeopole.pl\/wordpress\/product\/glucolite\/#primaryimage","url":"https:\/\/lekarzeopole.pl\/wordpress\/wp-content\/uploads\/2024\/08\/glucolite-1.png","contentUrl":"https:\/\/lekarzeopole.pl\/wordpress\/wp-content\/uploads\/2024\/08\/glucolite-1.png","width":400,"height":400,"caption":"Glucolite"},{"@type":"BreadcrumbList","@id":"https:\/\/lekarzeopole.pl\/wordpress\/product\/glucolite\/#breadcrumb","itemListElement":[{"@type":"ListItem","position":1,"name":"\u0413\u043b\u0430\u0432\u043d\u0430\u044f \u0441\u0442\u0440\u0430\u043d\u0438\u0446\u0430","item":"https:\/\/lekarzeopole.pl\/wordpress\/"},{"@type":"ListItem","position":2,"name":"Zakup","item":"https:\/\/lekarzeopole.pl\/wordpress\/"},{"@type":"ListItem","position":3,"name":"Glucolite"}]},{"@type":"WebSite","@id":"https:\/\/lekarzeopole.pl\/wordpress\/#website","url":"https:\/\/lekarzeopole.pl\/wordpress\/","name":"Lekarze Opole","description":"","potentialAction":[{"@type":"SearchAction","target":{"@type":"EntryPoint","urlTemplate":"https:\/\/lekarzeopole.pl\/wordpress\/?s={search_term_string}"},"query-input":{"@type":"PropertyValueSpecification","valueRequired":true,"valueName":"search_term_string"}}],"inLanguage":"pl-PL"}]}},"_links":{"self":[{"href":"https:\/\/lekarzeopole.pl\/wordpress\/wp-json\/wp\/v2\/product\/1006","targetHints":{"allow":["GET"]}}],"collection":[{"href":"https:\/\/lekarzeopole.pl\/wordpress\/wp-json\/wp\/v2\/product"}],"about":[{"href":"https:\/\/lekarzeopole.pl\/wordpress\/wp-json\/wp\/v2\/types\/product"}],"replies":[{"embeddable":true,"href":"https:\/\/lekarzeopole.pl\/wordpress\/wp-json\/wp\/v2\/comments?post=1006"}],"wp:featuredmedia":[{"embeddable":true,"href":"https:\/\/lekarzeopole.pl\/wordpress\/wp-json\/wp\/v2\/media\/1121"}],"wp:attachment":[{"href":"https:\/\/lekarzeopole.pl\/wordpress\/wp-json\/wp\/v2\/media?parent=1006"}],"wp:term":[{"taxonomy":"product_brand","embeddable":true,"href":"https:\/\/lekarzeopole.pl\/wordpress\/wp-json\/wp\/v2\/product_brand?post=1006"},{"taxonomy":"product_cat","embeddable":true,"href":"https:\/\/lekarzeopole.pl\/wordpress\/wp-json\/wp\/v2\/product_cat?post=1006"},{"taxonomy":"product_tag","embeddable":true,"href":"https:\/\/lekarzeopole.pl\/wordpress\/wp-json\/wp\/v2\/product_tag?post=1006"}],"curies":[{"name":"wp","href":"https:\/\/api.w.org\/{rel}","templated":true}]}}